{"id":8477,"date":"2019-07-06T10:53:22","date_gmt":"2019-07-06T08:53:22","guid":{"rendered":"https:\/\/sysmatec.ch\/produit\/hydrodish-et-oxodish\/"},"modified":"2021-12-18T16:49:21","modified_gmt":"2021-12-18T15:49:21","slug":"hydrodish-und-oxodish","status":"publish","type":"product","link":"https:\/\/sysmatec.ch\/de\/Produkt\/hydrodish-und-oxodish\/","title":{"rendered":"HydroDish und OxoDish"},"content":{"rendered":"<p>Sauerstoff (OxoPlate) und pH (HydroPlate) Sensoren sind am Boden Mikrotiterplatten (6 und 24 Wells) eingebaut. Sie werden mit dem <a href=\"https:\/\/sysmatec.ch\/German\/dD6_O2_CO2_Messung.html\">SDR Ger\u00e4t<\/a> ben\u00fctzt.<\/p>\n<p>Der HydroDish\u00ae HD24 ist ein Einweg-Polystyrol-Low-Well-Multidish. Am Boden jedes runden Wells sind vorkalibrierte pH-Sensoren integriert, die ber\u00fchrungslos mit dem SDR SensorDish\u00ae Reader durch den transparenten Schalenboden ausgelesen werden. Sie werden Beta-bestrahlt geliefert.<\/p>\n<p>HydroDish\u00ae HD6. Am Boden jedes runden Wells dieser 6-Well Multidish sind vorkalibrierte pH-Sensoren integriert und werden mit dem SDR SensorDish\u00ae Reader nicht-invasiv ausgelesen. Die HD6 werden beta-bestrahlt geliefert und k\u00f6nnen in einen Inkubator gestellt werden.<\/p>\n<p>Der OxoDish\u00ae OD24 ist ein Einweg-Polystyrol-Low-Well-Multidish. Am Boden jedes Wells sind vorkalibrierte Sauerstoffsensoren integriert, die mit dem SDR SensorDish\u00ae Reader ber\u00fchrungslos durch den transparenten Wellboden ausgelesen werden. Die OxoDishes\u00ae werden betabestrahlt geliefert.<\/p>\n<p>OxoDish\u00ae OD6. Diese 6-Well-Multidish verf\u00fcgt \u00fcber einen integrierten Sauerstoffsensor am Boden jedes Wells. Durch den transparenten Boden wird die OxoDish\u00ae mit dem SDR SensorDish\u00ae Reader ber\u00fchrungslos ausgelesen. Es k\u00f6nnen parallele Messungen in allen 6 Wells durchgef\u00fchrt werden. Die OD6 werden betabestrahlt und vorkalibriert geliefert.<\/p>\n<p>pH Messbereich: 6 \u00e0 8.5<\/p>\n<p>Sauerstoff Messbereich: 0-50 %<\/p>\n","protected":false},"excerpt":{"rendered":"<p>HydroDish und OxoDish<\/p>\n","protected":false},"featured_media":8472,"template":"","meta":{"_crdt_document":""},"product_brand":[],"product_cat":[159,279],"product_tag":[],"class_list":{"0":"post-8477","1":"product","2":"type-product","3":"status-publish","4":"has-post-thumbnail","6":"product_cat-kultur","7":"product_cat-verbrauchsmaterial","9":"first","10":"instock","11":"taxable","12":"shipping-taxable","13":"product-type-simple"},"yoast_head":"<!-- This site is optimized with the Yoast SEO plugin v27.4 - https:\/\/yoast.com\/product\/yoast-seo-wordpress\/ -->\n<title>HydroDish und OxoDish - Sysmatec<\/title>\n<meta name=\"description\" content=\"Mikrotiterplatte zur Messung von pH und gel\u00f6stem Sauerstoff. Die Ablesung erfolgt mit einem speziellen Ger\u00e4t, das in einen Inkubator gestellt werden kann.\" \/>\n<meta name=\"robots\" content=\"index, follow, max-snippet:-1, max-image-preview:large, max-video-preview:-1\" \/>\n<link rel=\"canonical\" href=\"https:\/\/sysmatec.ch\/de\/produit\/hydrodish-und-oxodish\/\" \/>\n<meta property=\"og:locale\" content=\"de_DE\" \/>\n<meta property=\"og:type\" content=\"article\" \/>\n<meta property=\"og:title\" content=\"HydroDish und OxoDish - Sysmatec\" \/>\n<meta property=\"og:description\" content=\"Mikrotiterplatte zur Messung von pH und gel\u00f6stem Sauerstoff. Die Ablesung erfolgt mit einem speziellen Ger\u00e4t, das in einen Inkubator gestellt werden kann.\" \/>\n<meta property=\"og:url\" content=\"https:\/\/sysmatec.ch\/de\/produit\/hydrodish-und-oxodish\/\" \/>\n<meta property=\"og:site_name\" content=\"Sysmatec\" \/>\n<meta property=\"article:modified_time\" content=\"2021-12-18T15:49:21+00:00\" \/>\n<meta property=\"og:image\" content=\"https:\/\/sysmatec.ch\/wp-content\/uploads\/2019\/07\/Consommable_PresensHydroDish.jpg\" \/>\n\t<meta property=\"og:image:width\" content=\"189\" \/>\n\t<meta property=\"og:image:height\" content=\"100\" \/>\n\t<meta property=\"og:image:type\" content=\"image\/jpeg\" \/>\n<meta name=\"twitter:card\" content=\"summary_large_image\" \/>\n<meta name=\"twitter:label1\" content=\"Gesch\u00e4tzte Lesezeit\" \/>\n\t<meta name=\"twitter:data1\" content=\"1\u00a0Minute\" \/>\n<script type=\"application\/ld+json\" class=\"yoast-schema-graph\">{\"@context\":\"https:\\\/\\\/schema.org\",\"@graph\":[{\"@type\":\"WebPage\",\"@id\":\"https:\\\/\\\/sysmatec.ch\\\/de\\\/produit\\\/hydrodish-und-oxodish\\\/\",\"url\":\"https:\\\/\\\/sysmatec.ch\\\/de\\\/produit\\\/hydrodish-und-oxodish\\\/\",\"name\":\"HydroDish und OxoDish - Sysmatec\",\"isPartOf\":{\"@id\":\"https:\\\/\\\/sysmatec.ch\\\/de\\\/#website\"},\"primaryImageOfPage\":{\"@id\":\"https:\\\/\\\/sysmatec.ch\\\/de\\\/produit\\\/hydrodish-und-oxodish\\\/#primaryimage\"},\"image\":{\"@id\":\"https:\\\/\\\/sysmatec.ch\\\/de\\\/produit\\\/hydrodish-und-oxodish\\\/#primaryimage\"},\"thumbnailUrl\":\"https:\\\/\\\/sysmatec.ch\\\/wp-content\\\/uploads\\\/2019\\\/07\\\/Consommable_PresensHydroDish.jpg\",\"datePublished\":\"2019-07-06T08:53:22+00:00\",\"dateModified\":\"2021-12-18T15:49:21+00:00\",\"description\":\"Mikrotiterplatte zur Messung von pH und gel\u00f6stem Sauerstoff. Die Ablesung erfolgt mit einem speziellen Ger\u00e4t, das in einen Inkubator gestellt werden kann.\",\"breadcrumb\":{\"@id\":\"https:\\\/\\\/sysmatec.ch\\\/de\\\/produit\\\/hydrodish-und-oxodish\\\/#breadcrumb\"},\"inLanguage\":\"de\",\"potentialAction\":[{\"@type\":\"ReadAction\",\"target\":[\"https:\\\/\\\/sysmatec.ch\\\/de\\\/produit\\\/hydrodish-und-oxodish\\\/\"]}]},{\"@type\":\"ImageObject\",\"inLanguage\":\"de\",\"@id\":\"https:\\\/\\\/sysmatec.ch\\\/de\\\/produit\\\/hydrodish-und-oxodish\\\/#primaryimage\",\"url\":\"https:\\\/\\\/sysmatec.ch\\\/wp-content\\\/uploads\\\/2019\\\/07\\\/Consommable_PresensHydroDish.jpg\",\"contentUrl\":\"https:\\\/\\\/sysmatec.ch\\\/wp-content\\\/uploads\\\/2019\\\/07\\\/Consommable_PresensHydroDish.jpg\",\"width\":189,\"height\":100},{\"@type\":\"BreadcrumbList\",\"@id\":\"https:\\\/\\\/sysmatec.ch\\\/de\\\/produit\\\/hydrodish-und-oxodish\\\/#breadcrumb\",\"itemListElement\":[{\"@type\":\"ListItem\",\"position\":1,\"name\":\"Accueil\",\"item\":\"https:\\\/\\\/sysmatec.ch\\\/de\\\/\"},{\"@type\":\"ListItem\",\"position\":2,\"name\":\"Die Aktivit\u00e4t von Sysmatec\",\"item\":\"https:\\\/\\\/sysmatec.ch\\\/de\\\/\"},{\"@type\":\"ListItem\",\"position\":3,\"name\":\"HydroDish und OxoDish\"}]},{\"@type\":\"WebSite\",\"@id\":\"https:\\\/\\\/sysmatec.ch\\\/de\\\/#website\",\"url\":\"https:\\\/\\\/sysmatec.ch\\\/de\\\/\",\"name\":\"Sysmatec\",\"description\":\"Equipement de laboratoire et logiciels\",\"publisher\":{\"@id\":\"https:\\\/\\\/sysmatec.ch\\\/de\\\/#organization\"},\"potentialAction\":[{\"@type\":\"SearchAction\",\"target\":{\"@type\":\"EntryPoint\",\"urlTemplate\":\"https:\\\/\\\/sysmatec.ch\\\/de\\\/?s={search_term_string}\"},\"query-input\":{\"@type\":\"PropertyValueSpecification\",\"valueRequired\":true,\"valueName\":\"search_term_string\"}}],\"inLanguage\":\"de\"},{\"@type\":\"Organization\",\"@id\":\"https:\\\/\\\/sysmatec.ch\\\/de\\\/#organization\",\"name\":\"Sysmatec\",\"url\":\"https:\\\/\\\/sysmatec.ch\\\/de\\\/\",\"logo\":{\"@type\":\"ImageObject\",\"inLanguage\":\"de\",\"@id\":\"https:\\\/\\\/sysmatec.ch\\\/de\\\/#\\\/schema\\\/logo\\\/image\\\/\",\"url\":\"https:\\\/\\\/sysmatec.ch\\\/wp-content\\\/uploads\\\/2018\\\/11\\\/LogoSysmatec.jpg\",\"contentUrl\":\"https:\\\/\\\/sysmatec.ch\\\/wp-content\\\/uploads\\\/2018\\\/11\\\/LogoSysmatec.jpg\",\"width\":301,\"height\":297,\"caption\":\"Sysmatec\"},\"image\":{\"@id\":\"https:\\\/\\\/sysmatec.ch\\\/de\\\/#\\\/schema\\\/logo\\\/image\\\/\"}}]}<\/script>\n<!-- \/ Yoast SEO plugin. -->","yoast_head_json":{"title":"HydroDish und OxoDish - Sysmatec","description":"Mikrotiterplatte zur Messung von pH und gel\u00f6stem Sauerstoff. Die Ablesung erfolgt mit einem speziellen Ger\u00e4t, das in einen Inkubator gestellt werden kann.","robots":{"index":"index","follow":"follow","max-snippet":"max-snippet:-1","max-image-preview":"max-image-preview:large","max-video-preview":"max-video-preview:-1"},"canonical":"https:\/\/sysmatec.ch\/de\/produit\/hydrodish-und-oxodish\/","og_locale":"de_DE","og_type":"article","og_title":"HydroDish und OxoDish - Sysmatec","og_description":"Mikrotiterplatte zur Messung von pH und gel\u00f6stem Sauerstoff. Die Ablesung erfolgt mit einem speziellen Ger\u00e4t, das in einen Inkubator gestellt werden kann.","og_url":"https:\/\/sysmatec.ch\/de\/produit\/hydrodish-und-oxodish\/","og_site_name":"Sysmatec","article_modified_time":"2021-12-18T15:49:21+00:00","og_image":[{"width":189,"height":100,"url":"https:\/\/sysmatec.ch\/wp-content\/uploads\/2019\/07\/Consommable_PresensHydroDish.jpg","type":"image\/jpeg"}],"twitter_card":"summary_large_image","twitter_misc":{"Gesch\u00e4tzte Lesezeit":"1\u00a0Minute"},"schema":{"@context":"https:\/\/schema.org","@graph":[{"@type":"WebPage","@id":"https:\/\/sysmatec.ch\/de\/produit\/hydrodish-und-oxodish\/","url":"https:\/\/sysmatec.ch\/de\/produit\/hydrodish-und-oxodish\/","name":"HydroDish und OxoDish - Sysmatec","isPartOf":{"@id":"https:\/\/sysmatec.ch\/de\/#website"},"primaryImageOfPage":{"@id":"https:\/\/sysmatec.ch\/de\/produit\/hydrodish-und-oxodish\/#primaryimage"},"image":{"@id":"https:\/\/sysmatec.ch\/de\/produit\/hydrodish-und-oxodish\/#primaryimage"},"thumbnailUrl":"https:\/\/sysmatec.ch\/wp-content\/uploads\/2019\/07\/Consommable_PresensHydroDish.jpg","datePublished":"2019-07-06T08:53:22+00:00","dateModified":"2021-12-18T15:49:21+00:00","description":"Mikrotiterplatte zur Messung von pH und gel\u00f6stem Sauerstoff. Die Ablesung erfolgt mit einem speziellen Ger\u00e4t, das in einen Inkubator gestellt werden kann.","breadcrumb":{"@id":"https:\/\/sysmatec.ch\/de\/produit\/hydrodish-und-oxodish\/#breadcrumb"},"inLanguage":"de","potentialAction":[{"@type":"ReadAction","target":["https:\/\/sysmatec.ch\/de\/produit\/hydrodish-und-oxodish\/"]}]},{"@type":"ImageObject","inLanguage":"de","@id":"https:\/\/sysmatec.ch\/de\/produit\/hydrodish-und-oxodish\/#primaryimage","url":"https:\/\/sysmatec.ch\/wp-content\/uploads\/2019\/07\/Consommable_PresensHydroDish.jpg","contentUrl":"https:\/\/sysmatec.ch\/wp-content\/uploads\/2019\/07\/Consommable_PresensHydroDish.jpg","width":189,"height":100},{"@type":"BreadcrumbList","@id":"https:\/\/sysmatec.ch\/de\/produit\/hydrodish-und-oxodish\/#breadcrumb","itemListElement":[{"@type":"ListItem","position":1,"name":"Accueil","item":"https:\/\/sysmatec.ch\/de\/"},{"@type":"ListItem","position":2,"name":"Die Aktivit\u00e4t von Sysmatec","item":"https:\/\/sysmatec.ch\/de\/"},{"@type":"ListItem","position":3,"name":"HydroDish und OxoDish"}]},{"@type":"WebSite","@id":"https:\/\/sysmatec.ch\/de\/#website","url":"https:\/\/sysmatec.ch\/de\/","name":"Sysmatec","description":"Equipement de laboratoire et logiciels","publisher":{"@id":"https:\/\/sysmatec.ch\/de\/#organization"},"potentialAction":[{"@type":"SearchAction","target":{"@type":"EntryPoint","urlTemplate":"https:\/\/sysmatec.ch\/de\/?s={search_term_string}"},"query-input":{"@type":"PropertyValueSpecification","valueRequired":true,"valueName":"search_term_string"}}],"inLanguage":"de"},{"@type":"Organization","@id":"https:\/\/sysmatec.ch\/de\/#organization","name":"Sysmatec","url":"https:\/\/sysmatec.ch\/de\/","logo":{"@type":"ImageObject","inLanguage":"de","@id":"https:\/\/sysmatec.ch\/de\/#\/schema\/logo\/image\/","url":"https:\/\/sysmatec.ch\/wp-content\/uploads\/2018\/11\/LogoSysmatec.jpg","contentUrl":"https:\/\/sysmatec.ch\/wp-content\/uploads\/2018\/11\/LogoSysmatec.jpg","width":301,"height":297,"caption":"Sysmatec"},"image":{"@id":"https:\/\/sysmatec.ch\/de\/#\/schema\/logo\/image\/"}}]}},"_links":{"self":[{"href":"https:\/\/sysmatec.ch\/de\/wp-json\/wp\/v2\/product\/8477","targetHints":{"allow":["GET"]}}],"collection":[{"href":"https:\/\/sysmatec.ch\/de\/wp-json\/wp\/v2\/product"}],"about":[{"href":"https:\/\/sysmatec.ch\/de\/wp-json\/wp\/v2\/types\/product"}],"wp:featuredmedia":[{"embeddable":true,"href":"https:\/\/sysmatec.ch\/de\/wp-json\/wp\/v2\/media\/8472"}],"wp:attachment":[{"href":"https:\/\/sysmatec.ch\/de\/wp-json\/wp\/v2\/media?parent=8477"}],"wp:term":[{"taxonomy":"product_brand","embeddable":true,"href":"https:\/\/sysmatec.ch\/de\/wp-json\/wp\/v2\/product_brand?post=8477"},{"taxonomy":"product_cat","embeddable":true,"href":"https:\/\/sysmatec.ch\/de\/wp-json\/wp\/v2\/product_cat?post=8477"},{"taxonomy":"product_tag","embeddable":true,"href":"https:\/\/sysmatec.ch\/de\/wp-json\/wp\/v2\/product_tag?post=8477"}],"curies":[{"name":"wp","href":"https:\/\/api.w.org\/{rel}","templated":true}]}}