{"id":8445,"date":"2019-07-06T09:57:07","date_gmt":"2019-07-06T07:57:07","guid":{"rendered":"https:\/\/sysmatec.ch\/produit\/tubes-de-centrifugation-qui-tiennent-tout-seuls-verticalement\/"},"modified":"2021-12-18T18:40:13","modified_gmt":"2021-12-18T17:40:13","slug":"self-standing-roehrchen","status":"publish","type":"product","link":"https:\/\/sysmatec.ch\/de\/Produkt\/self-standing-roehrchen\/","title":{"rendered":"Self-Standing-R\u00f6hrchen"},"content":{"rendered":"<p>Die 50 ml BluCapp selbststehende Zentrifugenr\u00f6hrchen haben einen konischen Boden zur leichteren Probenr\u00fcckgewinnung und sind selbststehend. Sie folgen den strengen Qualit\u00e4tsanforderungen der Capp und bieten deutlich sichtbare Volumenmarkierungen und eine 3\/4 Umdrehung-Verschluss. Sie k\u00f6nnen f\u00fcr die Probenlagerung und Zentrifugation verwendet werden. Diese 50 ml BlueCapp selbststehende Zentrifugenr\u00f6hrchen bieten eine gro\u00dfe Schreibfl\u00e4che und sind steril, in S\u00e4cken von 25 St\u00fcck, lieferbar.<\/p>\n<p>Ref. Nr. 5100060C BlueCapp 50ml, Gro\u00df, sterile, selbststehend, 20x25pcs<\/p>\n","protected":false},"excerpt":{"rendered":"<p>Self-Standing-R\u00f6hrchen<\/p>\n","protected":false},"featured_media":8437,"template":"","meta":{"_crdt_document":""},"product_brand":[],"product_cat":[279,388],"product_tag":[],"class_list":{"0":"post-8445","1":"product","2":"type-product","3":"status-publish","4":"has-post-thumbnail","6":"product_cat-verbrauchsmaterial","7":"product_cat-verteilung","9":"first","10":"instock","11":"taxable","12":"shipping-taxable","13":"product-type-simple"},"yoast_head":"<!-- This site is optimized with the Yoast SEO plugin v27.4 - https:\/\/yoast.com\/product\/yoast-seo-wordpress\/ -->\n<title>Self-Standing-R\u00f6hrchen - Sysmatec<\/title>\n<meta name=\"description\" content=\"Zentrifugenr\u00f6hrchen, die ohne Unterst\u00fctzung von selbst senkrecht stehen. Volumen 50ml. Schnelles Schlie\u00dfen. Steril geliefert.\" \/>\n<meta name=\"robots\" content=\"index, follow, max-snippet:-1, max-image-preview:large, max-video-preview:-1\" \/>\n<link rel=\"canonical\" href=\"https:\/\/sysmatec.ch\/de\/produit\/self-standing-roehrchen\/\" \/>\n<meta property=\"og:locale\" content=\"de_DE\" \/>\n<meta property=\"og:type\" content=\"article\" \/>\n<meta property=\"og:title\" content=\"Self-Standing-R\u00f6hrchen - Sysmatec\" \/>\n<meta property=\"og:description\" content=\"Zentrifugenr\u00f6hrchen, die ohne Unterst\u00fctzung von selbst senkrecht stehen. Volumen 50ml. Schnelles Schlie\u00dfen. Steril geliefert.\" \/>\n<meta property=\"og:url\" content=\"https:\/\/sysmatec.ch\/de\/produit\/self-standing-roehrchen\/\" \/>\n<meta property=\"og:site_name\" content=\"Sysmatec\" \/>\n<meta property=\"article:modified_time\" content=\"2021-12-18T17:40:13+00:00\" \/>\n<meta property=\"og:image\" content=\"https:\/\/sysmatec.ch\/wp-content\/uploads\/2019\/07\/Consommable_CappBlueCapp2.jpg\" \/>\n\t<meta property=\"og:image:width\" content=\"161\" \/>\n\t<meta property=\"og:image:height\" content=\"239\" \/>\n\t<meta property=\"og:image:type\" content=\"image\/jpeg\" \/>\n<meta name=\"twitter:card\" content=\"summary_large_image\" \/>\n<script type=\"application\/ld+json\" class=\"yoast-schema-graph\">{\"@context\":\"https:\\\/\\\/schema.org\",\"@graph\":[{\"@type\":\"WebPage\",\"@id\":\"https:\\\/\\\/sysmatec.ch\\\/de\\\/produit\\\/self-standing-roehrchen\\\/\",\"url\":\"https:\\\/\\\/sysmatec.ch\\\/de\\\/produit\\\/self-standing-roehrchen\\\/\",\"name\":\"Self-Standing-R\u00f6hrchen - Sysmatec\",\"isPartOf\":{\"@id\":\"https:\\\/\\\/sysmatec.ch\\\/de\\\/#website\"},\"primaryImageOfPage\":{\"@id\":\"https:\\\/\\\/sysmatec.ch\\\/de\\\/produit\\\/self-standing-roehrchen\\\/#primaryimage\"},\"image\":{\"@id\":\"https:\\\/\\\/sysmatec.ch\\\/de\\\/produit\\\/self-standing-roehrchen\\\/#primaryimage\"},\"thumbnailUrl\":\"https:\\\/\\\/sysmatec.ch\\\/wp-content\\\/uploads\\\/2019\\\/07\\\/Consommable_CappBlueCapp2.jpg\",\"datePublished\":\"2019-07-06T07:57:07+00:00\",\"dateModified\":\"2021-12-18T17:40:13+00:00\",\"description\":\"Zentrifugenr\u00f6hrchen, die ohne Unterst\u00fctzung von selbst senkrecht stehen. Volumen 50ml. Schnelles Schlie\u00dfen. Steril geliefert.\",\"breadcrumb\":{\"@id\":\"https:\\\/\\\/sysmatec.ch\\\/de\\\/produit\\\/self-standing-roehrchen\\\/#breadcrumb\"},\"inLanguage\":\"de\",\"potentialAction\":[{\"@type\":\"ReadAction\",\"target\":[\"https:\\\/\\\/sysmatec.ch\\\/de\\\/produit\\\/self-standing-roehrchen\\\/\"]}]},{\"@type\":\"ImageObject\",\"inLanguage\":\"de\",\"@id\":\"https:\\\/\\\/sysmatec.ch\\\/de\\\/produit\\\/self-standing-roehrchen\\\/#primaryimage\",\"url\":\"https:\\\/\\\/sysmatec.ch\\\/wp-content\\\/uploads\\\/2019\\\/07\\\/Consommable_CappBlueCapp2.jpg\",\"contentUrl\":\"https:\\\/\\\/sysmatec.ch\\\/wp-content\\\/uploads\\\/2019\\\/07\\\/Consommable_CappBlueCapp2.jpg\",\"width\":161,\"height\":239},{\"@type\":\"BreadcrumbList\",\"@id\":\"https:\\\/\\\/sysmatec.ch\\\/de\\\/produit\\\/self-standing-roehrchen\\\/#breadcrumb\",\"itemListElement\":[{\"@type\":\"ListItem\",\"position\":1,\"name\":\"Accueil\",\"item\":\"https:\\\/\\\/sysmatec.ch\\\/de\\\/\"},{\"@type\":\"ListItem\",\"position\":2,\"name\":\"Die Aktivit\u00e4t von Sysmatec\",\"item\":\"https:\\\/\\\/sysmatec.ch\\\/de\\\/\"},{\"@type\":\"ListItem\",\"position\":3,\"name\":\"Self-Standing-R\u00f6hrchen\"}]},{\"@type\":\"WebSite\",\"@id\":\"https:\\\/\\\/sysmatec.ch\\\/de\\\/#website\",\"url\":\"https:\\\/\\\/sysmatec.ch\\\/de\\\/\",\"name\":\"Sysmatec\",\"description\":\"Equipement de laboratoire et logiciels\",\"publisher\":{\"@id\":\"https:\\\/\\\/sysmatec.ch\\\/de\\\/#organization\"},\"potentialAction\":[{\"@type\":\"SearchAction\",\"target\":{\"@type\":\"EntryPoint\",\"urlTemplate\":\"https:\\\/\\\/sysmatec.ch\\\/de\\\/?s={search_term_string}\"},\"query-input\":{\"@type\":\"PropertyValueSpecification\",\"valueRequired\":true,\"valueName\":\"search_term_string\"}}],\"inLanguage\":\"de\"},{\"@type\":\"Organization\",\"@id\":\"https:\\\/\\\/sysmatec.ch\\\/de\\\/#organization\",\"name\":\"Sysmatec\",\"url\":\"https:\\\/\\\/sysmatec.ch\\\/de\\\/\",\"logo\":{\"@type\":\"ImageObject\",\"inLanguage\":\"de\",\"@id\":\"https:\\\/\\\/sysmatec.ch\\\/de\\\/#\\\/schema\\\/logo\\\/image\\\/\",\"url\":\"https:\\\/\\\/sysmatec.ch\\\/wp-content\\\/uploads\\\/2018\\\/11\\\/LogoSysmatec.jpg\",\"contentUrl\":\"https:\\\/\\\/sysmatec.ch\\\/wp-content\\\/uploads\\\/2018\\\/11\\\/LogoSysmatec.jpg\",\"width\":301,\"height\":297,\"caption\":\"Sysmatec\"},\"image\":{\"@id\":\"https:\\\/\\\/sysmatec.ch\\\/de\\\/#\\\/schema\\\/logo\\\/image\\\/\"}}]}<\/script>\n<!-- \/ Yoast SEO plugin. -->","yoast_head_json":{"title":"Self-Standing-R\u00f6hrchen - Sysmatec","description":"Zentrifugenr\u00f6hrchen, die ohne Unterst\u00fctzung von selbst senkrecht stehen. Volumen 50ml. Schnelles Schlie\u00dfen. Steril geliefert.","robots":{"index":"index","follow":"follow","max-snippet":"max-snippet:-1","max-image-preview":"max-image-preview:large","max-video-preview":"max-video-preview:-1"},"canonical":"https:\/\/sysmatec.ch\/de\/produit\/self-standing-roehrchen\/","og_locale":"de_DE","og_type":"article","og_title":"Self-Standing-R\u00f6hrchen - Sysmatec","og_description":"Zentrifugenr\u00f6hrchen, die ohne Unterst\u00fctzung von selbst senkrecht stehen. Volumen 50ml. Schnelles Schlie\u00dfen. Steril geliefert.","og_url":"https:\/\/sysmatec.ch\/de\/produit\/self-standing-roehrchen\/","og_site_name":"Sysmatec","article_modified_time":"2021-12-18T17:40:13+00:00","og_image":[{"width":161,"height":239,"url":"https:\/\/sysmatec.ch\/wp-content\/uploads\/2019\/07\/Consommable_CappBlueCapp2.jpg","type":"image\/jpeg"}],"twitter_card":"summary_large_image","schema":{"@context":"https:\/\/schema.org","@graph":[{"@type":"WebPage","@id":"https:\/\/sysmatec.ch\/de\/produit\/self-standing-roehrchen\/","url":"https:\/\/sysmatec.ch\/de\/produit\/self-standing-roehrchen\/","name":"Self-Standing-R\u00f6hrchen - Sysmatec","isPartOf":{"@id":"https:\/\/sysmatec.ch\/de\/#website"},"primaryImageOfPage":{"@id":"https:\/\/sysmatec.ch\/de\/produit\/self-standing-roehrchen\/#primaryimage"},"image":{"@id":"https:\/\/sysmatec.ch\/de\/produit\/self-standing-roehrchen\/#primaryimage"},"thumbnailUrl":"https:\/\/sysmatec.ch\/wp-content\/uploads\/2019\/07\/Consommable_CappBlueCapp2.jpg","datePublished":"2019-07-06T07:57:07+00:00","dateModified":"2021-12-18T17:40:13+00:00","description":"Zentrifugenr\u00f6hrchen, die ohne Unterst\u00fctzung von selbst senkrecht stehen. Volumen 50ml. Schnelles Schlie\u00dfen. Steril geliefert.","breadcrumb":{"@id":"https:\/\/sysmatec.ch\/de\/produit\/self-standing-roehrchen\/#breadcrumb"},"inLanguage":"de","potentialAction":[{"@type":"ReadAction","target":["https:\/\/sysmatec.ch\/de\/produit\/self-standing-roehrchen\/"]}]},{"@type":"ImageObject","inLanguage":"de","@id":"https:\/\/sysmatec.ch\/de\/produit\/self-standing-roehrchen\/#primaryimage","url":"https:\/\/sysmatec.ch\/wp-content\/uploads\/2019\/07\/Consommable_CappBlueCapp2.jpg","contentUrl":"https:\/\/sysmatec.ch\/wp-content\/uploads\/2019\/07\/Consommable_CappBlueCapp2.jpg","width":161,"height":239},{"@type":"BreadcrumbList","@id":"https:\/\/sysmatec.ch\/de\/produit\/self-standing-roehrchen\/#breadcrumb","itemListElement":[{"@type":"ListItem","position":1,"name":"Accueil","item":"https:\/\/sysmatec.ch\/de\/"},{"@type":"ListItem","position":2,"name":"Die Aktivit\u00e4t von Sysmatec","item":"https:\/\/sysmatec.ch\/de\/"},{"@type":"ListItem","position":3,"name":"Self-Standing-R\u00f6hrchen"}]},{"@type":"WebSite","@id":"https:\/\/sysmatec.ch\/de\/#website","url":"https:\/\/sysmatec.ch\/de\/","name":"Sysmatec","description":"Equipement de laboratoire et logiciels","publisher":{"@id":"https:\/\/sysmatec.ch\/de\/#organization"},"potentialAction":[{"@type":"SearchAction","target":{"@type":"EntryPoint","urlTemplate":"https:\/\/sysmatec.ch\/de\/?s={search_term_string}"},"query-input":{"@type":"PropertyValueSpecification","valueRequired":true,"valueName":"search_term_string"}}],"inLanguage":"de"},{"@type":"Organization","@id":"https:\/\/sysmatec.ch\/de\/#organization","name":"Sysmatec","url":"https:\/\/sysmatec.ch\/de\/","logo":{"@type":"ImageObject","inLanguage":"de","@id":"https:\/\/sysmatec.ch\/de\/#\/schema\/logo\/image\/","url":"https:\/\/sysmatec.ch\/wp-content\/uploads\/2018\/11\/LogoSysmatec.jpg","contentUrl":"https:\/\/sysmatec.ch\/wp-content\/uploads\/2018\/11\/LogoSysmatec.jpg","width":301,"height":297,"caption":"Sysmatec"},"image":{"@id":"https:\/\/sysmatec.ch\/de\/#\/schema\/logo\/image\/"}}]}},"_links":{"self":[{"href":"https:\/\/sysmatec.ch\/de\/wp-json\/wp\/v2\/product\/8445","targetHints":{"allow":["GET"]}}],"collection":[{"href":"https:\/\/sysmatec.ch\/de\/wp-json\/wp\/v2\/product"}],"about":[{"href":"https:\/\/sysmatec.ch\/de\/wp-json\/wp\/v2\/types\/product"}],"wp:featuredmedia":[{"embeddable":true,"href":"https:\/\/sysmatec.ch\/de\/wp-json\/wp\/v2\/media\/8437"}],"wp:attachment":[{"href":"https:\/\/sysmatec.ch\/de\/wp-json\/wp\/v2\/media?parent=8445"}],"wp:term":[{"taxonomy":"product_brand","embeddable":true,"href":"https:\/\/sysmatec.ch\/de\/wp-json\/wp\/v2\/product_brand?post=8445"},{"taxonomy":"product_cat","embeddable":true,"href":"https:\/\/sysmatec.ch\/de\/wp-json\/wp\/v2\/product_cat?post=8445"},{"taxonomy":"product_tag","embeddable":true,"href":"https:\/\/sysmatec.ch\/de\/wp-json\/wp\/v2\/product_tag?post=8445"}],"curies":[{"name":"wp","href":"https:\/\/api.w.org\/{rel}","templated":true}]}}