{"id":8428,"date":"2019-07-05T17:19:34","date_gmt":"2019-07-05T15:19:34","guid":{"rendered":"https:\/\/sysmatec.ch\/produit\/microtubes-expell-secure\/"},"modified":"2021-12-18T19:07:31","modified_gmt":"2021-12-18T18:07:31","slug":"expell-secure-mikrozentrifugenroehrchen","status":"publish","type":"product","link":"https:\/\/sysmatec.ch\/de\/Produkt\/expell-secure-mikrozentrifugenroehrchen\/","title":{"rendered":"Expell SECURE Mikrozentrifugenr\u00f6hrchen"},"content":{"rendered":"<p>Das exklusive Design von Expell Secure Microtubes verringert das Risiko eines versehentlichen \u00d6ffnens oder Abspringens w\u00e4hrend intensiver Zentrifugation oder Erw\u00e4rmung. Der Klappdeckel von Expell Secure Microtubes bietet eine zuverl\u00e4ssige langfristige Probenintegrit\u00e4t mit einer auslaufsicheren Leistung und einem minimalen Probenverlust aufgrund von Verdampfung w\u00e4hrend der Inkubation oder Lagerung. W\u00e4hlen Sie Expell Secure Microtubes f\u00fcr sichere, bequeme Arbeitsprozesse und zuverl\u00e4ssige Arbeitsergebnisse.<\/p>\n<p>Die klaren, konischen Mikror\u00f6hrchen bestehen aus Polypropylen und haben leicht lesbare abgestufte Messmarkierungen von 0.1 bis 1.5 ml mit zus\u00e4tzlichem Platz f\u00fcr das Einfrieren der Proben.<\/p>\n<p>Der Klappdeckel ist aus mattiertem Material, was die korrekte Kennzeichnung Ihrer Proben sehr einfach macht.<\/p>\n<p>Die Mikror\u00f6hrchen werden so hergestellt, dass kein Kunststoff w\u00e4hrend der Lagerung oder Zentrifugation in die Proben gelangen kann. Dies bedeutet, dass nichts verschmutzt wird.<\/p>\n<p>Die Expell Secure Microtubes stellen eine hervorragende und kosteng\u00fcnstige Erg\u00e4nzung zu Ihren Laborger\u00e4ten dar. Sie bieten einen sicheren Transport, Mischen und Lagern Ihrer gesamten fl\u00fcssigen, festen und Proben.<\/p>\n<p><span class=\"JLqJ4b ChMk0b\" data-language-for-alternatives=\"de\" data-language-to-translate-into=\"en\" data-phrase-index=\"0\" data-number-of-phrases=\"15\">5001500C ExpellPlus Secure Micro Tubes 1.5 ml, Beutel, geringe Retention, 20&#215;500 Stk.<\/span><\/p>\n<p><span class=\"JLqJ4b ChMk0b\" data-language-for-alternatives=\"de\" data-language-to-translate-into=\"en\" data-phrase-index=\"2\" data-number-of-phrases=\"15\">5101500C Expell Secure Micro Tubes 1.5 ml, Beutel, 20&#215;500 Stk.<\/span><\/p>\n<p><span class=\"JLqJ4b ChMk0b\" data-language-for-alternatives=\"de\" data-language-to-translate-into=\"en\" data-phrase-index=\"4\" data-number-of-phrases=\"15\">5101590C Expell Secure Micro Tubes 1.5 mL, Beutel, farbig sortiert, 20&#215;500 Stk.<\/span> <span class=\"JLqJ4b ChMk0b\" data-language-for-alternatives=\"de\" data-language-to-translate-into=\"en\" data-phrase-index=\"5\" data-number-of-phrases=\"15\">(magenta, blau, gelb, gr\u00fcn, orange)<\/span><\/p>\n<p><span class=\"JLqJ4b ChMk0b\" data-language-for-alternatives=\"de\" data-language-to-translate-into=\"en\" data-phrase-index=\"7\" data-number-of-phrases=\"15\">5101550C Expell Secure Micro Tubes 1.5 ml, Beutel, schwarz, 20&#215;500 Stk.<\/span><\/p>\n<p><span class=\"JLqJ4b ChMk0b\" data-language-for-alternatives=\"de\" data-language-to-translate-into=\"en\" data-phrase-index=\"9\" data-number-of-phrases=\"15\">5102000C Expell Secure Micro Tubes 2.0 mL, Beutel, 16&#215;500 Stk.<\/span><\/p>\n<p><span class=\"JLqJ4b ChMk0b\" data-language-for-alternatives=\"de\" data-language-to-translate-into=\"en\" data-phrase-index=\"11\" data-number-of-phrases=\"15\">5102005C Expell Secure Micro Tubes 2,0 ml, vorsteriler Beutel 16&#215;500 Stk.<\/span><\/p>\n","protected":false},"excerpt":{"rendered":"<p>Expell SECURE Mikrozentrifugenr\u00f6hrchen<\/p>\n","protected":false},"featured_media":8426,"template":"","meta":{"_crdt_document":""},"product_brand":[],"product_cat":[279,388],"product_tag":[],"class_list":{"0":"post-8428","1":"product","2":"type-product","3":"status-publish","4":"has-post-thumbnail","6":"product_cat-verbrauchsmaterial","7":"product_cat-verteilung","9":"first","10":"instock","11":"taxable","12":"shipping-taxable","13":"product-type-simple"},"yoast_head":"<!-- This site is optimized with the Yoast SEO plugin v27.4 - https:\/\/yoast.com\/product\/yoast-seo-wordpress\/ -->\n<title>Expell SECURE Mikrozentrifugenr\u00f6hrchen - Sysmatec<\/title>\n<meta name=\"description\" content=\"Mikror\u00f6hrchen mit optimiertem Verschlusssystem, das jeglichen Verlust oder Verdunstung der Probe verhindert. Volumen 1.5 und 2 ml.\" \/>\n<meta name=\"robots\" content=\"index, follow, max-snippet:-1, max-image-preview:large, max-video-preview:-1\" \/>\n<link rel=\"canonical\" href=\"https:\/\/sysmatec.ch\/de\/produit\/expell-secure-mikrozentrifugenroehrchen\/\" \/>\n<meta property=\"og:locale\" content=\"de_DE\" \/>\n<meta property=\"og:type\" content=\"article\" \/>\n<meta property=\"og:title\" content=\"Expell SECURE Mikrozentrifugenr\u00f6hrchen - Sysmatec\" \/>\n<meta property=\"og:description\" content=\"Mikror\u00f6hrchen mit optimiertem Verschlusssystem, das jeglichen Verlust oder Verdunstung der Probe verhindert. Volumen 1.5 und 2 ml.\" \/>\n<meta property=\"og:url\" content=\"https:\/\/sysmatec.ch\/de\/produit\/expell-secure-mikrozentrifugenroehrchen\/\" \/>\n<meta property=\"og:site_name\" content=\"Sysmatec\" \/>\n<meta property=\"article:modified_time\" content=\"2021-12-18T18:07:31+00:00\" \/>\n<meta property=\"og:image\" content=\"https:\/\/sysmatec.ch\/wp-content\/uploads\/2019\/07\/Consommable_CappExpellSecureMicrotube.jpg\" \/>\n\t<meta property=\"og:image:width\" content=\"188\" \/>\n\t<meta property=\"og:image:height\" content=\"215\" \/>\n\t<meta property=\"og:image:type\" content=\"image\/jpeg\" \/>\n<meta name=\"twitter:card\" content=\"summary_large_image\" \/>\n<meta name=\"twitter:label1\" content=\"Gesch\u00e4tzte Lesezeit\" \/>\n\t<meta name=\"twitter:data1\" content=\"2\u00a0Minuten\" \/>\n<script type=\"application\/ld+json\" class=\"yoast-schema-graph\">{\"@context\":\"https:\\\/\\\/schema.org\",\"@graph\":[{\"@type\":\"WebPage\",\"@id\":\"https:\\\/\\\/sysmatec.ch\\\/de\\\/produit\\\/expell-secure-mikrozentrifugenroehrchen\\\/\",\"url\":\"https:\\\/\\\/sysmatec.ch\\\/de\\\/produit\\\/expell-secure-mikrozentrifugenroehrchen\\\/\",\"name\":\"Expell SECURE Mikrozentrifugenr\u00f6hrchen - Sysmatec\",\"isPartOf\":{\"@id\":\"https:\\\/\\\/sysmatec.ch\\\/de\\\/#website\"},\"primaryImageOfPage\":{\"@id\":\"https:\\\/\\\/sysmatec.ch\\\/de\\\/produit\\\/expell-secure-mikrozentrifugenroehrchen\\\/#primaryimage\"},\"image\":{\"@id\":\"https:\\\/\\\/sysmatec.ch\\\/de\\\/produit\\\/expell-secure-mikrozentrifugenroehrchen\\\/#primaryimage\"},\"thumbnailUrl\":\"https:\\\/\\\/sysmatec.ch\\\/wp-content\\\/uploads\\\/2019\\\/07\\\/Consommable_CappExpellSecureMicrotube.jpg\",\"datePublished\":\"2019-07-05T15:19:34+00:00\",\"dateModified\":\"2021-12-18T18:07:31+00:00\",\"description\":\"Mikror\u00f6hrchen mit optimiertem Verschlusssystem, das jeglichen Verlust oder Verdunstung der Probe verhindert. Volumen 1.5 und 2 ml.\",\"breadcrumb\":{\"@id\":\"https:\\\/\\\/sysmatec.ch\\\/de\\\/produit\\\/expell-secure-mikrozentrifugenroehrchen\\\/#breadcrumb\"},\"inLanguage\":\"de\",\"potentialAction\":[{\"@type\":\"ReadAction\",\"target\":[\"https:\\\/\\\/sysmatec.ch\\\/de\\\/produit\\\/expell-secure-mikrozentrifugenroehrchen\\\/\"]}]},{\"@type\":\"ImageObject\",\"inLanguage\":\"de\",\"@id\":\"https:\\\/\\\/sysmatec.ch\\\/de\\\/produit\\\/expell-secure-mikrozentrifugenroehrchen\\\/#primaryimage\",\"url\":\"https:\\\/\\\/sysmatec.ch\\\/wp-content\\\/uploads\\\/2019\\\/07\\\/Consommable_CappExpellSecureMicrotube.jpg\",\"contentUrl\":\"https:\\\/\\\/sysmatec.ch\\\/wp-content\\\/uploads\\\/2019\\\/07\\\/Consommable_CappExpellSecureMicrotube.jpg\",\"width\":188,\"height\":215},{\"@type\":\"BreadcrumbList\",\"@id\":\"https:\\\/\\\/sysmatec.ch\\\/de\\\/produit\\\/expell-secure-mikrozentrifugenroehrchen\\\/#breadcrumb\",\"itemListElement\":[{\"@type\":\"ListItem\",\"position\":1,\"name\":\"Accueil\",\"item\":\"https:\\\/\\\/sysmatec.ch\\\/de\\\/\"},{\"@type\":\"ListItem\",\"position\":2,\"name\":\"Die Aktivit\u00e4t von Sysmatec\",\"item\":\"https:\\\/\\\/sysmatec.ch\\\/de\\\/\"},{\"@type\":\"ListItem\",\"position\":3,\"name\":\"Expell SECURE Mikrozentrifugenr\u00f6hrchen\"}]},{\"@type\":\"WebSite\",\"@id\":\"https:\\\/\\\/sysmatec.ch\\\/de\\\/#website\",\"url\":\"https:\\\/\\\/sysmatec.ch\\\/de\\\/\",\"name\":\"Sysmatec\",\"description\":\"Equipement de laboratoire et logiciels\",\"publisher\":{\"@id\":\"https:\\\/\\\/sysmatec.ch\\\/de\\\/#organization\"},\"potentialAction\":[{\"@type\":\"SearchAction\",\"target\":{\"@type\":\"EntryPoint\",\"urlTemplate\":\"https:\\\/\\\/sysmatec.ch\\\/de\\\/?s={search_term_string}\"},\"query-input\":{\"@type\":\"PropertyValueSpecification\",\"valueRequired\":true,\"valueName\":\"search_term_string\"}}],\"inLanguage\":\"de\"},{\"@type\":\"Organization\",\"@id\":\"https:\\\/\\\/sysmatec.ch\\\/de\\\/#organization\",\"name\":\"Sysmatec\",\"url\":\"https:\\\/\\\/sysmatec.ch\\\/de\\\/\",\"logo\":{\"@type\":\"ImageObject\",\"inLanguage\":\"de\",\"@id\":\"https:\\\/\\\/sysmatec.ch\\\/de\\\/#\\\/schema\\\/logo\\\/image\\\/\",\"url\":\"https:\\\/\\\/sysmatec.ch\\\/wp-content\\\/uploads\\\/2018\\\/11\\\/LogoSysmatec.jpg\",\"contentUrl\":\"https:\\\/\\\/sysmatec.ch\\\/wp-content\\\/uploads\\\/2018\\\/11\\\/LogoSysmatec.jpg\",\"width\":301,\"height\":297,\"caption\":\"Sysmatec\"},\"image\":{\"@id\":\"https:\\\/\\\/sysmatec.ch\\\/de\\\/#\\\/schema\\\/logo\\\/image\\\/\"}}]}<\/script>\n<!-- \/ Yoast SEO plugin. -->","yoast_head_json":{"title":"Expell SECURE Mikrozentrifugenr\u00f6hrchen - Sysmatec","description":"Mikror\u00f6hrchen mit optimiertem Verschlusssystem, das jeglichen Verlust oder Verdunstung der Probe verhindert. Volumen 1.5 und 2 ml.","robots":{"index":"index","follow":"follow","max-snippet":"max-snippet:-1","max-image-preview":"max-image-preview:large","max-video-preview":"max-video-preview:-1"},"canonical":"https:\/\/sysmatec.ch\/de\/produit\/expell-secure-mikrozentrifugenroehrchen\/","og_locale":"de_DE","og_type":"article","og_title":"Expell SECURE Mikrozentrifugenr\u00f6hrchen - Sysmatec","og_description":"Mikror\u00f6hrchen mit optimiertem Verschlusssystem, das jeglichen Verlust oder Verdunstung der Probe verhindert. Volumen 1.5 und 2 ml.","og_url":"https:\/\/sysmatec.ch\/de\/produit\/expell-secure-mikrozentrifugenroehrchen\/","og_site_name":"Sysmatec","article_modified_time":"2021-12-18T18:07:31+00:00","og_image":[{"width":188,"height":215,"url":"https:\/\/sysmatec.ch\/wp-content\/uploads\/2019\/07\/Consommable_CappExpellSecureMicrotube.jpg","type":"image\/jpeg"}],"twitter_card":"summary_large_image","twitter_misc":{"Gesch\u00e4tzte Lesezeit":"2\u00a0Minuten"},"schema":{"@context":"https:\/\/schema.org","@graph":[{"@type":"WebPage","@id":"https:\/\/sysmatec.ch\/de\/produit\/expell-secure-mikrozentrifugenroehrchen\/","url":"https:\/\/sysmatec.ch\/de\/produit\/expell-secure-mikrozentrifugenroehrchen\/","name":"Expell SECURE Mikrozentrifugenr\u00f6hrchen - Sysmatec","isPartOf":{"@id":"https:\/\/sysmatec.ch\/de\/#website"},"primaryImageOfPage":{"@id":"https:\/\/sysmatec.ch\/de\/produit\/expell-secure-mikrozentrifugenroehrchen\/#primaryimage"},"image":{"@id":"https:\/\/sysmatec.ch\/de\/produit\/expell-secure-mikrozentrifugenroehrchen\/#primaryimage"},"thumbnailUrl":"https:\/\/sysmatec.ch\/wp-content\/uploads\/2019\/07\/Consommable_CappExpellSecureMicrotube.jpg","datePublished":"2019-07-05T15:19:34+00:00","dateModified":"2021-12-18T18:07:31+00:00","description":"Mikror\u00f6hrchen mit optimiertem Verschlusssystem, das jeglichen Verlust oder Verdunstung der Probe verhindert. Volumen 1.5 und 2 ml.","breadcrumb":{"@id":"https:\/\/sysmatec.ch\/de\/produit\/expell-secure-mikrozentrifugenroehrchen\/#breadcrumb"},"inLanguage":"de","potentialAction":[{"@type":"ReadAction","target":["https:\/\/sysmatec.ch\/de\/produit\/expell-secure-mikrozentrifugenroehrchen\/"]}]},{"@type":"ImageObject","inLanguage":"de","@id":"https:\/\/sysmatec.ch\/de\/produit\/expell-secure-mikrozentrifugenroehrchen\/#primaryimage","url":"https:\/\/sysmatec.ch\/wp-content\/uploads\/2019\/07\/Consommable_CappExpellSecureMicrotube.jpg","contentUrl":"https:\/\/sysmatec.ch\/wp-content\/uploads\/2019\/07\/Consommable_CappExpellSecureMicrotube.jpg","width":188,"height":215},{"@type":"BreadcrumbList","@id":"https:\/\/sysmatec.ch\/de\/produit\/expell-secure-mikrozentrifugenroehrchen\/#breadcrumb","itemListElement":[{"@type":"ListItem","position":1,"name":"Accueil","item":"https:\/\/sysmatec.ch\/de\/"},{"@type":"ListItem","position":2,"name":"Die Aktivit\u00e4t von Sysmatec","item":"https:\/\/sysmatec.ch\/de\/"},{"@type":"ListItem","position":3,"name":"Expell SECURE Mikrozentrifugenr\u00f6hrchen"}]},{"@type":"WebSite","@id":"https:\/\/sysmatec.ch\/de\/#website","url":"https:\/\/sysmatec.ch\/de\/","name":"Sysmatec","description":"Equipement de laboratoire et logiciels","publisher":{"@id":"https:\/\/sysmatec.ch\/de\/#organization"},"potentialAction":[{"@type":"SearchAction","target":{"@type":"EntryPoint","urlTemplate":"https:\/\/sysmatec.ch\/de\/?s={search_term_string}"},"query-input":{"@type":"PropertyValueSpecification","valueRequired":true,"valueName":"search_term_string"}}],"inLanguage":"de"},{"@type":"Organization","@id":"https:\/\/sysmatec.ch\/de\/#organization","name":"Sysmatec","url":"https:\/\/sysmatec.ch\/de\/","logo":{"@type":"ImageObject","inLanguage":"de","@id":"https:\/\/sysmatec.ch\/de\/#\/schema\/logo\/image\/","url":"https:\/\/sysmatec.ch\/wp-content\/uploads\/2018\/11\/LogoSysmatec.jpg","contentUrl":"https:\/\/sysmatec.ch\/wp-content\/uploads\/2018\/11\/LogoSysmatec.jpg","width":301,"height":297,"caption":"Sysmatec"},"image":{"@id":"https:\/\/sysmatec.ch\/de\/#\/schema\/logo\/image\/"}}]}},"_links":{"self":[{"href":"https:\/\/sysmatec.ch\/de\/wp-json\/wp\/v2\/product\/8428","targetHints":{"allow":["GET"]}}],"collection":[{"href":"https:\/\/sysmatec.ch\/de\/wp-json\/wp\/v2\/product"}],"about":[{"href":"https:\/\/sysmatec.ch\/de\/wp-json\/wp\/v2\/types\/product"}],"wp:featuredmedia":[{"embeddable":true,"href":"https:\/\/sysmatec.ch\/de\/wp-json\/wp\/v2\/media\/8426"}],"wp:attachment":[{"href":"https:\/\/sysmatec.ch\/de\/wp-json\/wp\/v2\/media?parent=8428"}],"wp:term":[{"taxonomy":"product_brand","embeddable":true,"href":"https:\/\/sysmatec.ch\/de\/wp-json\/wp\/v2\/product_brand?post=8428"},{"taxonomy":"product_cat","embeddable":true,"href":"https:\/\/sysmatec.ch\/de\/wp-json\/wp\/v2\/product_cat?post=8428"},{"taxonomy":"product_tag","embeddable":true,"href":"https:\/\/sysmatec.ch\/de\/wp-json\/wp\/v2\/product_tag?post=8428"}],"curies":[{"name":"wp","href":"https:\/\/api.w.org\/{rel}","templated":true}]}}