{"id":8421,"date":"2019-07-05T17:10:45","date_gmt":"2019-07-05T15:10:45","guid":{"rendered":"https:\/\/sysmatec.ch\/produit\/microtubes-gradues-expell-pour-centrifugeuse\/"},"modified":"2021-12-18T19:18:56","modified_gmt":"2021-12-18T18:18:56","slug":"expell-mikrozentrifugenroehrchen","status":"publish","type":"product","link":"https:\/\/sysmatec.ch\/de\/Produkt\/expell-mikrozentrifugenroehrchen\/","title":{"rendered":"Expell Mikrozentrifugenr\u00f6hrchen"},"content":{"rendered":"<p>Sie sind in 3 Volumen erh\u00e4ltlich: 0.5 ml, 1,.5 ml und 2.0 ml. Hergestellt aus reiner PP, aus den feinsten zur Verf\u00fcgung Formen, Expell Mikrozentrifugenr\u00f6hrchen sind steril, DNase, RNase und Pyrogen frei zertifiziert. Expell sterile Mikrozentrifugenr\u00f6hrchen widerstehen der Zentrifugationskraft von 20.000 g. Die Expell sterilen Mikrozentrifugenr\u00f6hrchen sind einfach zu \u00f6ffnen und schliessen mit nur einen Hand, sie sind perfekt abgedichtet (um die Verdunstung zu vermeiden) und besitzen ein poliertes Interieur (um Proteinhaftung zu vermeiden). Dar\u00fcber hinaus bieten Expell sterile Mikrozentrifugenr\u00f6hrchen eine hohe Klarheit f\u00fcr die optimale Probensicht.<\/p>\n<table border=\"1\" width=\"513\" cellspacing=\"0\" cellpadding=\"2\">\n<tbody>\n<tr>\n<td>Ref. Nr<\/td>\n<td>Beschreibung<\/td>\n<\/tr>\n<tr>\n<td>5100500C<\/td>\n<td>Mikrozentrifugenr\u00f6hrchen 0.5 mL, bulk, 10&#215;1000 Stck.<\/td>\n<\/tr>\n<tr>\n<td>5101500C<\/td>\n<td>Mikrozentrifugenr\u00f6hrchen 1.5 mL, bulk, 20&#215;500 Stck.<\/td>\n<\/tr>\n<tr>\n<td>5001500C<\/td>\n<td>Mikrozentrifugenr\u00f6hrchen 1.5 mL, low-retention, bulk, 20&#215;500 Stck.<\/td>\n<\/tr>\n<tr>\n<td>5101550C<\/td>\n<td>Mikrozentrifugenr\u00f6hrchens 1.5 mL, black, bulk, 20&#215;500 Stck.<\/td>\n<\/tr>\n<tr>\n<td>5101590C<\/td>\n<td>Mikrozentrifugenr\u00f6hrchens 1.5 mL, gemischte Farbe colors, bulk, 20&#215;500 Stck. (Magenta, Bllau, Gleb, Gr\u00fcn, Orange)<\/td>\n<\/tr>\n<tr>\n<td>5102000C<\/td>\n<td>Mikrozentrifugenr\u00f6hrchens 2.0 mL, bulk, 10&#215;500 pStckcs.<\/td>\n<\/tr>\n<\/tbody>\n<\/table>\n","protected":false},"excerpt":{"rendered":"<p>Expell Mikrozentrifugenr\u00f6hrchen<\/p>\n","protected":false},"featured_media":8412,"template":"","meta":{"_crdt_document":""},"product_brand":[],"product_cat":[279,388],"product_tag":[],"class_list":{"0":"post-8421","1":"product","2":"type-product","3":"status-publish","4":"has-post-thumbnail","6":"product_cat-verbrauchsmaterial","7":"product_cat-verteilung","9":"first","10":"instock","11":"taxable","12":"shipping-taxable","13":"product-type-simple"},"yoast_head":"<!-- This site is optimized with the Yoast SEO plugin v27.4 - https:\/\/yoast.com\/product\/yoast-seo-wordpress\/ -->\n<title>Expell Mikrozentrifugenr\u00f6hrchen - Sysmatec<\/title>\n<meta name=\"description\" content=\"Die sterilen Zentrifugen-Mikror\u00f6hrchen sind in verschiedenen Gr\u00f6\u00dfen erh\u00e4ltlich, 0,5 ml, 1,5 ml und 2 ml. Sie sind DNase-frei, RNase-frei und pyrogenfrei.\" \/>\n<meta name=\"robots\" content=\"index, follow, max-snippet:-1, max-image-preview:large, max-video-preview:-1\" \/>\n<link rel=\"canonical\" href=\"https:\/\/sysmatec.ch\/de\/produit\/expell-mikrozentrifugenroehrchen\/\" \/>\n<meta property=\"og:locale\" content=\"de_DE\" \/>\n<meta property=\"og:type\" content=\"article\" \/>\n<meta property=\"og:title\" content=\"Expell Mikrozentrifugenr\u00f6hrchen - Sysmatec\" \/>\n<meta property=\"og:description\" content=\"Die sterilen Zentrifugen-Mikror\u00f6hrchen sind in verschiedenen Gr\u00f6\u00dfen erh\u00e4ltlich, 0,5 ml, 1,5 ml und 2 ml. Sie sind DNase-frei, RNase-frei und pyrogenfrei.\" \/>\n<meta property=\"og:url\" content=\"https:\/\/sysmatec.ch\/de\/produit\/expell-mikrozentrifugenroehrchen\/\" \/>\n<meta property=\"og:site_name\" content=\"Sysmatec\" \/>\n<meta property=\"article:modified_time\" content=\"2021-12-18T18:18:56+00:00\" \/>\n<meta property=\"og:image\" content=\"https:\/\/sysmatec.ch\/wp-content\/uploads\/2019\/07\/Consommable_CappCentrifugeTube.jpg\" \/>\n\t<meta property=\"og:image:width\" content=\"188\" \/>\n\t<meta property=\"og:image:height\" content=\"292\" \/>\n\t<meta property=\"og:image:type\" content=\"image\/jpeg\" \/>\n<meta name=\"twitter:card\" content=\"summary_large_image\" \/>\n<meta name=\"twitter:label1\" content=\"Gesch\u00e4tzte Lesezeit\" \/>\n\t<meta name=\"twitter:data1\" content=\"1\u00a0Minute\" \/>\n<script type=\"application\/ld+json\" class=\"yoast-schema-graph\">{\"@context\":\"https:\\\/\\\/schema.org\",\"@graph\":[{\"@type\":\"WebPage\",\"@id\":\"https:\\\/\\\/sysmatec.ch\\\/de\\\/produit\\\/expell-mikrozentrifugenroehrchen\\\/\",\"url\":\"https:\\\/\\\/sysmatec.ch\\\/de\\\/produit\\\/expell-mikrozentrifugenroehrchen\\\/\",\"name\":\"Expell Mikrozentrifugenr\u00f6hrchen - Sysmatec\",\"isPartOf\":{\"@id\":\"https:\\\/\\\/sysmatec.ch\\\/de\\\/#website\"},\"primaryImageOfPage\":{\"@id\":\"https:\\\/\\\/sysmatec.ch\\\/de\\\/produit\\\/expell-mikrozentrifugenroehrchen\\\/#primaryimage\"},\"image\":{\"@id\":\"https:\\\/\\\/sysmatec.ch\\\/de\\\/produit\\\/expell-mikrozentrifugenroehrchen\\\/#primaryimage\"},\"thumbnailUrl\":\"https:\\\/\\\/sysmatec.ch\\\/wp-content\\\/uploads\\\/2019\\\/07\\\/Consommable_CappCentrifugeTube.jpg\",\"datePublished\":\"2019-07-05T15:10:45+00:00\",\"dateModified\":\"2021-12-18T18:18:56+00:00\",\"description\":\"Die sterilen Zentrifugen-Mikror\u00f6hrchen sind in verschiedenen Gr\u00f6\u00dfen erh\u00e4ltlich, 0,5 ml, 1,5 ml und 2 ml. Sie sind DNase-frei, RNase-frei und pyrogenfrei.\",\"breadcrumb\":{\"@id\":\"https:\\\/\\\/sysmatec.ch\\\/de\\\/produit\\\/expell-mikrozentrifugenroehrchen\\\/#breadcrumb\"},\"inLanguage\":\"de\",\"potentialAction\":[{\"@type\":\"ReadAction\",\"target\":[\"https:\\\/\\\/sysmatec.ch\\\/de\\\/produit\\\/expell-mikrozentrifugenroehrchen\\\/\"]}]},{\"@type\":\"ImageObject\",\"inLanguage\":\"de\",\"@id\":\"https:\\\/\\\/sysmatec.ch\\\/de\\\/produit\\\/expell-mikrozentrifugenroehrchen\\\/#primaryimage\",\"url\":\"https:\\\/\\\/sysmatec.ch\\\/wp-content\\\/uploads\\\/2019\\\/07\\\/Consommable_CappCentrifugeTube.jpg\",\"contentUrl\":\"https:\\\/\\\/sysmatec.ch\\\/wp-content\\\/uploads\\\/2019\\\/07\\\/Consommable_CappCentrifugeTube.jpg\",\"width\":188,\"height\":292},{\"@type\":\"BreadcrumbList\",\"@id\":\"https:\\\/\\\/sysmatec.ch\\\/de\\\/produit\\\/expell-mikrozentrifugenroehrchen\\\/#breadcrumb\",\"itemListElement\":[{\"@type\":\"ListItem\",\"position\":1,\"name\":\"Accueil\",\"item\":\"https:\\\/\\\/sysmatec.ch\\\/de\\\/\"},{\"@type\":\"ListItem\",\"position\":2,\"name\":\"Die Aktivit\u00e4t von Sysmatec\",\"item\":\"https:\\\/\\\/sysmatec.ch\\\/de\\\/\"},{\"@type\":\"ListItem\",\"position\":3,\"name\":\"Expell Mikrozentrifugenr\u00f6hrchen\"}]},{\"@type\":\"WebSite\",\"@id\":\"https:\\\/\\\/sysmatec.ch\\\/de\\\/#website\",\"url\":\"https:\\\/\\\/sysmatec.ch\\\/de\\\/\",\"name\":\"Sysmatec\",\"description\":\"Equipement de laboratoire et logiciels\",\"publisher\":{\"@id\":\"https:\\\/\\\/sysmatec.ch\\\/de\\\/#organization\"},\"potentialAction\":[{\"@type\":\"SearchAction\",\"target\":{\"@type\":\"EntryPoint\",\"urlTemplate\":\"https:\\\/\\\/sysmatec.ch\\\/de\\\/?s={search_term_string}\"},\"query-input\":{\"@type\":\"PropertyValueSpecification\",\"valueRequired\":true,\"valueName\":\"search_term_string\"}}],\"inLanguage\":\"de\"},{\"@type\":\"Organization\",\"@id\":\"https:\\\/\\\/sysmatec.ch\\\/de\\\/#organization\",\"name\":\"Sysmatec\",\"url\":\"https:\\\/\\\/sysmatec.ch\\\/de\\\/\",\"logo\":{\"@type\":\"ImageObject\",\"inLanguage\":\"de\",\"@id\":\"https:\\\/\\\/sysmatec.ch\\\/de\\\/#\\\/schema\\\/logo\\\/image\\\/\",\"url\":\"https:\\\/\\\/sysmatec.ch\\\/wp-content\\\/uploads\\\/2018\\\/11\\\/LogoSysmatec.jpg\",\"contentUrl\":\"https:\\\/\\\/sysmatec.ch\\\/wp-content\\\/uploads\\\/2018\\\/11\\\/LogoSysmatec.jpg\",\"width\":301,\"height\":297,\"caption\":\"Sysmatec\"},\"image\":{\"@id\":\"https:\\\/\\\/sysmatec.ch\\\/de\\\/#\\\/schema\\\/logo\\\/image\\\/\"}}]}<\/script>\n<!-- \/ Yoast SEO plugin. -->","yoast_head_json":{"title":"Expell Mikrozentrifugenr\u00f6hrchen - Sysmatec","description":"Die sterilen Zentrifugen-Mikror\u00f6hrchen sind in verschiedenen Gr\u00f6\u00dfen erh\u00e4ltlich, 0,5 ml, 1,5 ml und 2 ml. Sie sind DNase-frei, RNase-frei und pyrogenfrei.","robots":{"index":"index","follow":"follow","max-snippet":"max-snippet:-1","max-image-preview":"max-image-preview:large","max-video-preview":"max-video-preview:-1"},"canonical":"https:\/\/sysmatec.ch\/de\/produit\/expell-mikrozentrifugenroehrchen\/","og_locale":"de_DE","og_type":"article","og_title":"Expell Mikrozentrifugenr\u00f6hrchen - Sysmatec","og_description":"Die sterilen Zentrifugen-Mikror\u00f6hrchen sind in verschiedenen Gr\u00f6\u00dfen erh\u00e4ltlich, 0,5 ml, 1,5 ml und 2 ml. Sie sind DNase-frei, RNase-frei und pyrogenfrei.","og_url":"https:\/\/sysmatec.ch\/de\/produit\/expell-mikrozentrifugenroehrchen\/","og_site_name":"Sysmatec","article_modified_time":"2021-12-18T18:18:56+00:00","og_image":[{"width":188,"height":292,"url":"https:\/\/sysmatec.ch\/wp-content\/uploads\/2019\/07\/Consommable_CappCentrifugeTube.jpg","type":"image\/jpeg"}],"twitter_card":"summary_large_image","twitter_misc":{"Gesch\u00e4tzte Lesezeit":"1\u00a0Minute"},"schema":{"@context":"https:\/\/schema.org","@graph":[{"@type":"WebPage","@id":"https:\/\/sysmatec.ch\/de\/produit\/expell-mikrozentrifugenroehrchen\/","url":"https:\/\/sysmatec.ch\/de\/produit\/expell-mikrozentrifugenroehrchen\/","name":"Expell Mikrozentrifugenr\u00f6hrchen - Sysmatec","isPartOf":{"@id":"https:\/\/sysmatec.ch\/de\/#website"},"primaryImageOfPage":{"@id":"https:\/\/sysmatec.ch\/de\/produit\/expell-mikrozentrifugenroehrchen\/#primaryimage"},"image":{"@id":"https:\/\/sysmatec.ch\/de\/produit\/expell-mikrozentrifugenroehrchen\/#primaryimage"},"thumbnailUrl":"https:\/\/sysmatec.ch\/wp-content\/uploads\/2019\/07\/Consommable_CappCentrifugeTube.jpg","datePublished":"2019-07-05T15:10:45+00:00","dateModified":"2021-12-18T18:18:56+00:00","description":"Die sterilen Zentrifugen-Mikror\u00f6hrchen sind in verschiedenen Gr\u00f6\u00dfen erh\u00e4ltlich, 0,5 ml, 1,5 ml und 2 ml. Sie sind DNase-frei, RNase-frei und pyrogenfrei.","breadcrumb":{"@id":"https:\/\/sysmatec.ch\/de\/produit\/expell-mikrozentrifugenroehrchen\/#breadcrumb"},"inLanguage":"de","potentialAction":[{"@type":"ReadAction","target":["https:\/\/sysmatec.ch\/de\/produit\/expell-mikrozentrifugenroehrchen\/"]}]},{"@type":"ImageObject","inLanguage":"de","@id":"https:\/\/sysmatec.ch\/de\/produit\/expell-mikrozentrifugenroehrchen\/#primaryimage","url":"https:\/\/sysmatec.ch\/wp-content\/uploads\/2019\/07\/Consommable_CappCentrifugeTube.jpg","contentUrl":"https:\/\/sysmatec.ch\/wp-content\/uploads\/2019\/07\/Consommable_CappCentrifugeTube.jpg","width":188,"height":292},{"@type":"BreadcrumbList","@id":"https:\/\/sysmatec.ch\/de\/produit\/expell-mikrozentrifugenroehrchen\/#breadcrumb","itemListElement":[{"@type":"ListItem","position":1,"name":"Accueil","item":"https:\/\/sysmatec.ch\/de\/"},{"@type":"ListItem","position":2,"name":"Die Aktivit\u00e4t von Sysmatec","item":"https:\/\/sysmatec.ch\/de\/"},{"@type":"ListItem","position":3,"name":"Expell Mikrozentrifugenr\u00f6hrchen"}]},{"@type":"WebSite","@id":"https:\/\/sysmatec.ch\/de\/#website","url":"https:\/\/sysmatec.ch\/de\/","name":"Sysmatec","description":"Equipement de laboratoire et logiciels","publisher":{"@id":"https:\/\/sysmatec.ch\/de\/#organization"},"potentialAction":[{"@type":"SearchAction","target":{"@type":"EntryPoint","urlTemplate":"https:\/\/sysmatec.ch\/de\/?s={search_term_string}"},"query-input":{"@type":"PropertyValueSpecification","valueRequired":true,"valueName":"search_term_string"}}],"inLanguage":"de"},{"@type":"Organization","@id":"https:\/\/sysmatec.ch\/de\/#organization","name":"Sysmatec","url":"https:\/\/sysmatec.ch\/de\/","logo":{"@type":"ImageObject","inLanguage":"de","@id":"https:\/\/sysmatec.ch\/de\/#\/schema\/logo\/image\/","url":"https:\/\/sysmatec.ch\/wp-content\/uploads\/2018\/11\/LogoSysmatec.jpg","contentUrl":"https:\/\/sysmatec.ch\/wp-content\/uploads\/2018\/11\/LogoSysmatec.jpg","width":301,"height":297,"caption":"Sysmatec"},"image":{"@id":"https:\/\/sysmatec.ch\/de\/#\/schema\/logo\/image\/"}}]}},"_links":{"self":[{"href":"https:\/\/sysmatec.ch\/de\/wp-json\/wp\/v2\/product\/8421","targetHints":{"allow":["GET"]}}],"collection":[{"href":"https:\/\/sysmatec.ch\/de\/wp-json\/wp\/v2\/product"}],"about":[{"href":"https:\/\/sysmatec.ch\/de\/wp-json\/wp\/v2\/types\/product"}],"wp:featuredmedia":[{"embeddable":true,"href":"https:\/\/sysmatec.ch\/de\/wp-json\/wp\/v2\/media\/8412"}],"wp:attachment":[{"href":"https:\/\/sysmatec.ch\/de\/wp-json\/wp\/v2\/media?parent=8421"}],"wp:term":[{"taxonomy":"product_brand","embeddable":true,"href":"https:\/\/sysmatec.ch\/de\/wp-json\/wp\/v2\/product_brand?post=8421"},{"taxonomy":"product_cat","embeddable":true,"href":"https:\/\/sysmatec.ch\/de\/wp-json\/wp\/v2\/product_cat?post=8421"},{"taxonomy":"product_tag","embeddable":true,"href":"https:\/\/sysmatec.ch\/de\/wp-json\/wp\/v2\/product_tag?post=8421"}],"curies":[{"name":"wp","href":"https:\/\/api.w.org\/{rel}","templated":true}]}}