{"id":8407,"date":"2019-07-05T16:48:23","date_gmt":"2019-07-05T14:48:23","guid":{"rendered":"https:\/\/sysmatec.ch\/produit\/pipettes-serologiques\/"},"modified":"2021-12-19T09:55:55","modified_gmt":"2021-12-19T08:55:55","slug":"serologische-pipette","status":"publish","type":"product","link":"https:\/\/sysmatec.ch\/de\/Produkt\/serologische-pipette\/","title":{"rendered":"Serologische Pipetten"},"content":{"rendered":"<p>Die Polystyrol CappHarmony Serologischen Pipetten sind steril, pyrogen frei und f\u00fcr eine Vielzahl von Liquid-Handling-Anwendungen geeignet.<\/p>\n<p>Die schwarze und gut lesbare Skala verhindert Mehrdeutigkeit und garantiert pr\u00e4zises Volumenablesen als auch Dosieren.<\/p>\n<p>Jede Pipette hat einen wirksamen Filter, der die \u00fcberlaufene Fl\u00fcssigkeit zur\u00fcckh\u00e4lt.<\/p>\n<p>Kompatibel mit allen verf\u00fcgbaren motorisierten Pipettierhilfen auf dem Markt. Die Standardmundst\u00fcck passt zu allen wichtigen Pipetten, und die Farbekodierung erleichtert es das Volumen zu abzulesen.<\/p>\n<p>Die serologischen Pipetten werden einzeln in einer fibber-freien, farbcodierten Kombination vom Papier und Kunststoff verpackt.<\/p>\n<p>Capp Harmony Pipetten sind aus transparentem Polystyrol durch Gamma-Bestrahlung sterilisiert.<\/p>\n<p>Jede Serienfertigung ist f\u00fcr Endotoxine (C.5 Eu\/Ml), (ISO TO993-11), als auch Zytotoxizit\u00e4t (ISO 10993-5) getestet und ist nicht-h\u00e4molytisch (ISO 10993-4).<\/p>\n<p>Ideal f\u00fcr den Einsatz in Gewebekultur-Anwendungen.<\/p>\n<table border=\"1\" width=\"513\" cellspacing=\"0\" cellpadding=\"2\">\n<tbody>\n<tr>\n<td>Ref. Nr<\/td>\n<td>Beschreibung<\/td>\n<\/tr>\n<tr>\n<td>SP-1-C<\/td>\n<td>serologische Pipette 1ml 4&#215;200 pcs, <span class=\"VIiyi\" lang=\"de\"><span class=\"JLqJ4b ChMk0b\" data-language-for-alternatives=\"de\" data-language-to-translate-into=\"fr\" data-phrase-index=\"4\" data-number-of-phrases=\"5\">gelbe Codierung<\/span><\/span><\/td>\n<\/tr>\n<tr>\n<td>SP-2-C<\/td>\n<td>serologische Pipette 2ml 4&#215;150 pcs, gr\u00fcne <span class=\"VIiyi\" lang=\"de\"><span class=\"JLqJ4b ChMk0b\" data-language-for-alternatives=\"de\" data-language-to-translate-into=\"fr\" data-phrase-index=\"4\" data-number-of-phrases=\"5\">Codierung<\/span><\/span><\/td>\n<\/tr>\n<tr>\n<td>SP-5-C<\/td>\n<td>serologische Pipette 5ml 4&#215;100 pcs, blaue <span class=\"VIiyi\" lang=\"de\"><span class=\"JLqJ4b ChMk0b\" data-language-for-alternatives=\"de\" data-language-to-translate-into=\"fr\" data-phrase-index=\"4\" data-number-of-phrases=\"5\">Codierung<\/span><\/span><\/td>\n<\/tr>\n<tr>\n<td>SP-10-C<\/td>\n<td>serologische Pipette 10ml 4&#215;100 pcs, orange <span class=\"VIiyi\" lang=\"de\"><span class=\"JLqJ4b ChMk0b\" data-language-for-alternatives=\"de\" data-language-to-translate-into=\"fr\" data-phrase-index=\"4\" data-number-of-phrases=\"5\">Codierung<\/span><\/span><\/td>\n<\/tr>\n<tr>\n<td>SP-25-C<\/td>\n<td>serologische Pipette 25ml 4x 50 pcs, rote <span class=\"VIiyi\" lang=\"de\"><span class=\"JLqJ4b ChMk0b\" data-language-for-alternatives=\"de\" data-language-to-translate-into=\"fr\" data-phrase-index=\"4\" data-number-of-phrases=\"5\">Codierung<\/span><\/span><\/td>\n<\/tr>\n<tr>\n<td>SP-50-C<\/td>\n<td>serologische Pipette 50ml 4x 45 pcs, violet <span class=\"VIiyi\" lang=\"de\"><span class=\"JLqJ4b ChMk0b\" data-language-for-alternatives=\"de\" data-language-to-translate-into=\"fr\" data-phrase-index=\"4\" data-number-of-phrases=\"5\">Codierung<\/span><\/span><\/td>\n<\/tr>\n<\/tbody>\n<\/table>\n","protected":false},"excerpt":{"rendered":"<p>Serologische Pipetten<\/p>\n","protected":false},"featured_media":8402,"template":"","meta":{"_crdt_document":""},"product_brand":[],"product_cat":[279,388],"product_tag":[],"class_list":{"0":"post-8407","1":"product","2":"type-product","3":"status-publish","4":"has-post-thumbnail","6":"product_cat-verbrauchsmaterial","7":"product_cat-verteilung","9":"first","10":"instock","11":"taxable","12":"shipping-taxable","13":"product-type-simple"},"yoast_head":"<!-- This site is optimized with the Yoast SEO plugin v27.4 - https:\/\/yoast.com\/product\/yoast-seo-wordpress\/ -->\n<title>Serologische Pipetten - Sysmatec<\/title>\n<meta name=\"description\" content=\"Serologische Pipetten aus Polystyrol. Sie werden steril, pyrogenfrei und mit einem Wattebausch verschlossen geliefert. Sie sind gekennzeichnete Graduierungen.\" \/>\n<meta name=\"robots\" content=\"index, follow, max-snippet:-1, max-image-preview:large, max-video-preview:-1\" \/>\n<link rel=\"canonical\" href=\"https:\/\/sysmatec.ch\/de\/produit\/serologische-pipette\/\" \/>\n<meta property=\"og:locale\" content=\"de_DE\" \/>\n<meta property=\"og:type\" content=\"article\" \/>\n<meta property=\"og:title\" content=\"Serologische Pipetten - Sysmatec\" \/>\n<meta property=\"og:description\" content=\"Serologische Pipetten aus Polystyrol. Sie werden steril, pyrogenfrei und mit einem Wattebausch verschlossen geliefert. Sie sind gekennzeichnete Graduierungen.\" \/>\n<meta property=\"og:url\" content=\"https:\/\/sysmatec.ch\/de\/produit\/serologische-pipette\/\" \/>\n<meta property=\"og:site_name\" content=\"Sysmatec\" \/>\n<meta property=\"article:modified_time\" content=\"2021-12-19T08:55:55+00:00\" \/>\n<meta property=\"og:image\" content=\"https:\/\/sysmatec.ch\/wp-content\/uploads\/2019\/07\/Consommable_CappSerologicalPipette.jpg\" \/>\n\t<meta property=\"og:image:width\" content=\"216\" \/>\n\t<meta property=\"og:image:height\" content=\"225\" \/>\n\t<meta property=\"og:image:type\" content=\"image\/jpeg\" \/>\n<meta name=\"twitter:card\" content=\"summary_large_image\" \/>\n<meta name=\"twitter:label1\" content=\"Gesch\u00e4tzte Lesezeit\" \/>\n\t<meta name=\"twitter:data1\" content=\"1\u00a0Minute\" \/>\n<script type=\"application\/ld+json\" class=\"yoast-schema-graph\">{\"@context\":\"https:\\\/\\\/schema.org\",\"@graph\":[{\"@type\":\"WebPage\",\"@id\":\"https:\\\/\\\/sysmatec.ch\\\/de\\\/produit\\\/serologische-pipette\\\/\",\"url\":\"https:\\\/\\\/sysmatec.ch\\\/de\\\/produit\\\/serologische-pipette\\\/\",\"name\":\"Serologische Pipetten - Sysmatec\",\"isPartOf\":{\"@id\":\"https:\\\/\\\/sysmatec.ch\\\/de\\\/#website\"},\"primaryImageOfPage\":{\"@id\":\"https:\\\/\\\/sysmatec.ch\\\/de\\\/produit\\\/serologische-pipette\\\/#primaryimage\"},\"image\":{\"@id\":\"https:\\\/\\\/sysmatec.ch\\\/de\\\/produit\\\/serologische-pipette\\\/#primaryimage\"},\"thumbnailUrl\":\"https:\\\/\\\/sysmatec.ch\\\/wp-content\\\/uploads\\\/2019\\\/07\\\/Consommable_CappSerologicalPipette.jpg\",\"datePublished\":\"2019-07-05T14:48:23+00:00\",\"dateModified\":\"2021-12-19T08:55:55+00:00\",\"description\":\"Serologische Pipetten aus Polystyrol. Sie werden steril, pyrogenfrei und mit einem Wattebausch verschlossen geliefert. Sie sind gekennzeichnete Graduierungen.\",\"breadcrumb\":{\"@id\":\"https:\\\/\\\/sysmatec.ch\\\/de\\\/produit\\\/serologische-pipette\\\/#breadcrumb\"},\"inLanguage\":\"de\",\"potentialAction\":[{\"@type\":\"ReadAction\",\"target\":[\"https:\\\/\\\/sysmatec.ch\\\/de\\\/produit\\\/serologische-pipette\\\/\"]}]},{\"@type\":\"ImageObject\",\"inLanguage\":\"de\",\"@id\":\"https:\\\/\\\/sysmatec.ch\\\/de\\\/produit\\\/serologische-pipette\\\/#primaryimage\",\"url\":\"https:\\\/\\\/sysmatec.ch\\\/wp-content\\\/uploads\\\/2019\\\/07\\\/Consommable_CappSerologicalPipette.jpg\",\"contentUrl\":\"https:\\\/\\\/sysmatec.ch\\\/wp-content\\\/uploads\\\/2019\\\/07\\\/Consommable_CappSerologicalPipette.jpg\",\"width\":216,\"height\":225},{\"@type\":\"BreadcrumbList\",\"@id\":\"https:\\\/\\\/sysmatec.ch\\\/de\\\/produit\\\/serologische-pipette\\\/#breadcrumb\",\"itemListElement\":[{\"@type\":\"ListItem\",\"position\":1,\"name\":\"Accueil\",\"item\":\"https:\\\/\\\/sysmatec.ch\\\/de\\\/\"},{\"@type\":\"ListItem\",\"position\":2,\"name\":\"Die Aktivit\u00e4t von Sysmatec\",\"item\":\"https:\\\/\\\/sysmatec.ch\\\/de\\\/\"},{\"@type\":\"ListItem\",\"position\":3,\"name\":\"Serologische Pipetten\"}]},{\"@type\":\"WebSite\",\"@id\":\"https:\\\/\\\/sysmatec.ch\\\/de\\\/#website\",\"url\":\"https:\\\/\\\/sysmatec.ch\\\/de\\\/\",\"name\":\"Sysmatec\",\"description\":\"Equipement de laboratoire et logiciels\",\"publisher\":{\"@id\":\"https:\\\/\\\/sysmatec.ch\\\/de\\\/#organization\"},\"potentialAction\":[{\"@type\":\"SearchAction\",\"target\":{\"@type\":\"EntryPoint\",\"urlTemplate\":\"https:\\\/\\\/sysmatec.ch\\\/de\\\/?s={search_term_string}\"},\"query-input\":{\"@type\":\"PropertyValueSpecification\",\"valueRequired\":true,\"valueName\":\"search_term_string\"}}],\"inLanguage\":\"de\"},{\"@type\":\"Organization\",\"@id\":\"https:\\\/\\\/sysmatec.ch\\\/de\\\/#organization\",\"name\":\"Sysmatec\",\"url\":\"https:\\\/\\\/sysmatec.ch\\\/de\\\/\",\"logo\":{\"@type\":\"ImageObject\",\"inLanguage\":\"de\",\"@id\":\"https:\\\/\\\/sysmatec.ch\\\/de\\\/#\\\/schema\\\/logo\\\/image\\\/\",\"url\":\"https:\\\/\\\/sysmatec.ch\\\/wp-content\\\/uploads\\\/2018\\\/11\\\/LogoSysmatec.jpg\",\"contentUrl\":\"https:\\\/\\\/sysmatec.ch\\\/wp-content\\\/uploads\\\/2018\\\/11\\\/LogoSysmatec.jpg\",\"width\":301,\"height\":297,\"caption\":\"Sysmatec\"},\"image\":{\"@id\":\"https:\\\/\\\/sysmatec.ch\\\/de\\\/#\\\/schema\\\/logo\\\/image\\\/\"}}]}<\/script>\n<!-- \/ Yoast SEO plugin. -->","yoast_head_json":{"title":"Serologische Pipetten - Sysmatec","description":"Serologische Pipetten aus Polystyrol. Sie werden steril, pyrogenfrei und mit einem Wattebausch verschlossen geliefert. Sie sind gekennzeichnete Graduierungen.","robots":{"index":"index","follow":"follow","max-snippet":"max-snippet:-1","max-image-preview":"max-image-preview:large","max-video-preview":"max-video-preview:-1"},"canonical":"https:\/\/sysmatec.ch\/de\/produit\/serologische-pipette\/","og_locale":"de_DE","og_type":"article","og_title":"Serologische Pipetten - Sysmatec","og_description":"Serologische Pipetten aus Polystyrol. Sie werden steril, pyrogenfrei und mit einem Wattebausch verschlossen geliefert. Sie sind gekennzeichnete Graduierungen.","og_url":"https:\/\/sysmatec.ch\/de\/produit\/serologische-pipette\/","og_site_name":"Sysmatec","article_modified_time":"2021-12-19T08:55:55+00:00","og_image":[{"width":216,"height":225,"url":"https:\/\/sysmatec.ch\/wp-content\/uploads\/2019\/07\/Consommable_CappSerologicalPipette.jpg","type":"image\/jpeg"}],"twitter_card":"summary_large_image","twitter_misc":{"Gesch\u00e4tzte Lesezeit":"1\u00a0Minute"},"schema":{"@context":"https:\/\/schema.org","@graph":[{"@type":"WebPage","@id":"https:\/\/sysmatec.ch\/de\/produit\/serologische-pipette\/","url":"https:\/\/sysmatec.ch\/de\/produit\/serologische-pipette\/","name":"Serologische Pipetten - Sysmatec","isPartOf":{"@id":"https:\/\/sysmatec.ch\/de\/#website"},"primaryImageOfPage":{"@id":"https:\/\/sysmatec.ch\/de\/produit\/serologische-pipette\/#primaryimage"},"image":{"@id":"https:\/\/sysmatec.ch\/de\/produit\/serologische-pipette\/#primaryimage"},"thumbnailUrl":"https:\/\/sysmatec.ch\/wp-content\/uploads\/2019\/07\/Consommable_CappSerologicalPipette.jpg","datePublished":"2019-07-05T14:48:23+00:00","dateModified":"2021-12-19T08:55:55+00:00","description":"Serologische Pipetten aus Polystyrol. Sie werden steril, pyrogenfrei und mit einem Wattebausch verschlossen geliefert. Sie sind gekennzeichnete Graduierungen.","breadcrumb":{"@id":"https:\/\/sysmatec.ch\/de\/produit\/serologische-pipette\/#breadcrumb"},"inLanguage":"de","potentialAction":[{"@type":"ReadAction","target":["https:\/\/sysmatec.ch\/de\/produit\/serologische-pipette\/"]}]},{"@type":"ImageObject","inLanguage":"de","@id":"https:\/\/sysmatec.ch\/de\/produit\/serologische-pipette\/#primaryimage","url":"https:\/\/sysmatec.ch\/wp-content\/uploads\/2019\/07\/Consommable_CappSerologicalPipette.jpg","contentUrl":"https:\/\/sysmatec.ch\/wp-content\/uploads\/2019\/07\/Consommable_CappSerologicalPipette.jpg","width":216,"height":225},{"@type":"BreadcrumbList","@id":"https:\/\/sysmatec.ch\/de\/produit\/serologische-pipette\/#breadcrumb","itemListElement":[{"@type":"ListItem","position":1,"name":"Accueil","item":"https:\/\/sysmatec.ch\/de\/"},{"@type":"ListItem","position":2,"name":"Die Aktivit\u00e4t von Sysmatec","item":"https:\/\/sysmatec.ch\/de\/"},{"@type":"ListItem","position":3,"name":"Serologische Pipetten"}]},{"@type":"WebSite","@id":"https:\/\/sysmatec.ch\/de\/#website","url":"https:\/\/sysmatec.ch\/de\/","name":"Sysmatec","description":"Equipement de laboratoire et logiciels","publisher":{"@id":"https:\/\/sysmatec.ch\/de\/#organization"},"potentialAction":[{"@type":"SearchAction","target":{"@type":"EntryPoint","urlTemplate":"https:\/\/sysmatec.ch\/de\/?s={search_term_string}"},"query-input":{"@type":"PropertyValueSpecification","valueRequired":true,"valueName":"search_term_string"}}],"inLanguage":"de"},{"@type":"Organization","@id":"https:\/\/sysmatec.ch\/de\/#organization","name":"Sysmatec","url":"https:\/\/sysmatec.ch\/de\/","logo":{"@type":"ImageObject","inLanguage":"de","@id":"https:\/\/sysmatec.ch\/de\/#\/schema\/logo\/image\/","url":"https:\/\/sysmatec.ch\/wp-content\/uploads\/2018\/11\/LogoSysmatec.jpg","contentUrl":"https:\/\/sysmatec.ch\/wp-content\/uploads\/2018\/11\/LogoSysmatec.jpg","width":301,"height":297,"caption":"Sysmatec"},"image":{"@id":"https:\/\/sysmatec.ch\/de\/#\/schema\/logo\/image\/"}}]}},"_links":{"self":[{"href":"https:\/\/sysmatec.ch\/de\/wp-json\/wp\/v2\/product\/8407","targetHints":{"allow":["GET"]}}],"collection":[{"href":"https:\/\/sysmatec.ch\/de\/wp-json\/wp\/v2\/product"}],"about":[{"href":"https:\/\/sysmatec.ch\/de\/wp-json\/wp\/v2\/types\/product"}],"wp:featuredmedia":[{"embeddable":true,"href":"https:\/\/sysmatec.ch\/de\/wp-json\/wp\/v2\/media\/8402"}],"wp:attachment":[{"href":"https:\/\/sysmatec.ch\/de\/wp-json\/wp\/v2\/media?parent=8407"}],"wp:term":[{"taxonomy":"product_brand","embeddable":true,"href":"https:\/\/sysmatec.ch\/de\/wp-json\/wp\/v2\/product_brand?post=8407"},{"taxonomy":"product_cat","embeddable":true,"href":"https:\/\/sysmatec.ch\/de\/wp-json\/wp\/v2\/product_cat?post=8407"},{"taxonomy":"product_tag","embeddable":true,"href":"https:\/\/sysmatec.ch\/de\/wp-json\/wp\/v2\/product_tag?post=8407"}],"curies":[{"name":"wp","href":"https:\/\/api.w.org\/{rel}","templated":true}]}}