{"id":8404,"date":"2019-07-05T16:41:11","date_gmt":"2019-07-05T14:41:11","guid":{"rendered":"https:\/\/sysmatec.ch\/produit\/seringues-pour-pipette-distributrice\/"},"modified":"2021-12-19T10:07:39","modified_gmt":"2021-12-19T09:07:39","slug":"stepper-spritze","status":"publish","type":"product","link":"https:\/\/sysmatec.ch\/de\/Produkt\/stepper-spritze\/","title":{"rendered":"Stepper Spritze"},"content":{"rendered":"<p>Die hochpr\u00e4zisen Spritzen f\u00fcr den Stepper von Capp sind in acht Gr\u00f6\u00dfen von 50ul bis zu 50ml, und sowohl als Gro\u00dfpackung wie auch steril und individuell verpackt, erh\u00e4ltlich. Zusammen mit dem CappRhythm Stepper bieten sie eine komplette L\u00f6sung f\u00fcr Routineanwendungen, die eine hohe Sicherheit, Genauigkeit und Reproduzierbarkeit erfordern, da jede einzelne Spritze maschinell gepr\u00fcft wird. Die Spritzen f\u00fcr den CappHarmony Stepper sind mit vielen herk\u00f6mmlichen Steppern kompatibel.<\/p>\n<p>Bulk<\/p>\n<table border=\"1\" width=\"513\" cellspacing=\"0\" cellpadding=\"2\">\n<tbody>\n<tr>\n<td>Ref. Nr<\/td>\n<td>Beschreibung<\/td>\n<\/tr>\n<tr>\n<td>RS-01-C<\/td>\n<td>Spritzen Capp Harmony 0.05 ml, 100 pcs<\/td>\n<\/tr>\n<tr>\n<td>RS-02-C<\/td>\n<td>Spritzen Capp Harmony 0.5 ml, 100 pcs<\/td>\n<\/tr>\n<tr>\n<td>RS-03-C<\/td>\n<td>Spritzen Capp Harmony 1.25 ml, 100 pcs<\/td>\n<\/tr>\n<tr>\n<td>RS-04-C<\/td>\n<td>Spritzen Capp Harmony 2.5 ml, 100 pcs<\/td>\n<\/tr>\n<tr>\n<td>RS-05-C<\/td>\n<td>Spritzen Capp Harmony 5.0 ml, 100 pcs<\/td>\n<\/tr>\n<tr>\n<td>RS-06-C<\/td>\n<td>Spritzen Capp Harmony 12.5 ml, 100 pcs<\/td>\n<\/tr>\n<tr>\n<td>RS-07-C<\/td>\n<td>Spritzen Capp Harmony 25 ml, 25 pcs<\/td>\n<\/tr>\n<tr>\n<td>RS-08-C<\/td>\n<td>Spritzen Capp Harmony 50 ml, 25 pcs<\/td>\n<\/tr>\n<\/tbody>\n<\/table>\n<p>Sterile, individuel verpackt<\/p>\n<table border=\"1\" width=\"513\" cellspacing=\"0\" cellpadding=\"2\">\n<tbody>\n<tr>\n<td>Ref. Nr<\/td>\n<td>Beschreibung<\/td>\n<\/tr>\n<tr>\n<td>RS-01S-C<\/td>\n<td>Spritzen Capp Harmony 0,05 ml, sterile, individually packed, 100 pcs<\/td>\n<\/tr>\n<tr>\n<td>RS-02S-C<\/td>\n<td>Spritzen Capp Harmony 0.5 ml, sterile, individually packed, 100 pcs<\/td>\n<\/tr>\n<tr>\n<td>RS-03S-C<\/td>\n<td>Spritzen Capp Harmony 1.25 ml, sterile, individually packed, 100 pcs<\/td>\n<\/tr>\n<tr>\n<td>RS-04S-C<\/td>\n<td>Spritzen Capp Harmony 2.5 ml, sterile, individually packed, 100 pcs<\/td>\n<\/tr>\n<tr>\n<td>RS-05S-C<\/td>\n<td>Spritzen Capp Harmony 5.0 ml, sterile, individually packed, 100 pcs<\/td>\n<\/tr>\n<tr>\n<td>RS-06S-C<\/td>\n<td>Spritzen Capp Harmony 12.5 ml, sterile, individually packed, 100 pcs<\/td>\n<\/tr>\n<tr>\n<td>RS-07S-C<\/td>\n<td>Spritzen Capp Harmony 25.0 ml, sterile, individually packed, 25 pcs<\/td>\n<\/tr>\n<tr>\n<td>RS-08S-C<\/td>\n<td>Spritzen Capp Harmony 50.0 ml, sterile, individually packed, 25 pcs<\/td>\n<\/tr>\n<\/tbody>\n<\/table>\n","protected":false},"excerpt":{"rendered":"<p>Stepper Spritze<\/p>\n","protected":false},"featured_media":8399,"template":"","meta":{"_crdt_document":""},"product_brand":[],"product_cat":[279,388],"product_tag":[],"class_list":{"0":"post-8404","1":"product","2":"type-product","3":"status-publish","4":"has-post-thumbnail","6":"product_cat-verbrauchsmaterial","7":"product_cat-verteilung","9":"first","10":"instock","11":"taxable","12":"shipping-taxable","13":"product-type-simple"},"yoast_head":"<!-- This site is optimized with the Yoast SEO plugin v27.3 - https:\/\/yoast.com\/product\/yoast-seo-wordpress\/ -->\n<title>Stepper Spritze - Sysmatec<\/title>\n<meta name=\"description\" content=\"Spritzen zum Dosieren von Pipetten einzeln steril verpackt oder lose. Erh\u00e4ltlich in 8 Gr\u00f6\u00dfen von 50 \u00b5l bis 50 ml.\" \/>\n<meta name=\"robots\" content=\"index, follow, max-snippet:-1, max-image-preview:large, max-video-preview:-1\" \/>\n<link rel=\"canonical\" href=\"https:\/\/sysmatec.ch\/de\/produit\/stepper-spritze\/\" \/>\n<meta property=\"og:locale\" content=\"de_DE\" \/>\n<meta property=\"og:type\" content=\"article\" \/>\n<meta property=\"og:title\" content=\"Stepper Spritze - Sysmatec\" \/>\n<meta property=\"og:description\" content=\"Spritzen zum Dosieren von Pipetten einzeln steril verpackt oder lose. Erh\u00e4ltlich in 8 Gr\u00f6\u00dfen von 50 \u00b5l bis 50 ml.\" \/>\n<meta property=\"og:url\" content=\"https:\/\/sysmatec.ch\/de\/produit\/stepper-spritze\/\" \/>\n<meta property=\"og:site_name\" content=\"Sysmatec\" \/>\n<meta property=\"article:modified_time\" content=\"2021-12-19T09:07:39+00:00\" \/>\n<meta property=\"og:image\" content=\"https:\/\/sysmatec.ch\/wp-content\/uploads\/2019\/07\/Consommable_CappRepeaterSyringe.jpg\" \/>\n\t<meta property=\"og:image:width\" content=\"205\" \/>\n\t<meta property=\"og:image:height\" content=\"141\" \/>\n\t<meta property=\"og:image:type\" content=\"image\/jpeg\" \/>\n<meta name=\"twitter:card\" content=\"summary_large_image\" \/>\n<meta name=\"twitter:label1\" content=\"Gesch\u00e4tzte Lesezeit\" \/>\n\t<meta name=\"twitter:data1\" content=\"2\u00a0Minuten\" \/>\n<script type=\"application\/ld+json\" class=\"yoast-schema-graph\">{\"@context\":\"https:\\\/\\\/schema.org\",\"@graph\":[{\"@type\":\"WebPage\",\"@id\":\"https:\\\/\\\/sysmatec.ch\\\/de\\\/produit\\\/stepper-spritze\\\/\",\"url\":\"https:\\\/\\\/sysmatec.ch\\\/de\\\/produit\\\/stepper-spritze\\\/\",\"name\":\"Stepper Spritze - Sysmatec\",\"isPartOf\":{\"@id\":\"https:\\\/\\\/sysmatec.ch\\\/de\\\/#website\"},\"primaryImageOfPage\":{\"@id\":\"https:\\\/\\\/sysmatec.ch\\\/de\\\/produit\\\/stepper-spritze\\\/#primaryimage\"},\"image\":{\"@id\":\"https:\\\/\\\/sysmatec.ch\\\/de\\\/produit\\\/stepper-spritze\\\/#primaryimage\"},\"thumbnailUrl\":\"https:\\\/\\\/sysmatec.ch\\\/wp-content\\\/uploads\\\/2019\\\/07\\\/Consommable_CappRepeaterSyringe.jpg\",\"datePublished\":\"2019-07-05T14:41:11+00:00\",\"dateModified\":\"2021-12-19T09:07:39+00:00\",\"description\":\"Spritzen zum Dosieren von Pipetten einzeln steril verpackt oder lose. Erh\u00e4ltlich in 8 Gr\u00f6\u00dfen von 50 \u00b5l bis 50 ml.\",\"breadcrumb\":{\"@id\":\"https:\\\/\\\/sysmatec.ch\\\/de\\\/produit\\\/stepper-spritze\\\/#breadcrumb\"},\"inLanguage\":\"de\",\"potentialAction\":[{\"@type\":\"ReadAction\",\"target\":[\"https:\\\/\\\/sysmatec.ch\\\/de\\\/produit\\\/stepper-spritze\\\/\"]}]},{\"@type\":\"ImageObject\",\"inLanguage\":\"de\",\"@id\":\"https:\\\/\\\/sysmatec.ch\\\/de\\\/produit\\\/stepper-spritze\\\/#primaryimage\",\"url\":\"https:\\\/\\\/sysmatec.ch\\\/wp-content\\\/uploads\\\/2019\\\/07\\\/Consommable_CappRepeaterSyringe.jpg\",\"contentUrl\":\"https:\\\/\\\/sysmatec.ch\\\/wp-content\\\/uploads\\\/2019\\\/07\\\/Consommable_CappRepeaterSyringe.jpg\",\"width\":205,\"height\":141},{\"@type\":\"BreadcrumbList\",\"@id\":\"https:\\\/\\\/sysmatec.ch\\\/de\\\/produit\\\/stepper-spritze\\\/#breadcrumb\",\"itemListElement\":[{\"@type\":\"ListItem\",\"position\":1,\"name\":\"Accueil\",\"item\":\"https:\\\/\\\/sysmatec.ch\\\/de\\\/\"},{\"@type\":\"ListItem\",\"position\":2,\"name\":\"Die Aktivit\u00e4t von Sysmatec\",\"item\":\"https:\\\/\\\/sysmatec.ch\\\/de\\\/\"},{\"@type\":\"ListItem\",\"position\":3,\"name\":\"Stepper Spritze\"}]},{\"@type\":\"WebSite\",\"@id\":\"https:\\\/\\\/sysmatec.ch\\\/de\\\/#website\",\"url\":\"https:\\\/\\\/sysmatec.ch\\\/de\\\/\",\"name\":\"Sysmatec\",\"description\":\"Equipement de laboratoire et logiciels\",\"publisher\":{\"@id\":\"https:\\\/\\\/sysmatec.ch\\\/de\\\/#organization\"},\"potentialAction\":[{\"@type\":\"SearchAction\",\"target\":{\"@type\":\"EntryPoint\",\"urlTemplate\":\"https:\\\/\\\/sysmatec.ch\\\/de\\\/?s={search_term_string}\"},\"query-input\":{\"@type\":\"PropertyValueSpecification\",\"valueRequired\":true,\"valueName\":\"search_term_string\"}}],\"inLanguage\":\"de\"},{\"@type\":\"Organization\",\"@id\":\"https:\\\/\\\/sysmatec.ch\\\/de\\\/#organization\",\"name\":\"Sysmatec\",\"url\":\"https:\\\/\\\/sysmatec.ch\\\/de\\\/\",\"logo\":{\"@type\":\"ImageObject\",\"inLanguage\":\"de\",\"@id\":\"https:\\\/\\\/sysmatec.ch\\\/de\\\/#\\\/schema\\\/logo\\\/image\\\/\",\"url\":\"https:\\\/\\\/sysmatec.ch\\\/wp-content\\\/uploads\\\/2018\\\/11\\\/LogoSysmatec.jpg\",\"contentUrl\":\"https:\\\/\\\/sysmatec.ch\\\/wp-content\\\/uploads\\\/2018\\\/11\\\/LogoSysmatec.jpg\",\"width\":301,\"height\":297,\"caption\":\"Sysmatec\"},\"image\":{\"@id\":\"https:\\\/\\\/sysmatec.ch\\\/de\\\/#\\\/schema\\\/logo\\\/image\\\/\"}}]}<\/script>\n<!-- \/ Yoast SEO plugin. -->","yoast_head_json":{"title":"Stepper Spritze - Sysmatec","description":"Spritzen zum Dosieren von Pipetten einzeln steril verpackt oder lose. Erh\u00e4ltlich in 8 Gr\u00f6\u00dfen von 50 \u00b5l bis 50 ml.","robots":{"index":"index","follow":"follow","max-snippet":"max-snippet:-1","max-image-preview":"max-image-preview:large","max-video-preview":"max-video-preview:-1"},"canonical":"https:\/\/sysmatec.ch\/de\/produit\/stepper-spritze\/","og_locale":"de_DE","og_type":"article","og_title":"Stepper Spritze - Sysmatec","og_description":"Spritzen zum Dosieren von Pipetten einzeln steril verpackt oder lose. Erh\u00e4ltlich in 8 Gr\u00f6\u00dfen von 50 \u00b5l bis 50 ml.","og_url":"https:\/\/sysmatec.ch\/de\/produit\/stepper-spritze\/","og_site_name":"Sysmatec","article_modified_time":"2021-12-19T09:07:39+00:00","og_image":[{"width":205,"height":141,"url":"https:\/\/sysmatec.ch\/wp-content\/uploads\/2019\/07\/Consommable_CappRepeaterSyringe.jpg","type":"image\/jpeg"}],"twitter_card":"summary_large_image","twitter_misc":{"Gesch\u00e4tzte Lesezeit":"2\u00a0Minuten"},"schema":{"@context":"https:\/\/schema.org","@graph":[{"@type":"WebPage","@id":"https:\/\/sysmatec.ch\/de\/produit\/stepper-spritze\/","url":"https:\/\/sysmatec.ch\/de\/produit\/stepper-spritze\/","name":"Stepper Spritze - Sysmatec","isPartOf":{"@id":"https:\/\/sysmatec.ch\/de\/#website"},"primaryImageOfPage":{"@id":"https:\/\/sysmatec.ch\/de\/produit\/stepper-spritze\/#primaryimage"},"image":{"@id":"https:\/\/sysmatec.ch\/de\/produit\/stepper-spritze\/#primaryimage"},"thumbnailUrl":"https:\/\/sysmatec.ch\/wp-content\/uploads\/2019\/07\/Consommable_CappRepeaterSyringe.jpg","datePublished":"2019-07-05T14:41:11+00:00","dateModified":"2021-12-19T09:07:39+00:00","description":"Spritzen zum Dosieren von Pipetten einzeln steril verpackt oder lose. Erh\u00e4ltlich in 8 Gr\u00f6\u00dfen von 50 \u00b5l bis 50 ml.","breadcrumb":{"@id":"https:\/\/sysmatec.ch\/de\/produit\/stepper-spritze\/#breadcrumb"},"inLanguage":"de","potentialAction":[{"@type":"ReadAction","target":["https:\/\/sysmatec.ch\/de\/produit\/stepper-spritze\/"]}]},{"@type":"ImageObject","inLanguage":"de","@id":"https:\/\/sysmatec.ch\/de\/produit\/stepper-spritze\/#primaryimage","url":"https:\/\/sysmatec.ch\/wp-content\/uploads\/2019\/07\/Consommable_CappRepeaterSyringe.jpg","contentUrl":"https:\/\/sysmatec.ch\/wp-content\/uploads\/2019\/07\/Consommable_CappRepeaterSyringe.jpg","width":205,"height":141},{"@type":"BreadcrumbList","@id":"https:\/\/sysmatec.ch\/de\/produit\/stepper-spritze\/#breadcrumb","itemListElement":[{"@type":"ListItem","position":1,"name":"Accueil","item":"https:\/\/sysmatec.ch\/de\/"},{"@type":"ListItem","position":2,"name":"Die Aktivit\u00e4t von Sysmatec","item":"https:\/\/sysmatec.ch\/de\/"},{"@type":"ListItem","position":3,"name":"Stepper Spritze"}]},{"@type":"WebSite","@id":"https:\/\/sysmatec.ch\/de\/#website","url":"https:\/\/sysmatec.ch\/de\/","name":"Sysmatec","description":"Equipement de laboratoire et logiciels","publisher":{"@id":"https:\/\/sysmatec.ch\/de\/#organization"},"potentialAction":[{"@type":"SearchAction","target":{"@type":"EntryPoint","urlTemplate":"https:\/\/sysmatec.ch\/de\/?s={search_term_string}"},"query-input":{"@type":"PropertyValueSpecification","valueRequired":true,"valueName":"search_term_string"}}],"inLanguage":"de"},{"@type":"Organization","@id":"https:\/\/sysmatec.ch\/de\/#organization","name":"Sysmatec","url":"https:\/\/sysmatec.ch\/de\/","logo":{"@type":"ImageObject","inLanguage":"de","@id":"https:\/\/sysmatec.ch\/de\/#\/schema\/logo\/image\/","url":"https:\/\/sysmatec.ch\/wp-content\/uploads\/2018\/11\/LogoSysmatec.jpg","contentUrl":"https:\/\/sysmatec.ch\/wp-content\/uploads\/2018\/11\/LogoSysmatec.jpg","width":301,"height":297,"caption":"Sysmatec"},"image":{"@id":"https:\/\/sysmatec.ch\/de\/#\/schema\/logo\/image\/"}}]}},"_links":{"self":[{"href":"https:\/\/sysmatec.ch\/de\/wp-json\/wp\/v2\/product\/8404","targetHints":{"allow":["GET"]}}],"collection":[{"href":"https:\/\/sysmatec.ch\/de\/wp-json\/wp\/v2\/product"}],"about":[{"href":"https:\/\/sysmatec.ch\/de\/wp-json\/wp\/v2\/types\/product"}],"wp:featuredmedia":[{"embeddable":true,"href":"https:\/\/sysmatec.ch\/de\/wp-json\/wp\/v2\/media\/8399"}],"wp:attachment":[{"href":"https:\/\/sysmatec.ch\/de\/wp-json\/wp\/v2\/media?parent=8404"}],"wp:term":[{"taxonomy":"product_brand","embeddable":true,"href":"https:\/\/sysmatec.ch\/de\/wp-json\/wp\/v2\/product_brand?post=8404"},{"taxonomy":"product_cat","embeddable":true,"href":"https:\/\/sysmatec.ch\/de\/wp-json\/wp\/v2\/product_cat?post=8404"},{"taxonomy":"product_tag","embeddable":true,"href":"https:\/\/sysmatec.ch\/de\/wp-json\/wp\/v2\/product_tag?post=8404"}],"curies":[{"name":"wp","href":"https:\/\/api.w.org\/{rel}","templated":true}]}}