{"id":8394,"date":"2019-07-05T16:27:45","date_gmt":"2019-07-05T14:27:45","guid":{"rendered":"https:\/\/sysmatec.ch\/produit\/pointes-de-pipettes-expellplus-emballees-individuellement\/"},"modified":"2021-12-19T10:13:49","modified_gmt":"2021-12-19T09:13:49","slug":"einzeln-verpackte-expellplus-pipettenspitze","status":"publish","type":"product","link":"https:\/\/sysmatec.ch\/de\/Produkt\/einzeln-verpackte-expellplus-pipettenspitze\/","title":{"rendered":"Einzeln verpackte ExpellPlus Pipettenspitzen"},"content":{"rendered":"<p>Empfindliche Anwendungen, die die strengsten aseptischen Bedingungen erfordern, k\u00f6nnen nun bequem mit den neuen, einzeln verpackten Pipettenspitzen durchgef\u00fchrt werden. Die einzigartige Einzelverpackung der ExpellPlus einzeln verpackten Pipettenspitzen sorgt f\u00fcr Sterilit\u00e4t f\u00fcr jeden einzelnen Pipettierzyklus und maximiert so Leistung der sterilen Spitzen. Die neuen ExpellPlus einzeln verpackten Pipettenspitzen sind frei von Endotoxin-, DNA-, DNase-, RNase- und PCR-Inhibitoren und sichern die h\u00f6chsten Reinheitsstandards.<\/p>\n<p>Ihre niedrigen Retentionseigenschaften minimieren die Probenbindung innerhalb der Spitze und machen ExpellPlus einzeln verpackte Pipettenspitzen ideal f\u00fcr Anwendungen, die eine hohe Genauigkeit und Reproduzierbarkeit erfordern.<\/p>\n<p>ExpellPlus einzeln verpackte Pipettenspitzen sind in vier Volumengr\u00f6\u00dfen erh\u00e4ltlich:<\/p>\n<ul>\n<li type=\"disc\">1 0ul Standardl\u00e4nge<\/li>\n<li type=\"disc\">10 ul verl\u00e4ngerte L\u00e4nge<\/li>\n<li type=\"disc\">200 ul<\/li>\n<li type=\"disc\">1000-1250 ul<\/li>\n<\/ul>\n","protected":false},"excerpt":{"rendered":"<p>Einzeln verpackte ExpellPlus Pipettenspitzen<\/p>\n","protected":false},"featured_media":8380,"template":"","meta":{"_crdt_document":""},"product_brand":[],"product_cat":[279,388],"product_tag":[],"class_list":{"0":"post-8394","1":"product","2":"type-product","3":"status-publish","4":"has-post-thumbnail","6":"product_cat-verbrauchsmaterial","7":"product_cat-verteilung","9":"first","10":"instock","11":"taxable","12":"shipping-taxable","13":"product-type-simple"},"yoast_head":"<!-- This site is optimized with the Yoast SEO plugin v27.4 - https:\/\/yoast.com\/product\/yoast-seo-wordpress\/ -->\n<title>Einzeln verpackte ExpellPlus Pipettenspitzen - Sysmatec<\/title>\n<meta name=\"description\" content=\"Einzeln verpackte sterile Pipettenspitzen. Diese Spitzen sind frei von Endotoxin, DNA, DNase, RNase und PCR-Inhibitor.\" \/>\n<meta name=\"robots\" content=\"index, follow, max-snippet:-1, max-image-preview:large, max-video-preview:-1\" \/>\n<link rel=\"canonical\" href=\"https:\/\/sysmatec.ch\/de\/produit\/einzeln-verpackte-expellplus-pipettenspitze\/\" \/>\n<meta property=\"og:locale\" content=\"de_DE\" \/>\n<meta property=\"og:type\" content=\"article\" \/>\n<meta property=\"og:title\" content=\"Einzeln verpackte ExpellPlus Pipettenspitzen - Sysmatec\" \/>\n<meta property=\"og:description\" content=\"Einzeln verpackte sterile Pipettenspitzen. Diese Spitzen sind frei von Endotoxin, DNA, DNase, RNase und PCR-Inhibitor.\" \/>\n<meta property=\"og:url\" content=\"https:\/\/sysmatec.ch\/de\/produit\/einzeln-verpackte-expellplus-pipettenspitze\/\" \/>\n<meta property=\"og:site_name\" content=\"Sysmatec\" \/>\n<meta property=\"article:modified_time\" content=\"2021-12-19T09:13:49+00:00\" \/>\n<meta property=\"og:image\" content=\"https:\/\/sysmatec.ch\/wp-content\/uploads\/2019\/07\/Consommable_CappPipette5.jpg\" \/>\n\t<meta property=\"og:image:width\" content=\"193\" \/>\n\t<meta property=\"og:image:height\" content=\"37\" \/>\n\t<meta property=\"og:image:type\" content=\"image\/jpeg\" \/>\n<meta name=\"twitter:card\" content=\"summary_large_image\" \/>\n<meta name=\"twitter:label1\" content=\"Gesch\u00e4tzte Lesezeit\" \/>\n\t<meta name=\"twitter:data1\" content=\"1\u00a0Minute\" \/>\n<script type=\"application\/ld+json\" class=\"yoast-schema-graph\">{\"@context\":\"https:\\\/\\\/schema.org\",\"@graph\":[{\"@type\":\"WebPage\",\"@id\":\"https:\\\/\\\/sysmatec.ch\\\/de\\\/produit\\\/einzeln-verpackte-expellplus-pipettenspitze\\\/\",\"url\":\"https:\\\/\\\/sysmatec.ch\\\/de\\\/produit\\\/einzeln-verpackte-expellplus-pipettenspitze\\\/\",\"name\":\"Einzeln verpackte ExpellPlus Pipettenspitzen - Sysmatec\",\"isPartOf\":{\"@id\":\"https:\\\/\\\/sysmatec.ch\\\/de\\\/#website\"},\"primaryImageOfPage\":{\"@id\":\"https:\\\/\\\/sysmatec.ch\\\/de\\\/produit\\\/einzeln-verpackte-expellplus-pipettenspitze\\\/#primaryimage\"},\"image\":{\"@id\":\"https:\\\/\\\/sysmatec.ch\\\/de\\\/produit\\\/einzeln-verpackte-expellplus-pipettenspitze\\\/#primaryimage\"},\"thumbnailUrl\":\"https:\\\/\\\/sysmatec.ch\\\/wp-content\\\/uploads\\\/2019\\\/07\\\/Consommable_CappPipette5.jpg\",\"datePublished\":\"2019-07-05T14:27:45+00:00\",\"dateModified\":\"2021-12-19T09:13:49+00:00\",\"description\":\"Einzeln verpackte sterile Pipettenspitzen. Diese Spitzen sind frei von Endotoxin, DNA, DNase, RNase und PCR-Inhibitor.\",\"breadcrumb\":{\"@id\":\"https:\\\/\\\/sysmatec.ch\\\/de\\\/produit\\\/einzeln-verpackte-expellplus-pipettenspitze\\\/#breadcrumb\"},\"inLanguage\":\"de\",\"potentialAction\":[{\"@type\":\"ReadAction\",\"target\":[\"https:\\\/\\\/sysmatec.ch\\\/de\\\/produit\\\/einzeln-verpackte-expellplus-pipettenspitze\\\/\"]}]},{\"@type\":\"ImageObject\",\"inLanguage\":\"de\",\"@id\":\"https:\\\/\\\/sysmatec.ch\\\/de\\\/produit\\\/einzeln-verpackte-expellplus-pipettenspitze\\\/#primaryimage\",\"url\":\"https:\\\/\\\/sysmatec.ch\\\/wp-content\\\/uploads\\\/2019\\\/07\\\/Consommable_CappPipette5.jpg\",\"contentUrl\":\"https:\\\/\\\/sysmatec.ch\\\/wp-content\\\/uploads\\\/2019\\\/07\\\/Consommable_CappPipette5.jpg\",\"width\":193,\"height\":37},{\"@type\":\"BreadcrumbList\",\"@id\":\"https:\\\/\\\/sysmatec.ch\\\/de\\\/produit\\\/einzeln-verpackte-expellplus-pipettenspitze\\\/#breadcrumb\",\"itemListElement\":[{\"@type\":\"ListItem\",\"position\":1,\"name\":\"Accueil\",\"item\":\"https:\\\/\\\/sysmatec.ch\\\/de\\\/\"},{\"@type\":\"ListItem\",\"position\":2,\"name\":\"Die Aktivit\u00e4t von Sysmatec\",\"item\":\"https:\\\/\\\/sysmatec.ch\\\/de\\\/\"},{\"@type\":\"ListItem\",\"position\":3,\"name\":\"Einzeln verpackte ExpellPlus Pipettenspitzen\"}]},{\"@type\":\"WebSite\",\"@id\":\"https:\\\/\\\/sysmatec.ch\\\/de\\\/#website\",\"url\":\"https:\\\/\\\/sysmatec.ch\\\/de\\\/\",\"name\":\"Sysmatec\",\"description\":\"Equipement de laboratoire et logiciels\",\"publisher\":{\"@id\":\"https:\\\/\\\/sysmatec.ch\\\/de\\\/#organization\"},\"potentialAction\":[{\"@type\":\"SearchAction\",\"target\":{\"@type\":\"EntryPoint\",\"urlTemplate\":\"https:\\\/\\\/sysmatec.ch\\\/de\\\/?s={search_term_string}\"},\"query-input\":{\"@type\":\"PropertyValueSpecification\",\"valueRequired\":true,\"valueName\":\"search_term_string\"}}],\"inLanguage\":\"de\"},{\"@type\":\"Organization\",\"@id\":\"https:\\\/\\\/sysmatec.ch\\\/de\\\/#organization\",\"name\":\"Sysmatec\",\"url\":\"https:\\\/\\\/sysmatec.ch\\\/de\\\/\",\"logo\":{\"@type\":\"ImageObject\",\"inLanguage\":\"de\",\"@id\":\"https:\\\/\\\/sysmatec.ch\\\/de\\\/#\\\/schema\\\/logo\\\/image\\\/\",\"url\":\"https:\\\/\\\/sysmatec.ch\\\/wp-content\\\/uploads\\\/2018\\\/11\\\/LogoSysmatec.jpg\",\"contentUrl\":\"https:\\\/\\\/sysmatec.ch\\\/wp-content\\\/uploads\\\/2018\\\/11\\\/LogoSysmatec.jpg\",\"width\":301,\"height\":297,\"caption\":\"Sysmatec\"},\"image\":{\"@id\":\"https:\\\/\\\/sysmatec.ch\\\/de\\\/#\\\/schema\\\/logo\\\/image\\\/\"}}]}<\/script>\n<!-- \/ Yoast SEO plugin. -->","yoast_head_json":{"title":"Einzeln verpackte ExpellPlus Pipettenspitzen - Sysmatec","description":"Einzeln verpackte sterile Pipettenspitzen. Diese Spitzen sind frei von Endotoxin, DNA, DNase, RNase und PCR-Inhibitor.","robots":{"index":"index","follow":"follow","max-snippet":"max-snippet:-1","max-image-preview":"max-image-preview:large","max-video-preview":"max-video-preview:-1"},"canonical":"https:\/\/sysmatec.ch\/de\/produit\/einzeln-verpackte-expellplus-pipettenspitze\/","og_locale":"de_DE","og_type":"article","og_title":"Einzeln verpackte ExpellPlus Pipettenspitzen - Sysmatec","og_description":"Einzeln verpackte sterile Pipettenspitzen. Diese Spitzen sind frei von Endotoxin, DNA, DNase, RNase und PCR-Inhibitor.","og_url":"https:\/\/sysmatec.ch\/de\/produit\/einzeln-verpackte-expellplus-pipettenspitze\/","og_site_name":"Sysmatec","article_modified_time":"2021-12-19T09:13:49+00:00","og_image":[{"width":193,"height":37,"url":"https:\/\/sysmatec.ch\/wp-content\/uploads\/2019\/07\/Consommable_CappPipette5.jpg","type":"image\/jpeg"}],"twitter_card":"summary_large_image","twitter_misc":{"Gesch\u00e4tzte Lesezeit":"1\u00a0Minute"},"schema":{"@context":"https:\/\/schema.org","@graph":[{"@type":"WebPage","@id":"https:\/\/sysmatec.ch\/de\/produit\/einzeln-verpackte-expellplus-pipettenspitze\/","url":"https:\/\/sysmatec.ch\/de\/produit\/einzeln-verpackte-expellplus-pipettenspitze\/","name":"Einzeln verpackte ExpellPlus Pipettenspitzen - Sysmatec","isPartOf":{"@id":"https:\/\/sysmatec.ch\/de\/#website"},"primaryImageOfPage":{"@id":"https:\/\/sysmatec.ch\/de\/produit\/einzeln-verpackte-expellplus-pipettenspitze\/#primaryimage"},"image":{"@id":"https:\/\/sysmatec.ch\/de\/produit\/einzeln-verpackte-expellplus-pipettenspitze\/#primaryimage"},"thumbnailUrl":"https:\/\/sysmatec.ch\/wp-content\/uploads\/2019\/07\/Consommable_CappPipette5.jpg","datePublished":"2019-07-05T14:27:45+00:00","dateModified":"2021-12-19T09:13:49+00:00","description":"Einzeln verpackte sterile Pipettenspitzen. Diese Spitzen sind frei von Endotoxin, DNA, DNase, RNase und PCR-Inhibitor.","breadcrumb":{"@id":"https:\/\/sysmatec.ch\/de\/produit\/einzeln-verpackte-expellplus-pipettenspitze\/#breadcrumb"},"inLanguage":"de","potentialAction":[{"@type":"ReadAction","target":["https:\/\/sysmatec.ch\/de\/produit\/einzeln-verpackte-expellplus-pipettenspitze\/"]}]},{"@type":"ImageObject","inLanguage":"de","@id":"https:\/\/sysmatec.ch\/de\/produit\/einzeln-verpackte-expellplus-pipettenspitze\/#primaryimage","url":"https:\/\/sysmatec.ch\/wp-content\/uploads\/2019\/07\/Consommable_CappPipette5.jpg","contentUrl":"https:\/\/sysmatec.ch\/wp-content\/uploads\/2019\/07\/Consommable_CappPipette5.jpg","width":193,"height":37},{"@type":"BreadcrumbList","@id":"https:\/\/sysmatec.ch\/de\/produit\/einzeln-verpackte-expellplus-pipettenspitze\/#breadcrumb","itemListElement":[{"@type":"ListItem","position":1,"name":"Accueil","item":"https:\/\/sysmatec.ch\/de\/"},{"@type":"ListItem","position":2,"name":"Die Aktivit\u00e4t von Sysmatec","item":"https:\/\/sysmatec.ch\/de\/"},{"@type":"ListItem","position":3,"name":"Einzeln verpackte ExpellPlus Pipettenspitzen"}]},{"@type":"WebSite","@id":"https:\/\/sysmatec.ch\/de\/#website","url":"https:\/\/sysmatec.ch\/de\/","name":"Sysmatec","description":"Equipement de laboratoire et logiciels","publisher":{"@id":"https:\/\/sysmatec.ch\/de\/#organization"},"potentialAction":[{"@type":"SearchAction","target":{"@type":"EntryPoint","urlTemplate":"https:\/\/sysmatec.ch\/de\/?s={search_term_string}"},"query-input":{"@type":"PropertyValueSpecification","valueRequired":true,"valueName":"search_term_string"}}],"inLanguage":"de"},{"@type":"Organization","@id":"https:\/\/sysmatec.ch\/de\/#organization","name":"Sysmatec","url":"https:\/\/sysmatec.ch\/de\/","logo":{"@type":"ImageObject","inLanguage":"de","@id":"https:\/\/sysmatec.ch\/de\/#\/schema\/logo\/image\/","url":"https:\/\/sysmatec.ch\/wp-content\/uploads\/2018\/11\/LogoSysmatec.jpg","contentUrl":"https:\/\/sysmatec.ch\/wp-content\/uploads\/2018\/11\/LogoSysmatec.jpg","width":301,"height":297,"caption":"Sysmatec"},"image":{"@id":"https:\/\/sysmatec.ch\/de\/#\/schema\/logo\/image\/"}}]}},"_links":{"self":[{"href":"https:\/\/sysmatec.ch\/de\/wp-json\/wp\/v2\/product\/8394","targetHints":{"allow":["GET"]}}],"collection":[{"href":"https:\/\/sysmatec.ch\/de\/wp-json\/wp\/v2\/product"}],"about":[{"href":"https:\/\/sysmatec.ch\/de\/wp-json\/wp\/v2\/types\/product"}],"wp:featuredmedia":[{"embeddable":true,"href":"https:\/\/sysmatec.ch\/de\/wp-json\/wp\/v2\/media\/8380"}],"wp:attachment":[{"href":"https:\/\/sysmatec.ch\/de\/wp-json\/wp\/v2\/media?parent=8394"}],"wp:term":[{"taxonomy":"product_brand","embeddable":true,"href":"https:\/\/sysmatec.ch\/de\/wp-json\/wp\/v2\/product_brand?post=8394"},{"taxonomy":"product_cat","embeddable":true,"href":"https:\/\/sysmatec.ch\/de\/wp-json\/wp\/v2\/product_cat?post=8394"},{"taxonomy":"product_tag","embeddable":true,"href":"https:\/\/sysmatec.ch\/de\/wp-json\/wp\/v2\/product_tag?post=8394"}],"curies":[{"name":"wp","href":"https:\/\/api.w.org\/{rel}","templated":true}]}}