{"id":8371,"date":"2019-07-05T15:42:45","date_gmt":"2019-07-05T13:42:45","guid":{"rendered":"https:\/\/sysmatec.ch\/produit\/embouts-de-pipette-etroits-10-ul-expell-et-expellplus-a-faible-retention\/"},"modified":"2021-12-19T10:53:14","modified_gmt":"2021-12-19T09:53:14","slug":"expell-und-expellplus-niedrige-retention-10-ul-xl-extra-schmale-pipettenspitze","status":"publish","type":"product","link":"https:\/\/sysmatec.ch\/de\/Produkt\/expell-und-expellplus-niedrige-retention-10-ul-xl-extra-schmale-pipettenspitze\/","title":{"rendered":"Expell und ExpellPlus niedrige Retention 10 ul XL extra schmale Pipettenspitze"},"content":{"rendered":"<p>Dank Ihre schmalen Spitzen\u00f6ffnung, die neue PCR-Pipettenspitzen bieten auch f\u00fcr weniger erfahrene Anwender gute Resultate in Pipettieren. Sie verbessern signifikant die Reproduzierbarkeit ihrer Pipettierergebnisse.<\/p>\n<p>Die PCR-Pipettenspitzen bringen noch einen Schritt weiter, eine M\u00f6glichkeit, eine zus\u00e4tzliche schmale \u00d6ffnung auf die erweiterte L\u00e4nge Funktion hinzuf\u00fcgen. Die neuen PCR-Pipettenspitzen, die eine extra schmale \u00d6ffnung aufweist und eine grosse L\u00e4nge haben, sind ideal f\u00fcr alle PCR-Anwendungen, w\u00e4hrend die Standard-10 ul Spitzen noch die bevorzugte Wahl f\u00fcr Fl\u00fcssigkeiten mit h\u00f6herer Dichte als Wasser immer noch besser geiegnet sind.<\/p>\n<p>Die PCR-Pipettenspitzen sind in Standard- und Low Retention Version, die die Muster-Bindung reduziert und so die Reproduzierbarkeit verbessert.<\/p>\n<table border=\"1\" width=\"611\" cellspacing=\"0\" cellpadding=\"2\">\n<tbody>\n<tr>\n<td>Ref. Nr<\/td>\n<td>Beschreibung<\/td>\n<\/tr>\n<tr>\n<td>5030061C<\/td>\n<td><span class=\"VIiyi\" lang=\"de\"><span class=\"JLqJ4b ChMk0b\" data-language-for-alternatives=\"de\" data-language-to-translate-into=\"en\" data-phrase-index=\"0\" data-number-of-phrases=\"1\">ExpellPlus 10\u00b5l XL, Extra Narrow, vorsterilisiert mit Filter, aufklappbare Racks, 5x10x96 St\u00fcck<\/span><\/span><\/td>\n<\/tr>\n<tr>\n<td>5131061C<\/td>\n<td><span class=\"VIiyi\" lang=\"de\"><span class=\"JLqJ4b ChMk0b\" data-language-for-alternatives=\"de\" data-language-to-translate-into=\"en\" data-phrase-index=\"0\" data-number-of-phrases=\"1\">Expel 10\u00b5l XL, Extra Narrow, Beutel, mit\/Filter, 20 x 1000 St\u00fcck<\/span><\/span><\/td>\n<\/tr>\n<tr>\n<td>5130041C<\/td>\n<td>Expell 10\u00b5l XL, Extra Narrow, klar, Beutel, 20&#215;1000 St\u00fcck<\/td>\n<\/tr>\n<tr>\n<td>5030041C<\/td>\n<td>ExpellPlus 10\u00b5l XL, Extra Narrow, klar, Beutel, 20&#215;1000 St\u00fcck<\/td>\n<\/tr>\n<tr>\n<td>5030046C<\/td>\n<td>Expell 10\u00b5l XL, Extra Narrow, klappbare Racks, 5x10x96 St\u00fcck<\/td>\n<\/tr>\n<tr>\n<td>5030051C<\/td>\n<td>ExpellPlus 10\u00b5l XL, Extra Narrow, vorsteril, klappbare Racks, 5x10x96 St\u00fcck<\/td>\n<\/tr>\n<tr>\n<td>5030075C<\/td>\n<td><span class=\"VIiyi\" lang=\"de\"><span class=\"JLqJ4b ChMk0b\" data-language-for-alternatives=\"de\" data-language-to-translate-into=\"en\" data-phrase-index=\"0\" data-number-of-phrases=\"1\">ExpellPlus 200 ul, Klappregale, 5x10x96 St\u00fcck<\/span><\/span><\/td>\n<\/tr>\n<tr>\n<td>5030080C<\/td>\n<td><span class=\"VIiyi\" lang=\"de\"><span class=\"JLqJ4b ChMk0b\" data-language-for-alternatives=\"de\" data-language-to-translate-into=\"en\" data-phrase-index=\"0\" data-number-of-phrases=\"1\">ExpellPlus 200 ul, vorsteril, Klappregale, 5x10x96 St\u00fcck<\/span><\/span><\/td>\n<\/tr>\n<\/tbody>\n<\/table>\n","protected":false},"excerpt":{"rendered":"<p>Expell und ExpellPlus niedrige Retention 10 ul XL extra schmale Pipettenspitze<\/p>\n","protected":false},"featured_media":8364,"template":"","meta":{"_crdt_document":""},"product_brand":[],"product_cat":[279,388],"product_tag":[],"class_list":{"0":"post-8371","1":"product","2":"type-product","3":"status-publish","4":"has-post-thumbnail","6":"product_cat-verbrauchsmaterial","7":"product_cat-verteilung","9":"first","10":"instock","11":"taxable","12":"shipping-taxable","13":"product-type-simple"},"yoast_head":"<!-- This site is optimized with the Yoast SEO plugin v27.4 - https:\/\/yoast.com\/product\/yoast-seo-wordpress\/ -->\n<title>Expell und ExpellPlus niedrige Retention 10 ul XL extra schmale Pipettenspitze - Sysmatec<\/title>\n<meta name=\"description\" content=\"10 \u00b5l Expell und ExpellPlus schmale Pipettenspitzen mit geringer Retention. Sie kombinieren eine schmale \u00d6ffnung mit einer erweiterten L\u00e4nge.\" \/>\n<meta name=\"robots\" content=\"index, follow, max-snippet:-1, max-image-preview:large, max-video-preview:-1\" \/>\n<link rel=\"canonical\" href=\"https:\/\/sysmatec.ch\/de\/produit\/expell-und-expellplus-niedrige-retention-10-ul-xl-extra-schmale-pipettenspitze\/\" \/>\n<meta property=\"og:locale\" content=\"de_DE\" \/>\n<meta property=\"og:type\" content=\"article\" \/>\n<meta property=\"og:title\" content=\"Expell und ExpellPlus niedrige Retention 10 ul XL extra schmale Pipettenspitze - Sysmatec\" \/>\n<meta property=\"og:description\" content=\"10 \u00b5l Expell und ExpellPlus schmale Pipettenspitzen mit geringer Retention. Sie kombinieren eine schmale \u00d6ffnung mit einer erweiterten L\u00e4nge.\" \/>\n<meta property=\"og:url\" content=\"https:\/\/sysmatec.ch\/de\/produit\/expell-und-expellplus-niedrige-retention-10-ul-xl-extra-schmale-pipettenspitze\/\" \/>\n<meta property=\"og:site_name\" content=\"Sysmatec\" \/>\n<meta property=\"article:modified_time\" content=\"2021-12-19T09:53:14+00:00\" \/>\n<meta property=\"og:image\" content=\"https:\/\/sysmatec.ch\/wp-content\/uploads\/2019\/07\/Consommable_CappExtraNarrow.jpg\" \/>\n\t<meta property=\"og:image:width\" content=\"188\" \/>\n\t<meta property=\"og:image:height\" content=\"188\" \/>\n\t<meta property=\"og:image:type\" content=\"image\/jpeg\" \/>\n<meta name=\"twitter:card\" content=\"summary_large_image\" \/>\n<meta name=\"twitter:label1\" content=\"Gesch\u00e4tzte Lesezeit\" \/>\n\t<meta name=\"twitter:data1\" content=\"1\u00a0Minute\" \/>\n<script type=\"application\/ld+json\" class=\"yoast-schema-graph\">{\"@context\":\"https:\\\/\\\/schema.org\",\"@graph\":[{\"@type\":\"WebPage\",\"@id\":\"https:\\\/\\\/sysmatec.ch\\\/de\\\/produit\\\/expell-und-expellplus-niedrige-retention-10-ul-xl-extra-schmale-pipettenspitze\\\/\",\"url\":\"https:\\\/\\\/sysmatec.ch\\\/de\\\/produit\\\/expell-und-expellplus-niedrige-retention-10-ul-xl-extra-schmale-pipettenspitze\\\/\",\"name\":\"Expell und ExpellPlus niedrige Retention 10 ul XL extra schmale Pipettenspitze - Sysmatec\",\"isPartOf\":{\"@id\":\"https:\\\/\\\/sysmatec.ch\\\/de\\\/#website\"},\"primaryImageOfPage\":{\"@id\":\"https:\\\/\\\/sysmatec.ch\\\/de\\\/produit\\\/expell-und-expellplus-niedrige-retention-10-ul-xl-extra-schmale-pipettenspitze\\\/#primaryimage\"},\"image\":{\"@id\":\"https:\\\/\\\/sysmatec.ch\\\/de\\\/produit\\\/expell-und-expellplus-niedrige-retention-10-ul-xl-extra-schmale-pipettenspitze\\\/#primaryimage\"},\"thumbnailUrl\":\"https:\\\/\\\/sysmatec.ch\\\/wp-content\\\/uploads\\\/2019\\\/07\\\/Consommable_CappExtraNarrow.jpg\",\"datePublished\":\"2019-07-05T13:42:45+00:00\",\"dateModified\":\"2021-12-19T09:53:14+00:00\",\"description\":\"10 \u00b5l Expell und ExpellPlus schmale Pipettenspitzen mit geringer Retention. Sie kombinieren eine schmale \u00d6ffnung mit einer erweiterten L\u00e4nge.\",\"breadcrumb\":{\"@id\":\"https:\\\/\\\/sysmatec.ch\\\/de\\\/produit\\\/expell-und-expellplus-niedrige-retention-10-ul-xl-extra-schmale-pipettenspitze\\\/#breadcrumb\"},\"inLanguage\":\"de\",\"potentialAction\":[{\"@type\":\"ReadAction\",\"target\":[\"https:\\\/\\\/sysmatec.ch\\\/de\\\/produit\\\/expell-und-expellplus-niedrige-retention-10-ul-xl-extra-schmale-pipettenspitze\\\/\"]}]},{\"@type\":\"ImageObject\",\"inLanguage\":\"de\",\"@id\":\"https:\\\/\\\/sysmatec.ch\\\/de\\\/produit\\\/expell-und-expellplus-niedrige-retention-10-ul-xl-extra-schmale-pipettenspitze\\\/#primaryimage\",\"url\":\"https:\\\/\\\/sysmatec.ch\\\/wp-content\\\/uploads\\\/2019\\\/07\\\/Consommable_CappExtraNarrow.jpg\",\"contentUrl\":\"https:\\\/\\\/sysmatec.ch\\\/wp-content\\\/uploads\\\/2019\\\/07\\\/Consommable_CappExtraNarrow.jpg\",\"width\":188,\"height\":188},{\"@type\":\"BreadcrumbList\",\"@id\":\"https:\\\/\\\/sysmatec.ch\\\/de\\\/produit\\\/expell-und-expellplus-niedrige-retention-10-ul-xl-extra-schmale-pipettenspitze\\\/#breadcrumb\",\"itemListElement\":[{\"@type\":\"ListItem\",\"position\":1,\"name\":\"Accueil\",\"item\":\"https:\\\/\\\/sysmatec.ch\\\/de\\\/\"},{\"@type\":\"ListItem\",\"position\":2,\"name\":\"Die Aktivit\u00e4t von Sysmatec\",\"item\":\"https:\\\/\\\/sysmatec.ch\\\/de\\\/\"},{\"@type\":\"ListItem\",\"position\":3,\"name\":\"Expell und ExpellPlus niedrige Retention 10 ul XL extra schmale Pipettenspitze\"}]},{\"@type\":\"WebSite\",\"@id\":\"https:\\\/\\\/sysmatec.ch\\\/de\\\/#website\",\"url\":\"https:\\\/\\\/sysmatec.ch\\\/de\\\/\",\"name\":\"Sysmatec\",\"description\":\"Equipement de laboratoire et logiciels\",\"publisher\":{\"@id\":\"https:\\\/\\\/sysmatec.ch\\\/de\\\/#organization\"},\"potentialAction\":[{\"@type\":\"SearchAction\",\"target\":{\"@type\":\"EntryPoint\",\"urlTemplate\":\"https:\\\/\\\/sysmatec.ch\\\/de\\\/?s={search_term_string}\"},\"query-input\":{\"@type\":\"PropertyValueSpecification\",\"valueRequired\":true,\"valueName\":\"search_term_string\"}}],\"inLanguage\":\"de\"},{\"@type\":\"Organization\",\"@id\":\"https:\\\/\\\/sysmatec.ch\\\/de\\\/#organization\",\"name\":\"Sysmatec\",\"url\":\"https:\\\/\\\/sysmatec.ch\\\/de\\\/\",\"logo\":{\"@type\":\"ImageObject\",\"inLanguage\":\"de\",\"@id\":\"https:\\\/\\\/sysmatec.ch\\\/de\\\/#\\\/schema\\\/logo\\\/image\\\/\",\"url\":\"https:\\\/\\\/sysmatec.ch\\\/wp-content\\\/uploads\\\/2018\\\/11\\\/LogoSysmatec.jpg\",\"contentUrl\":\"https:\\\/\\\/sysmatec.ch\\\/wp-content\\\/uploads\\\/2018\\\/11\\\/LogoSysmatec.jpg\",\"width\":301,\"height\":297,\"caption\":\"Sysmatec\"},\"image\":{\"@id\":\"https:\\\/\\\/sysmatec.ch\\\/de\\\/#\\\/schema\\\/logo\\\/image\\\/\"}}]}<\/script>\n<!-- \/ Yoast SEO plugin. -->","yoast_head_json":{"title":"Expell und ExpellPlus niedrige Retention 10 ul XL extra schmale Pipettenspitze - Sysmatec","description":"10 \u00b5l Expell und ExpellPlus schmale Pipettenspitzen mit geringer Retention. Sie kombinieren eine schmale \u00d6ffnung mit einer erweiterten L\u00e4nge.","robots":{"index":"index","follow":"follow","max-snippet":"max-snippet:-1","max-image-preview":"max-image-preview:large","max-video-preview":"max-video-preview:-1"},"canonical":"https:\/\/sysmatec.ch\/de\/produit\/expell-und-expellplus-niedrige-retention-10-ul-xl-extra-schmale-pipettenspitze\/","og_locale":"de_DE","og_type":"article","og_title":"Expell und ExpellPlus niedrige Retention 10 ul XL extra schmale Pipettenspitze - Sysmatec","og_description":"10 \u00b5l Expell und ExpellPlus schmale Pipettenspitzen mit geringer Retention. Sie kombinieren eine schmale \u00d6ffnung mit einer erweiterten L\u00e4nge.","og_url":"https:\/\/sysmatec.ch\/de\/produit\/expell-und-expellplus-niedrige-retention-10-ul-xl-extra-schmale-pipettenspitze\/","og_site_name":"Sysmatec","article_modified_time":"2021-12-19T09:53:14+00:00","og_image":[{"width":188,"height":188,"url":"https:\/\/sysmatec.ch\/wp-content\/uploads\/2019\/07\/Consommable_CappExtraNarrow.jpg","type":"image\/jpeg"}],"twitter_card":"summary_large_image","twitter_misc":{"Gesch\u00e4tzte Lesezeit":"1\u00a0Minute"},"schema":{"@context":"https:\/\/schema.org","@graph":[{"@type":"WebPage","@id":"https:\/\/sysmatec.ch\/de\/produit\/expell-und-expellplus-niedrige-retention-10-ul-xl-extra-schmale-pipettenspitze\/","url":"https:\/\/sysmatec.ch\/de\/produit\/expell-und-expellplus-niedrige-retention-10-ul-xl-extra-schmale-pipettenspitze\/","name":"Expell und ExpellPlus niedrige Retention 10 ul XL extra schmale Pipettenspitze - Sysmatec","isPartOf":{"@id":"https:\/\/sysmatec.ch\/de\/#website"},"primaryImageOfPage":{"@id":"https:\/\/sysmatec.ch\/de\/produit\/expell-und-expellplus-niedrige-retention-10-ul-xl-extra-schmale-pipettenspitze\/#primaryimage"},"image":{"@id":"https:\/\/sysmatec.ch\/de\/produit\/expell-und-expellplus-niedrige-retention-10-ul-xl-extra-schmale-pipettenspitze\/#primaryimage"},"thumbnailUrl":"https:\/\/sysmatec.ch\/wp-content\/uploads\/2019\/07\/Consommable_CappExtraNarrow.jpg","datePublished":"2019-07-05T13:42:45+00:00","dateModified":"2021-12-19T09:53:14+00:00","description":"10 \u00b5l Expell und ExpellPlus schmale Pipettenspitzen mit geringer Retention. Sie kombinieren eine schmale \u00d6ffnung mit einer erweiterten L\u00e4nge.","breadcrumb":{"@id":"https:\/\/sysmatec.ch\/de\/produit\/expell-und-expellplus-niedrige-retention-10-ul-xl-extra-schmale-pipettenspitze\/#breadcrumb"},"inLanguage":"de","potentialAction":[{"@type":"ReadAction","target":["https:\/\/sysmatec.ch\/de\/produit\/expell-und-expellplus-niedrige-retention-10-ul-xl-extra-schmale-pipettenspitze\/"]}]},{"@type":"ImageObject","inLanguage":"de","@id":"https:\/\/sysmatec.ch\/de\/produit\/expell-und-expellplus-niedrige-retention-10-ul-xl-extra-schmale-pipettenspitze\/#primaryimage","url":"https:\/\/sysmatec.ch\/wp-content\/uploads\/2019\/07\/Consommable_CappExtraNarrow.jpg","contentUrl":"https:\/\/sysmatec.ch\/wp-content\/uploads\/2019\/07\/Consommable_CappExtraNarrow.jpg","width":188,"height":188},{"@type":"BreadcrumbList","@id":"https:\/\/sysmatec.ch\/de\/produit\/expell-und-expellplus-niedrige-retention-10-ul-xl-extra-schmale-pipettenspitze\/#breadcrumb","itemListElement":[{"@type":"ListItem","position":1,"name":"Accueil","item":"https:\/\/sysmatec.ch\/de\/"},{"@type":"ListItem","position":2,"name":"Die Aktivit\u00e4t von Sysmatec","item":"https:\/\/sysmatec.ch\/de\/"},{"@type":"ListItem","position":3,"name":"Expell und ExpellPlus niedrige Retention 10 ul XL extra schmale Pipettenspitze"}]},{"@type":"WebSite","@id":"https:\/\/sysmatec.ch\/de\/#website","url":"https:\/\/sysmatec.ch\/de\/","name":"Sysmatec","description":"Equipement de laboratoire et logiciels","publisher":{"@id":"https:\/\/sysmatec.ch\/de\/#organization"},"potentialAction":[{"@type":"SearchAction","target":{"@type":"EntryPoint","urlTemplate":"https:\/\/sysmatec.ch\/de\/?s={search_term_string}"},"query-input":{"@type":"PropertyValueSpecification","valueRequired":true,"valueName":"search_term_string"}}],"inLanguage":"de"},{"@type":"Organization","@id":"https:\/\/sysmatec.ch\/de\/#organization","name":"Sysmatec","url":"https:\/\/sysmatec.ch\/de\/","logo":{"@type":"ImageObject","inLanguage":"de","@id":"https:\/\/sysmatec.ch\/de\/#\/schema\/logo\/image\/","url":"https:\/\/sysmatec.ch\/wp-content\/uploads\/2018\/11\/LogoSysmatec.jpg","contentUrl":"https:\/\/sysmatec.ch\/wp-content\/uploads\/2018\/11\/LogoSysmatec.jpg","width":301,"height":297,"caption":"Sysmatec"},"image":{"@id":"https:\/\/sysmatec.ch\/de\/#\/schema\/logo\/image\/"}}]}},"_links":{"self":[{"href":"https:\/\/sysmatec.ch\/de\/wp-json\/wp\/v2\/product\/8371","targetHints":{"allow":["GET"]}}],"collection":[{"href":"https:\/\/sysmatec.ch\/de\/wp-json\/wp\/v2\/product"}],"about":[{"href":"https:\/\/sysmatec.ch\/de\/wp-json\/wp\/v2\/types\/product"}],"wp:featuredmedia":[{"embeddable":true,"href":"https:\/\/sysmatec.ch\/de\/wp-json\/wp\/v2\/media\/8364"}],"wp:attachment":[{"href":"https:\/\/sysmatec.ch\/de\/wp-json\/wp\/v2\/media?parent=8371"}],"wp:term":[{"taxonomy":"product_brand","embeddable":true,"href":"https:\/\/sysmatec.ch\/de\/wp-json\/wp\/v2\/product_brand?post=8371"},{"taxonomy":"product_cat","embeddable":true,"href":"https:\/\/sysmatec.ch\/de\/wp-json\/wp\/v2\/product_cat?post=8371"},{"taxonomy":"product_tag","embeddable":true,"href":"https:\/\/sysmatec.ch\/de\/wp-json\/wp\/v2\/product_tag?post=8371"}],"curies":[{"name":"wp","href":"https:\/\/api.w.org\/{rel}","templated":true}]}}