{"id":8340,"date":"2019-07-04T20:27:03","date_gmt":"2019-07-04T18:27:03","guid":{"rendered":"https:\/\/sysmatec.ch\/produit\/systeme-de-carbonation-industriel\/"},"modified":"2021-12-20T21:13:43","modified_gmt":"2021-12-20T20:13:43","slug":"industrieller-carbonator","status":"publish","type":"product","link":"https:\/\/sysmatec.ch\/de\/Produkt\/industrieller-carbonator\/","title":{"rendered":"Industrieller Carbonator"},"content":{"rendered":"<p>Der Carbonator ist ein Online-Karbonisierung System f\u00fcr eine genaue und kontinuierliche Karbonisierung von Getr\u00e4nken.<\/p>\n<p>Das vollautomatische System misst und steuert den CO2-Gehalt. Es funktioniert ohne Verluste und ist voll CIP-f\u00e4hig. Aufgrund seiner kompakten und modularen Aufbau kann es problemlos in jede bestehende Anlage integriert werden. Der wichtigste Teil des Centec Karbonisierung Systems ist die Einspritzd\u00fcse, die f\u00fcr jedes einzelne System angepasst wird. Seine Geometrie erm\u00f6glicht CO2 effektiv mit nur einem minimalen Druckverlust und ohne statische Mischer in dem Getr\u00e4nk gleichm\u00e4\u00dfig l\u00f6sen zu k\u00f6nnen.<\/p>\n<p>Das Steuersystem misst und \u00fcberwacht kontinuierlich die CO2-Konzentration mit einem In-Line-CO2-Sensor. Die CO2 Zugabe wird mit einem pneumatischen Steuerventil kontrolliert.<\/p>\n<p>Bei Bedarf kann das System auch mit einer Druckerh\u00f6hungspumpe, einem Druckhalteventil und Sterilfilter geliefert werden. Ein optionaler Remote Access Service-Kit erm\u00f6glicht die Software-Aktualisierung und Probleme innerhalb weniger Stunden zu schie\u00dfen.<\/p>\n<h2>Karbonisierung System Eigenschaften<\/h2>\n<ul>\n<li type=\"disc\">Kapazit\u00e4t 0-200 000 l\/h<\/li>\n<li type=\"disc\">Messbereich von 0 bis 10 g \/ l (0-5 Vol%) CO2<\/li>\n<li type=\"disc\">Regelgenauigkeit \u00b1 0.05 g \/ l \/ (\u00b1 0.025 Vol%) CO2<\/li>\n<li type=\"disc\">Betriebstemperaturen -2 bis + 50 \u00b0 C<\/li>\n<li type=\"disc\">CIP bis 125 \u00b0 C<\/li>\n<li type=\"disc\">Betriebsdr\u00fccke 1 &#8211; 10 bar<\/li>\n<li type=\"disc\">Nennweiten DN 20- DN 200<\/li>\n<li type=\"disc\">Werkstoffe AISI 304 (1.4301) andere auf Anfrage<\/li>\n<\/ul>\n","protected":false},"excerpt":{"rendered":"<p>Industrieller Carbonator<\/p>\n","protected":false},"featured_media":8338,"template":"","meta":{"_crdt_document":""},"product_brand":[],"product_cat":[248,277],"product_tag":[],"class_list":{"0":"post-8340","1":"product","2":"type-product","3":"status-publish","4":"has-post-thumbnail","6":"product_cat-co2-de","7":"product_cat-saettiger","9":"first","10":"instock","11":"taxable","12":"shipping-taxable","13":"product-type-simple"},"yoast_head":"<!-- This site is optimized with the Yoast SEO plugin v27.3 - https:\/\/yoast.com\/product\/yoast-seo-wordpress\/ -->\n<title>Industrieller Carbonator - Sysmatec<\/title>\n<meta name=\"description\" content=\"Kontinuierliches Karbonisierung f\u00fcr Getr\u00e4nke. Sie erm\u00f6glicht es, Getr\u00e4nken \u00fcber eine spezielle D\u00fcse kontinuierlich CO2 zuzugeben.\" \/>\n<meta name=\"robots\" content=\"index, follow, max-snippet:-1, max-image-preview:large, max-video-preview:-1\" \/>\n<link rel=\"canonical\" href=\"https:\/\/sysmatec.ch\/de\/produit\/industrieller-carbonator\/\" \/>\n<meta property=\"og:locale\" content=\"de_DE\" \/>\n<meta property=\"og:type\" content=\"article\" \/>\n<meta property=\"og:title\" content=\"Industrieller Carbonator - Sysmatec\" \/>\n<meta property=\"og:description\" content=\"Kontinuierliches Karbonisierung f\u00fcr Getr\u00e4nke. Sie erm\u00f6glicht es, Getr\u00e4nken \u00fcber eine spezielle D\u00fcse kontinuierlich CO2 zuzugeben.\" \/>\n<meta property=\"og:url\" content=\"https:\/\/sysmatec.ch\/de\/produit\/industrieller-carbonator\/\" \/>\n<meta property=\"og:site_name\" content=\"Sysmatec\" \/>\n<meta property=\"article:modified_time\" content=\"2021-12-20T20:13:43+00:00\" \/>\n<meta property=\"og:image\" content=\"https:\/\/sysmatec.ch\/wp-content\/uploads\/2019\/07\/CO2_CentecCarbonation.jpg\" \/>\n\t<meta property=\"og:image:width\" content=\"184\" \/>\n\t<meta property=\"og:image:height\" content=\"145\" \/>\n\t<meta property=\"og:image:type\" content=\"image\/jpeg\" \/>\n<meta name=\"twitter:card\" content=\"summary_large_image\" \/>\n<meta name=\"twitter:label1\" content=\"Gesch\u00e4tzte Lesezeit\" \/>\n\t<meta name=\"twitter:data1\" content=\"1\u00a0Minute\" \/>\n<script type=\"application\/ld+json\" class=\"yoast-schema-graph\">{\"@context\":\"https:\\\/\\\/schema.org\",\"@graph\":[{\"@type\":\"WebPage\",\"@id\":\"https:\\\/\\\/sysmatec.ch\\\/de\\\/produit\\\/industrieller-carbonator\\\/\",\"url\":\"https:\\\/\\\/sysmatec.ch\\\/de\\\/produit\\\/industrieller-carbonator\\\/\",\"name\":\"Industrieller Carbonator - Sysmatec\",\"isPartOf\":{\"@id\":\"https:\\\/\\\/sysmatec.ch\\\/de\\\/#website\"},\"primaryImageOfPage\":{\"@id\":\"https:\\\/\\\/sysmatec.ch\\\/de\\\/produit\\\/industrieller-carbonator\\\/#primaryimage\"},\"image\":{\"@id\":\"https:\\\/\\\/sysmatec.ch\\\/de\\\/produit\\\/industrieller-carbonator\\\/#primaryimage\"},\"thumbnailUrl\":\"https:\\\/\\\/sysmatec.ch\\\/wp-content\\\/uploads\\\/2019\\\/07\\\/CO2_CentecCarbonation.jpg\",\"datePublished\":\"2019-07-04T18:27:03+00:00\",\"dateModified\":\"2021-12-20T20:13:43+00:00\",\"description\":\"Kontinuierliches Karbonisierung f\u00fcr Getr\u00e4nke. Sie erm\u00f6glicht es, Getr\u00e4nken \u00fcber eine spezielle D\u00fcse kontinuierlich CO2 zuzugeben.\",\"breadcrumb\":{\"@id\":\"https:\\\/\\\/sysmatec.ch\\\/de\\\/produit\\\/industrieller-carbonator\\\/#breadcrumb\"},\"inLanguage\":\"de\",\"potentialAction\":[{\"@type\":\"ReadAction\",\"target\":[\"https:\\\/\\\/sysmatec.ch\\\/de\\\/produit\\\/industrieller-carbonator\\\/\"]}]},{\"@type\":\"ImageObject\",\"inLanguage\":\"de\",\"@id\":\"https:\\\/\\\/sysmatec.ch\\\/de\\\/produit\\\/industrieller-carbonator\\\/#primaryimage\",\"url\":\"https:\\\/\\\/sysmatec.ch\\\/wp-content\\\/uploads\\\/2019\\\/07\\\/CO2_CentecCarbonation.jpg\",\"contentUrl\":\"https:\\\/\\\/sysmatec.ch\\\/wp-content\\\/uploads\\\/2019\\\/07\\\/CO2_CentecCarbonation.jpg\",\"width\":184,\"height\":145},{\"@type\":\"BreadcrumbList\",\"@id\":\"https:\\\/\\\/sysmatec.ch\\\/de\\\/produit\\\/industrieller-carbonator\\\/#breadcrumb\",\"itemListElement\":[{\"@type\":\"ListItem\",\"position\":1,\"name\":\"Accueil\",\"item\":\"https:\\\/\\\/sysmatec.ch\\\/de\\\/\"},{\"@type\":\"ListItem\",\"position\":2,\"name\":\"Die Aktivit\u00e4t von Sysmatec\",\"item\":\"https:\\\/\\\/sysmatec.ch\\\/de\\\/\"},{\"@type\":\"ListItem\",\"position\":3,\"name\":\"Industrieller Carbonator\"}]},{\"@type\":\"WebSite\",\"@id\":\"https:\\\/\\\/sysmatec.ch\\\/de\\\/#website\",\"url\":\"https:\\\/\\\/sysmatec.ch\\\/de\\\/\",\"name\":\"Sysmatec\",\"description\":\"Equipement de laboratoire et logiciels\",\"publisher\":{\"@id\":\"https:\\\/\\\/sysmatec.ch\\\/de\\\/#organization\"},\"potentialAction\":[{\"@type\":\"SearchAction\",\"target\":{\"@type\":\"EntryPoint\",\"urlTemplate\":\"https:\\\/\\\/sysmatec.ch\\\/de\\\/?s={search_term_string}\"},\"query-input\":{\"@type\":\"PropertyValueSpecification\",\"valueRequired\":true,\"valueName\":\"search_term_string\"}}],\"inLanguage\":\"de\"},{\"@type\":\"Organization\",\"@id\":\"https:\\\/\\\/sysmatec.ch\\\/de\\\/#organization\",\"name\":\"Sysmatec\",\"url\":\"https:\\\/\\\/sysmatec.ch\\\/de\\\/\",\"logo\":{\"@type\":\"ImageObject\",\"inLanguage\":\"de\",\"@id\":\"https:\\\/\\\/sysmatec.ch\\\/de\\\/#\\\/schema\\\/logo\\\/image\\\/\",\"url\":\"https:\\\/\\\/sysmatec.ch\\\/wp-content\\\/uploads\\\/2018\\\/11\\\/LogoSysmatec.jpg\",\"contentUrl\":\"https:\\\/\\\/sysmatec.ch\\\/wp-content\\\/uploads\\\/2018\\\/11\\\/LogoSysmatec.jpg\",\"width\":301,\"height\":297,\"caption\":\"Sysmatec\"},\"image\":{\"@id\":\"https:\\\/\\\/sysmatec.ch\\\/de\\\/#\\\/schema\\\/logo\\\/image\\\/\"}}]}<\/script>\n<!-- \/ Yoast SEO plugin. -->","yoast_head_json":{"title":"Industrieller Carbonator - Sysmatec","description":"Kontinuierliches Karbonisierung f\u00fcr Getr\u00e4nke. Sie erm\u00f6glicht es, Getr\u00e4nken \u00fcber eine spezielle D\u00fcse kontinuierlich CO2 zuzugeben.","robots":{"index":"index","follow":"follow","max-snippet":"max-snippet:-1","max-image-preview":"max-image-preview:large","max-video-preview":"max-video-preview:-1"},"canonical":"https:\/\/sysmatec.ch\/de\/produit\/industrieller-carbonator\/","og_locale":"de_DE","og_type":"article","og_title":"Industrieller Carbonator - Sysmatec","og_description":"Kontinuierliches Karbonisierung f\u00fcr Getr\u00e4nke. Sie erm\u00f6glicht es, Getr\u00e4nken \u00fcber eine spezielle D\u00fcse kontinuierlich CO2 zuzugeben.","og_url":"https:\/\/sysmatec.ch\/de\/produit\/industrieller-carbonator\/","og_site_name":"Sysmatec","article_modified_time":"2021-12-20T20:13:43+00:00","og_image":[{"width":184,"height":145,"url":"https:\/\/sysmatec.ch\/wp-content\/uploads\/2019\/07\/CO2_CentecCarbonation.jpg","type":"image\/jpeg"}],"twitter_card":"summary_large_image","twitter_misc":{"Gesch\u00e4tzte Lesezeit":"1\u00a0Minute"},"schema":{"@context":"https:\/\/schema.org","@graph":[{"@type":"WebPage","@id":"https:\/\/sysmatec.ch\/de\/produit\/industrieller-carbonator\/","url":"https:\/\/sysmatec.ch\/de\/produit\/industrieller-carbonator\/","name":"Industrieller Carbonator - Sysmatec","isPartOf":{"@id":"https:\/\/sysmatec.ch\/de\/#website"},"primaryImageOfPage":{"@id":"https:\/\/sysmatec.ch\/de\/produit\/industrieller-carbonator\/#primaryimage"},"image":{"@id":"https:\/\/sysmatec.ch\/de\/produit\/industrieller-carbonator\/#primaryimage"},"thumbnailUrl":"https:\/\/sysmatec.ch\/wp-content\/uploads\/2019\/07\/CO2_CentecCarbonation.jpg","datePublished":"2019-07-04T18:27:03+00:00","dateModified":"2021-12-20T20:13:43+00:00","description":"Kontinuierliches Karbonisierung f\u00fcr Getr\u00e4nke. Sie erm\u00f6glicht es, Getr\u00e4nken \u00fcber eine spezielle D\u00fcse kontinuierlich CO2 zuzugeben.","breadcrumb":{"@id":"https:\/\/sysmatec.ch\/de\/produit\/industrieller-carbonator\/#breadcrumb"},"inLanguage":"de","potentialAction":[{"@type":"ReadAction","target":["https:\/\/sysmatec.ch\/de\/produit\/industrieller-carbonator\/"]}]},{"@type":"ImageObject","inLanguage":"de","@id":"https:\/\/sysmatec.ch\/de\/produit\/industrieller-carbonator\/#primaryimage","url":"https:\/\/sysmatec.ch\/wp-content\/uploads\/2019\/07\/CO2_CentecCarbonation.jpg","contentUrl":"https:\/\/sysmatec.ch\/wp-content\/uploads\/2019\/07\/CO2_CentecCarbonation.jpg","width":184,"height":145},{"@type":"BreadcrumbList","@id":"https:\/\/sysmatec.ch\/de\/produit\/industrieller-carbonator\/#breadcrumb","itemListElement":[{"@type":"ListItem","position":1,"name":"Accueil","item":"https:\/\/sysmatec.ch\/de\/"},{"@type":"ListItem","position":2,"name":"Die Aktivit\u00e4t von Sysmatec","item":"https:\/\/sysmatec.ch\/de\/"},{"@type":"ListItem","position":3,"name":"Industrieller Carbonator"}]},{"@type":"WebSite","@id":"https:\/\/sysmatec.ch\/de\/#website","url":"https:\/\/sysmatec.ch\/de\/","name":"Sysmatec","description":"Equipement de laboratoire et logiciels","publisher":{"@id":"https:\/\/sysmatec.ch\/de\/#organization"},"potentialAction":[{"@type":"SearchAction","target":{"@type":"EntryPoint","urlTemplate":"https:\/\/sysmatec.ch\/de\/?s={search_term_string}"},"query-input":{"@type":"PropertyValueSpecification","valueRequired":true,"valueName":"search_term_string"}}],"inLanguage":"de"},{"@type":"Organization","@id":"https:\/\/sysmatec.ch\/de\/#organization","name":"Sysmatec","url":"https:\/\/sysmatec.ch\/de\/","logo":{"@type":"ImageObject","inLanguage":"de","@id":"https:\/\/sysmatec.ch\/de\/#\/schema\/logo\/image\/","url":"https:\/\/sysmatec.ch\/wp-content\/uploads\/2018\/11\/LogoSysmatec.jpg","contentUrl":"https:\/\/sysmatec.ch\/wp-content\/uploads\/2018\/11\/LogoSysmatec.jpg","width":301,"height":297,"caption":"Sysmatec"},"image":{"@id":"https:\/\/sysmatec.ch\/de\/#\/schema\/logo\/image\/"}}]}},"_links":{"self":[{"href":"https:\/\/sysmatec.ch\/de\/wp-json\/wp\/v2\/product\/8340","targetHints":{"allow":["GET"]}}],"collection":[{"href":"https:\/\/sysmatec.ch\/de\/wp-json\/wp\/v2\/product"}],"about":[{"href":"https:\/\/sysmatec.ch\/de\/wp-json\/wp\/v2\/types\/product"}],"wp:featuredmedia":[{"embeddable":true,"href":"https:\/\/sysmatec.ch\/de\/wp-json\/wp\/v2\/media\/8338"}],"wp:attachment":[{"href":"https:\/\/sysmatec.ch\/de\/wp-json\/wp\/v2\/media?parent=8340"}],"wp:term":[{"taxonomy":"product_brand","embeddable":true,"href":"https:\/\/sysmatec.ch\/de\/wp-json\/wp\/v2\/product_brand?post=8340"},{"taxonomy":"product_cat","embeddable":true,"href":"https:\/\/sysmatec.ch\/de\/wp-json\/wp\/v2\/product_cat?post=8340"},{"taxonomy":"product_tag","embeddable":true,"href":"https:\/\/sysmatec.ch\/de\/wp-json\/wp\/v2\/product_tag?post=8340"}],"curies":[{"name":"wp","href":"https:\/\/api.w.org\/{rel}","templated":true}]}}