{"id":8332,"date":"2019-07-04T20:18:37","date_gmt":"2019-07-04T18:18:37","guid":{"rendered":"https:\/\/sysmatec.ch\/produit\/saturateur-de-co2-de-laboratoire-lsn2\/"},"modified":"2024-06-05T14:53:00","modified_gmt":"2024-06-05T12:53:00","slug":"modell-lsn-2-fuer-den-kohlensaeureversatz-von-getraenken","status":"publish","type":"product","link":"https:\/\/sysmatec.ch\/de\/Produkt\/modell-lsn-2-fuer-den-kohlensaeureversatz-von-getraenken\/","title":{"rendered":"Modell LSN 2 f\u00fcr den Kohlens\u00e4ureversatz von Getr\u00e4nken"},"content":{"rendered":"<p>Mit dem Karbonisierer LSN 2 lassen sich schnell und kosteng\u00fcnstig Getr\u00e4nkemuster mit unterschiedlichen CO2-Gehalten anreichern. Die Dosiersonde wird in das Getr\u00e4nk (Flasche aus Glas oder PET) getaucht.<\/p>\n<h2>CO2-S\u00e4ttiger Beschreibung<\/h2>\n<ul>\n<li type=\"disc\">einfache men\u00fcgef\u00fchrte Bedienung<\/li>\n<li type=\"disc\">einfache Kopfraumsp\u00fclung<\/li>\n<li type=\"disc\">automatische Anreicherung des Getr\u00e4nks mit dem vorgegebenen CO2-Gehalt<\/li>\n<li type=\"disc\">Dosierleistung 0 bis 10 g\/l (abh\u00e4ngig von Temperatur und CO2-L\u00f6slichkeitsverhalten)<\/li>\n<li type=\"disc\">Genauigkeit: \u00b1 0.1 g\/l<\/li>\n<li type=\"disc\">nicht gel\u00f6stes Gas wird erneut dosiert, bis es vollst\u00e4ndig von der Fl\u00fcssigkeit aufgenommen wurde<\/li>\n<li type=\"disc\">automatisches Reinigungsprogramm<\/li>\n<li type=\"disc\">geringer Wartungsaufwand<\/li>\n<li type=\"disc\">Dosierleistung: 0 bis 10 g\/l (abh\u00e4ngig von Temperatur und CO2-L\u00f6slichkeitsverhalten)<\/li>\n<li type=\"disc\">Flaschendruck: max. 7 bar<\/li>\n<li type=\"disc\">Genauigkeit: \u00b1 0.1 g\/l<\/li>\n<li type=\"disc\">Spannung: 230 V, 50 Hz<\/li>\n<li type=\"disc\">Abmessungen (HxBxT): ca. 530 x 300 x 420 mm<\/li>\n<li type=\"disc\">Gewicht: ca. 15 kg<\/li>\n<li type=\"disc\">Gebinde: Flaschen aus Glas oder PET<\/li>\n<li type=\"disc\">Flaschengr\u00f6\u00dfen: H\u00f6he bis zu 380 mm, Durchmesser bis zu 95 mm<\/li>\n<li type=\"disc\">Die verwendeten Flaschen m\u00fcssen einem Druck von rund 600 KPa standhalten<\/li>\n<li type=\"disc\">Der Innendurchmesser des Halses muss etwa 16,5 mm betragen<\/li>\n<\/ul>\n<h2>Vorteile des CO2-Karbonisierungsger\u00e4tes<\/h2>\n<ul>\n<li>Kosteneinsparungen bei der Getr\u00e4nkeentwicklung<\/li>\n<li>Einfache Anpassung an unterschiedliche Flaschengr\u00f6\u00dfen<\/li>\n<li>Einfache Anpassung an unterschiedlichen CO2-Gehalt<\/li>\n<li>Vollautomatische Funktion \/ Men\u00fcgef\u00fchrte Eingabe von Flaschengr\u00f6\u00dfe und CO2-Wert<\/li>\n<li>Vollautomatischer Betrieb<\/li>\n<li>Sehr gute Wiederholbarkeit der Ergebnisse<\/li>\n<li>Hohe Genauigkeit unabh\u00e4ngig von der Temperatur<\/li>\n<li>Automatische Messung des Kopfraumvolumens und reduzierte Schaumbildung der Getr\u00e4nkeproben<\/li>\n<li>Automatisches Reinigungsprogramm<\/li>\n<li>Geringer Wartungsaufwand<\/li>\n<\/ul>\n","protected":false},"excerpt":{"rendered":"<p>Kohlens\u00e4ures\u00e4tiggung von Getr\u00e4nken<\/p>\n","protected":false},"featured_media":8330,"template":"","meta":{"_crdt_document":""},"product_brand":[],"product_cat":[248,277],"product_tag":[],"class_list":{"0":"post-8332","1":"product","2":"type-product","3":"status-publish","4":"has-post-thumbnail","6":"product_cat-co2-de","7":"product_cat-saettiger","9":"first","10":"instock","11":"taxable","12":"shipping-taxable","13":"product-type-simple"},"yoast_head":"<!-- This site is optimized with the Yoast SEO plugin v27.4 - https:\/\/yoast.com\/product\/yoast-seo-wordpress\/ -->\n<title>Modell LSN 2 f\u00fcr den Kohlens\u00e4ureversatz von Getr\u00e4nken - Sysmatec<\/title>\n<meta name=\"description\" content=\"CO2-S\u00e4ttiger f\u00fcr die Entwicklung von kohlens\u00e4urehaltigen Getr\u00e4nken. Die CO2-Menge kann genau eingestellt werden.\" \/>\n<meta name=\"robots\" content=\"index, follow, max-snippet:-1, max-image-preview:large, max-video-preview:-1\" \/>\n<link rel=\"canonical\" href=\"https:\/\/sysmatec.ch\/de\/Produkt\/modell-lsn-2-fuer-den-kohlensaeureversatz-von-getraenken\/\" \/>\n<meta property=\"og:locale\" content=\"de_DE\" \/>\n<meta property=\"og:type\" content=\"article\" \/>\n<meta property=\"og:title\" content=\"Modell LSN 2 f\u00fcr den Kohlens\u00e4ureversatz von Getr\u00e4nken - Sysmatec\" \/>\n<meta property=\"og:description\" content=\"CO2-S\u00e4ttiger f\u00fcr die Entwicklung von kohlens\u00e4urehaltigen Getr\u00e4nken. Die CO2-Menge kann genau eingestellt werden.\" \/>\n<meta property=\"og:url\" content=\"https:\/\/sysmatec.ch\/de\/Produkt\/modell-lsn-2-fuer-den-kohlensaeureversatz-von-getraenken\/\" \/>\n<meta property=\"og:site_name\" content=\"Sysmatec\" \/>\n<meta property=\"article:modified_time\" content=\"2024-06-05T12:53:00+00:00\" \/>\n<meta property=\"og:image\" content=\"https:\/\/sysmatec.ch\/wp-content\/uploads\/2019\/07\/CO2_1CubeLSN2.jpg\" \/>\n\t<meta property=\"og:image:width\" content=\"184\" \/>\n\t<meta property=\"og:image:height\" content=\"218\" \/>\n\t<meta property=\"og:image:type\" content=\"image\/jpeg\" \/>\n<meta name=\"twitter:card\" content=\"summary_large_image\" \/>\n<meta name=\"twitter:label1\" content=\"Gesch\u00e4tzte Lesezeit\" \/>\n\t<meta name=\"twitter:data1\" content=\"2\u00a0Minuten\" \/>\n<script type=\"application\/ld+json\" class=\"yoast-schema-graph\">{\"@context\":\"https:\\\/\\\/schema.org\",\"@graph\":[{\"@type\":\"WebPage\",\"@id\":\"https:\\\/\\\/sysmatec.ch\\\/de\\\/Produkt\\\/modell-lsn-2-fuer-den-kohlensaeureversatz-von-getraenken\\\/\",\"url\":\"https:\\\/\\\/sysmatec.ch\\\/de\\\/Produkt\\\/modell-lsn-2-fuer-den-kohlensaeureversatz-von-getraenken\\\/\",\"name\":\"Modell LSN 2 f\u00fcr den Kohlens\u00e4ureversatz von Getr\u00e4nken - Sysmatec\",\"isPartOf\":{\"@id\":\"https:\\\/\\\/sysmatec.ch\\\/de\\\/#website\"},\"primaryImageOfPage\":{\"@id\":\"https:\\\/\\\/sysmatec.ch\\\/de\\\/Produkt\\\/modell-lsn-2-fuer-den-kohlensaeureversatz-von-getraenken\\\/#primaryimage\"},\"image\":{\"@id\":\"https:\\\/\\\/sysmatec.ch\\\/de\\\/Produkt\\\/modell-lsn-2-fuer-den-kohlensaeureversatz-von-getraenken\\\/#primaryimage\"},\"thumbnailUrl\":\"https:\\\/\\\/sysmatec.ch\\\/wp-content\\\/uploads\\\/2019\\\/07\\\/CO2_1CubeLSN2.jpg\",\"datePublished\":\"2019-07-04T18:18:37+00:00\",\"dateModified\":\"2024-06-05T12:53:00+00:00\",\"description\":\"CO2-S\u00e4ttiger f\u00fcr die Entwicklung von kohlens\u00e4urehaltigen Getr\u00e4nken. Die CO2-Menge kann genau eingestellt werden.\",\"breadcrumb\":{\"@id\":\"https:\\\/\\\/sysmatec.ch\\\/de\\\/Produkt\\\/modell-lsn-2-fuer-den-kohlensaeureversatz-von-getraenken\\\/#breadcrumb\"},\"inLanguage\":\"de\",\"potentialAction\":[{\"@type\":\"ReadAction\",\"target\":[\"https:\\\/\\\/sysmatec.ch\\\/de\\\/Produkt\\\/modell-lsn-2-fuer-den-kohlensaeureversatz-von-getraenken\\\/\"]}]},{\"@type\":\"ImageObject\",\"inLanguage\":\"de\",\"@id\":\"https:\\\/\\\/sysmatec.ch\\\/de\\\/Produkt\\\/modell-lsn-2-fuer-den-kohlensaeureversatz-von-getraenken\\\/#primaryimage\",\"url\":\"https:\\\/\\\/sysmatec.ch\\\/wp-content\\\/uploads\\\/2019\\\/07\\\/CO2_1CubeLSN2.jpg\",\"contentUrl\":\"https:\\\/\\\/sysmatec.ch\\\/wp-content\\\/uploads\\\/2019\\\/07\\\/CO2_1CubeLSN2.jpg\",\"width\":184,\"height\":218},{\"@type\":\"BreadcrumbList\",\"@id\":\"https:\\\/\\\/sysmatec.ch\\\/de\\\/Produkt\\\/modell-lsn-2-fuer-den-kohlensaeureversatz-von-getraenken\\\/#breadcrumb\",\"itemListElement\":[{\"@type\":\"ListItem\",\"position\":1,\"name\":\"Accueil\",\"item\":\"https:\\\/\\\/sysmatec.ch\\\/de\\\/\"},{\"@type\":\"ListItem\",\"position\":2,\"name\":\"Die Aktivit\u00e4t von Sysmatec\",\"item\":\"https:\\\/\\\/sysmatec.ch\\\/de\\\/\"},{\"@type\":\"ListItem\",\"position\":3,\"name\":\"Modell LSN 2 f\u00fcr den Kohlens\u00e4ureversatz von Getr\u00e4nken\"}]},{\"@type\":\"WebSite\",\"@id\":\"https:\\\/\\\/sysmatec.ch\\\/de\\\/#website\",\"url\":\"https:\\\/\\\/sysmatec.ch\\\/de\\\/\",\"name\":\"Sysmatec\",\"description\":\"Equipement de laboratoire et logiciels\",\"publisher\":{\"@id\":\"https:\\\/\\\/sysmatec.ch\\\/de\\\/#organization\"},\"potentialAction\":[{\"@type\":\"SearchAction\",\"target\":{\"@type\":\"EntryPoint\",\"urlTemplate\":\"https:\\\/\\\/sysmatec.ch\\\/de\\\/?s={search_term_string}\"},\"query-input\":{\"@type\":\"PropertyValueSpecification\",\"valueRequired\":true,\"valueName\":\"search_term_string\"}}],\"inLanguage\":\"de\"},{\"@type\":\"Organization\",\"@id\":\"https:\\\/\\\/sysmatec.ch\\\/de\\\/#organization\",\"name\":\"Sysmatec\",\"url\":\"https:\\\/\\\/sysmatec.ch\\\/de\\\/\",\"logo\":{\"@type\":\"ImageObject\",\"inLanguage\":\"de\",\"@id\":\"https:\\\/\\\/sysmatec.ch\\\/de\\\/#\\\/schema\\\/logo\\\/image\\\/\",\"url\":\"https:\\\/\\\/sysmatec.ch\\\/wp-content\\\/uploads\\\/2018\\\/11\\\/LogoSysmatec.jpg\",\"contentUrl\":\"https:\\\/\\\/sysmatec.ch\\\/wp-content\\\/uploads\\\/2018\\\/11\\\/LogoSysmatec.jpg\",\"width\":301,\"height\":297,\"caption\":\"Sysmatec\"},\"image\":{\"@id\":\"https:\\\/\\\/sysmatec.ch\\\/de\\\/#\\\/schema\\\/logo\\\/image\\\/\"}}]}<\/script>\n<!-- \/ Yoast SEO plugin. -->","yoast_head_json":{"title":"Modell LSN 2 f\u00fcr den Kohlens\u00e4ureversatz von Getr\u00e4nken - Sysmatec","description":"CO2-S\u00e4ttiger f\u00fcr die Entwicklung von kohlens\u00e4urehaltigen Getr\u00e4nken. Die CO2-Menge kann genau eingestellt werden.","robots":{"index":"index","follow":"follow","max-snippet":"max-snippet:-1","max-image-preview":"max-image-preview:large","max-video-preview":"max-video-preview:-1"},"canonical":"https:\/\/sysmatec.ch\/de\/Produkt\/modell-lsn-2-fuer-den-kohlensaeureversatz-von-getraenken\/","og_locale":"de_DE","og_type":"article","og_title":"Modell LSN 2 f\u00fcr den Kohlens\u00e4ureversatz von Getr\u00e4nken - Sysmatec","og_description":"CO2-S\u00e4ttiger f\u00fcr die Entwicklung von kohlens\u00e4urehaltigen Getr\u00e4nken. Die CO2-Menge kann genau eingestellt werden.","og_url":"https:\/\/sysmatec.ch\/de\/Produkt\/modell-lsn-2-fuer-den-kohlensaeureversatz-von-getraenken\/","og_site_name":"Sysmatec","article_modified_time":"2024-06-05T12:53:00+00:00","og_image":[{"width":184,"height":218,"url":"https:\/\/sysmatec.ch\/wp-content\/uploads\/2019\/07\/CO2_1CubeLSN2.jpg","type":"image\/jpeg"}],"twitter_card":"summary_large_image","twitter_misc":{"Gesch\u00e4tzte Lesezeit":"2\u00a0Minuten"},"schema":{"@context":"https:\/\/schema.org","@graph":[{"@type":"WebPage","@id":"https:\/\/sysmatec.ch\/de\/Produkt\/modell-lsn-2-fuer-den-kohlensaeureversatz-von-getraenken\/","url":"https:\/\/sysmatec.ch\/de\/Produkt\/modell-lsn-2-fuer-den-kohlensaeureversatz-von-getraenken\/","name":"Modell LSN 2 f\u00fcr den Kohlens\u00e4ureversatz von Getr\u00e4nken - Sysmatec","isPartOf":{"@id":"https:\/\/sysmatec.ch\/de\/#website"},"primaryImageOfPage":{"@id":"https:\/\/sysmatec.ch\/de\/Produkt\/modell-lsn-2-fuer-den-kohlensaeureversatz-von-getraenken\/#primaryimage"},"image":{"@id":"https:\/\/sysmatec.ch\/de\/Produkt\/modell-lsn-2-fuer-den-kohlensaeureversatz-von-getraenken\/#primaryimage"},"thumbnailUrl":"https:\/\/sysmatec.ch\/wp-content\/uploads\/2019\/07\/CO2_1CubeLSN2.jpg","datePublished":"2019-07-04T18:18:37+00:00","dateModified":"2024-06-05T12:53:00+00:00","description":"CO2-S\u00e4ttiger f\u00fcr die Entwicklung von kohlens\u00e4urehaltigen Getr\u00e4nken. Die CO2-Menge kann genau eingestellt werden.","breadcrumb":{"@id":"https:\/\/sysmatec.ch\/de\/Produkt\/modell-lsn-2-fuer-den-kohlensaeureversatz-von-getraenken\/#breadcrumb"},"inLanguage":"de","potentialAction":[{"@type":"ReadAction","target":["https:\/\/sysmatec.ch\/de\/Produkt\/modell-lsn-2-fuer-den-kohlensaeureversatz-von-getraenken\/"]}]},{"@type":"ImageObject","inLanguage":"de","@id":"https:\/\/sysmatec.ch\/de\/Produkt\/modell-lsn-2-fuer-den-kohlensaeureversatz-von-getraenken\/#primaryimage","url":"https:\/\/sysmatec.ch\/wp-content\/uploads\/2019\/07\/CO2_1CubeLSN2.jpg","contentUrl":"https:\/\/sysmatec.ch\/wp-content\/uploads\/2019\/07\/CO2_1CubeLSN2.jpg","width":184,"height":218},{"@type":"BreadcrumbList","@id":"https:\/\/sysmatec.ch\/de\/Produkt\/modell-lsn-2-fuer-den-kohlensaeureversatz-von-getraenken\/#breadcrumb","itemListElement":[{"@type":"ListItem","position":1,"name":"Accueil","item":"https:\/\/sysmatec.ch\/de\/"},{"@type":"ListItem","position":2,"name":"Die Aktivit\u00e4t von Sysmatec","item":"https:\/\/sysmatec.ch\/de\/"},{"@type":"ListItem","position":3,"name":"Modell LSN 2 f\u00fcr den Kohlens\u00e4ureversatz von Getr\u00e4nken"}]},{"@type":"WebSite","@id":"https:\/\/sysmatec.ch\/de\/#website","url":"https:\/\/sysmatec.ch\/de\/","name":"Sysmatec","description":"Equipement de laboratoire et logiciels","publisher":{"@id":"https:\/\/sysmatec.ch\/de\/#organization"},"potentialAction":[{"@type":"SearchAction","target":{"@type":"EntryPoint","urlTemplate":"https:\/\/sysmatec.ch\/de\/?s={search_term_string}"},"query-input":{"@type":"PropertyValueSpecification","valueRequired":true,"valueName":"search_term_string"}}],"inLanguage":"de"},{"@type":"Organization","@id":"https:\/\/sysmatec.ch\/de\/#organization","name":"Sysmatec","url":"https:\/\/sysmatec.ch\/de\/","logo":{"@type":"ImageObject","inLanguage":"de","@id":"https:\/\/sysmatec.ch\/de\/#\/schema\/logo\/image\/","url":"https:\/\/sysmatec.ch\/wp-content\/uploads\/2018\/11\/LogoSysmatec.jpg","contentUrl":"https:\/\/sysmatec.ch\/wp-content\/uploads\/2018\/11\/LogoSysmatec.jpg","width":301,"height":297,"caption":"Sysmatec"},"image":{"@id":"https:\/\/sysmatec.ch\/de\/#\/schema\/logo\/image\/"}}]}},"_links":{"self":[{"href":"https:\/\/sysmatec.ch\/de\/wp-json\/wp\/v2\/product\/8332","targetHints":{"allow":["GET"]}}],"collection":[{"href":"https:\/\/sysmatec.ch\/de\/wp-json\/wp\/v2\/product"}],"about":[{"href":"https:\/\/sysmatec.ch\/de\/wp-json\/wp\/v2\/types\/product"}],"wp:featuredmedia":[{"embeddable":true,"href":"https:\/\/sysmatec.ch\/de\/wp-json\/wp\/v2\/media\/8330"}],"wp:attachment":[{"href":"https:\/\/sysmatec.ch\/de\/wp-json\/wp\/v2\/media?parent=8332"}],"wp:term":[{"taxonomy":"product_brand","embeddable":true,"href":"https:\/\/sysmatec.ch\/de\/wp-json\/wp\/v2\/product_brand?post=8332"},{"taxonomy":"product_cat","embeddable":true,"href":"https:\/\/sysmatec.ch\/de\/wp-json\/wp\/v2\/product_cat?post=8332"},{"taxonomy":"product_tag","embeddable":true,"href":"https:\/\/sysmatec.ch\/de\/wp-json\/wp\/v2\/product_tag?post=8332"}],"curies":[{"name":"wp","href":"https:\/\/api.w.org\/{rel}","templated":true}]}}