{"id":8323,"date":"2019-07-03T21:54:56","date_gmt":"2019-07-03T19:54:56","guid":{"rendered":"https:\/\/sysmatec.ch\/produit\/pcr-cycler-compact-theater4x4\/"},"modified":"2021-12-20T21:37:33","modified_gmt":"2021-12-20T20:37:33","slug":"kompakter-pcr-cycler-theater4x4","status":"publish","type":"product","link":"https:\/\/sysmatec.ch\/de\/Produkt\/kompakter-pcr-cycler-theater4x4\/","title":{"rendered":"Kompakter PCR Cycler Theater4X4"},"content":{"rendered":"<p>Dies ist eine neue Generation von Mini-PCR-Cycler, kompakt und d\u00fcnn. Die Dicke betr\u00e4gt nur 4 cm. Es verf\u00fcgt \u00fcber eine benutzerfreundliche Oberfl\u00e4che mit Touch-Screen. Ohne Training kann jeder es leicht bedienen. Es ist die einzige PCR-Cycler mit geringem Verbrauch, 12 V DC-Stromversorgung und tragbar f\u00fcr mobile Anwendungen.<\/p>\n<h2>Cycler Spezifikationen<\/h2>\n<ul>\n<li type=\"disc\">Kompakt<\/li>\n<li type=\"disc\">Tragbare und effiziente Energie<\/li>\n<li type=\"disc\">Kapazit\u00e4t: 16 x 0.2 ml<\/li>\n<li type=\"disc\">Temperaturbereich: 8-99 \u00b0 C<\/li>\n<li type=\"disc\">Temperaturaufl\u00f6sung: 0.1 \u00b0 C<\/li>\n<li type=\"disc\">Temperaturgenauigkeit: +\/- 0.2 \u00b0 C<\/li>\n<li type=\"disc\">Temperatur Feuchtigkeit (Minimierung der Kanteneffekt): +\/- 0.2 \u00b0 C<\/li>\n<li type=\"disc\">Zeitbereich: 1s bis 60min<\/li>\n<li type=\"disc\">Programme: lange Inkubation Programme PCR, RT-PCR<\/li>\n<li type=\"disc\">Anzahl der verf\u00fcgbaren Programme: 15<\/li>\n<li type=\"disc\">Anzahl Zyklen: 1-99<\/li>\n<li type=\"disc\">Control Interface: Touchscreen, Drehknopf<\/li>\n<li type=\"disc\">Abmessungen: 200x200x40 mm<\/li>\n<li type=\"disc\">Nettogewicht: 2.1 kg<\/li>\n<li type=\"disc\">Maximale Heizrate: 3 \u00b0 C \/ s<\/li>\n<li type=\"disc\">Heiztemperatur: 105 \u00b0 C<\/li>\n<li type=\"disc\">Umgebungstemperatur: 8-30 \u00b0 C<\/li>\n<li type=\"disc\">Stromversorgung: 12 VDC<\/li>\n<\/ul>\n","protected":false},"excerpt":{"rendered":"<p>Kompakter PCR Cycler<\/p>\n","protected":false},"featured_media":8321,"template":"","meta":{"_crdt_document":""},"product_brand":[],"product_cat":[274],"product_tag":[],"class_list":{"0":"post-8323","1":"product","2":"type-product","3":"status-publish","4":"has-post-thumbnail","6":"product_cat-thermostatblock","8":"first","9":"instock","10":"taxable","11":"shipping-taxable","12":"purchasable","13":"product-type-simple"},"yoast_head":"<!-- This site is optimized with the Yoast SEO plugin v27.4 - https:\/\/yoast.com\/product\/yoast-seo-wordpress\/ -->\n<title>Kompakter PCR Cycler Theater4X4 - Sysmatec<\/title>\n<meta name=\"description\" content=\"Kompakter und tragbarer PCR-Cycler. Temperaturbereich von 8 bis 99 \u00b0C. Es hat 16 Steckpl\u00e4tze f\u00fcr 0,2-mL-Gef\u00e4\u00dfe.\" \/>\n<meta name=\"robots\" content=\"index, follow, max-snippet:-1, max-image-preview:large, max-video-preview:-1\" \/>\n<link rel=\"canonical\" href=\"https:\/\/sysmatec.ch\/de\/produit\/kompakter-pcr-cycler-theater4x4\/\" \/>\n<meta property=\"og:locale\" content=\"de_DE\" \/>\n<meta property=\"og:type\" content=\"article\" \/>\n<meta property=\"og:title\" content=\"Kompakter PCR Cycler Theater4X4 - Sysmatec\" \/>\n<meta property=\"og:description\" content=\"Kompakter und tragbarer PCR-Cycler. Temperaturbereich von 8 bis 99 \u00b0C. Es hat 16 Steckpl\u00e4tze f\u00fcr 0,2-mL-Gef\u00e4\u00dfe.\" \/>\n<meta property=\"og:url\" content=\"https:\/\/sysmatec.ch\/de\/produit\/kompakter-pcr-cycler-theater4x4\/\" \/>\n<meta property=\"og:site_name\" content=\"Sysmatec\" \/>\n<meta property=\"article:modified_time\" content=\"2021-12-20T20:37:33+00:00\" \/>\n<meta property=\"og:image\" content=\"https:\/\/sysmatec.ch\/wp-content\/uploads\/2019\/07\/Bloc_CoyotebioTheater4x4.jpg\" \/>\n\t<meta property=\"og:image:width\" content=\"184\" \/>\n\t<meta property=\"og:image:height\" content=\"174\" \/>\n\t<meta property=\"og:image:type\" content=\"image\/jpeg\" \/>\n<meta name=\"twitter:card\" content=\"summary_large_image\" \/>\n<meta name=\"twitter:label1\" content=\"Gesch\u00e4tzte Lesezeit\" \/>\n\t<meta name=\"twitter:data1\" content=\"1\u00a0Minute\" \/>\n<script type=\"application\/ld+json\" class=\"yoast-schema-graph\">{\"@context\":\"https:\\\/\\\/schema.org\",\"@graph\":[{\"@type\":\"WebPage\",\"@id\":\"https:\\\/\\\/sysmatec.ch\\\/de\\\/produit\\\/kompakter-pcr-cycler-theater4x4\\\/\",\"url\":\"https:\\\/\\\/sysmatec.ch\\\/de\\\/produit\\\/kompakter-pcr-cycler-theater4x4\\\/\",\"name\":\"Kompakter PCR Cycler Theater4X4 - Sysmatec\",\"isPartOf\":{\"@id\":\"https:\\\/\\\/sysmatec.ch\\\/de\\\/#website\"},\"primaryImageOfPage\":{\"@id\":\"https:\\\/\\\/sysmatec.ch\\\/de\\\/produit\\\/kompakter-pcr-cycler-theater4x4\\\/#primaryimage\"},\"image\":{\"@id\":\"https:\\\/\\\/sysmatec.ch\\\/de\\\/produit\\\/kompakter-pcr-cycler-theater4x4\\\/#primaryimage\"},\"thumbnailUrl\":\"https:\\\/\\\/sysmatec.ch\\\/wp-content\\\/uploads\\\/2019\\\/07\\\/Bloc_CoyotebioTheater4x4.jpg\",\"datePublished\":\"2019-07-03T19:54:56+00:00\",\"dateModified\":\"2021-12-20T20:37:33+00:00\",\"description\":\"Kompakter und tragbarer PCR-Cycler. Temperaturbereich von 8 bis 99 \u00b0C. Es hat 16 Steckpl\u00e4tze f\u00fcr 0,2-mL-Gef\u00e4\u00dfe.\",\"breadcrumb\":{\"@id\":\"https:\\\/\\\/sysmatec.ch\\\/de\\\/produit\\\/kompakter-pcr-cycler-theater4x4\\\/#breadcrumb\"},\"inLanguage\":\"de\",\"potentialAction\":[{\"@type\":\"ReadAction\",\"target\":[\"https:\\\/\\\/sysmatec.ch\\\/de\\\/produit\\\/kompakter-pcr-cycler-theater4x4\\\/\"]}]},{\"@type\":\"ImageObject\",\"inLanguage\":\"de\",\"@id\":\"https:\\\/\\\/sysmatec.ch\\\/de\\\/produit\\\/kompakter-pcr-cycler-theater4x4\\\/#primaryimage\",\"url\":\"https:\\\/\\\/sysmatec.ch\\\/wp-content\\\/uploads\\\/2019\\\/07\\\/Bloc_CoyotebioTheater4x4.jpg\",\"contentUrl\":\"https:\\\/\\\/sysmatec.ch\\\/wp-content\\\/uploads\\\/2019\\\/07\\\/Bloc_CoyotebioTheater4x4.jpg\",\"width\":184,\"height\":174},{\"@type\":\"BreadcrumbList\",\"@id\":\"https:\\\/\\\/sysmatec.ch\\\/de\\\/produit\\\/kompakter-pcr-cycler-theater4x4\\\/#breadcrumb\",\"itemListElement\":[{\"@type\":\"ListItem\",\"position\":1,\"name\":\"Accueil\",\"item\":\"https:\\\/\\\/sysmatec.ch\\\/de\\\/\"},{\"@type\":\"ListItem\",\"position\":2,\"name\":\"Die Aktivit\u00e4t von Sysmatec\",\"item\":\"https:\\\/\\\/sysmatec.ch\\\/de\\\/\"},{\"@type\":\"ListItem\",\"position\":3,\"name\":\"Kompakter PCR Cycler Theater4X4\"}]},{\"@type\":\"WebSite\",\"@id\":\"https:\\\/\\\/sysmatec.ch\\\/de\\\/#website\",\"url\":\"https:\\\/\\\/sysmatec.ch\\\/de\\\/\",\"name\":\"Sysmatec\",\"description\":\"Equipement de laboratoire et logiciels\",\"publisher\":{\"@id\":\"https:\\\/\\\/sysmatec.ch\\\/de\\\/#organization\"},\"potentialAction\":[{\"@type\":\"SearchAction\",\"target\":{\"@type\":\"EntryPoint\",\"urlTemplate\":\"https:\\\/\\\/sysmatec.ch\\\/de\\\/?s={search_term_string}\"},\"query-input\":{\"@type\":\"PropertyValueSpecification\",\"valueRequired\":true,\"valueName\":\"search_term_string\"}}],\"inLanguage\":\"de\"},{\"@type\":\"Organization\",\"@id\":\"https:\\\/\\\/sysmatec.ch\\\/de\\\/#organization\",\"name\":\"Sysmatec\",\"url\":\"https:\\\/\\\/sysmatec.ch\\\/de\\\/\",\"logo\":{\"@type\":\"ImageObject\",\"inLanguage\":\"de\",\"@id\":\"https:\\\/\\\/sysmatec.ch\\\/de\\\/#\\\/schema\\\/logo\\\/image\\\/\",\"url\":\"https:\\\/\\\/sysmatec.ch\\\/wp-content\\\/uploads\\\/2018\\\/11\\\/LogoSysmatec.jpg\",\"contentUrl\":\"https:\\\/\\\/sysmatec.ch\\\/wp-content\\\/uploads\\\/2018\\\/11\\\/LogoSysmatec.jpg\",\"width\":301,\"height\":297,\"caption\":\"Sysmatec\"},\"image\":{\"@id\":\"https:\\\/\\\/sysmatec.ch\\\/de\\\/#\\\/schema\\\/logo\\\/image\\\/\"}}]}<\/script>\n<!-- \/ Yoast SEO plugin. -->","yoast_head_json":{"title":"Kompakter PCR Cycler Theater4X4 - Sysmatec","description":"Kompakter und tragbarer PCR-Cycler. Temperaturbereich von 8 bis 99 \u00b0C. Es hat 16 Steckpl\u00e4tze f\u00fcr 0,2-mL-Gef\u00e4\u00dfe.","robots":{"index":"index","follow":"follow","max-snippet":"max-snippet:-1","max-image-preview":"max-image-preview:large","max-video-preview":"max-video-preview:-1"},"canonical":"https:\/\/sysmatec.ch\/de\/produit\/kompakter-pcr-cycler-theater4x4\/","og_locale":"de_DE","og_type":"article","og_title":"Kompakter PCR Cycler Theater4X4 - Sysmatec","og_description":"Kompakter und tragbarer PCR-Cycler. Temperaturbereich von 8 bis 99 \u00b0C. Es hat 16 Steckpl\u00e4tze f\u00fcr 0,2-mL-Gef\u00e4\u00dfe.","og_url":"https:\/\/sysmatec.ch\/de\/produit\/kompakter-pcr-cycler-theater4x4\/","og_site_name":"Sysmatec","article_modified_time":"2021-12-20T20:37:33+00:00","og_image":[{"width":184,"height":174,"url":"https:\/\/sysmatec.ch\/wp-content\/uploads\/2019\/07\/Bloc_CoyotebioTheater4x4.jpg","type":"image\/jpeg"}],"twitter_card":"summary_large_image","twitter_misc":{"Gesch\u00e4tzte Lesezeit":"1\u00a0Minute"},"schema":{"@context":"https:\/\/schema.org","@graph":[{"@type":"WebPage","@id":"https:\/\/sysmatec.ch\/de\/produit\/kompakter-pcr-cycler-theater4x4\/","url":"https:\/\/sysmatec.ch\/de\/produit\/kompakter-pcr-cycler-theater4x4\/","name":"Kompakter PCR Cycler Theater4X4 - Sysmatec","isPartOf":{"@id":"https:\/\/sysmatec.ch\/de\/#website"},"primaryImageOfPage":{"@id":"https:\/\/sysmatec.ch\/de\/produit\/kompakter-pcr-cycler-theater4x4\/#primaryimage"},"image":{"@id":"https:\/\/sysmatec.ch\/de\/produit\/kompakter-pcr-cycler-theater4x4\/#primaryimage"},"thumbnailUrl":"https:\/\/sysmatec.ch\/wp-content\/uploads\/2019\/07\/Bloc_CoyotebioTheater4x4.jpg","datePublished":"2019-07-03T19:54:56+00:00","dateModified":"2021-12-20T20:37:33+00:00","description":"Kompakter und tragbarer PCR-Cycler. Temperaturbereich von 8 bis 99 \u00b0C. Es hat 16 Steckpl\u00e4tze f\u00fcr 0,2-mL-Gef\u00e4\u00dfe.","breadcrumb":{"@id":"https:\/\/sysmatec.ch\/de\/produit\/kompakter-pcr-cycler-theater4x4\/#breadcrumb"},"inLanguage":"de","potentialAction":[{"@type":"ReadAction","target":["https:\/\/sysmatec.ch\/de\/produit\/kompakter-pcr-cycler-theater4x4\/"]}]},{"@type":"ImageObject","inLanguage":"de","@id":"https:\/\/sysmatec.ch\/de\/produit\/kompakter-pcr-cycler-theater4x4\/#primaryimage","url":"https:\/\/sysmatec.ch\/wp-content\/uploads\/2019\/07\/Bloc_CoyotebioTheater4x4.jpg","contentUrl":"https:\/\/sysmatec.ch\/wp-content\/uploads\/2019\/07\/Bloc_CoyotebioTheater4x4.jpg","width":184,"height":174},{"@type":"BreadcrumbList","@id":"https:\/\/sysmatec.ch\/de\/produit\/kompakter-pcr-cycler-theater4x4\/#breadcrumb","itemListElement":[{"@type":"ListItem","position":1,"name":"Accueil","item":"https:\/\/sysmatec.ch\/de\/"},{"@type":"ListItem","position":2,"name":"Die Aktivit\u00e4t von Sysmatec","item":"https:\/\/sysmatec.ch\/de\/"},{"@type":"ListItem","position":3,"name":"Kompakter PCR Cycler Theater4X4"}]},{"@type":"WebSite","@id":"https:\/\/sysmatec.ch\/de\/#website","url":"https:\/\/sysmatec.ch\/de\/","name":"Sysmatec","description":"Equipement de laboratoire et logiciels","publisher":{"@id":"https:\/\/sysmatec.ch\/de\/#organization"},"potentialAction":[{"@type":"SearchAction","target":{"@type":"EntryPoint","urlTemplate":"https:\/\/sysmatec.ch\/de\/?s={search_term_string}"},"query-input":{"@type":"PropertyValueSpecification","valueRequired":true,"valueName":"search_term_string"}}],"inLanguage":"de"},{"@type":"Organization","@id":"https:\/\/sysmatec.ch\/de\/#organization","name":"Sysmatec","url":"https:\/\/sysmatec.ch\/de\/","logo":{"@type":"ImageObject","inLanguage":"de","@id":"https:\/\/sysmatec.ch\/de\/#\/schema\/logo\/image\/","url":"https:\/\/sysmatec.ch\/wp-content\/uploads\/2018\/11\/LogoSysmatec.jpg","contentUrl":"https:\/\/sysmatec.ch\/wp-content\/uploads\/2018\/11\/LogoSysmatec.jpg","width":301,"height":297,"caption":"Sysmatec"},"image":{"@id":"https:\/\/sysmatec.ch\/de\/#\/schema\/logo\/image\/"}}]}},"_links":{"self":[{"href":"https:\/\/sysmatec.ch\/de\/wp-json\/wp\/v2\/product\/8323","targetHints":{"allow":["GET"]}}],"collection":[{"href":"https:\/\/sysmatec.ch\/de\/wp-json\/wp\/v2\/product"}],"about":[{"href":"https:\/\/sysmatec.ch\/de\/wp-json\/wp\/v2\/types\/product"}],"wp:featuredmedia":[{"embeddable":true,"href":"https:\/\/sysmatec.ch\/de\/wp-json\/wp\/v2\/media\/8321"}],"wp:attachment":[{"href":"https:\/\/sysmatec.ch\/de\/wp-json\/wp\/v2\/media?parent=8323"}],"wp:term":[{"taxonomy":"product_brand","embeddable":true,"href":"https:\/\/sysmatec.ch\/de\/wp-json\/wp\/v2\/product_brand?post=8323"},{"taxonomy":"product_cat","embeddable":true,"href":"https:\/\/sysmatec.ch\/de\/wp-json\/wp\/v2\/product_cat?post=8323"},{"taxonomy":"product_tag","embeddable":true,"href":"https:\/\/sysmatec.ch\/de\/wp-json\/wp\/v2\/product_tag?post=8323"}],"curies":[{"name":"wp","href":"https:\/\/api.w.org\/{rel}","templated":true}]}}