{"id":8317,"date":"2019-07-03T21:44:40","date_gmt":"2019-07-03T19:44:40","guid":{"rendered":"https:\/\/sysmatec.ch\/produit\/systemes-de-chauffage-serie-sh\/"},"modified":"2021-12-20T21:49:20","modified_gmt":"2021-12-20T20:49:20","slug":"standardheizhauben-serie-sh","status":"publish","type":"product","link":"https:\/\/sysmatec.ch\/de\/Produkt\/standardheizhauben-serie-sh\/","title":{"rendered":"Standardheizhauben Serie SH"},"content":{"rendered":"<p>Sie haben einen geh\u00e4kelten Innen- und Au\u00dfenmantel aus Glasseide und dienen der Beheizung von Fl\u00fcssigkeiten in Rundkolben aus Glas. Der Heizleiter ist aus einer NiCr Legierung 8020. Er wird von einem Glasseidenschlauch umh\u00fcllt und mit einem Garn aus Glasseide im Innenmantel der Heizhaube eingeh\u00e4kelt. So wird die W\u00e4rme gleichm\u00e4\u00dfig an den Glaskolben weitergeleitet. Der Glasseidenschlauch und der Glasgarn dienen auch als Isolation. Damit keine- oder nur wenig Hitze an den Au\u00dfenmantel gelangen kann, wird die Heizhaube im Inneren mit einer Glaswolle isoliert.<\/p>\n<p>Die Heizhauben werden in Gr\u00f6\u00dfen von 25 mL bis 20 L gebaut.Die Gr\u00f6\u00dfen von 25 mL bis 250 mL<\/p>\n<p>haben einen geschlossenen Au\u00dfenmantel. Die Gr\u00f6\u00dfen ab 500 mL haben ein Bodenloch mit einem Durchmesser von 60 mm.<\/p>\n<p>Die Gr\u00f6\u00dfen von 25 mL bis 100 mL sind mit einer Heizzone und einem ein\/aus Schalter vorgesehen. Die Gr\u00f6\u00dfen ab 250 ML haben 2 Heizzonen und einen Heizzonenschalter.<\/p>\n<p>Die Gr\u00f6\u00dfen 25 mL bis 100 mL werden serienm\u00e4\u00dfig mit 4 Splinte und die Gr\u00f6\u00dfen ab 250 mL mit 4 Befestigungshaken geliefert,damit die Heizhauben auf einem Stativ befestigt werden k\u00f6nnen.<\/p>\n<p>Die Nennspannung ist 230 V.<\/p>\n<p>Bodenloch: 60 mm (ab 500 mL Volum)<\/p>\n<p>Die Heizleitertemperatur darf maximal 450 Grad C erreichen.<\/p>\n<p>Die Heizhauben haben Schutzklasse I,Schutzart IP00.<\/p>\n<p>Alle Modelle werden serienm\u00e4\u00dfig mit einem Personenschutzadapter geliefert.<\/p>\n<table border=\"1\" width=\"501\" cellspacing=\"2\" cellpadding=\"0\">\n<tbody>\n<tr>\n<td>Modell<\/td>\n<td>Volum (mL)<\/td>\n<td>Kolben Durchmesser (rund) mm<\/td>\n<td>Leistung (W)<\/td>\n<\/tr>\n<tr>\n<td>SH25ML1<\/td>\n<td>25<\/td>\n<td>41<\/td>\n<td>50<\/td>\n<\/tr>\n<tr>\n<td>SH50ML1<\/td>\n<td>50<\/td>\n<td>51<\/td>\n<td>70<\/td>\n<\/tr>\n<tr>\n<td>SH100ML1<\/td>\n<td>100<\/td>\n<td>64<\/td>\n<td>110<\/td>\n<\/tr>\n<tr>\n<td>SH250ML1<\/td>\n<td>250<\/td>\n<td>85<\/td>\n<td>200<\/td>\n<\/tr>\n<tr>\n<td>SH500ML2<\/td>\n<td>500<\/td>\n<td>105<\/td>\n<td>280<\/td>\n<\/tr>\n<tr>\n<td>SH1000ML2<\/td>\n<td>1000<\/td>\n<td>131<\/td>\n<td>450<\/td>\n<\/tr>\n<tr>\n<td>SH2000ML2<\/td>\n<td>2000<\/td>\n<td>165<\/td>\n<td>700<\/td>\n<\/tr>\n<tr>\n<td>SH3000ML2<\/td>\n<td>3000<\/td>\n<td>185<\/td>\n<td>760<\/td>\n<\/tr>\n<tr>\n<td>SH4000ML2<\/td>\n<td>4000<\/td>\n<td>207<\/td>\n<td>860<\/td>\n<\/tr>\n<tr>\n<td>SH5000ML2<\/td>\n<td>5000<\/td>\n<td>223<\/td>\n<td>1100<\/td>\n<\/tr>\n<tr>\n<td>SH6000ML2<\/td>\n<td>6000<\/td>\n<td>236<\/td>\n<td>1300<\/td>\n<\/tr>\n<tr>\n<td>SH10ML2<\/td>\n<td>10000<\/td>\n<td>279<\/td>\n<td>2000<\/td>\n<\/tr>\n<tr>\n<td>SH120ML2<\/td>\n<td>20000<\/td>\n<td>345<\/td>\n<td>2800<\/td>\n<\/tr>\n<\/tbody>\n<\/table>\n","protected":false},"excerpt":{"rendered":"<p>Standardheizhauben<\/p>\n","protected":false},"featured_media":8309,"template":"","meta":{"_crdt_document":""},"product_brand":[],"product_cat":[274],"product_tag":[],"class_list":{"0":"post-8317","1":"product","2":"type-product","3":"status-publish","4":"has-post-thumbnail","6":"product_cat-thermostatblock","8":"first","9":"instock","10":"taxable","11":"shipping-taxable","12":"product-type-simple"},"yoast_head":"<!-- This site is optimized with the Yoast SEO plugin v27.4 - https:\/\/yoast.com\/product\/yoast-seo-wordpress\/ -->\n<title>Standardheizhauben Serie SH - Sysmatec<\/title>\n<meta name=\"description\" content=\"Glasgewebe Heizhaube zum Beheizen von Glastanks. Flaschenvolumen von 25 ml bis 20.000 ml. Temperaturbereich bis 450\u00b0C.\" \/>\n<meta name=\"robots\" content=\"index, follow, max-snippet:-1, max-image-preview:large, max-video-preview:-1\" \/>\n<link rel=\"canonical\" href=\"https:\/\/sysmatec.ch\/de\/produit\/standardheizhauben-serie-sh\/\" \/>\n<meta property=\"og:locale\" content=\"de_DE\" \/>\n<meta property=\"og:type\" content=\"article\" \/>\n<meta property=\"og:title\" content=\"Standardheizhauben Serie SH - Sysmatec\" \/>\n<meta property=\"og:description\" content=\"Glasgewebe Heizhaube zum Beheizen von Glastanks. Flaschenvolumen von 25 ml bis 20.000 ml. Temperaturbereich bis 450\u00b0C.\" \/>\n<meta property=\"og:url\" content=\"https:\/\/sysmatec.ch\/de\/produit\/standardheizhauben-serie-sh\/\" \/>\n<meta property=\"og:site_name\" content=\"Sysmatec\" \/>\n<meta property=\"article:modified_time\" content=\"2021-12-20T20:49:20+00:00\" \/>\n<meta property=\"og:image\" content=\"https:\/\/sysmatec.ch\/wp-content\/uploads\/2019\/07\/Bloc_SCElectroHeaterSHjpg.jpg\" \/>\n\t<meta property=\"og:image:width\" content=\"181\" \/>\n\t<meta property=\"og:image:height\" content=\"136\" \/>\n\t<meta property=\"og:image:type\" content=\"image\/jpeg\" \/>\n<meta name=\"twitter:card\" content=\"summary_large_image\" \/>\n<meta name=\"twitter:label1\" content=\"Gesch\u00e4tzte Lesezeit\" \/>\n\t<meta name=\"twitter:data1\" content=\"1\u00a0Minute\" \/>\n<script type=\"application\/ld+json\" class=\"yoast-schema-graph\">{\"@context\":\"https:\\\/\\\/schema.org\",\"@graph\":[{\"@type\":\"WebPage\",\"@id\":\"https:\\\/\\\/sysmatec.ch\\\/de\\\/produit\\\/standardheizhauben-serie-sh\\\/\",\"url\":\"https:\\\/\\\/sysmatec.ch\\\/de\\\/produit\\\/standardheizhauben-serie-sh\\\/\",\"name\":\"Standardheizhauben Serie SH - Sysmatec\",\"isPartOf\":{\"@id\":\"https:\\\/\\\/sysmatec.ch\\\/de\\\/#website\"},\"primaryImageOfPage\":{\"@id\":\"https:\\\/\\\/sysmatec.ch\\\/de\\\/produit\\\/standardheizhauben-serie-sh\\\/#primaryimage\"},\"image\":{\"@id\":\"https:\\\/\\\/sysmatec.ch\\\/de\\\/produit\\\/standardheizhauben-serie-sh\\\/#primaryimage\"},\"thumbnailUrl\":\"https:\\\/\\\/sysmatec.ch\\\/wp-content\\\/uploads\\\/2019\\\/07\\\/Bloc_SCElectroHeaterSHjpg.jpg\",\"datePublished\":\"2019-07-03T19:44:40+00:00\",\"dateModified\":\"2021-12-20T20:49:20+00:00\",\"description\":\"Glasgewebe Heizhaube zum Beheizen von Glastanks. Flaschenvolumen von 25 ml bis 20.000 ml. Temperaturbereich bis 450\u00b0C.\",\"breadcrumb\":{\"@id\":\"https:\\\/\\\/sysmatec.ch\\\/de\\\/produit\\\/standardheizhauben-serie-sh\\\/#breadcrumb\"},\"inLanguage\":\"de\",\"potentialAction\":[{\"@type\":\"ReadAction\",\"target\":[\"https:\\\/\\\/sysmatec.ch\\\/de\\\/produit\\\/standardheizhauben-serie-sh\\\/\"]}]},{\"@type\":\"ImageObject\",\"inLanguage\":\"de\",\"@id\":\"https:\\\/\\\/sysmatec.ch\\\/de\\\/produit\\\/standardheizhauben-serie-sh\\\/#primaryimage\",\"url\":\"https:\\\/\\\/sysmatec.ch\\\/wp-content\\\/uploads\\\/2019\\\/07\\\/Bloc_SCElectroHeaterSHjpg.jpg\",\"contentUrl\":\"https:\\\/\\\/sysmatec.ch\\\/wp-content\\\/uploads\\\/2019\\\/07\\\/Bloc_SCElectroHeaterSHjpg.jpg\",\"width\":181,\"height\":136},{\"@type\":\"BreadcrumbList\",\"@id\":\"https:\\\/\\\/sysmatec.ch\\\/de\\\/produit\\\/standardheizhauben-serie-sh\\\/#breadcrumb\",\"itemListElement\":[{\"@type\":\"ListItem\",\"position\":1,\"name\":\"Accueil\",\"item\":\"https:\\\/\\\/sysmatec.ch\\\/de\\\/\"},{\"@type\":\"ListItem\",\"position\":2,\"name\":\"Die Aktivit\u00e4t von Sysmatec\",\"item\":\"https:\\\/\\\/sysmatec.ch\\\/de\\\/\"},{\"@type\":\"ListItem\",\"position\":3,\"name\":\"Standardheizhauben Serie SH\"}]},{\"@type\":\"WebSite\",\"@id\":\"https:\\\/\\\/sysmatec.ch\\\/de\\\/#website\",\"url\":\"https:\\\/\\\/sysmatec.ch\\\/de\\\/\",\"name\":\"Sysmatec\",\"description\":\"Equipement de laboratoire et logiciels\",\"publisher\":{\"@id\":\"https:\\\/\\\/sysmatec.ch\\\/de\\\/#organization\"},\"potentialAction\":[{\"@type\":\"SearchAction\",\"target\":{\"@type\":\"EntryPoint\",\"urlTemplate\":\"https:\\\/\\\/sysmatec.ch\\\/de\\\/?s={search_term_string}\"},\"query-input\":{\"@type\":\"PropertyValueSpecification\",\"valueRequired\":true,\"valueName\":\"search_term_string\"}}],\"inLanguage\":\"de\"},{\"@type\":\"Organization\",\"@id\":\"https:\\\/\\\/sysmatec.ch\\\/de\\\/#organization\",\"name\":\"Sysmatec\",\"url\":\"https:\\\/\\\/sysmatec.ch\\\/de\\\/\",\"logo\":{\"@type\":\"ImageObject\",\"inLanguage\":\"de\",\"@id\":\"https:\\\/\\\/sysmatec.ch\\\/de\\\/#\\\/schema\\\/logo\\\/image\\\/\",\"url\":\"https:\\\/\\\/sysmatec.ch\\\/wp-content\\\/uploads\\\/2018\\\/11\\\/LogoSysmatec.jpg\",\"contentUrl\":\"https:\\\/\\\/sysmatec.ch\\\/wp-content\\\/uploads\\\/2018\\\/11\\\/LogoSysmatec.jpg\",\"width\":301,\"height\":297,\"caption\":\"Sysmatec\"},\"image\":{\"@id\":\"https:\\\/\\\/sysmatec.ch\\\/de\\\/#\\\/schema\\\/logo\\\/image\\\/\"}}]}<\/script>\n<!-- \/ Yoast SEO plugin. -->","yoast_head_json":{"title":"Standardheizhauben Serie SH - Sysmatec","description":"Glasgewebe Heizhaube zum Beheizen von Glastanks. Flaschenvolumen von 25 ml bis 20.000 ml. Temperaturbereich bis 450\u00b0C.","robots":{"index":"index","follow":"follow","max-snippet":"max-snippet:-1","max-image-preview":"max-image-preview:large","max-video-preview":"max-video-preview:-1"},"canonical":"https:\/\/sysmatec.ch\/de\/produit\/standardheizhauben-serie-sh\/","og_locale":"de_DE","og_type":"article","og_title":"Standardheizhauben Serie SH - Sysmatec","og_description":"Glasgewebe Heizhaube zum Beheizen von Glastanks. Flaschenvolumen von 25 ml bis 20.000 ml. Temperaturbereich bis 450\u00b0C.","og_url":"https:\/\/sysmatec.ch\/de\/produit\/standardheizhauben-serie-sh\/","og_site_name":"Sysmatec","article_modified_time":"2021-12-20T20:49:20+00:00","og_image":[{"width":181,"height":136,"url":"https:\/\/sysmatec.ch\/wp-content\/uploads\/2019\/07\/Bloc_SCElectroHeaterSHjpg.jpg","type":"image\/jpeg"}],"twitter_card":"summary_large_image","twitter_misc":{"Gesch\u00e4tzte Lesezeit":"1\u00a0Minute"},"schema":{"@context":"https:\/\/schema.org","@graph":[{"@type":"WebPage","@id":"https:\/\/sysmatec.ch\/de\/produit\/standardheizhauben-serie-sh\/","url":"https:\/\/sysmatec.ch\/de\/produit\/standardheizhauben-serie-sh\/","name":"Standardheizhauben Serie SH - Sysmatec","isPartOf":{"@id":"https:\/\/sysmatec.ch\/de\/#website"},"primaryImageOfPage":{"@id":"https:\/\/sysmatec.ch\/de\/produit\/standardheizhauben-serie-sh\/#primaryimage"},"image":{"@id":"https:\/\/sysmatec.ch\/de\/produit\/standardheizhauben-serie-sh\/#primaryimage"},"thumbnailUrl":"https:\/\/sysmatec.ch\/wp-content\/uploads\/2019\/07\/Bloc_SCElectroHeaterSHjpg.jpg","datePublished":"2019-07-03T19:44:40+00:00","dateModified":"2021-12-20T20:49:20+00:00","description":"Glasgewebe Heizhaube zum Beheizen von Glastanks. Flaschenvolumen von 25 ml bis 20.000 ml. Temperaturbereich bis 450\u00b0C.","breadcrumb":{"@id":"https:\/\/sysmatec.ch\/de\/produit\/standardheizhauben-serie-sh\/#breadcrumb"},"inLanguage":"de","potentialAction":[{"@type":"ReadAction","target":["https:\/\/sysmatec.ch\/de\/produit\/standardheizhauben-serie-sh\/"]}]},{"@type":"ImageObject","inLanguage":"de","@id":"https:\/\/sysmatec.ch\/de\/produit\/standardheizhauben-serie-sh\/#primaryimage","url":"https:\/\/sysmatec.ch\/wp-content\/uploads\/2019\/07\/Bloc_SCElectroHeaterSHjpg.jpg","contentUrl":"https:\/\/sysmatec.ch\/wp-content\/uploads\/2019\/07\/Bloc_SCElectroHeaterSHjpg.jpg","width":181,"height":136},{"@type":"BreadcrumbList","@id":"https:\/\/sysmatec.ch\/de\/produit\/standardheizhauben-serie-sh\/#breadcrumb","itemListElement":[{"@type":"ListItem","position":1,"name":"Accueil","item":"https:\/\/sysmatec.ch\/de\/"},{"@type":"ListItem","position":2,"name":"Die Aktivit\u00e4t von Sysmatec","item":"https:\/\/sysmatec.ch\/de\/"},{"@type":"ListItem","position":3,"name":"Standardheizhauben Serie SH"}]},{"@type":"WebSite","@id":"https:\/\/sysmatec.ch\/de\/#website","url":"https:\/\/sysmatec.ch\/de\/","name":"Sysmatec","description":"Equipement de laboratoire et logiciels","publisher":{"@id":"https:\/\/sysmatec.ch\/de\/#organization"},"potentialAction":[{"@type":"SearchAction","target":{"@type":"EntryPoint","urlTemplate":"https:\/\/sysmatec.ch\/de\/?s={search_term_string}"},"query-input":{"@type":"PropertyValueSpecification","valueRequired":true,"valueName":"search_term_string"}}],"inLanguage":"de"},{"@type":"Organization","@id":"https:\/\/sysmatec.ch\/de\/#organization","name":"Sysmatec","url":"https:\/\/sysmatec.ch\/de\/","logo":{"@type":"ImageObject","inLanguage":"de","@id":"https:\/\/sysmatec.ch\/de\/#\/schema\/logo\/image\/","url":"https:\/\/sysmatec.ch\/wp-content\/uploads\/2018\/11\/LogoSysmatec.jpg","contentUrl":"https:\/\/sysmatec.ch\/wp-content\/uploads\/2018\/11\/LogoSysmatec.jpg","width":301,"height":297,"caption":"Sysmatec"},"image":{"@id":"https:\/\/sysmatec.ch\/de\/#\/schema\/logo\/image\/"}}]}},"_links":{"self":[{"href":"https:\/\/sysmatec.ch\/de\/wp-json\/wp\/v2\/product\/8317","targetHints":{"allow":["GET"]}}],"collection":[{"href":"https:\/\/sysmatec.ch\/de\/wp-json\/wp\/v2\/product"}],"about":[{"href":"https:\/\/sysmatec.ch\/de\/wp-json\/wp\/v2\/types\/product"}],"wp:featuredmedia":[{"embeddable":true,"href":"https:\/\/sysmatec.ch\/de\/wp-json\/wp\/v2\/media\/8309"}],"wp:attachment":[{"href":"https:\/\/sysmatec.ch\/de\/wp-json\/wp\/v2\/media?parent=8317"}],"wp:term":[{"taxonomy":"product_brand","embeddable":true,"href":"https:\/\/sysmatec.ch\/de\/wp-json\/wp\/v2\/product_brand?post=8317"},{"taxonomy":"product_cat","embeddable":true,"href":"https:\/\/sysmatec.ch\/de\/wp-json\/wp\/v2\/product_cat?post=8317"},{"taxonomy":"product_tag","embeddable":true,"href":"https:\/\/sysmatec.ch\/de\/wp-json\/wp\/v2\/product_tag?post=8317"}],"curies":[{"name":"wp","href":"https:\/\/api.w.org\/{rel}","templated":true}]}}