{"id":8314,"date":"2019-07-03T21:35:58","date_gmt":"2019-07-03T19:35:58","guid":{"rendered":"https:\/\/sysmatec.ch\/produit\/systemes-de-chauffage-serie-gh\/"},"modified":"2021-12-20T21:55:34","modified_gmt":"2021-12-20T20:55:34","slug":"gehaeuseheizhauben-serie-gh","status":"publish","type":"product","link":"https:\/\/sysmatec.ch\/de\/Produkt\/gehaeuseheizhauben-serie-gh\/","title":{"rendered":"Geh\u00e4useheizhauben Serie GH"},"content":{"rendered":"<p>Sie haben einen geh\u00e4kelten Innen-Mantel aus Glasseide und dienen der Beheizung von Fl\u00fcssigkeiten in Rundkolben aus Glas.<\/p>\n<p>Der Heizleiter ist aus einer NiCr Legierung 8020. Er wird von einem Glasseidenschlauch umh\u00fcllt und mit einem Garn aus Glasseide im Innenmantel der Heizhaube eingeh\u00e4kelt. So wird die W\u00e4rme gleichm\u00e4\u00dfig an den Glaskolben weitergeleitet. Der Glasseidenschlauch und der Glasgarn dienen auch als Isolation. Damit keine Hitze an den Au\u00dfenmantel gelangen kann, wird die Heizhaube im Inneren mit einer Glaswolle isoliert.<\/p>\n<p>Der Au\u00dfenmantel wird aus Aluminium hergestellt und besteht aus drei Teilen: Boden, Geh\u00e4use und Deckel.<\/p>\n<p>Diese Teile werden elektrostatisch gef\u00e4rbt. Die Geh\u00e4useheizhauben werden in den Gr\u00f6\u00dfen von 25 ML bis 6000 ML gebaut.<\/p>\n<p>Beide Modelle, -GHST und GHAP- k\u00f6nnen auch an einem Stativ befestigt werden, an den speziell f\u00fcr diesem zweck eingebaute aufh\u00e4nge Verschraubungen.<\/p>\n<p>Serie GHST-ohne elektronische Temperatur-Regelung:<\/p>\n<p>Die Gr\u00f6\u00dfen 25 mL und 50 mL werden mit einem Heizleiter hergestellt und haben eine Heizzone. Die Gr\u00f6\u00dfe 100 mL wird mit einem Heizleiter hergestellt, kann aber durch den eingebauten minmax Schalter mit \u00bd Leistung oder mit voller Leistung arbeiten. Die Gr\u00f6\u00dfen 250 mL-6000 mL haben alle zwei Heizzonen und einen min-max Schalter der es erlaubt mit nur einer Heizzone zu arbeiten oder je nach Bedarf, auch die zweite Heizzone zuzuschalten.<\/p>\n<p>Serie GHAP-mit elektronischer Temperatur-Regelung:<\/p>\n<p>Diese Heizhauben haben alle einen Leistungssteller, der es erlaubt die Temperatur stufenlos einzustellen. Die Gr\u00f6\u00dfen 25 ML bis 100 mL haben einen Heizleiter und eine Heizzone. Die Gr\u00f6\u00dfen 250 mL bis 6000 mL haben zwei Heizzonen und einen min-max Schalter der es erlaubt mit nur einer Heizzone zu arbeiten, oder auch die zweite Heizzone zuzuschalten.<\/p>\n<p>Die Nennspannung ist 230 V.<\/p>\n<p>Die Heizleitertemperatur darf maximal 450 Grad C erreichen.<\/p>\n<p>Die Heizhauben haben Schutzklasse I, Schutzart IP00.<\/p>\n<p>Alle Modelle werden serienm\u00e4\u00dfig mit einem Personenschutzadapter geliefert.<\/p>\n<table border=\"1\" width=\"501\" cellspacing=\"2\" cellpadding=\"0\">\n<tbody>\n<tr>\n<td>Modell<\/td>\n<td>Volum (mL)<\/td>\n<td>Kolben Durchmesser (rund) mm<\/td>\n<td>Leistung (W)<\/td>\n<\/tr>\n<tr>\n<td>GHAP25ML1<\/td>\n<td>25<\/td>\n<td>41<\/td>\n<td>50<\/td>\n<\/tr>\n<tr>\n<td>GHSP25ML1<\/td>\n<td>25<\/td>\n<td>41<\/td>\n<td>50<\/td>\n<\/tr>\n<tr>\n<td>GHAP50ML1<\/td>\n<td>50<\/td>\n<td>51<\/td>\n<td>70<\/td>\n<\/tr>\n<tr>\n<td>GHSP50ML1<\/td>\n<td>50<\/td>\n<td>51<\/td>\n<td>70<\/td>\n<\/tr>\n<tr>\n<td>GHAP100ML1<\/td>\n<td>100<\/td>\n<td>64<\/td>\n<td>110<\/td>\n<\/tr>\n<tr>\n<td>GHSP100ML1<\/td>\n<td>100<\/td>\n<td>64<\/td>\n<td>110<\/td>\n<\/tr>\n<tr>\n<td>GHAP250ML2<\/td>\n<td>250<\/td>\n<td>85<\/td>\n<td>200<\/td>\n<\/tr>\n<tr>\n<td>GHSP250ML2<\/td>\n<td>250<\/td>\n<td>85<\/td>\n<td>200<\/td>\n<\/tr>\n<tr>\n<td>GHAP500ML2<\/td>\n<td>500<\/td>\n<td>105<\/td>\n<td>280<\/td>\n<\/tr>\n<tr>\n<td>GHSP500ML2<\/td>\n<td>500<\/td>\n<td>105<\/td>\n<td>280<\/td>\n<\/tr>\n<tr>\n<td>GHAP1000ML2<\/td>\n<td>1000<\/td>\n<td>131<\/td>\n<td>450<\/td>\n<\/tr>\n<tr>\n<td>GHSP1000ML2<\/td>\n<td>1000<\/td>\n<td>131<\/td>\n<td>450<\/td>\n<\/tr>\n<tr>\n<td>GHAP2000ML2<\/td>\n<td>2000<\/td>\n<td>165<\/td>\n<td>700<\/td>\n<\/tr>\n<tr>\n<td>GHSP2000ML2<\/td>\n<td>2000<\/td>\n<td>165<\/td>\n<td>700<\/td>\n<\/tr>\n<tr>\n<td>GHAP3000ML2<\/td>\n<td>3000<\/td>\n<td>185<\/td>\n<td>760<\/td>\n<\/tr>\n<tr>\n<td>GHSP3000ML2<\/td>\n<td>3000<\/td>\n<td>185<\/td>\n<td>760<\/td>\n<\/tr>\n<tr>\n<td>GHAP4000ML2<\/td>\n<td>4000<\/td>\n<td>207<\/td>\n<td>860<\/td>\n<\/tr>\n<tr>\n<td>GHSP4000ML2<\/td>\n<td>4000<\/td>\n<td>207<\/td>\n<td>860<\/td>\n<\/tr>\n<tr>\n<td>GHAP5000ML2<\/td>\n<td>5000<\/td>\n<td>223<\/td>\n<td>1100<\/td>\n<\/tr>\n<tr>\n<td>GHSP6000ML2<\/td>\n<td>5000<\/td>\n<td>223<\/td>\n<td>1100<\/td>\n<\/tr>\n<tr>\n<td>GHAP6000ML2<\/td>\n<td>6000<\/td>\n<td>236<\/td>\n<td>1300<\/td>\n<\/tr>\n<tr>\n<td>GHSP6000ML2<\/td>\n<td>6000<\/td>\n<td>236<\/td>\n<td>1300<\/td>\n<\/tr>\n<\/tbody>\n<\/table>\n","protected":false},"excerpt":{"rendered":"<p>Geh\u00e4useheizhauben<\/p>\n","protected":false},"featured_media":8312,"template":"","meta":{"_crdt_document":""},"product_brand":[],"product_cat":[274],"product_tag":[],"class_list":{"0":"post-8314","1":"product","2":"type-product","3":"status-publish","4":"has-post-thumbnail","6":"product_cat-thermostatblock","8":"first","9":"instock","10":"taxable","11":"shipping-taxable","12":"product-type-simple"},"yoast_head":"<!-- This site is optimized with the Yoast SEO plugin v27.4 - https:\/\/yoast.com\/product\/yoast-seo-wordpress\/ -->\n<title>Geh\u00e4useheizhauben Serie GH - Sysmatec<\/title>\n<meta name=\"description\" content=\"Heizhauben zum Beheizen von Glas Kolben. Kolbenvolumen von 25 ml bis 6 000 ml. Temperaturbereich bis zu 450\u00b0C.\" \/>\n<meta name=\"robots\" content=\"index, follow, max-snippet:-1, max-image-preview:large, max-video-preview:-1\" \/>\n<link rel=\"canonical\" href=\"https:\/\/sysmatec.ch\/de\/produit\/gehaeuseheizhauben-serie-gh\/\" \/>\n<meta property=\"og:locale\" content=\"de_DE\" \/>\n<meta property=\"og:type\" content=\"article\" \/>\n<meta property=\"og:title\" content=\"Geh\u00e4useheizhauben Serie GH - Sysmatec\" \/>\n<meta property=\"og:description\" content=\"Heizhauben zum Beheizen von Glas Kolben. Kolbenvolumen von 25 ml bis 6 000 ml. Temperaturbereich bis zu 450\u00b0C.\" \/>\n<meta property=\"og:url\" content=\"https:\/\/sysmatec.ch\/de\/produit\/gehaeuseheizhauben-serie-gh\/\" \/>\n<meta property=\"og:site_name\" content=\"Sysmatec\" \/>\n<meta property=\"article:modified_time\" content=\"2021-12-20T20:55:34+00:00\" \/>\n<meta property=\"og:image\" content=\"https:\/\/sysmatec.ch\/wp-content\/uploads\/2019\/07\/Bloc_SCElectroHeaterSGjpg.jpg\" \/>\n\t<meta property=\"og:image:width\" content=\"179\" \/>\n\t<meta property=\"og:image:height\" content=\"239\" \/>\n\t<meta property=\"og:image:type\" content=\"image\/jpeg\" \/>\n<meta name=\"twitter:card\" content=\"summary_large_image\" \/>\n<meta name=\"twitter:label1\" content=\"Gesch\u00e4tzte Lesezeit\" \/>\n\t<meta name=\"twitter:data1\" content=\"2\u00a0Minuten\" \/>\n<script type=\"application\/ld+json\" class=\"yoast-schema-graph\">{\"@context\":\"https:\\\/\\\/schema.org\",\"@graph\":[{\"@type\":\"WebPage\",\"@id\":\"https:\\\/\\\/sysmatec.ch\\\/de\\\/produit\\\/gehaeuseheizhauben-serie-gh\\\/\",\"url\":\"https:\\\/\\\/sysmatec.ch\\\/de\\\/produit\\\/gehaeuseheizhauben-serie-gh\\\/\",\"name\":\"Geh\u00e4useheizhauben Serie GH - Sysmatec\",\"isPartOf\":{\"@id\":\"https:\\\/\\\/sysmatec.ch\\\/de\\\/#website\"},\"primaryImageOfPage\":{\"@id\":\"https:\\\/\\\/sysmatec.ch\\\/de\\\/produit\\\/gehaeuseheizhauben-serie-gh\\\/#primaryimage\"},\"image\":{\"@id\":\"https:\\\/\\\/sysmatec.ch\\\/de\\\/produit\\\/gehaeuseheizhauben-serie-gh\\\/#primaryimage\"},\"thumbnailUrl\":\"https:\\\/\\\/sysmatec.ch\\\/wp-content\\\/uploads\\\/2019\\\/07\\\/Bloc_SCElectroHeaterSGjpg.jpg\",\"datePublished\":\"2019-07-03T19:35:58+00:00\",\"dateModified\":\"2021-12-20T20:55:34+00:00\",\"description\":\"Heizhauben zum Beheizen von Glas Kolben. Kolbenvolumen von 25 ml bis 6 000 ml. Temperaturbereich bis zu 450\u00b0C.\",\"breadcrumb\":{\"@id\":\"https:\\\/\\\/sysmatec.ch\\\/de\\\/produit\\\/gehaeuseheizhauben-serie-gh\\\/#breadcrumb\"},\"inLanguage\":\"de\",\"potentialAction\":[{\"@type\":\"ReadAction\",\"target\":[\"https:\\\/\\\/sysmatec.ch\\\/de\\\/produit\\\/gehaeuseheizhauben-serie-gh\\\/\"]}]},{\"@type\":\"ImageObject\",\"inLanguage\":\"de\",\"@id\":\"https:\\\/\\\/sysmatec.ch\\\/de\\\/produit\\\/gehaeuseheizhauben-serie-gh\\\/#primaryimage\",\"url\":\"https:\\\/\\\/sysmatec.ch\\\/wp-content\\\/uploads\\\/2019\\\/07\\\/Bloc_SCElectroHeaterSGjpg.jpg\",\"contentUrl\":\"https:\\\/\\\/sysmatec.ch\\\/wp-content\\\/uploads\\\/2019\\\/07\\\/Bloc_SCElectroHeaterSGjpg.jpg\",\"width\":179,\"height\":239},{\"@type\":\"BreadcrumbList\",\"@id\":\"https:\\\/\\\/sysmatec.ch\\\/de\\\/produit\\\/gehaeuseheizhauben-serie-gh\\\/#breadcrumb\",\"itemListElement\":[{\"@type\":\"ListItem\",\"position\":1,\"name\":\"Accueil\",\"item\":\"https:\\\/\\\/sysmatec.ch\\\/de\\\/\"},{\"@type\":\"ListItem\",\"position\":2,\"name\":\"Die Aktivit\u00e4t von Sysmatec\",\"item\":\"https:\\\/\\\/sysmatec.ch\\\/de\\\/\"},{\"@type\":\"ListItem\",\"position\":3,\"name\":\"Geh\u00e4useheizhauben Serie GH\"}]},{\"@type\":\"WebSite\",\"@id\":\"https:\\\/\\\/sysmatec.ch\\\/de\\\/#website\",\"url\":\"https:\\\/\\\/sysmatec.ch\\\/de\\\/\",\"name\":\"Sysmatec\",\"description\":\"Equipement de laboratoire et logiciels\",\"publisher\":{\"@id\":\"https:\\\/\\\/sysmatec.ch\\\/de\\\/#organization\"},\"potentialAction\":[{\"@type\":\"SearchAction\",\"target\":{\"@type\":\"EntryPoint\",\"urlTemplate\":\"https:\\\/\\\/sysmatec.ch\\\/de\\\/?s={search_term_string}\"},\"query-input\":{\"@type\":\"PropertyValueSpecification\",\"valueRequired\":true,\"valueName\":\"search_term_string\"}}],\"inLanguage\":\"de\"},{\"@type\":\"Organization\",\"@id\":\"https:\\\/\\\/sysmatec.ch\\\/de\\\/#organization\",\"name\":\"Sysmatec\",\"url\":\"https:\\\/\\\/sysmatec.ch\\\/de\\\/\",\"logo\":{\"@type\":\"ImageObject\",\"inLanguage\":\"de\",\"@id\":\"https:\\\/\\\/sysmatec.ch\\\/de\\\/#\\\/schema\\\/logo\\\/image\\\/\",\"url\":\"https:\\\/\\\/sysmatec.ch\\\/wp-content\\\/uploads\\\/2018\\\/11\\\/LogoSysmatec.jpg\",\"contentUrl\":\"https:\\\/\\\/sysmatec.ch\\\/wp-content\\\/uploads\\\/2018\\\/11\\\/LogoSysmatec.jpg\",\"width\":301,\"height\":297,\"caption\":\"Sysmatec\"},\"image\":{\"@id\":\"https:\\\/\\\/sysmatec.ch\\\/de\\\/#\\\/schema\\\/logo\\\/image\\\/\"}}]}<\/script>\n<!-- \/ Yoast SEO plugin. -->","yoast_head_json":{"title":"Geh\u00e4useheizhauben Serie GH - Sysmatec","description":"Heizhauben zum Beheizen von Glas Kolben. Kolbenvolumen von 25 ml bis 6 000 ml. Temperaturbereich bis zu 450\u00b0C.","robots":{"index":"index","follow":"follow","max-snippet":"max-snippet:-1","max-image-preview":"max-image-preview:large","max-video-preview":"max-video-preview:-1"},"canonical":"https:\/\/sysmatec.ch\/de\/produit\/gehaeuseheizhauben-serie-gh\/","og_locale":"de_DE","og_type":"article","og_title":"Geh\u00e4useheizhauben Serie GH - Sysmatec","og_description":"Heizhauben zum Beheizen von Glas Kolben. Kolbenvolumen von 25 ml bis 6 000 ml. Temperaturbereich bis zu 450\u00b0C.","og_url":"https:\/\/sysmatec.ch\/de\/produit\/gehaeuseheizhauben-serie-gh\/","og_site_name":"Sysmatec","article_modified_time":"2021-12-20T20:55:34+00:00","og_image":[{"width":179,"height":239,"url":"https:\/\/sysmatec.ch\/wp-content\/uploads\/2019\/07\/Bloc_SCElectroHeaterSGjpg.jpg","type":"image\/jpeg"}],"twitter_card":"summary_large_image","twitter_misc":{"Gesch\u00e4tzte Lesezeit":"2\u00a0Minuten"},"schema":{"@context":"https:\/\/schema.org","@graph":[{"@type":"WebPage","@id":"https:\/\/sysmatec.ch\/de\/produit\/gehaeuseheizhauben-serie-gh\/","url":"https:\/\/sysmatec.ch\/de\/produit\/gehaeuseheizhauben-serie-gh\/","name":"Geh\u00e4useheizhauben Serie GH - Sysmatec","isPartOf":{"@id":"https:\/\/sysmatec.ch\/de\/#website"},"primaryImageOfPage":{"@id":"https:\/\/sysmatec.ch\/de\/produit\/gehaeuseheizhauben-serie-gh\/#primaryimage"},"image":{"@id":"https:\/\/sysmatec.ch\/de\/produit\/gehaeuseheizhauben-serie-gh\/#primaryimage"},"thumbnailUrl":"https:\/\/sysmatec.ch\/wp-content\/uploads\/2019\/07\/Bloc_SCElectroHeaterSGjpg.jpg","datePublished":"2019-07-03T19:35:58+00:00","dateModified":"2021-12-20T20:55:34+00:00","description":"Heizhauben zum Beheizen von Glas Kolben. Kolbenvolumen von 25 ml bis 6 000 ml. Temperaturbereich bis zu 450\u00b0C.","breadcrumb":{"@id":"https:\/\/sysmatec.ch\/de\/produit\/gehaeuseheizhauben-serie-gh\/#breadcrumb"},"inLanguage":"de","potentialAction":[{"@type":"ReadAction","target":["https:\/\/sysmatec.ch\/de\/produit\/gehaeuseheizhauben-serie-gh\/"]}]},{"@type":"ImageObject","inLanguage":"de","@id":"https:\/\/sysmatec.ch\/de\/produit\/gehaeuseheizhauben-serie-gh\/#primaryimage","url":"https:\/\/sysmatec.ch\/wp-content\/uploads\/2019\/07\/Bloc_SCElectroHeaterSGjpg.jpg","contentUrl":"https:\/\/sysmatec.ch\/wp-content\/uploads\/2019\/07\/Bloc_SCElectroHeaterSGjpg.jpg","width":179,"height":239},{"@type":"BreadcrumbList","@id":"https:\/\/sysmatec.ch\/de\/produit\/gehaeuseheizhauben-serie-gh\/#breadcrumb","itemListElement":[{"@type":"ListItem","position":1,"name":"Accueil","item":"https:\/\/sysmatec.ch\/de\/"},{"@type":"ListItem","position":2,"name":"Die Aktivit\u00e4t von Sysmatec","item":"https:\/\/sysmatec.ch\/de\/"},{"@type":"ListItem","position":3,"name":"Geh\u00e4useheizhauben Serie GH"}]},{"@type":"WebSite","@id":"https:\/\/sysmatec.ch\/de\/#website","url":"https:\/\/sysmatec.ch\/de\/","name":"Sysmatec","description":"Equipement de laboratoire et logiciels","publisher":{"@id":"https:\/\/sysmatec.ch\/de\/#organization"},"potentialAction":[{"@type":"SearchAction","target":{"@type":"EntryPoint","urlTemplate":"https:\/\/sysmatec.ch\/de\/?s={search_term_string}"},"query-input":{"@type":"PropertyValueSpecification","valueRequired":true,"valueName":"search_term_string"}}],"inLanguage":"de"},{"@type":"Organization","@id":"https:\/\/sysmatec.ch\/de\/#organization","name":"Sysmatec","url":"https:\/\/sysmatec.ch\/de\/","logo":{"@type":"ImageObject","inLanguage":"de","@id":"https:\/\/sysmatec.ch\/de\/#\/schema\/logo\/image\/","url":"https:\/\/sysmatec.ch\/wp-content\/uploads\/2018\/11\/LogoSysmatec.jpg","contentUrl":"https:\/\/sysmatec.ch\/wp-content\/uploads\/2018\/11\/LogoSysmatec.jpg","width":301,"height":297,"caption":"Sysmatec"},"image":{"@id":"https:\/\/sysmatec.ch\/de\/#\/schema\/logo\/image\/"}}]}},"_links":{"self":[{"href":"https:\/\/sysmatec.ch\/de\/wp-json\/wp\/v2\/product\/8314","targetHints":{"allow":["GET"]}}],"collection":[{"href":"https:\/\/sysmatec.ch\/de\/wp-json\/wp\/v2\/product"}],"about":[{"href":"https:\/\/sysmatec.ch\/de\/wp-json\/wp\/v2\/types\/product"}],"wp:featuredmedia":[{"embeddable":true,"href":"https:\/\/sysmatec.ch\/de\/wp-json\/wp\/v2\/media\/8312"}],"wp:attachment":[{"href":"https:\/\/sysmatec.ch\/de\/wp-json\/wp\/v2\/media?parent=8314"}],"wp:term":[{"taxonomy":"product_brand","embeddable":true,"href":"https:\/\/sysmatec.ch\/de\/wp-json\/wp\/v2\/product_brand?post=8314"},{"taxonomy":"product_cat","embeddable":true,"href":"https:\/\/sysmatec.ch\/de\/wp-json\/wp\/v2\/product_cat?post=8314"},{"taxonomy":"product_tag","embeddable":true,"href":"https:\/\/sysmatec.ch\/de\/wp-json\/wp\/v2\/product_tag?post=8314"}],"curies":[{"name":"wp","href":"https:\/\/api.w.org\/{rel}","templated":true}]}}