{"id":8304,"date":"2019-07-03T21:17:58","date_gmt":"2019-07-03T19:17:58","guid":{"rendered":"https:\/\/sysmatec.ch\/produit\/appareil-de-determination-du-point-de-fusion-dmp-100\/"},"modified":"2021-12-21T21:37:13","modified_gmt":"2021-12-21T20:37:13","slug":"schmelzpunkt-geraet-dmp-100","status":"publish","type":"product","link":"https:\/\/sysmatec.ch\/de\/Produkt\/schmelzpunkt-geraet-dmp-100\/","title":{"rendered":"Schmelzpunkt Ger\u00e4t DMP-100"},"content":{"rendered":"<p>Es ist ein eifach zu bedienen Schmelzpunkt-Ger\u00e4t. Er ist mit einem pr\u00e4zisen Thermistor-Steuerung ausgestattet, was 0.1 \u00ba C Aufl\u00f6sung erlaubt.<\/p>\n<p>Das Ger\u00e4t wurde entwickelt, um gleichzeitig zwei Proben messen zu k\u00f6nnen. Die interne LED-Lichtquelle, mit klaren Linse vergr\u00f6\u00dfert die probe und gibt ein breiteres und klareres Bild.<\/p>\n<p>Die zwei verschiedenen Modi machen Rampengeschwindigkeitsmessung schneller und viel bequemer.<\/p>\n<ul>\n<li type=\"disc\">Messbereich (\u00baC ) Ambient bis 300 \u00b0C<\/li>\n<li type=\"disc\">Temperaturgenauigkeit (\u00b0 C) \u00b11.0 bei 20 \u00b0 C, \u00b1 2,5 \u00b0 C bei 300 \u00b0C<\/li>\n<li type=\"disc\">Display-Aufl\u00f6sung (\u00ba C) 0.1<\/li>\n<li type=\"disc\">Schnelle Ramperate (\u00ba C \/ Min) 20 Fest<\/li>\n<li type=\"disc\">Langsam Rampenraten einstellbar zwischen 1 bis 10 \u00b0C\/Min<\/li>\n<li type=\"disc\">Abmessungen (B \u00d7 H \u00d7 T) 160 x 220 x 170 mm<\/li>\n<li type=\"disc\">Nettogewicht 1.8 kg<\/li>\n<li type=\"disc\">Stromversorgung 230 V, 50 Hz, 75 W<\/li>\n<\/ul>\n","protected":false},"excerpt":{"rendered":"<p>Schmelzpunkt Ger\u00e4t<\/p>\n","protected":false},"featured_media":8302,"template":"","meta":{"_crdt_document":""},"product_brand":[],"product_cat":[409],"product_tag":[],"class_list":{"0":"post-8304","1":"product","2":"type-product","3":"status-publish","4":"has-post-thumbnail","6":"product_cat-schmelzpunkt","8":"first","9":"instock","10":"taxable","11":"shipping-taxable","12":"purchasable","13":"product-type-simple"},"yoast_head":"<!-- This site is optimized with the Yoast SEO plugin v27.4 - https:\/\/yoast.com\/product\/yoast-seo-wordpress\/ -->\n<title>Schmelzpunkt Ger\u00e4t DMP-100 - Sysmatec<\/title>\n<meta name=\"description\" content=\"Vorrichtung zur Bestimmung des Schmelzpunktes. Temperaturbereich von Raumtemperatur bis 300 \u00b0C. Zelle f\u00fcr 2 Muster.\" \/>\n<meta name=\"robots\" content=\"index, follow, max-snippet:-1, max-image-preview:large, max-video-preview:-1\" \/>\n<link rel=\"canonical\" href=\"https:\/\/sysmatec.ch\/de\/produit\/schmelzpunkt-geraet-dmp-100\/\" \/>\n<meta property=\"og:locale\" content=\"de_DE\" \/>\n<meta property=\"og:type\" content=\"article\" \/>\n<meta property=\"og:title\" content=\"Schmelzpunkt Ger\u00e4t DMP-100 - Sysmatec\" \/>\n<meta property=\"og:description\" content=\"Vorrichtung zur Bestimmung des Schmelzpunktes. Temperaturbereich von Raumtemperatur bis 300 \u00b0C. Zelle f\u00fcr 2 Muster.\" \/>\n<meta property=\"og:url\" content=\"https:\/\/sysmatec.ch\/de\/produit\/schmelzpunkt-geraet-dmp-100\/\" \/>\n<meta property=\"og:site_name\" content=\"Sysmatec\" \/>\n<meta property=\"article:modified_time\" content=\"2021-12-21T20:37:13+00:00\" \/>\n<meta property=\"og:image\" content=\"https:\/\/sysmatec.ch\/wp-content\/uploads\/2019\/07\/Fusion_AELabMeltingPoint.jpg\" \/>\n\t<meta property=\"og:image:width\" content=\"190\" \/>\n\t<meta property=\"og:image:height\" content=\"177\" \/>\n\t<meta property=\"og:image:type\" content=\"image\/jpeg\" \/>\n<meta name=\"twitter:card\" content=\"summary_large_image\" \/>\n<meta name=\"twitter:label1\" content=\"Gesch\u00e4tzte Lesezeit\" \/>\n\t<meta name=\"twitter:data1\" content=\"1\u00a0Minute\" \/>\n<script type=\"application\/ld+json\" class=\"yoast-schema-graph\">{\"@context\":\"https:\\\/\\\/schema.org\",\"@graph\":[{\"@type\":\"WebPage\",\"@id\":\"https:\\\/\\\/sysmatec.ch\\\/de\\\/produit\\\/schmelzpunkt-geraet-dmp-100\\\/\",\"url\":\"https:\\\/\\\/sysmatec.ch\\\/de\\\/produit\\\/schmelzpunkt-geraet-dmp-100\\\/\",\"name\":\"Schmelzpunkt Ger\u00e4t DMP-100 - Sysmatec\",\"isPartOf\":{\"@id\":\"https:\\\/\\\/sysmatec.ch\\\/de\\\/#website\"},\"primaryImageOfPage\":{\"@id\":\"https:\\\/\\\/sysmatec.ch\\\/de\\\/produit\\\/schmelzpunkt-geraet-dmp-100\\\/#primaryimage\"},\"image\":{\"@id\":\"https:\\\/\\\/sysmatec.ch\\\/de\\\/produit\\\/schmelzpunkt-geraet-dmp-100\\\/#primaryimage\"},\"thumbnailUrl\":\"https:\\\/\\\/sysmatec.ch\\\/wp-content\\\/uploads\\\/2019\\\/07\\\/Fusion_AELabMeltingPoint.jpg\",\"datePublished\":\"2019-07-03T19:17:58+00:00\",\"dateModified\":\"2021-12-21T20:37:13+00:00\",\"description\":\"Vorrichtung zur Bestimmung des Schmelzpunktes. Temperaturbereich von Raumtemperatur bis 300 \u00b0C. Zelle f\u00fcr 2 Muster.\",\"breadcrumb\":{\"@id\":\"https:\\\/\\\/sysmatec.ch\\\/de\\\/produit\\\/schmelzpunkt-geraet-dmp-100\\\/#breadcrumb\"},\"inLanguage\":\"de\",\"potentialAction\":[{\"@type\":\"ReadAction\",\"target\":[\"https:\\\/\\\/sysmatec.ch\\\/de\\\/produit\\\/schmelzpunkt-geraet-dmp-100\\\/\"]}]},{\"@type\":\"ImageObject\",\"inLanguage\":\"de\",\"@id\":\"https:\\\/\\\/sysmatec.ch\\\/de\\\/produit\\\/schmelzpunkt-geraet-dmp-100\\\/#primaryimage\",\"url\":\"https:\\\/\\\/sysmatec.ch\\\/wp-content\\\/uploads\\\/2019\\\/07\\\/Fusion_AELabMeltingPoint.jpg\",\"contentUrl\":\"https:\\\/\\\/sysmatec.ch\\\/wp-content\\\/uploads\\\/2019\\\/07\\\/Fusion_AELabMeltingPoint.jpg\",\"width\":190,\"height\":177},{\"@type\":\"BreadcrumbList\",\"@id\":\"https:\\\/\\\/sysmatec.ch\\\/de\\\/produit\\\/schmelzpunkt-geraet-dmp-100\\\/#breadcrumb\",\"itemListElement\":[{\"@type\":\"ListItem\",\"position\":1,\"name\":\"Accueil\",\"item\":\"https:\\\/\\\/sysmatec.ch\\\/de\\\/\"},{\"@type\":\"ListItem\",\"position\":2,\"name\":\"Die Aktivit\u00e4t von Sysmatec\",\"item\":\"https:\\\/\\\/sysmatec.ch\\\/de\\\/\"},{\"@type\":\"ListItem\",\"position\":3,\"name\":\"Schmelzpunkt Ger\u00e4t DMP-100\"}]},{\"@type\":\"WebSite\",\"@id\":\"https:\\\/\\\/sysmatec.ch\\\/de\\\/#website\",\"url\":\"https:\\\/\\\/sysmatec.ch\\\/de\\\/\",\"name\":\"Sysmatec\",\"description\":\"Equipement de laboratoire et logiciels\",\"publisher\":{\"@id\":\"https:\\\/\\\/sysmatec.ch\\\/de\\\/#organization\"},\"potentialAction\":[{\"@type\":\"SearchAction\",\"target\":{\"@type\":\"EntryPoint\",\"urlTemplate\":\"https:\\\/\\\/sysmatec.ch\\\/de\\\/?s={search_term_string}\"},\"query-input\":{\"@type\":\"PropertyValueSpecification\",\"valueRequired\":true,\"valueName\":\"search_term_string\"}}],\"inLanguage\":\"de\"},{\"@type\":\"Organization\",\"@id\":\"https:\\\/\\\/sysmatec.ch\\\/de\\\/#organization\",\"name\":\"Sysmatec\",\"url\":\"https:\\\/\\\/sysmatec.ch\\\/de\\\/\",\"logo\":{\"@type\":\"ImageObject\",\"inLanguage\":\"de\",\"@id\":\"https:\\\/\\\/sysmatec.ch\\\/de\\\/#\\\/schema\\\/logo\\\/image\\\/\",\"url\":\"https:\\\/\\\/sysmatec.ch\\\/wp-content\\\/uploads\\\/2018\\\/11\\\/LogoSysmatec.jpg\",\"contentUrl\":\"https:\\\/\\\/sysmatec.ch\\\/wp-content\\\/uploads\\\/2018\\\/11\\\/LogoSysmatec.jpg\",\"width\":301,\"height\":297,\"caption\":\"Sysmatec\"},\"image\":{\"@id\":\"https:\\\/\\\/sysmatec.ch\\\/de\\\/#\\\/schema\\\/logo\\\/image\\\/\"}}]}<\/script>\n<!-- \/ Yoast SEO plugin. -->","yoast_head_json":{"title":"Schmelzpunkt Ger\u00e4t DMP-100 - Sysmatec","description":"Vorrichtung zur Bestimmung des Schmelzpunktes. Temperaturbereich von Raumtemperatur bis 300 \u00b0C. Zelle f\u00fcr 2 Muster.","robots":{"index":"index","follow":"follow","max-snippet":"max-snippet:-1","max-image-preview":"max-image-preview:large","max-video-preview":"max-video-preview:-1"},"canonical":"https:\/\/sysmatec.ch\/de\/produit\/schmelzpunkt-geraet-dmp-100\/","og_locale":"de_DE","og_type":"article","og_title":"Schmelzpunkt Ger\u00e4t DMP-100 - Sysmatec","og_description":"Vorrichtung zur Bestimmung des Schmelzpunktes. Temperaturbereich von Raumtemperatur bis 300 \u00b0C. Zelle f\u00fcr 2 Muster.","og_url":"https:\/\/sysmatec.ch\/de\/produit\/schmelzpunkt-geraet-dmp-100\/","og_site_name":"Sysmatec","article_modified_time":"2021-12-21T20:37:13+00:00","og_image":[{"width":190,"height":177,"url":"https:\/\/sysmatec.ch\/wp-content\/uploads\/2019\/07\/Fusion_AELabMeltingPoint.jpg","type":"image\/jpeg"}],"twitter_card":"summary_large_image","twitter_misc":{"Gesch\u00e4tzte Lesezeit":"1\u00a0Minute"},"schema":{"@context":"https:\/\/schema.org","@graph":[{"@type":"WebPage","@id":"https:\/\/sysmatec.ch\/de\/produit\/schmelzpunkt-geraet-dmp-100\/","url":"https:\/\/sysmatec.ch\/de\/produit\/schmelzpunkt-geraet-dmp-100\/","name":"Schmelzpunkt Ger\u00e4t DMP-100 - Sysmatec","isPartOf":{"@id":"https:\/\/sysmatec.ch\/de\/#website"},"primaryImageOfPage":{"@id":"https:\/\/sysmatec.ch\/de\/produit\/schmelzpunkt-geraet-dmp-100\/#primaryimage"},"image":{"@id":"https:\/\/sysmatec.ch\/de\/produit\/schmelzpunkt-geraet-dmp-100\/#primaryimage"},"thumbnailUrl":"https:\/\/sysmatec.ch\/wp-content\/uploads\/2019\/07\/Fusion_AELabMeltingPoint.jpg","datePublished":"2019-07-03T19:17:58+00:00","dateModified":"2021-12-21T20:37:13+00:00","description":"Vorrichtung zur Bestimmung des Schmelzpunktes. Temperaturbereich von Raumtemperatur bis 300 \u00b0C. Zelle f\u00fcr 2 Muster.","breadcrumb":{"@id":"https:\/\/sysmatec.ch\/de\/produit\/schmelzpunkt-geraet-dmp-100\/#breadcrumb"},"inLanguage":"de","potentialAction":[{"@type":"ReadAction","target":["https:\/\/sysmatec.ch\/de\/produit\/schmelzpunkt-geraet-dmp-100\/"]}]},{"@type":"ImageObject","inLanguage":"de","@id":"https:\/\/sysmatec.ch\/de\/produit\/schmelzpunkt-geraet-dmp-100\/#primaryimage","url":"https:\/\/sysmatec.ch\/wp-content\/uploads\/2019\/07\/Fusion_AELabMeltingPoint.jpg","contentUrl":"https:\/\/sysmatec.ch\/wp-content\/uploads\/2019\/07\/Fusion_AELabMeltingPoint.jpg","width":190,"height":177},{"@type":"BreadcrumbList","@id":"https:\/\/sysmatec.ch\/de\/produit\/schmelzpunkt-geraet-dmp-100\/#breadcrumb","itemListElement":[{"@type":"ListItem","position":1,"name":"Accueil","item":"https:\/\/sysmatec.ch\/de\/"},{"@type":"ListItem","position":2,"name":"Die Aktivit\u00e4t von Sysmatec","item":"https:\/\/sysmatec.ch\/de\/"},{"@type":"ListItem","position":3,"name":"Schmelzpunkt Ger\u00e4t DMP-100"}]},{"@type":"WebSite","@id":"https:\/\/sysmatec.ch\/de\/#website","url":"https:\/\/sysmatec.ch\/de\/","name":"Sysmatec","description":"Equipement de laboratoire et logiciels","publisher":{"@id":"https:\/\/sysmatec.ch\/de\/#organization"},"potentialAction":[{"@type":"SearchAction","target":{"@type":"EntryPoint","urlTemplate":"https:\/\/sysmatec.ch\/de\/?s={search_term_string}"},"query-input":{"@type":"PropertyValueSpecification","valueRequired":true,"valueName":"search_term_string"}}],"inLanguage":"de"},{"@type":"Organization","@id":"https:\/\/sysmatec.ch\/de\/#organization","name":"Sysmatec","url":"https:\/\/sysmatec.ch\/de\/","logo":{"@type":"ImageObject","inLanguage":"de","@id":"https:\/\/sysmatec.ch\/de\/#\/schema\/logo\/image\/","url":"https:\/\/sysmatec.ch\/wp-content\/uploads\/2018\/11\/LogoSysmatec.jpg","contentUrl":"https:\/\/sysmatec.ch\/wp-content\/uploads\/2018\/11\/LogoSysmatec.jpg","width":301,"height":297,"caption":"Sysmatec"},"image":{"@id":"https:\/\/sysmatec.ch\/de\/#\/schema\/logo\/image\/"}}]}},"_links":{"self":[{"href":"https:\/\/sysmatec.ch\/de\/wp-json\/wp\/v2\/product\/8304","targetHints":{"allow":["GET"]}}],"collection":[{"href":"https:\/\/sysmatec.ch\/de\/wp-json\/wp\/v2\/product"}],"about":[{"href":"https:\/\/sysmatec.ch\/de\/wp-json\/wp\/v2\/types\/product"}],"wp:featuredmedia":[{"embeddable":true,"href":"https:\/\/sysmatec.ch\/de\/wp-json\/wp\/v2\/media\/8302"}],"wp:attachment":[{"href":"https:\/\/sysmatec.ch\/de\/wp-json\/wp\/v2\/media?parent=8304"}],"wp:term":[{"taxonomy":"product_brand","embeddable":true,"href":"https:\/\/sysmatec.ch\/de\/wp-json\/wp\/v2\/product_brand?post=8304"},{"taxonomy":"product_cat","embeddable":true,"href":"https:\/\/sysmatec.ch\/de\/wp-json\/wp\/v2\/product_cat?post=8304"},{"taxonomy":"product_tag","embeddable":true,"href":"https:\/\/sysmatec.ch\/de\/wp-json\/wp\/v2\/product_tag?post=8304"}],"curies":[{"name":"wp","href":"https:\/\/api.w.org\/{rel}","templated":true}]}}