{"id":8288,"date":"2019-07-03T20:57:30","date_gmt":"2019-07-03T18:57:30","guid":{"rendered":"https:\/\/sysmatec.ch\/produit\/bac-refrigere\/"},"modified":"2021-12-21T22:00:59","modified_gmt":"2021-12-21T21:00:59","slug":"kuehlbehaelter-ack-30x","status":"publish","type":"product","link":"https:\/\/sysmatec.ch\/de\/Produkt\/kuehlbehaelter-ack-30x\/","title":{"rendered":"K\u00fchlbeh\u00e4lter ACK-30x"},"content":{"rendered":"<p>damit kann man die Eis-Wanne ersetzen. Stecken Sie einfach ein, schalten Sie es, und legen Sie die Probe. Der Kalt Keeper kann Ihre Probe bei niedrigen Temperaturen f\u00fcr l\u00e4ngere Zeit halten.<\/p>\n<p>In jedem Block gibt es Platz f\u00fcr bis zu 20 Proben, von 0,2 ml bis 2 ml. Wechseln sie einfach den F\u00e4cher, wenn Sie andere Gr\u00f6\u00dfen ben\u00f6tigen. Das Ger\u00e4t kann auch mit den keramikbeschichteten Aluminium-Perlen ben\u00fctzt werden.<\/p>\n<p>Es gibt zwei verschiedene Modelle: ACK-301, das analoge Ger\u00e4t, h\u00e4lt die Probe bei 0 \u00b0 C und ACK-302, mit Anzeige. Damit kann die Temperatur eingestellt werden.<\/p>\n<table border=\"1\" width=\"617\" cellspacing=\"2\" cellpadding=\"0\">\n<tbody>\n<tr>\n<td><\/td>\n<td>ACK-301<\/td>\n<td>ACK-302<\/td>\n<\/tr>\n<tr>\n<td>Temperatur Bereich (\u00b0C)<\/td>\n<td>0\u00b0C &#8211; 4\u00b0C keine Einstellung<\/td>\n<td>0\u00b0C bis Raumtemperatur-5\u00b0C<\/td>\n<\/tr>\n<tr>\n<td>Temperatur Genauigkeit<\/td>\n<td>&#8211; &#8211; &#8211;<\/td>\n<td>\u00b11\u00b0C<\/td>\n<\/tr>\n<tr>\n<td>K\u00fchlung Technology<\/td>\n<td>Peltier<\/td>\n<td><\/td>\n<\/tr>\n<tr>\n<td>Power Supply<\/td>\n<td>Input 90-230V, output 12V, 5A, 60 W<\/td>\n<td>Input 90-230V, output 12V, 5A, 60 W<\/td>\n<\/tr>\n<tr>\n<td>Dimension<\/td>\n<td>88WX188LX158H<\/td>\n<td>88WX188LX158H<\/td>\n<\/tr>\n<tr>\n<td>Gewicht<\/td>\n<td>2 KG<\/td>\n<td>2 KG<\/td>\n<\/tr>\n<\/tbody>\n<\/table>\n<p>ACK-01 K\u00fchlblock aus Aluminium (32.5HX75LX75W) f\u00fcr 20 X R\u00f6rchen 0.2 ml<br \/>\nACK-02 K\u00fchlblock aus Aluminium (32.5HX75LX75W) f\u00fcr 20 X R\u00f6rchen 0.5 ml<br \/>\nACK-03 K\u00fchlblock aus Aluminium (32.5HX75LX75W) f\u00fcr 20 X R\u00f6rchen 1.5 ml<br \/>\nACK-04 K\u00fchlblock aus Aluminium (32.5HX75LX75W) f\u00fcr 20 X R\u00f6rchen 2.0 ml<br \/>\nACK-05 K\u00fchlblock aus Aluminium (32.5HX75LX75W) f\u00fcr 20 X R\u00f6rchen (0.2, 0.5, 1.5 et2 ml)<br \/>\nACK-06 Aluminium Kugel, Pack<\/p>\n","protected":false},"excerpt":{"rendered":"<p>K\u00fchlbeh\u00e4lter<\/p>\n","protected":false},"featured_media":8279,"template":"","meta":{"_crdt_document":""},"product_brand":[],"product_cat":[274],"product_tag":[],"class_list":{"0":"post-8288","1":"product","2":"type-product","3":"status-publish","4":"has-post-thumbnail","6":"product_cat-thermostatblock","8":"first","9":"instock","10":"taxable","11":"shipping-taxable","12":"purchasable","13":"product-type-variable"},"yoast_head":"<!-- This site is optimized with the Yoast SEO plugin v27.4 - https:\/\/yoast.com\/product\/yoast-seo-wordpress\/ -->\n<title>K\u00fchlbeh\u00e4lter ACK-30x - Sysmatec<\/title>\n<meta name=\"description\" content=\"K\u00fchlbeh\u00e4lter zum K\u00fchlen von kleinen Proben. Eine Version mit Temperaturregelung. Es stehen verschiedene Bl\u00f6cke zum Platzieren von Proben zur Verf\u00fcgung.\" \/>\n<meta name=\"robots\" content=\"index, follow, max-snippet:-1, max-image-preview:large, max-video-preview:-1\" \/>\n<link rel=\"canonical\" href=\"https:\/\/sysmatec.ch\/de\/produit\/kuehlbehaelter-ack-30x\/\" \/>\n<meta property=\"og:locale\" content=\"de_DE\" \/>\n<meta property=\"og:type\" content=\"article\" \/>\n<meta property=\"og:title\" content=\"K\u00fchlbeh\u00e4lter ACK-30x - Sysmatec\" \/>\n<meta property=\"og:description\" content=\"K\u00fchlbeh\u00e4lter zum K\u00fchlen von kleinen Proben. Eine Version mit Temperaturregelung. Es stehen verschiedene Bl\u00f6cke zum Platzieren von Proben zur Verf\u00fcgung.\" \/>\n<meta property=\"og:url\" content=\"https:\/\/sysmatec.ch\/de\/produit\/kuehlbehaelter-ack-30x\/\" \/>\n<meta property=\"og:site_name\" content=\"Sysmatec\" \/>\n<meta property=\"article:modified_time\" content=\"2021-12-21T21:00:59+00:00\" \/>\n<meta property=\"og:image\" content=\"https:\/\/sysmatec.ch\/wp-content\/uploads\/2019\/07\/Bloc_AELabACK302.jpg\" \/>\n\t<meta property=\"og:image:width\" content=\"183\" \/>\n\t<meta property=\"og:image:height\" content=\"211\" \/>\n\t<meta property=\"og:image:type\" content=\"image\/jpeg\" \/>\n<meta name=\"twitter:card\" content=\"summary_large_image\" \/>\n<meta name=\"twitter:label1\" content=\"Gesch\u00e4tzte Lesezeit\" \/>\n\t<meta name=\"twitter:data1\" content=\"1\u00a0Minute\" \/>\n<script type=\"application\/ld+json\" class=\"yoast-schema-graph\">{\"@context\":\"https:\\\/\\\/schema.org\",\"@graph\":[{\"@type\":\"WebPage\",\"@id\":\"https:\\\/\\\/sysmatec.ch\\\/de\\\/produit\\\/kuehlbehaelter-ack-30x\\\/\",\"url\":\"https:\\\/\\\/sysmatec.ch\\\/de\\\/produit\\\/kuehlbehaelter-ack-30x\\\/\",\"name\":\"K\u00fchlbeh\u00e4lter ACK-30x - Sysmatec\",\"isPartOf\":{\"@id\":\"https:\\\/\\\/sysmatec.ch\\\/de\\\/#website\"},\"primaryImageOfPage\":{\"@id\":\"https:\\\/\\\/sysmatec.ch\\\/de\\\/produit\\\/kuehlbehaelter-ack-30x\\\/#primaryimage\"},\"image\":{\"@id\":\"https:\\\/\\\/sysmatec.ch\\\/de\\\/produit\\\/kuehlbehaelter-ack-30x\\\/#primaryimage\"},\"thumbnailUrl\":\"https:\\\/\\\/sysmatec.ch\\\/wp-content\\\/uploads\\\/2019\\\/07\\\/Bloc_AELabACK302.jpg\",\"datePublished\":\"2019-07-03T18:57:30+00:00\",\"dateModified\":\"2021-12-21T21:00:59+00:00\",\"description\":\"K\u00fchlbeh\u00e4lter zum K\u00fchlen von kleinen Proben. Eine Version mit Temperaturregelung. Es stehen verschiedene Bl\u00f6cke zum Platzieren von Proben zur Verf\u00fcgung.\",\"breadcrumb\":{\"@id\":\"https:\\\/\\\/sysmatec.ch\\\/de\\\/produit\\\/kuehlbehaelter-ack-30x\\\/#breadcrumb\"},\"inLanguage\":\"de\",\"potentialAction\":[{\"@type\":\"ReadAction\",\"target\":[\"https:\\\/\\\/sysmatec.ch\\\/de\\\/produit\\\/kuehlbehaelter-ack-30x\\\/\"]}]},{\"@type\":\"ImageObject\",\"inLanguage\":\"de\",\"@id\":\"https:\\\/\\\/sysmatec.ch\\\/de\\\/produit\\\/kuehlbehaelter-ack-30x\\\/#primaryimage\",\"url\":\"https:\\\/\\\/sysmatec.ch\\\/wp-content\\\/uploads\\\/2019\\\/07\\\/Bloc_AELabACK302.jpg\",\"contentUrl\":\"https:\\\/\\\/sysmatec.ch\\\/wp-content\\\/uploads\\\/2019\\\/07\\\/Bloc_AELabACK302.jpg\",\"width\":183,\"height\":211},{\"@type\":\"BreadcrumbList\",\"@id\":\"https:\\\/\\\/sysmatec.ch\\\/de\\\/produit\\\/kuehlbehaelter-ack-30x\\\/#breadcrumb\",\"itemListElement\":[{\"@type\":\"ListItem\",\"position\":1,\"name\":\"Accueil\",\"item\":\"https:\\\/\\\/sysmatec.ch\\\/de\\\/\"},{\"@type\":\"ListItem\",\"position\":2,\"name\":\"Die Aktivit\u00e4t von Sysmatec\",\"item\":\"https:\\\/\\\/sysmatec.ch\\\/de\\\/\"},{\"@type\":\"ListItem\",\"position\":3,\"name\":\"K\u00fchlbeh\u00e4lter ACK-30x\"}]},{\"@type\":\"WebSite\",\"@id\":\"https:\\\/\\\/sysmatec.ch\\\/de\\\/#website\",\"url\":\"https:\\\/\\\/sysmatec.ch\\\/de\\\/\",\"name\":\"Sysmatec\",\"description\":\"Equipement de laboratoire et logiciels\",\"publisher\":{\"@id\":\"https:\\\/\\\/sysmatec.ch\\\/de\\\/#organization\"},\"potentialAction\":[{\"@type\":\"SearchAction\",\"target\":{\"@type\":\"EntryPoint\",\"urlTemplate\":\"https:\\\/\\\/sysmatec.ch\\\/de\\\/?s={search_term_string}\"},\"query-input\":{\"@type\":\"PropertyValueSpecification\",\"valueRequired\":true,\"valueName\":\"search_term_string\"}}],\"inLanguage\":\"de\"},{\"@type\":\"Organization\",\"@id\":\"https:\\\/\\\/sysmatec.ch\\\/de\\\/#organization\",\"name\":\"Sysmatec\",\"url\":\"https:\\\/\\\/sysmatec.ch\\\/de\\\/\",\"logo\":{\"@type\":\"ImageObject\",\"inLanguage\":\"de\",\"@id\":\"https:\\\/\\\/sysmatec.ch\\\/de\\\/#\\\/schema\\\/logo\\\/image\\\/\",\"url\":\"https:\\\/\\\/sysmatec.ch\\\/wp-content\\\/uploads\\\/2018\\\/11\\\/LogoSysmatec.jpg\",\"contentUrl\":\"https:\\\/\\\/sysmatec.ch\\\/wp-content\\\/uploads\\\/2018\\\/11\\\/LogoSysmatec.jpg\",\"width\":301,\"height\":297,\"caption\":\"Sysmatec\"},\"image\":{\"@id\":\"https:\\\/\\\/sysmatec.ch\\\/de\\\/#\\\/schema\\\/logo\\\/image\\\/\"}}]}<\/script>\n<!-- \/ Yoast SEO plugin. -->","yoast_head_json":{"title":"K\u00fchlbeh\u00e4lter ACK-30x - Sysmatec","description":"K\u00fchlbeh\u00e4lter zum K\u00fchlen von kleinen Proben. Eine Version mit Temperaturregelung. Es stehen verschiedene Bl\u00f6cke zum Platzieren von Proben zur Verf\u00fcgung.","robots":{"index":"index","follow":"follow","max-snippet":"max-snippet:-1","max-image-preview":"max-image-preview:large","max-video-preview":"max-video-preview:-1"},"canonical":"https:\/\/sysmatec.ch\/de\/produit\/kuehlbehaelter-ack-30x\/","og_locale":"de_DE","og_type":"article","og_title":"K\u00fchlbeh\u00e4lter ACK-30x - Sysmatec","og_description":"K\u00fchlbeh\u00e4lter zum K\u00fchlen von kleinen Proben. Eine Version mit Temperaturregelung. Es stehen verschiedene Bl\u00f6cke zum Platzieren von Proben zur Verf\u00fcgung.","og_url":"https:\/\/sysmatec.ch\/de\/produit\/kuehlbehaelter-ack-30x\/","og_site_name":"Sysmatec","article_modified_time":"2021-12-21T21:00:59+00:00","og_image":[{"width":183,"height":211,"url":"https:\/\/sysmatec.ch\/wp-content\/uploads\/2019\/07\/Bloc_AELabACK302.jpg","type":"image\/jpeg"}],"twitter_card":"summary_large_image","twitter_misc":{"Gesch\u00e4tzte Lesezeit":"1\u00a0Minute"},"schema":{"@context":"https:\/\/schema.org","@graph":[{"@type":"WebPage","@id":"https:\/\/sysmatec.ch\/de\/produit\/kuehlbehaelter-ack-30x\/","url":"https:\/\/sysmatec.ch\/de\/produit\/kuehlbehaelter-ack-30x\/","name":"K\u00fchlbeh\u00e4lter ACK-30x - Sysmatec","isPartOf":{"@id":"https:\/\/sysmatec.ch\/de\/#website"},"primaryImageOfPage":{"@id":"https:\/\/sysmatec.ch\/de\/produit\/kuehlbehaelter-ack-30x\/#primaryimage"},"image":{"@id":"https:\/\/sysmatec.ch\/de\/produit\/kuehlbehaelter-ack-30x\/#primaryimage"},"thumbnailUrl":"https:\/\/sysmatec.ch\/wp-content\/uploads\/2019\/07\/Bloc_AELabACK302.jpg","datePublished":"2019-07-03T18:57:30+00:00","dateModified":"2021-12-21T21:00:59+00:00","description":"K\u00fchlbeh\u00e4lter zum K\u00fchlen von kleinen Proben. Eine Version mit Temperaturregelung. Es stehen verschiedene Bl\u00f6cke zum Platzieren von Proben zur Verf\u00fcgung.","breadcrumb":{"@id":"https:\/\/sysmatec.ch\/de\/produit\/kuehlbehaelter-ack-30x\/#breadcrumb"},"inLanguage":"de","potentialAction":[{"@type":"ReadAction","target":["https:\/\/sysmatec.ch\/de\/produit\/kuehlbehaelter-ack-30x\/"]}]},{"@type":"ImageObject","inLanguage":"de","@id":"https:\/\/sysmatec.ch\/de\/produit\/kuehlbehaelter-ack-30x\/#primaryimage","url":"https:\/\/sysmatec.ch\/wp-content\/uploads\/2019\/07\/Bloc_AELabACK302.jpg","contentUrl":"https:\/\/sysmatec.ch\/wp-content\/uploads\/2019\/07\/Bloc_AELabACK302.jpg","width":183,"height":211},{"@type":"BreadcrumbList","@id":"https:\/\/sysmatec.ch\/de\/produit\/kuehlbehaelter-ack-30x\/#breadcrumb","itemListElement":[{"@type":"ListItem","position":1,"name":"Accueil","item":"https:\/\/sysmatec.ch\/de\/"},{"@type":"ListItem","position":2,"name":"Die Aktivit\u00e4t von Sysmatec","item":"https:\/\/sysmatec.ch\/de\/"},{"@type":"ListItem","position":3,"name":"K\u00fchlbeh\u00e4lter ACK-30x"}]},{"@type":"WebSite","@id":"https:\/\/sysmatec.ch\/de\/#website","url":"https:\/\/sysmatec.ch\/de\/","name":"Sysmatec","description":"Equipement de laboratoire et logiciels","publisher":{"@id":"https:\/\/sysmatec.ch\/de\/#organization"},"potentialAction":[{"@type":"SearchAction","target":{"@type":"EntryPoint","urlTemplate":"https:\/\/sysmatec.ch\/de\/?s={search_term_string}"},"query-input":{"@type":"PropertyValueSpecification","valueRequired":true,"valueName":"search_term_string"}}],"inLanguage":"de"},{"@type":"Organization","@id":"https:\/\/sysmatec.ch\/de\/#organization","name":"Sysmatec","url":"https:\/\/sysmatec.ch\/de\/","logo":{"@type":"ImageObject","inLanguage":"de","@id":"https:\/\/sysmatec.ch\/de\/#\/schema\/logo\/image\/","url":"https:\/\/sysmatec.ch\/wp-content\/uploads\/2018\/11\/LogoSysmatec.jpg","contentUrl":"https:\/\/sysmatec.ch\/wp-content\/uploads\/2018\/11\/LogoSysmatec.jpg","width":301,"height":297,"caption":"Sysmatec"},"image":{"@id":"https:\/\/sysmatec.ch\/de\/#\/schema\/logo\/image\/"}}]}},"_links":{"self":[{"href":"https:\/\/sysmatec.ch\/de\/wp-json\/wp\/v2\/product\/8288","targetHints":{"allow":["GET"]}}],"collection":[{"href":"https:\/\/sysmatec.ch\/de\/wp-json\/wp\/v2\/product"}],"about":[{"href":"https:\/\/sysmatec.ch\/de\/wp-json\/wp\/v2\/types\/product"}],"wp:featuredmedia":[{"embeddable":true,"href":"https:\/\/sysmatec.ch\/de\/wp-json\/wp\/v2\/media\/8279"}],"wp:attachment":[{"href":"https:\/\/sysmatec.ch\/de\/wp-json\/wp\/v2\/media?parent=8288"}],"wp:term":[{"taxonomy":"product_brand","embeddable":true,"href":"https:\/\/sysmatec.ch\/de\/wp-json\/wp\/v2\/product_brand?post=8288"},{"taxonomy":"product_cat","embeddable":true,"href":"https:\/\/sysmatec.ch\/de\/wp-json\/wp\/v2\/product_cat?post=8288"},{"taxonomy":"product_tag","embeddable":true,"href":"https:\/\/sysmatec.ch\/de\/wp-json\/wp\/v2\/product_tag?post=8288"}],"curies":[{"name":"wp","href":"https:\/\/api.w.org\/{rel}","templated":true}]}}