{"id":8275,"date":"2019-07-03T20:39:39","date_gmt":"2019-07-03T18:39:39","guid":{"rendered":"https:\/\/sysmatec.ch\/produit\/blocs-chauffants-abh-101d-102d-103d-104d\/"},"modified":"2021-12-22T08:10:43","modified_gmt":"2021-12-22T07:10:43","slug":"heizblock-abh-101d-102d-103d-104d","status":"publish","type":"product","link":"https:\/\/sysmatec.ch\/de\/Produkt\/heizblock-abh-101d-102d-103d-104d\/","title":{"rendered":"Heizblock ABH-101D\/102D\/103D\/104D"},"content":{"rendered":"<p><span class=\"VIiyi\" lang=\"de\"><span class=\"JLqJ4b ChMk0b\" data-language-for-alternatives=\"de\" data-language-to-translate-into=\"en\" data-phrase-index=\"0\" data-number-of-phrases=\"1\">Der Blockheizer ist f\u00fcr den breiten Einsatz in chemischen, biochemischen, klinischen und anderen allgemeinen Labors zum Erhitzen, Verdauen, Inkubieren, Konzentrieren und f\u00fcr andere Erhitzungsprozesse ausgelegt.<\/span><\/span><\/p>\n<p>Temperaturbereich: Raumtemperatur + 10 \u00b0 C bis 130 \u00b0 C<\/p>\n<p>Steuerung: PID, mit Anzeige<\/p>\n<p>Temperaturstabilit\u00e4t: + \/ -0,1 \u00b0 C<\/p>\n<p>Max. Anzahl Bl\u00f6cke: 1 (101A), 2 (102A), 3 (103A), 4 (104A)<\/p>\n<p>Maximale Temperaturdifferenz zwischen zwei identischen Bl\u00f6cken bei 50 \u00ba C: + \/ -0,2 \u00b0 C<\/p>\n<p>Netzteil 230 V, 50 Hz oder 110 V, 60 Hz<\/p>\n<p>Abmessungen (mm) 140x270x110 (101A), 220x270x110 (102A), 275x270x110 (103A), 260X360X105 (104A)<\/p>\n<h2>Verschiedene Bl\u00f6cke verf\u00fcgbar<\/h2>\n<p>ADB-01 6 x 28 mm Block<br \/>\nADB-02 30 x 0,5 ml Block<br \/>\nADB-03 20 x 1,5 ml Block, 9 \u00b0 Verj\u00fcngung<br \/>\nADB-04 2 x 50 ml (flacher Boden) Block<br \/>\nADB-05 20 x 10 mm Block<br \/>\nADB-07 20 x 13 mm Block<br \/>\nADB-09 20 x 12 mm Block<br \/>\nADB-11 Block 12 x 16 mm<br \/>\nADB-12 20 x 2 ml Block<br \/>\nADB-15 8 x 19 mm Block<br \/>\nADB-16 4 x 33 mm Block<br \/>\nADB-17 96 x 0,2 ml &#8211; f\u00fcr nicht umrandete oder 0,2 ml-Durchstechflaschen, 9 \u00b0 konisch. Bei Verwendung mit 3 Heizbl\u00f6cken 2 ADB-22 verwenden oder einen weiteren normalen Block hinzuf\u00fcgen<br \/>\nADB-18 Black Entfernungswerkzeug<br \/>\nADB-20 72 x 0,2 ml &#8211; f\u00fcr 0,2-ml-Fl\u00e4schchen, 9 \u00b0 Verj\u00fcngung<br \/>\nADB-21 Flat Block f\u00fcr ELISA-Platten oder in situ. Bei Verwendung mit 3 Heizbl\u00f6cken 2 ADB-22 verwenden oder einen weiteren normalen Block hinzuf\u00fcgen<br \/>\nF\u00fcr den ADB-22-Aluminium-Abstandshalter, der mit einem 96 x 0,2-ml-Block in ABH-103D verwendet wird, sind zwei erforderlich<br \/>\nADB-23 96-Wells x 0,2 ml &#8211; f\u00fcr umrandete PCR-Platten oder 0,2-ml-Fl\u00e4schchen, 9 \u00b0 -Konus. Bei Verwendung mit 3 Heizbl\u00f6cken 2 ADB-22 verwenden oder einen weiteren normalen Block hinzuf\u00fcgen<\/p>\n","protected":false},"excerpt":{"rendered":"<p>Heizblock<\/p>\n","protected":false},"featured_media":8266,"template":"","meta":{"_crdt_document":""},"product_brand":[],"product_cat":[274],"product_tag":[],"class_list":{"0":"post-8275","1":"product","2":"type-product","3":"status-publish","4":"has-post-thumbnail","6":"product_cat-thermostatblock","8":"first","9":"instock","10":"taxable","11":"shipping-taxable","12":"purchasable","13":"product-type-variable"},"yoast_head":"<!-- This site is optimized with the Yoast SEO plugin v27.4 - https:\/\/yoast.com\/product\/yoast-seo-wordpress\/ -->\n<title>Heizblock ABH-101D\/102D\/103D\/104D - Sysmatec<\/title>\n<meta name=\"description\" content=\"Modularer Heizblock, f\u00fcr Temperaturen bis 130\u00b0C. Es k\u00f6nnen bis zu 4 Module in das Ger\u00e4t gesteckt werden.\" \/>\n<meta name=\"robots\" content=\"index, follow, max-snippet:-1, max-image-preview:large, max-video-preview:-1\" \/>\n<link rel=\"canonical\" href=\"https:\/\/sysmatec.ch\/de\/produit\/heizblock-abh-101d-102d-103d-104d\/\" \/>\n<meta property=\"og:locale\" content=\"de_DE\" \/>\n<meta property=\"og:type\" content=\"article\" \/>\n<meta property=\"og:title\" content=\"Heizblock ABH-101D\/102D\/103D\/104D - Sysmatec\" \/>\n<meta property=\"og:description\" content=\"Modularer Heizblock, f\u00fcr Temperaturen bis 130\u00b0C. Es k\u00f6nnen bis zu 4 Module in das Ger\u00e4t gesteckt werden.\" \/>\n<meta property=\"og:url\" content=\"https:\/\/sysmatec.ch\/de\/produit\/heizblock-abh-101d-102d-103d-104d\/\" \/>\n<meta property=\"og:site_name\" content=\"Sysmatec\" \/>\n<meta property=\"article:modified_time\" content=\"2021-12-22T07:10:43+00:00\" \/>\n<meta property=\"og:image\" content=\"https:\/\/sysmatec.ch\/wp-content\/uploads\/2019\/07\/Bloc_AELabABH104D.jpg\" \/>\n\t<meta property=\"og:image:width\" content=\"182\" \/>\n\t<meta property=\"og:image:height\" content=\"147\" \/>\n\t<meta property=\"og:image:type\" content=\"image\/jpeg\" \/>\n<meta name=\"twitter:card\" content=\"summary_large_image\" \/>\n<meta name=\"twitter:label1\" content=\"Gesch\u00e4tzte Lesezeit\" \/>\n\t<meta name=\"twitter:data1\" content=\"2\u00a0Minuten\" \/>\n<script type=\"application\/ld+json\" class=\"yoast-schema-graph\">{\"@context\":\"https:\\\/\\\/schema.org\",\"@graph\":[{\"@type\":\"WebPage\",\"@id\":\"https:\\\/\\\/sysmatec.ch\\\/de\\\/produit\\\/heizblock-abh-101d-102d-103d-104d\\\/\",\"url\":\"https:\\\/\\\/sysmatec.ch\\\/de\\\/produit\\\/heizblock-abh-101d-102d-103d-104d\\\/\",\"name\":\"Heizblock ABH-101D\\\/102D\\\/103D\\\/104D - Sysmatec\",\"isPartOf\":{\"@id\":\"https:\\\/\\\/sysmatec.ch\\\/de\\\/#website\"},\"primaryImageOfPage\":{\"@id\":\"https:\\\/\\\/sysmatec.ch\\\/de\\\/produit\\\/heizblock-abh-101d-102d-103d-104d\\\/#primaryimage\"},\"image\":{\"@id\":\"https:\\\/\\\/sysmatec.ch\\\/de\\\/produit\\\/heizblock-abh-101d-102d-103d-104d\\\/#primaryimage\"},\"thumbnailUrl\":\"https:\\\/\\\/sysmatec.ch\\\/wp-content\\\/uploads\\\/2019\\\/07\\\/Bloc_AELabABH104D.jpg\",\"datePublished\":\"2019-07-03T18:39:39+00:00\",\"dateModified\":\"2021-12-22T07:10:43+00:00\",\"description\":\"Modularer Heizblock, f\u00fcr Temperaturen bis 130\u00b0C. Es k\u00f6nnen bis zu 4 Module in das Ger\u00e4t gesteckt werden.\",\"breadcrumb\":{\"@id\":\"https:\\\/\\\/sysmatec.ch\\\/de\\\/produit\\\/heizblock-abh-101d-102d-103d-104d\\\/#breadcrumb\"},\"inLanguage\":\"de\",\"potentialAction\":[{\"@type\":\"ReadAction\",\"target\":[\"https:\\\/\\\/sysmatec.ch\\\/de\\\/produit\\\/heizblock-abh-101d-102d-103d-104d\\\/\"]}]},{\"@type\":\"ImageObject\",\"inLanguage\":\"de\",\"@id\":\"https:\\\/\\\/sysmatec.ch\\\/de\\\/produit\\\/heizblock-abh-101d-102d-103d-104d\\\/#primaryimage\",\"url\":\"https:\\\/\\\/sysmatec.ch\\\/wp-content\\\/uploads\\\/2019\\\/07\\\/Bloc_AELabABH104D.jpg\",\"contentUrl\":\"https:\\\/\\\/sysmatec.ch\\\/wp-content\\\/uploads\\\/2019\\\/07\\\/Bloc_AELabABH104D.jpg\",\"width\":182,\"height\":147},{\"@type\":\"BreadcrumbList\",\"@id\":\"https:\\\/\\\/sysmatec.ch\\\/de\\\/produit\\\/heizblock-abh-101d-102d-103d-104d\\\/#breadcrumb\",\"itemListElement\":[{\"@type\":\"ListItem\",\"position\":1,\"name\":\"Accueil\",\"item\":\"https:\\\/\\\/sysmatec.ch\\\/de\\\/\"},{\"@type\":\"ListItem\",\"position\":2,\"name\":\"Die Aktivit\u00e4t von Sysmatec\",\"item\":\"https:\\\/\\\/sysmatec.ch\\\/de\\\/\"},{\"@type\":\"ListItem\",\"position\":3,\"name\":\"Heizblock ABH-101D\\\/102D\\\/103D\\\/104D\"}]},{\"@type\":\"WebSite\",\"@id\":\"https:\\\/\\\/sysmatec.ch\\\/de\\\/#website\",\"url\":\"https:\\\/\\\/sysmatec.ch\\\/de\\\/\",\"name\":\"Sysmatec\",\"description\":\"Equipement de laboratoire et logiciels\",\"publisher\":{\"@id\":\"https:\\\/\\\/sysmatec.ch\\\/de\\\/#organization\"},\"potentialAction\":[{\"@type\":\"SearchAction\",\"target\":{\"@type\":\"EntryPoint\",\"urlTemplate\":\"https:\\\/\\\/sysmatec.ch\\\/de\\\/?s={search_term_string}\"},\"query-input\":{\"@type\":\"PropertyValueSpecification\",\"valueRequired\":true,\"valueName\":\"search_term_string\"}}],\"inLanguage\":\"de\"},{\"@type\":\"Organization\",\"@id\":\"https:\\\/\\\/sysmatec.ch\\\/de\\\/#organization\",\"name\":\"Sysmatec\",\"url\":\"https:\\\/\\\/sysmatec.ch\\\/de\\\/\",\"logo\":{\"@type\":\"ImageObject\",\"inLanguage\":\"de\",\"@id\":\"https:\\\/\\\/sysmatec.ch\\\/de\\\/#\\\/schema\\\/logo\\\/image\\\/\",\"url\":\"https:\\\/\\\/sysmatec.ch\\\/wp-content\\\/uploads\\\/2018\\\/11\\\/LogoSysmatec.jpg\",\"contentUrl\":\"https:\\\/\\\/sysmatec.ch\\\/wp-content\\\/uploads\\\/2018\\\/11\\\/LogoSysmatec.jpg\",\"width\":301,\"height\":297,\"caption\":\"Sysmatec\"},\"image\":{\"@id\":\"https:\\\/\\\/sysmatec.ch\\\/de\\\/#\\\/schema\\\/logo\\\/image\\\/\"}}]}<\/script>\n<!-- \/ Yoast SEO plugin. -->","yoast_head_json":{"title":"Heizblock ABH-101D\/102D\/103D\/104D - Sysmatec","description":"Modularer Heizblock, f\u00fcr Temperaturen bis 130\u00b0C. Es k\u00f6nnen bis zu 4 Module in das Ger\u00e4t gesteckt werden.","robots":{"index":"index","follow":"follow","max-snippet":"max-snippet:-1","max-image-preview":"max-image-preview:large","max-video-preview":"max-video-preview:-1"},"canonical":"https:\/\/sysmatec.ch\/de\/produit\/heizblock-abh-101d-102d-103d-104d\/","og_locale":"de_DE","og_type":"article","og_title":"Heizblock ABH-101D\/102D\/103D\/104D - Sysmatec","og_description":"Modularer Heizblock, f\u00fcr Temperaturen bis 130\u00b0C. Es k\u00f6nnen bis zu 4 Module in das Ger\u00e4t gesteckt werden.","og_url":"https:\/\/sysmatec.ch\/de\/produit\/heizblock-abh-101d-102d-103d-104d\/","og_site_name":"Sysmatec","article_modified_time":"2021-12-22T07:10:43+00:00","og_image":[{"width":182,"height":147,"url":"https:\/\/sysmatec.ch\/wp-content\/uploads\/2019\/07\/Bloc_AELabABH104D.jpg","type":"image\/jpeg"}],"twitter_card":"summary_large_image","twitter_misc":{"Gesch\u00e4tzte Lesezeit":"2\u00a0Minuten"},"schema":{"@context":"https:\/\/schema.org","@graph":[{"@type":"WebPage","@id":"https:\/\/sysmatec.ch\/de\/produit\/heizblock-abh-101d-102d-103d-104d\/","url":"https:\/\/sysmatec.ch\/de\/produit\/heizblock-abh-101d-102d-103d-104d\/","name":"Heizblock ABH-101D\/102D\/103D\/104D - Sysmatec","isPartOf":{"@id":"https:\/\/sysmatec.ch\/de\/#website"},"primaryImageOfPage":{"@id":"https:\/\/sysmatec.ch\/de\/produit\/heizblock-abh-101d-102d-103d-104d\/#primaryimage"},"image":{"@id":"https:\/\/sysmatec.ch\/de\/produit\/heizblock-abh-101d-102d-103d-104d\/#primaryimage"},"thumbnailUrl":"https:\/\/sysmatec.ch\/wp-content\/uploads\/2019\/07\/Bloc_AELabABH104D.jpg","datePublished":"2019-07-03T18:39:39+00:00","dateModified":"2021-12-22T07:10:43+00:00","description":"Modularer Heizblock, f\u00fcr Temperaturen bis 130\u00b0C. Es k\u00f6nnen bis zu 4 Module in das Ger\u00e4t gesteckt werden.","breadcrumb":{"@id":"https:\/\/sysmatec.ch\/de\/produit\/heizblock-abh-101d-102d-103d-104d\/#breadcrumb"},"inLanguage":"de","potentialAction":[{"@type":"ReadAction","target":["https:\/\/sysmatec.ch\/de\/produit\/heizblock-abh-101d-102d-103d-104d\/"]}]},{"@type":"ImageObject","inLanguage":"de","@id":"https:\/\/sysmatec.ch\/de\/produit\/heizblock-abh-101d-102d-103d-104d\/#primaryimage","url":"https:\/\/sysmatec.ch\/wp-content\/uploads\/2019\/07\/Bloc_AELabABH104D.jpg","contentUrl":"https:\/\/sysmatec.ch\/wp-content\/uploads\/2019\/07\/Bloc_AELabABH104D.jpg","width":182,"height":147},{"@type":"BreadcrumbList","@id":"https:\/\/sysmatec.ch\/de\/produit\/heizblock-abh-101d-102d-103d-104d\/#breadcrumb","itemListElement":[{"@type":"ListItem","position":1,"name":"Accueil","item":"https:\/\/sysmatec.ch\/de\/"},{"@type":"ListItem","position":2,"name":"Die Aktivit\u00e4t von Sysmatec","item":"https:\/\/sysmatec.ch\/de\/"},{"@type":"ListItem","position":3,"name":"Heizblock ABH-101D\/102D\/103D\/104D"}]},{"@type":"WebSite","@id":"https:\/\/sysmatec.ch\/de\/#website","url":"https:\/\/sysmatec.ch\/de\/","name":"Sysmatec","description":"Equipement de laboratoire et logiciels","publisher":{"@id":"https:\/\/sysmatec.ch\/de\/#organization"},"potentialAction":[{"@type":"SearchAction","target":{"@type":"EntryPoint","urlTemplate":"https:\/\/sysmatec.ch\/de\/?s={search_term_string}"},"query-input":{"@type":"PropertyValueSpecification","valueRequired":true,"valueName":"search_term_string"}}],"inLanguage":"de"},{"@type":"Organization","@id":"https:\/\/sysmatec.ch\/de\/#organization","name":"Sysmatec","url":"https:\/\/sysmatec.ch\/de\/","logo":{"@type":"ImageObject","inLanguage":"de","@id":"https:\/\/sysmatec.ch\/de\/#\/schema\/logo\/image\/","url":"https:\/\/sysmatec.ch\/wp-content\/uploads\/2018\/11\/LogoSysmatec.jpg","contentUrl":"https:\/\/sysmatec.ch\/wp-content\/uploads\/2018\/11\/LogoSysmatec.jpg","width":301,"height":297,"caption":"Sysmatec"},"image":{"@id":"https:\/\/sysmatec.ch\/de\/#\/schema\/logo\/image\/"}}]}},"_links":{"self":[{"href":"https:\/\/sysmatec.ch\/de\/wp-json\/wp\/v2\/product\/8275","targetHints":{"allow":["GET"]}}],"collection":[{"href":"https:\/\/sysmatec.ch\/de\/wp-json\/wp\/v2\/product"}],"about":[{"href":"https:\/\/sysmatec.ch\/de\/wp-json\/wp\/v2\/types\/product"}],"wp:featuredmedia":[{"embeddable":true,"href":"https:\/\/sysmatec.ch\/de\/wp-json\/wp\/v2\/media\/8266"}],"wp:attachment":[{"href":"https:\/\/sysmatec.ch\/de\/wp-json\/wp\/v2\/media?parent=8275"}],"wp:term":[{"taxonomy":"product_brand","embeddable":true,"href":"https:\/\/sysmatec.ch\/de\/wp-json\/wp\/v2\/product_brand?post=8275"},{"taxonomy":"product_cat","embeddable":true,"href":"https:\/\/sysmatec.ch\/de\/wp-json\/wp\/v2\/product_cat?post=8275"},{"taxonomy":"product_tag","embeddable":true,"href":"https:\/\/sysmatec.ch\/de\/wp-json\/wp\/v2\/product_tag?post=8275"}],"curies":[{"name":"wp","href":"https:\/\/api.w.org\/{rel}","templated":true}]}}