{"id":8271,"date":"2019-07-03T20:31:04","date_gmt":"2019-07-03T18:31:04","guid":{"rendered":"https:\/\/sysmatec.ch\/produit\/blocs-chauffants-abh-101a-102a-103a-104a\/"},"modified":"2024-07-22T21:42:36","modified_gmt":"2024-07-22T19:42:36","slug":"ruehr-und-heiz-block-matrix-orbital-delta-fp","status":"publish","type":"product","link":"https:\/\/sysmatec.ch\/de\/Produkt\/ruehr-und-heiz-block-matrix-orbital-delta-fp\/","title":{"rendered":"R\u00fchr- und Heiz-block MATRIX Orbital Delta FP"},"content":{"rendered":"<p>Der R\u00fchrheizblock mischt und heizt mit universeller Plattenaufnahme f\u00fcr Mikrotiterplatten. Ob Blutproben, pharmazeutische Wirkstoffe, DNA\/ RNA Proben oder ELISA Assays \u2013 in allen Laboranwendungen werden Proben mit kleinsten Volumina zuverl\u00e4ssig und vollst\u00e4ndig durchmischt.<\/p>\n<h2>Vorteile<\/h2>\n<ul>\n<li>\u00dcbersichtliches, gro\u00dfes Display mit komfortabler Men\u00fcstruktur erm\u00f6glicht intuitive Bedienung<\/li>\n<li>Stabiler Schnellverschluss f\u00fcr einfachen und schnellen Wechsel der Ein-\/Aufs\u00e4tze und automatische Aufsatzerkennung<\/li>\n<li>Schnelle und effektive Durchmischung von Fl\u00fcssigkeiten mit bis zu 2.000 Umdrehungen pro Minute bei 3 mm Sch\u00fcttelhub<\/li>\n<li>Automatische Durchf\u00fchrung von Misch- und Heizaufgaben durch programmierbare Rampen<\/li>\n<li>Intelligente Anpassung der Geschwindigkeit an Einsatz, Aufsatz und F\u00fcllvolumen<\/li>\n<li>Geh\u00e4use aus Aluminiumdruckguss sorgt f\u00fcr sicheren Stand, herausragende Stabilit\u00e4t und Alltagsrobustheit<\/li>\n<\/ul>\n<h2>Merkmale<\/h2>\n<table id=\"tech_data\" cellspacing=\"0\" cellpadding=\"0\">\n<tbody>\n<tr class=\"ika-flex-table-row\">\n<td class=\"ika-flex-table-column\">Bewegungsart<\/td>\n<td class=\"ika-flex-table-column\">kreisend<\/td>\n<\/tr>\n<tr class=\"ika-flex-table-row\">\n<td class=\"ika-flex-table-column\">Sch\u00fcttelhub<\/td>\n<td class=\"ika-flex-table-column\">3 mm<\/td>\n<\/tr>\n<tr class=\"ika-flex-table-row\">\n<td class=\"ika-flex-table-column\">Maximale Beladung<\/td>\n<td class=\"ika-flex-table-column\">0.3 kg<\/td>\n<\/tr>\n<tr class=\"ika-flex-table-row\">\n<td class=\"ika-flex-table-column\">Zul\u00e4ssige Einschaltdauer<\/td>\n<td class=\"ika-flex-table-column\">100 %<\/td>\n<\/tr>\n<tr class=\"ika-flex-table-row\">\n<td class=\"ika-flex-table-column\">Drehzahl min. (einstellbar)<\/td>\n<td class=\"ika-flex-table-column\">300 rpm<\/td>\n<\/tr>\n<tr class=\"ika-flex-table-row\">\n<td class=\"ika-flex-table-column\">Drehzahlbereich<\/td>\n<td class=\"ika-flex-table-column\">0 &#8211; 2000 rpm<\/td>\n<\/tr>\n<tr class=\"ika-flex-table-row\">\n<td class=\"ika-flex-table-column\">Drehzahlanzeige<\/td>\n<td class=\"ika-flex-table-column\">TFT<\/td>\n<\/tr>\n<tr class=\"ika-flex-table-row\">\n<td class=\"ika-flex-table-column\">Drehzahlabweichung<\/td>\n<td class=\"ika-flex-table-column\">\u00b130 rpm<\/td>\n<\/tr>\n<tr class=\"ika-flex-table-row\">\n<td class=\"ika-flex-table-column\">Einstellm\u00f6glichkeit Drehzahl<\/td>\n<td class=\"ika-flex-table-column\">10 RPM Schritte<\/td>\n<\/tr>\n<tr class=\"ika-flex-table-row\">\n<td class=\"ika-flex-table-column\">Zeitschaltuhr<\/td>\n<td class=\"ika-flex-table-column\">ja<\/td>\n<\/tr>\n<tr class=\"ika-flex-table-row\">\n<td class=\"ika-flex-table-column\">Anzeige Zeitschaltuhr<\/td>\n<td class=\"ika-flex-table-column\">TFT<\/td>\n<\/tr>\n<tr class=\"ika-flex-table-row\">\n<td class=\"ika-flex-table-column\">Zeiteinstellung min.<\/td>\n<td class=\"ika-flex-table-column\">1 s<\/td>\n<\/tr>\n<tr class=\"ika-flex-table-row\">\n<td class=\"ika-flex-table-column\">Zeiteinstellung max.<\/td>\n<td class=\"ika-flex-table-column\">6000 min<\/td>\n<\/tr>\n<tr class=\"ika-flex-table-row\">\n<td class=\"ika-flex-table-column\">Betriebsart<\/td>\n<td class=\"ika-flex-table-column\">Timer-, Dauer- und Programmbetrieb<\/td>\n<\/tr>\n<tr class=\"ika-flex-table-row\">\n<td class=\"ika-flex-table-column\">Arbeiten mit Mikrotiterplatten<\/td>\n<td class=\"ika-flex-table-column\">ja<\/td>\n<\/tr>\n<tr class=\"ika-flex-table-row\">\n<td class=\"ika-flex-table-column\">Anzahl der Mikrotiterplatten<\/td>\n<td class=\"ika-flex-table-column\">1<\/td>\n<\/tr>\n<tr class=\"ika-flex-table-row\">\n<td class=\"ika-flex-table-column\">Heiztemperaturbereich<\/td>\n<td class=\"ika-flex-table-column\">Raumtemp. +4\u00b0 &#8211; 100 \u00b0C<\/td>\n<\/tr>\n<tr class=\"ika-flex-table-row\">\n<td class=\"ika-flex-table-column\">Heizleistung<\/td>\n<td class=\"ika-flex-table-column\">100 W<\/td>\n<\/tr>\n<tr class=\"ika-flex-table-row\">\n<td class=\"ika-flex-table-column\">Einstellm\u00f6glichkeit Heiztemperatur<\/td>\n<td class=\"ika-flex-table-column\">TFT<\/td>\n<\/tr>\n<tr class=\"ika-flex-table-row\">\n<td class=\"ika-flex-table-column\">Einstellgenauigkeit Solltemperatur<\/td>\n<td class=\"ika-flex-table-column\">\u00b11 \u00b0C<\/td>\n<\/tr>\n<tr class=\"ika-flex-table-row\">\n<td class=\"ika-flex-table-column\">Temperatur Regelgenauigkeit<\/td>\n<td class=\"ika-flex-table-column\">\u00b11.0 (@ 20\u00b0C \u2026 45\u00b0C); \u00b14.0 \u00b0C<\/td>\n<\/tr>\n<tr class=\"ika-flex-table-row\">\n<td class=\"ika-flex-table-column\">Temperatur Konstanz<\/td>\n<td class=\"ika-flex-table-column\">0.5 \u00b0C<\/td>\n<\/tr>\n<tr class=\"ika-flex-table-row\">\n<td class=\"ika-flex-table-column\">Temperatur Homogenit\u00e4t<\/td>\n<td class=\"ika-flex-table-column\">\u00b10.5 (@ 20\u00b0C &#8230; 45\u00b0C); \u00b11.5 \u00b0C<\/td>\n<\/tr>\n<tr class=\"ika-flex-table-row\">\n<td class=\"ika-flex-table-column\">Heizrate<\/td>\n<td class=\"ika-flex-table-column\">18 \u00b0C\/min<\/td>\n<\/tr>\n<tr class=\"ika-flex-table-row\">\n<td class=\"ika-flex-table-column\">Temperaturanzeige<\/td>\n<td class=\"ika-flex-table-column\">ja<\/td>\n<\/tr>\n<tr class=\"ika-flex-table-row\">\n<td class=\"ika-flex-table-column\">Anzahl PCR-Platten<\/td>\n<td class=\"ika-flex-table-column\">1<\/td>\n<\/tr>\n<tr class=\"ika-flex-table-row\">\n<td class=\"ika-flex-table-column\">Anzahl Deep Well Plates (DWP)<\/td>\n<td class=\"ika-flex-table-column\">1<\/td>\n<\/tr>\n<tr class=\"ika-flex-table-row\">\n<td class=\"ika-flex-table-column\">Abmessungen (B x H x T)<\/td>\n<td class=\"ika-flex-table-column\">216 x 147 x 351 mm<\/td>\n<\/tr>\n<tr class=\"ika-flex-table-row\">\n<td class=\"ika-flex-table-column\">Gewicht<\/td>\n<td class=\"ika-flex-table-column\">9.2 kg<\/td>\n<\/tr>\n<tr class=\"ika-flex-table-row\">\n<td class=\"ika-flex-table-column\">Zul\u00e4ssiger Umgebungstemperaturbereich<\/td>\n<td class=\"ika-flex-table-column\">5 &#8211; 40 \u00b0C<\/td>\n<\/tr>\n<tr class=\"ika-flex-table-row\">\n<td class=\"ika-flex-table-column\">Zul\u00e4ssige Relative Feuchte<\/td>\n<td class=\"ika-flex-table-column\">80 %<\/td>\n<\/tr>\n<tr class=\"ika-flex-table-row\">\n<td class=\"ika-flex-table-column\">Schutzart nach DIN EN 60529<\/td>\n<td class=\"ika-flex-table-column\">IP 21<\/td>\n<\/tr>\n<tr class=\"ika-flex-table-row\">\n<td class=\"ika-flex-table-column\">RS 232 Schnittstelle<\/td>\n<td class=\"ika-flex-table-column\">ja<\/td>\n<\/tr>\n<tr class=\"ika-flex-table-row\">\n<td class=\"ika-flex-table-column\">USB Schnittstelle<\/td>\n<td class=\"ika-flex-table-column\">ja<\/td>\n<\/tr>\n<tr class=\"ika-flex-table-row\">\n<td class=\"ika-flex-table-column\">Spannung<\/td>\n<td class=\"ika-flex-table-column\">100 &#8211; 240 V<\/td>\n<\/tr>\n<tr class=\"ika-flex-table-row\">\n<td class=\"ika-flex-table-column\">Frequenz<\/td>\n<td class=\"ika-flex-table-column\">50\/60 Hz<\/td>\n<\/tr>\n<tr class=\"ika-flex-table-row\">\n<td class=\"ika-flex-table-column\">Ger\u00e4teaufnahmeleistung<\/td>\n<td class=\"ika-flex-table-column\">240 W<\/td>\n<\/tr>\n<tr class=\"ika-flex-table-row\">\n<td class=\"ika-flex-table-column\">Ger\u00e4teaufnahmeleistung max.<\/td>\n<td class=\"ika-flex-table-column\">240 W<\/td>\n<\/tr>\n<tr class=\"ika-flex-table-row\">\n<td class=\"ika-flex-table-column\">Sicherung<\/td>\n<td class=\"ika-flex-table-column\">2x T4A 250V<\/td>\n<\/tr>\n<\/tbody>\n<\/table>\n","protected":false},"excerpt":{"rendered":"<p>Heizblock f\u00fcr Mikroplatten mit R\u00fchrfunktion.<\/p>\n","protected":false},"featured_media":29793,"template":"","meta":{"_crdt_document":""},"product_brand":[],"product_cat":[274],"product_tag":[],"class_list":{"0":"post-8271","1":"product","2":"type-product","3":"status-publish","4":"has-post-thumbnail","6":"product_cat-thermostatblock","8":"first","9":"instock","10":"taxable","11":"shipping-taxable","12":"product-type-simple"},"yoast_head":"<!-- This site is optimized with the Yoast SEO plugin v27.4 - https:\/\/yoast.com\/product\/yoast-seo-wordpress\/ -->\n<title>R\u00fchr- und Heiz-block MATRIX Orbital Delta FP - Sysmatec<\/title>\n<meta name=\"description\" content=\"Heizblock f\u00fcr Mikroplatten mit R\u00fchrfunktion, f\u00fcr Temperaturen bis 100 \u00b0C und R\u00fchrgeschwindigkeiten bis 3000 U\/min\" \/>\n<meta name=\"robots\" content=\"index, follow, max-snippet:-1, max-image-preview:large, max-video-preview:-1\" \/>\n<link rel=\"canonical\" href=\"https:\/\/sysmatec.ch\/de\/Produkt\/ruehr-und-heiz-block-matrix-orbital-delta-fp\/\" \/>\n<meta property=\"og:locale\" content=\"de_DE\" \/>\n<meta property=\"og:type\" content=\"article\" \/>\n<meta property=\"og:title\" content=\"R\u00fchr- und Heiz-block MATRIX Orbital Delta FP - Sysmatec\" \/>\n<meta property=\"og:description\" content=\"Heizblock f\u00fcr Mikroplatten mit R\u00fchrfunktion, f\u00fcr Temperaturen bis 100 \u00b0C und R\u00fchrgeschwindigkeiten bis 3000 U\/min\" \/>\n<meta property=\"og:url\" content=\"https:\/\/sysmatec.ch\/de\/Produkt\/ruehr-und-heiz-block-matrix-orbital-delta-fp\/\" \/>\n<meta property=\"og:site_name\" content=\"Sysmatec\" \/>\n<meta property=\"article:modified_time\" content=\"2024-07-22T19:42:36+00:00\" \/>\n<meta property=\"og:image\" content=\"https:\/\/sysmatec.ch\/wp-content\/uploads\/2019\/07\/BlocThermostate_IKAMatrixFP.jpg\" \/>\n\t<meta property=\"og:image:width\" content=\"769\" \/>\n\t<meta property=\"og:image:height\" content=\"709\" \/>\n\t<meta property=\"og:image:type\" content=\"image\/jpeg\" \/>\n<meta name=\"twitter:card\" content=\"summary_large_image\" \/>\n<meta name=\"twitter:label1\" content=\"Gesch\u00e4tzte Lesezeit\" \/>\n\t<meta name=\"twitter:data1\" content=\"2\u00a0Minuten\" \/>\n<script type=\"application\/ld+json\" class=\"yoast-schema-graph\">{\"@context\":\"https:\\\/\\\/schema.org\",\"@graph\":[{\"@type\":\"WebPage\",\"@id\":\"https:\\\/\\\/sysmatec.ch\\\/de\\\/Produkt\\\/ruehr-und-heiz-block-matrix-orbital-delta-fp\\\/\",\"url\":\"https:\\\/\\\/sysmatec.ch\\\/de\\\/Produkt\\\/ruehr-und-heiz-block-matrix-orbital-delta-fp\\\/\",\"name\":\"R\u00fchr- und Heiz-block MATRIX Orbital Delta FP - Sysmatec\",\"isPartOf\":{\"@id\":\"https:\\\/\\\/sysmatec.ch\\\/de\\\/#website\"},\"primaryImageOfPage\":{\"@id\":\"https:\\\/\\\/sysmatec.ch\\\/de\\\/Produkt\\\/ruehr-und-heiz-block-matrix-orbital-delta-fp\\\/#primaryimage\"},\"image\":{\"@id\":\"https:\\\/\\\/sysmatec.ch\\\/de\\\/Produkt\\\/ruehr-und-heiz-block-matrix-orbital-delta-fp\\\/#primaryimage\"},\"thumbnailUrl\":\"https:\\\/\\\/sysmatec.ch\\\/wp-content\\\/uploads\\\/2019\\\/07\\\/BlocThermostate_IKAMatrixFP.jpg\",\"datePublished\":\"2019-07-03T18:31:04+00:00\",\"dateModified\":\"2024-07-22T19:42:36+00:00\",\"description\":\"Heizblock f\u00fcr Mikroplatten mit R\u00fchrfunktion, f\u00fcr Temperaturen bis 100 \u00b0C und R\u00fchrgeschwindigkeiten bis 3000 U\\\/min\",\"breadcrumb\":{\"@id\":\"https:\\\/\\\/sysmatec.ch\\\/de\\\/Produkt\\\/ruehr-und-heiz-block-matrix-orbital-delta-fp\\\/#breadcrumb\"},\"inLanguage\":\"de\",\"potentialAction\":[{\"@type\":\"ReadAction\",\"target\":[\"https:\\\/\\\/sysmatec.ch\\\/de\\\/Produkt\\\/ruehr-und-heiz-block-matrix-orbital-delta-fp\\\/\"]}]},{\"@type\":\"ImageObject\",\"inLanguage\":\"de\",\"@id\":\"https:\\\/\\\/sysmatec.ch\\\/de\\\/Produkt\\\/ruehr-und-heiz-block-matrix-orbital-delta-fp\\\/#primaryimage\",\"url\":\"https:\\\/\\\/sysmatec.ch\\\/wp-content\\\/uploads\\\/2019\\\/07\\\/BlocThermostate_IKAMatrixFP.jpg\",\"contentUrl\":\"https:\\\/\\\/sysmatec.ch\\\/wp-content\\\/uploads\\\/2019\\\/07\\\/BlocThermostate_IKAMatrixFP.jpg\",\"width\":769,\"height\":709},{\"@type\":\"BreadcrumbList\",\"@id\":\"https:\\\/\\\/sysmatec.ch\\\/de\\\/Produkt\\\/ruehr-und-heiz-block-matrix-orbital-delta-fp\\\/#breadcrumb\",\"itemListElement\":[{\"@type\":\"ListItem\",\"position\":1,\"name\":\"Accueil\",\"item\":\"https:\\\/\\\/sysmatec.ch\\\/de\\\/\"},{\"@type\":\"ListItem\",\"position\":2,\"name\":\"Die Aktivit\u00e4t von Sysmatec\",\"item\":\"https:\\\/\\\/sysmatec.ch\\\/de\\\/\"},{\"@type\":\"ListItem\",\"position\":3,\"name\":\"R\u00fchr- und Heiz-block MATRIX Orbital Delta FP\"}]},{\"@type\":\"WebSite\",\"@id\":\"https:\\\/\\\/sysmatec.ch\\\/de\\\/#website\",\"url\":\"https:\\\/\\\/sysmatec.ch\\\/de\\\/\",\"name\":\"Sysmatec\",\"description\":\"Equipement de laboratoire et logiciels\",\"publisher\":{\"@id\":\"https:\\\/\\\/sysmatec.ch\\\/de\\\/#organization\"},\"potentialAction\":[{\"@type\":\"SearchAction\",\"target\":{\"@type\":\"EntryPoint\",\"urlTemplate\":\"https:\\\/\\\/sysmatec.ch\\\/de\\\/?s={search_term_string}\"},\"query-input\":{\"@type\":\"PropertyValueSpecification\",\"valueRequired\":true,\"valueName\":\"search_term_string\"}}],\"inLanguage\":\"de\"},{\"@type\":\"Organization\",\"@id\":\"https:\\\/\\\/sysmatec.ch\\\/de\\\/#organization\",\"name\":\"Sysmatec\",\"url\":\"https:\\\/\\\/sysmatec.ch\\\/de\\\/\",\"logo\":{\"@type\":\"ImageObject\",\"inLanguage\":\"de\",\"@id\":\"https:\\\/\\\/sysmatec.ch\\\/de\\\/#\\\/schema\\\/logo\\\/image\\\/\",\"url\":\"https:\\\/\\\/sysmatec.ch\\\/wp-content\\\/uploads\\\/2018\\\/11\\\/LogoSysmatec.jpg\",\"contentUrl\":\"https:\\\/\\\/sysmatec.ch\\\/wp-content\\\/uploads\\\/2018\\\/11\\\/LogoSysmatec.jpg\",\"width\":301,\"height\":297,\"caption\":\"Sysmatec\"},\"image\":{\"@id\":\"https:\\\/\\\/sysmatec.ch\\\/de\\\/#\\\/schema\\\/logo\\\/image\\\/\"}}]}<\/script>\n<!-- \/ Yoast SEO plugin. -->","yoast_head_json":{"title":"R\u00fchr- und Heiz-block MATRIX Orbital Delta FP - Sysmatec","description":"Heizblock f\u00fcr Mikroplatten mit R\u00fchrfunktion, f\u00fcr Temperaturen bis 100 \u00b0C und R\u00fchrgeschwindigkeiten bis 3000 U\/min","robots":{"index":"index","follow":"follow","max-snippet":"max-snippet:-1","max-image-preview":"max-image-preview:large","max-video-preview":"max-video-preview:-1"},"canonical":"https:\/\/sysmatec.ch\/de\/Produkt\/ruehr-und-heiz-block-matrix-orbital-delta-fp\/","og_locale":"de_DE","og_type":"article","og_title":"R\u00fchr- und Heiz-block MATRIX Orbital Delta FP - Sysmatec","og_description":"Heizblock f\u00fcr Mikroplatten mit R\u00fchrfunktion, f\u00fcr Temperaturen bis 100 \u00b0C und R\u00fchrgeschwindigkeiten bis 3000 U\/min","og_url":"https:\/\/sysmatec.ch\/de\/Produkt\/ruehr-und-heiz-block-matrix-orbital-delta-fp\/","og_site_name":"Sysmatec","article_modified_time":"2024-07-22T19:42:36+00:00","og_image":[{"width":769,"height":709,"url":"https:\/\/sysmatec.ch\/wp-content\/uploads\/2019\/07\/BlocThermostate_IKAMatrixFP.jpg","type":"image\/jpeg"}],"twitter_card":"summary_large_image","twitter_misc":{"Gesch\u00e4tzte Lesezeit":"2\u00a0Minuten"},"schema":{"@context":"https:\/\/schema.org","@graph":[{"@type":"WebPage","@id":"https:\/\/sysmatec.ch\/de\/Produkt\/ruehr-und-heiz-block-matrix-orbital-delta-fp\/","url":"https:\/\/sysmatec.ch\/de\/Produkt\/ruehr-und-heiz-block-matrix-orbital-delta-fp\/","name":"R\u00fchr- und Heiz-block MATRIX Orbital Delta FP - Sysmatec","isPartOf":{"@id":"https:\/\/sysmatec.ch\/de\/#website"},"primaryImageOfPage":{"@id":"https:\/\/sysmatec.ch\/de\/Produkt\/ruehr-und-heiz-block-matrix-orbital-delta-fp\/#primaryimage"},"image":{"@id":"https:\/\/sysmatec.ch\/de\/Produkt\/ruehr-und-heiz-block-matrix-orbital-delta-fp\/#primaryimage"},"thumbnailUrl":"https:\/\/sysmatec.ch\/wp-content\/uploads\/2019\/07\/BlocThermostate_IKAMatrixFP.jpg","datePublished":"2019-07-03T18:31:04+00:00","dateModified":"2024-07-22T19:42:36+00:00","description":"Heizblock f\u00fcr Mikroplatten mit R\u00fchrfunktion, f\u00fcr Temperaturen bis 100 \u00b0C und R\u00fchrgeschwindigkeiten bis 3000 U\/min","breadcrumb":{"@id":"https:\/\/sysmatec.ch\/de\/Produkt\/ruehr-und-heiz-block-matrix-orbital-delta-fp\/#breadcrumb"},"inLanguage":"de","potentialAction":[{"@type":"ReadAction","target":["https:\/\/sysmatec.ch\/de\/Produkt\/ruehr-und-heiz-block-matrix-orbital-delta-fp\/"]}]},{"@type":"ImageObject","inLanguage":"de","@id":"https:\/\/sysmatec.ch\/de\/Produkt\/ruehr-und-heiz-block-matrix-orbital-delta-fp\/#primaryimage","url":"https:\/\/sysmatec.ch\/wp-content\/uploads\/2019\/07\/BlocThermostate_IKAMatrixFP.jpg","contentUrl":"https:\/\/sysmatec.ch\/wp-content\/uploads\/2019\/07\/BlocThermostate_IKAMatrixFP.jpg","width":769,"height":709},{"@type":"BreadcrumbList","@id":"https:\/\/sysmatec.ch\/de\/Produkt\/ruehr-und-heiz-block-matrix-orbital-delta-fp\/#breadcrumb","itemListElement":[{"@type":"ListItem","position":1,"name":"Accueil","item":"https:\/\/sysmatec.ch\/de\/"},{"@type":"ListItem","position":2,"name":"Die Aktivit\u00e4t von Sysmatec","item":"https:\/\/sysmatec.ch\/de\/"},{"@type":"ListItem","position":3,"name":"R\u00fchr- und Heiz-block MATRIX Orbital Delta FP"}]},{"@type":"WebSite","@id":"https:\/\/sysmatec.ch\/de\/#website","url":"https:\/\/sysmatec.ch\/de\/","name":"Sysmatec","description":"Equipement de laboratoire et logiciels","publisher":{"@id":"https:\/\/sysmatec.ch\/de\/#organization"},"potentialAction":[{"@type":"SearchAction","target":{"@type":"EntryPoint","urlTemplate":"https:\/\/sysmatec.ch\/de\/?s={search_term_string}"},"query-input":{"@type":"PropertyValueSpecification","valueRequired":true,"valueName":"search_term_string"}}],"inLanguage":"de"},{"@type":"Organization","@id":"https:\/\/sysmatec.ch\/de\/#organization","name":"Sysmatec","url":"https:\/\/sysmatec.ch\/de\/","logo":{"@type":"ImageObject","inLanguage":"de","@id":"https:\/\/sysmatec.ch\/de\/#\/schema\/logo\/image\/","url":"https:\/\/sysmatec.ch\/wp-content\/uploads\/2018\/11\/LogoSysmatec.jpg","contentUrl":"https:\/\/sysmatec.ch\/wp-content\/uploads\/2018\/11\/LogoSysmatec.jpg","width":301,"height":297,"caption":"Sysmatec"},"image":{"@id":"https:\/\/sysmatec.ch\/de\/#\/schema\/logo\/image\/"}}]}},"_links":{"self":[{"href":"https:\/\/sysmatec.ch\/de\/wp-json\/wp\/v2\/product\/8271","targetHints":{"allow":["GET"]}}],"collection":[{"href":"https:\/\/sysmatec.ch\/de\/wp-json\/wp\/v2\/product"}],"about":[{"href":"https:\/\/sysmatec.ch\/de\/wp-json\/wp\/v2\/types\/product"}],"wp:featuredmedia":[{"embeddable":true,"href":"https:\/\/sysmatec.ch\/de\/wp-json\/wp\/v2\/media\/29793"}],"wp:attachment":[{"href":"https:\/\/sysmatec.ch\/de\/wp-json\/wp\/v2\/media?parent=8271"}],"wp:term":[{"taxonomy":"product_brand","embeddable":true,"href":"https:\/\/sysmatec.ch\/de\/wp-json\/wp\/v2\/product_brand?post=8271"},{"taxonomy":"product_cat","embeddable":true,"href":"https:\/\/sysmatec.ch\/de\/wp-json\/wp\/v2\/product_cat?post=8271"},{"taxonomy":"product_tag","embeddable":true,"href":"https:\/\/sysmatec.ch\/de\/wp-json\/wp\/v2\/product_tag?post=8271"}],"curies":[{"name":"wp","href":"https:\/\/api.w.org\/{rel}","templated":true}]}}