{"id":8216,"date":"2019-06-29T20:09:51","date_gmt":"2019-06-29T18:09:51","guid":{"rendered":"https:\/\/sysmatec.ch\/produit\/cuves-sterilisables-bioingineering\/"},"modified":"2022-04-07T13:16:27","modified_gmt":"2022-04-07T11:16:27","slug":"bioengineering-sterilisierbarer-tank","status":"publish","type":"product","link":"https:\/\/sysmatec.ch\/de\/Produkt\/bioengineering-sterilisierbarer-tank\/","title":{"rendered":"Bioengineering sterilisierbarer Tank"},"content":{"rendered":"<p><span class=\"JLqJ4b ChMk0b\" data-language-for-alternatives=\"de\" data-language-to-translate-into=\"fr\" data-phrase-index=\"0\" data-number-of-phrases=\"31\"><span class=\"Q4iAWc\">Lewatit\u00ae NM 60 ist eine 1:1-Mischung aus einem stark sauren Kationenaustauscher und einem stark basischen Anionenaustauscher (Typ 1).<\/span><\/span><\/p>\n<p><span class=\"JLqJ4b ChMk0b\" data-language-for-alternatives=\"de\" data-language-to-translate-into=\"fr\" data-phrase-index=\"2\" data-number-of-phrases=\"31\"><span class=\"Q4iAWc\">Dieses Produkt ist besonders geeignet f\u00fcr:<\/span><\/span><\/p>\n<ul>\n<li><span class=\"JLqJ4b ChMk0b\" data-language-for-alternatives=\"de\" data-language-to-translate-into=\"fr\" data-phrase-index=\"4\" data-number-of-phrases=\"31\"><span class=\"Q4iAWc\">vollst\u00e4ndige Wasserentsalzung<\/span><\/span><\/li>\n<li><span class=\"JLqJ4b ChMk0b\" data-language-for-alternatives=\"de\" data-language-to-translate-into=\"fr\" data-phrase-index=\"6\" data-number-of-phrases=\"31\"><span class=\"Q4iAWc\">Feinbehandlung von zuvor entsalztem Wasser<\/span><\/span><\/li>\n<li><span class=\"JLqJ4b ChMk0b\" data-language-for-alternatives=\"de\" data-language-to-translate-into=\"fr\" data-phrase-index=\"8\" data-number-of-phrases=\"31\"><span class=\"Q4iAWc\">der Elektronikindustrie<\/span><\/span> <span class=\"JLqJ4b ChMk0b\" data-language-for-alternatives=\"de\" data-language-to-translate-into=\"fr\" data-phrase-index=\"10\" data-number-of-phrases=\"31\"><span class=\"Q4iAWc\">Kleinanlagen (z. B. zum Bef\u00fcllen von Starterbatterien oder K\u00fchlkreisl\u00e4ufen)<\/span><\/span><\/li>\n<li><span class=\"JLqJ4b ChMk0b\" data-language-for-alternatives=\"de\" data-language-to-translate-into=\"fr\" data-phrase-index=\"12\" data-number-of-phrases=\"31\"><span class=\"Q4iAWc\">Beseitigung der radioaktiven Kontamination<\/span><\/span><\/li>\n<\/ul>\n<h2><span class=\"JLqJ4b ChMk0b\" data-language-for-alternatives=\"de\" data-language-to-translate-into=\"fr\" data-phrase-index=\"14\" data-number-of-phrases=\"31\"><span class=\"Q4iAWc\">Eigenschaften des Ionenaustauschers<\/span><\/span><\/h2>\n<ul>\n<li><span class=\"JLqJ4b ChMk0b\" data-language-for-alternatives=\"de\" data-language-to-translate-into=\"fr\" data-phrase-index=\"16\" data-number-of-phrases=\"31\"><span class=\"Q4iAWc\">funktionelle Gruppen: quatern\u00e4res Ammonium, Typ 1 \/ Sulfons\u00e4ure<\/span><\/span><\/li>\n<li><span class=\"JLqJ4b ChMk0b\" data-language-for-alternatives=\"de\" data-language-to-translate-into=\"fr\" data-phrase-index=\"18\" data-number-of-phrases=\"31\"><span class=\"Q4iAWc\">Matrix: Polystyrol<\/span><\/span><\/li>\n<li><span class=\"JLqJ4b ChMk0b\" data-language-for-alternatives=\"de\" data-language-to-translate-into=\"fr\" data-phrase-index=\"20\" data-number-of-phrases=\"31\"><span class=\"Q4iAWc\">H\u00f6chsttemperatur: 60 \u00b0C<\/span><\/span><\/li>\n<li><span class=\"JLqJ4b ChMk0b\" data-language-for-alternatives=\"de\" data-language-to-translate-into=\"fr\" data-phrase-index=\"22\" data-number-of-phrases=\"31\"><span class=\"Q4iAWc\">pH-Bereich: 0-14<\/span><\/span><\/li>\n<li><span class=\"JLqJ4b ChMk0b\" data-language-for-alternatives=\"de\" data-language-to-translate-into=\"fr\" data-phrase-index=\"24\" data-number-of-phrases=\"31\"><span class=\"Q4iAWc\">maximale S\u00e4ulenh\u00f6he: 600 mm<\/span><\/span><\/li>\n<li><span class=\"JLqJ4b ChMk0b\" data-language-for-alternatives=\"de\" data-language-to-translate-into=\"fr\" data-phrase-index=\"26\" data-number-of-phrases=\"31\"><span class=\"Q4iAWc\">Druckabfall bei 15\u00b0C: 1.5 kPa.h\/m2<\/span><\/span><\/li>\n<li><span class=\"JLqJ4b ChMk0b\" data-language-for-alternatives=\"de\" data-language-to-translate-into=\"fr\" data-phrase-index=\"28\" data-number-of-phrases=\"31\"><span class=\"Q4iAWc\">max. spezifischer Durchfluss: 50 BV\/h<\/span><\/span><\/li>\n<\/ul>\n","protected":false},"excerpt":{"rendered":"<p>Ionenaustauscher zur Wasserreinigung<\/p>\n","protected":false},"featured_media":27121,"template":"","meta":{"_crdt_document":""},"product_brand":[],"product_cat":[272,125],"product_tag":[],"class_list":{"0":"post-8216","1":"product","2":"type-product","3":"status-publish","4":"has-post-thumbnail","6":"product_cat-gebraucht","7":"product_cat-reinstwasser","9":"first","10":"instock","11":"taxable","12":"shipping-taxable","13":"product-type-simple"},"yoast_head":"<!-- This site is optimized with the Yoast SEO plugin v27.3 - https:\/\/yoast.com\/product\/yoast-seo-wordpress\/ -->\n<title>Bioengineering sterilisierbarer Tank - Sysmatec<\/title>\n<meta name=\"description\" content=\"Ionenaustauscher zur Wasserreinigung bestehend aus einem sauren Kationenaustauscher und einem basischen Anionenaustauscher.\" \/>\n<meta name=\"robots\" content=\"index, follow, max-snippet:-1, max-image-preview:large, max-video-preview:-1\" \/>\n<link rel=\"canonical\" href=\"https:\/\/sysmatec.ch\/de\/produit\/bioengineering-sterilisierbarer-tank\/\" \/>\n<meta property=\"og:locale\" content=\"de_DE\" \/>\n<meta property=\"og:type\" content=\"article\" \/>\n<meta property=\"og:title\" content=\"Bioengineering sterilisierbarer Tank - Sysmatec\" \/>\n<meta property=\"og:description\" content=\"Ionenaustauscher zur Wasserreinigung bestehend aus einem sauren Kationenaustauscher und einem basischen Anionenaustauscher.\" \/>\n<meta property=\"og:url\" content=\"https:\/\/sysmatec.ch\/de\/produit\/bioengineering-sterilisierbarer-tank\/\" \/>\n<meta property=\"og:site_name\" content=\"Sysmatec\" \/>\n<meta property=\"article:modified_time\" content=\"2022-04-07T11:16:27+00:00\" \/>\n<meta property=\"og:image\" content=\"https:\/\/sysmatec.ch\/wp-content\/uploads\/2019\/06\/EauUltrapure_ChemiaLewatit-1.jpg\" \/>\n\t<meta property=\"og:image:width\" content=\"200\" \/>\n\t<meta property=\"og:image:height\" content=\"238\" \/>\n\t<meta property=\"og:image:type\" content=\"image\/jpeg\" \/>\n<meta name=\"twitter:card\" content=\"summary_large_image\" \/>\n<meta name=\"twitter:label1\" content=\"Gesch\u00e4tzte Lesezeit\" \/>\n\t<meta name=\"twitter:data1\" content=\"1\u00a0Minute\" \/>\n<script type=\"application\/ld+json\" class=\"yoast-schema-graph\">{\"@context\":\"https:\\\/\\\/schema.org\",\"@graph\":[{\"@type\":\"WebPage\",\"@id\":\"https:\\\/\\\/sysmatec.ch\\\/de\\\/produit\\\/bioengineering-sterilisierbarer-tank\\\/\",\"url\":\"https:\\\/\\\/sysmatec.ch\\\/de\\\/produit\\\/bioengineering-sterilisierbarer-tank\\\/\",\"name\":\"Bioengineering sterilisierbarer Tank - Sysmatec\",\"isPartOf\":{\"@id\":\"https:\\\/\\\/sysmatec.ch\\\/de\\\/#website\"},\"primaryImageOfPage\":{\"@id\":\"https:\\\/\\\/sysmatec.ch\\\/de\\\/produit\\\/bioengineering-sterilisierbarer-tank\\\/#primaryimage\"},\"image\":{\"@id\":\"https:\\\/\\\/sysmatec.ch\\\/de\\\/produit\\\/bioengineering-sterilisierbarer-tank\\\/#primaryimage\"},\"thumbnailUrl\":\"https:\\\/\\\/sysmatec.ch\\\/wp-content\\\/uploads\\\/2019\\\/06\\\/EauUltrapure_ChemiaLewatit-1.jpg\",\"datePublished\":\"2019-06-29T18:09:51+00:00\",\"dateModified\":\"2022-04-07T11:16:27+00:00\",\"description\":\"Ionenaustauscher zur Wasserreinigung bestehend aus einem sauren Kationenaustauscher und einem basischen Anionenaustauscher.\",\"breadcrumb\":{\"@id\":\"https:\\\/\\\/sysmatec.ch\\\/de\\\/produit\\\/bioengineering-sterilisierbarer-tank\\\/#breadcrumb\"},\"inLanguage\":\"de\",\"potentialAction\":[{\"@type\":\"ReadAction\",\"target\":[\"https:\\\/\\\/sysmatec.ch\\\/de\\\/produit\\\/bioengineering-sterilisierbarer-tank\\\/\"]}]},{\"@type\":\"ImageObject\",\"inLanguage\":\"de\",\"@id\":\"https:\\\/\\\/sysmatec.ch\\\/de\\\/produit\\\/bioengineering-sterilisierbarer-tank\\\/#primaryimage\",\"url\":\"https:\\\/\\\/sysmatec.ch\\\/wp-content\\\/uploads\\\/2019\\\/06\\\/EauUltrapure_ChemiaLewatit-1.jpg\",\"contentUrl\":\"https:\\\/\\\/sysmatec.ch\\\/wp-content\\\/uploads\\\/2019\\\/06\\\/EauUltrapure_ChemiaLewatit-1.jpg\",\"width\":200,\"height\":238},{\"@type\":\"BreadcrumbList\",\"@id\":\"https:\\\/\\\/sysmatec.ch\\\/de\\\/produit\\\/bioengineering-sterilisierbarer-tank\\\/#breadcrumb\",\"itemListElement\":[{\"@type\":\"ListItem\",\"position\":1,\"name\":\"Accueil\",\"item\":\"https:\\\/\\\/sysmatec.ch\\\/de\\\/\"},{\"@type\":\"ListItem\",\"position\":2,\"name\":\"Die Aktivit\u00e4t von Sysmatec\",\"item\":\"https:\\\/\\\/sysmatec.ch\\\/de\\\/\"},{\"@type\":\"ListItem\",\"position\":3,\"name\":\"Bioengineering sterilisierbarer Tank\"}]},{\"@type\":\"WebSite\",\"@id\":\"https:\\\/\\\/sysmatec.ch\\\/de\\\/#website\",\"url\":\"https:\\\/\\\/sysmatec.ch\\\/de\\\/\",\"name\":\"Sysmatec\",\"description\":\"Equipement de laboratoire et logiciels\",\"publisher\":{\"@id\":\"https:\\\/\\\/sysmatec.ch\\\/de\\\/#organization\"},\"potentialAction\":[{\"@type\":\"SearchAction\",\"target\":{\"@type\":\"EntryPoint\",\"urlTemplate\":\"https:\\\/\\\/sysmatec.ch\\\/de\\\/?s={search_term_string}\"},\"query-input\":{\"@type\":\"PropertyValueSpecification\",\"valueRequired\":true,\"valueName\":\"search_term_string\"}}],\"inLanguage\":\"de\"},{\"@type\":\"Organization\",\"@id\":\"https:\\\/\\\/sysmatec.ch\\\/de\\\/#organization\",\"name\":\"Sysmatec\",\"url\":\"https:\\\/\\\/sysmatec.ch\\\/de\\\/\",\"logo\":{\"@type\":\"ImageObject\",\"inLanguage\":\"de\",\"@id\":\"https:\\\/\\\/sysmatec.ch\\\/de\\\/#\\\/schema\\\/logo\\\/image\\\/\",\"url\":\"https:\\\/\\\/sysmatec.ch\\\/wp-content\\\/uploads\\\/2018\\\/11\\\/LogoSysmatec.jpg\",\"contentUrl\":\"https:\\\/\\\/sysmatec.ch\\\/wp-content\\\/uploads\\\/2018\\\/11\\\/LogoSysmatec.jpg\",\"width\":301,\"height\":297,\"caption\":\"Sysmatec\"},\"image\":{\"@id\":\"https:\\\/\\\/sysmatec.ch\\\/de\\\/#\\\/schema\\\/logo\\\/image\\\/\"}}]}<\/script>\n<!-- \/ Yoast SEO plugin. -->","yoast_head_json":{"title":"Bioengineering sterilisierbarer Tank - Sysmatec","description":"Ionenaustauscher zur Wasserreinigung bestehend aus einem sauren Kationenaustauscher und einem basischen Anionenaustauscher.","robots":{"index":"index","follow":"follow","max-snippet":"max-snippet:-1","max-image-preview":"max-image-preview:large","max-video-preview":"max-video-preview:-1"},"canonical":"https:\/\/sysmatec.ch\/de\/produit\/bioengineering-sterilisierbarer-tank\/","og_locale":"de_DE","og_type":"article","og_title":"Bioengineering sterilisierbarer Tank - Sysmatec","og_description":"Ionenaustauscher zur Wasserreinigung bestehend aus einem sauren Kationenaustauscher und einem basischen Anionenaustauscher.","og_url":"https:\/\/sysmatec.ch\/de\/produit\/bioengineering-sterilisierbarer-tank\/","og_site_name":"Sysmatec","article_modified_time":"2022-04-07T11:16:27+00:00","og_image":[{"width":200,"height":238,"url":"https:\/\/sysmatec.ch\/wp-content\/uploads\/2019\/06\/EauUltrapure_ChemiaLewatit-1.jpg","type":"image\/jpeg"}],"twitter_card":"summary_large_image","twitter_misc":{"Gesch\u00e4tzte Lesezeit":"1\u00a0Minute"},"schema":{"@context":"https:\/\/schema.org","@graph":[{"@type":"WebPage","@id":"https:\/\/sysmatec.ch\/de\/produit\/bioengineering-sterilisierbarer-tank\/","url":"https:\/\/sysmatec.ch\/de\/produit\/bioengineering-sterilisierbarer-tank\/","name":"Bioengineering sterilisierbarer Tank - Sysmatec","isPartOf":{"@id":"https:\/\/sysmatec.ch\/de\/#website"},"primaryImageOfPage":{"@id":"https:\/\/sysmatec.ch\/de\/produit\/bioengineering-sterilisierbarer-tank\/#primaryimage"},"image":{"@id":"https:\/\/sysmatec.ch\/de\/produit\/bioengineering-sterilisierbarer-tank\/#primaryimage"},"thumbnailUrl":"https:\/\/sysmatec.ch\/wp-content\/uploads\/2019\/06\/EauUltrapure_ChemiaLewatit-1.jpg","datePublished":"2019-06-29T18:09:51+00:00","dateModified":"2022-04-07T11:16:27+00:00","description":"Ionenaustauscher zur Wasserreinigung bestehend aus einem sauren Kationenaustauscher und einem basischen Anionenaustauscher.","breadcrumb":{"@id":"https:\/\/sysmatec.ch\/de\/produit\/bioengineering-sterilisierbarer-tank\/#breadcrumb"},"inLanguage":"de","potentialAction":[{"@type":"ReadAction","target":["https:\/\/sysmatec.ch\/de\/produit\/bioengineering-sterilisierbarer-tank\/"]}]},{"@type":"ImageObject","inLanguage":"de","@id":"https:\/\/sysmatec.ch\/de\/produit\/bioengineering-sterilisierbarer-tank\/#primaryimage","url":"https:\/\/sysmatec.ch\/wp-content\/uploads\/2019\/06\/EauUltrapure_ChemiaLewatit-1.jpg","contentUrl":"https:\/\/sysmatec.ch\/wp-content\/uploads\/2019\/06\/EauUltrapure_ChemiaLewatit-1.jpg","width":200,"height":238},{"@type":"BreadcrumbList","@id":"https:\/\/sysmatec.ch\/de\/produit\/bioengineering-sterilisierbarer-tank\/#breadcrumb","itemListElement":[{"@type":"ListItem","position":1,"name":"Accueil","item":"https:\/\/sysmatec.ch\/de\/"},{"@type":"ListItem","position":2,"name":"Die Aktivit\u00e4t von Sysmatec","item":"https:\/\/sysmatec.ch\/de\/"},{"@type":"ListItem","position":3,"name":"Bioengineering sterilisierbarer Tank"}]},{"@type":"WebSite","@id":"https:\/\/sysmatec.ch\/de\/#website","url":"https:\/\/sysmatec.ch\/de\/","name":"Sysmatec","description":"Equipement de laboratoire et logiciels","publisher":{"@id":"https:\/\/sysmatec.ch\/de\/#organization"},"potentialAction":[{"@type":"SearchAction","target":{"@type":"EntryPoint","urlTemplate":"https:\/\/sysmatec.ch\/de\/?s={search_term_string}"},"query-input":{"@type":"PropertyValueSpecification","valueRequired":true,"valueName":"search_term_string"}}],"inLanguage":"de"},{"@type":"Organization","@id":"https:\/\/sysmatec.ch\/de\/#organization","name":"Sysmatec","url":"https:\/\/sysmatec.ch\/de\/","logo":{"@type":"ImageObject","inLanguage":"de","@id":"https:\/\/sysmatec.ch\/de\/#\/schema\/logo\/image\/","url":"https:\/\/sysmatec.ch\/wp-content\/uploads\/2018\/11\/LogoSysmatec.jpg","contentUrl":"https:\/\/sysmatec.ch\/wp-content\/uploads\/2018\/11\/LogoSysmatec.jpg","width":301,"height":297,"caption":"Sysmatec"},"image":{"@id":"https:\/\/sysmatec.ch\/de\/#\/schema\/logo\/image\/"}}]}},"_links":{"self":[{"href":"https:\/\/sysmatec.ch\/de\/wp-json\/wp\/v2\/product\/8216","targetHints":{"allow":["GET"]}}],"collection":[{"href":"https:\/\/sysmatec.ch\/de\/wp-json\/wp\/v2\/product"}],"about":[{"href":"https:\/\/sysmatec.ch\/de\/wp-json\/wp\/v2\/types\/product"}],"wp:featuredmedia":[{"embeddable":true,"href":"https:\/\/sysmatec.ch\/de\/wp-json\/wp\/v2\/media\/27121"}],"wp:attachment":[{"href":"https:\/\/sysmatec.ch\/de\/wp-json\/wp\/v2\/media?parent=8216"}],"wp:term":[{"taxonomy":"product_brand","embeddable":true,"href":"https:\/\/sysmatec.ch\/de\/wp-json\/wp\/v2\/product_brand?post=8216"},{"taxonomy":"product_cat","embeddable":true,"href":"https:\/\/sysmatec.ch\/de\/wp-json\/wp\/v2\/product_cat?post=8216"},{"taxonomy":"product_tag","embeddable":true,"href":"https:\/\/sysmatec.ch\/de\/wp-json\/wp\/v2\/product_tag?post=8216"}],"curies":[{"name":"wp","href":"https:\/\/api.w.org\/{rel}","templated":true}]}}