{"id":8175,"date":"2019-06-29T11:25:03","date_gmt":"2019-06-29T09:25:03","guid":{"rendered":"https:\/\/sysmatec.ch\/produit\/imprimante-matricielle-911-013-pour-balances-kern-avec-interface-de-donnees-rs-232\/"},"modified":"2021-12-26T13:15:11","modified_gmt":"2021-12-26T12:15:11","slug":"matrix-nadeldrucker-fuer-kern-waagen","status":"publish","type":"product","link":"https:\/\/sysmatec.ch\/de\/Produkt\/matrix-nadeldrucker-fuer-kern-waagen\/","title":{"rendered":"Matrix-Nadeldrucker f\u00fcr KERN-Waagen"},"content":{"rendered":"<p>Zum Ausdruck von W\u00e4gewerten auf Normalpapier, dadurch f\u00fcr l\u00e4ngerfristige Archivierung geeignet<\/p>\n<p>Nadeldruck<\/p>\n<p>Datenschnittstelle RS-232<\/p>\n<p>Papierstreifen: Breite 57 mm<\/p>\n<p>Abmessungen Geh\u00e4use B\u00d7T\u00d7H 105\u00d7180\u00d790 mm<\/p>\n<p>Preis : EURO 200.-<\/p>\n","protected":false},"excerpt":{"rendered":"<p>Matrix-Nadeldrucker f\u00fcr KERN-Waagen mit Datenschnittstelle RS-232<\/p>\n","protected":false},"featured_media":8173,"template":"","meta":{"_crdt_document":""},"product_brand":[],"product_cat":[272,359],"product_tag":[],"class_list":{"0":"post-8175","1":"product","2":"type-product","3":"status-publish","4":"has-post-thumbnail","6":"product_cat-gebraucht","7":"product_cat-laborgerate","9":"first","10":"instock","11":"taxable","12":"shipping-taxable","13":"product-type-simple"},"yoast_head":"<!-- This site is optimized with the Yoast SEO plugin v27.3 - https:\/\/yoast.com\/product\/yoast-seo-wordpress\/ -->\n<title>Matrix-Nadeldrucker f\u00fcr KERN-Waagen - Sysmatec<\/title>\n<meta name=\"description\" content=\"Matrixdrucker mit RS232-Schnittstelle f\u00fcr KERN-Waagen. Er verwendet 57 mm breite Papierrollen.\" \/>\n<meta name=\"robots\" content=\"index, follow, max-snippet:-1, max-image-preview:large, max-video-preview:-1\" \/>\n<link rel=\"canonical\" href=\"https:\/\/sysmatec.ch\/de\/produit\/matrix-nadeldrucker-fuer-kern-waagen\/\" \/>\n<meta property=\"og:locale\" content=\"de_DE\" \/>\n<meta property=\"og:type\" content=\"article\" \/>\n<meta property=\"og:title\" content=\"Matrix-Nadeldrucker f\u00fcr KERN-Waagen - Sysmatec\" \/>\n<meta property=\"og:description\" content=\"Matrixdrucker mit RS232-Schnittstelle f\u00fcr KERN-Waagen. Er verwendet 57 mm breite Papierrollen.\" \/>\n<meta property=\"og:url\" content=\"https:\/\/sysmatec.ch\/de\/produit\/matrix-nadeldrucker-fuer-kern-waagen\/\" \/>\n<meta property=\"og:site_name\" content=\"Sysmatec\" \/>\n<meta property=\"article:modified_time\" content=\"2021-12-26T12:15:11+00:00\" \/>\n<meta property=\"og:image\" content=\"https:\/\/sysmatec.ch\/wp-content\/uploads\/2019\/06\/Occasion_KernPrinter911.jpg\" \/>\n\t<meta property=\"og:image:width\" content=\"184\" \/>\n\t<meta property=\"og:image:height\" content=\"257\" \/>\n\t<meta property=\"og:image:type\" content=\"image\/jpeg\" \/>\n<meta name=\"twitter:card\" content=\"summary_large_image\" \/>\n<meta name=\"twitter:label1\" content=\"Gesch\u00e4tzte Lesezeit\" \/>\n\t<meta name=\"twitter:data1\" content=\"1\u00a0Minute\" \/>\n<script type=\"application\/ld+json\" class=\"yoast-schema-graph\">{\"@context\":\"https:\\\/\\\/schema.org\",\"@graph\":[{\"@type\":\"WebPage\",\"@id\":\"https:\\\/\\\/sysmatec.ch\\\/de\\\/produit\\\/matrix-nadeldrucker-fuer-kern-waagen\\\/\",\"url\":\"https:\\\/\\\/sysmatec.ch\\\/de\\\/produit\\\/matrix-nadeldrucker-fuer-kern-waagen\\\/\",\"name\":\"Matrix-Nadeldrucker f\u00fcr KERN-Waagen - Sysmatec\",\"isPartOf\":{\"@id\":\"https:\\\/\\\/sysmatec.ch\\\/de\\\/#website\"},\"primaryImageOfPage\":{\"@id\":\"https:\\\/\\\/sysmatec.ch\\\/de\\\/produit\\\/matrix-nadeldrucker-fuer-kern-waagen\\\/#primaryimage\"},\"image\":{\"@id\":\"https:\\\/\\\/sysmatec.ch\\\/de\\\/produit\\\/matrix-nadeldrucker-fuer-kern-waagen\\\/#primaryimage\"},\"thumbnailUrl\":\"https:\\\/\\\/sysmatec.ch\\\/wp-content\\\/uploads\\\/2019\\\/06\\\/Occasion_KernPrinter911.jpg\",\"datePublished\":\"2019-06-29T09:25:03+00:00\",\"dateModified\":\"2021-12-26T12:15:11+00:00\",\"description\":\"Matrixdrucker mit RS232-Schnittstelle f\u00fcr KERN-Waagen. Er verwendet 57 mm breite Papierrollen.\",\"breadcrumb\":{\"@id\":\"https:\\\/\\\/sysmatec.ch\\\/de\\\/produit\\\/matrix-nadeldrucker-fuer-kern-waagen\\\/#breadcrumb\"},\"inLanguage\":\"de\",\"potentialAction\":[{\"@type\":\"ReadAction\",\"target\":[\"https:\\\/\\\/sysmatec.ch\\\/de\\\/produit\\\/matrix-nadeldrucker-fuer-kern-waagen\\\/\"]}]},{\"@type\":\"ImageObject\",\"inLanguage\":\"de\",\"@id\":\"https:\\\/\\\/sysmatec.ch\\\/de\\\/produit\\\/matrix-nadeldrucker-fuer-kern-waagen\\\/#primaryimage\",\"url\":\"https:\\\/\\\/sysmatec.ch\\\/wp-content\\\/uploads\\\/2019\\\/06\\\/Occasion_KernPrinter911.jpg\",\"contentUrl\":\"https:\\\/\\\/sysmatec.ch\\\/wp-content\\\/uploads\\\/2019\\\/06\\\/Occasion_KernPrinter911.jpg\",\"width\":184,\"height\":257},{\"@type\":\"BreadcrumbList\",\"@id\":\"https:\\\/\\\/sysmatec.ch\\\/de\\\/produit\\\/matrix-nadeldrucker-fuer-kern-waagen\\\/#breadcrumb\",\"itemListElement\":[{\"@type\":\"ListItem\",\"position\":1,\"name\":\"Accueil\",\"item\":\"https:\\\/\\\/sysmatec.ch\\\/de\\\/\"},{\"@type\":\"ListItem\",\"position\":2,\"name\":\"Die Aktivit\u00e4t von Sysmatec\",\"item\":\"https:\\\/\\\/sysmatec.ch\\\/de\\\/\"},{\"@type\":\"ListItem\",\"position\":3,\"name\":\"Matrix-Nadeldrucker f\u00fcr KERN-Waagen\"}]},{\"@type\":\"WebSite\",\"@id\":\"https:\\\/\\\/sysmatec.ch\\\/de\\\/#website\",\"url\":\"https:\\\/\\\/sysmatec.ch\\\/de\\\/\",\"name\":\"Sysmatec\",\"description\":\"Equipement de laboratoire et logiciels\",\"publisher\":{\"@id\":\"https:\\\/\\\/sysmatec.ch\\\/de\\\/#organization\"},\"potentialAction\":[{\"@type\":\"SearchAction\",\"target\":{\"@type\":\"EntryPoint\",\"urlTemplate\":\"https:\\\/\\\/sysmatec.ch\\\/de\\\/?s={search_term_string}\"},\"query-input\":{\"@type\":\"PropertyValueSpecification\",\"valueRequired\":true,\"valueName\":\"search_term_string\"}}],\"inLanguage\":\"de\"},{\"@type\":\"Organization\",\"@id\":\"https:\\\/\\\/sysmatec.ch\\\/de\\\/#organization\",\"name\":\"Sysmatec\",\"url\":\"https:\\\/\\\/sysmatec.ch\\\/de\\\/\",\"logo\":{\"@type\":\"ImageObject\",\"inLanguage\":\"de\",\"@id\":\"https:\\\/\\\/sysmatec.ch\\\/de\\\/#\\\/schema\\\/logo\\\/image\\\/\",\"url\":\"https:\\\/\\\/sysmatec.ch\\\/wp-content\\\/uploads\\\/2018\\\/11\\\/LogoSysmatec.jpg\",\"contentUrl\":\"https:\\\/\\\/sysmatec.ch\\\/wp-content\\\/uploads\\\/2018\\\/11\\\/LogoSysmatec.jpg\",\"width\":301,\"height\":297,\"caption\":\"Sysmatec\"},\"image\":{\"@id\":\"https:\\\/\\\/sysmatec.ch\\\/de\\\/#\\\/schema\\\/logo\\\/image\\\/\"}}]}<\/script>\n<!-- \/ Yoast SEO plugin. -->","yoast_head_json":{"title":"Matrix-Nadeldrucker f\u00fcr KERN-Waagen - Sysmatec","description":"Matrixdrucker mit RS232-Schnittstelle f\u00fcr KERN-Waagen. Er verwendet 57 mm breite Papierrollen.","robots":{"index":"index","follow":"follow","max-snippet":"max-snippet:-1","max-image-preview":"max-image-preview:large","max-video-preview":"max-video-preview:-1"},"canonical":"https:\/\/sysmatec.ch\/de\/produit\/matrix-nadeldrucker-fuer-kern-waagen\/","og_locale":"de_DE","og_type":"article","og_title":"Matrix-Nadeldrucker f\u00fcr KERN-Waagen - Sysmatec","og_description":"Matrixdrucker mit RS232-Schnittstelle f\u00fcr KERN-Waagen. Er verwendet 57 mm breite Papierrollen.","og_url":"https:\/\/sysmatec.ch\/de\/produit\/matrix-nadeldrucker-fuer-kern-waagen\/","og_site_name":"Sysmatec","article_modified_time":"2021-12-26T12:15:11+00:00","og_image":[{"width":184,"height":257,"url":"https:\/\/sysmatec.ch\/wp-content\/uploads\/2019\/06\/Occasion_KernPrinter911.jpg","type":"image\/jpeg"}],"twitter_card":"summary_large_image","twitter_misc":{"Gesch\u00e4tzte Lesezeit":"1\u00a0Minute"},"schema":{"@context":"https:\/\/schema.org","@graph":[{"@type":"WebPage","@id":"https:\/\/sysmatec.ch\/de\/produit\/matrix-nadeldrucker-fuer-kern-waagen\/","url":"https:\/\/sysmatec.ch\/de\/produit\/matrix-nadeldrucker-fuer-kern-waagen\/","name":"Matrix-Nadeldrucker f\u00fcr KERN-Waagen - Sysmatec","isPartOf":{"@id":"https:\/\/sysmatec.ch\/de\/#website"},"primaryImageOfPage":{"@id":"https:\/\/sysmatec.ch\/de\/produit\/matrix-nadeldrucker-fuer-kern-waagen\/#primaryimage"},"image":{"@id":"https:\/\/sysmatec.ch\/de\/produit\/matrix-nadeldrucker-fuer-kern-waagen\/#primaryimage"},"thumbnailUrl":"https:\/\/sysmatec.ch\/wp-content\/uploads\/2019\/06\/Occasion_KernPrinter911.jpg","datePublished":"2019-06-29T09:25:03+00:00","dateModified":"2021-12-26T12:15:11+00:00","description":"Matrixdrucker mit RS232-Schnittstelle f\u00fcr KERN-Waagen. Er verwendet 57 mm breite Papierrollen.","breadcrumb":{"@id":"https:\/\/sysmatec.ch\/de\/produit\/matrix-nadeldrucker-fuer-kern-waagen\/#breadcrumb"},"inLanguage":"de","potentialAction":[{"@type":"ReadAction","target":["https:\/\/sysmatec.ch\/de\/produit\/matrix-nadeldrucker-fuer-kern-waagen\/"]}]},{"@type":"ImageObject","inLanguage":"de","@id":"https:\/\/sysmatec.ch\/de\/produit\/matrix-nadeldrucker-fuer-kern-waagen\/#primaryimage","url":"https:\/\/sysmatec.ch\/wp-content\/uploads\/2019\/06\/Occasion_KernPrinter911.jpg","contentUrl":"https:\/\/sysmatec.ch\/wp-content\/uploads\/2019\/06\/Occasion_KernPrinter911.jpg","width":184,"height":257},{"@type":"BreadcrumbList","@id":"https:\/\/sysmatec.ch\/de\/produit\/matrix-nadeldrucker-fuer-kern-waagen\/#breadcrumb","itemListElement":[{"@type":"ListItem","position":1,"name":"Accueil","item":"https:\/\/sysmatec.ch\/de\/"},{"@type":"ListItem","position":2,"name":"Die Aktivit\u00e4t von Sysmatec","item":"https:\/\/sysmatec.ch\/de\/"},{"@type":"ListItem","position":3,"name":"Matrix-Nadeldrucker f\u00fcr KERN-Waagen"}]},{"@type":"WebSite","@id":"https:\/\/sysmatec.ch\/de\/#website","url":"https:\/\/sysmatec.ch\/de\/","name":"Sysmatec","description":"Equipement de laboratoire et logiciels","publisher":{"@id":"https:\/\/sysmatec.ch\/de\/#organization"},"potentialAction":[{"@type":"SearchAction","target":{"@type":"EntryPoint","urlTemplate":"https:\/\/sysmatec.ch\/de\/?s={search_term_string}"},"query-input":{"@type":"PropertyValueSpecification","valueRequired":true,"valueName":"search_term_string"}}],"inLanguage":"de"},{"@type":"Organization","@id":"https:\/\/sysmatec.ch\/de\/#organization","name":"Sysmatec","url":"https:\/\/sysmatec.ch\/de\/","logo":{"@type":"ImageObject","inLanguage":"de","@id":"https:\/\/sysmatec.ch\/de\/#\/schema\/logo\/image\/","url":"https:\/\/sysmatec.ch\/wp-content\/uploads\/2018\/11\/LogoSysmatec.jpg","contentUrl":"https:\/\/sysmatec.ch\/wp-content\/uploads\/2018\/11\/LogoSysmatec.jpg","width":301,"height":297,"caption":"Sysmatec"},"image":{"@id":"https:\/\/sysmatec.ch\/de\/#\/schema\/logo\/image\/"}}]}},"_links":{"self":[{"href":"https:\/\/sysmatec.ch\/de\/wp-json\/wp\/v2\/product\/8175","targetHints":{"allow":["GET"]}}],"collection":[{"href":"https:\/\/sysmatec.ch\/de\/wp-json\/wp\/v2\/product"}],"about":[{"href":"https:\/\/sysmatec.ch\/de\/wp-json\/wp\/v2\/types\/product"}],"wp:featuredmedia":[{"embeddable":true,"href":"https:\/\/sysmatec.ch\/de\/wp-json\/wp\/v2\/media\/8173"}],"wp:attachment":[{"href":"https:\/\/sysmatec.ch\/de\/wp-json\/wp\/v2\/media?parent=8175"}],"wp:term":[{"taxonomy":"product_brand","embeddable":true,"href":"https:\/\/sysmatec.ch\/de\/wp-json\/wp\/v2\/product_brand?post=8175"},{"taxonomy":"product_cat","embeddable":true,"href":"https:\/\/sysmatec.ch\/de\/wp-json\/wp\/v2\/product_cat?post=8175"},{"taxonomy":"product_tag","embeddable":true,"href":"https:\/\/sysmatec.ch\/de\/wp-json\/wp\/v2\/product_tag?post=8175"}],"curies":[{"name":"wp","href":"https:\/\/api.w.org\/{rel}","templated":true}]}}