{"id":7965,"date":"2019-06-28T12:02:27","date_gmt":"2019-06-28T10:02:27","guid":{"rendered":"https:\/\/sysmatec.ch\/produit\/systeme-hplc\/"},"modified":"2021-12-27T18:50:30","modified_gmt":"2021-12-27T17:50:30","slug":"optisches-o2-ph-co2-messgeraet-mcr-o1p1c1","status":"publish","type":"product","link":"https:\/\/sysmatec.ch\/de\/Produkt\/optisches-o2-ph-co2-messgeraet-mcr-o1p1c1\/","title":{"rendered":"Optisches O2, pH &#038; CO2 Messger\u00e4t MCR-O1P1C1"},"content":{"rendered":"<p>Dieses kompakte Mehrkanalmessger\u00e4t verf\u00fcgt \u00fcber einen Kanal f\u00fcr Sauerstoff (0 &#8211; 100 % O<sub>2<\/sub>), pH (5,5 &#8211; 8,5 pH) und CO<sub>2<\/sub>\u00a0(1 &#8211; 25 % CO<sub>2<\/sub>) zu messen. Es ist kompatibel mit nicht-invasiven Sensoren, Tauchsonden und Durchflusszellen und kann in verschiedenen Anwendungen eingesetzt werden, z. B. zur \u00dcberwachung von Benchtop-Bioreaktoren, f\u00fcr Respirometrie oder in Mikrofluidiken. Jeder Kanal des MCR-O1P1C1 verf\u00fcgt \u00fcber eine separate Temperaturkompensation, sodass genaueste Messungen in Umgebungen mit wechselnden Temperaturen durchgef\u00fchrt werden k\u00f6nnen. Das Messger\u00e4t wird \u00fcber USB mit Strom versorgt und mit der PreSens Measurement Studio 2 Software betrieben, die die gleichzeitige Steuerung mehrerer Ger\u00e4te erm\u00f6glicht, sodass Messnetzwerke eingerichtet werden k\u00f6nnen. Mit zahlreichen Funktionen und zus\u00e4tzlicher Druck- und Salzgehaltkompensation macht die Software das MCR-O1P1C1 in nahezu viele Anwendung einsetzbar.<\/p>\n<table class=\"contenttable\">\n<tbody>\n<tr>\n<td>Sensoren<\/td>\n<td>O<sub>2<\/sub>: PSt3<br \/>\npH: HP5<br \/>\nCO<sub>2<\/sub>: CD1<\/td>\n<\/tr>\n<tr>\n<td>Temperatursensor<\/td>\n<td>Pt100 Temperatursensor-Anschlu\u00df (Sensor nicht inklusive)<\/td>\n<\/tr>\n<tr>\n<td>Temperaturleistung<\/td>\n<td>Von 0 \u00b0 bis + 50 \u00b0C, Aufl\u00f6sung \u00b1 0.1 \u00b0C, Genauigkeit \u00b1 1.0 \u00b0C<\/td>\n<\/tr>\n<tr>\n<td>Stromversorgung<\/td>\n<td>5 VDC (USB-2.0-Mini-B, Kabel inklusive)<\/td>\n<\/tr>\n<tr>\n<td>Temperatur: Betrieb \/ Lagerung<\/td>\n<td>Von 0 \u00b0C bis + 50 \u00b0C \/ von &#8211; 20 \u00b0C bis + 70 \u00b0C<\/td>\n<\/tr>\n<tr>\n<td>Relative Luftfeuchtigkeit<\/td>\n<td>0 % bis 80 % (nicht kondensierend)<\/td>\n<\/tr>\n<tr>\n<td>Abmessungen<\/td>\n<td>164 mm x 80 mm (mit SMA Anschl\u00fcssen) x 50 mm<\/td>\n<\/tr>\n<tr>\n<td>Gewicht<\/td>\n<td>430 g<\/td>\n<\/tr>\n<tr>\n<td>Digitale Schnittstelle<\/td>\n<td>USB Schnittstelle zu PC (Kabel inklusive)<\/td>\n<\/tr>\n<\/tbody>\n<\/table>\n","protected":false},"excerpt":{"rendered":"<p><span class=\"VIiyi\" lang=\"de\"><span class=\"JLqJ4b ChMk0b\" data-language-for-alternatives=\"de\" data-language-to-translate-into=\"en\" data-phrase-index=\"0\">Messung von CO2 und Sauerstoff parallel in Fl\u00fcssigkeiten und Gasen.<\/span> <span class=\"JLqJ4b ChMk0b\" data-language-for-alternatives=\"de\" data-language-to-translate-into=\"en\" data-phrase-index=\"1\">PH-Messung.<\/span> <span class=\"JLqJ4b ChMk0b\" data-language-for-alternatives=\"de\" data-language-to-translate-into=\"en\" data-phrase-index=\"2\">Optische Methode.<\/span><\/span><\/p>\n","protected":false},"featured_media":25238,"template":"","meta":{"_crdt_document":""},"product_brand":[],"product_cat":[248,180,241,246],"product_tag":[],"class_list":{"0":"post-7965","1":"product","2":"type-product","3":"status-publish","4":"has-post-thumbnail","6":"product_cat-co2-de","7":"product_cat-messung","8":"product_cat-ph-de","9":"product_cat-sauerstoff","11":"first","12":"instock","13":"taxable","14":"shipping-taxable","15":"product-type-simple"},"yoast_head":"<!-- This site is optimized with the Yoast SEO plugin v27.4 - https:\/\/yoast.com\/product\/yoast-seo-wordpress\/ -->\n<title>Optisches O2, pH &amp; CO2 Messger\u00e4t MCR-O1P1C1 - Sysmatec<\/title>\n<meta name=\"description\" content=\"Parallele pH-, O2-, CO2-Messung mit nicht-invasiven Sensoren und Mikrosensoren. Optisches Verfahren durch eine transparente Wand m\u00f6glich.\" \/>\n<meta name=\"robots\" content=\"index, follow, max-snippet:-1, max-image-preview:large, max-video-preview:-1\" \/>\n<link rel=\"canonical\" href=\"https:\/\/sysmatec.ch\/de\/produit\/optisches-o2-ph-co2-messgeraet-mcr-o1p1c1\/\" \/>\n<meta property=\"og:locale\" content=\"de_DE\" \/>\n<meta property=\"og:type\" content=\"article\" \/>\n<meta property=\"og:title\" content=\"Optisches O2, pH &amp; CO2 Messger\u00e4t MCR-O1P1C1 - Sysmatec\" \/>\n<meta property=\"og:description\" content=\"Parallele pH-, O2-, CO2-Messung mit nicht-invasiven Sensoren und Mikrosensoren. Optisches Verfahren durch eine transparente Wand m\u00f6glich.\" \/>\n<meta property=\"og:url\" content=\"https:\/\/sysmatec.ch\/de\/produit\/optisches-o2-ph-co2-messgeraet-mcr-o1p1c1\/\" \/>\n<meta property=\"og:site_name\" content=\"Sysmatec\" \/>\n<meta property=\"article:modified_time\" content=\"2021-12-27T17:50:30+00:00\" \/>\n<meta property=\"og:image\" content=\"https:\/\/sysmatec.ch\/wp-content\/uploads\/2019\/06\/OxygenCO2pH_PresensMCRO1P1C1.jpg\" \/>\n\t<meta property=\"og:image:width\" content=\"571\" \/>\n\t<meta property=\"og:image:height\" content=\"376\" \/>\n\t<meta property=\"og:image:type\" content=\"image\/jpeg\" \/>\n<meta name=\"twitter:card\" content=\"summary_large_image\" \/>\n<meta name=\"twitter:label1\" content=\"Gesch\u00e4tzte Lesezeit\" \/>\n\t<meta name=\"twitter:data1\" content=\"1\u00a0Minute\" \/>\n<script type=\"application\/ld+json\" class=\"yoast-schema-graph\">{\"@context\":\"https:\\\/\\\/schema.org\",\"@graph\":[{\"@type\":\"WebPage\",\"@id\":\"https:\\\/\\\/sysmatec.ch\\\/de\\\/produit\\\/optisches-o2-ph-co2-messgeraet-mcr-o1p1c1\\\/\",\"url\":\"https:\\\/\\\/sysmatec.ch\\\/de\\\/produit\\\/optisches-o2-ph-co2-messgeraet-mcr-o1p1c1\\\/\",\"name\":\"Optisches O2, pH & CO2 Messger\u00e4t MCR-O1P1C1 - Sysmatec\",\"isPartOf\":{\"@id\":\"https:\\\/\\\/sysmatec.ch\\\/de\\\/#website\"},\"primaryImageOfPage\":{\"@id\":\"https:\\\/\\\/sysmatec.ch\\\/de\\\/produit\\\/optisches-o2-ph-co2-messgeraet-mcr-o1p1c1\\\/#primaryimage\"},\"image\":{\"@id\":\"https:\\\/\\\/sysmatec.ch\\\/de\\\/produit\\\/optisches-o2-ph-co2-messgeraet-mcr-o1p1c1\\\/#primaryimage\"},\"thumbnailUrl\":\"https:\\\/\\\/sysmatec.ch\\\/wp-content\\\/uploads\\\/2019\\\/06\\\/OxygenCO2pH_PresensMCRO1P1C1.jpg\",\"datePublished\":\"2019-06-28T10:02:27+00:00\",\"dateModified\":\"2021-12-27T17:50:30+00:00\",\"description\":\"Parallele pH-, O2-, CO2-Messung mit nicht-invasiven Sensoren und Mikrosensoren. Optisches Verfahren durch eine transparente Wand m\u00f6glich.\",\"breadcrumb\":{\"@id\":\"https:\\\/\\\/sysmatec.ch\\\/de\\\/produit\\\/optisches-o2-ph-co2-messgeraet-mcr-o1p1c1\\\/#breadcrumb\"},\"inLanguage\":\"de\",\"potentialAction\":[{\"@type\":\"ReadAction\",\"target\":[\"https:\\\/\\\/sysmatec.ch\\\/de\\\/produit\\\/optisches-o2-ph-co2-messgeraet-mcr-o1p1c1\\\/\"]}]},{\"@type\":\"ImageObject\",\"inLanguage\":\"de\",\"@id\":\"https:\\\/\\\/sysmatec.ch\\\/de\\\/produit\\\/optisches-o2-ph-co2-messgeraet-mcr-o1p1c1\\\/#primaryimage\",\"url\":\"https:\\\/\\\/sysmatec.ch\\\/wp-content\\\/uploads\\\/2019\\\/06\\\/OxygenCO2pH_PresensMCRO1P1C1.jpg\",\"contentUrl\":\"https:\\\/\\\/sysmatec.ch\\\/wp-content\\\/uploads\\\/2019\\\/06\\\/OxygenCO2pH_PresensMCRO1P1C1.jpg\",\"width\":571,\"height\":376},{\"@type\":\"BreadcrumbList\",\"@id\":\"https:\\\/\\\/sysmatec.ch\\\/de\\\/produit\\\/optisches-o2-ph-co2-messgeraet-mcr-o1p1c1\\\/#breadcrumb\",\"itemListElement\":[{\"@type\":\"ListItem\",\"position\":1,\"name\":\"Accueil\",\"item\":\"https:\\\/\\\/sysmatec.ch\\\/de\\\/\"},{\"@type\":\"ListItem\",\"position\":2,\"name\":\"Die Aktivit\u00e4t von Sysmatec\",\"item\":\"https:\\\/\\\/sysmatec.ch\\\/de\\\/\"},{\"@type\":\"ListItem\",\"position\":3,\"name\":\"Optisches O2, pH &#038; CO2 Messger\u00e4t MCR-O1P1C1\"}]},{\"@type\":\"WebSite\",\"@id\":\"https:\\\/\\\/sysmatec.ch\\\/de\\\/#website\",\"url\":\"https:\\\/\\\/sysmatec.ch\\\/de\\\/\",\"name\":\"Sysmatec\",\"description\":\"Equipement de laboratoire et logiciels\",\"publisher\":{\"@id\":\"https:\\\/\\\/sysmatec.ch\\\/de\\\/#organization\"},\"potentialAction\":[{\"@type\":\"SearchAction\",\"target\":{\"@type\":\"EntryPoint\",\"urlTemplate\":\"https:\\\/\\\/sysmatec.ch\\\/de\\\/?s={search_term_string}\"},\"query-input\":{\"@type\":\"PropertyValueSpecification\",\"valueRequired\":true,\"valueName\":\"search_term_string\"}}],\"inLanguage\":\"de\"},{\"@type\":\"Organization\",\"@id\":\"https:\\\/\\\/sysmatec.ch\\\/de\\\/#organization\",\"name\":\"Sysmatec\",\"url\":\"https:\\\/\\\/sysmatec.ch\\\/de\\\/\",\"logo\":{\"@type\":\"ImageObject\",\"inLanguage\":\"de\",\"@id\":\"https:\\\/\\\/sysmatec.ch\\\/de\\\/#\\\/schema\\\/logo\\\/image\\\/\",\"url\":\"https:\\\/\\\/sysmatec.ch\\\/wp-content\\\/uploads\\\/2018\\\/11\\\/LogoSysmatec.jpg\",\"contentUrl\":\"https:\\\/\\\/sysmatec.ch\\\/wp-content\\\/uploads\\\/2018\\\/11\\\/LogoSysmatec.jpg\",\"width\":301,\"height\":297,\"caption\":\"Sysmatec\"},\"image\":{\"@id\":\"https:\\\/\\\/sysmatec.ch\\\/de\\\/#\\\/schema\\\/logo\\\/image\\\/\"}}]}<\/script>\n<!-- \/ Yoast SEO plugin. -->","yoast_head_json":{"title":"Optisches O2, pH & CO2 Messger\u00e4t MCR-O1P1C1 - Sysmatec","description":"Parallele pH-, O2-, CO2-Messung mit nicht-invasiven Sensoren und Mikrosensoren. Optisches Verfahren durch eine transparente Wand m\u00f6glich.","robots":{"index":"index","follow":"follow","max-snippet":"max-snippet:-1","max-image-preview":"max-image-preview:large","max-video-preview":"max-video-preview:-1"},"canonical":"https:\/\/sysmatec.ch\/de\/produit\/optisches-o2-ph-co2-messgeraet-mcr-o1p1c1\/","og_locale":"de_DE","og_type":"article","og_title":"Optisches O2, pH & CO2 Messger\u00e4t MCR-O1P1C1 - Sysmatec","og_description":"Parallele pH-, O2-, CO2-Messung mit nicht-invasiven Sensoren und Mikrosensoren. Optisches Verfahren durch eine transparente Wand m\u00f6glich.","og_url":"https:\/\/sysmatec.ch\/de\/produit\/optisches-o2-ph-co2-messgeraet-mcr-o1p1c1\/","og_site_name":"Sysmatec","article_modified_time":"2021-12-27T17:50:30+00:00","og_image":[{"width":571,"height":376,"url":"https:\/\/sysmatec.ch\/wp-content\/uploads\/2019\/06\/OxygenCO2pH_PresensMCRO1P1C1.jpg","type":"image\/jpeg"}],"twitter_card":"summary_large_image","twitter_misc":{"Gesch\u00e4tzte Lesezeit":"1\u00a0Minute"},"schema":{"@context":"https:\/\/schema.org","@graph":[{"@type":"WebPage","@id":"https:\/\/sysmatec.ch\/de\/produit\/optisches-o2-ph-co2-messgeraet-mcr-o1p1c1\/","url":"https:\/\/sysmatec.ch\/de\/produit\/optisches-o2-ph-co2-messgeraet-mcr-o1p1c1\/","name":"Optisches O2, pH & CO2 Messger\u00e4t MCR-O1P1C1 - Sysmatec","isPartOf":{"@id":"https:\/\/sysmatec.ch\/de\/#website"},"primaryImageOfPage":{"@id":"https:\/\/sysmatec.ch\/de\/produit\/optisches-o2-ph-co2-messgeraet-mcr-o1p1c1\/#primaryimage"},"image":{"@id":"https:\/\/sysmatec.ch\/de\/produit\/optisches-o2-ph-co2-messgeraet-mcr-o1p1c1\/#primaryimage"},"thumbnailUrl":"https:\/\/sysmatec.ch\/wp-content\/uploads\/2019\/06\/OxygenCO2pH_PresensMCRO1P1C1.jpg","datePublished":"2019-06-28T10:02:27+00:00","dateModified":"2021-12-27T17:50:30+00:00","description":"Parallele pH-, O2-, CO2-Messung mit nicht-invasiven Sensoren und Mikrosensoren. Optisches Verfahren durch eine transparente Wand m\u00f6glich.","breadcrumb":{"@id":"https:\/\/sysmatec.ch\/de\/produit\/optisches-o2-ph-co2-messgeraet-mcr-o1p1c1\/#breadcrumb"},"inLanguage":"de","potentialAction":[{"@type":"ReadAction","target":["https:\/\/sysmatec.ch\/de\/produit\/optisches-o2-ph-co2-messgeraet-mcr-o1p1c1\/"]}]},{"@type":"ImageObject","inLanguage":"de","@id":"https:\/\/sysmatec.ch\/de\/produit\/optisches-o2-ph-co2-messgeraet-mcr-o1p1c1\/#primaryimage","url":"https:\/\/sysmatec.ch\/wp-content\/uploads\/2019\/06\/OxygenCO2pH_PresensMCRO1P1C1.jpg","contentUrl":"https:\/\/sysmatec.ch\/wp-content\/uploads\/2019\/06\/OxygenCO2pH_PresensMCRO1P1C1.jpg","width":571,"height":376},{"@type":"BreadcrumbList","@id":"https:\/\/sysmatec.ch\/de\/produit\/optisches-o2-ph-co2-messgeraet-mcr-o1p1c1\/#breadcrumb","itemListElement":[{"@type":"ListItem","position":1,"name":"Accueil","item":"https:\/\/sysmatec.ch\/de\/"},{"@type":"ListItem","position":2,"name":"Die Aktivit\u00e4t von Sysmatec","item":"https:\/\/sysmatec.ch\/de\/"},{"@type":"ListItem","position":3,"name":"Optisches O2, pH &#038; CO2 Messger\u00e4t MCR-O1P1C1"}]},{"@type":"WebSite","@id":"https:\/\/sysmatec.ch\/de\/#website","url":"https:\/\/sysmatec.ch\/de\/","name":"Sysmatec","description":"Equipement de laboratoire et logiciels","publisher":{"@id":"https:\/\/sysmatec.ch\/de\/#organization"},"potentialAction":[{"@type":"SearchAction","target":{"@type":"EntryPoint","urlTemplate":"https:\/\/sysmatec.ch\/de\/?s={search_term_string}"},"query-input":{"@type":"PropertyValueSpecification","valueRequired":true,"valueName":"search_term_string"}}],"inLanguage":"de"},{"@type":"Organization","@id":"https:\/\/sysmatec.ch\/de\/#organization","name":"Sysmatec","url":"https:\/\/sysmatec.ch\/de\/","logo":{"@type":"ImageObject","inLanguage":"de","@id":"https:\/\/sysmatec.ch\/de\/#\/schema\/logo\/image\/","url":"https:\/\/sysmatec.ch\/wp-content\/uploads\/2018\/11\/LogoSysmatec.jpg","contentUrl":"https:\/\/sysmatec.ch\/wp-content\/uploads\/2018\/11\/LogoSysmatec.jpg","width":301,"height":297,"caption":"Sysmatec"},"image":{"@id":"https:\/\/sysmatec.ch\/de\/#\/schema\/logo\/image\/"}}]}},"_links":{"self":[{"href":"https:\/\/sysmatec.ch\/de\/wp-json\/wp\/v2\/product\/7965","targetHints":{"allow":["GET"]}}],"collection":[{"href":"https:\/\/sysmatec.ch\/de\/wp-json\/wp\/v2\/product"}],"about":[{"href":"https:\/\/sysmatec.ch\/de\/wp-json\/wp\/v2\/types\/product"}],"wp:featuredmedia":[{"embeddable":true,"href":"https:\/\/sysmatec.ch\/de\/wp-json\/wp\/v2\/media\/25238"}],"wp:attachment":[{"href":"https:\/\/sysmatec.ch\/de\/wp-json\/wp\/v2\/media?parent=7965"}],"wp:term":[{"taxonomy":"product_brand","embeddable":true,"href":"https:\/\/sysmatec.ch\/de\/wp-json\/wp\/v2\/product_brand?post=7965"},{"taxonomy":"product_cat","embeddable":true,"href":"https:\/\/sysmatec.ch\/de\/wp-json\/wp\/v2\/product_cat?post=7965"},{"taxonomy":"product_tag","embeddable":true,"href":"https:\/\/sysmatec.ch\/de\/wp-json\/wp\/v2\/product_tag?post=7965"}],"curies":[{"name":"wp","href":"https:\/\/api.w.org\/{rel}","templated":true}]}}