{"id":7950,"date":"2019-06-28T10:54:30","date_gmt":"2019-06-28T08:54:30","guid":{"rendered":"https:\/\/sysmatec.ch\/produit\/visualisation-de-la-quantite-de-liquide-ajoute-durant-une-reaction\/"},"modified":"2022-05-20T09:20:13","modified_gmt":"2022-05-20T07:20:13","slug":"borescope-mit-360-rotation-az-b317d","status":"publish","type":"product","link":"https:\/\/sysmatec.ch\/de\/Produkt\/borescope-mit-360-rotation-az-b317d\/","title":{"rendered":"Borescope mit 360\u00b0 Rotation AZ-B317D"},"content":{"rendered":"<p>Eine zus\u00e4tzliche High-Definition-Kamera ist seitlich in die Hauptkamera eingebaut, um die Erkennung der Rohrseite zu unterst\u00fctzen. Lange dr\u00fccken, um die Haupt-\/Seitenkamera umzuschalten, sodass Sie ein breiteres Sichtfeld erhalten. Einfach loslegen. Alle Tasten sind transparent und auch in dunkler Umgebung einfach zu bedienen. Es wird kein Spiegel ben\u00f6tigt.<\/p>\n<p>Dieses Endoskop ist mit einem verbesserten 5-Zoll-IPS-Bildschirm ausgestattet, der energiesparender ist als andere. Es macht die Inspektion schneller und einfacher, Bilder und Videos aufzunehmen.<\/p>\n<p>Ausgestattet mit 8 einstellbaren LED-Leuchten an der Spitze der Endoskopkamera, die Ihnen auch bei Dunkelheit oder schlechten Lichtverh\u00e4ltnissen ein klares Bild liefern. Hinter dem Endoskop befindet sich eine eingebaute Taschenlampe zur n\u00e4chtlichen Inspektion. Tolles Inspektionstool! Eingebauter 3000-mAh-Akku, unterst\u00fctzt ununterbrochene Arbeit f\u00fcr 4-5 Stunden.<\/p>\n<p>Ein Klick zum Aufnehmen von Fotos und Videos. Es wird h\u00e4ufig f\u00fcr die Fahrzeugwartung, Industrieinspektion, Hauskontrolle, Rohrleitungsinspektion, Ger\u00e4teinspektion und Kanalisationsinspektion usw. verwendet.<\/p>\n<h2>Merkmale des Endoskops<\/h2>\n<ul>\n<li>Linsenpixel: 2,0 Megapixel<\/li>\n<li>360-Grad-Rationskontrolle<\/li>\n<li>Kabell\u00e4nge: 1 m \/ 3 m<\/li>\n<li>Kameradurchmesser: 8 mm<\/li>\n<li>Betrachtungswinkel: 60 Grad<\/li>\n<li>Arbeitszeit: 4-5 Stunden<\/li>\n<li>Batteriekapazit\u00e4t: 3000 mAh<\/li>\n<li>Wasserdichtigkeit: IP67 (Objektiv und Kabel)<\/li>\n<li>Fokusentfernung: 3\u201310 cm\/1,18\u20133,93 Zoll<\/li>\n<li>Aufl\u00f6sung: 1920*1080, 1280*720<\/li>\n<li>Beleuchtung: Mit 8 dimmbarem LED-Licht<\/li>\n<\/ul>\n","protected":false},"excerpt":{"rendered":"<p>Endoskop mit 2 Kameras, eine auf der Vorderseite und eine auf der Seite. Erh\u00e4ltlich mit unterschiedlicher Faserl\u00e4nge.<\/p>\n","protected":false},"featured_media":27674,"template":"","meta":{"_crdt_document":""},"product_brand":[],"product_cat":[212],"product_tag":[],"class_list":{"0":"post-7950","1":"product","2":"type-product","3":"status-publish","4":"has-post-thumbnail","6":"product_cat-endoskop","8":"first","9":"instock","10":"taxable","11":"shipping-taxable","12":"product-type-simple"},"yoast_head":"<!-- This site is optimized with the Yoast SEO plugin v27.3 - https:\/\/yoast.com\/product\/yoast-seo-wordpress\/ -->\n<title>Borescope mit 360\u00b0 Rotation AZ-B317D - Sysmatec<\/title>\n<meta name=\"description\" content=\"Endoskop mit 2 Kameras, eine auf der Vorderseite und eine auf der Seite. Erh\u00e4ltlich mit unterschiedlicher Faserl\u00e4nge.\" \/>\n<meta name=\"robots\" content=\"index, follow, max-snippet:-1, max-image-preview:large, max-video-preview:-1\" \/>\n<link rel=\"canonical\" href=\"https:\/\/sysmatec.ch\/de\/produit\/borescope-mit-360-rotation-az-b317d\/\" \/>\n<meta property=\"og:locale\" content=\"de_DE\" \/>\n<meta property=\"og:type\" content=\"article\" \/>\n<meta property=\"og:title\" content=\"Borescope mit 360\u00b0 Rotation AZ-B317D - Sysmatec\" \/>\n<meta property=\"og:description\" content=\"Endoskop mit 2 Kameras, eine auf der Vorderseite und eine auf der Seite. Erh\u00e4ltlich mit unterschiedlicher Faserl\u00e4nge.\" \/>\n<meta property=\"og:url\" content=\"https:\/\/sysmatec.ch\/de\/produit\/borescope-mit-360-rotation-az-b317d\/\" \/>\n<meta property=\"og:site_name\" content=\"Sysmatec\" \/>\n<meta property=\"article:modified_time\" content=\"2022-05-20T07:20:13+00:00\" \/>\n<meta property=\"og:image\" content=\"https:\/\/sysmatec.ch\/wp-content\/uploads\/2019\/06\/Endoscope_AtaztechB317D.jpg\" \/>\n\t<meta property=\"og:image:width\" content=\"900\" \/>\n\t<meta property=\"og:image:height\" content=\"900\" \/>\n\t<meta property=\"og:image:type\" content=\"image\/jpeg\" \/>\n<meta name=\"twitter:card\" content=\"summary_large_image\" \/>\n<meta name=\"twitter:label1\" content=\"Gesch\u00e4tzte Lesezeit\" \/>\n\t<meta name=\"twitter:data1\" content=\"1\u00a0Minute\" \/>\n<script type=\"application\/ld+json\" class=\"yoast-schema-graph\">{\"@context\":\"https:\\\/\\\/schema.org\",\"@graph\":[{\"@type\":\"WebPage\",\"@id\":\"https:\\\/\\\/sysmatec.ch\\\/de\\\/produit\\\/borescope-mit-360-rotation-az-b317d\\\/\",\"url\":\"https:\\\/\\\/sysmatec.ch\\\/de\\\/produit\\\/borescope-mit-360-rotation-az-b317d\\\/\",\"name\":\"Borescope mit 360\u00b0 Rotation AZ-B317D - Sysmatec\",\"isPartOf\":{\"@id\":\"https:\\\/\\\/sysmatec.ch\\\/de\\\/#website\"},\"primaryImageOfPage\":{\"@id\":\"https:\\\/\\\/sysmatec.ch\\\/de\\\/produit\\\/borescope-mit-360-rotation-az-b317d\\\/#primaryimage\"},\"image\":{\"@id\":\"https:\\\/\\\/sysmatec.ch\\\/de\\\/produit\\\/borescope-mit-360-rotation-az-b317d\\\/#primaryimage\"},\"thumbnailUrl\":\"https:\\\/\\\/sysmatec.ch\\\/wp-content\\\/uploads\\\/2019\\\/06\\\/Endoscope_AtaztechB317D.jpg\",\"datePublished\":\"2019-06-28T08:54:30+00:00\",\"dateModified\":\"2022-05-20T07:20:13+00:00\",\"description\":\"Endoskop mit 2 Kameras, eine auf der Vorderseite und eine auf der Seite. Erh\u00e4ltlich mit unterschiedlicher Faserl\u00e4nge.\",\"breadcrumb\":{\"@id\":\"https:\\\/\\\/sysmatec.ch\\\/de\\\/produit\\\/borescope-mit-360-rotation-az-b317d\\\/#breadcrumb\"},\"inLanguage\":\"de\",\"potentialAction\":[{\"@type\":\"ReadAction\",\"target\":[\"https:\\\/\\\/sysmatec.ch\\\/de\\\/produit\\\/borescope-mit-360-rotation-az-b317d\\\/\"]}]},{\"@type\":\"ImageObject\",\"inLanguage\":\"de\",\"@id\":\"https:\\\/\\\/sysmatec.ch\\\/de\\\/produit\\\/borescope-mit-360-rotation-az-b317d\\\/#primaryimage\",\"url\":\"https:\\\/\\\/sysmatec.ch\\\/wp-content\\\/uploads\\\/2019\\\/06\\\/Endoscope_AtaztechB317D.jpg\",\"contentUrl\":\"https:\\\/\\\/sysmatec.ch\\\/wp-content\\\/uploads\\\/2019\\\/06\\\/Endoscope_AtaztechB317D.jpg\",\"width\":900,\"height\":900},{\"@type\":\"BreadcrumbList\",\"@id\":\"https:\\\/\\\/sysmatec.ch\\\/de\\\/produit\\\/borescope-mit-360-rotation-az-b317d\\\/#breadcrumb\",\"itemListElement\":[{\"@type\":\"ListItem\",\"position\":1,\"name\":\"Accueil\",\"item\":\"https:\\\/\\\/sysmatec.ch\\\/de\\\/\"},{\"@type\":\"ListItem\",\"position\":2,\"name\":\"Die Aktivit\u00e4t von Sysmatec\",\"item\":\"https:\\\/\\\/sysmatec.ch\\\/de\\\/\"},{\"@type\":\"ListItem\",\"position\":3,\"name\":\"Borescope mit 360\u00b0 Rotation AZ-B317D\"}]},{\"@type\":\"WebSite\",\"@id\":\"https:\\\/\\\/sysmatec.ch\\\/de\\\/#website\",\"url\":\"https:\\\/\\\/sysmatec.ch\\\/de\\\/\",\"name\":\"Sysmatec\",\"description\":\"Equipement de laboratoire et logiciels\",\"publisher\":{\"@id\":\"https:\\\/\\\/sysmatec.ch\\\/de\\\/#organization\"},\"potentialAction\":[{\"@type\":\"SearchAction\",\"target\":{\"@type\":\"EntryPoint\",\"urlTemplate\":\"https:\\\/\\\/sysmatec.ch\\\/de\\\/?s={search_term_string}\"},\"query-input\":{\"@type\":\"PropertyValueSpecification\",\"valueRequired\":true,\"valueName\":\"search_term_string\"}}],\"inLanguage\":\"de\"},{\"@type\":\"Organization\",\"@id\":\"https:\\\/\\\/sysmatec.ch\\\/de\\\/#organization\",\"name\":\"Sysmatec\",\"url\":\"https:\\\/\\\/sysmatec.ch\\\/de\\\/\",\"logo\":{\"@type\":\"ImageObject\",\"inLanguage\":\"de\",\"@id\":\"https:\\\/\\\/sysmatec.ch\\\/de\\\/#\\\/schema\\\/logo\\\/image\\\/\",\"url\":\"https:\\\/\\\/sysmatec.ch\\\/wp-content\\\/uploads\\\/2018\\\/11\\\/LogoSysmatec.jpg\",\"contentUrl\":\"https:\\\/\\\/sysmatec.ch\\\/wp-content\\\/uploads\\\/2018\\\/11\\\/LogoSysmatec.jpg\",\"width\":301,\"height\":297,\"caption\":\"Sysmatec\"},\"image\":{\"@id\":\"https:\\\/\\\/sysmatec.ch\\\/de\\\/#\\\/schema\\\/logo\\\/image\\\/\"}}]}<\/script>\n<!-- \/ Yoast SEO plugin. -->","yoast_head_json":{"title":"Borescope mit 360\u00b0 Rotation AZ-B317D - Sysmatec","description":"Endoskop mit 2 Kameras, eine auf der Vorderseite und eine auf der Seite. Erh\u00e4ltlich mit unterschiedlicher Faserl\u00e4nge.","robots":{"index":"index","follow":"follow","max-snippet":"max-snippet:-1","max-image-preview":"max-image-preview:large","max-video-preview":"max-video-preview:-1"},"canonical":"https:\/\/sysmatec.ch\/de\/produit\/borescope-mit-360-rotation-az-b317d\/","og_locale":"de_DE","og_type":"article","og_title":"Borescope mit 360\u00b0 Rotation AZ-B317D - Sysmatec","og_description":"Endoskop mit 2 Kameras, eine auf der Vorderseite und eine auf der Seite. Erh\u00e4ltlich mit unterschiedlicher Faserl\u00e4nge.","og_url":"https:\/\/sysmatec.ch\/de\/produit\/borescope-mit-360-rotation-az-b317d\/","og_site_name":"Sysmatec","article_modified_time":"2022-05-20T07:20:13+00:00","og_image":[{"width":900,"height":900,"url":"https:\/\/sysmatec.ch\/wp-content\/uploads\/2019\/06\/Endoscope_AtaztechB317D.jpg","type":"image\/jpeg"}],"twitter_card":"summary_large_image","twitter_misc":{"Gesch\u00e4tzte Lesezeit":"1\u00a0Minute"},"schema":{"@context":"https:\/\/schema.org","@graph":[{"@type":"WebPage","@id":"https:\/\/sysmatec.ch\/de\/produit\/borescope-mit-360-rotation-az-b317d\/","url":"https:\/\/sysmatec.ch\/de\/produit\/borescope-mit-360-rotation-az-b317d\/","name":"Borescope mit 360\u00b0 Rotation AZ-B317D - Sysmatec","isPartOf":{"@id":"https:\/\/sysmatec.ch\/de\/#website"},"primaryImageOfPage":{"@id":"https:\/\/sysmatec.ch\/de\/produit\/borescope-mit-360-rotation-az-b317d\/#primaryimage"},"image":{"@id":"https:\/\/sysmatec.ch\/de\/produit\/borescope-mit-360-rotation-az-b317d\/#primaryimage"},"thumbnailUrl":"https:\/\/sysmatec.ch\/wp-content\/uploads\/2019\/06\/Endoscope_AtaztechB317D.jpg","datePublished":"2019-06-28T08:54:30+00:00","dateModified":"2022-05-20T07:20:13+00:00","description":"Endoskop mit 2 Kameras, eine auf der Vorderseite und eine auf der Seite. Erh\u00e4ltlich mit unterschiedlicher Faserl\u00e4nge.","breadcrumb":{"@id":"https:\/\/sysmatec.ch\/de\/produit\/borescope-mit-360-rotation-az-b317d\/#breadcrumb"},"inLanguage":"de","potentialAction":[{"@type":"ReadAction","target":["https:\/\/sysmatec.ch\/de\/produit\/borescope-mit-360-rotation-az-b317d\/"]}]},{"@type":"ImageObject","inLanguage":"de","@id":"https:\/\/sysmatec.ch\/de\/produit\/borescope-mit-360-rotation-az-b317d\/#primaryimage","url":"https:\/\/sysmatec.ch\/wp-content\/uploads\/2019\/06\/Endoscope_AtaztechB317D.jpg","contentUrl":"https:\/\/sysmatec.ch\/wp-content\/uploads\/2019\/06\/Endoscope_AtaztechB317D.jpg","width":900,"height":900},{"@type":"BreadcrumbList","@id":"https:\/\/sysmatec.ch\/de\/produit\/borescope-mit-360-rotation-az-b317d\/#breadcrumb","itemListElement":[{"@type":"ListItem","position":1,"name":"Accueil","item":"https:\/\/sysmatec.ch\/de\/"},{"@type":"ListItem","position":2,"name":"Die Aktivit\u00e4t von Sysmatec","item":"https:\/\/sysmatec.ch\/de\/"},{"@type":"ListItem","position":3,"name":"Borescope mit 360\u00b0 Rotation AZ-B317D"}]},{"@type":"WebSite","@id":"https:\/\/sysmatec.ch\/de\/#website","url":"https:\/\/sysmatec.ch\/de\/","name":"Sysmatec","description":"Equipement de laboratoire et logiciels","publisher":{"@id":"https:\/\/sysmatec.ch\/de\/#organization"},"potentialAction":[{"@type":"SearchAction","target":{"@type":"EntryPoint","urlTemplate":"https:\/\/sysmatec.ch\/de\/?s={search_term_string}"},"query-input":{"@type":"PropertyValueSpecification","valueRequired":true,"valueName":"search_term_string"}}],"inLanguage":"de"},{"@type":"Organization","@id":"https:\/\/sysmatec.ch\/de\/#organization","name":"Sysmatec","url":"https:\/\/sysmatec.ch\/de\/","logo":{"@type":"ImageObject","inLanguage":"de","@id":"https:\/\/sysmatec.ch\/de\/#\/schema\/logo\/image\/","url":"https:\/\/sysmatec.ch\/wp-content\/uploads\/2018\/11\/LogoSysmatec.jpg","contentUrl":"https:\/\/sysmatec.ch\/wp-content\/uploads\/2018\/11\/LogoSysmatec.jpg","width":301,"height":297,"caption":"Sysmatec"},"image":{"@id":"https:\/\/sysmatec.ch\/de\/#\/schema\/logo\/image\/"}}]}},"_links":{"self":[{"href":"https:\/\/sysmatec.ch\/de\/wp-json\/wp\/v2\/product\/7950","targetHints":{"allow":["GET"]}}],"collection":[{"href":"https:\/\/sysmatec.ch\/de\/wp-json\/wp\/v2\/product"}],"about":[{"href":"https:\/\/sysmatec.ch\/de\/wp-json\/wp\/v2\/types\/product"}],"wp:featuredmedia":[{"embeddable":true,"href":"https:\/\/sysmatec.ch\/de\/wp-json\/wp\/v2\/media\/27674"}],"wp:attachment":[{"href":"https:\/\/sysmatec.ch\/de\/wp-json\/wp\/v2\/media?parent=7950"}],"wp:term":[{"taxonomy":"product_brand","embeddable":true,"href":"https:\/\/sysmatec.ch\/de\/wp-json\/wp\/v2\/product_brand?post=7950"},{"taxonomy":"product_cat","embeddable":true,"href":"https:\/\/sysmatec.ch\/de\/wp-json\/wp\/v2\/product_cat?post=7950"},{"taxonomy":"product_tag","embeddable":true,"href":"https:\/\/sysmatec.ch\/de\/wp-json\/wp\/v2\/product_tag?post=7950"}],"curies":[{"name":"wp","href":"https:\/\/api.w.org\/{rel}","templated":true}]}}