{"id":7945,"date":"2019-06-28T09:55:50","date_gmt":"2019-06-28T07:55:50","guid":{"rendered":"https:\/\/sysmatec.ch\/produit\/systeme-daddition-de-poudre\/"},"modified":"2022-09-07T09:23:30","modified_gmt":"2022-09-07T07:23:30","slug":"lebensmittelechter-edelstahl-silikonschlauch-silitube-sitia","status":"publish","type":"product","link":"https:\/\/sysmatec.ch\/de\/Produkt\/lebensmittelechter-edelstahl-silikonschlauch-silitube-sitia\/","title":{"rendered":"Lebensmittelechter Edelstahl-Silikonschlauch SILITUBE\u00ae SITIA"},"content":{"rendered":"<p>Extrudierter Schlauch aus Silikonelastomer, umflochten mit Edelstahldr\u00e4hten.<\/p>\n<p>Anwendungen: Transport von fl\u00fcssigen Lebensmitteln, Alkoholen, S\u00e4uren, Dampf, unter Druck.<\/p>\n<p>Allgemeine Eigenschaften: flexibel, lebensmittelecht, druck- und temperaturbest\u00e4ndig, gute Best\u00e4ndigkeit gegen aggressive Fl\u00fcssigkeiten, Alkohole und S\u00e4uren<\/p>\n<p>Schlauch technische Daten<\/p>\n<p>Schlauchmaterial zugelassen FDA 21 CFR 177.2600, Europ\u00e4ische Verordnung 1935\/2004, Europ\u00e4isches Arzneibuch Abschnitt 3.1.9<\/p>\n<p>F\u00fcr den Kontakt mit Lebensmitteln zugelassener Schlauch gem\u00e4\u00df den Spezifikationen des Dekrets vom 25.11.92 und den europ\u00e4ischen Verordnungen 13935\/2004 und 10\/2011<\/p>\n<p>Betriebstemperatur: -60 bis +180\u00b0C<\/p>\n<p>Geflecht aus Edelstahl AISI 304 Empfohlener<\/p>\n<p>Anschluss: geriffeltes Ende mit Niederdruck-Crimph\u00fclse<\/p>\n<table width=\"656\">\n<tbody>\n<tr>\n<td width=\"127\">Innendurchmesser<\/td>\n<td width=\"108\">Aussendurchmesser<\/td>\n<td width=\"107\">Biegeradius*<\/td>\n<td width=\"98\">Betriebsdruck*<\/td>\n<td width=\"104\">Berstdruck*<\/td>\n<td width=\"112\">Nominelle lineare Masse<\/td>\n<\/tr>\n<tr>\n<td>mm<\/td>\n<td>mm<\/td>\n<td>mm<\/td>\n<td>Bar<\/td>\n<td>Bar<\/td>\n<td>g\/m<\/td>\n<\/tr>\n<tr>\n<td>4<\/td>\n<td>8<\/td>\n<td>30<\/td>\n<td>42<\/td>\n<td>120<\/td>\n<td>65<\/td>\n<\/tr>\n<tr>\n<td>6<\/td>\n<td>10.5<\/td>\n<td>40<\/td>\n<td>37<\/td>\n<td>110<\/td>\n<td>100<\/td>\n<\/tr>\n<tr>\n<td>8<\/td>\n<td>12.8<\/td>\n<td>55<\/td>\n<td>37<\/td>\n<td>110<\/td>\n<td>135<\/td>\n<\/tr>\n<tr>\n<td>10<\/td>\n<td>14.8<\/td>\n<td>75<\/td>\n<td>35<\/td>\n<td>105<\/td>\n<td>170<\/td>\n<\/tr>\n<tr>\n<td>12<\/td>\n<td>17.8<\/td>\n<td>85<\/td>\n<td>27<\/td>\n<td>80<\/td>\n<td>220<\/td>\n<\/tr>\n<tr>\n<td>15<\/td>\n<td>21.8<\/td>\n<td>145<\/td>\n<td>26<\/td>\n<td>75<\/td>\n<td>340<\/td>\n<\/tr>\n<tr>\n<td>20<\/td>\n<td>28<\/td>\n<td>220<\/td>\n<td>22<\/td>\n<td>65<\/td>\n<td>420<\/td>\n<\/tr>\n<tr>\n<td>25<\/td>\n<td>33<\/td>\n<td>320<\/td>\n<td>17<\/td>\n<td>50<\/td>\n<td>640<\/td>\n<\/tr>\n<\/tbody>\n<\/table>\n<p>nur zur Information (bei 23\u00b0C)<\/p>\n","protected":false},"excerpt":{"rendered":"<p>Silikonschlauch mit geflochtener Edelstahleinlage. Gute Best\u00e4ndigkeit gegen hohe Dr\u00fccke und Temperaturen. In verschiedene Durchmesser erh\u00e4ltlich.<\/p>\n","protected":false},"featured_media":27647,"template":"","meta":{"_crdt_document":""},"product_brand":[],"product_cat":[285,279],"product_tag":[],"class_list":{"0":"post-7945","1":"product","2":"type-product","3":"status-publish","4":"has-post-thumbnail","6":"product_cat-schlauch","7":"product_cat-verbrauchsmaterial","9":"first","10":"instock","11":"taxable","12":"shipping-taxable","13":"product-type-simple"},"yoast_head":"<!-- This site is optimized with the Yoast SEO plugin v27.4 - https:\/\/yoast.com\/product\/yoast-seo-wordpress\/ -->\n<title>Lebensmittelechter Edelstahl-Silikonschlauch SILITUBE\u00ae SITIA - Sysmatec<\/title>\n<meta name=\"description\" content=\"Silikonschlauch mit geflochtener Edelstahleinlage. Gute Best\u00e4ndigkeit gegen hohe Dr\u00fccke und Temperaturen.\" \/>\n<meta name=\"robots\" content=\"index, follow, max-snippet:-1, max-image-preview:large, max-video-preview:-1\" \/>\n<link rel=\"canonical\" href=\"https:\/\/sysmatec.ch\/de\/produit\/lebensmittelechter-edelstahl-silikonschlauch-silitube-sitia\/\" \/>\n<meta property=\"og:locale\" content=\"de_DE\" \/>\n<meta property=\"og:type\" content=\"article\" \/>\n<meta property=\"og:title\" content=\"Lebensmittelechter Edelstahl-Silikonschlauch SILITUBE\u00ae SITIA - Sysmatec\" \/>\n<meta property=\"og:description\" content=\"Silikonschlauch mit geflochtener Edelstahleinlage. Gute Best\u00e4ndigkeit gegen hohe Dr\u00fccke und Temperaturen.\" \/>\n<meta property=\"og:url\" content=\"https:\/\/sysmatec.ch\/de\/produit\/lebensmittelechter-edelstahl-silikonschlauch-silitube-sitia\/\" \/>\n<meta property=\"og:site_name\" content=\"Sysmatec\" \/>\n<meta property=\"article:modified_time\" content=\"2022-09-07T07:23:30+00:00\" \/>\n<meta property=\"og:image\" content=\"https:\/\/sysmatec.ch\/wp-content\/uploads\/2019\/06\/TuyauSilicone_SilitubeSitia.jpg\" \/>\n\t<meta property=\"og:image:width\" content=\"262\" \/>\n\t<meta property=\"og:image:height\" content=\"262\" \/>\n\t<meta property=\"og:image:type\" content=\"image\/jpeg\" \/>\n<meta name=\"twitter:card\" content=\"summary_large_image\" \/>\n<meta name=\"twitter:label1\" content=\"Gesch\u00e4tzte Lesezeit\" \/>\n\t<meta name=\"twitter:data1\" content=\"1\u00a0Minute\" \/>\n<script type=\"application\/ld+json\" class=\"yoast-schema-graph\">{\"@context\":\"https:\\\/\\\/schema.org\",\"@graph\":[{\"@type\":\"WebPage\",\"@id\":\"https:\\\/\\\/sysmatec.ch\\\/de\\\/produit\\\/lebensmittelechter-edelstahl-silikonschlauch-silitube-sitia\\\/\",\"url\":\"https:\\\/\\\/sysmatec.ch\\\/de\\\/produit\\\/lebensmittelechter-edelstahl-silikonschlauch-silitube-sitia\\\/\",\"name\":\"Lebensmittelechter Edelstahl-Silikonschlauch SILITUBE\u00ae SITIA - Sysmatec\",\"isPartOf\":{\"@id\":\"https:\\\/\\\/sysmatec.ch\\\/de\\\/#website\"},\"primaryImageOfPage\":{\"@id\":\"https:\\\/\\\/sysmatec.ch\\\/de\\\/produit\\\/lebensmittelechter-edelstahl-silikonschlauch-silitube-sitia\\\/#primaryimage\"},\"image\":{\"@id\":\"https:\\\/\\\/sysmatec.ch\\\/de\\\/produit\\\/lebensmittelechter-edelstahl-silikonschlauch-silitube-sitia\\\/#primaryimage\"},\"thumbnailUrl\":\"https:\\\/\\\/sysmatec.ch\\\/wp-content\\\/uploads\\\/2019\\\/06\\\/TuyauSilicone_SilitubeSitia.jpg\",\"datePublished\":\"2019-06-28T07:55:50+00:00\",\"dateModified\":\"2022-09-07T07:23:30+00:00\",\"description\":\"Silikonschlauch mit geflochtener Edelstahleinlage. Gute Best\u00e4ndigkeit gegen hohe Dr\u00fccke und Temperaturen.\",\"breadcrumb\":{\"@id\":\"https:\\\/\\\/sysmatec.ch\\\/de\\\/produit\\\/lebensmittelechter-edelstahl-silikonschlauch-silitube-sitia\\\/#breadcrumb\"},\"inLanguage\":\"de\",\"potentialAction\":[{\"@type\":\"ReadAction\",\"target\":[\"https:\\\/\\\/sysmatec.ch\\\/de\\\/produit\\\/lebensmittelechter-edelstahl-silikonschlauch-silitube-sitia\\\/\"]}]},{\"@type\":\"ImageObject\",\"inLanguage\":\"de\",\"@id\":\"https:\\\/\\\/sysmatec.ch\\\/de\\\/produit\\\/lebensmittelechter-edelstahl-silikonschlauch-silitube-sitia\\\/#primaryimage\",\"url\":\"https:\\\/\\\/sysmatec.ch\\\/wp-content\\\/uploads\\\/2019\\\/06\\\/TuyauSilicone_SilitubeSitia.jpg\",\"contentUrl\":\"https:\\\/\\\/sysmatec.ch\\\/wp-content\\\/uploads\\\/2019\\\/06\\\/TuyauSilicone_SilitubeSitia.jpg\",\"width\":262,\"height\":262},{\"@type\":\"BreadcrumbList\",\"@id\":\"https:\\\/\\\/sysmatec.ch\\\/de\\\/produit\\\/lebensmittelechter-edelstahl-silikonschlauch-silitube-sitia\\\/#breadcrumb\",\"itemListElement\":[{\"@type\":\"ListItem\",\"position\":1,\"name\":\"Accueil\",\"item\":\"https:\\\/\\\/sysmatec.ch\\\/de\\\/\"},{\"@type\":\"ListItem\",\"position\":2,\"name\":\"Die Aktivit\u00e4t von Sysmatec\",\"item\":\"https:\\\/\\\/sysmatec.ch\\\/de\\\/\"},{\"@type\":\"ListItem\",\"position\":3,\"name\":\"Lebensmittelechter Edelstahl-Silikonschlauch SILITUBE\u00ae SITIA\"}]},{\"@type\":\"WebSite\",\"@id\":\"https:\\\/\\\/sysmatec.ch\\\/de\\\/#website\",\"url\":\"https:\\\/\\\/sysmatec.ch\\\/de\\\/\",\"name\":\"Sysmatec\",\"description\":\"Equipement de laboratoire et logiciels\",\"publisher\":{\"@id\":\"https:\\\/\\\/sysmatec.ch\\\/de\\\/#organization\"},\"potentialAction\":[{\"@type\":\"SearchAction\",\"target\":{\"@type\":\"EntryPoint\",\"urlTemplate\":\"https:\\\/\\\/sysmatec.ch\\\/de\\\/?s={search_term_string}\"},\"query-input\":{\"@type\":\"PropertyValueSpecification\",\"valueRequired\":true,\"valueName\":\"search_term_string\"}}],\"inLanguage\":\"de\"},{\"@type\":\"Organization\",\"@id\":\"https:\\\/\\\/sysmatec.ch\\\/de\\\/#organization\",\"name\":\"Sysmatec\",\"url\":\"https:\\\/\\\/sysmatec.ch\\\/de\\\/\",\"logo\":{\"@type\":\"ImageObject\",\"inLanguage\":\"de\",\"@id\":\"https:\\\/\\\/sysmatec.ch\\\/de\\\/#\\\/schema\\\/logo\\\/image\\\/\",\"url\":\"https:\\\/\\\/sysmatec.ch\\\/wp-content\\\/uploads\\\/2018\\\/11\\\/LogoSysmatec.jpg\",\"contentUrl\":\"https:\\\/\\\/sysmatec.ch\\\/wp-content\\\/uploads\\\/2018\\\/11\\\/LogoSysmatec.jpg\",\"width\":301,\"height\":297,\"caption\":\"Sysmatec\"},\"image\":{\"@id\":\"https:\\\/\\\/sysmatec.ch\\\/de\\\/#\\\/schema\\\/logo\\\/image\\\/\"}}]}<\/script>\n<!-- \/ Yoast SEO plugin. -->","yoast_head_json":{"title":"Lebensmittelechter Edelstahl-Silikonschlauch SILITUBE\u00ae SITIA - Sysmatec","description":"Silikonschlauch mit geflochtener Edelstahleinlage. Gute Best\u00e4ndigkeit gegen hohe Dr\u00fccke und Temperaturen.","robots":{"index":"index","follow":"follow","max-snippet":"max-snippet:-1","max-image-preview":"max-image-preview:large","max-video-preview":"max-video-preview:-1"},"canonical":"https:\/\/sysmatec.ch\/de\/produit\/lebensmittelechter-edelstahl-silikonschlauch-silitube-sitia\/","og_locale":"de_DE","og_type":"article","og_title":"Lebensmittelechter Edelstahl-Silikonschlauch SILITUBE\u00ae SITIA - Sysmatec","og_description":"Silikonschlauch mit geflochtener Edelstahleinlage. Gute Best\u00e4ndigkeit gegen hohe Dr\u00fccke und Temperaturen.","og_url":"https:\/\/sysmatec.ch\/de\/produit\/lebensmittelechter-edelstahl-silikonschlauch-silitube-sitia\/","og_site_name":"Sysmatec","article_modified_time":"2022-09-07T07:23:30+00:00","og_image":[{"width":262,"height":262,"url":"https:\/\/sysmatec.ch\/wp-content\/uploads\/2019\/06\/TuyauSilicone_SilitubeSitia.jpg","type":"image\/jpeg"}],"twitter_card":"summary_large_image","twitter_misc":{"Gesch\u00e4tzte Lesezeit":"1\u00a0Minute"},"schema":{"@context":"https:\/\/schema.org","@graph":[{"@type":"WebPage","@id":"https:\/\/sysmatec.ch\/de\/produit\/lebensmittelechter-edelstahl-silikonschlauch-silitube-sitia\/","url":"https:\/\/sysmatec.ch\/de\/produit\/lebensmittelechter-edelstahl-silikonschlauch-silitube-sitia\/","name":"Lebensmittelechter Edelstahl-Silikonschlauch SILITUBE\u00ae SITIA - Sysmatec","isPartOf":{"@id":"https:\/\/sysmatec.ch\/de\/#website"},"primaryImageOfPage":{"@id":"https:\/\/sysmatec.ch\/de\/produit\/lebensmittelechter-edelstahl-silikonschlauch-silitube-sitia\/#primaryimage"},"image":{"@id":"https:\/\/sysmatec.ch\/de\/produit\/lebensmittelechter-edelstahl-silikonschlauch-silitube-sitia\/#primaryimage"},"thumbnailUrl":"https:\/\/sysmatec.ch\/wp-content\/uploads\/2019\/06\/TuyauSilicone_SilitubeSitia.jpg","datePublished":"2019-06-28T07:55:50+00:00","dateModified":"2022-09-07T07:23:30+00:00","description":"Silikonschlauch mit geflochtener Edelstahleinlage. Gute Best\u00e4ndigkeit gegen hohe Dr\u00fccke und Temperaturen.","breadcrumb":{"@id":"https:\/\/sysmatec.ch\/de\/produit\/lebensmittelechter-edelstahl-silikonschlauch-silitube-sitia\/#breadcrumb"},"inLanguage":"de","potentialAction":[{"@type":"ReadAction","target":["https:\/\/sysmatec.ch\/de\/produit\/lebensmittelechter-edelstahl-silikonschlauch-silitube-sitia\/"]}]},{"@type":"ImageObject","inLanguage":"de","@id":"https:\/\/sysmatec.ch\/de\/produit\/lebensmittelechter-edelstahl-silikonschlauch-silitube-sitia\/#primaryimage","url":"https:\/\/sysmatec.ch\/wp-content\/uploads\/2019\/06\/TuyauSilicone_SilitubeSitia.jpg","contentUrl":"https:\/\/sysmatec.ch\/wp-content\/uploads\/2019\/06\/TuyauSilicone_SilitubeSitia.jpg","width":262,"height":262},{"@type":"BreadcrumbList","@id":"https:\/\/sysmatec.ch\/de\/produit\/lebensmittelechter-edelstahl-silikonschlauch-silitube-sitia\/#breadcrumb","itemListElement":[{"@type":"ListItem","position":1,"name":"Accueil","item":"https:\/\/sysmatec.ch\/de\/"},{"@type":"ListItem","position":2,"name":"Die Aktivit\u00e4t von Sysmatec","item":"https:\/\/sysmatec.ch\/de\/"},{"@type":"ListItem","position":3,"name":"Lebensmittelechter Edelstahl-Silikonschlauch SILITUBE\u00ae SITIA"}]},{"@type":"WebSite","@id":"https:\/\/sysmatec.ch\/de\/#website","url":"https:\/\/sysmatec.ch\/de\/","name":"Sysmatec","description":"Equipement de laboratoire et logiciels","publisher":{"@id":"https:\/\/sysmatec.ch\/de\/#organization"},"potentialAction":[{"@type":"SearchAction","target":{"@type":"EntryPoint","urlTemplate":"https:\/\/sysmatec.ch\/de\/?s={search_term_string}"},"query-input":{"@type":"PropertyValueSpecification","valueRequired":true,"valueName":"search_term_string"}}],"inLanguage":"de"},{"@type":"Organization","@id":"https:\/\/sysmatec.ch\/de\/#organization","name":"Sysmatec","url":"https:\/\/sysmatec.ch\/de\/","logo":{"@type":"ImageObject","inLanguage":"de","@id":"https:\/\/sysmatec.ch\/de\/#\/schema\/logo\/image\/","url":"https:\/\/sysmatec.ch\/wp-content\/uploads\/2018\/11\/LogoSysmatec.jpg","contentUrl":"https:\/\/sysmatec.ch\/wp-content\/uploads\/2018\/11\/LogoSysmatec.jpg","width":301,"height":297,"caption":"Sysmatec"},"image":{"@id":"https:\/\/sysmatec.ch\/de\/#\/schema\/logo\/image\/"}}]}},"_links":{"self":[{"href":"https:\/\/sysmatec.ch\/de\/wp-json\/wp\/v2\/product\/7945","targetHints":{"allow":["GET"]}}],"collection":[{"href":"https:\/\/sysmatec.ch\/de\/wp-json\/wp\/v2\/product"}],"about":[{"href":"https:\/\/sysmatec.ch\/de\/wp-json\/wp\/v2\/types\/product"}],"wp:featuredmedia":[{"embeddable":true,"href":"https:\/\/sysmatec.ch\/de\/wp-json\/wp\/v2\/media\/27647"}],"wp:attachment":[{"href":"https:\/\/sysmatec.ch\/de\/wp-json\/wp\/v2\/media?parent=7945"}],"wp:term":[{"taxonomy":"product_brand","embeddable":true,"href":"https:\/\/sysmatec.ch\/de\/wp-json\/wp\/v2\/product_brand?post=7945"},{"taxonomy":"product_cat","embeddable":true,"href":"https:\/\/sysmatec.ch\/de\/wp-json\/wp\/v2\/product_cat?post=7945"},{"taxonomy":"product_tag","embeddable":true,"href":"https:\/\/sysmatec.ch\/de\/wp-json\/wp\/v2\/product_tag?post=7945"}],"curies":[{"name":"wp","href":"https:\/\/api.w.org\/{rel}","templated":true}]}}