{"id":7939,"date":"2019-06-28T09:04:20","date_gmt":"2019-06-28T07:04:20","guid":{"rendered":"https:\/\/sysmatec.ch\/produit\/dimensionnement-de-cyclones\/"},"modified":"2024-05-31T08:42:44","modified_gmt":"2024-05-31T06:42:44","slug":"osmometer-osmotouch-1","status":"publish","type":"product","link":"https:\/\/sysmatec.ch\/de\/Produkt\/osmometer-osmotouch-1\/","title":{"rendered":"Osmometer Osmotouch 1"},"content":{"rendered":"<p>Es ist ein automatisches Einzelproben-Osmometer zur schnellen Bestimmung der kryoskopischen Punktvariation (Osmolalit\u00e4t) in biologischen Fl\u00fcssigkeiten, pharmazeutischen Proben und anderen L\u00f6sungen.<\/p>\n<p>Dieses Osmometer der n\u00e4chsten Generation enth\u00e4lt viele n\u00fctzliche Funktionen, die die neueste Technologie erm\u00f6glicht: ein vollfarbiges 7-Zoll-Touchscreen-Display, Echtzeit-Visualisierung der Gefrierkurve, stabiler Speicher f\u00fcr mehr als 4.000 Ergebnisse, eine PC-Software f\u00fcr die Datenverarbeitung, ein USB-Anschluss zum Herunterladen aller Daten auf einen USB-Stick und vieles mehr. Insbesondere sind alle OsmoTouch-Modelle mit Merkmalen in \u00dcbereinstimmung mit der FDA-Norm 21 CFR Part 11 ausgestattet, wie z. B. die Einrichtung von zwei verschiedenen Passwortebenen, Ergebnisse einschlie\u00dflich Datum, Stunde und Benutzername, ohne dass diese ge\u00e4ndert werden k\u00f6nnen.<\/p>\n<p>Der OsmoTouch 1 ist kompakt und robust und kann bei Raumtemperaturen bis zu 36 \u00b0C betrieben werden. Es eignet sich perfekt f\u00fcr pharmazeutische \/ kosmetische \/ hom\u00f6opathische Anwendungen und f\u00fcr den Einsatz in Krankenh\u00e4usern und Forschungs- und Entwicklungslabors. Hervorragend geeignet f\u00fcr die Analyse halbviskoser Proben.<\/p>\n<h2>Osmometer Vorteile<\/h2>\n<ul>\n<li>Echtzeitdiagramm der Probentemperatur w\u00e4hrend jeder Analyse<br \/>\n<img loading=\"lazy\" decoding=\"async\" title=\"Real-time graph of sample freezing point - OsmoTouch Osmometers\" src=\"https:\/\/www.astorilab.com\/images\/stories\/OsmoTouch_Graph_low.JPG\" alt=\"Real-time graph of sample freezing point - OsmoTouch Osmometers\" width=\"351\" height=\"209\" \/><\/li>\n<li><span class=\"JLqJ4b ChMk0b\" data-language-for-alternatives=\"de\" data-language-to-translate-into=\"en\" data-phrase-index=\"0\" data-number-of-phrases=\"17\"><span class=\"Q4iAWc\">Jeder Probe kann einfach ein alphanumerischer ID-Code hinzugef\u00fcgt werden<\/span><\/span><\/li>\n<li><span class=\"JLqJ4b ChMk0b\" data-language-for-alternatives=\"de\" data-language-to-translate-into=\"en\" data-phrase-index=\"2\" data-number-of-phrases=\"17\"><span class=\"Q4iAWc\">Optionales Barcode-Leseger\u00e4t f\u00fcr eine schnelle Probenidentifikation (bei der Bestellung muss ein zus\u00e4tzlicher RS232-Anschluss angefordert werden)<\/span><\/span><\/li>\n<li><span class=\"JLqJ4b ChMk0b\" data-language-for-alternatives=\"de\" data-language-to-translate-into=\"en\" data-phrase-index=\"4\" data-number-of-phrases=\"17\"><span class=\"Q4iAWc\">In verschiedenen Farben dargestellte Ergebnisse zur schnellen Identifizierung von Anomalien oder kritischen Werten<\/span><\/span><\/li>\n<li><span class=\"JLqJ4b ChMk0b\" data-language-for-alternatives=\"de\" data-language-to-translate-into=\"en\" data-phrase-index=\"6\" data-number-of-phrases=\"17\"><span class=\"Q4iAWc\">Funktionen in \u00dcbereinstimmung mit der FDA-Norm 21 CFR Part 11: Einrichtung von zwei verschiedenen Passwortebenen (Administrator und Benutzer), Ergebnisse mit Datum, Stunde und Benutzername (elektronische Signatur) und nicht \u00e4nderbare Ergebnisse, um Betrug zu vermeiden<\/span><\/span><\/li>\n<li><span class=\"JLqJ4b ChMk0b\" data-language-for-alternatives=\"de\" data-language-to-translate-into=\"en\" data-phrase-index=\"8\" data-number-of-phrases=\"17\"><span class=\"Q4iAWc\">Stabiler Speicher f\u00fcr 3 verschiedene Kalibrierungskurven basierend auf den bevorzugten Analysebereichen<\/span><\/span><\/li>\n<li><span class=\"JLqJ4b ChMk0b\" data-language-for-alternatives=\"de\" data-language-to-translate-into=\"en\" data-phrase-index=\"10\" data-number-of-phrases=\"17\"><span class=\"Q4iAWc\">Stabiler Speicher f\u00fcr bis zu 4 000 Ergebnisse<\/span><\/span><\/li>\n<li><span class=\"JLqJ4b ChMk0b\" data-language-for-alternatives=\"de\" data-language-to-translate-into=\"en\" data-phrase-index=\"12\" data-number-of-phrases=\"17\"><span class=\"Q4iAWc\">Einfaches Herunterladen der Testergebnisse auf einen USB-Stick<\/span><\/span> <span class=\"JLqJ4b ChMk0b\" data-language-for-alternatives=\"de\" data-language-to-translate-into=\"en\" data-phrase-index=\"14\" data-number-of-phrases=\"17\"><span class=\"Q4iAWc\">PC-\u00dcberwachung in Echtzeit oder schnelles Herunterladen von Testergebnissen auf einen PC dank der CryoSoft Touch-Datenverarbeitungssoftware<\/span><\/span><\/li>\n<li><span class=\"JLqJ4b ChMk0b\" data-language-for-alternatives=\"de\" data-language-to-translate-into=\"en\" data-phrase-index=\"16\" data-number-of-phrases=\"17\"><span class=\"Q4iAWc\">Sofortige Visualisierung von Fehlermeldungen<\/span><\/span><\/li>\n<\/ul>\n<h2><span class=\"JLqJ4b ChMk0b\" data-language-for-alternatives=\"de\" data-language-to-translate-into=\"en\" data-phrase-index=\"0\" data-number-of-phrases=\"38\"><span class=\"Q4iAWc\">Osmometers <\/span><\/span><span class=\"JLqJ4b ChMk0b\" data-language-for-alternatives=\"de\" data-language-to-translate-into=\"en\" data-phrase-index=\"0\" data-number-of-phrases=\"38\"><span class=\"Q4iAWc\">Eigenschaften<\/span><\/span><\/h2>\n<ul>\n<li><span class=\"JLqJ4b ChMk0b\" data-language-for-alternatives=\"de\" data-language-to-translate-into=\"en\" data-phrase-index=\"2\" data-number-of-phrases=\"38\"><span class=\"Q4iAWc\">Probenkapazit\u00e4t: einzelne Probe<\/span><\/span><\/li>\n<li><span class=\"JLqJ4b ChMk0b\" data-language-for-alternatives=\"de\" data-language-to-translate-into=\"en\" data-phrase-index=\"4\" data-number-of-phrases=\"38\"><span class=\"Q4iAWc\">Vollfarbiges 7-Zoll-Touchscreen-Display<\/span><\/span><\/li>\n<li><span class=\"JLqJ4b ChMk0b\" data-language-for-alternatives=\"de\" data-language-to-translate-into=\"en\" data-phrase-index=\"6\" data-number-of-phrases=\"38\"><span class=\"Q4iAWc\">Bad mit softwaregesteuerten Peltierzellen (mit K\u00fchlfl\u00fcssigkeit)<\/span><\/span><\/li>\n<li><span class=\"JLqJ4b ChMk0b\" data-language-for-alternatives=\"de\" data-language-to-translate-into=\"en\" data-phrase-index=\"8\" data-number-of-phrases=\"38\"><span class=\"Q4iAWc\">Betriebsumgebungstemperatur: +5 \u00b0C bis 36 \u00b0C<\/span><\/span><\/li>\n<li><span class=\"JLqJ4b ChMk0b\" data-language-for-alternatives=\"de\" data-language-to-translate-into=\"en\" data-phrase-index=\"10\" data-number-of-phrases=\"38\"><span class=\"Q4iAWc\">Automatische Kalibrierung<\/span><\/span><\/li>\n<li><span class=\"JLqJ4b ChMk0b\" data-language-for-alternatives=\"de\" data-language-to-translate-into=\"en\" data-phrase-index=\"12\" data-number-of-phrases=\"38\"><span class=\"Q4iAWc\">Softwaregesteuerte Schlag- und R\u00fchrbreite<\/span><\/span><\/li>\n<li><span class=\"JLqJ4b ChMk0b\" data-language-for-alternatives=\"de\" data-language-to-translate-into=\"en\" data-phrase-index=\"14\" data-number-of-phrases=\"38\"><span class=\"Q4iAWc\">Probenvolumen: von 50 bis 200 \u03bcl<\/span><\/span><\/li>\n<li><span class=\"JLqJ4b ChMk0b\" data-language-for-alternatives=\"de\" data-language-to-translate-into=\"en\" data-phrase-index=\"16\" data-number-of-phrases=\"38\"><span class=\"Q4iAWc\">Testdauer: ca. 2-3 Minuten\/Probe (von 0 bis 900 mOsm\/Kg)<\/span><\/span><\/li>\n<li><span class=\"JLqJ4b ChMk0b\" data-language-for-alternatives=\"de\" data-language-to-translate-into=\"en\" data-phrase-index=\"18\" data-number-of-phrases=\"38\"><span class=\"Q4iAWc\">Aufw\u00e4rmzeit des Ger\u00e4tes: ca. 5 Minuten<\/span><\/span><\/li>\n<li><span class=\"JLqJ4b ChMk0b\" data-language-for-alternatives=\"de\" data-language-to-translate-into=\"en\" data-phrase-index=\"20\" data-number-of-phrases=\"38\"><span class=\"Q4iAWc\">Analysebereich: von 0 bis 3.000 mOsm\/kg<\/span><\/span><\/li>\n<li><span class=\"JLqJ4b ChMk0b\" data-language-for-alternatives=\"de\" data-language-to-translate-into=\"en\" data-phrase-index=\"22\" data-number-of-phrases=\"38\"><span class=\"Q4iAWc\">Aufl\u00f6sung: 1 mOsm\/kg<\/span><\/span><\/li>\n<li><span class=\"JLqJ4b ChMk0b\" data-language-for-alternatives=\"de\" data-language-to-translate-into=\"en\" data-phrase-index=\"24\" data-number-of-phrases=\"38\"><span class=\"Q4iAWc\">Wiederholbarkeit und Reproduzierbarkeit: \u00b12.5 mOsm\/Kg (von 0 bis 600 mOsm\/Kg) oder \u00b10.5 % des Werts (von 600 bis 3.000 mOsm\/Kg)<\/span><\/span><\/li>\n<li><span class=\"JLqJ4b ChMk0b\" data-language-for-alternatives=\"de\" data-language-to-translate-into=\"en\" data-phrase-index=\"26\" data-number-of-phrases=\"38\"><span class=\"Q4iAWc\">USB-Anschluss zum Herunterladen von Daten auf einen USB-Stick,<\/span><\/span> <span class=\"JLqJ4b ChMk0b\" data-language-for-alternatives=\"de\" data-language-to-translate-into=\"en\" data-phrase-index=\"28\" data-number-of-phrases=\"38\"><span class=\"Q4iAWc\">2 x RS232-Ports zum Anschluss eines optionalen Thermodruckers und eines PCs<\/span><\/span><\/li>\n<li><span class=\"JLqJ4b ChMk0b\" data-language-for-alternatives=\"de\" data-language-to-translate-into=\"en\" data-phrase-index=\"30\" data-number-of-phrases=\"38\"><span class=\"Q4iAWc\">Auf Anfrage kann ein zus\u00e4tzlicher RS232-Anschluss f\u00fcr den Anschluss eines optionalen Barcode-Leseger\u00e4ts hinzugef\u00fcgt werden<\/span><\/span><\/li>\n<li>Audit-Trail-Funktion<\/li>\n<li>Benutzerpassw\u00f6rter werden durch \u201e*****\u201c unkenntlich gemacht<\/li>\n<li>Die alphanumerischen Codes zur Probenidentifizierung k\u00f6nnen bis zu 20 Ziffern lang sein<\/li>\n<li>Ein zweiter USB-Anschluss erm\u00f6glicht dem Benutzer den Anschluss eines optionalen Barcode-\/QR-Code-Leseger\u00e4ts zur schnellen Identifizierung von Proben<\/li>\n<li>Einfache Aktualisierung der Firmware mittels USB-Stick<\/li>\n<li>M\u00f6glichkeit, einen optionalen Normalpapierdrucker anstelle eines Thermodruckers zu verwenden<\/li>\n<li><span class=\"JLqJ4b ChMk0b\" data-language-for-alternatives=\"de\" data-language-to-translate-into=\"en\" data-phrase-index=\"32\" data-number-of-phrases=\"38\"><span class=\"Q4iAWc\">Leistungsaufnahme: max.<\/span><\/span> <span class=\"JLqJ4b ChMk0b\" data-language-for-alternatives=\"de\" data-language-to-translate-into=\"en\" data-phrase-index=\"33\" data-number-of-phrases=\"38\"><span class=\"Q4iAWc\">150 W<\/span><\/span><\/li>\n<li><span class=\"JLqJ4b ChMk0b\" data-language-for-alternatives=\"de\" data-language-to-translate-into=\"en\" data-phrase-index=\"35\" data-number-of-phrases=\"38\"><span class=\"Q4iAWc\">Abmessungen: 285 x 485 x 360 mm (B x T x H, Kopf nach unten)<\/span><\/span><\/li>\n<li><span class=\"JLqJ4b ChMk0b\" data-language-for-alternatives=\"de\" data-language-to-translate-into=\"en\" data-phrase-index=\"37\" data-number-of-phrases=\"38\"><span class=\"Q4iAWc\">Nettogewicht: 16,1 kg<\/span><\/span><\/li>\n<\/ul>\n","protected":false},"excerpt":{"rendered":"<p>Automatisches Einzelproben-Osmometer zur schnellen Bestimmung des osmotischen Drucks\u00a0in biologischen Fl\u00fcssigkeiten, pharmazeutischen Proben und anderen L\u00f6sungen.<\/p>\n","protected":false},"featured_media":27638,"template":"","meta":{"_crdt_document":""},"product_brand":[],"product_cat":[188,251],"product_tag":[],"class_list":{"0":"post-7939","1":"product","2":"type-product","3":"status-publish","4":"has-post-thumbnail","6":"product_cat-analyse-de","7":"product_cat-osmometer-de","9":"first","10":"instock","11":"taxable","12":"shipping-taxable","13":"product-type-simple"},"yoast_head":"<!-- This site is optimized with the Yoast SEO plugin v27.3 - https:\/\/yoast.com\/product\/yoast-seo-wordpress\/ -->\n<title>Osmometer Osmotouch 1 - Sysmatec<\/title>\n<meta name=\"description\" content=\"Automatisches Osmometer zur schnellen Bestimmung des osmotischen Drucks in biologischen Fl\u00fcssigkeiten, pharmazeutischen Proben und anderen L\u00f6sungen.\" \/>\n<meta name=\"robots\" content=\"index, follow, max-snippet:-1, max-image-preview:large, max-video-preview:-1\" \/>\n<link rel=\"canonical\" href=\"https:\/\/sysmatec.ch\/de\/Produkt\/osmometer-osmotouch-1\/\" \/>\n<meta property=\"og:locale\" content=\"de_DE\" \/>\n<meta property=\"og:type\" content=\"article\" \/>\n<meta property=\"og:title\" content=\"Osmometer Osmotouch 1 - Sysmatec\" \/>\n<meta property=\"og:description\" content=\"Automatisches Osmometer zur schnellen Bestimmung des osmotischen Drucks in biologischen Fl\u00fcssigkeiten, pharmazeutischen Proben und anderen L\u00f6sungen.\" \/>\n<meta property=\"og:url\" content=\"https:\/\/sysmatec.ch\/de\/Produkt\/osmometer-osmotouch-1\/\" \/>\n<meta property=\"og:site_name\" content=\"Sysmatec\" \/>\n<meta property=\"article:modified_time\" content=\"2024-05-31T06:42:44+00:00\" \/>\n<meta property=\"og:image\" content=\"https:\/\/sysmatec.ch\/wp-content\/uploads\/2019\/06\/Osmometre_Osmotouch1.jpg\" \/>\n\t<meta property=\"og:image:width\" content=\"607\" \/>\n\t<meta property=\"og:image:height\" content=\"650\" \/>\n\t<meta property=\"og:image:type\" content=\"image\/jpeg\" \/>\n<meta name=\"twitter:card\" content=\"summary_large_image\" \/>\n<meta name=\"twitter:label1\" content=\"Gesch\u00e4tzte Lesezeit\" \/>\n\t<meta name=\"twitter:data1\" content=\"3\u00a0Minuten\" \/>\n<script type=\"application\/ld+json\" class=\"yoast-schema-graph\">{\"@context\":\"https:\\\/\\\/schema.org\",\"@graph\":[{\"@type\":\"WebPage\",\"@id\":\"https:\\\/\\\/sysmatec.ch\\\/de\\\/Produkt\\\/osmometer-osmotouch-1\\\/\",\"url\":\"https:\\\/\\\/sysmatec.ch\\\/de\\\/Produkt\\\/osmometer-osmotouch-1\\\/\",\"name\":\"Osmometer Osmotouch 1 - Sysmatec\",\"isPartOf\":{\"@id\":\"https:\\\/\\\/sysmatec.ch\\\/de\\\/#website\"},\"primaryImageOfPage\":{\"@id\":\"https:\\\/\\\/sysmatec.ch\\\/de\\\/Produkt\\\/osmometer-osmotouch-1\\\/#primaryimage\"},\"image\":{\"@id\":\"https:\\\/\\\/sysmatec.ch\\\/de\\\/Produkt\\\/osmometer-osmotouch-1\\\/#primaryimage\"},\"thumbnailUrl\":\"https:\\\/\\\/sysmatec.ch\\\/wp-content\\\/uploads\\\/2019\\\/06\\\/Osmometre_Osmotouch1.jpg\",\"datePublished\":\"2019-06-28T07:04:20+00:00\",\"dateModified\":\"2024-05-31T06:42:44+00:00\",\"description\":\"Automatisches Osmometer zur schnellen Bestimmung des osmotischen Drucks in biologischen Fl\u00fcssigkeiten, pharmazeutischen Proben und anderen L\u00f6sungen.\",\"breadcrumb\":{\"@id\":\"https:\\\/\\\/sysmatec.ch\\\/de\\\/Produkt\\\/osmometer-osmotouch-1\\\/#breadcrumb\"},\"inLanguage\":\"de\",\"potentialAction\":[{\"@type\":\"ReadAction\",\"target\":[\"https:\\\/\\\/sysmatec.ch\\\/de\\\/Produkt\\\/osmometer-osmotouch-1\\\/\"]}]},{\"@type\":\"ImageObject\",\"inLanguage\":\"de\",\"@id\":\"https:\\\/\\\/sysmatec.ch\\\/de\\\/Produkt\\\/osmometer-osmotouch-1\\\/#primaryimage\",\"url\":\"https:\\\/\\\/sysmatec.ch\\\/wp-content\\\/uploads\\\/2019\\\/06\\\/Osmometre_Osmotouch1.jpg\",\"contentUrl\":\"https:\\\/\\\/sysmatec.ch\\\/wp-content\\\/uploads\\\/2019\\\/06\\\/Osmometre_Osmotouch1.jpg\",\"width\":607,\"height\":650},{\"@type\":\"BreadcrumbList\",\"@id\":\"https:\\\/\\\/sysmatec.ch\\\/de\\\/Produkt\\\/osmometer-osmotouch-1\\\/#breadcrumb\",\"itemListElement\":[{\"@type\":\"ListItem\",\"position\":1,\"name\":\"Accueil\",\"item\":\"https:\\\/\\\/sysmatec.ch\\\/de\\\/\"},{\"@type\":\"ListItem\",\"position\":2,\"name\":\"Die Aktivit\u00e4t von Sysmatec\",\"item\":\"https:\\\/\\\/sysmatec.ch\\\/de\\\/\"},{\"@type\":\"ListItem\",\"position\":3,\"name\":\"Osmometer Osmotouch 1\"}]},{\"@type\":\"WebSite\",\"@id\":\"https:\\\/\\\/sysmatec.ch\\\/de\\\/#website\",\"url\":\"https:\\\/\\\/sysmatec.ch\\\/de\\\/\",\"name\":\"Sysmatec\",\"description\":\"Equipement de laboratoire et logiciels\",\"publisher\":{\"@id\":\"https:\\\/\\\/sysmatec.ch\\\/de\\\/#organization\"},\"potentialAction\":[{\"@type\":\"SearchAction\",\"target\":{\"@type\":\"EntryPoint\",\"urlTemplate\":\"https:\\\/\\\/sysmatec.ch\\\/de\\\/?s={search_term_string}\"},\"query-input\":{\"@type\":\"PropertyValueSpecification\",\"valueRequired\":true,\"valueName\":\"search_term_string\"}}],\"inLanguage\":\"de\"},{\"@type\":\"Organization\",\"@id\":\"https:\\\/\\\/sysmatec.ch\\\/de\\\/#organization\",\"name\":\"Sysmatec\",\"url\":\"https:\\\/\\\/sysmatec.ch\\\/de\\\/\",\"logo\":{\"@type\":\"ImageObject\",\"inLanguage\":\"de\",\"@id\":\"https:\\\/\\\/sysmatec.ch\\\/de\\\/#\\\/schema\\\/logo\\\/image\\\/\",\"url\":\"https:\\\/\\\/sysmatec.ch\\\/wp-content\\\/uploads\\\/2018\\\/11\\\/LogoSysmatec.jpg\",\"contentUrl\":\"https:\\\/\\\/sysmatec.ch\\\/wp-content\\\/uploads\\\/2018\\\/11\\\/LogoSysmatec.jpg\",\"width\":301,\"height\":297,\"caption\":\"Sysmatec\"},\"image\":{\"@id\":\"https:\\\/\\\/sysmatec.ch\\\/de\\\/#\\\/schema\\\/logo\\\/image\\\/\"}}]}<\/script>\n<!-- \/ Yoast SEO plugin. -->","yoast_head_json":{"title":"Osmometer Osmotouch 1 - Sysmatec","description":"Automatisches Osmometer zur schnellen Bestimmung des osmotischen Drucks in biologischen Fl\u00fcssigkeiten, pharmazeutischen Proben und anderen L\u00f6sungen.","robots":{"index":"index","follow":"follow","max-snippet":"max-snippet:-1","max-image-preview":"max-image-preview:large","max-video-preview":"max-video-preview:-1"},"canonical":"https:\/\/sysmatec.ch\/de\/Produkt\/osmometer-osmotouch-1\/","og_locale":"de_DE","og_type":"article","og_title":"Osmometer Osmotouch 1 - Sysmatec","og_description":"Automatisches Osmometer zur schnellen Bestimmung des osmotischen Drucks in biologischen Fl\u00fcssigkeiten, pharmazeutischen Proben und anderen L\u00f6sungen.","og_url":"https:\/\/sysmatec.ch\/de\/Produkt\/osmometer-osmotouch-1\/","og_site_name":"Sysmatec","article_modified_time":"2024-05-31T06:42:44+00:00","og_image":[{"width":607,"height":650,"url":"https:\/\/sysmatec.ch\/wp-content\/uploads\/2019\/06\/Osmometre_Osmotouch1.jpg","type":"image\/jpeg"}],"twitter_card":"summary_large_image","twitter_misc":{"Gesch\u00e4tzte Lesezeit":"3\u00a0Minuten"},"schema":{"@context":"https:\/\/schema.org","@graph":[{"@type":"WebPage","@id":"https:\/\/sysmatec.ch\/de\/Produkt\/osmometer-osmotouch-1\/","url":"https:\/\/sysmatec.ch\/de\/Produkt\/osmometer-osmotouch-1\/","name":"Osmometer Osmotouch 1 - Sysmatec","isPartOf":{"@id":"https:\/\/sysmatec.ch\/de\/#website"},"primaryImageOfPage":{"@id":"https:\/\/sysmatec.ch\/de\/Produkt\/osmometer-osmotouch-1\/#primaryimage"},"image":{"@id":"https:\/\/sysmatec.ch\/de\/Produkt\/osmometer-osmotouch-1\/#primaryimage"},"thumbnailUrl":"https:\/\/sysmatec.ch\/wp-content\/uploads\/2019\/06\/Osmometre_Osmotouch1.jpg","datePublished":"2019-06-28T07:04:20+00:00","dateModified":"2024-05-31T06:42:44+00:00","description":"Automatisches Osmometer zur schnellen Bestimmung des osmotischen Drucks in biologischen Fl\u00fcssigkeiten, pharmazeutischen Proben und anderen L\u00f6sungen.","breadcrumb":{"@id":"https:\/\/sysmatec.ch\/de\/Produkt\/osmometer-osmotouch-1\/#breadcrumb"},"inLanguage":"de","potentialAction":[{"@type":"ReadAction","target":["https:\/\/sysmatec.ch\/de\/Produkt\/osmometer-osmotouch-1\/"]}]},{"@type":"ImageObject","inLanguage":"de","@id":"https:\/\/sysmatec.ch\/de\/Produkt\/osmometer-osmotouch-1\/#primaryimage","url":"https:\/\/sysmatec.ch\/wp-content\/uploads\/2019\/06\/Osmometre_Osmotouch1.jpg","contentUrl":"https:\/\/sysmatec.ch\/wp-content\/uploads\/2019\/06\/Osmometre_Osmotouch1.jpg","width":607,"height":650},{"@type":"BreadcrumbList","@id":"https:\/\/sysmatec.ch\/de\/Produkt\/osmometer-osmotouch-1\/#breadcrumb","itemListElement":[{"@type":"ListItem","position":1,"name":"Accueil","item":"https:\/\/sysmatec.ch\/de\/"},{"@type":"ListItem","position":2,"name":"Die Aktivit\u00e4t von Sysmatec","item":"https:\/\/sysmatec.ch\/de\/"},{"@type":"ListItem","position":3,"name":"Osmometer Osmotouch 1"}]},{"@type":"WebSite","@id":"https:\/\/sysmatec.ch\/de\/#website","url":"https:\/\/sysmatec.ch\/de\/","name":"Sysmatec","description":"Equipement de laboratoire et logiciels","publisher":{"@id":"https:\/\/sysmatec.ch\/de\/#organization"},"potentialAction":[{"@type":"SearchAction","target":{"@type":"EntryPoint","urlTemplate":"https:\/\/sysmatec.ch\/de\/?s={search_term_string}"},"query-input":{"@type":"PropertyValueSpecification","valueRequired":true,"valueName":"search_term_string"}}],"inLanguage":"de"},{"@type":"Organization","@id":"https:\/\/sysmatec.ch\/de\/#organization","name":"Sysmatec","url":"https:\/\/sysmatec.ch\/de\/","logo":{"@type":"ImageObject","inLanguage":"de","@id":"https:\/\/sysmatec.ch\/de\/#\/schema\/logo\/image\/","url":"https:\/\/sysmatec.ch\/wp-content\/uploads\/2018\/11\/LogoSysmatec.jpg","contentUrl":"https:\/\/sysmatec.ch\/wp-content\/uploads\/2018\/11\/LogoSysmatec.jpg","width":301,"height":297,"caption":"Sysmatec"},"image":{"@id":"https:\/\/sysmatec.ch\/de\/#\/schema\/logo\/image\/"}}]}},"_links":{"self":[{"href":"https:\/\/sysmatec.ch\/de\/wp-json\/wp\/v2\/product\/7939","targetHints":{"allow":["GET"]}}],"collection":[{"href":"https:\/\/sysmatec.ch\/de\/wp-json\/wp\/v2\/product"}],"about":[{"href":"https:\/\/sysmatec.ch\/de\/wp-json\/wp\/v2\/types\/product"}],"wp:featuredmedia":[{"embeddable":true,"href":"https:\/\/sysmatec.ch\/de\/wp-json\/wp\/v2\/media\/27638"}],"wp:attachment":[{"href":"https:\/\/sysmatec.ch\/de\/wp-json\/wp\/v2\/media?parent=7939"}],"wp:term":[{"taxonomy":"product_brand","embeddable":true,"href":"https:\/\/sysmatec.ch\/de\/wp-json\/wp\/v2\/product_brand?post=7939"},{"taxonomy":"product_cat","embeddable":true,"href":"https:\/\/sysmatec.ch\/de\/wp-json\/wp\/v2\/product_cat?post=7939"},{"taxonomy":"product_tag","embeddable":true,"href":"https:\/\/sysmatec.ch\/de\/wp-json\/wp\/v2\/product_tag?post=7939"}],"curies":[{"name":"wp","href":"https:\/\/api.w.org\/{rel}","templated":true}]}}