{"id":7819,"date":"2019-06-27T15:33:57","date_gmt":"2019-06-27T13:33:57","guid":{"rendered":"https:\/\/sysmatec.ch\/produit\/le-formaldehyde-est-la-cause-de-115-cas-de-cancer-par-million-de-personnes-exposees-chaque-annee\/"},"modified":"2023-03-20T14:44:17","modified_gmt":"2023-03-20T13:44:17","slug":"anaerobe-arbeitsstation-aw200sg","status":"publish","type":"product","link":"https:\/\/sysmatec.ch\/de\/Produkt\/anaerobe-arbeitsstation-aw200sg\/","title":{"rendered":"Anaerobe Arbeitsstation AW200SG"},"content":{"rendered":"<p><span class=\"JLqJ4b ChMk0b\" data-language-for-alternatives=\"de\" data-language-to-translate-into=\"en\" data-phrase-index=\"0\" data-number-of-phrases=\"4\"><span class=\"Q4iAWc\">Es ist ein idealer anaerober Arbeitsplatz f\u00fcr das Labor, wo sauerstofffreie Bedingungen f\u00fcr das Wachstum und die Identifizierung von Bakterien erforderlich sind.<\/span><\/span><\/p>\n<p><span class=\"JLqJ4b ChMk0b\" data-language-for-alternatives=\"de\" data-language-to-translate-into=\"en\" data-phrase-index=\"2\" data-number-of-phrases=\"4\"><span class=\"Q4iAWc\">Das Ger\u00e4t inkubiert 220 Petrischalen und verf\u00fcgt \u00fcber einen Transferport f\u00fcr 10 Schalen.<\/span><\/span> <span class=\"JLqJ4b ChMk0b\" data-language-for-alternatives=\"de\" data-language-to-translate-into=\"en\" data-phrase-index=\"3\" data-number-of-phrases=\"4\"><span class=\"Q4iAWc\">Die Workstation wird mit einer einzigen Flasche anaerobem Mischgas betrieben und ist sehr sparsam im Gasverbrauch.<\/span><\/span><\/p>\n<p><span class=\"JLqJ4b ChMk0b\" data-language-for-alternatives=\"de\" data-language-to-translate-into=\"en\" data-phrase-index=\"0\" data-number-of-phrases=\"10\"><span class=\"Q4iAWc\">Das Produkt wird komplett mit automatischer Feuchtigkeitsregelung, Sauerstoffanzeige, interner Netzsteckdose, Scheinwerfer, Katalysator, Plattenhaltern und Stulpen geliefert.<\/span><\/span> <span class=\"JLqJ4b ChMk0b\" data-language-for-alternatives=\"de\" data-language-to-translate-into=\"en\" data-phrase-index=\"1\" data-number-of-phrases=\"10\"><span class=\"Q4iAWc\">Es ist betriebsbereit, sobald es an seine Strom- und Gasversorgung angeschlossen ist.<\/span><\/span><\/p>\n<p><span class=\"JLqJ4b ChMk0b\" data-language-for-alternatives=\"de\" data-language-to-translate-into=\"en\" data-phrase-index=\"3\" data-number-of-phrases=\"10\"><span class=\"Q4iAWc\">Es ist m\u00f6glich, ohne Handschuhe zu arbeiten.<\/span><\/span> <span class=\"JLqJ4b ChMk0b\" data-language-for-alternatives=\"de\" data-language-to-translate-into=\"en\" data-phrase-index=\"4\" data-number-of-phrases=\"10\"><span class=\"Q4iAWc\">Die einzigartige Bare-Hand-Methode ist sehr einfach zu bedienen.<\/span><\/span> <span class=\"JLqJ4b ChMk0b\" data-language-for-alternatives=\"de\" data-language-to-translate-into=\"en\" data-phrase-index=\"5\" data-number-of-phrases=\"10\"><span class=\"Q4iAWc\">Luftdichte Dichtungen passen wie gezeigt um die Handgelenke des Benutzers und die anaerobe Atmosph\u00e4re wird aufrechterhalten.<\/span><\/span> <span class=\"JLqJ4b ChMk0b\" data-language-for-alternatives=\"de\" data-language-to-translate-into=\"en\" data-phrase-index=\"6\" data-number-of-phrases=\"10\"><span class=\"Q4iAWc\">Das Design eliminiert die Verwendung von Fu\u00dfschaltern und wird los<\/span><\/span> <span class=\"JLqJ4b ChMk0b\" data-language-for-alternatives=\"de\" data-language-to-translate-into=\"en\" data-phrase-index=\"8\" data-number-of-phrases=\"10\"><span class=\"Q4iAWc\">Gro\u00dfe innere Armanschlussstopfen, die mehr Arbeitsraum im Inkubator bieten.<\/span><\/span> <span class=\"JLqJ4b ChMk0b\" data-language-for-alternatives=\"de\" data-language-to-translate-into=\"en\" data-phrase-index=\"9\" data-number-of-phrases=\"10\"><span class=\"Q4iAWc\">Das System ist sehr sparsam im Gasverbrauch und die H\u00e4nde k\u00f6nnen in Sekunden eingesetzt werden.<\/span><\/span><\/p>\n<p><span class=\"JLqJ4b ChMk0b\" data-language-for-alternatives=\"de\" data-language-to-translate-into=\"en\" data-phrase-index=\"0\" data-number-of-phrases=\"3\"><span class=\"Q4iAWc\">Ger\u00e4te k\u00f6nnen vor der Inbetriebnahme durch die Arm\u00f6ffnungen in den Inkubator eingesetzt werden.<\/span><\/span><\/p>\n<p><span class=\"JLqJ4b ChMk0b\" data-language-for-alternatives=\"de\" data-language-to-translate-into=\"en\" data-phrase-index=\"2\" data-number-of-phrases=\"3\"><span class=\"Q4iAWc\">Eine kleine Pumpe zusammen mit einem sauerstoffempfindlichen Fl\u00fcssigkeitsindikator wird mit der Arbeitsstation geliefert.<\/span><\/span><\/p>\n<p><span class=\"JLqJ4b ChMk0b\" data-language-for-alternatives=\"de\" data-language-to-translate-into=\"en\" data-phrase-index=\"0\" data-number-of-phrases=\"7\"><span class=\"Q4iAWc\">Der AW200SG kann auch als mikroaerophylischer Inkubator verwendet werden, indem eine alternative Gasversorgung verwendet wird.<\/span><\/span><\/p>\n<p><span class=\"JLqJ4b ChMk0b\" data-language-for-alternatives=\"de\" data-language-to-translate-into=\"en\" data-phrase-index=\"2\" data-number-of-phrases=\"7\"><span class=\"Q4iAWc\">Die Temperatur wird durch einen einstellbaren elektronischen Regler geregelt und ein internes digitales Thermometer zeigt die Temperatur an.<\/span><\/span> <span class=\"JLqJ4b ChMk0b\" data-language-for-alternatives=\"de\" data-language-to-translate-into=\"en\" data-phrase-index=\"3\" data-number-of-phrases=\"7\"><span class=\"Q4iAWc\">Die Feuchtigkeit innerhalb des Inkubators wird durch einen Feuchtigkeitsregler und eine l\u00fcftergek\u00fchlte Kondensationsplatte gesteuert<\/span><\/span> <span class=\"JLqJ4b ChMk0b\" data-language-for-alternatives=\"de\" data-language-to-translate-into=\"en\" data-phrase-index=\"5\" data-number-of-phrases=\"7\"><span class=\"Q4iAWc\">hinten gelegen.<\/span><\/span> <span class=\"JLqJ4b ChMk0b\" data-language-for-alternatives=\"de\" data-language-to-translate-into=\"en\" data-phrase-index=\"6\" data-number-of-phrases=\"7\"><span class=\"Q4iAWc\">Das Destillat wird in einer entleerbaren Flasche gesammelt.<\/span><\/span><\/p>\n<h2>Technische Eingenschaften<\/h2>\n<ul>\n<li><span class=\"JLqJ4b ChMk0b\" data-language-for-alternatives=\"de\" data-language-to-translate-into=\"en\" data-phrase-index=\"0\" data-number-of-phrases=\"18\"><span class=\"Q4iAWc\">Inkubationskapazit\u00e4t: 220 Petrischalen<\/span><\/span><\/li>\n<li><span class=\"JLqJ4b ChMk0b\" data-language-for-alternatives=\"de\" data-language-to-translate-into=\"en\" data-phrase-index=\"2\" data-number-of-phrases=\"18\"><span class=\"Q4iAWc\">Kapazit\u00e4t des Transferports: 10 Petrischalen<\/span><\/span><\/li>\n<li><span class=\"JLqJ4b ChMk0b\" data-language-for-alternatives=\"de\" data-language-to-translate-into=\"en\" data-phrase-index=\"4\" data-number-of-phrases=\"18\"><span class=\"Q4iAWc\">Gasversorgung Mischgas: 10 % H2 + 10 % CO2 + 80 % N2<\/span><\/span><\/li>\n<li><span class=\"JLqJ4b ChMk0b\" data-language-for-alternatives=\"de\" data-language-to-translate-into=\"en\" data-phrase-index=\"6\" data-number-of-phrases=\"18\"><span class=\"Q4iAWc\">Stromversorgung: 240 VAC, 50 Hz, 300 W<\/span><\/span><\/li>\n<li><span class=\"JLqJ4b ChMk0b\" data-language-for-alternatives=\"de\" data-language-to-translate-into=\"en\" data-phrase-index=\"8\" data-number-of-phrases=\"18\"><span class=\"Q4iAWc\">Temperaturbereich: Umgebungstemperatur + 4 \u00b0C bis 42 \u00b0C<\/span><\/span><\/li>\n<li><span class=\"JLqJ4b ChMk0b\" data-language-for-alternatives=\"de\" data-language-to-translate-into=\"en\" data-phrase-index=\"10\" data-number-of-phrases=\"18\"><span class=\"Q4iAWc\">Temperaturstabilit\u00e4t: \u00b10.5 \u00b0C bei 37 \u00b0C<\/span><\/span><\/li>\n<li><span class=\"JLqJ4b ChMk0b\" data-language-for-alternatives=\"de\" data-language-to-translate-into=\"en\" data-phrase-index=\"12\" data-number-of-phrases=\"18\"><span class=\"Q4iAWc\">Gesamtabmessungen: B=648 mm, T=635 mm, H=572 mm<\/span><\/span><\/li>\n<li><span class=\"JLqJ4b ChMk0b\" data-language-for-alternatives=\"de\" data-language-to-translate-into=\"en\" data-phrase-index=\"14\" data-number-of-phrases=\"18\"><span class=\"Q4iAWc\">Netto<\/span><\/span>\u00a0<span class=\"JLqJ4b ChMk0b\" data-language-for-alternatives=\"de\" data-language-to-translate-into=\"en\" data-phrase-index=\"15\" data-number-of-phrases=\"18\"><span class=\"Q4iAWc\">Gewicht: 35 kg<\/span><\/span><\/li>\n<li><span class=\"JLqJ4b ChMk0b\" data-language-for-alternatives=\"de\" data-language-to-translate-into=\"en\" data-phrase-index=\"17\" data-number-of-phrases=\"18\"><span class=\"Q4iAWc\">Bruttogewicht: 115 kg<\/span><\/span><\/li>\n<\/ul>\n<p>Hier k\u00f6nnen Sie mehr Informationen finden: <a href=\"http:\/\/www.munroinstruments.com\/product-category\/anaerobic-workstations\/\">Anaerobic chamber<\/a><\/p>\n","protected":false},"excerpt":{"rendered":"<p>Anaerobe Arbeitsstation f\u00fcr ca. 220 Petrischalen.<\/p>\n","protected":false},"featured_media":28021,"template":"","meta":{"_crdt_document":""},"product_brand":[],"product_cat":[131],"product_tag":[],"class_list":{"0":"post-7819","1":"product","2":"type-product","3":"status-publish","4":"has-post-thumbnail","6":"product_cat-anaerobe","8":"first","9":"instock","10":"taxable","11":"shipping-taxable","12":"product-type-simple"},"yoast_head":"<!-- This site is optimized with the Yoast SEO plugin v27.3 - https:\/\/yoast.com\/product\/yoast-seo-wordpress\/ -->\n<title>Anaerobe Arbeitsstation AW200SG - Sysmatec<\/title>\n<meta name=\"description\" content=\"Anaerobe Arbeitsstation zum Arbeiten unter anaeroben Bedingungen. Er kann auch als Inkubator f\u00fcr anaerobe Bakterien verwendet werden.\" \/>\n<meta name=\"robots\" content=\"index, follow, max-snippet:-1, max-image-preview:large, max-video-preview:-1\" \/>\n<link rel=\"canonical\" href=\"https:\/\/sysmatec.ch\/de\/Produkt\/anaerobe-arbeitsstation-aw200sg\/\" \/>\n<meta property=\"og:locale\" content=\"de_DE\" \/>\n<meta property=\"og:type\" content=\"article\" \/>\n<meta property=\"og:title\" content=\"Anaerobe Arbeitsstation AW200SG - Sysmatec\" \/>\n<meta property=\"og:description\" content=\"Anaerobe Arbeitsstation zum Arbeiten unter anaeroben Bedingungen. Er kann auch als Inkubator f\u00fcr anaerobe Bakterien verwendet werden.\" \/>\n<meta property=\"og:url\" content=\"https:\/\/sysmatec.ch\/de\/Produkt\/anaerobe-arbeitsstation-aw200sg\/\" \/>\n<meta property=\"og:site_name\" content=\"Sysmatec\" \/>\n<meta property=\"article:modified_time\" content=\"2023-03-20T13:44:17+00:00\" \/>\n<meta property=\"og:image\" content=\"https:\/\/sysmatec.ch\/wp-content\/uploads\/2019\/06\/ChambreAnaerobie_MunroAW200SG.png\" \/>\n\t<meta property=\"og:image:width\" content=\"300\" \/>\n\t<meta property=\"og:image:height\" content=\"300\" \/>\n\t<meta property=\"og:image:type\" content=\"image\/png\" \/>\n<meta name=\"twitter:card\" content=\"summary_large_image\" \/>\n<meta name=\"twitter:label1\" content=\"Gesch\u00e4tzte Lesezeit\" \/>\n\t<meta name=\"twitter:data1\" content=\"2\u00a0Minuten\" \/>\n<script type=\"application\/ld+json\" class=\"yoast-schema-graph\">{\"@context\":\"https:\\\/\\\/schema.org\",\"@graph\":[{\"@type\":\"WebPage\",\"@id\":\"https:\\\/\\\/sysmatec.ch\\\/de\\\/Produkt\\\/anaerobe-arbeitsstation-aw200sg\\\/\",\"url\":\"https:\\\/\\\/sysmatec.ch\\\/de\\\/Produkt\\\/anaerobe-arbeitsstation-aw200sg\\\/\",\"name\":\"Anaerobe Arbeitsstation AW200SG - Sysmatec\",\"isPartOf\":{\"@id\":\"https:\\\/\\\/sysmatec.ch\\\/de\\\/#website\"},\"primaryImageOfPage\":{\"@id\":\"https:\\\/\\\/sysmatec.ch\\\/de\\\/Produkt\\\/anaerobe-arbeitsstation-aw200sg\\\/#primaryimage\"},\"image\":{\"@id\":\"https:\\\/\\\/sysmatec.ch\\\/de\\\/Produkt\\\/anaerobe-arbeitsstation-aw200sg\\\/#primaryimage\"},\"thumbnailUrl\":\"https:\\\/\\\/sysmatec.ch\\\/wp-content\\\/uploads\\\/2019\\\/06\\\/ChambreAnaerobie_MunroAW200SG.png\",\"datePublished\":\"2019-06-27T13:33:57+00:00\",\"dateModified\":\"2023-03-20T13:44:17+00:00\",\"description\":\"Anaerobe Arbeitsstation zum Arbeiten unter anaeroben Bedingungen. Er kann auch als Inkubator f\u00fcr anaerobe Bakterien verwendet werden.\",\"breadcrumb\":{\"@id\":\"https:\\\/\\\/sysmatec.ch\\\/de\\\/Produkt\\\/anaerobe-arbeitsstation-aw200sg\\\/#breadcrumb\"},\"inLanguage\":\"de\",\"potentialAction\":[{\"@type\":\"ReadAction\",\"target\":[\"https:\\\/\\\/sysmatec.ch\\\/de\\\/Produkt\\\/anaerobe-arbeitsstation-aw200sg\\\/\"]}]},{\"@type\":\"ImageObject\",\"inLanguage\":\"de\",\"@id\":\"https:\\\/\\\/sysmatec.ch\\\/de\\\/Produkt\\\/anaerobe-arbeitsstation-aw200sg\\\/#primaryimage\",\"url\":\"https:\\\/\\\/sysmatec.ch\\\/wp-content\\\/uploads\\\/2019\\\/06\\\/ChambreAnaerobie_MunroAW200SG.png\",\"contentUrl\":\"https:\\\/\\\/sysmatec.ch\\\/wp-content\\\/uploads\\\/2019\\\/06\\\/ChambreAnaerobie_MunroAW200SG.png\",\"width\":300,\"height\":300},{\"@type\":\"BreadcrumbList\",\"@id\":\"https:\\\/\\\/sysmatec.ch\\\/de\\\/Produkt\\\/anaerobe-arbeitsstation-aw200sg\\\/#breadcrumb\",\"itemListElement\":[{\"@type\":\"ListItem\",\"position\":1,\"name\":\"Accueil\",\"item\":\"https:\\\/\\\/sysmatec.ch\\\/de\\\/\"},{\"@type\":\"ListItem\",\"position\":2,\"name\":\"Die Aktivit\u00e4t von Sysmatec\",\"item\":\"https:\\\/\\\/sysmatec.ch\\\/de\\\/\"},{\"@type\":\"ListItem\",\"position\":3,\"name\":\"Anaerobe Arbeitsstation AW200SG\"}]},{\"@type\":\"WebSite\",\"@id\":\"https:\\\/\\\/sysmatec.ch\\\/de\\\/#website\",\"url\":\"https:\\\/\\\/sysmatec.ch\\\/de\\\/\",\"name\":\"Sysmatec\",\"description\":\"Equipement de laboratoire et logiciels\",\"publisher\":{\"@id\":\"https:\\\/\\\/sysmatec.ch\\\/de\\\/#organization\"},\"potentialAction\":[{\"@type\":\"SearchAction\",\"target\":{\"@type\":\"EntryPoint\",\"urlTemplate\":\"https:\\\/\\\/sysmatec.ch\\\/de\\\/?s={search_term_string}\"},\"query-input\":{\"@type\":\"PropertyValueSpecification\",\"valueRequired\":true,\"valueName\":\"search_term_string\"}}],\"inLanguage\":\"de\"},{\"@type\":\"Organization\",\"@id\":\"https:\\\/\\\/sysmatec.ch\\\/de\\\/#organization\",\"name\":\"Sysmatec\",\"url\":\"https:\\\/\\\/sysmatec.ch\\\/de\\\/\",\"logo\":{\"@type\":\"ImageObject\",\"inLanguage\":\"de\",\"@id\":\"https:\\\/\\\/sysmatec.ch\\\/de\\\/#\\\/schema\\\/logo\\\/image\\\/\",\"url\":\"https:\\\/\\\/sysmatec.ch\\\/wp-content\\\/uploads\\\/2018\\\/11\\\/LogoSysmatec.jpg\",\"contentUrl\":\"https:\\\/\\\/sysmatec.ch\\\/wp-content\\\/uploads\\\/2018\\\/11\\\/LogoSysmatec.jpg\",\"width\":301,\"height\":297,\"caption\":\"Sysmatec\"},\"image\":{\"@id\":\"https:\\\/\\\/sysmatec.ch\\\/de\\\/#\\\/schema\\\/logo\\\/image\\\/\"}}]}<\/script>\n<!-- \/ Yoast SEO plugin. -->","yoast_head_json":{"title":"Anaerobe Arbeitsstation AW200SG - Sysmatec","description":"Anaerobe Arbeitsstation zum Arbeiten unter anaeroben Bedingungen. Er kann auch als Inkubator f\u00fcr anaerobe Bakterien verwendet werden.","robots":{"index":"index","follow":"follow","max-snippet":"max-snippet:-1","max-image-preview":"max-image-preview:large","max-video-preview":"max-video-preview:-1"},"canonical":"https:\/\/sysmatec.ch\/de\/Produkt\/anaerobe-arbeitsstation-aw200sg\/","og_locale":"de_DE","og_type":"article","og_title":"Anaerobe Arbeitsstation AW200SG - Sysmatec","og_description":"Anaerobe Arbeitsstation zum Arbeiten unter anaeroben Bedingungen. Er kann auch als Inkubator f\u00fcr anaerobe Bakterien verwendet werden.","og_url":"https:\/\/sysmatec.ch\/de\/Produkt\/anaerobe-arbeitsstation-aw200sg\/","og_site_name":"Sysmatec","article_modified_time":"2023-03-20T13:44:17+00:00","og_image":[{"width":300,"height":300,"url":"https:\/\/sysmatec.ch\/wp-content\/uploads\/2019\/06\/ChambreAnaerobie_MunroAW200SG.png","type":"image\/png"}],"twitter_card":"summary_large_image","twitter_misc":{"Gesch\u00e4tzte Lesezeit":"2\u00a0Minuten"},"schema":{"@context":"https:\/\/schema.org","@graph":[{"@type":"WebPage","@id":"https:\/\/sysmatec.ch\/de\/Produkt\/anaerobe-arbeitsstation-aw200sg\/","url":"https:\/\/sysmatec.ch\/de\/Produkt\/anaerobe-arbeitsstation-aw200sg\/","name":"Anaerobe Arbeitsstation AW200SG - Sysmatec","isPartOf":{"@id":"https:\/\/sysmatec.ch\/de\/#website"},"primaryImageOfPage":{"@id":"https:\/\/sysmatec.ch\/de\/Produkt\/anaerobe-arbeitsstation-aw200sg\/#primaryimage"},"image":{"@id":"https:\/\/sysmatec.ch\/de\/Produkt\/anaerobe-arbeitsstation-aw200sg\/#primaryimage"},"thumbnailUrl":"https:\/\/sysmatec.ch\/wp-content\/uploads\/2019\/06\/ChambreAnaerobie_MunroAW200SG.png","datePublished":"2019-06-27T13:33:57+00:00","dateModified":"2023-03-20T13:44:17+00:00","description":"Anaerobe Arbeitsstation zum Arbeiten unter anaeroben Bedingungen. Er kann auch als Inkubator f\u00fcr anaerobe Bakterien verwendet werden.","breadcrumb":{"@id":"https:\/\/sysmatec.ch\/de\/Produkt\/anaerobe-arbeitsstation-aw200sg\/#breadcrumb"},"inLanguage":"de","potentialAction":[{"@type":"ReadAction","target":["https:\/\/sysmatec.ch\/de\/Produkt\/anaerobe-arbeitsstation-aw200sg\/"]}]},{"@type":"ImageObject","inLanguage":"de","@id":"https:\/\/sysmatec.ch\/de\/Produkt\/anaerobe-arbeitsstation-aw200sg\/#primaryimage","url":"https:\/\/sysmatec.ch\/wp-content\/uploads\/2019\/06\/ChambreAnaerobie_MunroAW200SG.png","contentUrl":"https:\/\/sysmatec.ch\/wp-content\/uploads\/2019\/06\/ChambreAnaerobie_MunroAW200SG.png","width":300,"height":300},{"@type":"BreadcrumbList","@id":"https:\/\/sysmatec.ch\/de\/Produkt\/anaerobe-arbeitsstation-aw200sg\/#breadcrumb","itemListElement":[{"@type":"ListItem","position":1,"name":"Accueil","item":"https:\/\/sysmatec.ch\/de\/"},{"@type":"ListItem","position":2,"name":"Die Aktivit\u00e4t von Sysmatec","item":"https:\/\/sysmatec.ch\/de\/"},{"@type":"ListItem","position":3,"name":"Anaerobe Arbeitsstation AW200SG"}]},{"@type":"WebSite","@id":"https:\/\/sysmatec.ch\/de\/#website","url":"https:\/\/sysmatec.ch\/de\/","name":"Sysmatec","description":"Equipement de laboratoire et logiciels","publisher":{"@id":"https:\/\/sysmatec.ch\/de\/#organization"},"potentialAction":[{"@type":"SearchAction","target":{"@type":"EntryPoint","urlTemplate":"https:\/\/sysmatec.ch\/de\/?s={search_term_string}"},"query-input":{"@type":"PropertyValueSpecification","valueRequired":true,"valueName":"search_term_string"}}],"inLanguage":"de"},{"@type":"Organization","@id":"https:\/\/sysmatec.ch\/de\/#organization","name":"Sysmatec","url":"https:\/\/sysmatec.ch\/de\/","logo":{"@type":"ImageObject","inLanguage":"de","@id":"https:\/\/sysmatec.ch\/de\/#\/schema\/logo\/image\/","url":"https:\/\/sysmatec.ch\/wp-content\/uploads\/2018\/11\/LogoSysmatec.jpg","contentUrl":"https:\/\/sysmatec.ch\/wp-content\/uploads\/2018\/11\/LogoSysmatec.jpg","width":301,"height":297,"caption":"Sysmatec"},"image":{"@id":"https:\/\/sysmatec.ch\/de\/#\/schema\/logo\/image\/"}}]}},"_links":{"self":[{"href":"https:\/\/sysmatec.ch\/de\/wp-json\/wp\/v2\/product\/7819","targetHints":{"allow":["GET"]}}],"collection":[{"href":"https:\/\/sysmatec.ch\/de\/wp-json\/wp\/v2\/product"}],"about":[{"href":"https:\/\/sysmatec.ch\/de\/wp-json\/wp\/v2\/types\/product"}],"wp:featuredmedia":[{"embeddable":true,"href":"https:\/\/sysmatec.ch\/de\/wp-json\/wp\/v2\/media\/28021"}],"wp:attachment":[{"href":"https:\/\/sysmatec.ch\/de\/wp-json\/wp\/v2\/media?parent=7819"}],"wp:term":[{"taxonomy":"product_brand","embeddable":true,"href":"https:\/\/sysmatec.ch\/de\/wp-json\/wp\/v2\/product_brand?post=7819"},{"taxonomy":"product_cat","embeddable":true,"href":"https:\/\/sysmatec.ch\/de\/wp-json\/wp\/v2\/product_cat?post=7819"},{"taxonomy":"product_tag","embeddable":true,"href":"https:\/\/sysmatec.ch\/de\/wp-json\/wp\/v2\/product_tag?post=7819"}],"curies":[{"name":"wp","href":"https:\/\/api.w.org\/{rel}","templated":true}]}}