{"id":7813,"date":"2019-06-27T15:07:50","date_gmt":"2019-06-27T13:07:50","guid":{"rendered":"https:\/\/sysmatec.ch\/produit\/mesure-des-cov-composes-organiques-volatiles-a-laide-de-detecteurs-a-photoionisation-pid\/"},"modified":"2022-09-07T09:08:21","modified_gmt":"2022-09-07T07:08:21","slug":"ultraschall-durchflussmesser-ft211","status":"publish","type":"product","link":"https:\/\/sysmatec.ch\/de\/Produkt\/ultraschall-durchflussmesser-ft211\/","title":{"rendered":"Ultraschall-Durchflussmesser FT211"},"content":{"rendered":"<p><span class=\"JLqJ4b ChMk0b\" data-language-for-alternatives=\"de\" data-language-to-translate-into=\"en\" data-phrase-index=\"0\" data-number-of-phrases=\"4\"><span class=\"Q4iAWc\">Mit dem Ultraschall-Durchflussmesser ist es m\u00f6glich, die Durchflussrate ohne Kontakt mit der Fl\u00fcssigkeit zu kennen.<\/span><\/span> <span class=\"JLqJ4b ChMk0b\" data-language-for-alternatives=\"de\" data-language-to-translate-into=\"en\" data-phrase-index=\"1\" data-number-of-phrases=\"4\"><span class=\"Q4iAWc\">Es basiert auf der \u00dcbertragungszeittechnologie.<\/span><\/span> <span class=\"JLqJ4b ChMk0b\" data-language-for-alternatives=\"de\" data-language-to-translate-into=\"en\" data-phrase-index=\"2\" data-number-of-phrases=\"4\"><span class=\"Q4iAWc\">Im Vergleich zu anderen herk\u00f6mmlichen Durchflussmessern k\u00f6nnte dies Druckverlust- oder Medienverunreinigungsprobleme vermeiden.<\/span><\/span> <span class=\"JLqJ4b ChMk0b\" data-language-for-alternatives=\"de\" data-language-to-translate-into=\"en\" data-phrase-index=\"3\" data-number-of-phrases=\"4\"><span class=\"Q4iAWc\">Als Vorteil eines Clamp-On-Durchflussmessers besteht die Notwendigkeit, das Rohr nicht abzuschneiden oder das Ger\u00e4t lange anzuhalten, wodurch Zeit- und Arbeitskosten gespart werden. test<\/span><\/span><\/p>\n<p>Es besteht die M\u00f6glichkeit zum Anschluss von zwei Temperatursensoren (Pt1000) f\u00fcr den W\u00e4rmebilanz in W\u00e4rmetauschern.<\/p>\n<h2>Durchflussmesser Beschreibung<\/h2>\n<table width=\"246\">\n<tbody>\n<tr>\n<td width=\"166\">Rohrmaterial<\/td>\n<td width=\"80\">Metal, PVC, PP, PVDF<\/td>\n<\/tr>\n<tr>\n<td>Fl\u00fcssigkeit Typ<\/td>\n<td>Wasser, \u00d6l, Chemikalien, Fl\u00fcssigkeit ohne feste Partikel oder Verunreinigungen<\/td>\n<\/tr>\n<tr>\n<td>Rohrgr\u00f6\u00dfe<\/td>\n<td>DN15-DN40 (Innendurchmesser 12-40 mm)<\/td>\n<\/tr>\n<tr>\n<td>Temperaturbereich<\/td>\n<td>0 bis 75 \u00b0C<\/td>\n<\/tr>\n<tr>\n<td>Messbereich<\/td>\n<td>0.03 m\/s bis 5 m\/s<\/td>\n<\/tr>\n<tr>\n<td>Antwortzeit<\/td>\n<td>05 bis 60 s<\/td>\n<\/tr>\n<tr>\n<td>Genauigkeit<\/td>\n<td>+\/- 2 %<\/td>\n<\/tr>\n<tr>\n<td>Schnittstelle<\/td>\n<td>4-20 mA, Modbus RS485<\/td>\n<\/tr>\n<tr>\n<td>Stromspeisung<\/td>\n<td>10-24 V<\/td>\n<\/tr>\n<tr>\n<td>Verbrauch<\/td>\n<td>&lt; 3W<\/td>\n<\/tr>\n<tr>\n<td>Schutzklasse<\/td>\n<td>IP65<\/td>\n<\/tr>\n<tr>\n<td>Umgebungsbedingungen<\/td>\n<td>-10 bis 60 \u00b0C, 35 bis 85 % RH<\/td>\n<\/tr>\n<\/tbody>\n<\/table>\n","protected":false},"excerpt":{"rendered":"<p>Ultraschall-Durchflussmesser.<\/p>\n","protected":false},"featured_media":28015,"template":"","meta":{"_crdt_document":""},"product_brand":[],"product_cat":[307,272,180],"product_tag":[],"class_list":{"0":"post-7813","1":"product","2":"type-product","3":"status-publish","4":"has-post-thumbnail","6":"product_cat-durchfluss","7":"product_cat-gebraucht","8":"product_cat-messung","10":"first","11":"instock","12":"taxable","13":"shipping-taxable","14":"product-type-simple"},"yoast_head":"<!-- This site is optimized with the Yoast SEO plugin v27.4 - https:\/\/yoast.com\/product\/yoast-seo-wordpress\/ -->\n<title>Ultraschall-Durchflussmesser FT211 - Sysmatec<\/title>\n<meta name=\"description\" content=\"Ultraschall-Durchflussmesser. Kein Kontakt mit der Fl\u00fcssigkeit. Der Durchflussmesser braucht nicht in das Rohr eingef\u00fchrt zu werden.\" \/>\n<meta name=\"robots\" content=\"index, follow, max-snippet:-1, max-image-preview:large, max-video-preview:-1\" \/>\n<link rel=\"canonical\" href=\"https:\/\/sysmatec.ch\/de\/produit\/ultraschall-durchflussmesser-ft211\/\" \/>\n<meta property=\"og:locale\" content=\"de_DE\" \/>\n<meta property=\"og:type\" content=\"article\" \/>\n<meta property=\"og:title\" content=\"Ultraschall-Durchflussmesser FT211 - Sysmatec\" \/>\n<meta property=\"og:description\" content=\"Ultraschall-Durchflussmesser. Kein Kontakt mit der Fl\u00fcssigkeit. Der Durchflussmesser braucht nicht in das Rohr eingef\u00fchrt zu werden.\" \/>\n<meta property=\"og:url\" content=\"https:\/\/sysmatec.ch\/de\/produit\/ultraschall-durchflussmesser-ft211\/\" \/>\n<meta property=\"og:site_name\" content=\"Sysmatec\" \/>\n<meta property=\"article:modified_time\" content=\"2022-09-07T07:08:21+00:00\" \/>\n<meta property=\"og:image\" content=\"https:\/\/sysmatec.ch\/wp-content\/uploads\/2019\/06\/Debitmetre_FlowTFT211.png\" \/>\n\t<meta property=\"og:image:width\" content=\"500\" \/>\n\t<meta property=\"og:image:height\" content=\"400\" \/>\n\t<meta property=\"og:image:type\" content=\"image\/png\" \/>\n<meta name=\"twitter:card\" content=\"summary_large_image\" \/>\n<meta name=\"twitter:label1\" content=\"Gesch\u00e4tzte Lesezeit\" \/>\n\t<meta name=\"twitter:data1\" content=\"1\u00a0Minute\" \/>\n<script type=\"application\/ld+json\" class=\"yoast-schema-graph\">{\"@context\":\"https:\\\/\\\/schema.org\",\"@graph\":[{\"@type\":\"WebPage\",\"@id\":\"https:\\\/\\\/sysmatec.ch\\\/de\\\/produit\\\/ultraschall-durchflussmesser-ft211\\\/\",\"url\":\"https:\\\/\\\/sysmatec.ch\\\/de\\\/produit\\\/ultraschall-durchflussmesser-ft211\\\/\",\"name\":\"Ultraschall-Durchflussmesser FT211 - Sysmatec\",\"isPartOf\":{\"@id\":\"https:\\\/\\\/sysmatec.ch\\\/de\\\/#website\"},\"primaryImageOfPage\":{\"@id\":\"https:\\\/\\\/sysmatec.ch\\\/de\\\/produit\\\/ultraschall-durchflussmesser-ft211\\\/#primaryimage\"},\"image\":{\"@id\":\"https:\\\/\\\/sysmatec.ch\\\/de\\\/produit\\\/ultraschall-durchflussmesser-ft211\\\/#primaryimage\"},\"thumbnailUrl\":\"https:\\\/\\\/sysmatec.ch\\\/wp-content\\\/uploads\\\/2019\\\/06\\\/Debitmetre_FlowTFT211.png\",\"datePublished\":\"2019-06-27T13:07:50+00:00\",\"dateModified\":\"2022-09-07T07:08:21+00:00\",\"description\":\"Ultraschall-Durchflussmesser. Kein Kontakt mit der Fl\u00fcssigkeit. Der Durchflussmesser braucht nicht in das Rohr eingef\u00fchrt zu werden.\",\"breadcrumb\":{\"@id\":\"https:\\\/\\\/sysmatec.ch\\\/de\\\/produit\\\/ultraschall-durchflussmesser-ft211\\\/#breadcrumb\"},\"inLanguage\":\"de\",\"potentialAction\":[{\"@type\":\"ReadAction\",\"target\":[\"https:\\\/\\\/sysmatec.ch\\\/de\\\/produit\\\/ultraschall-durchflussmesser-ft211\\\/\"]}]},{\"@type\":\"ImageObject\",\"inLanguage\":\"de\",\"@id\":\"https:\\\/\\\/sysmatec.ch\\\/de\\\/produit\\\/ultraschall-durchflussmesser-ft211\\\/#primaryimage\",\"url\":\"https:\\\/\\\/sysmatec.ch\\\/wp-content\\\/uploads\\\/2019\\\/06\\\/Debitmetre_FlowTFT211.png\",\"contentUrl\":\"https:\\\/\\\/sysmatec.ch\\\/wp-content\\\/uploads\\\/2019\\\/06\\\/Debitmetre_FlowTFT211.png\",\"width\":500,\"height\":400},{\"@type\":\"BreadcrumbList\",\"@id\":\"https:\\\/\\\/sysmatec.ch\\\/de\\\/produit\\\/ultraschall-durchflussmesser-ft211\\\/#breadcrumb\",\"itemListElement\":[{\"@type\":\"ListItem\",\"position\":1,\"name\":\"Accueil\",\"item\":\"https:\\\/\\\/sysmatec.ch\\\/de\\\/\"},{\"@type\":\"ListItem\",\"position\":2,\"name\":\"Die Aktivit\u00e4t von Sysmatec\",\"item\":\"https:\\\/\\\/sysmatec.ch\\\/de\\\/\"},{\"@type\":\"ListItem\",\"position\":3,\"name\":\"Ultraschall-Durchflussmesser FT211\"}]},{\"@type\":\"WebSite\",\"@id\":\"https:\\\/\\\/sysmatec.ch\\\/de\\\/#website\",\"url\":\"https:\\\/\\\/sysmatec.ch\\\/de\\\/\",\"name\":\"Sysmatec\",\"description\":\"Equipement de laboratoire et logiciels\",\"publisher\":{\"@id\":\"https:\\\/\\\/sysmatec.ch\\\/de\\\/#organization\"},\"potentialAction\":[{\"@type\":\"SearchAction\",\"target\":{\"@type\":\"EntryPoint\",\"urlTemplate\":\"https:\\\/\\\/sysmatec.ch\\\/de\\\/?s={search_term_string}\"},\"query-input\":{\"@type\":\"PropertyValueSpecification\",\"valueRequired\":true,\"valueName\":\"search_term_string\"}}],\"inLanguage\":\"de\"},{\"@type\":\"Organization\",\"@id\":\"https:\\\/\\\/sysmatec.ch\\\/de\\\/#organization\",\"name\":\"Sysmatec\",\"url\":\"https:\\\/\\\/sysmatec.ch\\\/de\\\/\",\"logo\":{\"@type\":\"ImageObject\",\"inLanguage\":\"de\",\"@id\":\"https:\\\/\\\/sysmatec.ch\\\/de\\\/#\\\/schema\\\/logo\\\/image\\\/\",\"url\":\"https:\\\/\\\/sysmatec.ch\\\/wp-content\\\/uploads\\\/2018\\\/11\\\/LogoSysmatec.jpg\",\"contentUrl\":\"https:\\\/\\\/sysmatec.ch\\\/wp-content\\\/uploads\\\/2018\\\/11\\\/LogoSysmatec.jpg\",\"width\":301,\"height\":297,\"caption\":\"Sysmatec\"},\"image\":{\"@id\":\"https:\\\/\\\/sysmatec.ch\\\/de\\\/#\\\/schema\\\/logo\\\/image\\\/\"}}]}<\/script>\n<!-- \/ Yoast SEO plugin. -->","yoast_head_json":{"title":"Ultraschall-Durchflussmesser FT211 - Sysmatec","description":"Ultraschall-Durchflussmesser. Kein Kontakt mit der Fl\u00fcssigkeit. Der Durchflussmesser braucht nicht in das Rohr eingef\u00fchrt zu werden.","robots":{"index":"index","follow":"follow","max-snippet":"max-snippet:-1","max-image-preview":"max-image-preview:large","max-video-preview":"max-video-preview:-1"},"canonical":"https:\/\/sysmatec.ch\/de\/produit\/ultraschall-durchflussmesser-ft211\/","og_locale":"de_DE","og_type":"article","og_title":"Ultraschall-Durchflussmesser FT211 - Sysmatec","og_description":"Ultraschall-Durchflussmesser. Kein Kontakt mit der Fl\u00fcssigkeit. Der Durchflussmesser braucht nicht in das Rohr eingef\u00fchrt zu werden.","og_url":"https:\/\/sysmatec.ch\/de\/produit\/ultraschall-durchflussmesser-ft211\/","og_site_name":"Sysmatec","article_modified_time":"2022-09-07T07:08:21+00:00","og_image":[{"width":500,"height":400,"url":"https:\/\/sysmatec.ch\/wp-content\/uploads\/2019\/06\/Debitmetre_FlowTFT211.png","type":"image\/png"}],"twitter_card":"summary_large_image","twitter_misc":{"Gesch\u00e4tzte Lesezeit":"1\u00a0Minute"},"schema":{"@context":"https:\/\/schema.org","@graph":[{"@type":"WebPage","@id":"https:\/\/sysmatec.ch\/de\/produit\/ultraschall-durchflussmesser-ft211\/","url":"https:\/\/sysmatec.ch\/de\/produit\/ultraschall-durchflussmesser-ft211\/","name":"Ultraschall-Durchflussmesser FT211 - Sysmatec","isPartOf":{"@id":"https:\/\/sysmatec.ch\/de\/#website"},"primaryImageOfPage":{"@id":"https:\/\/sysmatec.ch\/de\/produit\/ultraschall-durchflussmesser-ft211\/#primaryimage"},"image":{"@id":"https:\/\/sysmatec.ch\/de\/produit\/ultraschall-durchflussmesser-ft211\/#primaryimage"},"thumbnailUrl":"https:\/\/sysmatec.ch\/wp-content\/uploads\/2019\/06\/Debitmetre_FlowTFT211.png","datePublished":"2019-06-27T13:07:50+00:00","dateModified":"2022-09-07T07:08:21+00:00","description":"Ultraschall-Durchflussmesser. Kein Kontakt mit der Fl\u00fcssigkeit. Der Durchflussmesser braucht nicht in das Rohr eingef\u00fchrt zu werden.","breadcrumb":{"@id":"https:\/\/sysmatec.ch\/de\/produit\/ultraschall-durchflussmesser-ft211\/#breadcrumb"},"inLanguage":"de","potentialAction":[{"@type":"ReadAction","target":["https:\/\/sysmatec.ch\/de\/produit\/ultraschall-durchflussmesser-ft211\/"]}]},{"@type":"ImageObject","inLanguage":"de","@id":"https:\/\/sysmatec.ch\/de\/produit\/ultraschall-durchflussmesser-ft211\/#primaryimage","url":"https:\/\/sysmatec.ch\/wp-content\/uploads\/2019\/06\/Debitmetre_FlowTFT211.png","contentUrl":"https:\/\/sysmatec.ch\/wp-content\/uploads\/2019\/06\/Debitmetre_FlowTFT211.png","width":500,"height":400},{"@type":"BreadcrumbList","@id":"https:\/\/sysmatec.ch\/de\/produit\/ultraschall-durchflussmesser-ft211\/#breadcrumb","itemListElement":[{"@type":"ListItem","position":1,"name":"Accueil","item":"https:\/\/sysmatec.ch\/de\/"},{"@type":"ListItem","position":2,"name":"Die Aktivit\u00e4t von Sysmatec","item":"https:\/\/sysmatec.ch\/de\/"},{"@type":"ListItem","position":3,"name":"Ultraschall-Durchflussmesser FT211"}]},{"@type":"WebSite","@id":"https:\/\/sysmatec.ch\/de\/#website","url":"https:\/\/sysmatec.ch\/de\/","name":"Sysmatec","description":"Equipement de laboratoire et logiciels","publisher":{"@id":"https:\/\/sysmatec.ch\/de\/#organization"},"potentialAction":[{"@type":"SearchAction","target":{"@type":"EntryPoint","urlTemplate":"https:\/\/sysmatec.ch\/de\/?s={search_term_string}"},"query-input":{"@type":"PropertyValueSpecification","valueRequired":true,"valueName":"search_term_string"}}],"inLanguage":"de"},{"@type":"Organization","@id":"https:\/\/sysmatec.ch\/de\/#organization","name":"Sysmatec","url":"https:\/\/sysmatec.ch\/de\/","logo":{"@type":"ImageObject","inLanguage":"de","@id":"https:\/\/sysmatec.ch\/de\/#\/schema\/logo\/image\/","url":"https:\/\/sysmatec.ch\/wp-content\/uploads\/2018\/11\/LogoSysmatec.jpg","contentUrl":"https:\/\/sysmatec.ch\/wp-content\/uploads\/2018\/11\/LogoSysmatec.jpg","width":301,"height":297,"caption":"Sysmatec"},"image":{"@id":"https:\/\/sysmatec.ch\/de\/#\/schema\/logo\/image\/"}}]}},"_links":{"self":[{"href":"https:\/\/sysmatec.ch\/de\/wp-json\/wp\/v2\/product\/7813","targetHints":{"allow":["GET"]}}],"collection":[{"href":"https:\/\/sysmatec.ch\/de\/wp-json\/wp\/v2\/product"}],"about":[{"href":"https:\/\/sysmatec.ch\/de\/wp-json\/wp\/v2\/types\/product"}],"wp:featuredmedia":[{"embeddable":true,"href":"https:\/\/sysmatec.ch\/de\/wp-json\/wp\/v2\/media\/28015"}],"wp:attachment":[{"href":"https:\/\/sysmatec.ch\/de\/wp-json\/wp\/v2\/media?parent=7813"}],"wp:term":[{"taxonomy":"product_brand","embeddable":true,"href":"https:\/\/sysmatec.ch\/de\/wp-json\/wp\/v2\/product_brand?post=7813"},{"taxonomy":"product_cat","embeddable":true,"href":"https:\/\/sysmatec.ch\/de\/wp-json\/wp\/v2\/product_cat?post=7813"},{"taxonomy":"product_tag","embeddable":true,"href":"https:\/\/sysmatec.ch\/de\/wp-json\/wp\/v2\/product_tag?post=7813"}],"curies":[{"name":"wp","href":"https:\/\/api.w.org\/{rel}","templated":true}]}}