{"id":7806,"date":"2019-06-27T14:45:31","date_gmt":"2019-06-27T12:45:31","guid":{"rendered":"https:\/\/sysmatec.ch\/produit\/analyse-des-chocs-durant-le-transport-de-marchandises\/"},"modified":"2022-04-25T12:05:49","modified_gmt":"2022-04-25T10:05:49","slug":"digitales-3d-mikroskop-bvm-4000-3dm","status":"publish","type":"product","link":"https:\/\/sysmatec.ch\/de\/Produkt\/digitales-3d-mikroskop-bvm-4000-3dm\/","title":{"rendered":"Digitales 3D-Mikroskop BVM-4000-3DM"},"content":{"rendered":"<p><span class=\"JLqJ4b ChMk0b\" data-language-for-alternatives=\"de\" data-language-to-translate-into=\"fr\" data-phrase-index=\"2\" data-number-of-phrases=\"17\"><span class=\"Q4iAWc\">Zu den Funktionen dieses 3D-Mikroskops geh\u00f6ren Kamerazeichnung, Videoanzeige, Grafikmessung, Videoaufzeichnung, die nicht nur f\u00fcr die Reparatur von Mobiltelefonen, sondern auch f\u00fcr Schmuckschwei\u00dfen und pr\u00e4zisere Schwei\u00dfarbeiten verwendet wird.<\/span><\/span><\/p>\n<p><span class=\"JLqJ4b ChMk0b\" data-language-for-alternatives=\"de\" data-language-to-translate-into=\"fr\" data-phrase-index=\"3\" data-number-of-phrases=\"17\"><span class=\"Q4iAWc\">10-74-fache Vergr\u00f6\u00dferungsdetails werden auf einem 11,6-Zoll-Bildschirm mit 1080 HD-Aufl\u00f6sung angezeigt.<\/span><\/span> <span class=\"JLqJ4b ChMk0b\" data-language-for-alternatives=\"de\" data-language-to-translate-into=\"fr\" data-phrase-index=\"4\" data-number-of-phrases=\"17\"><span class=\"Q4iAWc\">Die grafische Messfunktion dieses Mikroskops hilft Ihnen bei der L\u00f6sung weiterer Probleme.<\/span><\/span><\/p>\n<h2><span class=\"JLqJ4b ChMk0b\" data-language-for-alternatives=\"de\" data-language-to-translate-into=\"fr\" data-phrase-index=\"6\" data-number-of-phrases=\"17\"><span class=\"Q4iAWc\">Merkmale des digitalen 3D-Mikroskops<\/span><\/span><\/h2>\n<ul>\n<li><span class=\"JLqJ4b ChMk0b\" data-language-for-alternatives=\"de\" data-language-to-translate-into=\"fr\" data-phrase-index=\"8\" data-number-of-phrases=\"17\"><span class=\"Q4iAWc\">Vergr\u00f6\u00dferung: 10- bis 77-fach mit Standard-Okular 0.4-fach, 25- bis 184-fach mit Okular 1-fach<\/span><\/span><\/li>\n<li><span class=\"JLqJ4b ChMk0b\" data-language-for-alternatives=\"de\" data-language-to-translate-into=\"fr\" data-phrase-index=\"10\" data-number-of-phrases=\"17\"><span class=\"Q4iAWc\">Beleuchtung: LED-Ringlampe<\/span><\/span><\/li>\n<li><span class=\"JLqJ4b ChMk0b\" data-language-for-alternatives=\"de\" data-language-to-translate-into=\"fr\" data-phrase-index=\"12\" data-number-of-phrases=\"17\"><span class=\"Q4iAWc\">Kamera: 1\/2 CCD, 2 Megapixel, mit Messsoftware<\/span><\/span><\/li>\n<li><span class=\"JLqJ4b ChMk0b\" data-language-for-alternatives=\"de\" data-language-to-translate-into=\"fr\" data-phrase-index=\"14\" data-number-of-phrases=\"17\"><span class=\"Q4iAWc\">Schnittstelle: 2 USB, 1 HDMI, 1 DC12V-Eingangsport<\/span><\/span> <span class=\"JLqJ4b ChMk0b\" data-language-for-alternatives=\"de\" data-language-to-translate-into=\"fr\" data-phrase-index=\"16\" data-number-of-phrases=\"17\"><span class=\"Q4iAWc\">Im<\/span><\/span><\/li>\n<li><span class=\"JLqJ4b ChMk0b\" data-language-for-alternatives=\"de\" data-language-to-translate-into=\"fr\" data-phrase-index=\"16\" data-number-of-phrases=\"17\"><span class=\"Q4iAWc\">Lieferumfang enthalten: HDMI-HD-Kabel, ein Adapter, eine Maus und ein 11,6-Zoll-Bildschirm<\/span><\/span><\/li>\n<\/ul>\n","protected":false},"excerpt":{"rendered":"<p>3D-Digitalmikroskop mit Zoomfunktion.<\/p>\n","protected":false},"featured_media":27222,"template":"","meta":{"_crdt_document":""},"product_brand":[],"product_cat":[101],"product_tag":[266],"class_list":{"0":"post-7806","1":"product","2":"type-product","3":"status-publish","4":"has-post-thumbnail","6":"product_cat-mikroskopie","7":"product_tag-article-de","9":"first","10":"instock","11":"taxable","12":"shipping-taxable","13":"product-type-simple"},"yoast_head":"<!-- This site is optimized with the Yoast SEO plugin v27.4 - https:\/\/yoast.com\/product\/yoast-seo-wordpress\/ -->\n<title>Digitales 3D-Mikroskop BVM-4000-3DM - Sysmatec<\/title>\n<meta name=\"description\" content=\"3D-Digitalmikroskop mit Zoomfunktion, verschiedene Modelle mit 10-facher bis 368-facher Vergr\u00f6\u00dferung, mit grafischer Messsoftware.\" \/>\n<meta name=\"robots\" content=\"index, follow, max-snippet:-1, max-image-preview:large, max-video-preview:-1\" \/>\n<link rel=\"canonical\" href=\"https:\/\/sysmatec.ch\/de\/produit\/digitales-3d-mikroskop-bvm-4000-3dm\/\" \/>\n<meta property=\"og:locale\" content=\"de_DE\" \/>\n<meta property=\"og:type\" content=\"article\" \/>\n<meta property=\"og:title\" content=\"Digitales 3D-Mikroskop BVM-4000-3DM - Sysmatec\" \/>\n<meta property=\"og:description\" content=\"3D-Digitalmikroskop mit Zoomfunktion, verschiedene Modelle mit 10-facher bis 368-facher Vergr\u00f6\u00dferung, mit grafischer Messsoftware.\" \/>\n<meta property=\"og:url\" content=\"https:\/\/sysmatec.ch\/de\/produit\/digitales-3d-mikroskop-bvm-4000-3dm\/\" \/>\n<meta property=\"og:site_name\" content=\"Sysmatec\" \/>\n<meta property=\"article:modified_time\" content=\"2022-04-25T10:05:49+00:00\" \/>\n<meta property=\"og:image\" content=\"https:\/\/sysmatec.ch\/wp-content\/uploads\/2019\/06\/Microscope_BYC_BVM4000_3D.jpg\" \/>\n\t<meta property=\"og:image:width\" content=\"527\" \/>\n\t<meta property=\"og:image:height\" content=\"511\" \/>\n\t<meta property=\"og:image:type\" content=\"image\/jpeg\" \/>\n<meta name=\"twitter:card\" content=\"summary_large_image\" \/>\n<meta name=\"twitter:label1\" content=\"Gesch\u00e4tzte Lesezeit\" \/>\n\t<meta name=\"twitter:data1\" content=\"1\u00a0Minute\" \/>\n<script type=\"application\/ld+json\" class=\"yoast-schema-graph\">{\"@context\":\"https:\\\/\\\/schema.org\",\"@graph\":[{\"@type\":\"WebPage\",\"@id\":\"https:\\\/\\\/sysmatec.ch\\\/de\\\/produit\\\/digitales-3d-mikroskop-bvm-4000-3dm\\\/\",\"url\":\"https:\\\/\\\/sysmatec.ch\\\/de\\\/produit\\\/digitales-3d-mikroskop-bvm-4000-3dm\\\/\",\"name\":\"Digitales 3D-Mikroskop BVM-4000-3DM - Sysmatec\",\"isPartOf\":{\"@id\":\"https:\\\/\\\/sysmatec.ch\\\/de\\\/#website\"},\"primaryImageOfPage\":{\"@id\":\"https:\\\/\\\/sysmatec.ch\\\/de\\\/produit\\\/digitales-3d-mikroskop-bvm-4000-3dm\\\/#primaryimage\"},\"image\":{\"@id\":\"https:\\\/\\\/sysmatec.ch\\\/de\\\/produit\\\/digitales-3d-mikroskop-bvm-4000-3dm\\\/#primaryimage\"},\"thumbnailUrl\":\"https:\\\/\\\/sysmatec.ch\\\/wp-content\\\/uploads\\\/2019\\\/06\\\/Microscope_BYC_BVM4000_3D.jpg\",\"datePublished\":\"2019-06-27T12:45:31+00:00\",\"dateModified\":\"2022-04-25T10:05:49+00:00\",\"description\":\"3D-Digitalmikroskop mit Zoomfunktion, verschiedene Modelle mit 10-facher bis 368-facher Vergr\u00f6\u00dferung, mit grafischer Messsoftware.\",\"breadcrumb\":{\"@id\":\"https:\\\/\\\/sysmatec.ch\\\/de\\\/produit\\\/digitales-3d-mikroskop-bvm-4000-3dm\\\/#breadcrumb\"},\"inLanguage\":\"de\",\"potentialAction\":[{\"@type\":\"ReadAction\",\"target\":[\"https:\\\/\\\/sysmatec.ch\\\/de\\\/produit\\\/digitales-3d-mikroskop-bvm-4000-3dm\\\/\"]}]},{\"@type\":\"ImageObject\",\"inLanguage\":\"de\",\"@id\":\"https:\\\/\\\/sysmatec.ch\\\/de\\\/produit\\\/digitales-3d-mikroskop-bvm-4000-3dm\\\/#primaryimage\",\"url\":\"https:\\\/\\\/sysmatec.ch\\\/wp-content\\\/uploads\\\/2019\\\/06\\\/Microscope_BYC_BVM4000_3D.jpg\",\"contentUrl\":\"https:\\\/\\\/sysmatec.ch\\\/wp-content\\\/uploads\\\/2019\\\/06\\\/Microscope_BYC_BVM4000_3D.jpg\",\"width\":527,\"height\":511},{\"@type\":\"BreadcrumbList\",\"@id\":\"https:\\\/\\\/sysmatec.ch\\\/de\\\/produit\\\/digitales-3d-mikroskop-bvm-4000-3dm\\\/#breadcrumb\",\"itemListElement\":[{\"@type\":\"ListItem\",\"position\":1,\"name\":\"Accueil\",\"item\":\"https:\\\/\\\/sysmatec.ch\\\/de\\\/\"},{\"@type\":\"ListItem\",\"position\":2,\"name\":\"Die Aktivit\u00e4t von Sysmatec\",\"item\":\"https:\\\/\\\/sysmatec.ch\\\/de\\\/\"},{\"@type\":\"ListItem\",\"position\":3,\"name\":\"Digitales 3D-Mikroskop BVM-4000-3DM\"}]},{\"@type\":\"WebSite\",\"@id\":\"https:\\\/\\\/sysmatec.ch\\\/de\\\/#website\",\"url\":\"https:\\\/\\\/sysmatec.ch\\\/de\\\/\",\"name\":\"Sysmatec\",\"description\":\"Equipement de laboratoire et logiciels\",\"publisher\":{\"@id\":\"https:\\\/\\\/sysmatec.ch\\\/de\\\/#organization\"},\"potentialAction\":[{\"@type\":\"SearchAction\",\"target\":{\"@type\":\"EntryPoint\",\"urlTemplate\":\"https:\\\/\\\/sysmatec.ch\\\/de\\\/?s={search_term_string}\"},\"query-input\":{\"@type\":\"PropertyValueSpecification\",\"valueRequired\":true,\"valueName\":\"search_term_string\"}}],\"inLanguage\":\"de\"},{\"@type\":\"Organization\",\"@id\":\"https:\\\/\\\/sysmatec.ch\\\/de\\\/#organization\",\"name\":\"Sysmatec\",\"url\":\"https:\\\/\\\/sysmatec.ch\\\/de\\\/\",\"logo\":{\"@type\":\"ImageObject\",\"inLanguage\":\"de\",\"@id\":\"https:\\\/\\\/sysmatec.ch\\\/de\\\/#\\\/schema\\\/logo\\\/image\\\/\",\"url\":\"https:\\\/\\\/sysmatec.ch\\\/wp-content\\\/uploads\\\/2018\\\/11\\\/LogoSysmatec.jpg\",\"contentUrl\":\"https:\\\/\\\/sysmatec.ch\\\/wp-content\\\/uploads\\\/2018\\\/11\\\/LogoSysmatec.jpg\",\"width\":301,\"height\":297,\"caption\":\"Sysmatec\"},\"image\":{\"@id\":\"https:\\\/\\\/sysmatec.ch\\\/de\\\/#\\\/schema\\\/logo\\\/image\\\/\"}}]}<\/script>\n<!-- \/ Yoast SEO plugin. -->","yoast_head_json":{"title":"Digitales 3D-Mikroskop BVM-4000-3DM - Sysmatec","description":"3D-Digitalmikroskop mit Zoomfunktion, verschiedene Modelle mit 10-facher bis 368-facher Vergr\u00f6\u00dferung, mit grafischer Messsoftware.","robots":{"index":"index","follow":"follow","max-snippet":"max-snippet:-1","max-image-preview":"max-image-preview:large","max-video-preview":"max-video-preview:-1"},"canonical":"https:\/\/sysmatec.ch\/de\/produit\/digitales-3d-mikroskop-bvm-4000-3dm\/","og_locale":"de_DE","og_type":"article","og_title":"Digitales 3D-Mikroskop BVM-4000-3DM - Sysmatec","og_description":"3D-Digitalmikroskop mit Zoomfunktion, verschiedene Modelle mit 10-facher bis 368-facher Vergr\u00f6\u00dferung, mit grafischer Messsoftware.","og_url":"https:\/\/sysmatec.ch\/de\/produit\/digitales-3d-mikroskop-bvm-4000-3dm\/","og_site_name":"Sysmatec","article_modified_time":"2022-04-25T10:05:49+00:00","og_image":[{"width":527,"height":511,"url":"https:\/\/sysmatec.ch\/wp-content\/uploads\/2019\/06\/Microscope_BYC_BVM4000_3D.jpg","type":"image\/jpeg"}],"twitter_card":"summary_large_image","twitter_misc":{"Gesch\u00e4tzte Lesezeit":"1\u00a0Minute"},"schema":{"@context":"https:\/\/schema.org","@graph":[{"@type":"WebPage","@id":"https:\/\/sysmatec.ch\/de\/produit\/digitales-3d-mikroskop-bvm-4000-3dm\/","url":"https:\/\/sysmatec.ch\/de\/produit\/digitales-3d-mikroskop-bvm-4000-3dm\/","name":"Digitales 3D-Mikroskop BVM-4000-3DM - Sysmatec","isPartOf":{"@id":"https:\/\/sysmatec.ch\/de\/#website"},"primaryImageOfPage":{"@id":"https:\/\/sysmatec.ch\/de\/produit\/digitales-3d-mikroskop-bvm-4000-3dm\/#primaryimage"},"image":{"@id":"https:\/\/sysmatec.ch\/de\/produit\/digitales-3d-mikroskop-bvm-4000-3dm\/#primaryimage"},"thumbnailUrl":"https:\/\/sysmatec.ch\/wp-content\/uploads\/2019\/06\/Microscope_BYC_BVM4000_3D.jpg","datePublished":"2019-06-27T12:45:31+00:00","dateModified":"2022-04-25T10:05:49+00:00","description":"3D-Digitalmikroskop mit Zoomfunktion, verschiedene Modelle mit 10-facher bis 368-facher Vergr\u00f6\u00dferung, mit grafischer Messsoftware.","breadcrumb":{"@id":"https:\/\/sysmatec.ch\/de\/produit\/digitales-3d-mikroskop-bvm-4000-3dm\/#breadcrumb"},"inLanguage":"de","potentialAction":[{"@type":"ReadAction","target":["https:\/\/sysmatec.ch\/de\/produit\/digitales-3d-mikroskop-bvm-4000-3dm\/"]}]},{"@type":"ImageObject","inLanguage":"de","@id":"https:\/\/sysmatec.ch\/de\/produit\/digitales-3d-mikroskop-bvm-4000-3dm\/#primaryimage","url":"https:\/\/sysmatec.ch\/wp-content\/uploads\/2019\/06\/Microscope_BYC_BVM4000_3D.jpg","contentUrl":"https:\/\/sysmatec.ch\/wp-content\/uploads\/2019\/06\/Microscope_BYC_BVM4000_3D.jpg","width":527,"height":511},{"@type":"BreadcrumbList","@id":"https:\/\/sysmatec.ch\/de\/produit\/digitales-3d-mikroskop-bvm-4000-3dm\/#breadcrumb","itemListElement":[{"@type":"ListItem","position":1,"name":"Accueil","item":"https:\/\/sysmatec.ch\/de\/"},{"@type":"ListItem","position":2,"name":"Die Aktivit\u00e4t von Sysmatec","item":"https:\/\/sysmatec.ch\/de\/"},{"@type":"ListItem","position":3,"name":"Digitales 3D-Mikroskop BVM-4000-3DM"}]},{"@type":"WebSite","@id":"https:\/\/sysmatec.ch\/de\/#website","url":"https:\/\/sysmatec.ch\/de\/","name":"Sysmatec","description":"Equipement de laboratoire et logiciels","publisher":{"@id":"https:\/\/sysmatec.ch\/de\/#organization"},"potentialAction":[{"@type":"SearchAction","target":{"@type":"EntryPoint","urlTemplate":"https:\/\/sysmatec.ch\/de\/?s={search_term_string}"},"query-input":{"@type":"PropertyValueSpecification","valueRequired":true,"valueName":"search_term_string"}}],"inLanguage":"de"},{"@type":"Organization","@id":"https:\/\/sysmatec.ch\/de\/#organization","name":"Sysmatec","url":"https:\/\/sysmatec.ch\/de\/","logo":{"@type":"ImageObject","inLanguage":"de","@id":"https:\/\/sysmatec.ch\/de\/#\/schema\/logo\/image\/","url":"https:\/\/sysmatec.ch\/wp-content\/uploads\/2018\/11\/LogoSysmatec.jpg","contentUrl":"https:\/\/sysmatec.ch\/wp-content\/uploads\/2018\/11\/LogoSysmatec.jpg","width":301,"height":297,"caption":"Sysmatec"},"image":{"@id":"https:\/\/sysmatec.ch\/de\/#\/schema\/logo\/image\/"}}]}},"_links":{"self":[{"href":"https:\/\/sysmatec.ch\/de\/wp-json\/wp\/v2\/product\/7806","targetHints":{"allow":["GET"]}}],"collection":[{"href":"https:\/\/sysmatec.ch\/de\/wp-json\/wp\/v2\/product"}],"about":[{"href":"https:\/\/sysmatec.ch\/de\/wp-json\/wp\/v2\/types\/product"}],"wp:featuredmedia":[{"embeddable":true,"href":"https:\/\/sysmatec.ch\/de\/wp-json\/wp\/v2\/media\/27222"}],"wp:attachment":[{"href":"https:\/\/sysmatec.ch\/de\/wp-json\/wp\/v2\/media?parent=7806"}],"wp:term":[{"taxonomy":"product_brand","embeddable":true,"href":"https:\/\/sysmatec.ch\/de\/wp-json\/wp\/v2\/product_brand?post=7806"},{"taxonomy":"product_cat","embeddable":true,"href":"https:\/\/sysmatec.ch\/de\/wp-json\/wp\/v2\/product_cat?post=7806"},{"taxonomy":"product_tag","embeddable":true,"href":"https:\/\/sysmatec.ch\/de\/wp-json\/wp\/v2\/product_tag?post=7806"}],"curies":[{"name":"wp","href":"https:\/\/api.w.org\/{rel}","templated":true}]}}