{"id":7801,"date":"2019-06-27T14:35:53","date_gmt":"2019-06-27T12:35:53","guid":{"rendered":"https:\/\/sysmatec.ch\/produit\/test-elisa\/"},"modified":"2022-04-23T21:26:34","modified_gmt":"2022-04-23T19:26:34","slug":"luftblasen-und-luft-in-line-sensor-ad8-ad9","status":"publish","type":"product","link":"https:\/\/sysmatec.ch\/de\/Produkt\/luftblasen-und-luft-in-line-sensor-ad8-ad9\/","title":{"rendered":"Luftblasen- und Luft-In-Line-Sensor AD8 \/ AD9"},"content":{"rendered":"<p><span class=\"JLqJ4b ChMk0b\" data-language-for-alternatives=\"de\" data-language-to-translate-into=\"en\" data-phrase-index=\"2\" data-number-of-phrases=\"4\"><span class=\"Q4iAWc\">Die patentierte Impuls-Ultraschalltechnologie von Introtek bietet hochzuverl\u00e4ssige, nicht-invasive Lufterkennungsfunktionen in den kritischsten Anwendungen, bei denen die Sicherheit eines Patienten oder Prozesses zwingend erforderlich ist.<\/span><\/span> <span class=\"JLqJ4b ChMk0b\" data-language-for-alternatives=\"de\" data-language-to-translate-into=\"en\" data-phrase-index=\"3\" data-number-of-phrases=\"4\"><span class=\"Q4iAWc\">Viele der Variablen, die die Leistung von Erfassungssystemen auf Amplituden- oder Dauerstrichbasis beeinflussen k\u00f6nnen, werden eliminiert oder stark reduziert, wodurch eine genaue und wiederholbare Erfassung erzielt wird.<\/span><\/span><\/p>\n<h2>Eigenschaften des Blasendetektors<\/h2>\n<ul>\n<li>Kompaktes integriertes Design mit \u201eMEC\u201c-Schaltung<\/li>\n<li>Programmierbarer Mikrocontroller erweitert die Funktionalit\u00e4t<\/li>\n<li>Zuverl\u00e4ssige impulsartige, nicht-invasive Ultraschalltechnologie<\/li>\n<li>Die Lufterkennungsschwelle oder -empfindlichkeit kann vom Benutzer festgelegt werden<\/li>\n<li>Bietet Platz f\u00fcr eine Vielzahl von Schlauchgr\u00f6\u00dfen<\/li>\n<li>Trocken gekoppelt, es wird kein Kopplungsgel ben\u00f6tigt<\/li>\n<li>Die Genauigkeit wird nicht durch die Farbe der Fl\u00fcssigkeit oder des Schlauchs beeinflusst<\/li>\n<\/ul>\n","protected":false},"excerpt":{"rendered":"<p>Blasendetektor basierend auf gepulster Ultraschalltechnologie.<\/p>\n","protected":false},"featured_media":27204,"template":"","meta":{"_crdt_document":""},"product_brand":[],"product_cat":[307],"product_tag":[266],"class_list":{"0":"post-7801","1":"product","2":"type-product","3":"status-publish","4":"has-post-thumbnail","6":"product_cat-durchfluss","7":"product_tag-article-de","9":"first","10":"instock","11":"taxable","12":"shipping-taxable","13":"product-type-simple"},"yoast_head":"<!-- This site is optimized with the Yoast SEO plugin v27.3 - https:\/\/yoast.com\/product\/yoast-seo-wordpress\/ -->\n<title>Luftblasen- und Luft-In-Line-Sensor AD8 \/ AD9 - Sysmatec<\/title>\n<meta name=\"description\" content=\"Blasendetektor basierend auf gepulster Ultraschalltechnologie. Der Detektor hat keinen Kontakt mit der Fl\u00fcssigkeit.\" \/>\n<meta name=\"robots\" content=\"index, follow, max-snippet:-1, max-image-preview:large, max-video-preview:-1\" \/>\n<link rel=\"canonical\" href=\"https:\/\/sysmatec.ch\/de\/produit\/luftblasen-und-luft-in-line-sensor-ad8-ad9\/\" \/>\n<meta property=\"og:locale\" content=\"de_DE\" \/>\n<meta property=\"og:type\" content=\"article\" \/>\n<meta property=\"og:title\" content=\"Luftblasen- und Luft-In-Line-Sensor AD8 \/ AD9 - Sysmatec\" \/>\n<meta property=\"og:description\" content=\"Blasendetektor basierend auf gepulster Ultraschalltechnologie. Der Detektor hat keinen Kontakt mit der Fl\u00fcssigkeit.\" \/>\n<meta property=\"og:url\" content=\"https:\/\/sysmatec.ch\/de\/produit\/luftblasen-und-luft-in-line-sensor-ad8-ad9\/\" \/>\n<meta property=\"og:site_name\" content=\"Sysmatec\" \/>\n<meta property=\"article:modified_time\" content=\"2022-04-23T19:26:34+00:00\" \/>\n<meta property=\"og:image\" content=\"https:\/\/sysmatec.ch\/wp-content\/uploads\/2019\/06\/DetecteurBulle_Introtek.jpg\" \/>\n\t<meta property=\"og:image:width\" content=\"440\" \/>\n\t<meta property=\"og:image:height\" content=\"330\" \/>\n\t<meta property=\"og:image:type\" content=\"image\/jpeg\" \/>\n<meta name=\"twitter:card\" content=\"summary_large_image\" \/>\n<meta name=\"twitter:label1\" content=\"Gesch\u00e4tzte Lesezeit\" \/>\n\t<meta name=\"twitter:data1\" content=\"1\u00a0Minute\" \/>\n<script type=\"application\/ld+json\" class=\"yoast-schema-graph\">{\"@context\":\"https:\\\/\\\/schema.org\",\"@graph\":[{\"@type\":\"WebPage\",\"@id\":\"https:\\\/\\\/sysmatec.ch\\\/de\\\/produit\\\/luftblasen-und-luft-in-line-sensor-ad8-ad9\\\/\",\"url\":\"https:\\\/\\\/sysmatec.ch\\\/de\\\/produit\\\/luftblasen-und-luft-in-line-sensor-ad8-ad9\\\/\",\"name\":\"Luftblasen- und Luft-In-Line-Sensor AD8 \\\/ AD9 - Sysmatec\",\"isPartOf\":{\"@id\":\"https:\\\/\\\/sysmatec.ch\\\/de\\\/#website\"},\"primaryImageOfPage\":{\"@id\":\"https:\\\/\\\/sysmatec.ch\\\/de\\\/produit\\\/luftblasen-und-luft-in-line-sensor-ad8-ad9\\\/#primaryimage\"},\"image\":{\"@id\":\"https:\\\/\\\/sysmatec.ch\\\/de\\\/produit\\\/luftblasen-und-luft-in-line-sensor-ad8-ad9\\\/#primaryimage\"},\"thumbnailUrl\":\"https:\\\/\\\/sysmatec.ch\\\/wp-content\\\/uploads\\\/2019\\\/06\\\/DetecteurBulle_Introtek.jpg\",\"datePublished\":\"2019-06-27T12:35:53+00:00\",\"dateModified\":\"2022-04-23T19:26:34+00:00\",\"description\":\"Blasendetektor basierend auf gepulster Ultraschalltechnologie. Der Detektor hat keinen Kontakt mit der Fl\u00fcssigkeit.\",\"breadcrumb\":{\"@id\":\"https:\\\/\\\/sysmatec.ch\\\/de\\\/produit\\\/luftblasen-und-luft-in-line-sensor-ad8-ad9\\\/#breadcrumb\"},\"inLanguage\":\"de\",\"potentialAction\":[{\"@type\":\"ReadAction\",\"target\":[\"https:\\\/\\\/sysmatec.ch\\\/de\\\/produit\\\/luftblasen-und-luft-in-line-sensor-ad8-ad9\\\/\"]}]},{\"@type\":\"ImageObject\",\"inLanguage\":\"de\",\"@id\":\"https:\\\/\\\/sysmatec.ch\\\/de\\\/produit\\\/luftblasen-und-luft-in-line-sensor-ad8-ad9\\\/#primaryimage\",\"url\":\"https:\\\/\\\/sysmatec.ch\\\/wp-content\\\/uploads\\\/2019\\\/06\\\/DetecteurBulle_Introtek.jpg\",\"contentUrl\":\"https:\\\/\\\/sysmatec.ch\\\/wp-content\\\/uploads\\\/2019\\\/06\\\/DetecteurBulle_Introtek.jpg\",\"width\":440,\"height\":330},{\"@type\":\"BreadcrumbList\",\"@id\":\"https:\\\/\\\/sysmatec.ch\\\/de\\\/produit\\\/luftblasen-und-luft-in-line-sensor-ad8-ad9\\\/#breadcrumb\",\"itemListElement\":[{\"@type\":\"ListItem\",\"position\":1,\"name\":\"Accueil\",\"item\":\"https:\\\/\\\/sysmatec.ch\\\/de\\\/\"},{\"@type\":\"ListItem\",\"position\":2,\"name\":\"Die Aktivit\u00e4t von Sysmatec\",\"item\":\"https:\\\/\\\/sysmatec.ch\\\/de\\\/\"},{\"@type\":\"ListItem\",\"position\":3,\"name\":\"Luftblasen- und Luft-In-Line-Sensor AD8 \\\/ AD9\"}]},{\"@type\":\"WebSite\",\"@id\":\"https:\\\/\\\/sysmatec.ch\\\/de\\\/#website\",\"url\":\"https:\\\/\\\/sysmatec.ch\\\/de\\\/\",\"name\":\"Sysmatec\",\"description\":\"Equipement de laboratoire et logiciels\",\"publisher\":{\"@id\":\"https:\\\/\\\/sysmatec.ch\\\/de\\\/#organization\"},\"potentialAction\":[{\"@type\":\"SearchAction\",\"target\":{\"@type\":\"EntryPoint\",\"urlTemplate\":\"https:\\\/\\\/sysmatec.ch\\\/de\\\/?s={search_term_string}\"},\"query-input\":{\"@type\":\"PropertyValueSpecification\",\"valueRequired\":true,\"valueName\":\"search_term_string\"}}],\"inLanguage\":\"de\"},{\"@type\":\"Organization\",\"@id\":\"https:\\\/\\\/sysmatec.ch\\\/de\\\/#organization\",\"name\":\"Sysmatec\",\"url\":\"https:\\\/\\\/sysmatec.ch\\\/de\\\/\",\"logo\":{\"@type\":\"ImageObject\",\"inLanguage\":\"de\",\"@id\":\"https:\\\/\\\/sysmatec.ch\\\/de\\\/#\\\/schema\\\/logo\\\/image\\\/\",\"url\":\"https:\\\/\\\/sysmatec.ch\\\/wp-content\\\/uploads\\\/2018\\\/11\\\/LogoSysmatec.jpg\",\"contentUrl\":\"https:\\\/\\\/sysmatec.ch\\\/wp-content\\\/uploads\\\/2018\\\/11\\\/LogoSysmatec.jpg\",\"width\":301,\"height\":297,\"caption\":\"Sysmatec\"},\"image\":{\"@id\":\"https:\\\/\\\/sysmatec.ch\\\/de\\\/#\\\/schema\\\/logo\\\/image\\\/\"}}]}<\/script>\n<!-- \/ Yoast SEO plugin. -->","yoast_head_json":{"title":"Luftblasen- und Luft-In-Line-Sensor AD8 \/ AD9 - Sysmatec","description":"Blasendetektor basierend auf gepulster Ultraschalltechnologie. Der Detektor hat keinen Kontakt mit der Fl\u00fcssigkeit.","robots":{"index":"index","follow":"follow","max-snippet":"max-snippet:-1","max-image-preview":"max-image-preview:large","max-video-preview":"max-video-preview:-1"},"canonical":"https:\/\/sysmatec.ch\/de\/produit\/luftblasen-und-luft-in-line-sensor-ad8-ad9\/","og_locale":"de_DE","og_type":"article","og_title":"Luftblasen- und Luft-In-Line-Sensor AD8 \/ AD9 - Sysmatec","og_description":"Blasendetektor basierend auf gepulster Ultraschalltechnologie. Der Detektor hat keinen Kontakt mit der Fl\u00fcssigkeit.","og_url":"https:\/\/sysmatec.ch\/de\/produit\/luftblasen-und-luft-in-line-sensor-ad8-ad9\/","og_site_name":"Sysmatec","article_modified_time":"2022-04-23T19:26:34+00:00","og_image":[{"width":440,"height":330,"url":"https:\/\/sysmatec.ch\/wp-content\/uploads\/2019\/06\/DetecteurBulle_Introtek.jpg","type":"image\/jpeg"}],"twitter_card":"summary_large_image","twitter_misc":{"Gesch\u00e4tzte Lesezeit":"1\u00a0Minute"},"schema":{"@context":"https:\/\/schema.org","@graph":[{"@type":"WebPage","@id":"https:\/\/sysmatec.ch\/de\/produit\/luftblasen-und-luft-in-line-sensor-ad8-ad9\/","url":"https:\/\/sysmatec.ch\/de\/produit\/luftblasen-und-luft-in-line-sensor-ad8-ad9\/","name":"Luftblasen- und Luft-In-Line-Sensor AD8 \/ AD9 - Sysmatec","isPartOf":{"@id":"https:\/\/sysmatec.ch\/de\/#website"},"primaryImageOfPage":{"@id":"https:\/\/sysmatec.ch\/de\/produit\/luftblasen-und-luft-in-line-sensor-ad8-ad9\/#primaryimage"},"image":{"@id":"https:\/\/sysmatec.ch\/de\/produit\/luftblasen-und-luft-in-line-sensor-ad8-ad9\/#primaryimage"},"thumbnailUrl":"https:\/\/sysmatec.ch\/wp-content\/uploads\/2019\/06\/DetecteurBulle_Introtek.jpg","datePublished":"2019-06-27T12:35:53+00:00","dateModified":"2022-04-23T19:26:34+00:00","description":"Blasendetektor basierend auf gepulster Ultraschalltechnologie. Der Detektor hat keinen Kontakt mit der Fl\u00fcssigkeit.","breadcrumb":{"@id":"https:\/\/sysmatec.ch\/de\/produit\/luftblasen-und-luft-in-line-sensor-ad8-ad9\/#breadcrumb"},"inLanguage":"de","potentialAction":[{"@type":"ReadAction","target":["https:\/\/sysmatec.ch\/de\/produit\/luftblasen-und-luft-in-line-sensor-ad8-ad9\/"]}]},{"@type":"ImageObject","inLanguage":"de","@id":"https:\/\/sysmatec.ch\/de\/produit\/luftblasen-und-luft-in-line-sensor-ad8-ad9\/#primaryimage","url":"https:\/\/sysmatec.ch\/wp-content\/uploads\/2019\/06\/DetecteurBulle_Introtek.jpg","contentUrl":"https:\/\/sysmatec.ch\/wp-content\/uploads\/2019\/06\/DetecteurBulle_Introtek.jpg","width":440,"height":330},{"@type":"BreadcrumbList","@id":"https:\/\/sysmatec.ch\/de\/produit\/luftblasen-und-luft-in-line-sensor-ad8-ad9\/#breadcrumb","itemListElement":[{"@type":"ListItem","position":1,"name":"Accueil","item":"https:\/\/sysmatec.ch\/de\/"},{"@type":"ListItem","position":2,"name":"Die Aktivit\u00e4t von Sysmatec","item":"https:\/\/sysmatec.ch\/de\/"},{"@type":"ListItem","position":3,"name":"Luftblasen- und Luft-In-Line-Sensor AD8 \/ AD9"}]},{"@type":"WebSite","@id":"https:\/\/sysmatec.ch\/de\/#website","url":"https:\/\/sysmatec.ch\/de\/","name":"Sysmatec","description":"Equipement de laboratoire et logiciels","publisher":{"@id":"https:\/\/sysmatec.ch\/de\/#organization"},"potentialAction":[{"@type":"SearchAction","target":{"@type":"EntryPoint","urlTemplate":"https:\/\/sysmatec.ch\/de\/?s={search_term_string}"},"query-input":{"@type":"PropertyValueSpecification","valueRequired":true,"valueName":"search_term_string"}}],"inLanguage":"de"},{"@type":"Organization","@id":"https:\/\/sysmatec.ch\/de\/#organization","name":"Sysmatec","url":"https:\/\/sysmatec.ch\/de\/","logo":{"@type":"ImageObject","inLanguage":"de","@id":"https:\/\/sysmatec.ch\/de\/#\/schema\/logo\/image\/","url":"https:\/\/sysmatec.ch\/wp-content\/uploads\/2018\/11\/LogoSysmatec.jpg","contentUrl":"https:\/\/sysmatec.ch\/wp-content\/uploads\/2018\/11\/LogoSysmatec.jpg","width":301,"height":297,"caption":"Sysmatec"},"image":{"@id":"https:\/\/sysmatec.ch\/de\/#\/schema\/logo\/image\/"}}]}},"_links":{"self":[{"href":"https:\/\/sysmatec.ch\/de\/wp-json\/wp\/v2\/product\/7801","targetHints":{"allow":["GET"]}}],"collection":[{"href":"https:\/\/sysmatec.ch\/de\/wp-json\/wp\/v2\/product"}],"about":[{"href":"https:\/\/sysmatec.ch\/de\/wp-json\/wp\/v2\/types\/product"}],"wp:featuredmedia":[{"embeddable":true,"href":"https:\/\/sysmatec.ch\/de\/wp-json\/wp\/v2\/media\/27204"}],"wp:attachment":[{"href":"https:\/\/sysmatec.ch\/de\/wp-json\/wp\/v2\/media?parent=7801"}],"wp:term":[{"taxonomy":"product_brand","embeddable":true,"href":"https:\/\/sysmatec.ch\/de\/wp-json\/wp\/v2\/product_brand?post=7801"},{"taxonomy":"product_cat","embeddable":true,"href":"https:\/\/sysmatec.ch\/de\/wp-json\/wp\/v2\/product_cat?post=7801"},{"taxonomy":"product_tag","embeddable":true,"href":"https:\/\/sysmatec.ch\/de\/wp-json\/wp\/v2\/product_tag?post=7801"}],"curies":[{"name":"wp","href":"https:\/\/api.w.org\/{rel}","templated":true}]}}