{"id":7791,"date":"2019-06-27T09:51:11","date_gmt":"2019-06-27T07:51:11","guid":{"rendered":"https:\/\/sysmatec.ch\/produit\/en-telechargement\/"},"modified":"2022-04-25T09:33:59","modified_gmt":"2022-04-25T07:33:59","slug":"4g-temperaturlogger-mit-gps-funktion","status":"publish","type":"product","link":"https:\/\/sysmatec.ch\/de\/Produkt\/4g-temperaturlogger-mit-gps-funktion\/","title":{"rendered":"4G-Temperaturlogger mit GPS-Funktion"},"content":{"rendered":"<p><span class=\"JLqJ4b ChMk0b\" data-language-for-alternatives=\"de\" data-language-to-translate-into=\"fr\" data-phrase-index=\"2\" data-number-of-phrases=\"13\"><span class=\"Q4iAWc\">Temperaturdatenlogger mit GPS-Funktion und 4G-Kommunikation.<\/span><\/span> <span class=\"JLqJ4b ChMk0b\" data-language-for-alternatives=\"de\" data-language-to-translate-into=\"fr\" data-phrase-index=\"3\" data-number-of-phrases=\"13\"><span class=\"Q4iAWc\">Die Daten werden in einer Cloud gespeichert und k\u00f6nnen von jedem mit dem Internet verbundenen Ger\u00e4t (Computer, Tablet, Smartphone) eingesehen werden.<\/span><\/span> <span class=\"JLqJ4b ChMk0b\" data-language-for-alternatives=\"de\" data-language-to-translate-into=\"fr\" data-phrase-index=\"4\" data-number-of-phrases=\"13\"><span class=\"Q4iAWc\">Es ist dann m\u00f6glich, die Position einer Ware in Echtzeit zu kennen.<\/span><\/span><\/p>\n<p><span class=\"JLqJ4b ChMk0b\" data-language-for-alternatives=\"de\" data-language-to-translate-into=\"fr\" data-phrase-index=\"6\" data-number-of-phrases=\"13\"><span class=\"Q4iAWc\">Akkulaufzeit: ca. 15 Tage (Akkuladung \u00fcber USB-Schnittstelle, Kapazit\u00e4t 5000 mAh).<\/span><\/span><\/p>\n<p><span class=\"JLqJ4b ChMk0b\" data-language-for-alternatives=\"de\" data-language-to-translate-into=\"fr\" data-phrase-index=\"8\" data-number-of-phrases=\"13\"><span class=\"Q4iAWc\">Es ist m\u00f6glich, eine externe Antenne und verschiedene zus\u00e4tzliche Sensoren wie Au\u00dfentemperatur, Feuchtigkeit, NH3, CO2, Formaldehyd, Luftdruck, Windmesser usw. anzuschlie\u00dfen.<\/span><\/span><\/p>\n","protected":false},"excerpt":{"rendered":"<p>Temperaturschreiber mit GPS-Funktion und 4G-Kommunikation.<\/p>\n","protected":false},"featured_media":27211,"template":"","meta":{"_crdt_document":""},"product_brand":[],"product_cat":[168,173],"product_tag":[],"class_list":{"0":"post-7791","1":"product","2":"type-product","3":"status-publish","4":"has-post-thumbnail","6":"product_cat-datenlogger","7":"product_cat-temperatur","9":"first","10":"instock","11":"taxable","12":"shipping-taxable","13":"product-type-simple"},"yoast_head":"<!-- This site is optimized with the Yoast SEO plugin v27.4 - https:\/\/yoast.com\/product\/yoast-seo-wordpress\/ -->\n<title>4G-Temperaturlogger mit GPS-Funktion - Sysmatec<\/title>\n<meta name=\"description\" content=\"Temperaturschreiber mit GPS-Funktion und 4G-Kommunikation zur Warenverfolgung in Echtzeit.\" \/>\n<meta name=\"robots\" content=\"index, follow, max-snippet:-1, max-image-preview:large, max-video-preview:-1\" \/>\n<link rel=\"canonical\" href=\"https:\/\/sysmatec.ch\/de\/produit\/4g-temperaturlogger-mit-gps-funktion\/\" \/>\n<meta property=\"og:locale\" content=\"de_DE\" \/>\n<meta property=\"og:type\" content=\"article\" \/>\n<meta property=\"og:title\" content=\"4G-Temperaturlogger mit GPS-Funktion - Sysmatec\" \/>\n<meta property=\"og:description\" content=\"Temperaturschreiber mit GPS-Funktion und 4G-Kommunikation zur Warenverfolgung in Echtzeit.\" \/>\n<meta property=\"og:url\" content=\"https:\/\/sysmatec.ch\/de\/produit\/4g-temperaturlogger-mit-gps-funktion\/\" \/>\n<meta property=\"og:site_name\" content=\"Sysmatec\" \/>\n<meta property=\"article:modified_time\" content=\"2022-04-25T07:33:59+00:00\" \/>\n<meta property=\"og:image\" content=\"https:\/\/sysmatec.ch\/wp-content\/uploads\/2019\/06\/Enregistreur_AudioInno1.jpg\" \/>\n\t<meta property=\"og:image:width\" content=\"595\" \/>\n\t<meta property=\"og:image:height\" content=\"546\" \/>\n\t<meta property=\"og:image:type\" content=\"image\/jpeg\" \/>\n<meta name=\"twitter:card\" content=\"summary_large_image\" \/>\n<meta name=\"twitter:label1\" content=\"Gesch\u00e4tzte Lesezeit\" \/>\n\t<meta name=\"twitter:data1\" content=\"1\u00a0Minute\" \/>\n<script type=\"application\/ld+json\" class=\"yoast-schema-graph\">{\"@context\":\"https:\\\/\\\/schema.org\",\"@graph\":[{\"@type\":\"WebPage\",\"@id\":\"https:\\\/\\\/sysmatec.ch\\\/de\\\/produit\\\/4g-temperaturlogger-mit-gps-funktion\\\/\",\"url\":\"https:\\\/\\\/sysmatec.ch\\\/de\\\/produit\\\/4g-temperaturlogger-mit-gps-funktion\\\/\",\"name\":\"4G-Temperaturlogger mit GPS-Funktion - Sysmatec\",\"isPartOf\":{\"@id\":\"https:\\\/\\\/sysmatec.ch\\\/de\\\/#website\"},\"primaryImageOfPage\":{\"@id\":\"https:\\\/\\\/sysmatec.ch\\\/de\\\/produit\\\/4g-temperaturlogger-mit-gps-funktion\\\/#primaryimage\"},\"image\":{\"@id\":\"https:\\\/\\\/sysmatec.ch\\\/de\\\/produit\\\/4g-temperaturlogger-mit-gps-funktion\\\/#primaryimage\"},\"thumbnailUrl\":\"https:\\\/\\\/sysmatec.ch\\\/wp-content\\\/uploads\\\/2019\\\/06\\\/Enregistreur_AudioInno1.jpg\",\"datePublished\":\"2019-06-27T07:51:11+00:00\",\"dateModified\":\"2022-04-25T07:33:59+00:00\",\"description\":\"Temperaturschreiber mit GPS-Funktion und 4G-Kommunikation zur Warenverfolgung in Echtzeit.\",\"breadcrumb\":{\"@id\":\"https:\\\/\\\/sysmatec.ch\\\/de\\\/produit\\\/4g-temperaturlogger-mit-gps-funktion\\\/#breadcrumb\"},\"inLanguage\":\"de\",\"potentialAction\":[{\"@type\":\"ReadAction\",\"target\":[\"https:\\\/\\\/sysmatec.ch\\\/de\\\/produit\\\/4g-temperaturlogger-mit-gps-funktion\\\/\"]}]},{\"@type\":\"ImageObject\",\"inLanguage\":\"de\",\"@id\":\"https:\\\/\\\/sysmatec.ch\\\/de\\\/produit\\\/4g-temperaturlogger-mit-gps-funktion\\\/#primaryimage\",\"url\":\"https:\\\/\\\/sysmatec.ch\\\/wp-content\\\/uploads\\\/2019\\\/06\\\/Enregistreur_AudioInno1.jpg\",\"contentUrl\":\"https:\\\/\\\/sysmatec.ch\\\/wp-content\\\/uploads\\\/2019\\\/06\\\/Enregistreur_AudioInno1.jpg\",\"width\":595,\"height\":546},{\"@type\":\"BreadcrumbList\",\"@id\":\"https:\\\/\\\/sysmatec.ch\\\/de\\\/produit\\\/4g-temperaturlogger-mit-gps-funktion\\\/#breadcrumb\",\"itemListElement\":[{\"@type\":\"ListItem\",\"position\":1,\"name\":\"Accueil\",\"item\":\"https:\\\/\\\/sysmatec.ch\\\/de\\\/\"},{\"@type\":\"ListItem\",\"position\":2,\"name\":\"Die Aktivit\u00e4t von Sysmatec\",\"item\":\"https:\\\/\\\/sysmatec.ch\\\/de\\\/\"},{\"@type\":\"ListItem\",\"position\":3,\"name\":\"4G-Temperaturlogger mit GPS-Funktion\"}]},{\"@type\":\"WebSite\",\"@id\":\"https:\\\/\\\/sysmatec.ch\\\/de\\\/#website\",\"url\":\"https:\\\/\\\/sysmatec.ch\\\/de\\\/\",\"name\":\"Sysmatec\",\"description\":\"Equipement de laboratoire et logiciels\",\"publisher\":{\"@id\":\"https:\\\/\\\/sysmatec.ch\\\/de\\\/#organization\"},\"potentialAction\":[{\"@type\":\"SearchAction\",\"target\":{\"@type\":\"EntryPoint\",\"urlTemplate\":\"https:\\\/\\\/sysmatec.ch\\\/de\\\/?s={search_term_string}\"},\"query-input\":{\"@type\":\"PropertyValueSpecification\",\"valueRequired\":true,\"valueName\":\"search_term_string\"}}],\"inLanguage\":\"de\"},{\"@type\":\"Organization\",\"@id\":\"https:\\\/\\\/sysmatec.ch\\\/de\\\/#organization\",\"name\":\"Sysmatec\",\"url\":\"https:\\\/\\\/sysmatec.ch\\\/de\\\/\",\"logo\":{\"@type\":\"ImageObject\",\"inLanguage\":\"de\",\"@id\":\"https:\\\/\\\/sysmatec.ch\\\/de\\\/#\\\/schema\\\/logo\\\/image\\\/\",\"url\":\"https:\\\/\\\/sysmatec.ch\\\/wp-content\\\/uploads\\\/2018\\\/11\\\/LogoSysmatec.jpg\",\"contentUrl\":\"https:\\\/\\\/sysmatec.ch\\\/wp-content\\\/uploads\\\/2018\\\/11\\\/LogoSysmatec.jpg\",\"width\":301,\"height\":297,\"caption\":\"Sysmatec\"},\"image\":{\"@id\":\"https:\\\/\\\/sysmatec.ch\\\/de\\\/#\\\/schema\\\/logo\\\/image\\\/\"}}]}<\/script>\n<!-- \/ Yoast SEO plugin. -->","yoast_head_json":{"title":"4G-Temperaturlogger mit GPS-Funktion - Sysmatec","description":"Temperaturschreiber mit GPS-Funktion und 4G-Kommunikation zur Warenverfolgung in Echtzeit.","robots":{"index":"index","follow":"follow","max-snippet":"max-snippet:-1","max-image-preview":"max-image-preview:large","max-video-preview":"max-video-preview:-1"},"canonical":"https:\/\/sysmatec.ch\/de\/produit\/4g-temperaturlogger-mit-gps-funktion\/","og_locale":"de_DE","og_type":"article","og_title":"4G-Temperaturlogger mit GPS-Funktion - Sysmatec","og_description":"Temperaturschreiber mit GPS-Funktion und 4G-Kommunikation zur Warenverfolgung in Echtzeit.","og_url":"https:\/\/sysmatec.ch\/de\/produit\/4g-temperaturlogger-mit-gps-funktion\/","og_site_name":"Sysmatec","article_modified_time":"2022-04-25T07:33:59+00:00","og_image":[{"width":595,"height":546,"url":"https:\/\/sysmatec.ch\/wp-content\/uploads\/2019\/06\/Enregistreur_AudioInno1.jpg","type":"image\/jpeg"}],"twitter_card":"summary_large_image","twitter_misc":{"Gesch\u00e4tzte Lesezeit":"1\u00a0Minute"},"schema":{"@context":"https:\/\/schema.org","@graph":[{"@type":"WebPage","@id":"https:\/\/sysmatec.ch\/de\/produit\/4g-temperaturlogger-mit-gps-funktion\/","url":"https:\/\/sysmatec.ch\/de\/produit\/4g-temperaturlogger-mit-gps-funktion\/","name":"4G-Temperaturlogger mit GPS-Funktion - Sysmatec","isPartOf":{"@id":"https:\/\/sysmatec.ch\/de\/#website"},"primaryImageOfPage":{"@id":"https:\/\/sysmatec.ch\/de\/produit\/4g-temperaturlogger-mit-gps-funktion\/#primaryimage"},"image":{"@id":"https:\/\/sysmatec.ch\/de\/produit\/4g-temperaturlogger-mit-gps-funktion\/#primaryimage"},"thumbnailUrl":"https:\/\/sysmatec.ch\/wp-content\/uploads\/2019\/06\/Enregistreur_AudioInno1.jpg","datePublished":"2019-06-27T07:51:11+00:00","dateModified":"2022-04-25T07:33:59+00:00","description":"Temperaturschreiber mit GPS-Funktion und 4G-Kommunikation zur Warenverfolgung in Echtzeit.","breadcrumb":{"@id":"https:\/\/sysmatec.ch\/de\/produit\/4g-temperaturlogger-mit-gps-funktion\/#breadcrumb"},"inLanguage":"de","potentialAction":[{"@type":"ReadAction","target":["https:\/\/sysmatec.ch\/de\/produit\/4g-temperaturlogger-mit-gps-funktion\/"]}]},{"@type":"ImageObject","inLanguage":"de","@id":"https:\/\/sysmatec.ch\/de\/produit\/4g-temperaturlogger-mit-gps-funktion\/#primaryimage","url":"https:\/\/sysmatec.ch\/wp-content\/uploads\/2019\/06\/Enregistreur_AudioInno1.jpg","contentUrl":"https:\/\/sysmatec.ch\/wp-content\/uploads\/2019\/06\/Enregistreur_AudioInno1.jpg","width":595,"height":546},{"@type":"BreadcrumbList","@id":"https:\/\/sysmatec.ch\/de\/produit\/4g-temperaturlogger-mit-gps-funktion\/#breadcrumb","itemListElement":[{"@type":"ListItem","position":1,"name":"Accueil","item":"https:\/\/sysmatec.ch\/de\/"},{"@type":"ListItem","position":2,"name":"Die Aktivit\u00e4t von Sysmatec","item":"https:\/\/sysmatec.ch\/de\/"},{"@type":"ListItem","position":3,"name":"4G-Temperaturlogger mit GPS-Funktion"}]},{"@type":"WebSite","@id":"https:\/\/sysmatec.ch\/de\/#website","url":"https:\/\/sysmatec.ch\/de\/","name":"Sysmatec","description":"Equipement de laboratoire et logiciels","publisher":{"@id":"https:\/\/sysmatec.ch\/de\/#organization"},"potentialAction":[{"@type":"SearchAction","target":{"@type":"EntryPoint","urlTemplate":"https:\/\/sysmatec.ch\/de\/?s={search_term_string}"},"query-input":{"@type":"PropertyValueSpecification","valueRequired":true,"valueName":"search_term_string"}}],"inLanguage":"de"},{"@type":"Organization","@id":"https:\/\/sysmatec.ch\/de\/#organization","name":"Sysmatec","url":"https:\/\/sysmatec.ch\/de\/","logo":{"@type":"ImageObject","inLanguage":"de","@id":"https:\/\/sysmatec.ch\/de\/#\/schema\/logo\/image\/","url":"https:\/\/sysmatec.ch\/wp-content\/uploads\/2018\/11\/LogoSysmatec.jpg","contentUrl":"https:\/\/sysmatec.ch\/wp-content\/uploads\/2018\/11\/LogoSysmatec.jpg","width":301,"height":297,"caption":"Sysmatec"},"image":{"@id":"https:\/\/sysmatec.ch\/de\/#\/schema\/logo\/image\/"}}]}},"_links":{"self":[{"href":"https:\/\/sysmatec.ch\/de\/wp-json\/wp\/v2\/product\/7791","targetHints":{"allow":["GET"]}}],"collection":[{"href":"https:\/\/sysmatec.ch\/de\/wp-json\/wp\/v2\/product"}],"about":[{"href":"https:\/\/sysmatec.ch\/de\/wp-json\/wp\/v2\/types\/product"}],"wp:featuredmedia":[{"embeddable":true,"href":"https:\/\/sysmatec.ch\/de\/wp-json\/wp\/v2\/media\/27211"}],"wp:attachment":[{"href":"https:\/\/sysmatec.ch\/de\/wp-json\/wp\/v2\/media?parent=7791"}],"wp:term":[{"taxonomy":"product_brand","embeddable":true,"href":"https:\/\/sysmatec.ch\/de\/wp-json\/wp\/v2\/product_brand?post=7791"},{"taxonomy":"product_cat","embeddable":true,"href":"https:\/\/sysmatec.ch\/de\/wp-json\/wp\/v2\/product_cat?post=7791"},{"taxonomy":"product_tag","embeddable":true,"href":"https:\/\/sysmatec.ch\/de\/wp-json\/wp\/v2\/product_tag?post=7791"}],"curies":[{"name":"wp","href":"https:\/\/api.w.org\/{rel}","templated":true}]}}