{"id":7787,"date":"2019-06-27T09:29:33","date_gmt":"2019-06-27T07:29:33","guid":{"rendered":"https:\/\/sysmatec.ch\/produit\/pnet-logiciel-de-commande-de-pompes-de-laboratoire\/"},"modified":"2025-01-16T15:16:43","modified_gmt":"2025-01-16T14:16:43","slug":"spektrophotometer-megaquant","status":"publish","type":"product","link":"https:\/\/sysmatec.ch\/de\/Produkt\/spektrophotometer-megaquant\/","title":{"rendered":"Spektrophotometer MegaQuant\u2122"},"content":{"rendered":"<p><span class=\"JLqJ4b ChMk0b\" data-language-for-alternatives=\"de\" data-language-to-translate-into=\"en\" data-phrase-index=\"0\" data-number-of-phrases=\"5\"><span class=\"Q4iAWc\">Dieser Chemie-Analysator ist ein kompaktes, wirtschaftliches, eigenst\u00e4ndiges, sichtbares Spektralphotometer f\u00fcr den Tisch, das mit exklusiver Software geliefert wird und die M\u00f6glichkeit bietet, bis zu 4 Extinktionsmessungen pro Probe durchzuf\u00fchren, um aufeinanderfolgende Reaktionen zu erm\u00f6glichen.<\/span><\/span> <span class=\"JLqJ4b ChMk0b\" data-language-for-alternatives=\"de\" data-language-to-translate-into=\"en\" data-phrase-index=\"1\" data-number-of-phrases=\"5\"><span class=\"Q4iAWc\">Ein umfangreiches und st\u00e4ndig wachsendes Angebot an vorinstallierten Protokollen zur Verwendung mit\u00a0Megazyme-Testkits\u00a0ist ebenfalls enthalten und bietet dem Analytiker eine einfache Handhabung, eine integrierte Schritt-f\u00fcr-Schritt-Anleitung und eine vollautomatische Berechnung der Ergebnisse, sogar mit Ber\u00fccksichtigung<\/span><\/span> <span class=\"JLqJ4b ChMk0b\" data-language-for-alternatives=\"de\" data-language-to-translate-into=\"en\" data-phrase-index=\"2\" data-number-of-phrases=\"5\"><span class=\"Q4iAWc\">individuelle Probenverd\u00fcnnung.<\/span><\/span><\/p>\n<p><span class=\"JLqJ4b ChMk0b\" data-language-for-alternatives=\"de\" data-language-to-translate-into=\"en\" data-phrase-index=\"4\" data-number-of-phrases=\"5\"><span class=\"Q4iAWc\">Sein stromlinienf\u00f6rmiges Design bietet eine Touchscreen-Oberfl\u00e4che, hervorragende Optik, integrierte Kurvenanpassungssoftware und einen eingebauten Drucker, um den Anforderungen moderner Labors und Weing\u00fcter gerecht zu werden.<\/span><\/span><\/p>\n<p>Megaquant Wave (Ref. D-MQWAVE-1) und Megaquant Wave Starter Kit (D-MQWAVE-2) werden mit den bereits aufgezeichneten Methoden geliefert. Das D-MQWAVE-2 Referenz wird mit einem zus\u00e4tzlichen Starterkit f\u00fcr Analysen (Pipetten, Probenr\u00f6hrchen, Messkolben, Timer, PVPP-Tabletten zur Entf\u00e4rbung und Filter) geliefert.<\/p>\n<h2>Merkmale des Spektralfotometers<\/h2>\n<ul>\n<li>\u00dcber 70 vorinstallierte Protokolle zur Verwendung mit einer umfangreichen Palette von Megazyme-Testkits (manuelle Assayverfahren)<\/li>\n<li>Exklusive Software, die bis zu 4 Extinktionsmessungen pro Probe erm\u00f6glicht, um aufeinanderfolgende Reaktionen zu ber\u00fccksichtigen<\/li>\n<li>Vollautomatische Datenanalyse (automatische Ergebnisberechnung unter Ber\u00fccksichtigung individueller Probenverd\u00fcnnung)<\/li>\n<li>Doppelt so viele Tests mit Megazyme-Testkits verf\u00fcgbar (Option zur Verwendung halber Volumina, die in den manuellen Testverfahren angegeben sind)<\/li>\n<li>Verwendung als standardm\u00e4\u00dfiges sichtbares Spektrometer im Absorptionsmodus (MegaCalc\u2122-kompatibel)<\/li>\n<li>Geeignet f\u00fcr geringe Probenzahlen\/kleine Labore\/Weinkellereien<\/li>\n<\/ul>\n<h2>Spezifikationen des Spektralfotometers<\/h2>\n<ul>\n<li>F\u00fcr 12-mm-R\u00f6hren (D-SFTUBE)<\/li>\n<li>Interaktives Touchscreen-LCD (mit USB-Maus-Option)<\/li>\n<li>Temperaturgeregelte Lesezelle und 12-Zellen-Inkubationsblock (Umgebungstemperatur, 25 \u00b0C oder 37 \u00b0C)<\/li>\n<li>Der Speicher bietet Platz f\u00fcr bis zu 120 Protokolle<\/li>\n<li>Offenes System erm\u00f6glicht die Eingabe von Benutzerprotokollen<\/li>\n<li>Assay-Modi: Absorption, Faktor, Standard, Punkt-zu-Punkt, Regression, kubischer Spline (alle Modi kinetisch, Batch oder einzeln) Integrierte Kurvenanpassungsberechnungen mit schrittweiser Benutzerf\u00fchrung<\/li>\n<li>Enth\u00e4lt sechs langlebige IAD-Filter: 340, 405, 505, 545, 580 und 630 nm<\/li>\n<li>Bichromatisches und monochromatisches Lesen<\/li>\n<li>Ausgabe: Integrierter Grafikdrucker oder optionaler Export der Ergebnisse auf einen PC\/Laptop mit der SFCapture-Software<\/li>\n<\/ul>\n","protected":false},"excerpt":{"rendered":"<p>Spektralfotometer mit 6 Filtern zur Messung der Extinktion.<\/p>\n","protected":false},"featured_media":27196,"template":"","meta":{"_crdt_document":""},"product_brand":[],"product_cat":[224],"product_tag":[],"class_list":{"0":"post-7787","1":"product","2":"type-product","3":"status-publish","4":"has-post-thumbnail","6":"product_cat-spektrophotometer","8":"first","9":"instock","10":"taxable","11":"shipping-taxable","12":"product-type-simple"},"yoast_head":"<!-- This site is optimized with the Yoast SEO plugin v27.4 - https:\/\/yoast.com\/product\/yoast-seo-wordpress\/ -->\n<title>Spektrophotometer MegaQuant\u2122 - Sysmatec<\/title>\n<meta name=\"description\" content=\"Spektralfotometer mit 6 Filtern zur Messung der Extinktion. kann mit vorprogrammierter Analyse geliefert werden.\" \/>\n<meta name=\"robots\" content=\"index, follow, max-snippet:-1, max-image-preview:large, max-video-preview:-1\" \/>\n<link rel=\"canonical\" href=\"https:\/\/sysmatec.ch\/de\/Produkt\/spektrophotometer-megaquant\/\" \/>\n<meta property=\"og:locale\" content=\"de_DE\" \/>\n<meta property=\"og:type\" content=\"article\" \/>\n<meta property=\"og:title\" content=\"Spektrophotometer MegaQuant\u2122 - Sysmatec\" \/>\n<meta property=\"og:description\" content=\"Spektralfotometer mit 6 Filtern zur Messung der Extinktion. kann mit vorprogrammierter Analyse geliefert werden.\" \/>\n<meta property=\"og:url\" content=\"https:\/\/sysmatec.ch\/de\/Produkt\/spektrophotometer-megaquant\/\" \/>\n<meta property=\"og:site_name\" content=\"Sysmatec\" \/>\n<meta property=\"article:modified_time\" content=\"2025-01-16T14:16:43+00:00\" \/>\n<meta property=\"og:image\" content=\"https:\/\/sysmatec.ch\/wp-content\/uploads\/2019\/06\/Spectrophotometre_MegaQuant.jpg\" \/>\n\t<meta property=\"og:image:width\" content=\"705\" \/>\n\t<meta property=\"og:image:height\" content=\"522\" \/>\n\t<meta property=\"og:image:type\" content=\"image\/jpeg\" \/>\n<meta name=\"twitter:card\" content=\"summary_large_image\" \/>\n<meta name=\"twitter:label1\" content=\"Gesch\u00e4tzte Lesezeit\" \/>\n\t<meta name=\"twitter:data1\" content=\"2\u00a0Minuten\" \/>\n<script type=\"application\/ld+json\" class=\"yoast-schema-graph\">{\"@context\":\"https:\\\/\\\/schema.org\",\"@graph\":[{\"@type\":\"WebPage\",\"@id\":\"https:\\\/\\\/sysmatec.ch\\\/de\\\/Produkt\\\/spektrophotometer-megaquant\\\/\",\"url\":\"https:\\\/\\\/sysmatec.ch\\\/de\\\/Produkt\\\/spektrophotometer-megaquant\\\/\",\"name\":\"Spektrophotometer MegaQuant\u2122 - Sysmatec\",\"isPartOf\":{\"@id\":\"https:\\\/\\\/sysmatec.ch\\\/de\\\/#website\"},\"primaryImageOfPage\":{\"@id\":\"https:\\\/\\\/sysmatec.ch\\\/de\\\/Produkt\\\/spektrophotometer-megaquant\\\/#primaryimage\"},\"image\":{\"@id\":\"https:\\\/\\\/sysmatec.ch\\\/de\\\/Produkt\\\/spektrophotometer-megaquant\\\/#primaryimage\"},\"thumbnailUrl\":\"https:\\\/\\\/sysmatec.ch\\\/wp-content\\\/uploads\\\/2019\\\/06\\\/Spectrophotometre_MegaQuant.jpg\",\"datePublished\":\"2019-06-27T07:29:33+00:00\",\"dateModified\":\"2025-01-16T14:16:43+00:00\",\"description\":\"Spektralfotometer mit 6 Filtern zur Messung der Extinktion. kann mit vorprogrammierter Analyse geliefert werden.\",\"breadcrumb\":{\"@id\":\"https:\\\/\\\/sysmatec.ch\\\/de\\\/Produkt\\\/spektrophotometer-megaquant\\\/#breadcrumb\"},\"inLanguage\":\"de\",\"potentialAction\":[{\"@type\":\"ReadAction\",\"target\":[\"https:\\\/\\\/sysmatec.ch\\\/de\\\/Produkt\\\/spektrophotometer-megaquant\\\/\"]}]},{\"@type\":\"ImageObject\",\"inLanguage\":\"de\",\"@id\":\"https:\\\/\\\/sysmatec.ch\\\/de\\\/Produkt\\\/spektrophotometer-megaquant\\\/#primaryimage\",\"url\":\"https:\\\/\\\/sysmatec.ch\\\/wp-content\\\/uploads\\\/2019\\\/06\\\/Spectrophotometre_MegaQuant.jpg\",\"contentUrl\":\"https:\\\/\\\/sysmatec.ch\\\/wp-content\\\/uploads\\\/2019\\\/06\\\/Spectrophotometre_MegaQuant.jpg\",\"width\":705,\"height\":522},{\"@type\":\"BreadcrumbList\",\"@id\":\"https:\\\/\\\/sysmatec.ch\\\/de\\\/Produkt\\\/spektrophotometer-megaquant\\\/#breadcrumb\",\"itemListElement\":[{\"@type\":\"ListItem\",\"position\":1,\"name\":\"Accueil\",\"item\":\"https:\\\/\\\/sysmatec.ch\\\/de\\\/\"},{\"@type\":\"ListItem\",\"position\":2,\"name\":\"Die Aktivit\u00e4t von Sysmatec\",\"item\":\"https:\\\/\\\/sysmatec.ch\\\/de\\\/\"},{\"@type\":\"ListItem\",\"position\":3,\"name\":\"Spektrophotometer MegaQuant\u2122\"}]},{\"@type\":\"WebSite\",\"@id\":\"https:\\\/\\\/sysmatec.ch\\\/de\\\/#website\",\"url\":\"https:\\\/\\\/sysmatec.ch\\\/de\\\/\",\"name\":\"Sysmatec\",\"description\":\"Equipement de laboratoire et logiciels\",\"publisher\":{\"@id\":\"https:\\\/\\\/sysmatec.ch\\\/de\\\/#organization\"},\"potentialAction\":[{\"@type\":\"SearchAction\",\"target\":{\"@type\":\"EntryPoint\",\"urlTemplate\":\"https:\\\/\\\/sysmatec.ch\\\/de\\\/?s={search_term_string}\"},\"query-input\":{\"@type\":\"PropertyValueSpecification\",\"valueRequired\":true,\"valueName\":\"search_term_string\"}}],\"inLanguage\":\"de\"},{\"@type\":\"Organization\",\"@id\":\"https:\\\/\\\/sysmatec.ch\\\/de\\\/#organization\",\"name\":\"Sysmatec\",\"url\":\"https:\\\/\\\/sysmatec.ch\\\/de\\\/\",\"logo\":{\"@type\":\"ImageObject\",\"inLanguage\":\"de\",\"@id\":\"https:\\\/\\\/sysmatec.ch\\\/de\\\/#\\\/schema\\\/logo\\\/image\\\/\",\"url\":\"https:\\\/\\\/sysmatec.ch\\\/wp-content\\\/uploads\\\/2018\\\/11\\\/LogoSysmatec.jpg\",\"contentUrl\":\"https:\\\/\\\/sysmatec.ch\\\/wp-content\\\/uploads\\\/2018\\\/11\\\/LogoSysmatec.jpg\",\"width\":301,\"height\":297,\"caption\":\"Sysmatec\"},\"image\":{\"@id\":\"https:\\\/\\\/sysmatec.ch\\\/de\\\/#\\\/schema\\\/logo\\\/image\\\/\"}}]}<\/script>\n<!-- \/ Yoast SEO plugin. -->","yoast_head_json":{"title":"Spektrophotometer MegaQuant\u2122 - Sysmatec","description":"Spektralfotometer mit 6 Filtern zur Messung der Extinktion. kann mit vorprogrammierter Analyse geliefert werden.","robots":{"index":"index","follow":"follow","max-snippet":"max-snippet:-1","max-image-preview":"max-image-preview:large","max-video-preview":"max-video-preview:-1"},"canonical":"https:\/\/sysmatec.ch\/de\/Produkt\/spektrophotometer-megaquant\/","og_locale":"de_DE","og_type":"article","og_title":"Spektrophotometer MegaQuant\u2122 - Sysmatec","og_description":"Spektralfotometer mit 6 Filtern zur Messung der Extinktion. kann mit vorprogrammierter Analyse geliefert werden.","og_url":"https:\/\/sysmatec.ch\/de\/Produkt\/spektrophotometer-megaquant\/","og_site_name":"Sysmatec","article_modified_time":"2025-01-16T14:16:43+00:00","og_image":[{"width":705,"height":522,"url":"https:\/\/sysmatec.ch\/wp-content\/uploads\/2019\/06\/Spectrophotometre_MegaQuant.jpg","type":"image\/jpeg"}],"twitter_card":"summary_large_image","twitter_misc":{"Gesch\u00e4tzte Lesezeit":"2\u00a0Minuten"},"schema":{"@context":"https:\/\/schema.org","@graph":[{"@type":"WebPage","@id":"https:\/\/sysmatec.ch\/de\/Produkt\/spektrophotometer-megaquant\/","url":"https:\/\/sysmatec.ch\/de\/Produkt\/spektrophotometer-megaquant\/","name":"Spektrophotometer MegaQuant\u2122 - Sysmatec","isPartOf":{"@id":"https:\/\/sysmatec.ch\/de\/#website"},"primaryImageOfPage":{"@id":"https:\/\/sysmatec.ch\/de\/Produkt\/spektrophotometer-megaquant\/#primaryimage"},"image":{"@id":"https:\/\/sysmatec.ch\/de\/Produkt\/spektrophotometer-megaquant\/#primaryimage"},"thumbnailUrl":"https:\/\/sysmatec.ch\/wp-content\/uploads\/2019\/06\/Spectrophotometre_MegaQuant.jpg","datePublished":"2019-06-27T07:29:33+00:00","dateModified":"2025-01-16T14:16:43+00:00","description":"Spektralfotometer mit 6 Filtern zur Messung der Extinktion. kann mit vorprogrammierter Analyse geliefert werden.","breadcrumb":{"@id":"https:\/\/sysmatec.ch\/de\/Produkt\/spektrophotometer-megaquant\/#breadcrumb"},"inLanguage":"de","potentialAction":[{"@type":"ReadAction","target":["https:\/\/sysmatec.ch\/de\/Produkt\/spektrophotometer-megaquant\/"]}]},{"@type":"ImageObject","inLanguage":"de","@id":"https:\/\/sysmatec.ch\/de\/Produkt\/spektrophotometer-megaquant\/#primaryimage","url":"https:\/\/sysmatec.ch\/wp-content\/uploads\/2019\/06\/Spectrophotometre_MegaQuant.jpg","contentUrl":"https:\/\/sysmatec.ch\/wp-content\/uploads\/2019\/06\/Spectrophotometre_MegaQuant.jpg","width":705,"height":522},{"@type":"BreadcrumbList","@id":"https:\/\/sysmatec.ch\/de\/Produkt\/spektrophotometer-megaquant\/#breadcrumb","itemListElement":[{"@type":"ListItem","position":1,"name":"Accueil","item":"https:\/\/sysmatec.ch\/de\/"},{"@type":"ListItem","position":2,"name":"Die Aktivit\u00e4t von Sysmatec","item":"https:\/\/sysmatec.ch\/de\/"},{"@type":"ListItem","position":3,"name":"Spektrophotometer MegaQuant\u2122"}]},{"@type":"WebSite","@id":"https:\/\/sysmatec.ch\/de\/#website","url":"https:\/\/sysmatec.ch\/de\/","name":"Sysmatec","description":"Equipement de laboratoire et logiciels","publisher":{"@id":"https:\/\/sysmatec.ch\/de\/#organization"},"potentialAction":[{"@type":"SearchAction","target":{"@type":"EntryPoint","urlTemplate":"https:\/\/sysmatec.ch\/de\/?s={search_term_string}"},"query-input":{"@type":"PropertyValueSpecification","valueRequired":true,"valueName":"search_term_string"}}],"inLanguage":"de"},{"@type":"Organization","@id":"https:\/\/sysmatec.ch\/de\/#organization","name":"Sysmatec","url":"https:\/\/sysmatec.ch\/de\/","logo":{"@type":"ImageObject","inLanguage":"de","@id":"https:\/\/sysmatec.ch\/de\/#\/schema\/logo\/image\/","url":"https:\/\/sysmatec.ch\/wp-content\/uploads\/2018\/11\/LogoSysmatec.jpg","contentUrl":"https:\/\/sysmatec.ch\/wp-content\/uploads\/2018\/11\/LogoSysmatec.jpg","width":301,"height":297,"caption":"Sysmatec"},"image":{"@id":"https:\/\/sysmatec.ch\/de\/#\/schema\/logo\/image\/"}}]}},"_links":{"self":[{"href":"https:\/\/sysmatec.ch\/de\/wp-json\/wp\/v2\/product\/7787","targetHints":{"allow":["GET"]}}],"collection":[{"href":"https:\/\/sysmatec.ch\/de\/wp-json\/wp\/v2\/product"}],"about":[{"href":"https:\/\/sysmatec.ch\/de\/wp-json\/wp\/v2\/types\/product"}],"wp:featuredmedia":[{"embeddable":true,"href":"https:\/\/sysmatec.ch\/de\/wp-json\/wp\/v2\/media\/27196"}],"wp:attachment":[{"href":"https:\/\/sysmatec.ch\/de\/wp-json\/wp\/v2\/media?parent=7787"}],"wp:term":[{"taxonomy":"product_brand","embeddable":true,"href":"https:\/\/sysmatec.ch\/de\/wp-json\/wp\/v2\/product_brand?post=7787"},{"taxonomy":"product_cat","embeddable":true,"href":"https:\/\/sysmatec.ch\/de\/wp-json\/wp\/v2\/product_cat?post=7787"},{"taxonomy":"product_tag","embeddable":true,"href":"https:\/\/sysmatec.ch\/de\/wp-json\/wp\/v2\/product_tag?post=7787"}],"curies":[{"name":"wp","href":"https:\/\/api.w.org\/{rel}","templated":true}]}}