{"id":7754,"date":"2019-06-27T08:46:24","date_gmt":"2019-06-27T06:46:24","guid":{"rendered":"https:\/\/sysmatec.ch\/produit\/calorimetrie-de-flux-screencal\/"},"modified":"2022-03-24T20:49:45","modified_gmt":"2022-03-24T19:49:45","slug":"viton-schlauch-lez-vitel-70","status":"publish","type":"product","link":"https:\/\/sysmatec.ch\/de\/Produkt\/viton-schlauch-lez-vitel-70\/","title":{"rendered":"Viton Schlauch LEZ-VITEL 70"},"content":{"rendered":"<p>Viton\u00ae*; 70 +\/-5 Shore A; schwarz; Dichte= 1,87 g\/cm\u00b3; elektrische Leitf\u00e4higkeit: 2 x 10E5 Ohm x cm; gute Best\u00e4ndigkeit gegen aliphatische, aromatische und halogensubstituierte Kohlenwasserstoffe, starke S\u00e4uren, Benzin, Kerosin, Diesel-Kraftstoffe, Fette und \u00d6le, Alkohole, Glykole und Hydraulikfl\u00fcssigkeiten. Nicht geeignet f\u00fcr Methanol, Bio-Kraftstoffe, Ketonen, Aldehyden, Ester und \u00c4ther. Temperaturbereich -15 \u00b0C bis +200 \u00b0C.<\/p>\n<p>Kraftstoff-, \u00d6l- und Gasleitungen in ATEX Umgebungen, Abf\u00fcllung von fl\u00fcchtigen Produkten in ATEX Umgebungen, Gaschromatographie Ger\u00e4te, Gasmessger\u00e4ten und Emissionsmessger\u00e4te.<\/p>\n<table width=\"468\">\n<tbody>\n<tr>\n<td width=\"100\">Referenz<\/td>\n<td width=\"121\">Innen Durchmesser<\/td>\n<td width=\"121\">Aussen Durchmesser<\/td>\n<td width=\"126\">Wand<\/td>\n<\/tr>\n<tr>\n<td><\/td>\n<td>mm<\/td>\n<td>mm<\/td>\n<td>mm<\/td>\n<\/tr>\n<tr>\n<td>0101AB04010<\/td>\n<td>4<\/td>\n<td>6<\/td>\n<td>1<\/td>\n<\/tr>\n<tr>\n<td>0101AB05015<\/td>\n<td>5<\/td>\n<td>8<\/td>\n<td>1.5<\/td>\n<\/tr>\n<tr>\n<td>0101AB06015<\/td>\n<td>6<\/td>\n<td>9<\/td>\n<td>1.5<\/td>\n<\/tr>\n<tr>\n<td>0101AB08020<\/td>\n<td>8<\/td>\n<td>12<\/td>\n<td>2<\/td>\n<\/tr>\n<\/tbody>\n<\/table>\n","protected":false},"excerpt":{"rendered":"<p>Viton Schlauch<\/p>\n","protected":false},"featured_media":27077,"template":"","meta":{"_crdt_document":""},"product_brand":[],"product_cat":[285,279],"product_tag":[],"class_list":{"0":"post-7754","1":"product","2":"type-product","3":"status-publish","4":"has-post-thumbnail","6":"product_cat-schlauch","7":"product_cat-verbrauchsmaterial","9":"first","10":"instock","11":"taxable","12":"shipping-taxable","13":"product-type-simple"},"yoast_head":"<!-- This site is optimized with the Yoast SEO plugin v27.4 - https:\/\/yoast.com\/product\/yoast-seo-wordpress\/ -->\n<title>Viton Schlauch LEZ-VITEL 70 - Sysmatec<\/title>\n<meta name=\"description\" content=\"Viton\u00ae Schlauch elektrisch leitf\u00e4hig. Kraftstoff-, \u00d6l- und Gasleitungen in ATEX Umgebungen, Abf\u00fcllung von fl\u00fcchtigen Produkten in ATEX Umgebungen.\" \/>\n<meta name=\"robots\" content=\"index, follow, max-snippet:-1, max-image-preview:large, max-video-preview:-1\" \/>\n<link rel=\"canonical\" href=\"https:\/\/sysmatec.ch\/de\/produit\/viton-schlauch-lez-vitel-70\/\" \/>\n<meta property=\"og:locale\" content=\"de_DE\" \/>\n<meta property=\"og:type\" content=\"article\" \/>\n<meta property=\"og:title\" content=\"Viton Schlauch LEZ-VITEL 70 - Sysmatec\" \/>\n<meta property=\"og:description\" content=\"Viton\u00ae Schlauch elektrisch leitf\u00e4hig. Kraftstoff-, \u00d6l- und Gasleitungen in ATEX Umgebungen, Abf\u00fcllung von fl\u00fcchtigen Produkten in ATEX Umgebungen.\" \/>\n<meta property=\"og:url\" content=\"https:\/\/sysmatec.ch\/de\/produit\/viton-schlauch-lez-vitel-70\/\" \/>\n<meta property=\"og:site_name\" content=\"Sysmatec\" \/>\n<meta property=\"article:modified_time\" content=\"2022-03-24T19:49:45+00:00\" \/>\n<meta property=\"og:image\" content=\"https:\/\/sysmatec.ch\/wp-content\/uploads\/2019\/06\/Tuyau_LEZ-VITEL-70.jpg\" \/>\n\t<meta property=\"og:image:width\" content=\"1280\" \/>\n\t<meta property=\"og:image:height\" content=\"854\" \/>\n\t<meta property=\"og:image:type\" content=\"image\/jpeg\" \/>\n<meta name=\"twitter:card\" content=\"summary_large_image\" \/>\n<meta name=\"twitter:label1\" content=\"Gesch\u00e4tzte Lesezeit\" \/>\n\t<meta name=\"twitter:data1\" content=\"1\u00a0Minute\" \/>\n<script type=\"application\/ld+json\" class=\"yoast-schema-graph\">{\"@context\":\"https:\\\/\\\/schema.org\",\"@graph\":[{\"@type\":\"WebPage\",\"@id\":\"https:\\\/\\\/sysmatec.ch\\\/de\\\/produit\\\/viton-schlauch-lez-vitel-70\\\/\",\"url\":\"https:\\\/\\\/sysmatec.ch\\\/de\\\/produit\\\/viton-schlauch-lez-vitel-70\\\/\",\"name\":\"Viton Schlauch LEZ-VITEL 70 - Sysmatec\",\"isPartOf\":{\"@id\":\"https:\\\/\\\/sysmatec.ch\\\/de\\\/#website\"},\"primaryImageOfPage\":{\"@id\":\"https:\\\/\\\/sysmatec.ch\\\/de\\\/produit\\\/viton-schlauch-lez-vitel-70\\\/#primaryimage\"},\"image\":{\"@id\":\"https:\\\/\\\/sysmatec.ch\\\/de\\\/produit\\\/viton-schlauch-lez-vitel-70\\\/#primaryimage\"},\"thumbnailUrl\":\"https:\\\/\\\/sysmatec.ch\\\/wp-content\\\/uploads\\\/2019\\\/06\\\/Tuyau_LEZ-VITEL-70.jpg\",\"datePublished\":\"2019-06-27T06:46:24+00:00\",\"dateModified\":\"2022-03-24T19:49:45+00:00\",\"description\":\"Viton\u00ae Schlauch elektrisch leitf\u00e4hig. Kraftstoff-, \u00d6l- und Gasleitungen in ATEX Umgebungen, Abf\u00fcllung von fl\u00fcchtigen Produkten in ATEX Umgebungen.\",\"breadcrumb\":{\"@id\":\"https:\\\/\\\/sysmatec.ch\\\/de\\\/produit\\\/viton-schlauch-lez-vitel-70\\\/#breadcrumb\"},\"inLanguage\":\"de\",\"potentialAction\":[{\"@type\":\"ReadAction\",\"target\":[\"https:\\\/\\\/sysmatec.ch\\\/de\\\/produit\\\/viton-schlauch-lez-vitel-70\\\/\"]}]},{\"@type\":\"ImageObject\",\"inLanguage\":\"de\",\"@id\":\"https:\\\/\\\/sysmatec.ch\\\/de\\\/produit\\\/viton-schlauch-lez-vitel-70\\\/#primaryimage\",\"url\":\"https:\\\/\\\/sysmatec.ch\\\/wp-content\\\/uploads\\\/2019\\\/06\\\/Tuyau_LEZ-VITEL-70.jpg\",\"contentUrl\":\"https:\\\/\\\/sysmatec.ch\\\/wp-content\\\/uploads\\\/2019\\\/06\\\/Tuyau_LEZ-VITEL-70.jpg\",\"width\":1280,\"height\":854},{\"@type\":\"BreadcrumbList\",\"@id\":\"https:\\\/\\\/sysmatec.ch\\\/de\\\/produit\\\/viton-schlauch-lez-vitel-70\\\/#breadcrumb\",\"itemListElement\":[{\"@type\":\"ListItem\",\"position\":1,\"name\":\"Accueil\",\"item\":\"https:\\\/\\\/sysmatec.ch\\\/de\\\/\"},{\"@type\":\"ListItem\",\"position\":2,\"name\":\"Die Aktivit\u00e4t von Sysmatec\",\"item\":\"https:\\\/\\\/sysmatec.ch\\\/de\\\/\"},{\"@type\":\"ListItem\",\"position\":3,\"name\":\"Viton Schlauch LEZ-VITEL 70\"}]},{\"@type\":\"WebSite\",\"@id\":\"https:\\\/\\\/sysmatec.ch\\\/de\\\/#website\",\"url\":\"https:\\\/\\\/sysmatec.ch\\\/de\\\/\",\"name\":\"Sysmatec\",\"description\":\"Equipement de laboratoire et logiciels\",\"publisher\":{\"@id\":\"https:\\\/\\\/sysmatec.ch\\\/de\\\/#organization\"},\"potentialAction\":[{\"@type\":\"SearchAction\",\"target\":{\"@type\":\"EntryPoint\",\"urlTemplate\":\"https:\\\/\\\/sysmatec.ch\\\/de\\\/?s={search_term_string}\"},\"query-input\":{\"@type\":\"PropertyValueSpecification\",\"valueRequired\":true,\"valueName\":\"search_term_string\"}}],\"inLanguage\":\"de\"},{\"@type\":\"Organization\",\"@id\":\"https:\\\/\\\/sysmatec.ch\\\/de\\\/#organization\",\"name\":\"Sysmatec\",\"url\":\"https:\\\/\\\/sysmatec.ch\\\/de\\\/\",\"logo\":{\"@type\":\"ImageObject\",\"inLanguage\":\"de\",\"@id\":\"https:\\\/\\\/sysmatec.ch\\\/de\\\/#\\\/schema\\\/logo\\\/image\\\/\",\"url\":\"https:\\\/\\\/sysmatec.ch\\\/wp-content\\\/uploads\\\/2018\\\/11\\\/LogoSysmatec.jpg\",\"contentUrl\":\"https:\\\/\\\/sysmatec.ch\\\/wp-content\\\/uploads\\\/2018\\\/11\\\/LogoSysmatec.jpg\",\"width\":301,\"height\":297,\"caption\":\"Sysmatec\"},\"image\":{\"@id\":\"https:\\\/\\\/sysmatec.ch\\\/de\\\/#\\\/schema\\\/logo\\\/image\\\/\"}}]}<\/script>\n<!-- \/ Yoast SEO plugin. -->","yoast_head_json":{"title":"Viton Schlauch LEZ-VITEL 70 - Sysmatec","description":"Viton\u00ae Schlauch elektrisch leitf\u00e4hig. Kraftstoff-, \u00d6l- und Gasleitungen in ATEX Umgebungen, Abf\u00fcllung von fl\u00fcchtigen Produkten in ATEX Umgebungen.","robots":{"index":"index","follow":"follow","max-snippet":"max-snippet:-1","max-image-preview":"max-image-preview:large","max-video-preview":"max-video-preview:-1"},"canonical":"https:\/\/sysmatec.ch\/de\/produit\/viton-schlauch-lez-vitel-70\/","og_locale":"de_DE","og_type":"article","og_title":"Viton Schlauch LEZ-VITEL 70 - Sysmatec","og_description":"Viton\u00ae Schlauch elektrisch leitf\u00e4hig. Kraftstoff-, \u00d6l- und Gasleitungen in ATEX Umgebungen, Abf\u00fcllung von fl\u00fcchtigen Produkten in ATEX Umgebungen.","og_url":"https:\/\/sysmatec.ch\/de\/produit\/viton-schlauch-lez-vitel-70\/","og_site_name":"Sysmatec","article_modified_time":"2022-03-24T19:49:45+00:00","og_image":[{"width":1280,"height":854,"url":"https:\/\/sysmatec.ch\/wp-content\/uploads\/2019\/06\/Tuyau_LEZ-VITEL-70.jpg","type":"image\/jpeg"}],"twitter_card":"summary_large_image","twitter_misc":{"Gesch\u00e4tzte Lesezeit":"1\u00a0Minute"},"schema":{"@context":"https:\/\/schema.org","@graph":[{"@type":"WebPage","@id":"https:\/\/sysmatec.ch\/de\/produit\/viton-schlauch-lez-vitel-70\/","url":"https:\/\/sysmatec.ch\/de\/produit\/viton-schlauch-lez-vitel-70\/","name":"Viton Schlauch LEZ-VITEL 70 - Sysmatec","isPartOf":{"@id":"https:\/\/sysmatec.ch\/de\/#website"},"primaryImageOfPage":{"@id":"https:\/\/sysmatec.ch\/de\/produit\/viton-schlauch-lez-vitel-70\/#primaryimage"},"image":{"@id":"https:\/\/sysmatec.ch\/de\/produit\/viton-schlauch-lez-vitel-70\/#primaryimage"},"thumbnailUrl":"https:\/\/sysmatec.ch\/wp-content\/uploads\/2019\/06\/Tuyau_LEZ-VITEL-70.jpg","datePublished":"2019-06-27T06:46:24+00:00","dateModified":"2022-03-24T19:49:45+00:00","description":"Viton\u00ae Schlauch elektrisch leitf\u00e4hig. Kraftstoff-, \u00d6l- und Gasleitungen in ATEX Umgebungen, Abf\u00fcllung von fl\u00fcchtigen Produkten in ATEX Umgebungen.","breadcrumb":{"@id":"https:\/\/sysmatec.ch\/de\/produit\/viton-schlauch-lez-vitel-70\/#breadcrumb"},"inLanguage":"de","potentialAction":[{"@type":"ReadAction","target":["https:\/\/sysmatec.ch\/de\/produit\/viton-schlauch-lez-vitel-70\/"]}]},{"@type":"ImageObject","inLanguage":"de","@id":"https:\/\/sysmatec.ch\/de\/produit\/viton-schlauch-lez-vitel-70\/#primaryimage","url":"https:\/\/sysmatec.ch\/wp-content\/uploads\/2019\/06\/Tuyau_LEZ-VITEL-70.jpg","contentUrl":"https:\/\/sysmatec.ch\/wp-content\/uploads\/2019\/06\/Tuyau_LEZ-VITEL-70.jpg","width":1280,"height":854},{"@type":"BreadcrumbList","@id":"https:\/\/sysmatec.ch\/de\/produit\/viton-schlauch-lez-vitel-70\/#breadcrumb","itemListElement":[{"@type":"ListItem","position":1,"name":"Accueil","item":"https:\/\/sysmatec.ch\/de\/"},{"@type":"ListItem","position":2,"name":"Die Aktivit\u00e4t von Sysmatec","item":"https:\/\/sysmatec.ch\/de\/"},{"@type":"ListItem","position":3,"name":"Viton Schlauch LEZ-VITEL 70"}]},{"@type":"WebSite","@id":"https:\/\/sysmatec.ch\/de\/#website","url":"https:\/\/sysmatec.ch\/de\/","name":"Sysmatec","description":"Equipement de laboratoire et logiciels","publisher":{"@id":"https:\/\/sysmatec.ch\/de\/#organization"},"potentialAction":[{"@type":"SearchAction","target":{"@type":"EntryPoint","urlTemplate":"https:\/\/sysmatec.ch\/de\/?s={search_term_string}"},"query-input":{"@type":"PropertyValueSpecification","valueRequired":true,"valueName":"search_term_string"}}],"inLanguage":"de"},{"@type":"Organization","@id":"https:\/\/sysmatec.ch\/de\/#organization","name":"Sysmatec","url":"https:\/\/sysmatec.ch\/de\/","logo":{"@type":"ImageObject","inLanguage":"de","@id":"https:\/\/sysmatec.ch\/de\/#\/schema\/logo\/image\/","url":"https:\/\/sysmatec.ch\/wp-content\/uploads\/2018\/11\/LogoSysmatec.jpg","contentUrl":"https:\/\/sysmatec.ch\/wp-content\/uploads\/2018\/11\/LogoSysmatec.jpg","width":301,"height":297,"caption":"Sysmatec"},"image":{"@id":"https:\/\/sysmatec.ch\/de\/#\/schema\/logo\/image\/"}}]}},"_links":{"self":[{"href":"https:\/\/sysmatec.ch\/de\/wp-json\/wp\/v2\/product\/7754","targetHints":{"allow":["GET"]}}],"collection":[{"href":"https:\/\/sysmatec.ch\/de\/wp-json\/wp\/v2\/product"}],"about":[{"href":"https:\/\/sysmatec.ch\/de\/wp-json\/wp\/v2\/types\/product"}],"wp:featuredmedia":[{"embeddable":true,"href":"https:\/\/sysmatec.ch\/de\/wp-json\/wp\/v2\/media\/27077"}],"wp:attachment":[{"href":"https:\/\/sysmatec.ch\/de\/wp-json\/wp\/v2\/media?parent=7754"}],"wp:term":[{"taxonomy":"product_brand","embeddable":true,"href":"https:\/\/sysmatec.ch\/de\/wp-json\/wp\/v2\/product_brand?post=7754"},{"taxonomy":"product_cat","embeddable":true,"href":"https:\/\/sysmatec.ch\/de\/wp-json\/wp\/v2\/product_cat?post=7754"},{"taxonomy":"product_tag","embeddable":true,"href":"https:\/\/sysmatec.ch\/de\/wp-json\/wp\/v2\/product_tag?post=7754"}],"curies":[{"name":"wp","href":"https:\/\/api.w.org\/{rel}","templated":true}]}}