{"id":7741,"date":"2019-06-27T08:34:54","date_gmt":"2019-06-27T06:34:54","guid":{"rendered":"https:\/\/sysmatec.ch\/produit\/phytonet-pour-chambres-climatiques\/"},"modified":"2022-03-24T19:16:20","modified_gmt":"2022-03-24T18:16:20","slug":"tpe-schlauch-lez-perimed","status":"publish","type":"product","link":"https:\/\/sysmatec.ch\/de\/Produkt\/tpe-schlauch-lez-perimed\/","title":{"rendered":"TPE Schlauch LEZ-PERIMED"},"content":{"rendered":"<p>Thermoplastischer Elastomer Typ TPE-S; 58 +\/-5 Shore A; Dichte= 0,89 g\/cm\u00b3; transluzent; konform: FDA 21 CRF \u00a7177.2600, spezifische Migration gem. EU 10\/2011 und EG 1935\/2004, biokompatibel gem. USP Klasse VI; sehr gute chemische Best\u00e4ndigkeit gegen w\u00e4ssrige Medien, S\u00e4uren, Basen und viele organische L\u00f6sungsmittel wie Ketone, Ester, Ether und Aldehyde; geschmacks- und geruchsneutral; Temperaturbereich -50 \u00b0C bis +125 \u00b0C, kurzfristig +140 \u00b0C m\u00f6glich; Erm\u00fcdungsfestigkeit: ca. 75 Millionen Flexionen (ma\u00df- und ger\u00e4teabh\u00e4ngig).<\/p>\n<p>Besonders gut geeignet f\u00fcr peristaltische Pumpen, f\u00fcr Schlauchpumpen im Labor, in der Pharmazie, Medizin, Chemie, Biologie, Abf\u00fclltechnik, in der Kosmetik-, Lebensmittel- und Getr\u00e4nkeindustrie, in der Weinproduktion<\/p>\n<p>Metrische Gr\u00f6sse<\/p>\n<table width=\"468\">\n<tbody>\n<tr>\n<td width=\"100\">Referenz<\/td>\n<td width=\"121\">Innen Durchmesser<\/td>\n<td width=\"121\">Aussen Durchmesser<\/td>\n<td width=\"126\">Wand<\/td>\n<\/tr>\n<tr>\n<td><\/td>\n<td>mm<\/td>\n<td>mm<\/td>\n<td>mm<\/td>\n<\/tr>\n<tr>\n<td>0104AG02010<\/td>\n<td>2<\/td>\n<td>4<\/td>\n<td>1<\/td>\n<\/tr>\n<tr>\n<td>0104AG02510<\/td>\n<td>2.5<\/td>\n<td>4.5<\/td>\n<td>1<\/td>\n<\/tr>\n<tr>\n<td>0104AG03010<\/td>\n<td>3<\/td>\n<td>5<\/td>\n<td>1<\/td>\n<\/tr>\n<tr>\n<td>0104AG04010<\/td>\n<td>4<\/td>\n<td>6<\/td>\n<td>1<\/td>\n<\/tr>\n<tr>\n<td>0104AG05015<\/td>\n<td>5<\/td>\n<td>8<\/td>\n<td>1.5<\/td>\n<\/tr>\n<tr>\n<td>0104AG06015<\/td>\n<td>6<\/td>\n<td>9<\/td>\n<td>1.5<\/td>\n<\/tr>\n<tr>\n<td>0104AG07015<\/td>\n<td>7<\/td>\n<td>10<\/td>\n<td>1.5<\/td>\n<\/tr>\n<tr>\n<td>0104AG08020<\/td>\n<td>8<\/td>\n<td>12<\/td>\n<td>2<\/td>\n<\/tr>\n<tr>\n<td>0104AG10020<\/td>\n<td>10<\/td>\n<td>14<\/td>\n<td>2<\/td>\n<\/tr>\n<tr>\n<td>0104AG12030<\/td>\n<td>12<\/td>\n<td>18<\/td>\n<td>3<\/td>\n<\/tr>\n<tr>\n<td>0104AG15030<\/td>\n<td>15<\/td>\n<td>21<\/td>\n<td>3<\/td>\n<\/tr>\n<tr>\n<td>0104AG18030<\/td>\n<td>18<\/td>\n<td>24<\/td>\n<td>3<\/td>\n<\/tr>\n<tr>\n<td>0104AG20030<\/td>\n<td>20<\/td>\n<td>26<\/td>\n<td>3<\/td>\n<\/tr>\n<tr>\n<td>0104AG20050<\/td>\n<td>20<\/td>\n<td>30<\/td>\n<td>5<\/td>\n<\/tr>\n<tr>\n<td>0104AG25050<\/td>\n<td>25<\/td>\n<td>35<\/td>\n<td>5<\/td>\n<\/tr>\n<\/tbody>\n<\/table>\n<p>Englische Gr\u00f6sse<\/p>\n<table width=\"468\">\n<tbody>\n<tr>\n<td width=\"100\">Referenz<\/td>\n<td width=\"121\">Innen Durchmesser<\/td>\n<td width=\"121\">Aussen Durchmesser<\/td>\n<td width=\"126\">Wand<\/td>\n<\/tr>\n<tr>\n<td><\/td>\n<td>mm<\/td>\n<td>mm<\/td>\n<td>mm<\/td>\n<\/tr>\n<tr>\n<td>0104AG00816<\/td>\n<td>0.8<\/td>\n<td>4<\/td>\n<td>1.6<\/td>\n<\/tr>\n<tr>\n<td>0104AG01616<\/td>\n<td>1.6<\/td>\n<td>4.8<\/td>\n<td>1.6<\/td>\n<\/tr>\n<tr>\n<td>0104AG02416<\/td>\n<td>2.4<\/td>\n<td>5.6<\/td>\n<td>1.6<\/td>\n<\/tr>\n<tr>\n<td>0104AG03216<\/td>\n<td>3.2<\/td>\n<td>6.4<\/td>\n<td>1.6<\/td>\n<\/tr>\n<tr>\n<td>0104AG03224<\/td>\n<td>3.2<\/td>\n<td>8<\/td>\n<td>2.4<\/td>\n<\/tr>\n<tr>\n<td>0104AG03232<\/td>\n<td>3.2<\/td>\n<td>9.5<\/td>\n<td>3.2<\/td>\n<\/tr>\n<tr>\n<td>0104AG04016<\/td>\n<td>4<\/td>\n<td>7.2<\/td>\n<td>1.6<\/td>\n<\/tr>\n<tr>\n<td>0104AG04816<\/td>\n<td>4.8<\/td>\n<td>8<\/td>\n<td>1.6<\/td>\n<\/tr>\n<tr>\n<td>0104AG04824<\/td>\n<td>4.8<\/td>\n<td>9.5<\/td>\n<td>2.4<\/td>\n<\/tr>\n<tr>\n<td>0104AG06416<\/td>\n<td>6.4<\/td>\n<td>9.5<\/td>\n<td>1.6<\/td>\n<\/tr>\n<tr>\n<td>0104AG06424<\/td>\n<td>6.4<\/td>\n<td>11.1<\/td>\n<td>2.4<\/td>\n<\/tr>\n<tr>\n<td>0104AG06432<\/td>\n<td>6.4<\/td>\n<td>12.7<\/td>\n<td>3.2<\/td>\n<\/tr>\n<tr>\n<td>0104AG08016<\/td>\n<td>8<\/td>\n<td>11.1<\/td>\n<td>1.6<\/td>\n<\/tr>\n<tr>\n<td>0104AG08024<\/td>\n<td>8<\/td>\n<td>12.7<\/td>\n<td>2.4<\/td>\n<\/tr>\n<tr>\n<td>0104AG09524<\/td>\n<td>9.5<\/td>\n<td>14.3<\/td>\n<td>2.4<\/td>\n<\/tr>\n<tr>\n<td>0104AG09532<\/td>\n<td>9.5<\/td>\n<td>15.9<\/td>\n<td>3.2<\/td>\n<\/tr>\n<tr>\n<td>0104AG12724<\/td>\n<td>12.7<\/td>\n<td>17.5<\/td>\n<td>2.4<\/td>\n<\/tr>\n<tr>\n<td>0104AG12732<\/td>\n<td>12.7<\/td>\n<td>19<\/td>\n<td>3.2<\/td>\n<\/tr>\n<tr>\n<td>0104AG15948<\/td>\n<td>15.9<\/td>\n<td>25.4<\/td>\n<td>4.8<\/td>\n<\/tr>\n<tr>\n<td>0104AG19048<\/td>\n<td>19<\/td>\n<td>28.5<\/td>\n<td>4.8<\/td>\n<\/tr>\n<tr>\n<td>0104AG25448<\/td>\n<td>25.4<\/td>\n<td>34.9<\/td>\n<td>4.8<\/td>\n<\/tr>\n<\/tbody>\n<\/table>\n<p>&nbsp;<\/p>\n","protected":false},"excerpt":{"rendered":"<p>TPE-Schlauch f\u00fcr peristaltische Pumpe.<\/p>\n","protected":false},"featured_media":27074,"template":"","meta":{"_crdt_document":""},"product_brand":[],"product_cat":[285,279],"product_tag":[],"class_list":{"0":"post-7741","1":"product","2":"type-product","3":"status-publish","4":"has-post-thumbnail","6":"product_cat-schlauch","7":"product_cat-verbrauchsmaterial","9":"first","10":"instock","11":"taxable","12":"shipping-taxable","13":"product-type-simple"},"yoast_head":"<!-- This site is optimized with the Yoast SEO plugin v27.4 - https:\/\/yoast.com\/product\/yoast-seo-wordpress\/ -->\n<title>TPE Schlauch LEZ-PERIMED - Sysmatec<\/title>\n<meta name=\"description\" content=\"TPE-Schlauch f\u00fcr peristaltische Pumpe. Sehr gute chemische Best\u00e4ndigkeit gegen w\u00e4ssrige Medien, S\u00e4uren, Basen und viele organische L\u00f6sungsmittel.\" \/>\n<meta name=\"robots\" content=\"index, follow, max-snippet:-1, max-image-preview:large, max-video-preview:-1\" \/>\n<link rel=\"canonical\" href=\"https:\/\/sysmatec.ch\/de\/produit\/tpe-schlauch-lez-perimed\/\" \/>\n<meta property=\"og:locale\" content=\"de_DE\" \/>\n<meta property=\"og:type\" content=\"article\" \/>\n<meta property=\"og:title\" content=\"TPE Schlauch LEZ-PERIMED - Sysmatec\" \/>\n<meta property=\"og:description\" content=\"TPE-Schlauch f\u00fcr peristaltische Pumpe. Sehr gute chemische Best\u00e4ndigkeit gegen w\u00e4ssrige Medien, S\u00e4uren, Basen und viele organische L\u00f6sungsmittel.\" \/>\n<meta property=\"og:url\" content=\"https:\/\/sysmatec.ch\/de\/produit\/tpe-schlauch-lez-perimed\/\" \/>\n<meta property=\"og:site_name\" content=\"Sysmatec\" \/>\n<meta property=\"article:modified_time\" content=\"2022-03-24T18:16:20+00:00\" \/>\n<meta property=\"og:image\" content=\"https:\/\/sysmatec.ch\/wp-content\/uploads\/2019\/06\/Tuyau_LEZ-PERIMED.jpg\" \/>\n\t<meta property=\"og:image:width\" content=\"2560\" \/>\n\t<meta property=\"og:image:height\" content=\"1707\" \/>\n\t<meta property=\"og:image:type\" content=\"image\/jpeg\" \/>\n<meta name=\"twitter:card\" content=\"summary_large_image\" \/>\n<meta name=\"twitter:label1\" content=\"Gesch\u00e4tzte Lesezeit\" \/>\n\t<meta name=\"twitter:data1\" content=\"2\u00a0Minuten\" \/>\n<script type=\"application\/ld+json\" class=\"yoast-schema-graph\">{\"@context\":\"https:\\\/\\\/schema.org\",\"@graph\":[{\"@type\":\"WebPage\",\"@id\":\"https:\\\/\\\/sysmatec.ch\\\/de\\\/produit\\\/tpe-schlauch-lez-perimed\\\/\",\"url\":\"https:\\\/\\\/sysmatec.ch\\\/de\\\/produit\\\/tpe-schlauch-lez-perimed\\\/\",\"name\":\"TPE Schlauch LEZ-PERIMED - Sysmatec\",\"isPartOf\":{\"@id\":\"https:\\\/\\\/sysmatec.ch\\\/de\\\/#website\"},\"primaryImageOfPage\":{\"@id\":\"https:\\\/\\\/sysmatec.ch\\\/de\\\/produit\\\/tpe-schlauch-lez-perimed\\\/#primaryimage\"},\"image\":{\"@id\":\"https:\\\/\\\/sysmatec.ch\\\/de\\\/produit\\\/tpe-schlauch-lez-perimed\\\/#primaryimage\"},\"thumbnailUrl\":\"https:\\\/\\\/sysmatec.ch\\\/wp-content\\\/uploads\\\/2019\\\/06\\\/Tuyau_LEZ-PERIMED.jpg\",\"datePublished\":\"2019-06-27T06:34:54+00:00\",\"dateModified\":\"2022-03-24T18:16:20+00:00\",\"description\":\"TPE-Schlauch f\u00fcr peristaltische Pumpe. Sehr gute chemische Best\u00e4ndigkeit gegen w\u00e4ssrige Medien, S\u00e4uren, Basen und viele organische L\u00f6sungsmittel.\",\"breadcrumb\":{\"@id\":\"https:\\\/\\\/sysmatec.ch\\\/de\\\/produit\\\/tpe-schlauch-lez-perimed\\\/#breadcrumb\"},\"inLanguage\":\"de\",\"potentialAction\":[{\"@type\":\"ReadAction\",\"target\":[\"https:\\\/\\\/sysmatec.ch\\\/de\\\/produit\\\/tpe-schlauch-lez-perimed\\\/\"]}]},{\"@type\":\"ImageObject\",\"inLanguage\":\"de\",\"@id\":\"https:\\\/\\\/sysmatec.ch\\\/de\\\/produit\\\/tpe-schlauch-lez-perimed\\\/#primaryimage\",\"url\":\"https:\\\/\\\/sysmatec.ch\\\/wp-content\\\/uploads\\\/2019\\\/06\\\/Tuyau_LEZ-PERIMED.jpg\",\"contentUrl\":\"https:\\\/\\\/sysmatec.ch\\\/wp-content\\\/uploads\\\/2019\\\/06\\\/Tuyau_LEZ-PERIMED.jpg\",\"width\":2560,\"height\":1707},{\"@type\":\"BreadcrumbList\",\"@id\":\"https:\\\/\\\/sysmatec.ch\\\/de\\\/produit\\\/tpe-schlauch-lez-perimed\\\/#breadcrumb\",\"itemListElement\":[{\"@type\":\"ListItem\",\"position\":1,\"name\":\"Accueil\",\"item\":\"https:\\\/\\\/sysmatec.ch\\\/de\\\/\"},{\"@type\":\"ListItem\",\"position\":2,\"name\":\"Die Aktivit\u00e4t von Sysmatec\",\"item\":\"https:\\\/\\\/sysmatec.ch\\\/de\\\/\"},{\"@type\":\"ListItem\",\"position\":3,\"name\":\"TPE Schlauch LEZ-PERIMED\"}]},{\"@type\":\"WebSite\",\"@id\":\"https:\\\/\\\/sysmatec.ch\\\/de\\\/#website\",\"url\":\"https:\\\/\\\/sysmatec.ch\\\/de\\\/\",\"name\":\"Sysmatec\",\"description\":\"Equipement de laboratoire et logiciels\",\"publisher\":{\"@id\":\"https:\\\/\\\/sysmatec.ch\\\/de\\\/#organization\"},\"potentialAction\":[{\"@type\":\"SearchAction\",\"target\":{\"@type\":\"EntryPoint\",\"urlTemplate\":\"https:\\\/\\\/sysmatec.ch\\\/de\\\/?s={search_term_string}\"},\"query-input\":{\"@type\":\"PropertyValueSpecification\",\"valueRequired\":true,\"valueName\":\"search_term_string\"}}],\"inLanguage\":\"de\"},{\"@type\":\"Organization\",\"@id\":\"https:\\\/\\\/sysmatec.ch\\\/de\\\/#organization\",\"name\":\"Sysmatec\",\"url\":\"https:\\\/\\\/sysmatec.ch\\\/de\\\/\",\"logo\":{\"@type\":\"ImageObject\",\"inLanguage\":\"de\",\"@id\":\"https:\\\/\\\/sysmatec.ch\\\/de\\\/#\\\/schema\\\/logo\\\/image\\\/\",\"url\":\"https:\\\/\\\/sysmatec.ch\\\/wp-content\\\/uploads\\\/2018\\\/11\\\/LogoSysmatec.jpg\",\"contentUrl\":\"https:\\\/\\\/sysmatec.ch\\\/wp-content\\\/uploads\\\/2018\\\/11\\\/LogoSysmatec.jpg\",\"width\":301,\"height\":297,\"caption\":\"Sysmatec\"},\"image\":{\"@id\":\"https:\\\/\\\/sysmatec.ch\\\/de\\\/#\\\/schema\\\/logo\\\/image\\\/\"}}]}<\/script>\n<!-- \/ Yoast SEO plugin. -->","yoast_head_json":{"title":"TPE Schlauch LEZ-PERIMED - Sysmatec","description":"TPE-Schlauch f\u00fcr peristaltische Pumpe. Sehr gute chemische Best\u00e4ndigkeit gegen w\u00e4ssrige Medien, S\u00e4uren, Basen und viele organische L\u00f6sungsmittel.","robots":{"index":"index","follow":"follow","max-snippet":"max-snippet:-1","max-image-preview":"max-image-preview:large","max-video-preview":"max-video-preview:-1"},"canonical":"https:\/\/sysmatec.ch\/de\/produit\/tpe-schlauch-lez-perimed\/","og_locale":"de_DE","og_type":"article","og_title":"TPE Schlauch LEZ-PERIMED - Sysmatec","og_description":"TPE-Schlauch f\u00fcr peristaltische Pumpe. Sehr gute chemische Best\u00e4ndigkeit gegen w\u00e4ssrige Medien, S\u00e4uren, Basen und viele organische L\u00f6sungsmittel.","og_url":"https:\/\/sysmatec.ch\/de\/produit\/tpe-schlauch-lez-perimed\/","og_site_name":"Sysmatec","article_modified_time":"2022-03-24T18:16:20+00:00","og_image":[{"width":2560,"height":1707,"url":"https:\/\/sysmatec.ch\/wp-content\/uploads\/2019\/06\/Tuyau_LEZ-PERIMED.jpg","type":"image\/jpeg"}],"twitter_card":"summary_large_image","twitter_misc":{"Gesch\u00e4tzte Lesezeit":"2\u00a0Minuten"},"schema":{"@context":"https:\/\/schema.org","@graph":[{"@type":"WebPage","@id":"https:\/\/sysmatec.ch\/de\/produit\/tpe-schlauch-lez-perimed\/","url":"https:\/\/sysmatec.ch\/de\/produit\/tpe-schlauch-lez-perimed\/","name":"TPE Schlauch LEZ-PERIMED - Sysmatec","isPartOf":{"@id":"https:\/\/sysmatec.ch\/de\/#website"},"primaryImageOfPage":{"@id":"https:\/\/sysmatec.ch\/de\/produit\/tpe-schlauch-lez-perimed\/#primaryimage"},"image":{"@id":"https:\/\/sysmatec.ch\/de\/produit\/tpe-schlauch-lez-perimed\/#primaryimage"},"thumbnailUrl":"https:\/\/sysmatec.ch\/wp-content\/uploads\/2019\/06\/Tuyau_LEZ-PERIMED.jpg","datePublished":"2019-06-27T06:34:54+00:00","dateModified":"2022-03-24T18:16:20+00:00","description":"TPE-Schlauch f\u00fcr peristaltische Pumpe. Sehr gute chemische Best\u00e4ndigkeit gegen w\u00e4ssrige Medien, S\u00e4uren, Basen und viele organische L\u00f6sungsmittel.","breadcrumb":{"@id":"https:\/\/sysmatec.ch\/de\/produit\/tpe-schlauch-lez-perimed\/#breadcrumb"},"inLanguage":"de","potentialAction":[{"@type":"ReadAction","target":["https:\/\/sysmatec.ch\/de\/produit\/tpe-schlauch-lez-perimed\/"]}]},{"@type":"ImageObject","inLanguage":"de","@id":"https:\/\/sysmatec.ch\/de\/produit\/tpe-schlauch-lez-perimed\/#primaryimage","url":"https:\/\/sysmatec.ch\/wp-content\/uploads\/2019\/06\/Tuyau_LEZ-PERIMED.jpg","contentUrl":"https:\/\/sysmatec.ch\/wp-content\/uploads\/2019\/06\/Tuyau_LEZ-PERIMED.jpg","width":2560,"height":1707},{"@type":"BreadcrumbList","@id":"https:\/\/sysmatec.ch\/de\/produit\/tpe-schlauch-lez-perimed\/#breadcrumb","itemListElement":[{"@type":"ListItem","position":1,"name":"Accueil","item":"https:\/\/sysmatec.ch\/de\/"},{"@type":"ListItem","position":2,"name":"Die Aktivit\u00e4t von Sysmatec","item":"https:\/\/sysmatec.ch\/de\/"},{"@type":"ListItem","position":3,"name":"TPE Schlauch LEZ-PERIMED"}]},{"@type":"WebSite","@id":"https:\/\/sysmatec.ch\/de\/#website","url":"https:\/\/sysmatec.ch\/de\/","name":"Sysmatec","description":"Equipement de laboratoire et logiciels","publisher":{"@id":"https:\/\/sysmatec.ch\/de\/#organization"},"potentialAction":[{"@type":"SearchAction","target":{"@type":"EntryPoint","urlTemplate":"https:\/\/sysmatec.ch\/de\/?s={search_term_string}"},"query-input":{"@type":"PropertyValueSpecification","valueRequired":true,"valueName":"search_term_string"}}],"inLanguage":"de"},{"@type":"Organization","@id":"https:\/\/sysmatec.ch\/de\/#organization","name":"Sysmatec","url":"https:\/\/sysmatec.ch\/de\/","logo":{"@type":"ImageObject","inLanguage":"de","@id":"https:\/\/sysmatec.ch\/de\/#\/schema\/logo\/image\/","url":"https:\/\/sysmatec.ch\/wp-content\/uploads\/2018\/11\/LogoSysmatec.jpg","contentUrl":"https:\/\/sysmatec.ch\/wp-content\/uploads\/2018\/11\/LogoSysmatec.jpg","width":301,"height":297,"caption":"Sysmatec"},"image":{"@id":"https:\/\/sysmatec.ch\/de\/#\/schema\/logo\/image\/"}}]}},"_links":{"self":[{"href":"https:\/\/sysmatec.ch\/de\/wp-json\/wp\/v2\/product\/7741","targetHints":{"allow":["GET"]}}],"collection":[{"href":"https:\/\/sysmatec.ch\/de\/wp-json\/wp\/v2\/product"}],"about":[{"href":"https:\/\/sysmatec.ch\/de\/wp-json\/wp\/v2\/types\/product"}],"wp:featuredmedia":[{"embeddable":true,"href":"https:\/\/sysmatec.ch\/de\/wp-json\/wp\/v2\/media\/27074"}],"wp:attachment":[{"href":"https:\/\/sysmatec.ch\/de\/wp-json\/wp\/v2\/media?parent=7741"}],"wp:term":[{"taxonomy":"product_brand","embeddable":true,"href":"https:\/\/sysmatec.ch\/de\/wp-json\/wp\/v2\/product_brand?post=7741"},{"taxonomy":"product_cat","embeddable":true,"href":"https:\/\/sysmatec.ch\/de\/wp-json\/wp\/v2\/product_cat?post=7741"},{"taxonomy":"product_tag","embeddable":true,"href":"https:\/\/sysmatec.ch\/de\/wp-json\/wp\/v2\/product_tag?post=7741"}],"curies":[{"name":"wp","href":"https:\/\/api.w.org\/{rel}","templated":true}]}}