{"id":7721,"date":"2019-06-26T20:25:55","date_gmt":"2019-06-26T18:25:55","guid":{"rendered":"https:\/\/sysmatec.ch\/produit\/automatisation-avec-siam\/"},"modified":"2023-07-17T17:26:41","modified_gmt":"2023-07-17T15:26:41","slug":"gebrauchte-preciflow-pumpe","status":"publish","type":"product","link":"https:\/\/sysmatec.ch\/de\/Produkt\/gebrauchte-preciflow-pumpe\/","title":{"rendered":"Gebrauchte Preciflow-Pumpe"},"content":{"rendered":"<h2>Allgemeine Beschreibung:<\/h2>\n<ul>\n<li>die Drehgeschwindigkeit ist \u00fcber 3 Digits einstellbar, was einer Aufl\u00f6sung von 1000 Punkten entspricht<\/li>\n<li>deutlich verbesserte Schlauchlebensdauer im Vergleich zu anderen Pumpen auf dem Markt (keine Klammern erforderlich) und praktisch keine Pulsationen<\/li>\n<li>externe Stromversorgung f\u00fcr mehr Sicherheit<\/li>\n<li>sehr kosteng\u00fcnstig durch die Verwendung billiger Schl\u00e4uche ohne &#8222;Stopper&#8220; oder Klemmen.<\/li>\n<li>Im Gegensatz zu den meisten anderen Pumpen auf dem Markt, die Zylinder mit geringem Durchmesser verwenden, hat die Pumpe Laufr\u00e4der mit gro\u00dfem Durchmesser, was die Pulsation sehr deutlich verringert.<\/li>\n<li>Die asymmetrische Form des Kopfes wurde so gestaltet, dass diese Pulsationen noch weiter reduziert werden.<\/li>\n<li>Die R\u00e4der sind auf Glaskugellagern montiert, was die Reibung an den Rohren deutlich verringert.<\/li>\n<li>Der Druck jeder Rolle auf das Rohr wird durch eine Feder konstant gehalten. Dadurch wird eine zu starke Verformung des Schlauchs beim Durchlaufen der Rolle verhindert und ihre Lebensdauer deutlich verbessert. Der maximale Druck im Schlauch betr\u00e4gt ca. 1 bar, um eine zu starke Belastung des Schlauchs im Falle eines verstopften Schlauchs zu vermeiden.<\/li>\n<li>Ein hochpr\u00e4ziser, mikrocontrollergesteuerter Schrittmotor sorgt f\u00fcr eine hervorragende Konstanz und Reproduzierbarkeit der F\u00f6rdermenge.<\/li>\n<li>Es gibt praktisch keine Tr\u00e4gheit beim Ein- und Ausschalten der Pumpe.<\/li>\n<li>Der Pumpenkopf besteht aus einem Epoxidharz, das eine hohe mechanische Steifigkeit und Korrosionsbest\u00e4ndigkeit gew\u00e4hrleistet.<\/li>\n<li>Sparsam: verbraucht wenig Energie.<\/li>\n<\/ul>\n<p>&nbsp;<\/p>\n<table style=\"height: 283px;\" border=\"1\" width=\"1115\" cellspacing=\"0\" cellpadding=\"2\">\n<tbody>\n<tr>\n<td>F\u00f6rdermengen<\/td>\n<td>von 0 bis 600 ml\/h f\u00fcr Rohre mit einem Innendurchmesser von 0,5 bis 4 mm und einer Wandst\u00e4rke von ca. 1 mm.<\/td>\n<\/tr>\n<tr>\n<td>Power Supply<\/td>\n<td>12 V DC, Netzteil mit Transformator 230 V \/ AC 50 &#8211; 60 Hz, Verbrauch ca. 5 W, Batterie oder Akku.<\/td>\n<\/tr>\n<tr>\n<td>Gewicht<\/td>\n<td>1.2 kg<\/td>\n<\/tr>\n<tr>\n<td>Normen<\/td>\n<td>CE, IEC Norm 1010\/1<\/td>\n<\/tr>\n<tr>\n<td>Abmessungen<\/td>\n<td>10.5 (W) \u00d7 9.5 (H) \u00d7 10.5 (T) cm<\/td>\n<\/tr>\n<\/tbody>\n<\/table>\n<p>In gutem Zustand<\/p>\n","protected":false},"excerpt":{"rendered":"<p>Gebrauchte Preciflow-Pumpe in gutem Zustand mit Druckkn\u00f6pfen.<\/p>\n","protected":false},"featured_media":28592,"template":"","meta":{"_crdt_document":""},"product_brand":[],"product_cat":[272,359],"product_tag":[],"class_list":{"0":"post-7721","1":"product","2":"type-product","3":"status-publish","4":"has-post-thumbnail","6":"product_cat-gebraucht","7":"product_cat-laborgerate","9":"first","10":"instock","11":"taxable","12":"shipping-taxable","13":"purchasable","14":"product-type-simple"},"yoast_head":"<!-- This site is optimized with the Yoast SEO plugin v27.4 - https:\/\/yoast.com\/product\/yoast-seo-wordpress\/ -->\n<title>Gebrauchte Preciflow-Pumpe - Sysmatec<\/title>\n<meta name=\"description\" content=\"Gebrauchte Preciflow-Pumpe in gutem Zustand mit Druckkn\u00f6pfen.\" \/>\n<meta name=\"robots\" content=\"index, follow, max-snippet:-1, max-image-preview:large, max-video-preview:-1\" \/>\n<link rel=\"canonical\" href=\"https:\/\/sysmatec.ch\/de\/Produkt\/gebrauchte-preciflow-pumpe\/\" \/>\n<meta property=\"og:locale\" content=\"de_DE\" \/>\n<meta property=\"og:type\" content=\"article\" \/>\n<meta property=\"og:title\" content=\"Gebrauchte Preciflow-Pumpe - Sysmatec\" \/>\n<meta property=\"og:description\" content=\"Gebrauchte Preciflow-Pumpe in gutem Zustand mit Druckkn\u00f6pfen.\" \/>\n<meta property=\"og:url\" content=\"https:\/\/sysmatec.ch\/de\/Produkt\/gebrauchte-preciflow-pumpe\/\" \/>\n<meta property=\"og:site_name\" content=\"Sysmatec\" \/>\n<meta property=\"article:modified_time\" content=\"2023-07-17T15:26:41+00:00\" \/>\n<meta property=\"og:image\" content=\"https:\/\/sysmatec.ch\/wp-content\/uploads\/2019\/06\/IMG_1528-scaled.jpg\" \/>\n\t<meta property=\"og:image:width\" content=\"2560\" \/>\n\t<meta property=\"og:image:height\" content=\"2545\" \/>\n\t<meta property=\"og:image:type\" content=\"image\/jpeg\" \/>\n<meta name=\"twitter:card\" content=\"summary_large_image\" \/>\n<meta name=\"twitter:label1\" content=\"Gesch\u00e4tzte Lesezeit\" \/>\n\t<meta name=\"twitter:data1\" content=\"2\u00a0Minuten\" \/>\n<script type=\"application\/ld+json\" class=\"yoast-schema-graph\">{\"@context\":\"https:\\\/\\\/schema.org\",\"@graph\":[{\"@type\":\"WebPage\",\"@id\":\"https:\\\/\\\/sysmatec.ch\\\/de\\\/Produkt\\\/gebrauchte-preciflow-pumpe\\\/\",\"url\":\"https:\\\/\\\/sysmatec.ch\\\/de\\\/Produkt\\\/gebrauchte-preciflow-pumpe\\\/\",\"name\":\"Gebrauchte Preciflow-Pumpe - Sysmatec\",\"isPartOf\":{\"@id\":\"https:\\\/\\\/sysmatec.ch\\\/de\\\/#website\"},\"primaryImageOfPage\":{\"@id\":\"https:\\\/\\\/sysmatec.ch\\\/de\\\/Produkt\\\/gebrauchte-preciflow-pumpe\\\/#primaryimage\"},\"image\":{\"@id\":\"https:\\\/\\\/sysmatec.ch\\\/de\\\/Produkt\\\/gebrauchte-preciflow-pumpe\\\/#primaryimage\"},\"thumbnailUrl\":\"https:\\\/\\\/sysmatec.ch\\\/wp-content\\\/uploads\\\/2019\\\/06\\\/IMG_1528-scaled.jpg\",\"datePublished\":\"2019-06-26T18:25:55+00:00\",\"dateModified\":\"2023-07-17T15:26:41+00:00\",\"description\":\"Gebrauchte Preciflow-Pumpe in gutem Zustand mit Druckkn\u00f6pfen.\",\"breadcrumb\":{\"@id\":\"https:\\\/\\\/sysmatec.ch\\\/de\\\/Produkt\\\/gebrauchte-preciflow-pumpe\\\/#breadcrumb\"},\"inLanguage\":\"de\",\"potentialAction\":[{\"@type\":\"ReadAction\",\"target\":[\"https:\\\/\\\/sysmatec.ch\\\/de\\\/Produkt\\\/gebrauchte-preciflow-pumpe\\\/\"]}]},{\"@type\":\"ImageObject\",\"inLanguage\":\"de\",\"@id\":\"https:\\\/\\\/sysmatec.ch\\\/de\\\/Produkt\\\/gebrauchte-preciflow-pumpe\\\/#primaryimage\",\"url\":\"https:\\\/\\\/sysmatec.ch\\\/wp-content\\\/uploads\\\/2019\\\/06\\\/IMG_1528-scaled.jpg\",\"contentUrl\":\"https:\\\/\\\/sysmatec.ch\\\/wp-content\\\/uploads\\\/2019\\\/06\\\/IMG_1528-scaled.jpg\",\"width\":2560,\"height\":2545},{\"@type\":\"BreadcrumbList\",\"@id\":\"https:\\\/\\\/sysmatec.ch\\\/de\\\/Produkt\\\/gebrauchte-preciflow-pumpe\\\/#breadcrumb\",\"itemListElement\":[{\"@type\":\"ListItem\",\"position\":1,\"name\":\"Accueil\",\"item\":\"https:\\\/\\\/sysmatec.ch\\\/de\\\/\"},{\"@type\":\"ListItem\",\"position\":2,\"name\":\"Die Aktivit\u00e4t von Sysmatec\",\"item\":\"https:\\\/\\\/sysmatec.ch\\\/de\\\/\"},{\"@type\":\"ListItem\",\"position\":3,\"name\":\"Gebrauchte Preciflow-Pumpe\"}]},{\"@type\":\"WebSite\",\"@id\":\"https:\\\/\\\/sysmatec.ch\\\/de\\\/#website\",\"url\":\"https:\\\/\\\/sysmatec.ch\\\/de\\\/\",\"name\":\"Sysmatec\",\"description\":\"Equipement de laboratoire et logiciels\",\"publisher\":{\"@id\":\"https:\\\/\\\/sysmatec.ch\\\/de\\\/#organization\"},\"potentialAction\":[{\"@type\":\"SearchAction\",\"target\":{\"@type\":\"EntryPoint\",\"urlTemplate\":\"https:\\\/\\\/sysmatec.ch\\\/de\\\/?s={search_term_string}\"},\"query-input\":{\"@type\":\"PropertyValueSpecification\",\"valueRequired\":true,\"valueName\":\"search_term_string\"}}],\"inLanguage\":\"de\"},{\"@type\":\"Organization\",\"@id\":\"https:\\\/\\\/sysmatec.ch\\\/de\\\/#organization\",\"name\":\"Sysmatec\",\"url\":\"https:\\\/\\\/sysmatec.ch\\\/de\\\/\",\"logo\":{\"@type\":\"ImageObject\",\"inLanguage\":\"de\",\"@id\":\"https:\\\/\\\/sysmatec.ch\\\/de\\\/#\\\/schema\\\/logo\\\/image\\\/\",\"url\":\"https:\\\/\\\/sysmatec.ch\\\/wp-content\\\/uploads\\\/2018\\\/11\\\/LogoSysmatec.jpg\",\"contentUrl\":\"https:\\\/\\\/sysmatec.ch\\\/wp-content\\\/uploads\\\/2018\\\/11\\\/LogoSysmatec.jpg\",\"width\":301,\"height\":297,\"caption\":\"Sysmatec\"},\"image\":{\"@id\":\"https:\\\/\\\/sysmatec.ch\\\/de\\\/#\\\/schema\\\/logo\\\/image\\\/\"}}]}<\/script>\n<!-- \/ Yoast SEO plugin. -->","yoast_head_json":{"title":"Gebrauchte Preciflow-Pumpe - Sysmatec","description":"Gebrauchte Preciflow-Pumpe in gutem Zustand mit Druckkn\u00f6pfen.","robots":{"index":"index","follow":"follow","max-snippet":"max-snippet:-1","max-image-preview":"max-image-preview:large","max-video-preview":"max-video-preview:-1"},"canonical":"https:\/\/sysmatec.ch\/de\/Produkt\/gebrauchte-preciflow-pumpe\/","og_locale":"de_DE","og_type":"article","og_title":"Gebrauchte Preciflow-Pumpe - Sysmatec","og_description":"Gebrauchte Preciflow-Pumpe in gutem Zustand mit Druckkn\u00f6pfen.","og_url":"https:\/\/sysmatec.ch\/de\/Produkt\/gebrauchte-preciflow-pumpe\/","og_site_name":"Sysmatec","article_modified_time":"2023-07-17T15:26:41+00:00","og_image":[{"width":2560,"height":2545,"url":"https:\/\/sysmatec.ch\/wp-content\/uploads\/2019\/06\/IMG_1528-scaled.jpg","type":"image\/jpeg"}],"twitter_card":"summary_large_image","twitter_misc":{"Gesch\u00e4tzte Lesezeit":"2\u00a0Minuten"},"schema":{"@context":"https:\/\/schema.org","@graph":[{"@type":"WebPage","@id":"https:\/\/sysmatec.ch\/de\/Produkt\/gebrauchte-preciflow-pumpe\/","url":"https:\/\/sysmatec.ch\/de\/Produkt\/gebrauchte-preciflow-pumpe\/","name":"Gebrauchte Preciflow-Pumpe - Sysmatec","isPartOf":{"@id":"https:\/\/sysmatec.ch\/de\/#website"},"primaryImageOfPage":{"@id":"https:\/\/sysmatec.ch\/de\/Produkt\/gebrauchte-preciflow-pumpe\/#primaryimage"},"image":{"@id":"https:\/\/sysmatec.ch\/de\/Produkt\/gebrauchte-preciflow-pumpe\/#primaryimage"},"thumbnailUrl":"https:\/\/sysmatec.ch\/wp-content\/uploads\/2019\/06\/IMG_1528-scaled.jpg","datePublished":"2019-06-26T18:25:55+00:00","dateModified":"2023-07-17T15:26:41+00:00","description":"Gebrauchte Preciflow-Pumpe in gutem Zustand mit Druckkn\u00f6pfen.","breadcrumb":{"@id":"https:\/\/sysmatec.ch\/de\/Produkt\/gebrauchte-preciflow-pumpe\/#breadcrumb"},"inLanguage":"de","potentialAction":[{"@type":"ReadAction","target":["https:\/\/sysmatec.ch\/de\/Produkt\/gebrauchte-preciflow-pumpe\/"]}]},{"@type":"ImageObject","inLanguage":"de","@id":"https:\/\/sysmatec.ch\/de\/Produkt\/gebrauchte-preciflow-pumpe\/#primaryimage","url":"https:\/\/sysmatec.ch\/wp-content\/uploads\/2019\/06\/IMG_1528-scaled.jpg","contentUrl":"https:\/\/sysmatec.ch\/wp-content\/uploads\/2019\/06\/IMG_1528-scaled.jpg","width":2560,"height":2545},{"@type":"BreadcrumbList","@id":"https:\/\/sysmatec.ch\/de\/Produkt\/gebrauchte-preciflow-pumpe\/#breadcrumb","itemListElement":[{"@type":"ListItem","position":1,"name":"Accueil","item":"https:\/\/sysmatec.ch\/de\/"},{"@type":"ListItem","position":2,"name":"Die Aktivit\u00e4t von Sysmatec","item":"https:\/\/sysmatec.ch\/de\/"},{"@type":"ListItem","position":3,"name":"Gebrauchte Preciflow-Pumpe"}]},{"@type":"WebSite","@id":"https:\/\/sysmatec.ch\/de\/#website","url":"https:\/\/sysmatec.ch\/de\/","name":"Sysmatec","description":"Equipement de laboratoire et logiciels","publisher":{"@id":"https:\/\/sysmatec.ch\/de\/#organization"},"potentialAction":[{"@type":"SearchAction","target":{"@type":"EntryPoint","urlTemplate":"https:\/\/sysmatec.ch\/de\/?s={search_term_string}"},"query-input":{"@type":"PropertyValueSpecification","valueRequired":true,"valueName":"search_term_string"}}],"inLanguage":"de"},{"@type":"Organization","@id":"https:\/\/sysmatec.ch\/de\/#organization","name":"Sysmatec","url":"https:\/\/sysmatec.ch\/de\/","logo":{"@type":"ImageObject","inLanguage":"de","@id":"https:\/\/sysmatec.ch\/de\/#\/schema\/logo\/image\/","url":"https:\/\/sysmatec.ch\/wp-content\/uploads\/2018\/11\/LogoSysmatec.jpg","contentUrl":"https:\/\/sysmatec.ch\/wp-content\/uploads\/2018\/11\/LogoSysmatec.jpg","width":301,"height":297,"caption":"Sysmatec"},"image":{"@id":"https:\/\/sysmatec.ch\/de\/#\/schema\/logo\/image\/"}}]}},"_links":{"self":[{"href":"https:\/\/sysmatec.ch\/de\/wp-json\/wp\/v2\/product\/7721","targetHints":{"allow":["GET"]}}],"collection":[{"href":"https:\/\/sysmatec.ch\/de\/wp-json\/wp\/v2\/product"}],"about":[{"href":"https:\/\/sysmatec.ch\/de\/wp-json\/wp\/v2\/types\/product"}],"wp:featuredmedia":[{"embeddable":true,"href":"https:\/\/sysmatec.ch\/de\/wp-json\/wp\/v2\/media\/28592"}],"wp:attachment":[{"href":"https:\/\/sysmatec.ch\/de\/wp-json\/wp\/v2\/media?parent=7721"}],"wp:term":[{"taxonomy":"product_brand","embeddable":true,"href":"https:\/\/sysmatec.ch\/de\/wp-json\/wp\/v2\/product_brand?post=7721"},{"taxonomy":"product_cat","embeddable":true,"href":"https:\/\/sysmatec.ch\/de\/wp-json\/wp\/v2\/product_cat?post=7721"},{"taxonomy":"product_tag","embeddable":true,"href":"https:\/\/sysmatec.ch\/de\/wp-json\/wp\/v2\/product_tag?post=7721"}],"curies":[{"name":"wp","href":"https:\/\/api.w.org\/{rel}","templated":true}]}}