{"id":7696,"date":"2019-06-26T15:27:36","date_gmt":"2019-06-26T13:27:36","guid":{"rendered":"https:\/\/sysmatec.ch\/produit\/viscosimetre-microvisc\/"},"modified":"2021-12-28T11:26:17","modified_gmt":"2021-12-28T10:26:17","slug":"viskosimeter-microvisc","status":"publish","type":"product","link":"https:\/\/sysmatec.ch\/de\/Produkt\/viskosimeter-microvisc\/","title":{"rendered":"Viskosimeter microVISC"},"content":{"rendered":"<p>microVISC ist das schnellste Viskosimeter f\u00fcr Ihre Routineuntersuchungen Dank des intuitiven Designs k\u00f6nnen Messungen innert Minutenfrist gestartet werden, selbst wenn ein striktes Anwendungsprotokoll vorgeschrieben ist. Hohe Genauigkeit und Reproduzierbarkeit sparen Zeit und Ressourcen und damit Geld.<\/p>\n<p>Das Mikroviskosimeter microVISC ist hervorragend geeignet f\u00fcr die t\u00e4gliche Routineanalyse. Es zeichnet sich durch folgende Eigenschaften aus:<\/p>\n<ul>\n<li type=\"disc\">Einfache Anwendung<\/li>\n<li type=\"disc\">Schnelle Viskosit\u00e4tsmessungen innerhalb einer Minute<\/li>\n<li type=\"disc\">Probevolumen im \u00b5l-Bereich<\/li>\n<li type=\"disc\">Viskosit\u00e4tsbereich 0.2 \u2013bis 40 000 mPa*s, abh\u00e4ngig von Messzelle<\/li>\n<li type=\"disc\">Scherrate: 1.7 bis 5 850 s-1, abh\u00e4ngig von Messzelle<\/li>\n<li type=\"disc\">Genauigkeit von &lt; 2% sowohl im hoch- als auch im tiefviskosen Bereich<\/li>\n<li type=\"disc\">Wiederholbarkeit &lt; 1%<\/li>\n<li type=\"disc\">Aufl\u00f6sung: 0.001 mPas<\/li>\n<li type=\"disc\">Portables Viskosimeter: Gewicht nur 0.725kg<\/li>\n<\/ul>\n","protected":false},"excerpt":{"rendered":"<p><span class=\"VIiyi\" lang=\"de\"><span class=\"JLqJ4b ChMk0b\" data-language-for-alternatives=\"de\" data-language-to-translate-into=\"fr\" data-phrase-index=\"2\" data-number-of-phrases=\"3\">Viskosimeter f\u00fcr sehr kleine Proben.<\/span><\/span><\/p>\n","protected":false},"featured_media":7691,"template":"","meta":{"_crdt_document":""},"product_brand":[],"product_cat":[260],"product_tag":[],"class_list":{"0":"post-7696","1":"product","2":"type-product","3":"status-publish","4":"has-post-thumbnail","6":"product_cat-viskositaet","8":"first","9":"instock","10":"taxable","11":"shipping-taxable","12":"product-type-simple"},"yoast_head":"<!-- This site is optimized with the Yoast SEO plugin v27.3 - https:\/\/yoast.com\/product\/yoast-seo-wordpress\/ -->\n<title>Viskosimeter microVISC - Sysmatec<\/title>\n<meta name=\"description\" content=\"Tragbares Viskosimeter f\u00fcr sehr kleine Proben \u00fcber einen breiten Viskosit\u00e4tsbereich von 0,2 bis 20.000 cPo.\" \/>\n<meta name=\"robots\" content=\"index, follow, max-snippet:-1, max-image-preview:large, max-video-preview:-1\" \/>\n<link rel=\"canonical\" href=\"https:\/\/sysmatec.ch\/de\/produit\/viskosimeter-microvisc\/\" \/>\n<meta property=\"og:locale\" content=\"de_DE\" \/>\n<meta property=\"og:type\" content=\"article\" \/>\n<meta property=\"og:title\" content=\"Viskosimeter microVISC - Sysmatec\" \/>\n<meta property=\"og:description\" content=\"Tragbares Viskosimeter f\u00fcr sehr kleine Proben \u00fcber einen breiten Viskosit\u00e4tsbereich von 0,2 bis 20.000 cPo.\" \/>\n<meta property=\"og:url\" content=\"https:\/\/sysmatec.ch\/de\/produit\/viskosimeter-microvisc\/\" \/>\n<meta property=\"og:site_name\" content=\"Sysmatec\" \/>\n<meta property=\"article:modified_time\" content=\"2021-12-28T10:26:17+00:00\" \/>\n<meta property=\"og:image\" content=\"https:\/\/sysmatec.ch\/wp-content\/uploads\/2019\/06\/Viscosite_RheosensMicroVisc.jpg\" \/>\n\t<meta property=\"og:image:width\" content=\"182\" \/>\n\t<meta property=\"og:image:height\" content=\"168\" \/>\n\t<meta property=\"og:image:type\" content=\"image\/jpeg\" \/>\n<meta name=\"twitter:card\" content=\"summary_large_image\" \/>\n<meta name=\"twitter:label1\" content=\"Gesch\u00e4tzte Lesezeit\" \/>\n\t<meta name=\"twitter:data1\" content=\"1\u00a0Minute\" \/>\n<script type=\"application\/ld+json\" class=\"yoast-schema-graph\">{\"@context\":\"https:\\\/\\\/schema.org\",\"@graph\":[{\"@type\":\"WebPage\",\"@id\":\"https:\\\/\\\/sysmatec.ch\\\/de\\\/produit\\\/viskosimeter-microvisc\\\/\",\"url\":\"https:\\\/\\\/sysmatec.ch\\\/de\\\/produit\\\/viskosimeter-microvisc\\\/\",\"name\":\"Viskosimeter microVISC - Sysmatec\",\"isPartOf\":{\"@id\":\"https:\\\/\\\/sysmatec.ch\\\/de\\\/#website\"},\"primaryImageOfPage\":{\"@id\":\"https:\\\/\\\/sysmatec.ch\\\/de\\\/produit\\\/viskosimeter-microvisc\\\/#primaryimage\"},\"image\":{\"@id\":\"https:\\\/\\\/sysmatec.ch\\\/de\\\/produit\\\/viskosimeter-microvisc\\\/#primaryimage\"},\"thumbnailUrl\":\"https:\\\/\\\/sysmatec.ch\\\/wp-content\\\/uploads\\\/2019\\\/06\\\/Viscosite_RheosensMicroVisc.jpg\",\"datePublished\":\"2019-06-26T13:27:36+00:00\",\"dateModified\":\"2021-12-28T10:26:17+00:00\",\"description\":\"Tragbares Viskosimeter f\u00fcr sehr kleine Proben \u00fcber einen breiten Viskosit\u00e4tsbereich von 0,2 bis 20.000 cPo.\",\"breadcrumb\":{\"@id\":\"https:\\\/\\\/sysmatec.ch\\\/de\\\/produit\\\/viskosimeter-microvisc\\\/#breadcrumb\"},\"inLanguage\":\"de\",\"potentialAction\":[{\"@type\":\"ReadAction\",\"target\":[\"https:\\\/\\\/sysmatec.ch\\\/de\\\/produit\\\/viskosimeter-microvisc\\\/\"]}]},{\"@type\":\"ImageObject\",\"inLanguage\":\"de\",\"@id\":\"https:\\\/\\\/sysmatec.ch\\\/de\\\/produit\\\/viskosimeter-microvisc\\\/#primaryimage\",\"url\":\"https:\\\/\\\/sysmatec.ch\\\/wp-content\\\/uploads\\\/2019\\\/06\\\/Viscosite_RheosensMicroVisc.jpg\",\"contentUrl\":\"https:\\\/\\\/sysmatec.ch\\\/wp-content\\\/uploads\\\/2019\\\/06\\\/Viscosite_RheosensMicroVisc.jpg\",\"width\":182,\"height\":168},{\"@type\":\"BreadcrumbList\",\"@id\":\"https:\\\/\\\/sysmatec.ch\\\/de\\\/produit\\\/viskosimeter-microvisc\\\/#breadcrumb\",\"itemListElement\":[{\"@type\":\"ListItem\",\"position\":1,\"name\":\"Accueil\",\"item\":\"https:\\\/\\\/sysmatec.ch\\\/de\\\/\"},{\"@type\":\"ListItem\",\"position\":2,\"name\":\"Die Aktivit\u00e4t von Sysmatec\",\"item\":\"https:\\\/\\\/sysmatec.ch\\\/de\\\/\"},{\"@type\":\"ListItem\",\"position\":3,\"name\":\"Viskosimeter microVISC\"}]},{\"@type\":\"WebSite\",\"@id\":\"https:\\\/\\\/sysmatec.ch\\\/de\\\/#website\",\"url\":\"https:\\\/\\\/sysmatec.ch\\\/de\\\/\",\"name\":\"Sysmatec\",\"description\":\"Equipement de laboratoire et logiciels\",\"publisher\":{\"@id\":\"https:\\\/\\\/sysmatec.ch\\\/de\\\/#organization\"},\"potentialAction\":[{\"@type\":\"SearchAction\",\"target\":{\"@type\":\"EntryPoint\",\"urlTemplate\":\"https:\\\/\\\/sysmatec.ch\\\/de\\\/?s={search_term_string}\"},\"query-input\":{\"@type\":\"PropertyValueSpecification\",\"valueRequired\":true,\"valueName\":\"search_term_string\"}}],\"inLanguage\":\"de\"},{\"@type\":\"Organization\",\"@id\":\"https:\\\/\\\/sysmatec.ch\\\/de\\\/#organization\",\"name\":\"Sysmatec\",\"url\":\"https:\\\/\\\/sysmatec.ch\\\/de\\\/\",\"logo\":{\"@type\":\"ImageObject\",\"inLanguage\":\"de\",\"@id\":\"https:\\\/\\\/sysmatec.ch\\\/de\\\/#\\\/schema\\\/logo\\\/image\\\/\",\"url\":\"https:\\\/\\\/sysmatec.ch\\\/wp-content\\\/uploads\\\/2018\\\/11\\\/LogoSysmatec.jpg\",\"contentUrl\":\"https:\\\/\\\/sysmatec.ch\\\/wp-content\\\/uploads\\\/2018\\\/11\\\/LogoSysmatec.jpg\",\"width\":301,\"height\":297,\"caption\":\"Sysmatec\"},\"image\":{\"@id\":\"https:\\\/\\\/sysmatec.ch\\\/de\\\/#\\\/schema\\\/logo\\\/image\\\/\"}}]}<\/script>\n<!-- \/ Yoast SEO plugin. -->","yoast_head_json":{"title":"Viskosimeter microVISC - Sysmatec","description":"Tragbares Viskosimeter f\u00fcr sehr kleine Proben \u00fcber einen breiten Viskosit\u00e4tsbereich von 0,2 bis 20.000 cPo.","robots":{"index":"index","follow":"follow","max-snippet":"max-snippet:-1","max-image-preview":"max-image-preview:large","max-video-preview":"max-video-preview:-1"},"canonical":"https:\/\/sysmatec.ch\/de\/produit\/viskosimeter-microvisc\/","og_locale":"de_DE","og_type":"article","og_title":"Viskosimeter microVISC - Sysmatec","og_description":"Tragbares Viskosimeter f\u00fcr sehr kleine Proben \u00fcber einen breiten Viskosit\u00e4tsbereich von 0,2 bis 20.000 cPo.","og_url":"https:\/\/sysmatec.ch\/de\/produit\/viskosimeter-microvisc\/","og_site_name":"Sysmatec","article_modified_time":"2021-12-28T10:26:17+00:00","og_image":[{"width":182,"height":168,"url":"https:\/\/sysmatec.ch\/wp-content\/uploads\/2019\/06\/Viscosite_RheosensMicroVisc.jpg","type":"image\/jpeg"}],"twitter_card":"summary_large_image","twitter_misc":{"Gesch\u00e4tzte Lesezeit":"1\u00a0Minute"},"schema":{"@context":"https:\/\/schema.org","@graph":[{"@type":"WebPage","@id":"https:\/\/sysmatec.ch\/de\/produit\/viskosimeter-microvisc\/","url":"https:\/\/sysmatec.ch\/de\/produit\/viskosimeter-microvisc\/","name":"Viskosimeter microVISC - Sysmatec","isPartOf":{"@id":"https:\/\/sysmatec.ch\/de\/#website"},"primaryImageOfPage":{"@id":"https:\/\/sysmatec.ch\/de\/produit\/viskosimeter-microvisc\/#primaryimage"},"image":{"@id":"https:\/\/sysmatec.ch\/de\/produit\/viskosimeter-microvisc\/#primaryimage"},"thumbnailUrl":"https:\/\/sysmatec.ch\/wp-content\/uploads\/2019\/06\/Viscosite_RheosensMicroVisc.jpg","datePublished":"2019-06-26T13:27:36+00:00","dateModified":"2021-12-28T10:26:17+00:00","description":"Tragbares Viskosimeter f\u00fcr sehr kleine Proben \u00fcber einen breiten Viskosit\u00e4tsbereich von 0,2 bis 20.000 cPo.","breadcrumb":{"@id":"https:\/\/sysmatec.ch\/de\/produit\/viskosimeter-microvisc\/#breadcrumb"},"inLanguage":"de","potentialAction":[{"@type":"ReadAction","target":["https:\/\/sysmatec.ch\/de\/produit\/viskosimeter-microvisc\/"]}]},{"@type":"ImageObject","inLanguage":"de","@id":"https:\/\/sysmatec.ch\/de\/produit\/viskosimeter-microvisc\/#primaryimage","url":"https:\/\/sysmatec.ch\/wp-content\/uploads\/2019\/06\/Viscosite_RheosensMicroVisc.jpg","contentUrl":"https:\/\/sysmatec.ch\/wp-content\/uploads\/2019\/06\/Viscosite_RheosensMicroVisc.jpg","width":182,"height":168},{"@type":"BreadcrumbList","@id":"https:\/\/sysmatec.ch\/de\/produit\/viskosimeter-microvisc\/#breadcrumb","itemListElement":[{"@type":"ListItem","position":1,"name":"Accueil","item":"https:\/\/sysmatec.ch\/de\/"},{"@type":"ListItem","position":2,"name":"Die Aktivit\u00e4t von Sysmatec","item":"https:\/\/sysmatec.ch\/de\/"},{"@type":"ListItem","position":3,"name":"Viskosimeter microVISC"}]},{"@type":"WebSite","@id":"https:\/\/sysmatec.ch\/de\/#website","url":"https:\/\/sysmatec.ch\/de\/","name":"Sysmatec","description":"Equipement de laboratoire et logiciels","publisher":{"@id":"https:\/\/sysmatec.ch\/de\/#organization"},"potentialAction":[{"@type":"SearchAction","target":{"@type":"EntryPoint","urlTemplate":"https:\/\/sysmatec.ch\/de\/?s={search_term_string}"},"query-input":{"@type":"PropertyValueSpecification","valueRequired":true,"valueName":"search_term_string"}}],"inLanguage":"de"},{"@type":"Organization","@id":"https:\/\/sysmatec.ch\/de\/#organization","name":"Sysmatec","url":"https:\/\/sysmatec.ch\/de\/","logo":{"@type":"ImageObject","inLanguage":"de","@id":"https:\/\/sysmatec.ch\/de\/#\/schema\/logo\/image\/","url":"https:\/\/sysmatec.ch\/wp-content\/uploads\/2018\/11\/LogoSysmatec.jpg","contentUrl":"https:\/\/sysmatec.ch\/wp-content\/uploads\/2018\/11\/LogoSysmatec.jpg","width":301,"height":297,"caption":"Sysmatec"},"image":{"@id":"https:\/\/sysmatec.ch\/de\/#\/schema\/logo\/image\/"}}]}},"_links":{"self":[{"href":"https:\/\/sysmatec.ch\/de\/wp-json\/wp\/v2\/product\/7696","targetHints":{"allow":["GET"]}}],"collection":[{"href":"https:\/\/sysmatec.ch\/de\/wp-json\/wp\/v2\/product"}],"about":[{"href":"https:\/\/sysmatec.ch\/de\/wp-json\/wp\/v2\/types\/product"}],"wp:featuredmedia":[{"embeddable":true,"href":"https:\/\/sysmatec.ch\/de\/wp-json\/wp\/v2\/media\/7691"}],"wp:attachment":[{"href":"https:\/\/sysmatec.ch\/de\/wp-json\/wp\/v2\/media?parent=7696"}],"wp:term":[{"taxonomy":"product_brand","embeddable":true,"href":"https:\/\/sysmatec.ch\/de\/wp-json\/wp\/v2\/product_brand?post=7696"},{"taxonomy":"product_cat","embeddable":true,"href":"https:\/\/sysmatec.ch\/de\/wp-json\/wp\/v2\/product_cat?post=7696"},{"taxonomy":"product_tag","embeddable":true,"href":"https:\/\/sysmatec.ch\/de\/wp-json\/wp\/v2\/product_tag?post=7696"}],"curies":[{"name":"wp","href":"https:\/\/api.w.org\/{rel}","templated":true}]}}