{"id":7672,"date":"2019-06-26T14:56:16","date_gmt":"2019-06-26T12:56:16","guid":{"rendered":"https:\/\/sysmatec.ch\/produit\/soupape-de-decharge-sdd910\/"},"modified":"2021-12-28T14:24:17","modified_gmt":"2021-12-28T13:24:17","slug":"ueberdruckventil-sdd912","status":"publish","type":"product","link":"https:\/\/sysmatec.ch\/de\/Produkt\/ueberdruckventil-sdd912\/","title":{"rendered":"\u00dcberdruckventil SDD912"},"content":{"rendered":"<p>Die Entlastungsventile SDD910 k\u00f6nnen die Leitungsnetz bei \u00dcberdruck sch\u00fctzen. Sie helfen auch, einen konstanten Druck in einer Leitung zu halten, wenn der Druck \u00fcber den eingestellten Druck kommt. Alle Teile in Kontakt mit der Fl\u00fcssigkeit sind aus Kunststoff gefertigt. Membranen und Dichtungen sind in EPDM oder FPM abh\u00e4ngig von der Anwendung.<\/p>\n<p>Die SDD 910 werden als Sicherheitsventile f\u00fcr Pumpen verwendet. Sie werden als Schutzeinrichtung je nach Anwendung direkt in einer Rohrleitung oder einer Bypassleitung an jeder beliebigen Position angebracht.<\/p>\n<ul>\n<li type=\"disc\">K\u00f6rper: PPH verst\u00e4rkt mit Fiberglas, oder PVDF<\/li>\n<li type=\"disc\">Membran: EPDM oder FPM<\/li>\n<li type=\"disc\">Dichtungen: EPDM oder FPM<\/li>\n<li type=\"disc\">Hut: PPH verst\u00e4rkt mit Fiberglas<\/li>\n<li type=\"disc\">Schrauben und Feder: Edelstahl<\/li>\n<li type=\"disc\">Schrauben: Messing<\/li>\n<li type=\"disc\">Dimensionen: DN 10 und DN 15<\/li>\n<li type=\"disc\">Einstellbereich: 0.5 bis 6 bar<\/li>\n<li type=\"disc\">Hysterese: ca. 0,3 bar<\/li>\n<li type=\"disc\">Druckklasse: PN 10 (bei 20 \u00b0 C)<\/li>\n<li type=\"disc\">Temperatur: +10 bis + 50 \u00b0 C<\/li>\n<li type=\"disc\">Hysterese: ca. 0.5 bar<\/li>\n<li type=\"disc\">Anschluss: Schrauben Leim (PVC), um polyfuser (PPH oder PVDF)<\/li>\n<\/ul>\n","protected":false},"excerpt":{"rendered":"<p>\u00dcberdruckventil<\/p>\n","protected":false},"featured_media":7661,"template":"","meta":{"_crdt_document":""},"product_brand":[],"product_cat":[257],"product_tag":[],"class_list":{"0":"post-7672","1":"product","2":"type-product","3":"status-publish","4":"has-post-thumbnail","6":"product_cat-ventil","8":"first","9":"instock","10":"taxable","11":"shipping-taxable","12":"product-type-simple"},"yoast_head":"<!-- This site is optimized with the Yoast SEO plugin v27.3 - https:\/\/yoast.com\/product\/yoast-seo-wordpress\/ -->\n<title>\u00dcberdruckventil SDD912 - Sysmatec<\/title>\n<meta name=\"description\" content=\"\u00dcberdruckventil f\u00fcr Hydraulikkreise, insbesondere f\u00fcr Kreisl\u00e4ufe mit Pumpen, das den Fl\u00fcssigkeitsr\u00fcckfluss verhindert.\" \/>\n<meta name=\"robots\" content=\"index, follow, max-snippet:-1, max-image-preview:large, max-video-preview:-1\" \/>\n<link rel=\"canonical\" href=\"https:\/\/sysmatec.ch\/de\/produit\/ueberdruckventil-sdd912\/\" \/>\n<meta property=\"og:locale\" content=\"de_DE\" \/>\n<meta property=\"og:type\" content=\"article\" \/>\n<meta property=\"og:title\" content=\"\u00dcberdruckventil SDD912 - Sysmatec\" \/>\n<meta property=\"og:description\" content=\"\u00dcberdruckventil f\u00fcr Hydraulikkreise, insbesondere f\u00fcr Kreisl\u00e4ufe mit Pumpen, das den Fl\u00fcssigkeitsr\u00fcckfluss verhindert.\" \/>\n<meta property=\"og:url\" content=\"https:\/\/sysmatec.ch\/de\/produit\/ueberdruckventil-sdd912\/\" \/>\n<meta property=\"og:site_name\" content=\"Sysmatec\" \/>\n<meta property=\"article:modified_time\" content=\"2021-12-28T13:24:17+00:00\" \/>\n<meta property=\"og:image\" content=\"https:\/\/sysmatec.ch\/wp-content\/uploads\/2019\/06\/Vanne_BamoSDD910.jpg\" \/>\n\t<meta property=\"og:image:width\" content=\"167\" \/>\n\t<meta property=\"og:image:height\" content=\"494\" \/>\n\t<meta property=\"og:image:type\" content=\"image\/jpeg\" \/>\n<meta name=\"twitter:card\" content=\"summary_large_image\" \/>\n<meta name=\"twitter:label1\" content=\"Gesch\u00e4tzte Lesezeit\" \/>\n\t<meta name=\"twitter:data1\" content=\"1\u00a0Minute\" \/>\n<script type=\"application\/ld+json\" class=\"yoast-schema-graph\">{\"@context\":\"https:\\\/\\\/schema.org\",\"@graph\":[{\"@type\":\"WebPage\",\"@id\":\"https:\\\/\\\/sysmatec.ch\\\/de\\\/produit\\\/ueberdruckventil-sdd912\\\/\",\"url\":\"https:\\\/\\\/sysmatec.ch\\\/de\\\/produit\\\/ueberdruckventil-sdd912\\\/\",\"name\":\"\u00dcberdruckventil SDD912 - Sysmatec\",\"isPartOf\":{\"@id\":\"https:\\\/\\\/sysmatec.ch\\\/de\\\/#website\"},\"primaryImageOfPage\":{\"@id\":\"https:\\\/\\\/sysmatec.ch\\\/de\\\/produit\\\/ueberdruckventil-sdd912\\\/#primaryimage\"},\"image\":{\"@id\":\"https:\\\/\\\/sysmatec.ch\\\/de\\\/produit\\\/ueberdruckventil-sdd912\\\/#primaryimage\"},\"thumbnailUrl\":\"https:\\\/\\\/sysmatec.ch\\\/wp-content\\\/uploads\\\/2019\\\/06\\\/Vanne_BamoSDD910.jpg\",\"datePublished\":\"2019-06-26T12:56:16+00:00\",\"dateModified\":\"2021-12-28T13:24:17+00:00\",\"description\":\"\u00dcberdruckventil f\u00fcr Hydraulikkreise, insbesondere f\u00fcr Kreisl\u00e4ufe mit Pumpen, das den Fl\u00fcssigkeitsr\u00fcckfluss verhindert.\",\"breadcrumb\":{\"@id\":\"https:\\\/\\\/sysmatec.ch\\\/de\\\/produit\\\/ueberdruckventil-sdd912\\\/#breadcrumb\"},\"inLanguage\":\"de\",\"potentialAction\":[{\"@type\":\"ReadAction\",\"target\":[\"https:\\\/\\\/sysmatec.ch\\\/de\\\/produit\\\/ueberdruckventil-sdd912\\\/\"]}]},{\"@type\":\"ImageObject\",\"inLanguage\":\"de\",\"@id\":\"https:\\\/\\\/sysmatec.ch\\\/de\\\/produit\\\/ueberdruckventil-sdd912\\\/#primaryimage\",\"url\":\"https:\\\/\\\/sysmatec.ch\\\/wp-content\\\/uploads\\\/2019\\\/06\\\/Vanne_BamoSDD910.jpg\",\"contentUrl\":\"https:\\\/\\\/sysmatec.ch\\\/wp-content\\\/uploads\\\/2019\\\/06\\\/Vanne_BamoSDD910.jpg\",\"width\":167,\"height\":494},{\"@type\":\"BreadcrumbList\",\"@id\":\"https:\\\/\\\/sysmatec.ch\\\/de\\\/produit\\\/ueberdruckventil-sdd912\\\/#breadcrumb\",\"itemListElement\":[{\"@type\":\"ListItem\",\"position\":1,\"name\":\"Accueil\",\"item\":\"https:\\\/\\\/sysmatec.ch\\\/de\\\/\"},{\"@type\":\"ListItem\",\"position\":2,\"name\":\"Die Aktivit\u00e4t von Sysmatec\",\"item\":\"https:\\\/\\\/sysmatec.ch\\\/de\\\/\"},{\"@type\":\"ListItem\",\"position\":3,\"name\":\"\u00dcberdruckventil SDD912\"}]},{\"@type\":\"WebSite\",\"@id\":\"https:\\\/\\\/sysmatec.ch\\\/de\\\/#website\",\"url\":\"https:\\\/\\\/sysmatec.ch\\\/de\\\/\",\"name\":\"Sysmatec\",\"description\":\"Equipement de laboratoire et logiciels\",\"publisher\":{\"@id\":\"https:\\\/\\\/sysmatec.ch\\\/de\\\/#organization\"},\"potentialAction\":[{\"@type\":\"SearchAction\",\"target\":{\"@type\":\"EntryPoint\",\"urlTemplate\":\"https:\\\/\\\/sysmatec.ch\\\/de\\\/?s={search_term_string}\"},\"query-input\":{\"@type\":\"PropertyValueSpecification\",\"valueRequired\":true,\"valueName\":\"search_term_string\"}}],\"inLanguage\":\"de\"},{\"@type\":\"Organization\",\"@id\":\"https:\\\/\\\/sysmatec.ch\\\/de\\\/#organization\",\"name\":\"Sysmatec\",\"url\":\"https:\\\/\\\/sysmatec.ch\\\/de\\\/\",\"logo\":{\"@type\":\"ImageObject\",\"inLanguage\":\"de\",\"@id\":\"https:\\\/\\\/sysmatec.ch\\\/de\\\/#\\\/schema\\\/logo\\\/image\\\/\",\"url\":\"https:\\\/\\\/sysmatec.ch\\\/wp-content\\\/uploads\\\/2018\\\/11\\\/LogoSysmatec.jpg\",\"contentUrl\":\"https:\\\/\\\/sysmatec.ch\\\/wp-content\\\/uploads\\\/2018\\\/11\\\/LogoSysmatec.jpg\",\"width\":301,\"height\":297,\"caption\":\"Sysmatec\"},\"image\":{\"@id\":\"https:\\\/\\\/sysmatec.ch\\\/de\\\/#\\\/schema\\\/logo\\\/image\\\/\"}}]}<\/script>\n<!-- \/ Yoast SEO plugin. -->","yoast_head_json":{"title":"\u00dcberdruckventil SDD912 - Sysmatec","description":"\u00dcberdruckventil f\u00fcr Hydraulikkreise, insbesondere f\u00fcr Kreisl\u00e4ufe mit Pumpen, das den Fl\u00fcssigkeitsr\u00fcckfluss verhindert.","robots":{"index":"index","follow":"follow","max-snippet":"max-snippet:-1","max-image-preview":"max-image-preview:large","max-video-preview":"max-video-preview:-1"},"canonical":"https:\/\/sysmatec.ch\/de\/produit\/ueberdruckventil-sdd912\/","og_locale":"de_DE","og_type":"article","og_title":"\u00dcberdruckventil SDD912 - Sysmatec","og_description":"\u00dcberdruckventil f\u00fcr Hydraulikkreise, insbesondere f\u00fcr Kreisl\u00e4ufe mit Pumpen, das den Fl\u00fcssigkeitsr\u00fcckfluss verhindert.","og_url":"https:\/\/sysmatec.ch\/de\/produit\/ueberdruckventil-sdd912\/","og_site_name":"Sysmatec","article_modified_time":"2021-12-28T13:24:17+00:00","og_image":[{"width":167,"height":494,"url":"https:\/\/sysmatec.ch\/wp-content\/uploads\/2019\/06\/Vanne_BamoSDD910.jpg","type":"image\/jpeg"}],"twitter_card":"summary_large_image","twitter_misc":{"Gesch\u00e4tzte Lesezeit":"1\u00a0Minute"},"schema":{"@context":"https:\/\/schema.org","@graph":[{"@type":"WebPage","@id":"https:\/\/sysmatec.ch\/de\/produit\/ueberdruckventil-sdd912\/","url":"https:\/\/sysmatec.ch\/de\/produit\/ueberdruckventil-sdd912\/","name":"\u00dcberdruckventil SDD912 - Sysmatec","isPartOf":{"@id":"https:\/\/sysmatec.ch\/de\/#website"},"primaryImageOfPage":{"@id":"https:\/\/sysmatec.ch\/de\/produit\/ueberdruckventil-sdd912\/#primaryimage"},"image":{"@id":"https:\/\/sysmatec.ch\/de\/produit\/ueberdruckventil-sdd912\/#primaryimage"},"thumbnailUrl":"https:\/\/sysmatec.ch\/wp-content\/uploads\/2019\/06\/Vanne_BamoSDD910.jpg","datePublished":"2019-06-26T12:56:16+00:00","dateModified":"2021-12-28T13:24:17+00:00","description":"\u00dcberdruckventil f\u00fcr Hydraulikkreise, insbesondere f\u00fcr Kreisl\u00e4ufe mit Pumpen, das den Fl\u00fcssigkeitsr\u00fcckfluss verhindert.","breadcrumb":{"@id":"https:\/\/sysmatec.ch\/de\/produit\/ueberdruckventil-sdd912\/#breadcrumb"},"inLanguage":"de","potentialAction":[{"@type":"ReadAction","target":["https:\/\/sysmatec.ch\/de\/produit\/ueberdruckventil-sdd912\/"]}]},{"@type":"ImageObject","inLanguage":"de","@id":"https:\/\/sysmatec.ch\/de\/produit\/ueberdruckventil-sdd912\/#primaryimage","url":"https:\/\/sysmatec.ch\/wp-content\/uploads\/2019\/06\/Vanne_BamoSDD910.jpg","contentUrl":"https:\/\/sysmatec.ch\/wp-content\/uploads\/2019\/06\/Vanne_BamoSDD910.jpg","width":167,"height":494},{"@type":"BreadcrumbList","@id":"https:\/\/sysmatec.ch\/de\/produit\/ueberdruckventil-sdd912\/#breadcrumb","itemListElement":[{"@type":"ListItem","position":1,"name":"Accueil","item":"https:\/\/sysmatec.ch\/de\/"},{"@type":"ListItem","position":2,"name":"Die Aktivit\u00e4t von Sysmatec","item":"https:\/\/sysmatec.ch\/de\/"},{"@type":"ListItem","position":3,"name":"\u00dcberdruckventil SDD912"}]},{"@type":"WebSite","@id":"https:\/\/sysmatec.ch\/de\/#website","url":"https:\/\/sysmatec.ch\/de\/","name":"Sysmatec","description":"Equipement de laboratoire et logiciels","publisher":{"@id":"https:\/\/sysmatec.ch\/de\/#organization"},"potentialAction":[{"@type":"SearchAction","target":{"@type":"EntryPoint","urlTemplate":"https:\/\/sysmatec.ch\/de\/?s={search_term_string}"},"query-input":{"@type":"PropertyValueSpecification","valueRequired":true,"valueName":"search_term_string"}}],"inLanguage":"de"},{"@type":"Organization","@id":"https:\/\/sysmatec.ch\/de\/#organization","name":"Sysmatec","url":"https:\/\/sysmatec.ch\/de\/","logo":{"@type":"ImageObject","inLanguage":"de","@id":"https:\/\/sysmatec.ch\/de\/#\/schema\/logo\/image\/","url":"https:\/\/sysmatec.ch\/wp-content\/uploads\/2018\/11\/LogoSysmatec.jpg","contentUrl":"https:\/\/sysmatec.ch\/wp-content\/uploads\/2018\/11\/LogoSysmatec.jpg","width":301,"height":297,"caption":"Sysmatec"},"image":{"@id":"https:\/\/sysmatec.ch\/de\/#\/schema\/logo\/image\/"}}]}},"_links":{"self":[{"href":"https:\/\/sysmatec.ch\/de\/wp-json\/wp\/v2\/product\/7672","targetHints":{"allow":["GET"]}}],"collection":[{"href":"https:\/\/sysmatec.ch\/de\/wp-json\/wp\/v2\/product"}],"about":[{"href":"https:\/\/sysmatec.ch\/de\/wp-json\/wp\/v2\/types\/product"}],"wp:featuredmedia":[{"embeddable":true,"href":"https:\/\/sysmatec.ch\/de\/wp-json\/wp\/v2\/media\/7661"}],"wp:attachment":[{"href":"https:\/\/sysmatec.ch\/de\/wp-json\/wp\/v2\/media?parent=7672"}],"wp:term":[{"taxonomy":"product_brand","embeddable":true,"href":"https:\/\/sysmatec.ch\/de\/wp-json\/wp\/v2\/product_brand?post=7672"},{"taxonomy":"product_cat","embeddable":true,"href":"https:\/\/sysmatec.ch\/de\/wp-json\/wp\/v2\/product_cat?post=7672"},{"taxonomy":"product_tag","embeddable":true,"href":"https:\/\/sysmatec.ch\/de\/wp-json\/wp\/v2\/product_tag?post=7672"}],"curies":[{"name":"wp","href":"https:\/\/api.w.org\/{rel}","templated":true}]}}