{"id":7666,"date":"2019-06-26T12:47:52","date_gmt":"2019-06-26T10:47:52","guid":{"rendered":"https:\/\/sysmatec.ch\/produit\/soupape-de-decharge-sdd912\/"},"modified":"2021-12-28T14:29:43","modified_gmt":"2021-12-28T13:29:43","slug":"ueberdruckventil-sdd912-2","status":"publish","type":"product","link":"https:\/\/sysmatec.ch\/de\/Produkt\/ueberdruckventil-sdd912-2\/","title":{"rendered":"\u00dcberdruckventil SDD912"},"content":{"rendered":"<p>Druckbegrenzungsventile des Typs SDD 912 begrenzen den statischen Druck in einer Rohrleitung. Sie werden verwendet um den Druck auf einem konstanten, m\u00f6glichst hohen Level zu halten und um Druckschl\u00e4ge, die zum Beispiel durch das \u00d6ffnen des Ventils entstehen, zu gl\u00e4tten. Die winklige Ausf\u00fchrung erm\u00f6glicht kleine Abmessungen mit reduziertem Gewicht, was sich gegen\u00fcber herk\u00f6mmlichen \u00dcberdruckventilen besonders durch eine einfache Montage vor Ort auszeichnet. Der Einsatz in korrodierenden D\u00e4mpfen ist m\u00f6glich, da keine metallischen Teile der Atmosph\u00e4re ausgesetzt sind.<\/p>\n<p>SDD 912-Ventile k\u00f6nnen als Druckbegrenzungsventile bei volumetrischen Pumpen verwendet werden.<\/p>\n<p>Sie werden als Schutzeinrichtung je nach Anwendung direkt in einer Rohrleitung oder einer Bypassleitung an jeder beliebigen Position angebracht.<\/p>\n<ul>\n<li type=\"disc\">Werkstoff Geh\u00e4use: PVC<\/li>\n<li type=\"disc\">Dichtung: EPDM oder FPM<\/li>\n<li type=\"disc\">Druckstufe: PN10 (bei 20\u00b0C)<\/li>\n<li type=\"disc\">Nennweiten: DN32 bis DN50<\/li>\n<li type=\"disc\">Hysterese: ca. 0.5bar<\/li>\n<li type=\"disc\">Einstellbereich: 1 bis 10bar<\/li>\n<li type=\"disc\">Umgebungs- \/ Betriebstemperatur: 10 bis 50\u00b0C<\/li>\n<li type=\"disc\">Max. Durchflussgeschwindigkeit: 3m\/s<\/li>\n<li type=\"disc\">Anschl\u00fcsse: PVC-Stopfen zum Kleben oder PVC-Stopfen zum Schrauben<\/li>\n<\/ul>\n","protected":false},"excerpt":{"rendered":"<p>\u00dcberdruckventil<\/p>\n","protected":false},"featured_media":7664,"template":"","meta":{"_crdt_document":""},"product_brand":[],"product_cat":[257],"product_tag":[],"class_list":{"0":"post-7666","1":"product","2":"type-product","3":"status-publish","4":"has-post-thumbnail","6":"product_cat-ventil","8":"first","9":"instock","10":"taxable","11":"shipping-taxable","12":"product-type-simple"},"yoast_head":"<!-- This site is optimized with the Yoast SEO plugin v27.3 - https:\/\/yoast.com\/product\/yoast-seo-wordpress\/ -->\n<title>\u00dcberdruckventil SDD912 - Sysmatec<\/title>\n<meta name=\"description\" content=\"\u00dcberdruckventil f\u00fcr Hydraulikkreise, insbesondere f\u00fcr Kreisl\u00e4ufe mit Pumpen, das den Fl\u00fcssigkeitsr\u00fcckfluss verhindert.\" \/>\n<meta name=\"robots\" content=\"index, follow, max-snippet:-1, max-image-preview:large, max-video-preview:-1\" \/>\n<link rel=\"canonical\" href=\"https:\/\/sysmatec.ch\/de\/produit\/ueberdruckventil-sdd912-2\/\" \/>\n<meta property=\"og:locale\" content=\"de_DE\" \/>\n<meta property=\"og:type\" content=\"article\" \/>\n<meta property=\"og:title\" content=\"\u00dcberdruckventil SDD912 - Sysmatec\" \/>\n<meta property=\"og:description\" content=\"\u00dcberdruckventil f\u00fcr Hydraulikkreise, insbesondere f\u00fcr Kreisl\u00e4ufe mit Pumpen, das den Fl\u00fcssigkeitsr\u00fcckfluss verhindert.\" \/>\n<meta property=\"og:url\" content=\"https:\/\/sysmatec.ch\/de\/produit\/ueberdruckventil-sdd912-2\/\" \/>\n<meta property=\"og:site_name\" content=\"Sysmatec\" \/>\n<meta property=\"article:modified_time\" content=\"2021-12-28T13:29:43+00:00\" \/>\n<meta property=\"og:image\" content=\"https:\/\/sysmatec.ch\/wp-content\/uploads\/2019\/06\/Vanne_BamoSSD912.jpg\" \/>\n\t<meta property=\"og:image:width\" content=\"170\" \/>\n\t<meta property=\"og:image:height\" content=\"369\" \/>\n\t<meta property=\"og:image:type\" content=\"image\/jpeg\" \/>\n<meta name=\"twitter:card\" content=\"summary_large_image\" \/>\n<meta name=\"twitter:label1\" content=\"Gesch\u00e4tzte Lesezeit\" \/>\n\t<meta name=\"twitter:data1\" content=\"1\u00a0Minute\" \/>\n<script type=\"application\/ld+json\" class=\"yoast-schema-graph\">{\"@context\":\"https:\\\/\\\/schema.org\",\"@graph\":[{\"@type\":\"WebPage\",\"@id\":\"https:\\\/\\\/sysmatec.ch\\\/de\\\/produit\\\/ueberdruckventil-sdd912-2\\\/\",\"url\":\"https:\\\/\\\/sysmatec.ch\\\/de\\\/produit\\\/ueberdruckventil-sdd912-2\\\/\",\"name\":\"\u00dcberdruckventil SDD912 - Sysmatec\",\"isPartOf\":{\"@id\":\"https:\\\/\\\/sysmatec.ch\\\/de\\\/#website\"},\"primaryImageOfPage\":{\"@id\":\"https:\\\/\\\/sysmatec.ch\\\/de\\\/produit\\\/ueberdruckventil-sdd912-2\\\/#primaryimage\"},\"image\":{\"@id\":\"https:\\\/\\\/sysmatec.ch\\\/de\\\/produit\\\/ueberdruckventil-sdd912-2\\\/#primaryimage\"},\"thumbnailUrl\":\"https:\\\/\\\/sysmatec.ch\\\/wp-content\\\/uploads\\\/2019\\\/06\\\/Vanne_BamoSSD912.jpg\",\"datePublished\":\"2019-06-26T10:47:52+00:00\",\"dateModified\":\"2021-12-28T13:29:43+00:00\",\"description\":\"\u00dcberdruckventil f\u00fcr Hydraulikkreise, insbesondere f\u00fcr Kreisl\u00e4ufe mit Pumpen, das den Fl\u00fcssigkeitsr\u00fcckfluss verhindert.\",\"breadcrumb\":{\"@id\":\"https:\\\/\\\/sysmatec.ch\\\/de\\\/produit\\\/ueberdruckventil-sdd912-2\\\/#breadcrumb\"},\"inLanguage\":\"de\",\"potentialAction\":[{\"@type\":\"ReadAction\",\"target\":[\"https:\\\/\\\/sysmatec.ch\\\/de\\\/produit\\\/ueberdruckventil-sdd912-2\\\/\"]}]},{\"@type\":\"ImageObject\",\"inLanguage\":\"de\",\"@id\":\"https:\\\/\\\/sysmatec.ch\\\/de\\\/produit\\\/ueberdruckventil-sdd912-2\\\/#primaryimage\",\"url\":\"https:\\\/\\\/sysmatec.ch\\\/wp-content\\\/uploads\\\/2019\\\/06\\\/Vanne_BamoSSD912.jpg\",\"contentUrl\":\"https:\\\/\\\/sysmatec.ch\\\/wp-content\\\/uploads\\\/2019\\\/06\\\/Vanne_BamoSSD912.jpg\",\"width\":170,\"height\":369},{\"@type\":\"BreadcrumbList\",\"@id\":\"https:\\\/\\\/sysmatec.ch\\\/de\\\/produit\\\/ueberdruckventil-sdd912-2\\\/#breadcrumb\",\"itemListElement\":[{\"@type\":\"ListItem\",\"position\":1,\"name\":\"Accueil\",\"item\":\"https:\\\/\\\/sysmatec.ch\\\/de\\\/\"},{\"@type\":\"ListItem\",\"position\":2,\"name\":\"Die Aktivit\u00e4t von Sysmatec\",\"item\":\"https:\\\/\\\/sysmatec.ch\\\/de\\\/\"},{\"@type\":\"ListItem\",\"position\":3,\"name\":\"\u00dcberdruckventil SDD912\"}]},{\"@type\":\"WebSite\",\"@id\":\"https:\\\/\\\/sysmatec.ch\\\/de\\\/#website\",\"url\":\"https:\\\/\\\/sysmatec.ch\\\/de\\\/\",\"name\":\"Sysmatec\",\"description\":\"Equipement de laboratoire et logiciels\",\"publisher\":{\"@id\":\"https:\\\/\\\/sysmatec.ch\\\/de\\\/#organization\"},\"potentialAction\":[{\"@type\":\"SearchAction\",\"target\":{\"@type\":\"EntryPoint\",\"urlTemplate\":\"https:\\\/\\\/sysmatec.ch\\\/de\\\/?s={search_term_string}\"},\"query-input\":{\"@type\":\"PropertyValueSpecification\",\"valueRequired\":true,\"valueName\":\"search_term_string\"}}],\"inLanguage\":\"de\"},{\"@type\":\"Organization\",\"@id\":\"https:\\\/\\\/sysmatec.ch\\\/de\\\/#organization\",\"name\":\"Sysmatec\",\"url\":\"https:\\\/\\\/sysmatec.ch\\\/de\\\/\",\"logo\":{\"@type\":\"ImageObject\",\"inLanguage\":\"de\",\"@id\":\"https:\\\/\\\/sysmatec.ch\\\/de\\\/#\\\/schema\\\/logo\\\/image\\\/\",\"url\":\"https:\\\/\\\/sysmatec.ch\\\/wp-content\\\/uploads\\\/2018\\\/11\\\/LogoSysmatec.jpg\",\"contentUrl\":\"https:\\\/\\\/sysmatec.ch\\\/wp-content\\\/uploads\\\/2018\\\/11\\\/LogoSysmatec.jpg\",\"width\":301,\"height\":297,\"caption\":\"Sysmatec\"},\"image\":{\"@id\":\"https:\\\/\\\/sysmatec.ch\\\/de\\\/#\\\/schema\\\/logo\\\/image\\\/\"}}]}<\/script>\n<!-- \/ Yoast SEO plugin. -->","yoast_head_json":{"title":"\u00dcberdruckventil SDD912 - Sysmatec","description":"\u00dcberdruckventil f\u00fcr Hydraulikkreise, insbesondere f\u00fcr Kreisl\u00e4ufe mit Pumpen, das den Fl\u00fcssigkeitsr\u00fcckfluss verhindert.","robots":{"index":"index","follow":"follow","max-snippet":"max-snippet:-1","max-image-preview":"max-image-preview:large","max-video-preview":"max-video-preview:-1"},"canonical":"https:\/\/sysmatec.ch\/de\/produit\/ueberdruckventil-sdd912-2\/","og_locale":"de_DE","og_type":"article","og_title":"\u00dcberdruckventil SDD912 - Sysmatec","og_description":"\u00dcberdruckventil f\u00fcr Hydraulikkreise, insbesondere f\u00fcr Kreisl\u00e4ufe mit Pumpen, das den Fl\u00fcssigkeitsr\u00fcckfluss verhindert.","og_url":"https:\/\/sysmatec.ch\/de\/produit\/ueberdruckventil-sdd912-2\/","og_site_name":"Sysmatec","article_modified_time":"2021-12-28T13:29:43+00:00","og_image":[{"width":170,"height":369,"url":"https:\/\/sysmatec.ch\/wp-content\/uploads\/2019\/06\/Vanne_BamoSSD912.jpg","type":"image\/jpeg"}],"twitter_card":"summary_large_image","twitter_misc":{"Gesch\u00e4tzte Lesezeit":"1\u00a0Minute"},"schema":{"@context":"https:\/\/schema.org","@graph":[{"@type":"WebPage","@id":"https:\/\/sysmatec.ch\/de\/produit\/ueberdruckventil-sdd912-2\/","url":"https:\/\/sysmatec.ch\/de\/produit\/ueberdruckventil-sdd912-2\/","name":"\u00dcberdruckventil SDD912 - Sysmatec","isPartOf":{"@id":"https:\/\/sysmatec.ch\/de\/#website"},"primaryImageOfPage":{"@id":"https:\/\/sysmatec.ch\/de\/produit\/ueberdruckventil-sdd912-2\/#primaryimage"},"image":{"@id":"https:\/\/sysmatec.ch\/de\/produit\/ueberdruckventil-sdd912-2\/#primaryimage"},"thumbnailUrl":"https:\/\/sysmatec.ch\/wp-content\/uploads\/2019\/06\/Vanne_BamoSSD912.jpg","datePublished":"2019-06-26T10:47:52+00:00","dateModified":"2021-12-28T13:29:43+00:00","description":"\u00dcberdruckventil f\u00fcr Hydraulikkreise, insbesondere f\u00fcr Kreisl\u00e4ufe mit Pumpen, das den Fl\u00fcssigkeitsr\u00fcckfluss verhindert.","breadcrumb":{"@id":"https:\/\/sysmatec.ch\/de\/produit\/ueberdruckventil-sdd912-2\/#breadcrumb"},"inLanguage":"de","potentialAction":[{"@type":"ReadAction","target":["https:\/\/sysmatec.ch\/de\/produit\/ueberdruckventil-sdd912-2\/"]}]},{"@type":"ImageObject","inLanguage":"de","@id":"https:\/\/sysmatec.ch\/de\/produit\/ueberdruckventil-sdd912-2\/#primaryimage","url":"https:\/\/sysmatec.ch\/wp-content\/uploads\/2019\/06\/Vanne_BamoSSD912.jpg","contentUrl":"https:\/\/sysmatec.ch\/wp-content\/uploads\/2019\/06\/Vanne_BamoSSD912.jpg","width":170,"height":369},{"@type":"BreadcrumbList","@id":"https:\/\/sysmatec.ch\/de\/produit\/ueberdruckventil-sdd912-2\/#breadcrumb","itemListElement":[{"@type":"ListItem","position":1,"name":"Accueil","item":"https:\/\/sysmatec.ch\/de\/"},{"@type":"ListItem","position":2,"name":"Die Aktivit\u00e4t von Sysmatec","item":"https:\/\/sysmatec.ch\/de\/"},{"@type":"ListItem","position":3,"name":"\u00dcberdruckventil SDD912"}]},{"@type":"WebSite","@id":"https:\/\/sysmatec.ch\/de\/#website","url":"https:\/\/sysmatec.ch\/de\/","name":"Sysmatec","description":"Equipement de laboratoire et logiciels","publisher":{"@id":"https:\/\/sysmatec.ch\/de\/#organization"},"potentialAction":[{"@type":"SearchAction","target":{"@type":"EntryPoint","urlTemplate":"https:\/\/sysmatec.ch\/de\/?s={search_term_string}"},"query-input":{"@type":"PropertyValueSpecification","valueRequired":true,"valueName":"search_term_string"}}],"inLanguage":"de"},{"@type":"Organization","@id":"https:\/\/sysmatec.ch\/de\/#organization","name":"Sysmatec","url":"https:\/\/sysmatec.ch\/de\/","logo":{"@type":"ImageObject","inLanguage":"de","@id":"https:\/\/sysmatec.ch\/de\/#\/schema\/logo\/image\/","url":"https:\/\/sysmatec.ch\/wp-content\/uploads\/2018\/11\/LogoSysmatec.jpg","contentUrl":"https:\/\/sysmatec.ch\/wp-content\/uploads\/2018\/11\/LogoSysmatec.jpg","width":301,"height":297,"caption":"Sysmatec"},"image":{"@id":"https:\/\/sysmatec.ch\/de\/#\/schema\/logo\/image\/"}}]}},"_links":{"self":[{"href":"https:\/\/sysmatec.ch\/de\/wp-json\/wp\/v2\/product\/7666","targetHints":{"allow":["GET"]}}],"collection":[{"href":"https:\/\/sysmatec.ch\/de\/wp-json\/wp\/v2\/product"}],"about":[{"href":"https:\/\/sysmatec.ch\/de\/wp-json\/wp\/v2\/types\/product"}],"wp:featuredmedia":[{"embeddable":true,"href":"https:\/\/sysmatec.ch\/de\/wp-json\/wp\/v2\/media\/7664"}],"wp:attachment":[{"href":"https:\/\/sysmatec.ch\/de\/wp-json\/wp\/v2\/media?parent=7666"}],"wp:term":[{"taxonomy":"product_brand","embeddable":true,"href":"https:\/\/sysmatec.ch\/de\/wp-json\/wp\/v2\/product_brand?post=7666"},{"taxonomy":"product_cat","embeddable":true,"href":"https:\/\/sysmatec.ch\/de\/wp-json\/wp\/v2\/product_cat?post=7666"},{"taxonomy":"product_tag","embeddable":true,"href":"https:\/\/sysmatec.ch\/de\/wp-json\/wp\/v2\/product_tag?post=7666"}],"curies":[{"name":"wp","href":"https:\/\/api.w.org\/{rel}","templated":true}]}}