{"id":7632,"date":"2019-06-26T11:29:51","date_gmt":"2019-06-26T09:29:51","guid":{"rendered":"https:\/\/sysmatec.ch\/produit\/mini-vanne-manuelle-3-voies-en-ptfe\/"},"modified":"2021-12-28T17:01:34","modified_gmt":"2021-12-28T16:01:34","slug":"manuelle-mini-3-wege-haehne-ptfe","status":"publish","type":"product","link":"https:\/\/sysmatec.ch\/de\/Produkt\/manuelle-mini-3-wege-haehne-ptfe\/","title":{"rendered":"Manuelle Mini-3 Wege-H\u00e4hne, PTFE"},"content":{"rendered":"<ul>\n<li>Material: PTFE<\/li>\n<li>Temperaturbest\u00e4ndigkeit: -10\u00b0C bis +120\u00b0C<\/li>\n<li>Chemische Best\u00e4ndigkeit: sehr gut<\/li>\n<li>Druck: Max. 8 bar<\/li>\n<li>Drei-Wege-Hahn aus PTFE mit entweder L-f\u00f6rmiger oder T-f\u00f6rmiger Bohrung und drei Anschl\u00fcssen, entweder dreimal Innengewinde UNF \u00bc&#8220; 28G oder zweimal Innengewinde UNF \u00bc&#8220; 28G und einmal Au\u00dfengewinde UNF \u00bc&#8220; 28G. 20 mm Gesamth\u00f6he inklusive Absperrhahn mit Hahnk\u00fcken aus FEP.<\/li>\n<\/ul>\n<table border=\"1\" width=\"712\" cellspacing=\"2\" cellpadding=\"0\">\n<tbody>\n<tr>\n<td>f\u00fcr Schlauch Innen-\u00d8 x Au\u00dfen-\u00d8. (mm)<\/td>\n<td>Anschl\u00fcsse Innengewinde<\/td>\n<td>Anschl\u00fcsse Au\u00dfengewinde<\/td>\n<td>Bohrung Hahn<\/td>\n<td>Gesamtl\u00e4nge (mm)<\/td>\n<td>Ref.<\/td>\n<\/tr>\n<tr>\n<td>0.8 x 1.6<\/td>\n<td>3<\/td>\n<td>0<\/td>\n<td>L<\/td>\n<td>32<\/td>\n<td>F731-02<\/td>\n<\/tr>\n<tr>\n<td>1.6 x 3.2<\/td>\n<td>3<\/td>\n<td>0<\/td>\n<td>L<\/td>\n<td>32<\/td>\n<td>F731-04<\/td>\n<\/tr>\n<tr>\n<td>0.8 x 1.6<\/td>\n<td>3<\/td>\n<td>0<\/td>\n<td>T<\/td>\n<td>32<\/td>\n<td>F731-06<\/td>\n<\/tr>\n<tr>\n<td>1.6 x 3.2<\/td>\n<td>3<\/td>\n<td>0<\/td>\n<td>T<\/td>\n<td>32<\/td>\n<td>F731-08<\/td>\n<\/tr>\n<tr>\n<td>0.8 x 1.6<\/td>\n<td>2<\/td>\n<td>1<\/td>\n<td>L<\/td>\n<td>42<\/td>\n<td>F731-10<\/td>\n<\/tr>\n<tr>\n<td>1.6 x 3.2<\/td>\n<td>2<\/td>\n<td>1<\/td>\n<td>L<\/td>\n<td>42<\/td>\n<td>F731-12<\/td>\n<\/tr>\n<tr>\n<td>0.8 x 1.6<\/td>\n<td>2<\/td>\n<td>1<\/td>\n<td>T<\/td>\n<td>42<\/td>\n<td>F731-14<\/td>\n<\/tr>\n<tr>\n<td>1.6 x 3.2<\/td>\n<td>2<\/td>\n<td>1<\/td>\n<td>T<\/td>\n<td>42<\/td>\n<td>F731-16<\/td>\n<\/tr>\n<\/tbody>\n<\/table>\n","protected":false},"excerpt":{"rendered":"<p>Manuelle Mini-3 Wege-H\u00e4hne, PTFE<\/p>\n","protected":false},"featured_media":7616,"template":"","meta":{"_crdt_document":""},"product_brand":[],"product_cat":[257],"product_tag":[],"class_list":{"0":"post-7632","1":"product","2":"type-product","3":"status-publish","4":"has-post-thumbnail","6":"product_cat-ventil","8":"first","9":"instock","10":"taxable","11":"shipping-taxable","12":"purchasable","13":"product-type-variable"},"yoast_head":"<!-- This site is optimized with the Yoast SEO plugin v27.3 - https:\/\/yoast.com\/product\/yoast-seo-wordpress\/ -->\n<title>Manuelle Mini-3 Wege-H\u00e4hne, PTFE - Sysmatec<\/title>\n<meta name=\"description\" content=\"Mini-3-Wege-Handventil aus PTFE und FEP, druckbest\u00e4ndig bis zu 8 Bar, mit Schraubanschl\u00fcsse.\" \/>\n<meta name=\"robots\" content=\"index, follow, max-snippet:-1, max-image-preview:large, max-video-preview:-1\" \/>\n<link rel=\"canonical\" href=\"https:\/\/sysmatec.ch\/de\/produit\/manuelle-mini-3-wege-haehne-ptfe\/\" \/>\n<meta property=\"og:locale\" content=\"de_DE\" \/>\n<meta property=\"og:type\" content=\"article\" \/>\n<meta property=\"og:title\" content=\"Manuelle Mini-3 Wege-H\u00e4hne, PTFE - Sysmatec\" \/>\n<meta property=\"og:description\" content=\"Mini-3-Wege-Handventil aus PTFE und FEP, druckbest\u00e4ndig bis zu 8 Bar, mit Schraubanschl\u00fcsse.\" \/>\n<meta property=\"og:url\" content=\"https:\/\/sysmatec.ch\/de\/produit\/manuelle-mini-3-wege-haehne-ptfe\/\" \/>\n<meta property=\"og:site_name\" content=\"Sysmatec\" \/>\n<meta property=\"article:modified_time\" content=\"2021-12-28T16:01:34+00:00\" \/>\n<meta property=\"og:image\" content=\"https:\/\/sysmatec.ch\/wp-content\/uploads\/2019\/06\/Vanne_BolaF731.jpg\" \/>\n\t<meta property=\"og:image:width\" content=\"175\" \/>\n\t<meta property=\"og:image:height\" content=\"175\" \/>\n\t<meta property=\"og:image:type\" content=\"image\/jpeg\" \/>\n<meta name=\"twitter:card\" content=\"summary_large_image\" \/>\n<meta name=\"twitter:label1\" content=\"Gesch\u00e4tzte Lesezeit\" \/>\n\t<meta name=\"twitter:data1\" content=\"1\u00a0Minute\" \/>\n<script type=\"application\/ld+json\" class=\"yoast-schema-graph\">{\"@context\":\"https:\\\/\\\/schema.org\",\"@graph\":[{\"@type\":\"WebPage\",\"@id\":\"https:\\\/\\\/sysmatec.ch\\\/de\\\/produit\\\/manuelle-mini-3-wege-haehne-ptfe\\\/\",\"url\":\"https:\\\/\\\/sysmatec.ch\\\/de\\\/produit\\\/manuelle-mini-3-wege-haehne-ptfe\\\/\",\"name\":\"Manuelle Mini-3 Wege-H\u00e4hne, PTFE - Sysmatec\",\"isPartOf\":{\"@id\":\"https:\\\/\\\/sysmatec.ch\\\/de\\\/#website\"},\"primaryImageOfPage\":{\"@id\":\"https:\\\/\\\/sysmatec.ch\\\/de\\\/produit\\\/manuelle-mini-3-wege-haehne-ptfe\\\/#primaryimage\"},\"image\":{\"@id\":\"https:\\\/\\\/sysmatec.ch\\\/de\\\/produit\\\/manuelle-mini-3-wege-haehne-ptfe\\\/#primaryimage\"},\"thumbnailUrl\":\"https:\\\/\\\/sysmatec.ch\\\/wp-content\\\/uploads\\\/2019\\\/06\\\/Vanne_BolaF731.jpg\",\"datePublished\":\"2019-06-26T09:29:51+00:00\",\"dateModified\":\"2021-12-28T16:01:34+00:00\",\"description\":\"Mini-3-Wege-Handventil aus PTFE und FEP, druckbest\u00e4ndig bis zu 8 Bar, mit Schraubanschl\u00fcsse.\",\"breadcrumb\":{\"@id\":\"https:\\\/\\\/sysmatec.ch\\\/de\\\/produit\\\/manuelle-mini-3-wege-haehne-ptfe\\\/#breadcrumb\"},\"inLanguage\":\"de\",\"potentialAction\":[{\"@type\":\"ReadAction\",\"target\":[\"https:\\\/\\\/sysmatec.ch\\\/de\\\/produit\\\/manuelle-mini-3-wege-haehne-ptfe\\\/\"]}]},{\"@type\":\"ImageObject\",\"inLanguage\":\"de\",\"@id\":\"https:\\\/\\\/sysmatec.ch\\\/de\\\/produit\\\/manuelle-mini-3-wege-haehne-ptfe\\\/#primaryimage\",\"url\":\"https:\\\/\\\/sysmatec.ch\\\/wp-content\\\/uploads\\\/2019\\\/06\\\/Vanne_BolaF731.jpg\",\"contentUrl\":\"https:\\\/\\\/sysmatec.ch\\\/wp-content\\\/uploads\\\/2019\\\/06\\\/Vanne_BolaF731.jpg\",\"width\":175,\"height\":175},{\"@type\":\"BreadcrumbList\",\"@id\":\"https:\\\/\\\/sysmatec.ch\\\/de\\\/produit\\\/manuelle-mini-3-wege-haehne-ptfe\\\/#breadcrumb\",\"itemListElement\":[{\"@type\":\"ListItem\",\"position\":1,\"name\":\"Accueil\",\"item\":\"https:\\\/\\\/sysmatec.ch\\\/de\\\/\"},{\"@type\":\"ListItem\",\"position\":2,\"name\":\"Die Aktivit\u00e4t von Sysmatec\",\"item\":\"https:\\\/\\\/sysmatec.ch\\\/de\\\/\"},{\"@type\":\"ListItem\",\"position\":3,\"name\":\"Manuelle Mini-3 Wege-H\u00e4hne, PTFE\"}]},{\"@type\":\"WebSite\",\"@id\":\"https:\\\/\\\/sysmatec.ch\\\/de\\\/#website\",\"url\":\"https:\\\/\\\/sysmatec.ch\\\/de\\\/\",\"name\":\"Sysmatec\",\"description\":\"Equipement de laboratoire et logiciels\",\"publisher\":{\"@id\":\"https:\\\/\\\/sysmatec.ch\\\/de\\\/#organization\"},\"potentialAction\":[{\"@type\":\"SearchAction\",\"target\":{\"@type\":\"EntryPoint\",\"urlTemplate\":\"https:\\\/\\\/sysmatec.ch\\\/de\\\/?s={search_term_string}\"},\"query-input\":{\"@type\":\"PropertyValueSpecification\",\"valueRequired\":true,\"valueName\":\"search_term_string\"}}],\"inLanguage\":\"de\"},{\"@type\":\"Organization\",\"@id\":\"https:\\\/\\\/sysmatec.ch\\\/de\\\/#organization\",\"name\":\"Sysmatec\",\"url\":\"https:\\\/\\\/sysmatec.ch\\\/de\\\/\",\"logo\":{\"@type\":\"ImageObject\",\"inLanguage\":\"de\",\"@id\":\"https:\\\/\\\/sysmatec.ch\\\/de\\\/#\\\/schema\\\/logo\\\/image\\\/\",\"url\":\"https:\\\/\\\/sysmatec.ch\\\/wp-content\\\/uploads\\\/2018\\\/11\\\/LogoSysmatec.jpg\",\"contentUrl\":\"https:\\\/\\\/sysmatec.ch\\\/wp-content\\\/uploads\\\/2018\\\/11\\\/LogoSysmatec.jpg\",\"width\":301,\"height\":297,\"caption\":\"Sysmatec\"},\"image\":{\"@id\":\"https:\\\/\\\/sysmatec.ch\\\/de\\\/#\\\/schema\\\/logo\\\/image\\\/\"}}]}<\/script>\n<!-- \/ Yoast SEO plugin. -->","yoast_head_json":{"title":"Manuelle Mini-3 Wege-H\u00e4hne, PTFE - Sysmatec","description":"Mini-3-Wege-Handventil aus PTFE und FEP, druckbest\u00e4ndig bis zu 8 Bar, mit Schraubanschl\u00fcsse.","robots":{"index":"index","follow":"follow","max-snippet":"max-snippet:-1","max-image-preview":"max-image-preview:large","max-video-preview":"max-video-preview:-1"},"canonical":"https:\/\/sysmatec.ch\/de\/produit\/manuelle-mini-3-wege-haehne-ptfe\/","og_locale":"de_DE","og_type":"article","og_title":"Manuelle Mini-3 Wege-H\u00e4hne, PTFE - Sysmatec","og_description":"Mini-3-Wege-Handventil aus PTFE und FEP, druckbest\u00e4ndig bis zu 8 Bar, mit Schraubanschl\u00fcsse.","og_url":"https:\/\/sysmatec.ch\/de\/produit\/manuelle-mini-3-wege-haehne-ptfe\/","og_site_name":"Sysmatec","article_modified_time":"2021-12-28T16:01:34+00:00","og_image":[{"width":175,"height":175,"url":"https:\/\/sysmatec.ch\/wp-content\/uploads\/2019\/06\/Vanne_BolaF731.jpg","type":"image\/jpeg"}],"twitter_card":"summary_large_image","twitter_misc":{"Gesch\u00e4tzte Lesezeit":"1\u00a0Minute"},"schema":{"@context":"https:\/\/schema.org","@graph":[{"@type":"WebPage","@id":"https:\/\/sysmatec.ch\/de\/produit\/manuelle-mini-3-wege-haehne-ptfe\/","url":"https:\/\/sysmatec.ch\/de\/produit\/manuelle-mini-3-wege-haehne-ptfe\/","name":"Manuelle Mini-3 Wege-H\u00e4hne, PTFE - Sysmatec","isPartOf":{"@id":"https:\/\/sysmatec.ch\/de\/#website"},"primaryImageOfPage":{"@id":"https:\/\/sysmatec.ch\/de\/produit\/manuelle-mini-3-wege-haehne-ptfe\/#primaryimage"},"image":{"@id":"https:\/\/sysmatec.ch\/de\/produit\/manuelle-mini-3-wege-haehne-ptfe\/#primaryimage"},"thumbnailUrl":"https:\/\/sysmatec.ch\/wp-content\/uploads\/2019\/06\/Vanne_BolaF731.jpg","datePublished":"2019-06-26T09:29:51+00:00","dateModified":"2021-12-28T16:01:34+00:00","description":"Mini-3-Wege-Handventil aus PTFE und FEP, druckbest\u00e4ndig bis zu 8 Bar, mit Schraubanschl\u00fcsse.","breadcrumb":{"@id":"https:\/\/sysmatec.ch\/de\/produit\/manuelle-mini-3-wege-haehne-ptfe\/#breadcrumb"},"inLanguage":"de","potentialAction":[{"@type":"ReadAction","target":["https:\/\/sysmatec.ch\/de\/produit\/manuelle-mini-3-wege-haehne-ptfe\/"]}]},{"@type":"ImageObject","inLanguage":"de","@id":"https:\/\/sysmatec.ch\/de\/produit\/manuelle-mini-3-wege-haehne-ptfe\/#primaryimage","url":"https:\/\/sysmatec.ch\/wp-content\/uploads\/2019\/06\/Vanne_BolaF731.jpg","contentUrl":"https:\/\/sysmatec.ch\/wp-content\/uploads\/2019\/06\/Vanne_BolaF731.jpg","width":175,"height":175},{"@type":"BreadcrumbList","@id":"https:\/\/sysmatec.ch\/de\/produit\/manuelle-mini-3-wege-haehne-ptfe\/#breadcrumb","itemListElement":[{"@type":"ListItem","position":1,"name":"Accueil","item":"https:\/\/sysmatec.ch\/de\/"},{"@type":"ListItem","position":2,"name":"Die Aktivit\u00e4t von Sysmatec","item":"https:\/\/sysmatec.ch\/de\/"},{"@type":"ListItem","position":3,"name":"Manuelle Mini-3 Wege-H\u00e4hne, PTFE"}]},{"@type":"WebSite","@id":"https:\/\/sysmatec.ch\/de\/#website","url":"https:\/\/sysmatec.ch\/de\/","name":"Sysmatec","description":"Equipement de laboratoire et logiciels","publisher":{"@id":"https:\/\/sysmatec.ch\/de\/#organization"},"potentialAction":[{"@type":"SearchAction","target":{"@type":"EntryPoint","urlTemplate":"https:\/\/sysmatec.ch\/de\/?s={search_term_string}"},"query-input":{"@type":"PropertyValueSpecification","valueRequired":true,"valueName":"search_term_string"}}],"inLanguage":"de"},{"@type":"Organization","@id":"https:\/\/sysmatec.ch\/de\/#organization","name":"Sysmatec","url":"https:\/\/sysmatec.ch\/de\/","logo":{"@type":"ImageObject","inLanguage":"de","@id":"https:\/\/sysmatec.ch\/de\/#\/schema\/logo\/image\/","url":"https:\/\/sysmatec.ch\/wp-content\/uploads\/2018\/11\/LogoSysmatec.jpg","contentUrl":"https:\/\/sysmatec.ch\/wp-content\/uploads\/2018\/11\/LogoSysmatec.jpg","width":301,"height":297,"caption":"Sysmatec"},"image":{"@id":"https:\/\/sysmatec.ch\/de\/#\/schema\/logo\/image\/"}}]}},"_links":{"self":[{"href":"https:\/\/sysmatec.ch\/de\/wp-json\/wp\/v2\/product\/7632","targetHints":{"allow":["GET"]}}],"collection":[{"href":"https:\/\/sysmatec.ch\/de\/wp-json\/wp\/v2\/product"}],"about":[{"href":"https:\/\/sysmatec.ch\/de\/wp-json\/wp\/v2\/types\/product"}],"wp:featuredmedia":[{"embeddable":true,"href":"https:\/\/sysmatec.ch\/de\/wp-json\/wp\/v2\/media\/7616"}],"wp:attachment":[{"href":"https:\/\/sysmatec.ch\/de\/wp-json\/wp\/v2\/media?parent=7632"}],"wp:term":[{"taxonomy":"product_brand","embeddable":true,"href":"https:\/\/sysmatec.ch\/de\/wp-json\/wp\/v2\/product_brand?post=7632"},{"taxonomy":"product_cat","embeddable":true,"href":"https:\/\/sysmatec.ch\/de\/wp-json\/wp\/v2\/product_cat?post=7632"},{"taxonomy":"product_tag","embeddable":true,"href":"https:\/\/sysmatec.ch\/de\/wp-json\/wp\/v2\/product_tag?post=7632"}],"curies":[{"name":"wp","href":"https:\/\/api.w.org\/{rel}","templated":true}]}}