{"id":7592,"date":"2019-06-25T20:13:30","date_gmt":"2019-06-25T18:13:30","guid":{"rendered":"https:\/\/sysmatec.ch\/produit\/enregistreur-de-temperature-a-bande-jetable-templog\/"},"modified":"2021-12-28T17:44:51","modified_gmt":"2021-12-28T16:44:51","slug":"einweg-temperaturschreiber-templog","status":"publish","type":"product","link":"https:\/\/sysmatec.ch\/de\/Produkt\/einweg-temperaturschreiber-templog\/","title":{"rendered":"Einweg-Temperaturschreiber TempLog"},"content":{"rendered":"<p>Ideal f\u00fcr die Aufzeichnung von Temperaturbedingungen w\u00e4hrend der Lagerung oder dem Transport von temperaturempfindlichen Produkten. Das Ger\u00e4t wird einfach durch das Entfernen eines Streifen aktiviert. Das Diagramm wird aus dem Recorder am Ende der Ziel entfernt, um die Temperatur zu \u00fcberpr\u00fcfen.<\/p>\n<ul>\n<li type=\"disc\">Klappkonstruktion mit einem robusten Verriegelung.<\/li>\n<li type=\"disc\">Geringen Gr\u00f6\u00dfe ist so ausgelegt, um maximalen Nutzen zu erhalten.<\/li>\n<li type=\"disc\">Gro\u00dfe Klebeband haften die Einheit w\u00e4hrend des Einsatzes.<\/li>\n<li type=\"disc\">3-teilige Kopie und Barcode-Informationen.<\/li>\n<li type=\"disc\">5 Jahre Lebensdauer mit Duracell-Batterie.<\/li>\n<li type=\"disc\">Temperaturbereich: -28 bis +38 \u00b0C<\/li>\n<li type=\"disc\">Temperatursensor: NIST Bi-Metall<\/li>\n<li type=\"disc\">Temperaturgenauigkeit: + \/ &#8211; 1 \u00b0C<\/li>\n<li type=\"disc\">Antrieb: Festquarzgesteuerte Uhr Motor<\/li>\n<li type=\"disc\">Ma\u00dfe: 13.3 cm x 8.8 cm x 5.9 cm (LxBxH)<\/li>\n<li type=\"disc\">Ger\u00e4tegewicht: 265 Gramm<\/li>\n<li type=\"disc\">Produktbestellm\u00f6glichkeiten: 20, 30, 40, 60 und 90 Tagen<\/li>\n<\/ul>\n","protected":false},"excerpt":{"rendered":"<p>Einweg-Temperaturschreiber<\/p>\n","protected":false},"featured_media":7587,"template":"","meta":{"_crdt_document":""},"product_brand":[],"product_cat":[172,173],"product_tag":[],"class_list":{"0":"post-7592","1":"product","2":"type-product","3":"status-publish","4":"has-post-thumbnail","6":"product_cat-einweg-logger","7":"product_cat-temperatur","9":"first","10":"instock","11":"taxable","12":"shipping-taxable","13":"product-type-simple"},"yoast_head":"<!-- This site is optimized with the Yoast SEO plugin v27.4 - https:\/\/yoast.com\/product\/yoast-seo-wordpress\/ -->\n<title>Einweg-Temperaturschreiber TempLog - Sysmatec<\/title>\n<meta name=\"description\" content=\"Temperaturschreiber f\u00fcr Einweg-Papierstreifen. Verf\u00fcgbar f\u00fcr 20, 30, 40, 60 oder 90 Tage nach Registrierung.\" \/>\n<meta name=\"robots\" content=\"index, follow, max-snippet:-1, max-image-preview:large, max-video-preview:-1\" \/>\n<link rel=\"canonical\" href=\"https:\/\/sysmatec.ch\/de\/produit\/einweg-temperaturschreiber-templog\/\" \/>\n<meta property=\"og:locale\" content=\"de_DE\" \/>\n<meta property=\"og:type\" content=\"article\" \/>\n<meta property=\"og:title\" content=\"Einweg-Temperaturschreiber TempLog - Sysmatec\" \/>\n<meta property=\"og:description\" content=\"Temperaturschreiber f\u00fcr Einweg-Papierstreifen. Verf\u00fcgbar f\u00fcr 20, 30, 40, 60 oder 90 Tage nach Registrierung.\" \/>\n<meta property=\"og:url\" content=\"https:\/\/sysmatec.ch\/de\/produit\/einweg-temperaturschreiber-templog\/\" \/>\n<meta property=\"og:site_name\" content=\"Sysmatec\" \/>\n<meta property=\"article:modified_time\" content=\"2021-12-28T16:44:51+00:00\" \/>\n<meta property=\"og:image\" content=\"https:\/\/sysmatec.ch\/wp-content\/uploads\/2019\/06\/Temperature_TempLogStripChart1.jpg\" \/>\n\t<meta property=\"og:image:width\" content=\"186\" \/>\n\t<meta property=\"og:image:height\" content=\"219\" \/>\n\t<meta property=\"og:image:type\" content=\"image\/jpeg\" \/>\n<meta name=\"twitter:card\" content=\"summary_large_image\" \/>\n<meta name=\"twitter:label1\" content=\"Gesch\u00e4tzte Lesezeit\" \/>\n\t<meta name=\"twitter:data1\" content=\"1\u00a0Minute\" \/>\n<script type=\"application\/ld+json\" class=\"yoast-schema-graph\">{\"@context\":\"https:\\\/\\\/schema.org\",\"@graph\":[{\"@type\":\"WebPage\",\"@id\":\"https:\\\/\\\/sysmatec.ch\\\/de\\\/produit\\\/einweg-temperaturschreiber-templog\\\/\",\"url\":\"https:\\\/\\\/sysmatec.ch\\\/de\\\/produit\\\/einweg-temperaturschreiber-templog\\\/\",\"name\":\"Einweg-Temperaturschreiber TempLog - Sysmatec\",\"isPartOf\":{\"@id\":\"https:\\\/\\\/sysmatec.ch\\\/de\\\/#website\"},\"primaryImageOfPage\":{\"@id\":\"https:\\\/\\\/sysmatec.ch\\\/de\\\/produit\\\/einweg-temperaturschreiber-templog\\\/#primaryimage\"},\"image\":{\"@id\":\"https:\\\/\\\/sysmatec.ch\\\/de\\\/produit\\\/einweg-temperaturschreiber-templog\\\/#primaryimage\"},\"thumbnailUrl\":\"https:\\\/\\\/sysmatec.ch\\\/wp-content\\\/uploads\\\/2019\\\/06\\\/Temperature_TempLogStripChart1.jpg\",\"datePublished\":\"2019-06-25T18:13:30+00:00\",\"dateModified\":\"2021-12-28T16:44:51+00:00\",\"description\":\"Temperaturschreiber f\u00fcr Einweg-Papierstreifen. Verf\u00fcgbar f\u00fcr 20, 30, 40, 60 oder 90 Tage nach Registrierung.\",\"breadcrumb\":{\"@id\":\"https:\\\/\\\/sysmatec.ch\\\/de\\\/produit\\\/einweg-temperaturschreiber-templog\\\/#breadcrumb\"},\"inLanguage\":\"de\",\"potentialAction\":[{\"@type\":\"ReadAction\",\"target\":[\"https:\\\/\\\/sysmatec.ch\\\/de\\\/produit\\\/einweg-temperaturschreiber-templog\\\/\"]}]},{\"@type\":\"ImageObject\",\"inLanguage\":\"de\",\"@id\":\"https:\\\/\\\/sysmatec.ch\\\/de\\\/produit\\\/einweg-temperaturschreiber-templog\\\/#primaryimage\",\"url\":\"https:\\\/\\\/sysmatec.ch\\\/wp-content\\\/uploads\\\/2019\\\/06\\\/Temperature_TempLogStripChart1.jpg\",\"contentUrl\":\"https:\\\/\\\/sysmatec.ch\\\/wp-content\\\/uploads\\\/2019\\\/06\\\/Temperature_TempLogStripChart1.jpg\",\"width\":186,\"height\":219},{\"@type\":\"BreadcrumbList\",\"@id\":\"https:\\\/\\\/sysmatec.ch\\\/de\\\/produit\\\/einweg-temperaturschreiber-templog\\\/#breadcrumb\",\"itemListElement\":[{\"@type\":\"ListItem\",\"position\":1,\"name\":\"Accueil\",\"item\":\"https:\\\/\\\/sysmatec.ch\\\/de\\\/\"},{\"@type\":\"ListItem\",\"position\":2,\"name\":\"Die Aktivit\u00e4t von Sysmatec\",\"item\":\"https:\\\/\\\/sysmatec.ch\\\/de\\\/\"},{\"@type\":\"ListItem\",\"position\":3,\"name\":\"Einweg-Temperaturschreiber TempLog\"}]},{\"@type\":\"WebSite\",\"@id\":\"https:\\\/\\\/sysmatec.ch\\\/de\\\/#website\",\"url\":\"https:\\\/\\\/sysmatec.ch\\\/de\\\/\",\"name\":\"Sysmatec\",\"description\":\"Equipement de laboratoire et logiciels\",\"publisher\":{\"@id\":\"https:\\\/\\\/sysmatec.ch\\\/de\\\/#organization\"},\"potentialAction\":[{\"@type\":\"SearchAction\",\"target\":{\"@type\":\"EntryPoint\",\"urlTemplate\":\"https:\\\/\\\/sysmatec.ch\\\/de\\\/?s={search_term_string}\"},\"query-input\":{\"@type\":\"PropertyValueSpecification\",\"valueRequired\":true,\"valueName\":\"search_term_string\"}}],\"inLanguage\":\"de\"},{\"@type\":\"Organization\",\"@id\":\"https:\\\/\\\/sysmatec.ch\\\/de\\\/#organization\",\"name\":\"Sysmatec\",\"url\":\"https:\\\/\\\/sysmatec.ch\\\/de\\\/\",\"logo\":{\"@type\":\"ImageObject\",\"inLanguage\":\"de\",\"@id\":\"https:\\\/\\\/sysmatec.ch\\\/de\\\/#\\\/schema\\\/logo\\\/image\\\/\",\"url\":\"https:\\\/\\\/sysmatec.ch\\\/wp-content\\\/uploads\\\/2018\\\/11\\\/LogoSysmatec.jpg\",\"contentUrl\":\"https:\\\/\\\/sysmatec.ch\\\/wp-content\\\/uploads\\\/2018\\\/11\\\/LogoSysmatec.jpg\",\"width\":301,\"height\":297,\"caption\":\"Sysmatec\"},\"image\":{\"@id\":\"https:\\\/\\\/sysmatec.ch\\\/de\\\/#\\\/schema\\\/logo\\\/image\\\/\"}}]}<\/script>\n<!-- \/ Yoast SEO plugin. -->","yoast_head_json":{"title":"Einweg-Temperaturschreiber TempLog - Sysmatec","description":"Temperaturschreiber f\u00fcr Einweg-Papierstreifen. Verf\u00fcgbar f\u00fcr 20, 30, 40, 60 oder 90 Tage nach Registrierung.","robots":{"index":"index","follow":"follow","max-snippet":"max-snippet:-1","max-image-preview":"max-image-preview:large","max-video-preview":"max-video-preview:-1"},"canonical":"https:\/\/sysmatec.ch\/de\/produit\/einweg-temperaturschreiber-templog\/","og_locale":"de_DE","og_type":"article","og_title":"Einweg-Temperaturschreiber TempLog - Sysmatec","og_description":"Temperaturschreiber f\u00fcr Einweg-Papierstreifen. Verf\u00fcgbar f\u00fcr 20, 30, 40, 60 oder 90 Tage nach Registrierung.","og_url":"https:\/\/sysmatec.ch\/de\/produit\/einweg-temperaturschreiber-templog\/","og_site_name":"Sysmatec","article_modified_time":"2021-12-28T16:44:51+00:00","og_image":[{"width":186,"height":219,"url":"https:\/\/sysmatec.ch\/wp-content\/uploads\/2019\/06\/Temperature_TempLogStripChart1.jpg","type":"image\/jpeg"}],"twitter_card":"summary_large_image","twitter_misc":{"Gesch\u00e4tzte Lesezeit":"1\u00a0Minute"},"schema":{"@context":"https:\/\/schema.org","@graph":[{"@type":"WebPage","@id":"https:\/\/sysmatec.ch\/de\/produit\/einweg-temperaturschreiber-templog\/","url":"https:\/\/sysmatec.ch\/de\/produit\/einweg-temperaturschreiber-templog\/","name":"Einweg-Temperaturschreiber TempLog - Sysmatec","isPartOf":{"@id":"https:\/\/sysmatec.ch\/de\/#website"},"primaryImageOfPage":{"@id":"https:\/\/sysmatec.ch\/de\/produit\/einweg-temperaturschreiber-templog\/#primaryimage"},"image":{"@id":"https:\/\/sysmatec.ch\/de\/produit\/einweg-temperaturschreiber-templog\/#primaryimage"},"thumbnailUrl":"https:\/\/sysmatec.ch\/wp-content\/uploads\/2019\/06\/Temperature_TempLogStripChart1.jpg","datePublished":"2019-06-25T18:13:30+00:00","dateModified":"2021-12-28T16:44:51+00:00","description":"Temperaturschreiber f\u00fcr Einweg-Papierstreifen. Verf\u00fcgbar f\u00fcr 20, 30, 40, 60 oder 90 Tage nach Registrierung.","breadcrumb":{"@id":"https:\/\/sysmatec.ch\/de\/produit\/einweg-temperaturschreiber-templog\/#breadcrumb"},"inLanguage":"de","potentialAction":[{"@type":"ReadAction","target":["https:\/\/sysmatec.ch\/de\/produit\/einweg-temperaturschreiber-templog\/"]}]},{"@type":"ImageObject","inLanguage":"de","@id":"https:\/\/sysmatec.ch\/de\/produit\/einweg-temperaturschreiber-templog\/#primaryimage","url":"https:\/\/sysmatec.ch\/wp-content\/uploads\/2019\/06\/Temperature_TempLogStripChart1.jpg","contentUrl":"https:\/\/sysmatec.ch\/wp-content\/uploads\/2019\/06\/Temperature_TempLogStripChart1.jpg","width":186,"height":219},{"@type":"BreadcrumbList","@id":"https:\/\/sysmatec.ch\/de\/produit\/einweg-temperaturschreiber-templog\/#breadcrumb","itemListElement":[{"@type":"ListItem","position":1,"name":"Accueil","item":"https:\/\/sysmatec.ch\/de\/"},{"@type":"ListItem","position":2,"name":"Die Aktivit\u00e4t von Sysmatec","item":"https:\/\/sysmatec.ch\/de\/"},{"@type":"ListItem","position":3,"name":"Einweg-Temperaturschreiber TempLog"}]},{"@type":"WebSite","@id":"https:\/\/sysmatec.ch\/de\/#website","url":"https:\/\/sysmatec.ch\/de\/","name":"Sysmatec","description":"Equipement de laboratoire et logiciels","publisher":{"@id":"https:\/\/sysmatec.ch\/de\/#organization"},"potentialAction":[{"@type":"SearchAction","target":{"@type":"EntryPoint","urlTemplate":"https:\/\/sysmatec.ch\/de\/?s={search_term_string}"},"query-input":{"@type":"PropertyValueSpecification","valueRequired":true,"valueName":"search_term_string"}}],"inLanguage":"de"},{"@type":"Organization","@id":"https:\/\/sysmatec.ch\/de\/#organization","name":"Sysmatec","url":"https:\/\/sysmatec.ch\/de\/","logo":{"@type":"ImageObject","inLanguage":"de","@id":"https:\/\/sysmatec.ch\/de\/#\/schema\/logo\/image\/","url":"https:\/\/sysmatec.ch\/wp-content\/uploads\/2018\/11\/LogoSysmatec.jpg","contentUrl":"https:\/\/sysmatec.ch\/wp-content\/uploads\/2018\/11\/LogoSysmatec.jpg","width":301,"height":297,"caption":"Sysmatec"},"image":{"@id":"https:\/\/sysmatec.ch\/de\/#\/schema\/logo\/image\/"}}]}},"_links":{"self":[{"href":"https:\/\/sysmatec.ch\/de\/wp-json\/wp\/v2\/product\/7592","targetHints":{"allow":["GET"]}}],"collection":[{"href":"https:\/\/sysmatec.ch\/de\/wp-json\/wp\/v2\/product"}],"about":[{"href":"https:\/\/sysmatec.ch\/de\/wp-json\/wp\/v2\/types\/product"}],"wp:featuredmedia":[{"embeddable":true,"href":"https:\/\/sysmatec.ch\/de\/wp-json\/wp\/v2\/media\/7587"}],"wp:attachment":[{"href":"https:\/\/sysmatec.ch\/de\/wp-json\/wp\/v2\/media?parent=7592"}],"wp:term":[{"taxonomy":"product_brand","embeddable":true,"href":"https:\/\/sysmatec.ch\/de\/wp-json\/wp\/v2\/product_brand?post=7592"},{"taxonomy":"product_cat","embeddable":true,"href":"https:\/\/sysmatec.ch\/de\/wp-json\/wp\/v2\/product_cat?post=7592"},{"taxonomy":"product_tag","embeddable":true,"href":"https:\/\/sysmatec.ch\/de\/wp-json\/wp\/v2\/product_tag?post=7592"}],"curies":[{"name":"wp","href":"https:\/\/api.w.org\/{rel}","templated":true}]}}