{"id":7572,"date":"2019-06-25T19:04:59","date_gmt":"2019-06-25T17:04:59","guid":{"rendered":"https:\/\/sysmatec.ch\/produit\/thermographes-rtd-q-et-rtb-q\/"},"modified":"2021-12-28T18:38:50","modified_gmt":"2021-12-28T17:38:50","slug":"thermograph-rtd-q-und-rtb-q","status":"publish","type":"product","link":"https:\/\/sysmatec.ch\/de\/Produkt\/thermograph-rtd-q-und-rtb-q\/","title":{"rendered":"Thermograph RTD \/ Q und RTB \/ Q"},"content":{"rendered":"<p>Das Inertgas Temperaturschreiber RTD \/ Q-Serie und das Bimetall-RTB \/ Q-Serie sind sehr zuverl\u00e4ssig, genau und kosteng\u00fcnstig f\u00fcr den Einsatz in allen Bereichen, in denen es erfordert eine st\u00e4ndige Temperaturkontrolle. Sie sind sehr gut geeignet, weil sie kein Quecksilber erhalten.<\/p>\n<ul>\n<li type=\"disc\">Abmessungen: 144 x 144 mm<\/li>\n<li type=\"disc\">Gewicht: 750 gr<\/li>\n<li type=\"disc\">Geh\u00e4use: Polystyrol<\/li>\n<li type=\"disc\">Empfindliche Element: RTD mit von Inertgas, RTB mit Bimetall-Spiral<\/li>\n<li type=\"disc\">RTD: Zylinder \u00d811 AISI 304 oder AISI 316, andere Gr\u00f6\u00dfen auf Anfrage<\/li>\n<li type=\"disc\">Papierscheibe: \u00d8 125mm, n\u00fctzliche Breite 45mm<\/li>\n<li type=\"disc\">Uhren: Quarz mit Alkaline-Batterie 1.5V &#8222;AAA&#8220; (Laufzeit von etwa einem Jahr)<\/li>\n<li type=\"disc\">Umdrehungen zur Verf\u00fcgung: 24 h oder 168 h und gegen den Uhrzeigersinn 168 h<\/li>\n<li type=\"disc\">Genauigkeitsklasse: Klasse 2 nach EN13190<\/li>\n<li type=\"disc\">Umgebungstemperatur: -15 bis +60 \u00b0 C<\/li>\n<li type=\"disc\">Schutzart: IP 40 nach EN 60529<\/li>\n<li type=\"disc\">Messbereiche auf Anfrage, zwischen -100 und 200 \u00b0 C<\/li>\n<\/ul>\n","protected":false},"excerpt":{"rendered":"<p>Thermograph, Temperatur-Disc-Recorder.<\/p>\n","protected":false},"featured_media":7570,"template":"","meta":{"_crdt_document":""},"product_brand":[],"product_cat":[168,173],"product_tag":[],"class_list":{"0":"post-7572","1":"product","2":"type-product","3":"status-publish","4":"has-post-thumbnail","6":"product_cat-datenlogger","7":"product_cat-temperatur","9":"first","10":"instock","11":"taxable","12":"shipping-taxable","13":"product-type-simple"},"yoast_head":"<!-- This site is optimized with the Yoast SEO plugin v27.5 - https:\/\/yoast.com\/product\/yoast-seo-wordpress\/ -->\n<title>Thermograph RTD \/ Q und RTB \/ Q - Sysmatec<\/title>\n<meta name=\"description\" content=\"Temperaturschreiber auf Papierscheibe. Antrieb durch Batterie-Elektromotor. Verschiedene Temperaturbereiche verf\u00fcgbar.\" \/>\n<meta name=\"robots\" content=\"index, follow, max-snippet:-1, max-image-preview:large, max-video-preview:-1\" \/>\n<link rel=\"canonical\" href=\"https:\/\/sysmatec.ch\/de\/produit\/thermograph-rtd-q-und-rtb-q\/\" \/>\n<meta property=\"og:locale\" content=\"de_DE\" \/>\n<meta property=\"og:type\" content=\"article\" \/>\n<meta property=\"og:title\" content=\"Thermograph RTD \/ Q und RTB \/ Q - Sysmatec\" \/>\n<meta property=\"og:description\" content=\"Temperaturschreiber auf Papierscheibe. Antrieb durch Batterie-Elektromotor. Verschiedene Temperaturbereiche verf\u00fcgbar.\" \/>\n<meta property=\"og:url\" content=\"https:\/\/sysmatec.ch\/de\/produit\/thermograph-rtd-q-und-rtb-q\/\" \/>\n<meta property=\"og:site_name\" content=\"Sysmatec\" \/>\n<meta property=\"article:modified_time\" content=\"2021-12-28T17:38:50+00:00\" \/>\n<meta property=\"og:image\" content=\"https:\/\/sysmatec.ch\/wp-content\/uploads\/2019\/06\/Temperature_TermafRTB.jpg\" \/>\n\t<meta property=\"og:image:width\" content=\"184\" \/>\n\t<meta property=\"og:image:height\" content=\"193\" \/>\n\t<meta property=\"og:image:type\" content=\"image\/jpeg\" \/>\n<meta name=\"twitter:card\" content=\"summary_large_image\" \/>\n<meta name=\"twitter:label1\" content=\"Gesch\u00e4tzte Lesezeit\" \/>\n\t<meta name=\"twitter:data1\" content=\"1\u00a0Minute\" \/>\n<script type=\"application\/ld+json\" class=\"yoast-schema-graph\">{\"@context\":\"https:\\\/\\\/schema.org\",\"@graph\":[{\"@type\":\"WebPage\",\"@id\":\"https:\\\/\\\/sysmatec.ch\\\/de\\\/produit\\\/thermograph-rtd-q-und-rtb-q\\\/\",\"url\":\"https:\\\/\\\/sysmatec.ch\\\/de\\\/produit\\\/thermograph-rtd-q-und-rtb-q\\\/\",\"name\":\"Thermograph RTD \\\/ Q und RTB \\\/ Q - Sysmatec\",\"isPartOf\":{\"@id\":\"https:\\\/\\\/sysmatec.ch\\\/de\\\/#website\"},\"primaryImageOfPage\":{\"@id\":\"https:\\\/\\\/sysmatec.ch\\\/de\\\/produit\\\/thermograph-rtd-q-und-rtb-q\\\/#primaryimage\"},\"image\":{\"@id\":\"https:\\\/\\\/sysmatec.ch\\\/de\\\/produit\\\/thermograph-rtd-q-und-rtb-q\\\/#primaryimage\"},\"thumbnailUrl\":\"https:\\\/\\\/sysmatec.ch\\\/wp-content\\\/uploads\\\/2019\\\/06\\\/Temperature_TermafRTB.jpg\",\"datePublished\":\"2019-06-25T17:04:59+00:00\",\"dateModified\":\"2021-12-28T17:38:50+00:00\",\"description\":\"Temperaturschreiber auf Papierscheibe. Antrieb durch Batterie-Elektromotor. Verschiedene Temperaturbereiche verf\u00fcgbar.\",\"breadcrumb\":{\"@id\":\"https:\\\/\\\/sysmatec.ch\\\/de\\\/produit\\\/thermograph-rtd-q-und-rtb-q\\\/#breadcrumb\"},\"inLanguage\":\"de\",\"potentialAction\":[{\"@type\":\"ReadAction\",\"target\":[\"https:\\\/\\\/sysmatec.ch\\\/de\\\/produit\\\/thermograph-rtd-q-und-rtb-q\\\/\"]}]},{\"@type\":\"ImageObject\",\"inLanguage\":\"de\",\"@id\":\"https:\\\/\\\/sysmatec.ch\\\/de\\\/produit\\\/thermograph-rtd-q-und-rtb-q\\\/#primaryimage\",\"url\":\"https:\\\/\\\/sysmatec.ch\\\/wp-content\\\/uploads\\\/2019\\\/06\\\/Temperature_TermafRTB.jpg\",\"contentUrl\":\"https:\\\/\\\/sysmatec.ch\\\/wp-content\\\/uploads\\\/2019\\\/06\\\/Temperature_TermafRTB.jpg\",\"width\":184,\"height\":193},{\"@type\":\"BreadcrumbList\",\"@id\":\"https:\\\/\\\/sysmatec.ch\\\/de\\\/produit\\\/thermograph-rtd-q-und-rtb-q\\\/#breadcrumb\",\"itemListElement\":[{\"@type\":\"ListItem\",\"position\":1,\"name\":\"Accueil\",\"item\":\"https:\\\/\\\/sysmatec.ch\\\/de\\\/\"},{\"@type\":\"ListItem\",\"position\":2,\"name\":\"Die Aktivit\u00e4t von Sysmatec\",\"item\":\"https:\\\/\\\/sysmatec.ch\\\/de\\\/\"},{\"@type\":\"ListItem\",\"position\":3,\"name\":\"Thermograph RTD \\\/ Q und RTB \\\/ Q\"}]},{\"@type\":\"WebSite\",\"@id\":\"https:\\\/\\\/sysmatec.ch\\\/de\\\/#website\",\"url\":\"https:\\\/\\\/sysmatec.ch\\\/de\\\/\",\"name\":\"Sysmatec\",\"description\":\"Equipement de laboratoire et logiciels\",\"publisher\":{\"@id\":\"https:\\\/\\\/sysmatec.ch\\\/de\\\/#organization\"},\"potentialAction\":[{\"@type\":\"SearchAction\",\"target\":{\"@type\":\"EntryPoint\",\"urlTemplate\":\"https:\\\/\\\/sysmatec.ch\\\/de\\\/?s={search_term_string}\"},\"query-input\":{\"@type\":\"PropertyValueSpecification\",\"valueRequired\":true,\"valueName\":\"search_term_string\"}}],\"inLanguage\":\"de\"},{\"@type\":\"Organization\",\"@id\":\"https:\\\/\\\/sysmatec.ch\\\/de\\\/#organization\",\"name\":\"Sysmatec\",\"url\":\"https:\\\/\\\/sysmatec.ch\\\/de\\\/\",\"logo\":{\"@type\":\"ImageObject\",\"inLanguage\":\"de\",\"@id\":\"https:\\\/\\\/sysmatec.ch\\\/de\\\/#\\\/schema\\\/logo\\\/image\\\/\",\"url\":\"https:\\\/\\\/sysmatec.ch\\\/wp-content\\\/uploads\\\/2018\\\/11\\\/LogoSysmatec.jpg\",\"contentUrl\":\"https:\\\/\\\/sysmatec.ch\\\/wp-content\\\/uploads\\\/2018\\\/11\\\/LogoSysmatec.jpg\",\"width\":301,\"height\":297,\"caption\":\"Sysmatec\"},\"image\":{\"@id\":\"https:\\\/\\\/sysmatec.ch\\\/de\\\/#\\\/schema\\\/logo\\\/image\\\/\"}}]}<\/script>\n<!-- \/ Yoast SEO plugin. -->","yoast_head_json":{"title":"Thermograph RTD \/ Q und RTB \/ Q - Sysmatec","description":"Temperaturschreiber auf Papierscheibe. Antrieb durch Batterie-Elektromotor. Verschiedene Temperaturbereiche verf\u00fcgbar.","robots":{"index":"index","follow":"follow","max-snippet":"max-snippet:-1","max-image-preview":"max-image-preview:large","max-video-preview":"max-video-preview:-1"},"canonical":"https:\/\/sysmatec.ch\/de\/produit\/thermograph-rtd-q-und-rtb-q\/","og_locale":"de_DE","og_type":"article","og_title":"Thermograph RTD \/ Q und RTB \/ Q - Sysmatec","og_description":"Temperaturschreiber auf Papierscheibe. Antrieb durch Batterie-Elektromotor. Verschiedene Temperaturbereiche verf\u00fcgbar.","og_url":"https:\/\/sysmatec.ch\/de\/produit\/thermograph-rtd-q-und-rtb-q\/","og_site_name":"Sysmatec","article_modified_time":"2021-12-28T17:38:50+00:00","og_image":[{"width":184,"height":193,"url":"https:\/\/sysmatec.ch\/wp-content\/uploads\/2019\/06\/Temperature_TermafRTB.jpg","type":"image\/jpeg"}],"twitter_card":"summary_large_image","twitter_misc":{"Gesch\u00e4tzte Lesezeit":"1\u00a0Minute"},"schema":{"@context":"https:\/\/schema.org","@graph":[{"@type":"WebPage","@id":"https:\/\/sysmatec.ch\/de\/produit\/thermograph-rtd-q-und-rtb-q\/","url":"https:\/\/sysmatec.ch\/de\/produit\/thermograph-rtd-q-und-rtb-q\/","name":"Thermograph RTD \/ Q und RTB \/ Q - Sysmatec","isPartOf":{"@id":"https:\/\/sysmatec.ch\/de\/#website"},"primaryImageOfPage":{"@id":"https:\/\/sysmatec.ch\/de\/produit\/thermograph-rtd-q-und-rtb-q\/#primaryimage"},"image":{"@id":"https:\/\/sysmatec.ch\/de\/produit\/thermograph-rtd-q-und-rtb-q\/#primaryimage"},"thumbnailUrl":"https:\/\/sysmatec.ch\/wp-content\/uploads\/2019\/06\/Temperature_TermafRTB.jpg","datePublished":"2019-06-25T17:04:59+00:00","dateModified":"2021-12-28T17:38:50+00:00","description":"Temperaturschreiber auf Papierscheibe. Antrieb durch Batterie-Elektromotor. Verschiedene Temperaturbereiche verf\u00fcgbar.","breadcrumb":{"@id":"https:\/\/sysmatec.ch\/de\/produit\/thermograph-rtd-q-und-rtb-q\/#breadcrumb"},"inLanguage":"de","potentialAction":[{"@type":"ReadAction","target":["https:\/\/sysmatec.ch\/de\/produit\/thermograph-rtd-q-und-rtb-q\/"]}]},{"@type":"ImageObject","inLanguage":"de","@id":"https:\/\/sysmatec.ch\/de\/produit\/thermograph-rtd-q-und-rtb-q\/#primaryimage","url":"https:\/\/sysmatec.ch\/wp-content\/uploads\/2019\/06\/Temperature_TermafRTB.jpg","contentUrl":"https:\/\/sysmatec.ch\/wp-content\/uploads\/2019\/06\/Temperature_TermafRTB.jpg","width":184,"height":193},{"@type":"BreadcrumbList","@id":"https:\/\/sysmatec.ch\/de\/produit\/thermograph-rtd-q-und-rtb-q\/#breadcrumb","itemListElement":[{"@type":"ListItem","position":1,"name":"Accueil","item":"https:\/\/sysmatec.ch\/de\/"},{"@type":"ListItem","position":2,"name":"Die Aktivit\u00e4t von Sysmatec","item":"https:\/\/sysmatec.ch\/de\/"},{"@type":"ListItem","position":3,"name":"Thermograph RTD \/ Q und RTB \/ Q"}]},{"@type":"WebSite","@id":"https:\/\/sysmatec.ch\/de\/#website","url":"https:\/\/sysmatec.ch\/de\/","name":"Sysmatec","description":"Equipement de laboratoire et logiciels","publisher":{"@id":"https:\/\/sysmatec.ch\/de\/#organization"},"potentialAction":[{"@type":"SearchAction","target":{"@type":"EntryPoint","urlTemplate":"https:\/\/sysmatec.ch\/de\/?s={search_term_string}"},"query-input":{"@type":"PropertyValueSpecification","valueRequired":true,"valueName":"search_term_string"}}],"inLanguage":"de"},{"@type":"Organization","@id":"https:\/\/sysmatec.ch\/de\/#organization","name":"Sysmatec","url":"https:\/\/sysmatec.ch\/de\/","logo":{"@type":"ImageObject","inLanguage":"de","@id":"https:\/\/sysmatec.ch\/de\/#\/schema\/logo\/image\/","url":"https:\/\/sysmatec.ch\/wp-content\/uploads\/2018\/11\/LogoSysmatec.jpg","contentUrl":"https:\/\/sysmatec.ch\/wp-content\/uploads\/2018\/11\/LogoSysmatec.jpg","width":301,"height":297,"caption":"Sysmatec"},"image":{"@id":"https:\/\/sysmatec.ch\/de\/#\/schema\/logo\/image\/"}}]}},"_links":{"self":[{"href":"https:\/\/sysmatec.ch\/de\/wp-json\/wp\/v2\/product\/7572","targetHints":{"allow":["GET"]}}],"collection":[{"href":"https:\/\/sysmatec.ch\/de\/wp-json\/wp\/v2\/product"}],"about":[{"href":"https:\/\/sysmatec.ch\/de\/wp-json\/wp\/v2\/types\/product"}],"wp:featuredmedia":[{"embeddable":true,"href":"https:\/\/sysmatec.ch\/de\/wp-json\/wp\/v2\/media\/7570"}],"wp:attachment":[{"href":"https:\/\/sysmatec.ch\/de\/wp-json\/wp\/v2\/media?parent=7572"}],"wp:term":[{"taxonomy":"product_brand","embeddable":true,"href":"https:\/\/sysmatec.ch\/de\/wp-json\/wp\/v2\/product_brand?post=7572"},{"taxonomy":"product_cat","embeddable":true,"href":"https:\/\/sysmatec.ch\/de\/wp-json\/wp\/v2\/product_cat?post=7572"},{"taxonomy":"product_tag","embeddable":true,"href":"https:\/\/sysmatec.ch\/de\/wp-json\/wp\/v2\/product_tag?post=7572"}],"curies":[{"name":"wp","href":"https:\/\/api.w.org\/{rel}","templated":true}]}}