{"id":7507,"date":"2019-06-25T15:25:50","date_gmt":"2019-06-25T13:25:50","guid":{"rendered":"https:\/\/sysmatec.ch\/produit\/osmometre-osmotouch-20\/"},"modified":"2024-05-31T08:42:49","modified_gmt":"2024-05-31T06:42:49","slug":"osmotouch-osmometer-20","status":"publish","type":"product","link":"https:\/\/sysmatec.ch\/de\/Produkt\/osmotouch-osmometer-20\/","title":{"rendered":"OsmoTouch Osmometer 20"},"content":{"rendered":"<p>Es ist ein automatisches Osmometer mit einem Autosampler, der bis zu 20 Proben verarbeiten kann. Es erm\u00f6glicht die schnelle Bestimmung der Osmolalit\u00e4t in biologischen Fl\u00fcssigkeiten, pharmazeutischen Proben und anderen L\u00f6sungen durch Messung des Gefrierpunkts.<\/p>\n<h2>Osmometer Spezifikationen<\/h2>\n<ul>\n<li type=\"disc\">Probenahmekapazit\u00e4t: bis zu 20 Proben<\/li>\n<li type=\"disc\">7 &#8220; Farb-Touchscreen<\/li>\n<li type=\"disc\">Software-gesteuerte Peltier-Zellenk\u00fchlung<\/li>\n<li type=\"disc\">Umgebungstemperatur: + 5 \u00b0 C bis 36 \u00b0 C<\/li>\n<li type=\"disc\">Automatische Kalibrierung<\/li>\n<li type=\"disc\">Softwaregesteuertes Durchmischung<\/li>\n<li type=\"disc\">Probenvolumen: 50 bis 200 \u03bcl<\/li>\n<li type=\"disc\">Testdauer: ca. 2-3 Minuten \/ Probe (von 0 bis 900 mOsm \/ kg)<\/li>\n<li type=\"disc\">Vorheizzeit: ca. 5 Minuten<\/li>\n<li type=\"disc\">Untersuchungsbereich: 0 bis 3000 mOsm \/ kg<\/li>\n<li type=\"disc\">Aufl\u00f6sung: 1 mOsm \/ kg<\/li>\n<li type=\"disc\">Wiederholbarkeit und Reproduzierbarkeit: \u00b1 2.5 mOsm \/ kg (0 bis 600 mOsm \/ kg) oder \u00b1 0.5% des Wertes (600 bis 3000 mOsm \/ kg)<\/li>\n<li type=\"disc\">USB-Anschluss zum Herunterladen von Daten auf einen USB-Stick<\/li>\n<li type=\"disc\">2 RS232-Anschl\u00fcsse zum Anschlie\u00dfen des mitgelieferten Thermodruckers und eines optionalen PCs<\/li>\n<li type=\"disc\">Ein zus\u00e4tzlicher RS232-Port kann hinzugef\u00fcgt werden, um einen optionalen Barcode-Leser anzuschlie\u00dfen (bei Bestellung anzufragen)<\/li>\n<li>Audit-Trail-Funktion<\/li>\n<li>Benutzerpassw\u00f6rter werden durch \u201e*****\u201c unkenntlich gemacht<\/li>\n<li>Die alphanumerischen Codes zur Probenidentifizierung k\u00f6nnen bis zu 20 Ziffern lang sein<\/li>\n<li>Ein zweiter USB-Anschluss erm\u00f6glicht dem Benutzer den Anschluss eines optionalen Barcode-\/QR-Code-Leseger\u00e4ts zur schnellen Identifizierung von Proben<\/li>\n<li>Einfache Aktualisierung der Firmware mittels USB-Stick<\/li>\n<li>M\u00f6glichkeit, einen optionalen Normalpapierdrucker anstelle eines Thermodruckers zu verwenden<\/li>\n<li type=\"disc\">Verbrauch: max. 150W<\/li>\n<li type=\"disc\">Gr\u00f6\u00dfe: 285x485x360 mm (B x T x H, Kopf nach unten)<\/li>\n<li type=\"disc\">Nettogewicht: 17.4 kg<\/li>\n<\/ul>\n","protected":false},"excerpt":{"rendered":"<p><span class=\"VIiyi\" lang=\"de\"><span class=\"JLqJ4b ChMk0b\" data-language-for-alternatives=\"de\" data-language-to-translate-into=\"fr\" data-phrase-index=\"3\" data-number-of-phrases=\"4\">Automatisches Osmometer f\u00fcr 20 Proben.<\/span><\/span><\/p>\n","protected":false},"featured_media":7502,"template":"","meta":{"_crdt_document":""},"product_brand":[],"product_cat":[251],"product_tag":[],"class_list":{"0":"post-7507","1":"product","2":"type-product","3":"status-publish","4":"has-post-thumbnail","6":"product_cat-osmometer-de","8":"first","9":"instock","10":"taxable","11":"shipping-taxable","12":"product-type-simple"},"yoast_head":"<!-- This site is optimized with the Yoast SEO plugin v27.3 - https:\/\/yoast.com\/product\/yoast-seo-wordpress\/ -->\n<title>OsmoTouch Osmometer 20 - Sysmatec<\/title>\n<meta name=\"description\" content=\"Automatisches Gefrierpunktosmometer, mit Probenwechsler. Messbereich 0 bis 3000 mOsm \/ kg.Automatisches Osmometer f\u00fcr 20 Proben.\" \/>\n<meta name=\"robots\" content=\"index, follow, max-snippet:-1, max-image-preview:large, max-video-preview:-1\" \/>\n<link rel=\"canonical\" href=\"https:\/\/sysmatec.ch\/de\/Produkt\/osmotouch-osmometer-20\/\" \/>\n<meta property=\"og:locale\" content=\"de_DE\" \/>\n<meta property=\"og:type\" content=\"article\" \/>\n<meta property=\"og:title\" content=\"OsmoTouch Osmometer 20 - Sysmatec\" \/>\n<meta property=\"og:description\" content=\"Automatisches Gefrierpunktosmometer, mit Probenwechsler. Messbereich 0 bis 3000 mOsm \/ kg.Automatisches Osmometer f\u00fcr 20 Proben.\" \/>\n<meta property=\"og:url\" content=\"https:\/\/sysmatec.ch\/de\/Produkt\/osmotouch-osmometer-20\/\" \/>\n<meta property=\"og:site_name\" content=\"Sysmatec\" \/>\n<meta property=\"article:modified_time\" content=\"2024-05-31T06:42:49+00:00\" \/>\n<meta property=\"og:image\" content=\"https:\/\/sysmatec.ch\/wp-content\/uploads\/2019\/06\/Osmometre_AstoriOsmoTouch20.jpg\" \/>\n\t<meta property=\"og:image:width\" content=\"191\" \/>\n\t<meta property=\"og:image:height\" content=\"283\" \/>\n\t<meta property=\"og:image:type\" content=\"image\/jpeg\" \/>\n<meta name=\"twitter:card\" content=\"summary_large_image\" \/>\n<meta name=\"twitter:label1\" content=\"Gesch\u00e4tzte Lesezeit\" \/>\n\t<meta name=\"twitter:data1\" content=\"2\u00a0Minuten\" \/>\n<script type=\"application\/ld+json\" class=\"yoast-schema-graph\">{\"@context\":\"https:\\\/\\\/schema.org\",\"@graph\":[{\"@type\":\"WebPage\",\"@id\":\"https:\\\/\\\/sysmatec.ch\\\/de\\\/Produkt\\\/osmotouch-osmometer-20\\\/\",\"url\":\"https:\\\/\\\/sysmatec.ch\\\/de\\\/Produkt\\\/osmotouch-osmometer-20\\\/\",\"name\":\"OsmoTouch Osmometer 20 - Sysmatec\",\"isPartOf\":{\"@id\":\"https:\\\/\\\/sysmatec.ch\\\/de\\\/#website\"},\"primaryImageOfPage\":{\"@id\":\"https:\\\/\\\/sysmatec.ch\\\/de\\\/Produkt\\\/osmotouch-osmometer-20\\\/#primaryimage\"},\"image\":{\"@id\":\"https:\\\/\\\/sysmatec.ch\\\/de\\\/Produkt\\\/osmotouch-osmometer-20\\\/#primaryimage\"},\"thumbnailUrl\":\"https:\\\/\\\/sysmatec.ch\\\/wp-content\\\/uploads\\\/2019\\\/06\\\/Osmometre_AstoriOsmoTouch20.jpg\",\"datePublished\":\"2019-06-25T13:25:50+00:00\",\"dateModified\":\"2024-05-31T06:42:49+00:00\",\"description\":\"Automatisches Gefrierpunktosmometer, mit Probenwechsler. Messbereich 0 bis 3000 mOsm \\\/ kg.Automatisches Osmometer f\u00fcr 20 Proben.\",\"breadcrumb\":{\"@id\":\"https:\\\/\\\/sysmatec.ch\\\/de\\\/Produkt\\\/osmotouch-osmometer-20\\\/#breadcrumb\"},\"inLanguage\":\"de\",\"potentialAction\":[{\"@type\":\"ReadAction\",\"target\":[\"https:\\\/\\\/sysmatec.ch\\\/de\\\/Produkt\\\/osmotouch-osmometer-20\\\/\"]}]},{\"@type\":\"ImageObject\",\"inLanguage\":\"de\",\"@id\":\"https:\\\/\\\/sysmatec.ch\\\/de\\\/Produkt\\\/osmotouch-osmometer-20\\\/#primaryimage\",\"url\":\"https:\\\/\\\/sysmatec.ch\\\/wp-content\\\/uploads\\\/2019\\\/06\\\/Osmometre_AstoriOsmoTouch20.jpg\",\"contentUrl\":\"https:\\\/\\\/sysmatec.ch\\\/wp-content\\\/uploads\\\/2019\\\/06\\\/Osmometre_AstoriOsmoTouch20.jpg\",\"width\":191,\"height\":283},{\"@type\":\"BreadcrumbList\",\"@id\":\"https:\\\/\\\/sysmatec.ch\\\/de\\\/Produkt\\\/osmotouch-osmometer-20\\\/#breadcrumb\",\"itemListElement\":[{\"@type\":\"ListItem\",\"position\":1,\"name\":\"Accueil\",\"item\":\"https:\\\/\\\/sysmatec.ch\\\/de\\\/\"},{\"@type\":\"ListItem\",\"position\":2,\"name\":\"Die Aktivit\u00e4t von Sysmatec\",\"item\":\"https:\\\/\\\/sysmatec.ch\\\/de\\\/\"},{\"@type\":\"ListItem\",\"position\":3,\"name\":\"OsmoTouch Osmometer 20\"}]},{\"@type\":\"WebSite\",\"@id\":\"https:\\\/\\\/sysmatec.ch\\\/de\\\/#website\",\"url\":\"https:\\\/\\\/sysmatec.ch\\\/de\\\/\",\"name\":\"Sysmatec\",\"description\":\"Equipement de laboratoire et logiciels\",\"publisher\":{\"@id\":\"https:\\\/\\\/sysmatec.ch\\\/de\\\/#organization\"},\"potentialAction\":[{\"@type\":\"SearchAction\",\"target\":{\"@type\":\"EntryPoint\",\"urlTemplate\":\"https:\\\/\\\/sysmatec.ch\\\/de\\\/?s={search_term_string}\"},\"query-input\":{\"@type\":\"PropertyValueSpecification\",\"valueRequired\":true,\"valueName\":\"search_term_string\"}}],\"inLanguage\":\"de\"},{\"@type\":\"Organization\",\"@id\":\"https:\\\/\\\/sysmatec.ch\\\/de\\\/#organization\",\"name\":\"Sysmatec\",\"url\":\"https:\\\/\\\/sysmatec.ch\\\/de\\\/\",\"logo\":{\"@type\":\"ImageObject\",\"inLanguage\":\"de\",\"@id\":\"https:\\\/\\\/sysmatec.ch\\\/de\\\/#\\\/schema\\\/logo\\\/image\\\/\",\"url\":\"https:\\\/\\\/sysmatec.ch\\\/wp-content\\\/uploads\\\/2018\\\/11\\\/LogoSysmatec.jpg\",\"contentUrl\":\"https:\\\/\\\/sysmatec.ch\\\/wp-content\\\/uploads\\\/2018\\\/11\\\/LogoSysmatec.jpg\",\"width\":301,\"height\":297,\"caption\":\"Sysmatec\"},\"image\":{\"@id\":\"https:\\\/\\\/sysmatec.ch\\\/de\\\/#\\\/schema\\\/logo\\\/image\\\/\"}}]}<\/script>\n<!-- \/ Yoast SEO plugin. -->","yoast_head_json":{"title":"OsmoTouch Osmometer 20 - Sysmatec","description":"Automatisches Gefrierpunktosmometer, mit Probenwechsler. Messbereich 0 bis 3000 mOsm \/ kg.Automatisches Osmometer f\u00fcr 20 Proben.","robots":{"index":"index","follow":"follow","max-snippet":"max-snippet:-1","max-image-preview":"max-image-preview:large","max-video-preview":"max-video-preview:-1"},"canonical":"https:\/\/sysmatec.ch\/de\/Produkt\/osmotouch-osmometer-20\/","og_locale":"de_DE","og_type":"article","og_title":"OsmoTouch Osmometer 20 - Sysmatec","og_description":"Automatisches Gefrierpunktosmometer, mit Probenwechsler. Messbereich 0 bis 3000 mOsm \/ kg.Automatisches Osmometer f\u00fcr 20 Proben.","og_url":"https:\/\/sysmatec.ch\/de\/Produkt\/osmotouch-osmometer-20\/","og_site_name":"Sysmatec","article_modified_time":"2024-05-31T06:42:49+00:00","og_image":[{"width":191,"height":283,"url":"https:\/\/sysmatec.ch\/wp-content\/uploads\/2019\/06\/Osmometre_AstoriOsmoTouch20.jpg","type":"image\/jpeg"}],"twitter_card":"summary_large_image","twitter_misc":{"Gesch\u00e4tzte Lesezeit":"2\u00a0Minuten"},"schema":{"@context":"https:\/\/schema.org","@graph":[{"@type":"WebPage","@id":"https:\/\/sysmatec.ch\/de\/Produkt\/osmotouch-osmometer-20\/","url":"https:\/\/sysmatec.ch\/de\/Produkt\/osmotouch-osmometer-20\/","name":"OsmoTouch Osmometer 20 - Sysmatec","isPartOf":{"@id":"https:\/\/sysmatec.ch\/de\/#website"},"primaryImageOfPage":{"@id":"https:\/\/sysmatec.ch\/de\/Produkt\/osmotouch-osmometer-20\/#primaryimage"},"image":{"@id":"https:\/\/sysmatec.ch\/de\/Produkt\/osmotouch-osmometer-20\/#primaryimage"},"thumbnailUrl":"https:\/\/sysmatec.ch\/wp-content\/uploads\/2019\/06\/Osmometre_AstoriOsmoTouch20.jpg","datePublished":"2019-06-25T13:25:50+00:00","dateModified":"2024-05-31T06:42:49+00:00","description":"Automatisches Gefrierpunktosmometer, mit Probenwechsler. Messbereich 0 bis 3000 mOsm \/ kg.Automatisches Osmometer f\u00fcr 20 Proben.","breadcrumb":{"@id":"https:\/\/sysmatec.ch\/de\/Produkt\/osmotouch-osmometer-20\/#breadcrumb"},"inLanguage":"de","potentialAction":[{"@type":"ReadAction","target":["https:\/\/sysmatec.ch\/de\/Produkt\/osmotouch-osmometer-20\/"]}]},{"@type":"ImageObject","inLanguage":"de","@id":"https:\/\/sysmatec.ch\/de\/Produkt\/osmotouch-osmometer-20\/#primaryimage","url":"https:\/\/sysmatec.ch\/wp-content\/uploads\/2019\/06\/Osmometre_AstoriOsmoTouch20.jpg","contentUrl":"https:\/\/sysmatec.ch\/wp-content\/uploads\/2019\/06\/Osmometre_AstoriOsmoTouch20.jpg","width":191,"height":283},{"@type":"BreadcrumbList","@id":"https:\/\/sysmatec.ch\/de\/Produkt\/osmotouch-osmometer-20\/#breadcrumb","itemListElement":[{"@type":"ListItem","position":1,"name":"Accueil","item":"https:\/\/sysmatec.ch\/de\/"},{"@type":"ListItem","position":2,"name":"Die Aktivit\u00e4t von Sysmatec","item":"https:\/\/sysmatec.ch\/de\/"},{"@type":"ListItem","position":3,"name":"OsmoTouch Osmometer 20"}]},{"@type":"WebSite","@id":"https:\/\/sysmatec.ch\/de\/#website","url":"https:\/\/sysmatec.ch\/de\/","name":"Sysmatec","description":"Equipement de laboratoire et logiciels","publisher":{"@id":"https:\/\/sysmatec.ch\/de\/#organization"},"potentialAction":[{"@type":"SearchAction","target":{"@type":"EntryPoint","urlTemplate":"https:\/\/sysmatec.ch\/de\/?s={search_term_string}"},"query-input":{"@type":"PropertyValueSpecification","valueRequired":true,"valueName":"search_term_string"}}],"inLanguage":"de"},{"@type":"Organization","@id":"https:\/\/sysmatec.ch\/de\/#organization","name":"Sysmatec","url":"https:\/\/sysmatec.ch\/de\/","logo":{"@type":"ImageObject","inLanguage":"de","@id":"https:\/\/sysmatec.ch\/de\/#\/schema\/logo\/image\/","url":"https:\/\/sysmatec.ch\/wp-content\/uploads\/2018\/11\/LogoSysmatec.jpg","contentUrl":"https:\/\/sysmatec.ch\/wp-content\/uploads\/2018\/11\/LogoSysmatec.jpg","width":301,"height":297,"caption":"Sysmatec"},"image":{"@id":"https:\/\/sysmatec.ch\/de\/#\/schema\/logo\/image\/"}}]}},"_links":{"self":[{"href":"https:\/\/sysmatec.ch\/de\/wp-json\/wp\/v2\/product\/7507","targetHints":{"allow":["GET"]}}],"collection":[{"href":"https:\/\/sysmatec.ch\/de\/wp-json\/wp\/v2\/product"}],"about":[{"href":"https:\/\/sysmatec.ch\/de\/wp-json\/wp\/v2\/types\/product"}],"wp:featuredmedia":[{"embeddable":true,"href":"https:\/\/sysmatec.ch\/de\/wp-json\/wp\/v2\/media\/7502"}],"wp:attachment":[{"href":"https:\/\/sysmatec.ch\/de\/wp-json\/wp\/v2\/media?parent=7507"}],"wp:term":[{"taxonomy":"product_brand","embeddable":true,"href":"https:\/\/sysmatec.ch\/de\/wp-json\/wp\/v2\/product_brand?post=7507"},{"taxonomy":"product_cat","embeddable":true,"href":"https:\/\/sysmatec.ch\/de\/wp-json\/wp\/v2\/product_cat?post=7507"},{"taxonomy":"product_tag","embeddable":true,"href":"https:\/\/sysmatec.ch\/de\/wp-json\/wp\/v2\/product_tag?post=7507"}],"curies":[{"name":"wp","href":"https:\/\/api.w.org\/{rel}","templated":true}]}}