{"id":7480,"date":"2019-06-25T11:29:36","date_gmt":"2019-06-25T09:29:36","guid":{"rendered":"https:\/\/sysmatec.ch\/produit\/transmetteur-o2-oxytrans-pour-mesures-en-ligne\/"},"modified":"2021-12-29T07:51:48","modified_gmt":"2021-12-29T06:51:48","slug":"inline-o2-transmitter-oxytrans-tr","status":"publish","type":"product","link":"https:\/\/sysmatec.ch\/de\/Produkt\/inline-o2-transmitter-oxytrans-tr\/","title":{"rendered":"Inline O2-Transmitter Oxytrans TR"},"content":{"rendered":"<p>Der Messung liegt ein optisches Messprinzip zugrunde und basiert auf dem Effekt der &#8218;dynamischen Lumineszenz-L\u00f6schung&#8216; durch molekularen Sauerstoff. Die Indikatorschicht auf der Glasfl\u00e4che im Messkopf wird durch Blau-Gr\u00fcn-Licht bestrahlt. Dabei gehen die Indikatormolek\u00fcle in der Schicht in einen angeregten Zustand \u00fcber und emittieren ein Rot-Licht, welches vom Detektor entsprechend erkannt wird. Ist Sauerstoff im Medium vorhanden, wird dieser Effekt durch Energie\u00fcbertragung auf den Sauerstoff verhindert. Der Sauerstoff geht dabei von seinem Grundzustand (Triplett-Zustand) in den angeregten Duplett-Zustand \u00fcber. Als Resultat zeigen die Indikatormolek\u00fcle keine Lumineszenz und das Signal am Detektor wird linear zur vorhandenen Sauerstoffkonzentration im Medium abgeschw\u00e4cht. Diese Abschw\u00e4chung wird zur Ermittlung der Sauerstoffkonzentration herangezogen. Die Anzeige der O2-Konzentration im Display ist in verschiedenen Einheiten wie z.B. ppb, ppm, %Sauerstoff, usw. m\u00f6glich.<\/p>\n<ul>\n<li type=\"disc\">Fl\u00fcssigphase Messbereich: 1ppb bis 2 ppm oder 30 ppb bis 35 ppm<\/li>\n<li type=\"disc\">Fl\u00fcssigphase Genauigkeit: +\/- 1 ppb oder +\/-30 ppb<\/li>\n<li type=\"disc\">Gasphase Messbereich: 0 &#8211; 4.2 % O2 oder 0 &#8211; 50 % O2<\/li>\n<li type=\"disc\">Gasphase Genauigkeit: \u00b1 0.002 % O2 oder \u00b1 0.03 % O2<\/li>\n<li type=\"disc\">Temperaturkompensation: Pt 100<\/li>\n<li type=\"disc\">Temperaturbereich: -5\u00b0C &#8211; +55\u00b0C (option bis 98 \u00b0C)<\/li>\n<li type=\"disc\">Best\u00e4ndigkeit max: 130\u00b0C<\/li>\n<li type=\"disc\">Druckbereich: 0 &#8211; 12 bar<\/li>\n<li type=\"disc\">Werkstoff der medienber\u00fchrenden Teile: Edelstahl 1.4404 (AISI 316L)<\/li>\n<li type=\"disc\">Anschl\u00fcsse: Varivent\u00a9 Inline-Housings DN40 &#8211; DN150, DIN, ANS, andere auf Anfrage<\/li>\n<li type=\"disc\">Schutzart IP 65<\/li>\n<li type=\"disc\">Spannungsversorgung: 24 V DC<\/li>\n<\/ul>\n","protected":false},"excerpt":{"rendered":"<p>Inline O2-Transmitter<\/p>\n","protected":false},"featured_media":7461,"template":"","meta":{"_crdt_document":""},"product_brand":[],"product_cat":[180,246],"product_tag":[],"class_list":{"0":"post-7480","1":"product","2":"type-product","3":"status-publish","4":"has-post-thumbnail","6":"product_cat-messung","7":"product_cat-sauerstoff","9":"first","10":"instock","11":"taxable","12":"shipping-taxable","13":"product-type-simple"},"yoast_head":"<!-- This site is optimized with the Yoast SEO plugin v27.4 - https:\/\/yoast.com\/product\/yoast-seo-wordpress\/ -->\n<title>Inline O2-Transmitter Oxytrans TR - Sysmatec<\/title>\n<meta name=\"description\" content=\"Sauerstofftransmitter f\u00fcr Online-Messungen. Die Messung kann in der Gasphase oder in der Fl\u00fcssigphase erfolgen.\" \/>\n<meta name=\"robots\" content=\"index, follow, max-snippet:-1, max-image-preview:large, max-video-preview:-1\" \/>\n<link rel=\"canonical\" href=\"https:\/\/sysmatec.ch\/de\/produit\/inline-o2-transmitter-oxytrans-tr\/\" \/>\n<meta property=\"og:locale\" content=\"de_DE\" \/>\n<meta property=\"og:type\" content=\"article\" \/>\n<meta property=\"og:title\" content=\"Inline O2-Transmitter Oxytrans TR - Sysmatec\" \/>\n<meta property=\"og:description\" content=\"Sauerstofftransmitter f\u00fcr Online-Messungen. Die Messung kann in der Gasphase oder in der Fl\u00fcssigphase erfolgen.\" \/>\n<meta property=\"og:url\" content=\"https:\/\/sysmatec.ch\/de\/produit\/inline-o2-transmitter-oxytrans-tr\/\" \/>\n<meta property=\"og:site_name\" content=\"Sysmatec\" \/>\n<meta property=\"article:modified_time\" content=\"2021-12-29T06:51:48+00:00\" \/>\n<meta property=\"og:image\" content=\"https:\/\/sysmatec.ch\/wp-content\/uploads\/2019\/06\/Oxygene_CentecOxytrans.jpg\" \/>\n\t<meta property=\"og:image:width\" content=\"186\" \/>\n\t<meta property=\"og:image:height\" content=\"127\" \/>\n\t<meta property=\"og:image:type\" content=\"image\/jpeg\" \/>\n<meta name=\"twitter:card\" content=\"summary_large_image\" \/>\n<meta name=\"twitter:label1\" content=\"Gesch\u00e4tzte Lesezeit\" \/>\n\t<meta name=\"twitter:data1\" content=\"1\u00a0Minute\" \/>\n<script type=\"application\/ld+json\" class=\"yoast-schema-graph\">{\"@context\":\"https:\\\/\\\/schema.org\",\"@graph\":[{\"@type\":\"WebPage\",\"@id\":\"https:\\\/\\\/sysmatec.ch\\\/de\\\/produit\\\/inline-o2-transmitter-oxytrans-tr\\\/\",\"url\":\"https:\\\/\\\/sysmatec.ch\\\/de\\\/produit\\\/inline-o2-transmitter-oxytrans-tr\\\/\",\"name\":\"Inline O2-Transmitter Oxytrans TR - Sysmatec\",\"isPartOf\":{\"@id\":\"https:\\\/\\\/sysmatec.ch\\\/de\\\/#website\"},\"primaryImageOfPage\":{\"@id\":\"https:\\\/\\\/sysmatec.ch\\\/de\\\/produit\\\/inline-o2-transmitter-oxytrans-tr\\\/#primaryimage\"},\"image\":{\"@id\":\"https:\\\/\\\/sysmatec.ch\\\/de\\\/produit\\\/inline-o2-transmitter-oxytrans-tr\\\/#primaryimage\"},\"thumbnailUrl\":\"https:\\\/\\\/sysmatec.ch\\\/wp-content\\\/uploads\\\/2019\\\/06\\\/Oxygene_CentecOxytrans.jpg\",\"datePublished\":\"2019-06-25T09:29:36+00:00\",\"dateModified\":\"2021-12-29T06:51:48+00:00\",\"description\":\"Sauerstofftransmitter f\u00fcr Online-Messungen. Die Messung kann in der Gasphase oder in der Fl\u00fcssigphase erfolgen.\",\"breadcrumb\":{\"@id\":\"https:\\\/\\\/sysmatec.ch\\\/de\\\/produit\\\/inline-o2-transmitter-oxytrans-tr\\\/#breadcrumb\"},\"inLanguage\":\"de\",\"potentialAction\":[{\"@type\":\"ReadAction\",\"target\":[\"https:\\\/\\\/sysmatec.ch\\\/de\\\/produit\\\/inline-o2-transmitter-oxytrans-tr\\\/\"]}]},{\"@type\":\"ImageObject\",\"inLanguage\":\"de\",\"@id\":\"https:\\\/\\\/sysmatec.ch\\\/de\\\/produit\\\/inline-o2-transmitter-oxytrans-tr\\\/#primaryimage\",\"url\":\"https:\\\/\\\/sysmatec.ch\\\/wp-content\\\/uploads\\\/2019\\\/06\\\/Oxygene_CentecOxytrans.jpg\",\"contentUrl\":\"https:\\\/\\\/sysmatec.ch\\\/wp-content\\\/uploads\\\/2019\\\/06\\\/Oxygene_CentecOxytrans.jpg\",\"width\":186,\"height\":127},{\"@type\":\"BreadcrumbList\",\"@id\":\"https:\\\/\\\/sysmatec.ch\\\/de\\\/produit\\\/inline-o2-transmitter-oxytrans-tr\\\/#breadcrumb\",\"itemListElement\":[{\"@type\":\"ListItem\",\"position\":1,\"name\":\"Accueil\",\"item\":\"https:\\\/\\\/sysmatec.ch\\\/de\\\/\"},{\"@type\":\"ListItem\",\"position\":2,\"name\":\"Die Aktivit\u00e4t von Sysmatec\",\"item\":\"https:\\\/\\\/sysmatec.ch\\\/de\\\/\"},{\"@type\":\"ListItem\",\"position\":3,\"name\":\"Inline O2-Transmitter Oxytrans TR\"}]},{\"@type\":\"WebSite\",\"@id\":\"https:\\\/\\\/sysmatec.ch\\\/de\\\/#website\",\"url\":\"https:\\\/\\\/sysmatec.ch\\\/de\\\/\",\"name\":\"Sysmatec\",\"description\":\"Equipement de laboratoire et logiciels\",\"publisher\":{\"@id\":\"https:\\\/\\\/sysmatec.ch\\\/de\\\/#organization\"},\"potentialAction\":[{\"@type\":\"SearchAction\",\"target\":{\"@type\":\"EntryPoint\",\"urlTemplate\":\"https:\\\/\\\/sysmatec.ch\\\/de\\\/?s={search_term_string}\"},\"query-input\":{\"@type\":\"PropertyValueSpecification\",\"valueRequired\":true,\"valueName\":\"search_term_string\"}}],\"inLanguage\":\"de\"},{\"@type\":\"Organization\",\"@id\":\"https:\\\/\\\/sysmatec.ch\\\/de\\\/#organization\",\"name\":\"Sysmatec\",\"url\":\"https:\\\/\\\/sysmatec.ch\\\/de\\\/\",\"logo\":{\"@type\":\"ImageObject\",\"inLanguage\":\"de\",\"@id\":\"https:\\\/\\\/sysmatec.ch\\\/de\\\/#\\\/schema\\\/logo\\\/image\\\/\",\"url\":\"https:\\\/\\\/sysmatec.ch\\\/wp-content\\\/uploads\\\/2018\\\/11\\\/LogoSysmatec.jpg\",\"contentUrl\":\"https:\\\/\\\/sysmatec.ch\\\/wp-content\\\/uploads\\\/2018\\\/11\\\/LogoSysmatec.jpg\",\"width\":301,\"height\":297,\"caption\":\"Sysmatec\"},\"image\":{\"@id\":\"https:\\\/\\\/sysmatec.ch\\\/de\\\/#\\\/schema\\\/logo\\\/image\\\/\"}}]}<\/script>\n<!-- \/ Yoast SEO plugin. -->","yoast_head_json":{"title":"Inline O2-Transmitter Oxytrans TR - Sysmatec","description":"Sauerstofftransmitter f\u00fcr Online-Messungen. Die Messung kann in der Gasphase oder in der Fl\u00fcssigphase erfolgen.","robots":{"index":"index","follow":"follow","max-snippet":"max-snippet:-1","max-image-preview":"max-image-preview:large","max-video-preview":"max-video-preview:-1"},"canonical":"https:\/\/sysmatec.ch\/de\/produit\/inline-o2-transmitter-oxytrans-tr\/","og_locale":"de_DE","og_type":"article","og_title":"Inline O2-Transmitter Oxytrans TR - Sysmatec","og_description":"Sauerstofftransmitter f\u00fcr Online-Messungen. Die Messung kann in der Gasphase oder in der Fl\u00fcssigphase erfolgen.","og_url":"https:\/\/sysmatec.ch\/de\/produit\/inline-o2-transmitter-oxytrans-tr\/","og_site_name":"Sysmatec","article_modified_time":"2021-12-29T06:51:48+00:00","og_image":[{"width":186,"height":127,"url":"https:\/\/sysmatec.ch\/wp-content\/uploads\/2019\/06\/Oxygene_CentecOxytrans.jpg","type":"image\/jpeg"}],"twitter_card":"summary_large_image","twitter_misc":{"Gesch\u00e4tzte Lesezeit":"1\u00a0Minute"},"schema":{"@context":"https:\/\/schema.org","@graph":[{"@type":"WebPage","@id":"https:\/\/sysmatec.ch\/de\/produit\/inline-o2-transmitter-oxytrans-tr\/","url":"https:\/\/sysmatec.ch\/de\/produit\/inline-o2-transmitter-oxytrans-tr\/","name":"Inline O2-Transmitter Oxytrans TR - Sysmatec","isPartOf":{"@id":"https:\/\/sysmatec.ch\/de\/#website"},"primaryImageOfPage":{"@id":"https:\/\/sysmatec.ch\/de\/produit\/inline-o2-transmitter-oxytrans-tr\/#primaryimage"},"image":{"@id":"https:\/\/sysmatec.ch\/de\/produit\/inline-o2-transmitter-oxytrans-tr\/#primaryimage"},"thumbnailUrl":"https:\/\/sysmatec.ch\/wp-content\/uploads\/2019\/06\/Oxygene_CentecOxytrans.jpg","datePublished":"2019-06-25T09:29:36+00:00","dateModified":"2021-12-29T06:51:48+00:00","description":"Sauerstofftransmitter f\u00fcr Online-Messungen. Die Messung kann in der Gasphase oder in der Fl\u00fcssigphase erfolgen.","breadcrumb":{"@id":"https:\/\/sysmatec.ch\/de\/produit\/inline-o2-transmitter-oxytrans-tr\/#breadcrumb"},"inLanguage":"de","potentialAction":[{"@type":"ReadAction","target":["https:\/\/sysmatec.ch\/de\/produit\/inline-o2-transmitter-oxytrans-tr\/"]}]},{"@type":"ImageObject","inLanguage":"de","@id":"https:\/\/sysmatec.ch\/de\/produit\/inline-o2-transmitter-oxytrans-tr\/#primaryimage","url":"https:\/\/sysmatec.ch\/wp-content\/uploads\/2019\/06\/Oxygene_CentecOxytrans.jpg","contentUrl":"https:\/\/sysmatec.ch\/wp-content\/uploads\/2019\/06\/Oxygene_CentecOxytrans.jpg","width":186,"height":127},{"@type":"BreadcrumbList","@id":"https:\/\/sysmatec.ch\/de\/produit\/inline-o2-transmitter-oxytrans-tr\/#breadcrumb","itemListElement":[{"@type":"ListItem","position":1,"name":"Accueil","item":"https:\/\/sysmatec.ch\/de\/"},{"@type":"ListItem","position":2,"name":"Die Aktivit\u00e4t von Sysmatec","item":"https:\/\/sysmatec.ch\/de\/"},{"@type":"ListItem","position":3,"name":"Inline O2-Transmitter Oxytrans TR"}]},{"@type":"WebSite","@id":"https:\/\/sysmatec.ch\/de\/#website","url":"https:\/\/sysmatec.ch\/de\/","name":"Sysmatec","description":"Equipement de laboratoire et logiciels","publisher":{"@id":"https:\/\/sysmatec.ch\/de\/#organization"},"potentialAction":[{"@type":"SearchAction","target":{"@type":"EntryPoint","urlTemplate":"https:\/\/sysmatec.ch\/de\/?s={search_term_string}"},"query-input":{"@type":"PropertyValueSpecification","valueRequired":true,"valueName":"search_term_string"}}],"inLanguage":"de"},{"@type":"Organization","@id":"https:\/\/sysmatec.ch\/de\/#organization","name":"Sysmatec","url":"https:\/\/sysmatec.ch\/de\/","logo":{"@type":"ImageObject","inLanguage":"de","@id":"https:\/\/sysmatec.ch\/de\/#\/schema\/logo\/image\/","url":"https:\/\/sysmatec.ch\/wp-content\/uploads\/2018\/11\/LogoSysmatec.jpg","contentUrl":"https:\/\/sysmatec.ch\/wp-content\/uploads\/2018\/11\/LogoSysmatec.jpg","width":301,"height":297,"caption":"Sysmatec"},"image":{"@id":"https:\/\/sysmatec.ch\/de\/#\/schema\/logo\/image\/"}}]}},"_links":{"self":[{"href":"https:\/\/sysmatec.ch\/de\/wp-json\/wp\/v2\/product\/7480","targetHints":{"allow":["GET"]}}],"collection":[{"href":"https:\/\/sysmatec.ch\/de\/wp-json\/wp\/v2\/product"}],"about":[{"href":"https:\/\/sysmatec.ch\/de\/wp-json\/wp\/v2\/types\/product"}],"wp:featuredmedia":[{"embeddable":true,"href":"https:\/\/sysmatec.ch\/de\/wp-json\/wp\/v2\/media\/7461"}],"wp:attachment":[{"href":"https:\/\/sysmatec.ch\/de\/wp-json\/wp\/v2\/media?parent=7480"}],"wp:term":[{"taxonomy":"product_brand","embeddable":true,"href":"https:\/\/sysmatec.ch\/de\/wp-json\/wp\/v2\/product_brand?post=7480"},{"taxonomy":"product_cat","embeddable":true,"href":"https:\/\/sysmatec.ch\/de\/wp-json\/wp\/v2\/product_cat?post=7480"},{"taxonomy":"product_tag","embeddable":true,"href":"https:\/\/sysmatec.ch\/de\/wp-json\/wp\/v2\/product_tag?post=7480"}],"curies":[{"name":"wp","href":"https:\/\/api.w.org\/{rel}","templated":true}]}}