{"id":7476,"date":"2019-06-25T11:21:21","date_gmt":"2019-06-25T09:21:21","guid":{"rendered":"https:\/\/sysmatec.ch\/produit\/transmetteur-co2-carbotec-nir-pour-mesures-en-ligne\/"},"modified":"2021-12-29T08:03:34","modified_gmt":"2021-12-29T07:03:34","slug":"inline-co2-transmitter-carbotec-nir","status":"publish","type":"product","link":"https:\/\/sysmatec.ch\/de\/Produkt\/inline-co2-transmitter-carbotec-nir\/","title":{"rendered":"Inline CO2-Transmitter Carbotec NIR"},"content":{"rendered":"<p>Er misst kontinuierlich und genau den Kohlendioxidgehalt in karbonisierten Fl\u00fcssigkeiten. Infrarot-Licht wird an der Oberfl\u00e4che eines Sapphir-Kristalls in Kontakt mit dem kohlens\u00e4ure Fl\u00fcssigkeit reflektiert. Die CO2-Molek\u00fcle absorbieren das Licht und sein Intensit\u00e4t wrid so reduziert. Durch die Intensit\u00e4tsmessung wird echte CO2 Konzentration bestimmt. Carbotec NIR kann auch wenn CO2 nicht das einzige Gas in der Fl\u00fcssigkeit ist, verwendet werden. Ohne bewegliche Teile im Sensorkopf , diese neue Generation von CO2-Sensoren ist praktisch wartungsfrei.<\/p>\n<ul>\n<li type=\"disc\">Messbereich 0 &#8211; 10 g \/ l CO2<\/li>\n<li type=\"disc\">Genauigkeit 0.1 g \/ L<\/li>\n<li type=\"disc\">Reproduzierbarkeit +\/- 0.02 g \/ CO2<\/li>\n<li type=\"disc\">Reaktionszeit &lt;3 s<\/li>\n<li type=\"disc\">PT100 Temperaturkompensation<\/li>\n<li type=\"disc\">Medientemperaturbereich -10 \u00b0 C bis + 90 \u00b0 C<\/li>\n<li type=\"disc\">Druckbereich max. 10 bar<\/li>\n<li type=\"disc\">3x Digitalausgang (24 VDC) + 2x analog (4-20 mA)<\/li>\n<li type=\"disc\">Schutzart IP 65<\/li>\n<li type=\"disc\">Stromversorgung 24 VDC<\/li>\n<\/ul>\n","protected":false},"excerpt":{"rendered":"<p>Inline CO2-Transmitter<\/p>\n","protected":false},"featured_media":7470,"template":"","meta":{"_crdt_document":""},"product_brand":[],"product_cat":[248,180],"product_tag":[],"class_list":{"0":"post-7476","1":"product","2":"type-product","3":"status-publish","4":"has-post-thumbnail","6":"product_cat-co2-de","7":"product_cat-messung","9":"first","10":"instock","11":"taxable","12":"shipping-taxable","13":"product-type-simple"},"yoast_head":"<!-- This site is optimized with the Yoast SEO plugin v27.4 - https:\/\/yoast.com\/product\/yoast-seo-wordpress\/ -->\n<title>Inline CO2-Transmitter Carbotec NIR - Sysmatec<\/title>\n<meta name=\"description\" content=\"Es misst die Konzentration von Kohlendioxid in Fl\u00fcssigkeiten mit einer Infrarotmethode. Messbereich 0-10 g \/ L.\" \/>\n<meta name=\"robots\" content=\"index, follow, max-snippet:-1, max-image-preview:large, max-video-preview:-1\" \/>\n<link rel=\"canonical\" href=\"https:\/\/sysmatec.ch\/de\/produit\/inline-co2-transmitter-carbotec-nir\/\" \/>\n<meta property=\"og:locale\" content=\"de_DE\" \/>\n<meta property=\"og:type\" content=\"article\" \/>\n<meta property=\"og:title\" content=\"Inline CO2-Transmitter Carbotec NIR - Sysmatec\" \/>\n<meta property=\"og:description\" content=\"Es misst die Konzentration von Kohlendioxid in Fl\u00fcssigkeiten mit einer Infrarotmethode. Messbereich 0-10 g \/ L.\" \/>\n<meta property=\"og:url\" content=\"https:\/\/sysmatec.ch\/de\/produit\/inline-co2-transmitter-carbotec-nir\/\" \/>\n<meta property=\"og:site_name\" content=\"Sysmatec\" \/>\n<meta property=\"article:modified_time\" content=\"2021-12-29T07:03:34+00:00\" \/>\n<meta property=\"og:image\" content=\"https:\/\/sysmatec.ch\/wp-content\/uploads\/2019\/06\/CO2_CentecCarbotecNIR.jpg\" \/>\n\t<meta property=\"og:image:width\" content=\"186\" \/>\n\t<meta property=\"og:image:height\" content=\"160\" \/>\n\t<meta property=\"og:image:type\" content=\"image\/jpeg\" \/>\n<meta name=\"twitter:card\" content=\"summary_large_image\" \/>\n<meta name=\"twitter:label1\" content=\"Gesch\u00e4tzte Lesezeit\" \/>\n\t<meta name=\"twitter:data1\" content=\"1\u00a0Minute\" \/>\n<script type=\"application\/ld+json\" class=\"yoast-schema-graph\">{\"@context\":\"https:\\\/\\\/schema.org\",\"@graph\":[{\"@type\":\"WebPage\",\"@id\":\"https:\\\/\\\/sysmatec.ch\\\/de\\\/produit\\\/inline-co2-transmitter-carbotec-nir\\\/\",\"url\":\"https:\\\/\\\/sysmatec.ch\\\/de\\\/produit\\\/inline-co2-transmitter-carbotec-nir\\\/\",\"name\":\"Inline CO2-Transmitter Carbotec NIR - Sysmatec\",\"isPartOf\":{\"@id\":\"https:\\\/\\\/sysmatec.ch\\\/de\\\/#website\"},\"primaryImageOfPage\":{\"@id\":\"https:\\\/\\\/sysmatec.ch\\\/de\\\/produit\\\/inline-co2-transmitter-carbotec-nir\\\/#primaryimage\"},\"image\":{\"@id\":\"https:\\\/\\\/sysmatec.ch\\\/de\\\/produit\\\/inline-co2-transmitter-carbotec-nir\\\/#primaryimage\"},\"thumbnailUrl\":\"https:\\\/\\\/sysmatec.ch\\\/wp-content\\\/uploads\\\/2019\\\/06\\\/CO2_CentecCarbotecNIR.jpg\",\"datePublished\":\"2019-06-25T09:21:21+00:00\",\"dateModified\":\"2021-12-29T07:03:34+00:00\",\"description\":\"Es misst die Konzentration von Kohlendioxid in Fl\u00fcssigkeiten mit einer Infrarotmethode. Messbereich 0-10 g \\\/ L.\",\"breadcrumb\":{\"@id\":\"https:\\\/\\\/sysmatec.ch\\\/de\\\/produit\\\/inline-co2-transmitter-carbotec-nir\\\/#breadcrumb\"},\"inLanguage\":\"de\",\"potentialAction\":[{\"@type\":\"ReadAction\",\"target\":[\"https:\\\/\\\/sysmatec.ch\\\/de\\\/produit\\\/inline-co2-transmitter-carbotec-nir\\\/\"]}]},{\"@type\":\"ImageObject\",\"inLanguage\":\"de\",\"@id\":\"https:\\\/\\\/sysmatec.ch\\\/de\\\/produit\\\/inline-co2-transmitter-carbotec-nir\\\/#primaryimage\",\"url\":\"https:\\\/\\\/sysmatec.ch\\\/wp-content\\\/uploads\\\/2019\\\/06\\\/CO2_CentecCarbotecNIR.jpg\",\"contentUrl\":\"https:\\\/\\\/sysmatec.ch\\\/wp-content\\\/uploads\\\/2019\\\/06\\\/CO2_CentecCarbotecNIR.jpg\",\"width\":186,\"height\":160},{\"@type\":\"BreadcrumbList\",\"@id\":\"https:\\\/\\\/sysmatec.ch\\\/de\\\/produit\\\/inline-co2-transmitter-carbotec-nir\\\/#breadcrumb\",\"itemListElement\":[{\"@type\":\"ListItem\",\"position\":1,\"name\":\"Accueil\",\"item\":\"https:\\\/\\\/sysmatec.ch\\\/de\\\/\"},{\"@type\":\"ListItem\",\"position\":2,\"name\":\"Die Aktivit\u00e4t von Sysmatec\",\"item\":\"https:\\\/\\\/sysmatec.ch\\\/de\\\/\"},{\"@type\":\"ListItem\",\"position\":3,\"name\":\"Inline CO2-Transmitter Carbotec NIR\"}]},{\"@type\":\"WebSite\",\"@id\":\"https:\\\/\\\/sysmatec.ch\\\/de\\\/#website\",\"url\":\"https:\\\/\\\/sysmatec.ch\\\/de\\\/\",\"name\":\"Sysmatec\",\"description\":\"Equipement de laboratoire et logiciels\",\"publisher\":{\"@id\":\"https:\\\/\\\/sysmatec.ch\\\/de\\\/#organization\"},\"potentialAction\":[{\"@type\":\"SearchAction\",\"target\":{\"@type\":\"EntryPoint\",\"urlTemplate\":\"https:\\\/\\\/sysmatec.ch\\\/de\\\/?s={search_term_string}\"},\"query-input\":{\"@type\":\"PropertyValueSpecification\",\"valueRequired\":true,\"valueName\":\"search_term_string\"}}],\"inLanguage\":\"de\"},{\"@type\":\"Organization\",\"@id\":\"https:\\\/\\\/sysmatec.ch\\\/de\\\/#organization\",\"name\":\"Sysmatec\",\"url\":\"https:\\\/\\\/sysmatec.ch\\\/de\\\/\",\"logo\":{\"@type\":\"ImageObject\",\"inLanguage\":\"de\",\"@id\":\"https:\\\/\\\/sysmatec.ch\\\/de\\\/#\\\/schema\\\/logo\\\/image\\\/\",\"url\":\"https:\\\/\\\/sysmatec.ch\\\/wp-content\\\/uploads\\\/2018\\\/11\\\/LogoSysmatec.jpg\",\"contentUrl\":\"https:\\\/\\\/sysmatec.ch\\\/wp-content\\\/uploads\\\/2018\\\/11\\\/LogoSysmatec.jpg\",\"width\":301,\"height\":297,\"caption\":\"Sysmatec\"},\"image\":{\"@id\":\"https:\\\/\\\/sysmatec.ch\\\/de\\\/#\\\/schema\\\/logo\\\/image\\\/\"}}]}<\/script>\n<!-- \/ Yoast SEO plugin. -->","yoast_head_json":{"title":"Inline CO2-Transmitter Carbotec NIR - Sysmatec","description":"Es misst die Konzentration von Kohlendioxid in Fl\u00fcssigkeiten mit einer Infrarotmethode. Messbereich 0-10 g \/ L.","robots":{"index":"index","follow":"follow","max-snippet":"max-snippet:-1","max-image-preview":"max-image-preview:large","max-video-preview":"max-video-preview:-1"},"canonical":"https:\/\/sysmatec.ch\/de\/produit\/inline-co2-transmitter-carbotec-nir\/","og_locale":"de_DE","og_type":"article","og_title":"Inline CO2-Transmitter Carbotec NIR - Sysmatec","og_description":"Es misst die Konzentration von Kohlendioxid in Fl\u00fcssigkeiten mit einer Infrarotmethode. Messbereich 0-10 g \/ L.","og_url":"https:\/\/sysmatec.ch\/de\/produit\/inline-co2-transmitter-carbotec-nir\/","og_site_name":"Sysmatec","article_modified_time":"2021-12-29T07:03:34+00:00","og_image":[{"width":186,"height":160,"url":"https:\/\/sysmatec.ch\/wp-content\/uploads\/2019\/06\/CO2_CentecCarbotecNIR.jpg","type":"image\/jpeg"}],"twitter_card":"summary_large_image","twitter_misc":{"Gesch\u00e4tzte Lesezeit":"1\u00a0Minute"},"schema":{"@context":"https:\/\/schema.org","@graph":[{"@type":"WebPage","@id":"https:\/\/sysmatec.ch\/de\/produit\/inline-co2-transmitter-carbotec-nir\/","url":"https:\/\/sysmatec.ch\/de\/produit\/inline-co2-transmitter-carbotec-nir\/","name":"Inline CO2-Transmitter Carbotec NIR - Sysmatec","isPartOf":{"@id":"https:\/\/sysmatec.ch\/de\/#website"},"primaryImageOfPage":{"@id":"https:\/\/sysmatec.ch\/de\/produit\/inline-co2-transmitter-carbotec-nir\/#primaryimage"},"image":{"@id":"https:\/\/sysmatec.ch\/de\/produit\/inline-co2-transmitter-carbotec-nir\/#primaryimage"},"thumbnailUrl":"https:\/\/sysmatec.ch\/wp-content\/uploads\/2019\/06\/CO2_CentecCarbotecNIR.jpg","datePublished":"2019-06-25T09:21:21+00:00","dateModified":"2021-12-29T07:03:34+00:00","description":"Es misst die Konzentration von Kohlendioxid in Fl\u00fcssigkeiten mit einer Infrarotmethode. Messbereich 0-10 g \/ L.","breadcrumb":{"@id":"https:\/\/sysmatec.ch\/de\/produit\/inline-co2-transmitter-carbotec-nir\/#breadcrumb"},"inLanguage":"de","potentialAction":[{"@type":"ReadAction","target":["https:\/\/sysmatec.ch\/de\/produit\/inline-co2-transmitter-carbotec-nir\/"]}]},{"@type":"ImageObject","inLanguage":"de","@id":"https:\/\/sysmatec.ch\/de\/produit\/inline-co2-transmitter-carbotec-nir\/#primaryimage","url":"https:\/\/sysmatec.ch\/wp-content\/uploads\/2019\/06\/CO2_CentecCarbotecNIR.jpg","contentUrl":"https:\/\/sysmatec.ch\/wp-content\/uploads\/2019\/06\/CO2_CentecCarbotecNIR.jpg","width":186,"height":160},{"@type":"BreadcrumbList","@id":"https:\/\/sysmatec.ch\/de\/produit\/inline-co2-transmitter-carbotec-nir\/#breadcrumb","itemListElement":[{"@type":"ListItem","position":1,"name":"Accueil","item":"https:\/\/sysmatec.ch\/de\/"},{"@type":"ListItem","position":2,"name":"Die Aktivit\u00e4t von Sysmatec","item":"https:\/\/sysmatec.ch\/de\/"},{"@type":"ListItem","position":3,"name":"Inline CO2-Transmitter Carbotec NIR"}]},{"@type":"WebSite","@id":"https:\/\/sysmatec.ch\/de\/#website","url":"https:\/\/sysmatec.ch\/de\/","name":"Sysmatec","description":"Equipement de laboratoire et logiciels","publisher":{"@id":"https:\/\/sysmatec.ch\/de\/#organization"},"potentialAction":[{"@type":"SearchAction","target":{"@type":"EntryPoint","urlTemplate":"https:\/\/sysmatec.ch\/de\/?s={search_term_string}"},"query-input":{"@type":"PropertyValueSpecification","valueRequired":true,"valueName":"search_term_string"}}],"inLanguage":"de"},{"@type":"Organization","@id":"https:\/\/sysmatec.ch\/de\/#organization","name":"Sysmatec","url":"https:\/\/sysmatec.ch\/de\/","logo":{"@type":"ImageObject","inLanguage":"de","@id":"https:\/\/sysmatec.ch\/de\/#\/schema\/logo\/image\/","url":"https:\/\/sysmatec.ch\/wp-content\/uploads\/2018\/11\/LogoSysmatec.jpg","contentUrl":"https:\/\/sysmatec.ch\/wp-content\/uploads\/2018\/11\/LogoSysmatec.jpg","width":301,"height":297,"caption":"Sysmatec"},"image":{"@id":"https:\/\/sysmatec.ch\/de\/#\/schema\/logo\/image\/"}}]}},"_links":{"self":[{"href":"https:\/\/sysmatec.ch\/de\/wp-json\/wp\/v2\/product\/7476","targetHints":{"allow":["GET"]}}],"collection":[{"href":"https:\/\/sysmatec.ch\/de\/wp-json\/wp\/v2\/product"}],"about":[{"href":"https:\/\/sysmatec.ch\/de\/wp-json\/wp\/v2\/types\/product"}],"wp:featuredmedia":[{"embeddable":true,"href":"https:\/\/sysmatec.ch\/de\/wp-json\/wp\/v2\/media\/7470"}],"wp:attachment":[{"href":"https:\/\/sysmatec.ch\/de\/wp-json\/wp\/v2\/media?parent=7476"}],"wp:term":[{"taxonomy":"product_brand","embeddable":true,"href":"https:\/\/sysmatec.ch\/de\/wp-json\/wp\/v2\/product_brand?post=7476"},{"taxonomy":"product_cat","embeddable":true,"href":"https:\/\/sysmatec.ch\/de\/wp-json\/wp\/v2\/product_cat?post=7476"},{"taxonomy":"product_tag","embeddable":true,"href":"https:\/\/sysmatec.ch\/de\/wp-json\/wp\/v2\/product_tag?post=7476"}],"curies":[{"name":"wp","href":"https:\/\/api.w.org\/{rel}","templated":true}]}}