{"id":7472,"date":"2019-06-25T11:10:38","date_gmt":"2019-06-25T09:10:38","guid":{"rendered":"https:\/\/sysmatec.ch\/produit\/transmetteur-co2-carbotec-tr-pt-pour-mesures-en-ligne\/"},"modified":"2021-12-29T08:10:19","modified_gmt":"2021-12-29T07:10:19","slug":"inline-co2-transmitter-carbotec-tr-pt","status":"publish","type":"product","link":"https:\/\/sysmatec.ch\/de\/Produkt\/inline-co2-transmitter-carbotec-tr-pt\/","title":{"rendered":"Inline CO2-Transmitter Carbotec TR-PT"},"content":{"rendered":"<p>Er misst kontinuierlich und genau den Kohlendioxidgehalt in karbonisierten Fl\u00fcssigkeiten. Zur Bestimmung des CO2-Wertes wird alle 13 Sekunden eine 30ml-Probe vom Hauptstrom isoliert. Der Druck dieser Probe wird anschlie\u00dfend abrupt unter den Normaldruck reduziert. Der resultierende Druck unterscheidet sich von einer nicht karbonisierten Probe durch das Gasvolumen an gel\u00f6stem CO2, der CO2-Gehalt der Probe ist somit bestimmbar. Nach der Messung wird die Probe in den Hauptstrom zur\u00fcckgef\u00fchrt. Die Temperaturabh\u00e4ngigkeit des Messsignals wird durch eine elektronische Temperaturmessung PT100 kompensiert. Die Anzeige der CO2-Konzentration im Display ist in verschiedenen Einheiten wie z.B. g\/l, v\/v, bar (20\u00b0C), ml\/l, % oder cc\/kg m\u00f6glich.<\/p>\n<ul>\n<li type=\"disc\">Messbereich 0 &#8211; 10 g\/l CO2<\/li>\n<li type=\"disc\">Geanuigkeit: 0.01 g\/L<\/li>\n<li type=\"disc\">Reproduzierbarkeit +\/- 0.01 g\/l CO2<\/li>\n<li type=\"disc\">Ansprechgeschwindigkeit &lt; 20 sec<\/li>\n<li type=\"disc\">Temperaturkompensation PT100<\/li>\n<li type=\"disc\">Temperaturbereich Medium -10\u00b0C bis +100\u00b0C<\/li>\n<li type=\"disc\">Druckbereich max. 10 bar<\/li>\n<li type=\"disc\">Eing\u00e4nge 6x digital (24 VDC)<\/li>\n<li type=\"disc\">Ausg\u00e4nge 3x digital (24 VDC) + 2x analog (4-20 mA)<\/li>\n<li type=\"disc\">Schutzart IP 65<\/li>\n<li type=\"disc\">Versorgungsspannung 24 VDC<\/li>\n<\/ul>\n","protected":false},"excerpt":{"rendered":"<p>Inline CO2-Transmitter<\/p>\n","protected":false},"featured_media":7467,"template":"","meta":{"_crdt_document":""},"product_brand":[],"product_cat":[248,180],"product_tag":[],"class_list":{"0":"post-7472","1":"product","2":"type-product","3":"status-publish","4":"has-post-thumbnail","6":"product_cat-co2-de","7":"product_cat-messung","9":"first","10":"instock","11":"taxable","12":"shipping-taxable","13":"product-type-simple"},"yoast_head":"<!-- This site is optimized with the Yoast SEO plugin v27.4 - https:\/\/yoast.com\/product\/yoast-seo-wordpress\/ -->\n<title>Inline CO2-Transmitter Carbotec TR-PT - Sysmatec<\/title>\n<meta name=\"description\" content=\"It measures the concentration of carbon dioxide in soft drinks directly in the piping. Measuring range 0-10 g \/ L.\" \/>\n<meta name=\"robots\" content=\"index, follow, max-snippet:-1, max-image-preview:large, max-video-preview:-1\" \/>\n<link rel=\"canonical\" href=\"https:\/\/sysmatec.ch\/de\/produit\/inline-co2-transmitter-carbotec-tr-pt\/\" \/>\n<meta property=\"og:locale\" content=\"de_DE\" \/>\n<meta property=\"og:type\" content=\"article\" \/>\n<meta property=\"og:title\" content=\"Inline CO2-Transmitter Carbotec TR-PT - Sysmatec\" \/>\n<meta property=\"og:description\" content=\"It measures the concentration of carbon dioxide in soft drinks directly in the piping. Measuring range 0-10 g \/ L.\" \/>\n<meta property=\"og:url\" content=\"https:\/\/sysmatec.ch\/de\/produit\/inline-co2-transmitter-carbotec-tr-pt\/\" \/>\n<meta property=\"og:site_name\" content=\"Sysmatec\" \/>\n<meta property=\"article:modified_time\" content=\"2021-12-29T07:10:19+00:00\" \/>\n<meta property=\"og:image\" content=\"https:\/\/sysmatec.ch\/wp-content\/uploads\/2019\/06\/CO2_CentecCarbotec.jpg\" \/>\n\t<meta property=\"og:image:width\" content=\"181\" \/>\n\t<meta property=\"og:image:height\" content=\"146\" \/>\n\t<meta property=\"og:image:type\" content=\"image\/jpeg\" \/>\n<meta name=\"twitter:card\" content=\"summary_large_image\" \/>\n<meta name=\"twitter:label1\" content=\"Gesch\u00e4tzte Lesezeit\" \/>\n\t<meta name=\"twitter:data1\" content=\"1\u00a0Minute\" \/>\n<script type=\"application\/ld+json\" class=\"yoast-schema-graph\">{\"@context\":\"https:\\\/\\\/schema.org\",\"@graph\":[{\"@type\":\"WebPage\",\"@id\":\"https:\\\/\\\/sysmatec.ch\\\/de\\\/produit\\\/inline-co2-transmitter-carbotec-tr-pt\\\/\",\"url\":\"https:\\\/\\\/sysmatec.ch\\\/de\\\/produit\\\/inline-co2-transmitter-carbotec-tr-pt\\\/\",\"name\":\"Inline CO2-Transmitter Carbotec TR-PT - Sysmatec\",\"isPartOf\":{\"@id\":\"https:\\\/\\\/sysmatec.ch\\\/de\\\/#website\"},\"primaryImageOfPage\":{\"@id\":\"https:\\\/\\\/sysmatec.ch\\\/de\\\/produit\\\/inline-co2-transmitter-carbotec-tr-pt\\\/#primaryimage\"},\"image\":{\"@id\":\"https:\\\/\\\/sysmatec.ch\\\/de\\\/produit\\\/inline-co2-transmitter-carbotec-tr-pt\\\/#primaryimage\"},\"thumbnailUrl\":\"https:\\\/\\\/sysmatec.ch\\\/wp-content\\\/uploads\\\/2019\\\/06\\\/CO2_CentecCarbotec.jpg\",\"datePublished\":\"2019-06-25T09:10:38+00:00\",\"dateModified\":\"2021-12-29T07:10:19+00:00\",\"description\":\"It measures the concentration of carbon dioxide in soft drinks directly in the piping. Measuring range 0-10 g \\\/ L.\",\"breadcrumb\":{\"@id\":\"https:\\\/\\\/sysmatec.ch\\\/de\\\/produit\\\/inline-co2-transmitter-carbotec-tr-pt\\\/#breadcrumb\"},\"inLanguage\":\"de\",\"potentialAction\":[{\"@type\":\"ReadAction\",\"target\":[\"https:\\\/\\\/sysmatec.ch\\\/de\\\/produit\\\/inline-co2-transmitter-carbotec-tr-pt\\\/\"]}]},{\"@type\":\"ImageObject\",\"inLanguage\":\"de\",\"@id\":\"https:\\\/\\\/sysmatec.ch\\\/de\\\/produit\\\/inline-co2-transmitter-carbotec-tr-pt\\\/#primaryimage\",\"url\":\"https:\\\/\\\/sysmatec.ch\\\/wp-content\\\/uploads\\\/2019\\\/06\\\/CO2_CentecCarbotec.jpg\",\"contentUrl\":\"https:\\\/\\\/sysmatec.ch\\\/wp-content\\\/uploads\\\/2019\\\/06\\\/CO2_CentecCarbotec.jpg\",\"width\":181,\"height\":146},{\"@type\":\"BreadcrumbList\",\"@id\":\"https:\\\/\\\/sysmatec.ch\\\/de\\\/produit\\\/inline-co2-transmitter-carbotec-tr-pt\\\/#breadcrumb\",\"itemListElement\":[{\"@type\":\"ListItem\",\"position\":1,\"name\":\"Accueil\",\"item\":\"https:\\\/\\\/sysmatec.ch\\\/de\\\/\"},{\"@type\":\"ListItem\",\"position\":2,\"name\":\"Die Aktivit\u00e4t von Sysmatec\",\"item\":\"https:\\\/\\\/sysmatec.ch\\\/de\\\/\"},{\"@type\":\"ListItem\",\"position\":3,\"name\":\"Inline CO2-Transmitter Carbotec TR-PT\"}]},{\"@type\":\"WebSite\",\"@id\":\"https:\\\/\\\/sysmatec.ch\\\/de\\\/#website\",\"url\":\"https:\\\/\\\/sysmatec.ch\\\/de\\\/\",\"name\":\"Sysmatec\",\"description\":\"Equipement de laboratoire et logiciels\",\"publisher\":{\"@id\":\"https:\\\/\\\/sysmatec.ch\\\/de\\\/#organization\"},\"potentialAction\":[{\"@type\":\"SearchAction\",\"target\":{\"@type\":\"EntryPoint\",\"urlTemplate\":\"https:\\\/\\\/sysmatec.ch\\\/de\\\/?s={search_term_string}\"},\"query-input\":{\"@type\":\"PropertyValueSpecification\",\"valueRequired\":true,\"valueName\":\"search_term_string\"}}],\"inLanguage\":\"de\"},{\"@type\":\"Organization\",\"@id\":\"https:\\\/\\\/sysmatec.ch\\\/de\\\/#organization\",\"name\":\"Sysmatec\",\"url\":\"https:\\\/\\\/sysmatec.ch\\\/de\\\/\",\"logo\":{\"@type\":\"ImageObject\",\"inLanguage\":\"de\",\"@id\":\"https:\\\/\\\/sysmatec.ch\\\/de\\\/#\\\/schema\\\/logo\\\/image\\\/\",\"url\":\"https:\\\/\\\/sysmatec.ch\\\/wp-content\\\/uploads\\\/2018\\\/11\\\/LogoSysmatec.jpg\",\"contentUrl\":\"https:\\\/\\\/sysmatec.ch\\\/wp-content\\\/uploads\\\/2018\\\/11\\\/LogoSysmatec.jpg\",\"width\":301,\"height\":297,\"caption\":\"Sysmatec\"},\"image\":{\"@id\":\"https:\\\/\\\/sysmatec.ch\\\/de\\\/#\\\/schema\\\/logo\\\/image\\\/\"}}]}<\/script>\n<!-- \/ Yoast SEO plugin. -->","yoast_head_json":{"title":"Inline CO2-Transmitter Carbotec TR-PT - Sysmatec","description":"It measures the concentration of carbon dioxide in soft drinks directly in the piping. Measuring range 0-10 g \/ L.","robots":{"index":"index","follow":"follow","max-snippet":"max-snippet:-1","max-image-preview":"max-image-preview:large","max-video-preview":"max-video-preview:-1"},"canonical":"https:\/\/sysmatec.ch\/de\/produit\/inline-co2-transmitter-carbotec-tr-pt\/","og_locale":"de_DE","og_type":"article","og_title":"Inline CO2-Transmitter Carbotec TR-PT - Sysmatec","og_description":"It measures the concentration of carbon dioxide in soft drinks directly in the piping. Measuring range 0-10 g \/ L.","og_url":"https:\/\/sysmatec.ch\/de\/produit\/inline-co2-transmitter-carbotec-tr-pt\/","og_site_name":"Sysmatec","article_modified_time":"2021-12-29T07:10:19+00:00","og_image":[{"width":181,"height":146,"url":"https:\/\/sysmatec.ch\/wp-content\/uploads\/2019\/06\/CO2_CentecCarbotec.jpg","type":"image\/jpeg"}],"twitter_card":"summary_large_image","twitter_misc":{"Gesch\u00e4tzte Lesezeit":"1\u00a0Minute"},"schema":{"@context":"https:\/\/schema.org","@graph":[{"@type":"WebPage","@id":"https:\/\/sysmatec.ch\/de\/produit\/inline-co2-transmitter-carbotec-tr-pt\/","url":"https:\/\/sysmatec.ch\/de\/produit\/inline-co2-transmitter-carbotec-tr-pt\/","name":"Inline CO2-Transmitter Carbotec TR-PT - Sysmatec","isPartOf":{"@id":"https:\/\/sysmatec.ch\/de\/#website"},"primaryImageOfPage":{"@id":"https:\/\/sysmatec.ch\/de\/produit\/inline-co2-transmitter-carbotec-tr-pt\/#primaryimage"},"image":{"@id":"https:\/\/sysmatec.ch\/de\/produit\/inline-co2-transmitter-carbotec-tr-pt\/#primaryimage"},"thumbnailUrl":"https:\/\/sysmatec.ch\/wp-content\/uploads\/2019\/06\/CO2_CentecCarbotec.jpg","datePublished":"2019-06-25T09:10:38+00:00","dateModified":"2021-12-29T07:10:19+00:00","description":"It measures the concentration of carbon dioxide in soft drinks directly in the piping. Measuring range 0-10 g \/ L.","breadcrumb":{"@id":"https:\/\/sysmatec.ch\/de\/produit\/inline-co2-transmitter-carbotec-tr-pt\/#breadcrumb"},"inLanguage":"de","potentialAction":[{"@type":"ReadAction","target":["https:\/\/sysmatec.ch\/de\/produit\/inline-co2-transmitter-carbotec-tr-pt\/"]}]},{"@type":"ImageObject","inLanguage":"de","@id":"https:\/\/sysmatec.ch\/de\/produit\/inline-co2-transmitter-carbotec-tr-pt\/#primaryimage","url":"https:\/\/sysmatec.ch\/wp-content\/uploads\/2019\/06\/CO2_CentecCarbotec.jpg","contentUrl":"https:\/\/sysmatec.ch\/wp-content\/uploads\/2019\/06\/CO2_CentecCarbotec.jpg","width":181,"height":146},{"@type":"BreadcrumbList","@id":"https:\/\/sysmatec.ch\/de\/produit\/inline-co2-transmitter-carbotec-tr-pt\/#breadcrumb","itemListElement":[{"@type":"ListItem","position":1,"name":"Accueil","item":"https:\/\/sysmatec.ch\/de\/"},{"@type":"ListItem","position":2,"name":"Die Aktivit\u00e4t von Sysmatec","item":"https:\/\/sysmatec.ch\/de\/"},{"@type":"ListItem","position":3,"name":"Inline CO2-Transmitter Carbotec TR-PT"}]},{"@type":"WebSite","@id":"https:\/\/sysmatec.ch\/de\/#website","url":"https:\/\/sysmatec.ch\/de\/","name":"Sysmatec","description":"Equipement de laboratoire et logiciels","publisher":{"@id":"https:\/\/sysmatec.ch\/de\/#organization"},"potentialAction":[{"@type":"SearchAction","target":{"@type":"EntryPoint","urlTemplate":"https:\/\/sysmatec.ch\/de\/?s={search_term_string}"},"query-input":{"@type":"PropertyValueSpecification","valueRequired":true,"valueName":"search_term_string"}}],"inLanguage":"de"},{"@type":"Organization","@id":"https:\/\/sysmatec.ch\/de\/#organization","name":"Sysmatec","url":"https:\/\/sysmatec.ch\/de\/","logo":{"@type":"ImageObject","inLanguage":"de","@id":"https:\/\/sysmatec.ch\/de\/#\/schema\/logo\/image\/","url":"https:\/\/sysmatec.ch\/wp-content\/uploads\/2018\/11\/LogoSysmatec.jpg","contentUrl":"https:\/\/sysmatec.ch\/wp-content\/uploads\/2018\/11\/LogoSysmatec.jpg","width":301,"height":297,"caption":"Sysmatec"},"image":{"@id":"https:\/\/sysmatec.ch\/de\/#\/schema\/logo\/image\/"}}]}},"_links":{"self":[{"href":"https:\/\/sysmatec.ch\/de\/wp-json\/wp\/v2\/product\/7472","targetHints":{"allow":["GET"]}}],"collection":[{"href":"https:\/\/sysmatec.ch\/de\/wp-json\/wp\/v2\/product"}],"about":[{"href":"https:\/\/sysmatec.ch\/de\/wp-json\/wp\/v2\/types\/product"}],"wp:featuredmedia":[{"embeddable":true,"href":"https:\/\/sysmatec.ch\/de\/wp-json\/wp\/v2\/media\/7467"}],"wp:attachment":[{"href":"https:\/\/sysmatec.ch\/de\/wp-json\/wp\/v2\/media?parent=7472"}],"wp:term":[{"taxonomy":"product_brand","embeddable":true,"href":"https:\/\/sysmatec.ch\/de\/wp-json\/wp\/v2\/product_brand?post=7472"},{"taxonomy":"product_cat","embeddable":true,"href":"https:\/\/sysmatec.ch\/de\/wp-json\/wp\/v2\/product_cat?post=7472"},{"taxonomy":"product_tag","embeddable":true,"href":"https:\/\/sysmatec.ch\/de\/wp-json\/wp\/v2\/product_tag?post=7472"}],"curies":[{"name":"wp","href":"https:\/\/api.w.org\/{rel}","templated":true}]}}