{"id":7457,"date":"2019-06-25T11:01:51","date_gmt":"2019-06-25T09:01:51","guid":{"rendered":"https:\/\/sysmatec.ch\/produit\/gmd-appareil-de-mesure-du-co2-dans-la-biere\/"},"modified":"2021-12-29T08:18:37","modified_gmt":"2021-12-29T07:18:37","slug":"co2-messgeraet-fuer-bier-gmd","status":"publish","type":"product","link":"https:\/\/sysmatec.ch\/de\/Produkt\/co2-messgeraet-fuer-bier-gmd\/","title":{"rendered":"CO2- Messger\u00e4t f\u00fcr Bier GMD"},"content":{"rendered":"<p>Damit kann man, die CO2 in G\u00e4rtanks, F\u00e4ssern und Fermentern (Volumenanteil oder g\/l) bestimmen.<\/p>\n<p>Der Betreiber f\u00fcllt das Gef\u00e4\u00df mit Bier (mit Hilfe von Kugelh\u00e4hnen ). Das Bier wird durch einen Hebel ger\u00fchrt. Nach Erreichen eines Gleichgewichts kann der Bediener den Drucks und die Temperatur lesen. Er schaltet das Ger\u00e4t ein mit der Taste &#8222;ON &#8220; auf der Folientastatur . Der Wert der CO2-Gehalt kann auf einer Anzeige nach dem Dr\u00fccken der Taste &#8222;Enter&#8220; gelesen werden. Das Ger\u00e4t ist einfach zu reinigen.<\/p>\n<ul>\n<li type=\"disc\">Bereich der CO2- Messung : 2 bis 9.99 g\/Liter oder in Volumenanteil 1 bis 5.15 %<\/li>\n<li type=\"disc\">Bereich der Temperaturmessung : -3 \u00b0 C bis +30 \u00b0 C oder +26 \u00b0 bis +86 \u00b0 C<\/li>\n<li type=\"disc\">Bereich Druckmessung : 0 bis 600 kPa (andere Bereiche oder Einheiten auf Anfrage)<\/li>\n<li type=\"disc\">Genauigkeit der CO2-Messung: 0.05 g \/ l oder 0.01 % Volumen.<\/li>\n<li type=\"disc\">Genauigkeit der Temperaturmessung: 0.1 \u00b0 C<\/li>\n<li type=\"disc\">Genauigkeit der Druckmessung: 0.5%.<\/li>\n<li type=\"disc\">Digitale Anzeige : 2 &#8211; Linien , 8- stellig<\/li>\n<li type=\"disc\">Speicher: 400 Messungen (Version GMDK )<\/li>\n<li type=\"disc\">Abmessungen: 390x210x90 mm (H x B x L)<\/li>\n<li type=\"disc\">Gewicht: 1.7 kg<\/li>\n<\/ul>\n<p>Version GMDK : mit USB-Anschluss und Software f\u00fcr die Daten\u00fcbertragung zu einem Computer.<\/p>\n<p>Das Ger\u00e4t kann f\u00fcr andere Getr\u00e4nke angepasst werden.<\/p>\n","protected":false},"excerpt":{"rendered":"<p>CO2- Messger\u00e4t f\u00fcr Bier<\/p>\n","protected":false},"featured_media":7448,"template":"","meta":{"_crdt_document":""},"product_brand":[],"product_cat":[248,180],"product_tag":[],"class_list":{"0":"post-7457","1":"product","2":"type-product","3":"status-publish","4":"has-post-thumbnail","6":"product_cat-co2-de","7":"product_cat-messung","9":"first","10":"instock","11":"taxable","12":"shipping-taxable","13":"product-type-simple"},"yoast_head":"<!-- This site is optimized with the Yoast SEO plugin v27.3 - https:\/\/yoast.com\/product\/yoast-seo-wordpress\/ -->\n<title>CO2- Messger\u00e4t f\u00fcr Bier GMD - Sysmatec<\/title>\n<meta name=\"description\" content=\"Messung der CO2-Konzentration in Bier und Erfrischungsgetr\u00e4nken. Mobiles Ger\u00e4t. Messbereich 2 bis 9,99 g \/ L.\" \/>\n<meta name=\"robots\" content=\"index, follow, max-snippet:-1, max-image-preview:large, max-video-preview:-1\" \/>\n<link rel=\"canonical\" href=\"https:\/\/sysmatec.ch\/de\/produit\/co2-messgeraet-fuer-bier-gmd\/\" \/>\n<meta property=\"og:locale\" content=\"de_DE\" \/>\n<meta property=\"og:type\" content=\"article\" \/>\n<meta property=\"og:title\" content=\"CO2- Messger\u00e4t f\u00fcr Bier GMD - Sysmatec\" \/>\n<meta property=\"og:description\" content=\"Messung der CO2-Konzentration in Bier und Erfrischungsgetr\u00e4nken. Mobiles Ger\u00e4t. Messbereich 2 bis 9,99 g \/ L.\" \/>\n<meta property=\"og:url\" content=\"https:\/\/sysmatec.ch\/de\/produit\/co2-messgeraet-fuer-bier-gmd\/\" \/>\n<meta property=\"og:site_name\" content=\"Sysmatec\" \/>\n<meta property=\"article:modified_time\" content=\"2021-12-29T07:18:37+00:00\" \/>\n<meta property=\"og:image\" content=\"https:\/\/sysmatec.ch\/wp-content\/uploads\/2019\/06\/CO2_1CubeGMD.jpg\" \/>\n\t<meta property=\"og:image:width\" content=\"175\" \/>\n\t<meta property=\"og:image:height\" content=\"285\" \/>\n\t<meta property=\"og:image:type\" content=\"image\/jpeg\" \/>\n<meta name=\"twitter:card\" content=\"summary_large_image\" \/>\n<meta name=\"twitter:label1\" content=\"Gesch\u00e4tzte Lesezeit\" \/>\n\t<meta name=\"twitter:data1\" content=\"1\u00a0Minute\" \/>\n<script type=\"application\/ld+json\" class=\"yoast-schema-graph\">{\"@context\":\"https:\\\/\\\/schema.org\",\"@graph\":[{\"@type\":\"WebPage\",\"@id\":\"https:\\\/\\\/sysmatec.ch\\\/de\\\/produit\\\/co2-messgeraet-fuer-bier-gmd\\\/\",\"url\":\"https:\\\/\\\/sysmatec.ch\\\/de\\\/produit\\\/co2-messgeraet-fuer-bier-gmd\\\/\",\"name\":\"CO2- Messger\u00e4t f\u00fcr Bier GMD - Sysmatec\",\"isPartOf\":{\"@id\":\"https:\\\/\\\/sysmatec.ch\\\/de\\\/#website\"},\"primaryImageOfPage\":{\"@id\":\"https:\\\/\\\/sysmatec.ch\\\/de\\\/produit\\\/co2-messgeraet-fuer-bier-gmd\\\/#primaryimage\"},\"image\":{\"@id\":\"https:\\\/\\\/sysmatec.ch\\\/de\\\/produit\\\/co2-messgeraet-fuer-bier-gmd\\\/#primaryimage\"},\"thumbnailUrl\":\"https:\\\/\\\/sysmatec.ch\\\/wp-content\\\/uploads\\\/2019\\\/06\\\/CO2_1CubeGMD.jpg\",\"datePublished\":\"2019-06-25T09:01:51+00:00\",\"dateModified\":\"2021-12-29T07:18:37+00:00\",\"description\":\"Messung der CO2-Konzentration in Bier und Erfrischungsgetr\u00e4nken. Mobiles Ger\u00e4t. Messbereich 2 bis 9,99 g \\\/ L.\",\"breadcrumb\":{\"@id\":\"https:\\\/\\\/sysmatec.ch\\\/de\\\/produit\\\/co2-messgeraet-fuer-bier-gmd\\\/#breadcrumb\"},\"inLanguage\":\"de\",\"potentialAction\":[{\"@type\":\"ReadAction\",\"target\":[\"https:\\\/\\\/sysmatec.ch\\\/de\\\/produit\\\/co2-messgeraet-fuer-bier-gmd\\\/\"]}]},{\"@type\":\"ImageObject\",\"inLanguage\":\"de\",\"@id\":\"https:\\\/\\\/sysmatec.ch\\\/de\\\/produit\\\/co2-messgeraet-fuer-bier-gmd\\\/#primaryimage\",\"url\":\"https:\\\/\\\/sysmatec.ch\\\/wp-content\\\/uploads\\\/2019\\\/06\\\/CO2_1CubeGMD.jpg\",\"contentUrl\":\"https:\\\/\\\/sysmatec.ch\\\/wp-content\\\/uploads\\\/2019\\\/06\\\/CO2_1CubeGMD.jpg\",\"width\":175,\"height\":285},{\"@type\":\"BreadcrumbList\",\"@id\":\"https:\\\/\\\/sysmatec.ch\\\/de\\\/produit\\\/co2-messgeraet-fuer-bier-gmd\\\/#breadcrumb\",\"itemListElement\":[{\"@type\":\"ListItem\",\"position\":1,\"name\":\"Accueil\",\"item\":\"https:\\\/\\\/sysmatec.ch\\\/de\\\/\"},{\"@type\":\"ListItem\",\"position\":2,\"name\":\"Die Aktivit\u00e4t von Sysmatec\",\"item\":\"https:\\\/\\\/sysmatec.ch\\\/de\\\/\"},{\"@type\":\"ListItem\",\"position\":3,\"name\":\"CO2- Messger\u00e4t f\u00fcr Bier GMD\"}]},{\"@type\":\"WebSite\",\"@id\":\"https:\\\/\\\/sysmatec.ch\\\/de\\\/#website\",\"url\":\"https:\\\/\\\/sysmatec.ch\\\/de\\\/\",\"name\":\"Sysmatec\",\"description\":\"Equipement de laboratoire et logiciels\",\"publisher\":{\"@id\":\"https:\\\/\\\/sysmatec.ch\\\/de\\\/#organization\"},\"potentialAction\":[{\"@type\":\"SearchAction\",\"target\":{\"@type\":\"EntryPoint\",\"urlTemplate\":\"https:\\\/\\\/sysmatec.ch\\\/de\\\/?s={search_term_string}\"},\"query-input\":{\"@type\":\"PropertyValueSpecification\",\"valueRequired\":true,\"valueName\":\"search_term_string\"}}],\"inLanguage\":\"de\"},{\"@type\":\"Organization\",\"@id\":\"https:\\\/\\\/sysmatec.ch\\\/de\\\/#organization\",\"name\":\"Sysmatec\",\"url\":\"https:\\\/\\\/sysmatec.ch\\\/de\\\/\",\"logo\":{\"@type\":\"ImageObject\",\"inLanguage\":\"de\",\"@id\":\"https:\\\/\\\/sysmatec.ch\\\/de\\\/#\\\/schema\\\/logo\\\/image\\\/\",\"url\":\"https:\\\/\\\/sysmatec.ch\\\/wp-content\\\/uploads\\\/2018\\\/11\\\/LogoSysmatec.jpg\",\"contentUrl\":\"https:\\\/\\\/sysmatec.ch\\\/wp-content\\\/uploads\\\/2018\\\/11\\\/LogoSysmatec.jpg\",\"width\":301,\"height\":297,\"caption\":\"Sysmatec\"},\"image\":{\"@id\":\"https:\\\/\\\/sysmatec.ch\\\/de\\\/#\\\/schema\\\/logo\\\/image\\\/\"}}]}<\/script>\n<!-- \/ Yoast SEO plugin. -->","yoast_head_json":{"title":"CO2- Messger\u00e4t f\u00fcr Bier GMD - Sysmatec","description":"Messung der CO2-Konzentration in Bier und Erfrischungsgetr\u00e4nken. Mobiles Ger\u00e4t. Messbereich 2 bis 9,99 g \/ L.","robots":{"index":"index","follow":"follow","max-snippet":"max-snippet:-1","max-image-preview":"max-image-preview:large","max-video-preview":"max-video-preview:-1"},"canonical":"https:\/\/sysmatec.ch\/de\/produit\/co2-messgeraet-fuer-bier-gmd\/","og_locale":"de_DE","og_type":"article","og_title":"CO2- Messger\u00e4t f\u00fcr Bier GMD - Sysmatec","og_description":"Messung der CO2-Konzentration in Bier und Erfrischungsgetr\u00e4nken. Mobiles Ger\u00e4t. Messbereich 2 bis 9,99 g \/ L.","og_url":"https:\/\/sysmatec.ch\/de\/produit\/co2-messgeraet-fuer-bier-gmd\/","og_site_name":"Sysmatec","article_modified_time":"2021-12-29T07:18:37+00:00","og_image":[{"width":175,"height":285,"url":"https:\/\/sysmatec.ch\/wp-content\/uploads\/2019\/06\/CO2_1CubeGMD.jpg","type":"image\/jpeg"}],"twitter_card":"summary_large_image","twitter_misc":{"Gesch\u00e4tzte Lesezeit":"1\u00a0Minute"},"schema":{"@context":"https:\/\/schema.org","@graph":[{"@type":"WebPage","@id":"https:\/\/sysmatec.ch\/de\/produit\/co2-messgeraet-fuer-bier-gmd\/","url":"https:\/\/sysmatec.ch\/de\/produit\/co2-messgeraet-fuer-bier-gmd\/","name":"CO2- Messger\u00e4t f\u00fcr Bier GMD - Sysmatec","isPartOf":{"@id":"https:\/\/sysmatec.ch\/de\/#website"},"primaryImageOfPage":{"@id":"https:\/\/sysmatec.ch\/de\/produit\/co2-messgeraet-fuer-bier-gmd\/#primaryimage"},"image":{"@id":"https:\/\/sysmatec.ch\/de\/produit\/co2-messgeraet-fuer-bier-gmd\/#primaryimage"},"thumbnailUrl":"https:\/\/sysmatec.ch\/wp-content\/uploads\/2019\/06\/CO2_1CubeGMD.jpg","datePublished":"2019-06-25T09:01:51+00:00","dateModified":"2021-12-29T07:18:37+00:00","description":"Messung der CO2-Konzentration in Bier und Erfrischungsgetr\u00e4nken. Mobiles Ger\u00e4t. Messbereich 2 bis 9,99 g \/ L.","breadcrumb":{"@id":"https:\/\/sysmatec.ch\/de\/produit\/co2-messgeraet-fuer-bier-gmd\/#breadcrumb"},"inLanguage":"de","potentialAction":[{"@type":"ReadAction","target":["https:\/\/sysmatec.ch\/de\/produit\/co2-messgeraet-fuer-bier-gmd\/"]}]},{"@type":"ImageObject","inLanguage":"de","@id":"https:\/\/sysmatec.ch\/de\/produit\/co2-messgeraet-fuer-bier-gmd\/#primaryimage","url":"https:\/\/sysmatec.ch\/wp-content\/uploads\/2019\/06\/CO2_1CubeGMD.jpg","contentUrl":"https:\/\/sysmatec.ch\/wp-content\/uploads\/2019\/06\/CO2_1CubeGMD.jpg","width":175,"height":285},{"@type":"BreadcrumbList","@id":"https:\/\/sysmatec.ch\/de\/produit\/co2-messgeraet-fuer-bier-gmd\/#breadcrumb","itemListElement":[{"@type":"ListItem","position":1,"name":"Accueil","item":"https:\/\/sysmatec.ch\/de\/"},{"@type":"ListItem","position":2,"name":"Die Aktivit\u00e4t von Sysmatec","item":"https:\/\/sysmatec.ch\/de\/"},{"@type":"ListItem","position":3,"name":"CO2- Messger\u00e4t f\u00fcr Bier GMD"}]},{"@type":"WebSite","@id":"https:\/\/sysmatec.ch\/de\/#website","url":"https:\/\/sysmatec.ch\/de\/","name":"Sysmatec","description":"Equipement de laboratoire et logiciels","publisher":{"@id":"https:\/\/sysmatec.ch\/de\/#organization"},"potentialAction":[{"@type":"SearchAction","target":{"@type":"EntryPoint","urlTemplate":"https:\/\/sysmatec.ch\/de\/?s={search_term_string}"},"query-input":{"@type":"PropertyValueSpecification","valueRequired":true,"valueName":"search_term_string"}}],"inLanguage":"de"},{"@type":"Organization","@id":"https:\/\/sysmatec.ch\/de\/#organization","name":"Sysmatec","url":"https:\/\/sysmatec.ch\/de\/","logo":{"@type":"ImageObject","inLanguage":"de","@id":"https:\/\/sysmatec.ch\/de\/#\/schema\/logo\/image\/","url":"https:\/\/sysmatec.ch\/wp-content\/uploads\/2018\/11\/LogoSysmatec.jpg","contentUrl":"https:\/\/sysmatec.ch\/wp-content\/uploads\/2018\/11\/LogoSysmatec.jpg","width":301,"height":297,"caption":"Sysmatec"},"image":{"@id":"https:\/\/sysmatec.ch\/de\/#\/schema\/logo\/image\/"}}]}},"_links":{"self":[{"href":"https:\/\/sysmatec.ch\/de\/wp-json\/wp\/v2\/product\/7457","targetHints":{"allow":["GET"]}}],"collection":[{"href":"https:\/\/sysmatec.ch\/de\/wp-json\/wp\/v2\/product"}],"about":[{"href":"https:\/\/sysmatec.ch\/de\/wp-json\/wp\/v2\/types\/product"}],"wp:featuredmedia":[{"embeddable":true,"href":"https:\/\/sysmatec.ch\/de\/wp-json\/wp\/v2\/media\/7448"}],"wp:attachment":[{"href":"https:\/\/sysmatec.ch\/de\/wp-json\/wp\/v2\/media?parent=7457"}],"wp:term":[{"taxonomy":"product_brand","embeddable":true,"href":"https:\/\/sysmatec.ch\/de\/wp-json\/wp\/v2\/product_brand?post=7457"},{"taxonomy":"product_cat","embeddable":true,"href":"https:\/\/sysmatec.ch\/de\/wp-json\/wp\/v2\/product_cat?post=7457"},{"taxonomy":"product_tag","embeddable":true,"href":"https:\/\/sysmatec.ch\/de\/wp-json\/wp\/v2\/product_tag?post=7457"}],"curies":[{"name":"wp","href":"https:\/\/api.w.org\/{rel}","templated":true}]}}