{"id":7453,"date":"2019-06-25T10:54:26","date_gmt":"2019-06-25T08:54:26","guid":{"rendered":"https:\/\/sysmatec.ch\/produit\/gma-appareil-de-mesure-du-co2-dans-la-biere\/"},"modified":"2021-12-29T08:22:49","modified_gmt":"2021-12-29T07:22:49","slug":"co2-messgeraet-fuer-bier-gma","status":"publish","type":"product","link":"https:\/\/sysmatec.ch\/de\/Produkt\/co2-messgeraet-fuer-bier-gma\/","title":{"rendered":"CO2-Messger\u00e4t f\u00fcr Bier GMA"},"content":{"rendered":"<p>Damit kann man, die CO2 in G\u00e4rtanks, F\u00e4ssern und Fermentern (Volumenanteil oder g\/l) bestimmen.<\/p>\n<p>Der Betreiber f\u00fcllt das Gef\u00e4\u00df mit Bier (mit Hilfe von Kugelh\u00e4hnen ). Das Bier wird durch einen Hebel ger\u00fchrt. Nach Erreichen eines Gleichgewichts kann der Bediener den Drucks und die Temperatur lesen. Die CO2 kann mit einem Diagramm bestimmt werden. Die Berechnung des CO2 in andere Getr\u00e4nke kann auch angepasst werden.<\/p>\n<ul>\n<li type=\"disc\">Bereich der CO2- Messung: 2.0 bis 7.8 g \/ l oder in der Volumenanteil 1 bis 4 %.<\/li>\n<li type=\"disc\">Bereich der Temperaturmessung : -3 bis +30 \u00b0 C oder 32-86 \u00b0 F<\/li>\n<li type=\"disc\">Bereich Druckmessung : 0 bis 250 kPa (andere Bereiche oder Einheiten auf Anfrage)<\/li>\n<li type=\"disc\">Genauigkeit der CO2-Messung : 0.2 g \/ l oder + \/ &#8211; 0.02 % Volumen.<\/li>\n<li type=\"disc\">Genauigkeit der Temperaturmessung : + \/ &#8211; 0.5 \u00b0 C<\/li>\n<li type=\"disc\">Genauigkeit der Druckmessung : + \/ &#8211; 6 kPa<\/li>\n<li type=\"disc\">Abmessungen: 345x210x110 mm ( H x B x L)<\/li>\n<li type=\"disc\">Gewicht: 1.8 kg<\/li>\n<\/ul>\n<p>Das Ger\u00e4t kann f\u00fcr andere Getr\u00e4nke angepasst werden.<\/p>\n","protected":false},"excerpt":{"rendered":"<p><span class=\"VIiyi\" lang=\"de\"><span class=\"JLqJ4b ChMk0b\" data-language-for-alternatives=\"de\" data-language-to-translate-into=\"fr\" data-phrase-index=\"0\">Ger\u00e4t zur Messung von CO2 in Bier und Erfrischungsgetr\u00e4nken.<\/span><\/span><\/p>\n","protected":false},"featured_media":7442,"template":"","meta":{"_crdt_document":""},"product_brand":[],"product_cat":[248,180],"product_tag":[],"class_list":{"0":"post-7453","1":"product","2":"type-product","3":"status-publish","4":"has-post-thumbnail","6":"product_cat-co2-de","7":"product_cat-messung","9":"first","10":"instock","11":"taxable","12":"shipping-taxable","13":"product-type-simple"},"yoast_head":"<!-- This site is optimized with the Yoast SEO plugin v27.4 - https:\/\/yoast.com\/product\/yoast-seo-wordpress\/ -->\n<title>CO2-Messger\u00e4t f\u00fcr Bier GMA - Sysmatec<\/title>\n<meta name=\"description\" content=\"Messung der CO2-Konzentration in Bier und Erfrischungsgetr\u00e4nken. Mobiles Ger\u00e4t. Messbereich 2 bis 7,8 g \/ L.\" \/>\n<meta name=\"robots\" content=\"index, follow, max-snippet:-1, max-image-preview:large, max-video-preview:-1\" \/>\n<link rel=\"canonical\" href=\"https:\/\/sysmatec.ch\/de\/produit\/co2-messgeraet-fuer-bier-gma\/\" \/>\n<meta property=\"og:locale\" content=\"de_DE\" \/>\n<meta property=\"og:type\" content=\"article\" \/>\n<meta property=\"og:title\" content=\"CO2-Messger\u00e4t f\u00fcr Bier GMA - Sysmatec\" \/>\n<meta property=\"og:description\" content=\"Messung der CO2-Konzentration in Bier und Erfrischungsgetr\u00e4nken. Mobiles Ger\u00e4t. Messbereich 2 bis 7,8 g \/ L.\" \/>\n<meta property=\"og:url\" content=\"https:\/\/sysmatec.ch\/de\/produit\/co2-messgeraet-fuer-bier-gma\/\" \/>\n<meta property=\"og:site_name\" content=\"Sysmatec\" \/>\n<meta property=\"article:modified_time\" content=\"2021-12-29T07:22:49+00:00\" \/>\n<meta property=\"og:image\" content=\"https:\/\/sysmatec.ch\/wp-content\/uploads\/2019\/06\/CO2_1CubeGMA.jpg\" \/>\n\t<meta property=\"og:image:width\" content=\"180\" \/>\n\t<meta property=\"og:image:height\" content=\"240\" \/>\n\t<meta property=\"og:image:type\" content=\"image\/jpeg\" \/>\n<meta name=\"twitter:card\" content=\"summary_large_image\" \/>\n<meta name=\"twitter:label1\" content=\"Gesch\u00e4tzte Lesezeit\" \/>\n\t<meta name=\"twitter:data1\" content=\"1\u00a0Minute\" \/>\n<script type=\"application\/ld+json\" class=\"yoast-schema-graph\">{\"@context\":\"https:\\\/\\\/schema.org\",\"@graph\":[{\"@type\":\"WebPage\",\"@id\":\"https:\\\/\\\/sysmatec.ch\\\/de\\\/produit\\\/co2-messgeraet-fuer-bier-gma\\\/\",\"url\":\"https:\\\/\\\/sysmatec.ch\\\/de\\\/produit\\\/co2-messgeraet-fuer-bier-gma\\\/\",\"name\":\"CO2-Messger\u00e4t f\u00fcr Bier GMA - Sysmatec\",\"isPartOf\":{\"@id\":\"https:\\\/\\\/sysmatec.ch\\\/de\\\/#website\"},\"primaryImageOfPage\":{\"@id\":\"https:\\\/\\\/sysmatec.ch\\\/de\\\/produit\\\/co2-messgeraet-fuer-bier-gma\\\/#primaryimage\"},\"image\":{\"@id\":\"https:\\\/\\\/sysmatec.ch\\\/de\\\/produit\\\/co2-messgeraet-fuer-bier-gma\\\/#primaryimage\"},\"thumbnailUrl\":\"https:\\\/\\\/sysmatec.ch\\\/wp-content\\\/uploads\\\/2019\\\/06\\\/CO2_1CubeGMA.jpg\",\"datePublished\":\"2019-06-25T08:54:26+00:00\",\"dateModified\":\"2021-12-29T07:22:49+00:00\",\"description\":\"Messung der CO2-Konzentration in Bier und Erfrischungsgetr\u00e4nken. Mobiles Ger\u00e4t. Messbereich 2 bis 7,8 g \\\/ L.\",\"breadcrumb\":{\"@id\":\"https:\\\/\\\/sysmatec.ch\\\/de\\\/produit\\\/co2-messgeraet-fuer-bier-gma\\\/#breadcrumb\"},\"inLanguage\":\"de\",\"potentialAction\":[{\"@type\":\"ReadAction\",\"target\":[\"https:\\\/\\\/sysmatec.ch\\\/de\\\/produit\\\/co2-messgeraet-fuer-bier-gma\\\/\"]}]},{\"@type\":\"ImageObject\",\"inLanguage\":\"de\",\"@id\":\"https:\\\/\\\/sysmatec.ch\\\/de\\\/produit\\\/co2-messgeraet-fuer-bier-gma\\\/#primaryimage\",\"url\":\"https:\\\/\\\/sysmatec.ch\\\/wp-content\\\/uploads\\\/2019\\\/06\\\/CO2_1CubeGMA.jpg\",\"contentUrl\":\"https:\\\/\\\/sysmatec.ch\\\/wp-content\\\/uploads\\\/2019\\\/06\\\/CO2_1CubeGMA.jpg\",\"width\":180,\"height\":240},{\"@type\":\"BreadcrumbList\",\"@id\":\"https:\\\/\\\/sysmatec.ch\\\/de\\\/produit\\\/co2-messgeraet-fuer-bier-gma\\\/#breadcrumb\",\"itemListElement\":[{\"@type\":\"ListItem\",\"position\":1,\"name\":\"Accueil\",\"item\":\"https:\\\/\\\/sysmatec.ch\\\/de\\\/\"},{\"@type\":\"ListItem\",\"position\":2,\"name\":\"Die Aktivit\u00e4t von Sysmatec\",\"item\":\"https:\\\/\\\/sysmatec.ch\\\/de\\\/\"},{\"@type\":\"ListItem\",\"position\":3,\"name\":\"CO2-Messger\u00e4t f\u00fcr Bier GMA\"}]},{\"@type\":\"WebSite\",\"@id\":\"https:\\\/\\\/sysmatec.ch\\\/de\\\/#website\",\"url\":\"https:\\\/\\\/sysmatec.ch\\\/de\\\/\",\"name\":\"Sysmatec\",\"description\":\"Equipement de laboratoire et logiciels\",\"publisher\":{\"@id\":\"https:\\\/\\\/sysmatec.ch\\\/de\\\/#organization\"},\"potentialAction\":[{\"@type\":\"SearchAction\",\"target\":{\"@type\":\"EntryPoint\",\"urlTemplate\":\"https:\\\/\\\/sysmatec.ch\\\/de\\\/?s={search_term_string}\"},\"query-input\":{\"@type\":\"PropertyValueSpecification\",\"valueRequired\":true,\"valueName\":\"search_term_string\"}}],\"inLanguage\":\"de\"},{\"@type\":\"Organization\",\"@id\":\"https:\\\/\\\/sysmatec.ch\\\/de\\\/#organization\",\"name\":\"Sysmatec\",\"url\":\"https:\\\/\\\/sysmatec.ch\\\/de\\\/\",\"logo\":{\"@type\":\"ImageObject\",\"inLanguage\":\"de\",\"@id\":\"https:\\\/\\\/sysmatec.ch\\\/de\\\/#\\\/schema\\\/logo\\\/image\\\/\",\"url\":\"https:\\\/\\\/sysmatec.ch\\\/wp-content\\\/uploads\\\/2018\\\/11\\\/LogoSysmatec.jpg\",\"contentUrl\":\"https:\\\/\\\/sysmatec.ch\\\/wp-content\\\/uploads\\\/2018\\\/11\\\/LogoSysmatec.jpg\",\"width\":301,\"height\":297,\"caption\":\"Sysmatec\"},\"image\":{\"@id\":\"https:\\\/\\\/sysmatec.ch\\\/de\\\/#\\\/schema\\\/logo\\\/image\\\/\"}}]}<\/script>\n<!-- \/ Yoast SEO plugin. -->","yoast_head_json":{"title":"CO2-Messger\u00e4t f\u00fcr Bier GMA - Sysmatec","description":"Messung der CO2-Konzentration in Bier und Erfrischungsgetr\u00e4nken. Mobiles Ger\u00e4t. Messbereich 2 bis 7,8 g \/ L.","robots":{"index":"index","follow":"follow","max-snippet":"max-snippet:-1","max-image-preview":"max-image-preview:large","max-video-preview":"max-video-preview:-1"},"canonical":"https:\/\/sysmatec.ch\/de\/produit\/co2-messgeraet-fuer-bier-gma\/","og_locale":"de_DE","og_type":"article","og_title":"CO2-Messger\u00e4t f\u00fcr Bier GMA - Sysmatec","og_description":"Messung der CO2-Konzentration in Bier und Erfrischungsgetr\u00e4nken. Mobiles Ger\u00e4t. Messbereich 2 bis 7,8 g \/ L.","og_url":"https:\/\/sysmatec.ch\/de\/produit\/co2-messgeraet-fuer-bier-gma\/","og_site_name":"Sysmatec","article_modified_time":"2021-12-29T07:22:49+00:00","og_image":[{"width":180,"height":240,"url":"https:\/\/sysmatec.ch\/wp-content\/uploads\/2019\/06\/CO2_1CubeGMA.jpg","type":"image\/jpeg"}],"twitter_card":"summary_large_image","twitter_misc":{"Gesch\u00e4tzte Lesezeit":"1\u00a0Minute"},"schema":{"@context":"https:\/\/schema.org","@graph":[{"@type":"WebPage","@id":"https:\/\/sysmatec.ch\/de\/produit\/co2-messgeraet-fuer-bier-gma\/","url":"https:\/\/sysmatec.ch\/de\/produit\/co2-messgeraet-fuer-bier-gma\/","name":"CO2-Messger\u00e4t f\u00fcr Bier GMA - Sysmatec","isPartOf":{"@id":"https:\/\/sysmatec.ch\/de\/#website"},"primaryImageOfPage":{"@id":"https:\/\/sysmatec.ch\/de\/produit\/co2-messgeraet-fuer-bier-gma\/#primaryimage"},"image":{"@id":"https:\/\/sysmatec.ch\/de\/produit\/co2-messgeraet-fuer-bier-gma\/#primaryimage"},"thumbnailUrl":"https:\/\/sysmatec.ch\/wp-content\/uploads\/2019\/06\/CO2_1CubeGMA.jpg","datePublished":"2019-06-25T08:54:26+00:00","dateModified":"2021-12-29T07:22:49+00:00","description":"Messung der CO2-Konzentration in Bier und Erfrischungsgetr\u00e4nken. Mobiles Ger\u00e4t. Messbereich 2 bis 7,8 g \/ L.","breadcrumb":{"@id":"https:\/\/sysmatec.ch\/de\/produit\/co2-messgeraet-fuer-bier-gma\/#breadcrumb"},"inLanguage":"de","potentialAction":[{"@type":"ReadAction","target":["https:\/\/sysmatec.ch\/de\/produit\/co2-messgeraet-fuer-bier-gma\/"]}]},{"@type":"ImageObject","inLanguage":"de","@id":"https:\/\/sysmatec.ch\/de\/produit\/co2-messgeraet-fuer-bier-gma\/#primaryimage","url":"https:\/\/sysmatec.ch\/wp-content\/uploads\/2019\/06\/CO2_1CubeGMA.jpg","contentUrl":"https:\/\/sysmatec.ch\/wp-content\/uploads\/2019\/06\/CO2_1CubeGMA.jpg","width":180,"height":240},{"@type":"BreadcrumbList","@id":"https:\/\/sysmatec.ch\/de\/produit\/co2-messgeraet-fuer-bier-gma\/#breadcrumb","itemListElement":[{"@type":"ListItem","position":1,"name":"Accueil","item":"https:\/\/sysmatec.ch\/de\/"},{"@type":"ListItem","position":2,"name":"Die Aktivit\u00e4t von Sysmatec","item":"https:\/\/sysmatec.ch\/de\/"},{"@type":"ListItem","position":3,"name":"CO2-Messger\u00e4t f\u00fcr Bier GMA"}]},{"@type":"WebSite","@id":"https:\/\/sysmatec.ch\/de\/#website","url":"https:\/\/sysmatec.ch\/de\/","name":"Sysmatec","description":"Equipement de laboratoire et logiciels","publisher":{"@id":"https:\/\/sysmatec.ch\/de\/#organization"},"potentialAction":[{"@type":"SearchAction","target":{"@type":"EntryPoint","urlTemplate":"https:\/\/sysmatec.ch\/de\/?s={search_term_string}"},"query-input":{"@type":"PropertyValueSpecification","valueRequired":true,"valueName":"search_term_string"}}],"inLanguage":"de"},{"@type":"Organization","@id":"https:\/\/sysmatec.ch\/de\/#organization","name":"Sysmatec","url":"https:\/\/sysmatec.ch\/de\/","logo":{"@type":"ImageObject","inLanguage":"de","@id":"https:\/\/sysmatec.ch\/de\/#\/schema\/logo\/image\/","url":"https:\/\/sysmatec.ch\/wp-content\/uploads\/2018\/11\/LogoSysmatec.jpg","contentUrl":"https:\/\/sysmatec.ch\/wp-content\/uploads\/2018\/11\/LogoSysmatec.jpg","width":301,"height":297,"caption":"Sysmatec"},"image":{"@id":"https:\/\/sysmatec.ch\/de\/#\/schema\/logo\/image\/"}}]}},"_links":{"self":[{"href":"https:\/\/sysmatec.ch\/de\/wp-json\/wp\/v2\/product\/7453","targetHints":{"allow":["GET"]}}],"collection":[{"href":"https:\/\/sysmatec.ch\/de\/wp-json\/wp\/v2\/product"}],"about":[{"href":"https:\/\/sysmatec.ch\/de\/wp-json\/wp\/v2\/types\/product"}],"wp:featuredmedia":[{"embeddable":true,"href":"https:\/\/sysmatec.ch\/de\/wp-json\/wp\/v2\/media\/7442"}],"wp:attachment":[{"href":"https:\/\/sysmatec.ch\/de\/wp-json\/wp\/v2\/media?parent=7453"}],"wp:term":[{"taxonomy":"product_brand","embeddable":true,"href":"https:\/\/sysmatec.ch\/de\/wp-json\/wp\/v2\/product_brand?post=7453"},{"taxonomy":"product_cat","embeddable":true,"href":"https:\/\/sysmatec.ch\/de\/wp-json\/wp\/v2\/product_cat?post=7453"},{"taxonomy":"product_tag","embeddable":true,"href":"https:\/\/sysmatec.ch\/de\/wp-json\/wp\/v2\/product_tag?post=7453"}],"curies":[{"name":"wp","href":"https:\/\/api.w.org\/{rel}","templated":true}]}}