{"id":7434,"date":"2019-06-25T10:31:19","date_gmt":"2019-06-25T08:31:19","guid":{"rendered":"https:\/\/sysmatec.ch\/produit\/oxy-1-sma-et-oxy-1-sma-trace-mesure-do2-dans-les-liquides-et-gaz\/"},"modified":"2021-12-29T10:30:01","modified_gmt":"2021-12-29T09:30:01","slug":"oxy-1-sma-und-oxy-1-sma-trace-zur-sauerstoffmessung","status":"publish","type":"product","link":"https:\/\/sysmatec.ch\/de\/Produkt\/oxy-1-sma-und-oxy-1-sma-trace-zur-sauerstoffmessung\/","title":{"rendered":"OXY-1 SMA und OXY-1 SMA-Trace zur Sauerstoffmessung"},"content":{"rendered":"<p>Dieses Ger\u00e4t funktioniert wie das Fibox 4, aber es muss mit einem Computer verbunden sein, um die Daten zu lesen.<\/p>\n<p>Durch seine kleinen Au\u00dfenabmessungen kann er fast \u00fcberall aufgestellt werden. Es ist kompatibel mit nicht-invasiven Sensoren, Tauchsonden und Durchflusszellen des Typs PSt3 und PSt6 (je nach Ausf\u00fchrung). Das Ger\u00e4t verf\u00fcgt \u00fcber eine Temperaturkompensation (es ist m\u00f6glich, einen externen Temperatursensor anzuschlie\u00dfen oder die Temperatur in der Software-Schnittstelle einzugeben), so dass genaueste Messungen in Umgebungen mit wechselnder Temperatur vorgenommen werden k\u00f6nnen. Dieses USB-betriebene Sauerstoffmessger\u00e4t wird mit der PreSens Measurement Studio 2 Software (im Lieferumfang enthalten) betrieben. Die Software gleichzeitig mehrere Ger\u00e4te steuern.<\/p>\n<ul>\n<li type=\"disc\">Messbereich: 0 &#8211; 100% Sauerstoff mit PSt3 Sensoren (OXY-1 SMA und OXY-1 SMA Trace), 0-5% Sauerstoff mit PSt6 (nur Version OXY-1 SMA Trace)<\/li>\n<li type=\"disc\">Kompakt<\/li>\n<li type=\"disc\">Leicht : nur 128 g<\/li>\n<li type=\"disc\">USB-powered<\/li>\n<li type=\"disc\">Kompensation von Temperatur, Druck und Salzgehalt<\/li>\n<li type=\"disc\">F\u00fcr den Einsatz mit nicht-invasiven Sensoren, Tauchsonden und Durchflusszellen<\/li>\n<li type=\"disc\">Temperaturf\u00fchler: Pt100 Temperatursonde (nicht im Lieferumfang enthalten)<\/li>\n<li type=\"disc\">Temperaturleistung: von 0 \u00b0 C bis + 50 \u00b0 C, Aufl\u00f6sung \u00b1 0.1 \u00b0 C, Genauigkeit \u00b1 1.0 \u00b0 C<\/li>\n<li type=\"disc\">Stromversorgung: 5 VDC (USB-2.0-Mini-B, Kabel im Lieferumfang enthalten)<\/li>\n<li type=\"disc\">Betrieb- \/ Lagerung-Temperatur: von 0 \u00b0 C bis + 50 \u00b0 C \/ von &#8211; 20 \u00b0 C bis + 70 \u00b0 C<\/li>\n<li type=\"disc\">Relative Luftfeuchtigkeit: 0% bis 80% (nicht kondensierend)<\/li>\n<li type=\"disc\">Digital Interface: USB-Schnittstellenkabel zum PC (inkl. Kabel)<\/li>\n<\/ul>\n","protected":false},"excerpt":{"rendered":"<p>Sauerstoffmessung<\/p>\n","protected":false},"featured_media":7432,"template":"","meta":{"_crdt_document":""},"product_brand":[],"product_cat":[180,246],"product_tag":[],"class_list":{"0":"post-7434","1":"product","2":"type-product","3":"status-publish","4":"has-post-thumbnail","6":"product_cat-messung","7":"product_cat-sauerstoff","9":"first","10":"instock","11":"taxable","12":"shipping-taxable","13":"product-type-simple"},"yoast_head":"<!-- This site is optimized with the Yoast SEO plugin v27.3 - https:\/\/yoast.com\/product\/yoast-seo-wordpress\/ -->\n<title>OXY-1 SMA und OXY-1 SMA-Trace zur Sauerstoffmessung - Sysmatec<\/title>\n<meta name=\"description\" content=\"Ger\u00e4t zur Messung der Sauerstoffkonzentration in Gasen und Fl\u00fcssigkeiten. Es verwendet Mikrosensoren und nicht-invasive Sensoren.\" \/>\n<meta name=\"robots\" content=\"index, follow, max-snippet:-1, max-image-preview:large, max-video-preview:-1\" \/>\n<link rel=\"canonical\" href=\"https:\/\/sysmatec.ch\/de\/produit\/oxy-1-sma-und-oxy-1-sma-trace-zur-sauerstoffmessung\/\" \/>\n<meta property=\"og:locale\" content=\"de_DE\" \/>\n<meta property=\"og:type\" content=\"article\" \/>\n<meta property=\"og:title\" content=\"OXY-1 SMA und OXY-1 SMA-Trace zur Sauerstoffmessung - Sysmatec\" \/>\n<meta property=\"og:description\" content=\"Ger\u00e4t zur Messung der Sauerstoffkonzentration in Gasen und Fl\u00fcssigkeiten. Es verwendet Mikrosensoren und nicht-invasive Sensoren.\" \/>\n<meta property=\"og:url\" content=\"https:\/\/sysmatec.ch\/de\/produit\/oxy-1-sma-und-oxy-1-sma-trace-zur-sauerstoffmessung\/\" \/>\n<meta property=\"og:site_name\" content=\"Sysmatec\" \/>\n<meta property=\"article:modified_time\" content=\"2021-12-29T09:30:01+00:00\" \/>\n<meta property=\"og:image\" content=\"https:\/\/sysmatec.ch\/wp-content\/uploads\/2019\/06\/Oxygene_PresensOXY1SMA.jpg\" \/>\n\t<meta property=\"og:image:width\" content=\"186\" \/>\n\t<meta property=\"og:image:height\" content=\"186\" \/>\n\t<meta property=\"og:image:type\" content=\"image\/jpeg\" \/>\n<meta name=\"twitter:card\" content=\"summary_large_image\" \/>\n<meta name=\"twitter:label1\" content=\"Gesch\u00e4tzte Lesezeit\" \/>\n\t<meta name=\"twitter:data1\" content=\"2\u00a0Minuten\" \/>\n<script type=\"application\/ld+json\" class=\"yoast-schema-graph\">{\"@context\":\"https:\\\/\\\/schema.org\",\"@graph\":[{\"@type\":\"WebPage\",\"@id\":\"https:\\\/\\\/sysmatec.ch\\\/de\\\/produit\\\/oxy-1-sma-und-oxy-1-sma-trace-zur-sauerstoffmessung\\\/\",\"url\":\"https:\\\/\\\/sysmatec.ch\\\/de\\\/produit\\\/oxy-1-sma-und-oxy-1-sma-trace-zur-sauerstoffmessung\\\/\",\"name\":\"OXY-1 SMA und OXY-1 SMA-Trace zur Sauerstoffmessung - Sysmatec\",\"isPartOf\":{\"@id\":\"https:\\\/\\\/sysmatec.ch\\\/de\\\/#website\"},\"primaryImageOfPage\":{\"@id\":\"https:\\\/\\\/sysmatec.ch\\\/de\\\/produit\\\/oxy-1-sma-und-oxy-1-sma-trace-zur-sauerstoffmessung\\\/#primaryimage\"},\"image\":{\"@id\":\"https:\\\/\\\/sysmatec.ch\\\/de\\\/produit\\\/oxy-1-sma-und-oxy-1-sma-trace-zur-sauerstoffmessung\\\/#primaryimage\"},\"thumbnailUrl\":\"https:\\\/\\\/sysmatec.ch\\\/wp-content\\\/uploads\\\/2019\\\/06\\\/Oxygene_PresensOXY1SMA.jpg\",\"datePublished\":\"2019-06-25T08:31:19+00:00\",\"dateModified\":\"2021-12-29T09:30:01+00:00\",\"description\":\"Ger\u00e4t zur Messung der Sauerstoffkonzentration in Gasen und Fl\u00fcssigkeiten. Es verwendet Mikrosensoren und nicht-invasive Sensoren.\",\"breadcrumb\":{\"@id\":\"https:\\\/\\\/sysmatec.ch\\\/de\\\/produit\\\/oxy-1-sma-und-oxy-1-sma-trace-zur-sauerstoffmessung\\\/#breadcrumb\"},\"inLanguage\":\"de\",\"potentialAction\":[{\"@type\":\"ReadAction\",\"target\":[\"https:\\\/\\\/sysmatec.ch\\\/de\\\/produit\\\/oxy-1-sma-und-oxy-1-sma-trace-zur-sauerstoffmessung\\\/\"]}]},{\"@type\":\"ImageObject\",\"inLanguage\":\"de\",\"@id\":\"https:\\\/\\\/sysmatec.ch\\\/de\\\/produit\\\/oxy-1-sma-und-oxy-1-sma-trace-zur-sauerstoffmessung\\\/#primaryimage\",\"url\":\"https:\\\/\\\/sysmatec.ch\\\/wp-content\\\/uploads\\\/2019\\\/06\\\/Oxygene_PresensOXY1SMA.jpg\",\"contentUrl\":\"https:\\\/\\\/sysmatec.ch\\\/wp-content\\\/uploads\\\/2019\\\/06\\\/Oxygene_PresensOXY1SMA.jpg\",\"width\":186,\"height\":186},{\"@type\":\"BreadcrumbList\",\"@id\":\"https:\\\/\\\/sysmatec.ch\\\/de\\\/produit\\\/oxy-1-sma-und-oxy-1-sma-trace-zur-sauerstoffmessung\\\/#breadcrumb\",\"itemListElement\":[{\"@type\":\"ListItem\",\"position\":1,\"name\":\"Accueil\",\"item\":\"https:\\\/\\\/sysmatec.ch\\\/de\\\/\"},{\"@type\":\"ListItem\",\"position\":2,\"name\":\"Die Aktivit\u00e4t von Sysmatec\",\"item\":\"https:\\\/\\\/sysmatec.ch\\\/de\\\/\"},{\"@type\":\"ListItem\",\"position\":3,\"name\":\"OXY-1 SMA und OXY-1 SMA-Trace zur Sauerstoffmessung\"}]},{\"@type\":\"WebSite\",\"@id\":\"https:\\\/\\\/sysmatec.ch\\\/de\\\/#website\",\"url\":\"https:\\\/\\\/sysmatec.ch\\\/de\\\/\",\"name\":\"Sysmatec\",\"description\":\"Equipement de laboratoire et logiciels\",\"publisher\":{\"@id\":\"https:\\\/\\\/sysmatec.ch\\\/de\\\/#organization\"},\"potentialAction\":[{\"@type\":\"SearchAction\",\"target\":{\"@type\":\"EntryPoint\",\"urlTemplate\":\"https:\\\/\\\/sysmatec.ch\\\/de\\\/?s={search_term_string}\"},\"query-input\":{\"@type\":\"PropertyValueSpecification\",\"valueRequired\":true,\"valueName\":\"search_term_string\"}}],\"inLanguage\":\"de\"},{\"@type\":\"Organization\",\"@id\":\"https:\\\/\\\/sysmatec.ch\\\/de\\\/#organization\",\"name\":\"Sysmatec\",\"url\":\"https:\\\/\\\/sysmatec.ch\\\/de\\\/\",\"logo\":{\"@type\":\"ImageObject\",\"inLanguage\":\"de\",\"@id\":\"https:\\\/\\\/sysmatec.ch\\\/de\\\/#\\\/schema\\\/logo\\\/image\\\/\",\"url\":\"https:\\\/\\\/sysmatec.ch\\\/wp-content\\\/uploads\\\/2018\\\/11\\\/LogoSysmatec.jpg\",\"contentUrl\":\"https:\\\/\\\/sysmatec.ch\\\/wp-content\\\/uploads\\\/2018\\\/11\\\/LogoSysmatec.jpg\",\"width\":301,\"height\":297,\"caption\":\"Sysmatec\"},\"image\":{\"@id\":\"https:\\\/\\\/sysmatec.ch\\\/de\\\/#\\\/schema\\\/logo\\\/image\\\/\"}}]}<\/script>\n<!-- \/ Yoast SEO plugin. -->","yoast_head_json":{"title":"OXY-1 SMA und OXY-1 SMA-Trace zur Sauerstoffmessung - Sysmatec","description":"Ger\u00e4t zur Messung der Sauerstoffkonzentration in Gasen und Fl\u00fcssigkeiten. Es verwendet Mikrosensoren und nicht-invasive Sensoren.","robots":{"index":"index","follow":"follow","max-snippet":"max-snippet:-1","max-image-preview":"max-image-preview:large","max-video-preview":"max-video-preview:-1"},"canonical":"https:\/\/sysmatec.ch\/de\/produit\/oxy-1-sma-und-oxy-1-sma-trace-zur-sauerstoffmessung\/","og_locale":"de_DE","og_type":"article","og_title":"OXY-1 SMA und OXY-1 SMA-Trace zur Sauerstoffmessung - Sysmatec","og_description":"Ger\u00e4t zur Messung der Sauerstoffkonzentration in Gasen und Fl\u00fcssigkeiten. Es verwendet Mikrosensoren und nicht-invasive Sensoren.","og_url":"https:\/\/sysmatec.ch\/de\/produit\/oxy-1-sma-und-oxy-1-sma-trace-zur-sauerstoffmessung\/","og_site_name":"Sysmatec","article_modified_time":"2021-12-29T09:30:01+00:00","og_image":[{"width":186,"height":186,"url":"https:\/\/sysmatec.ch\/wp-content\/uploads\/2019\/06\/Oxygene_PresensOXY1SMA.jpg","type":"image\/jpeg"}],"twitter_card":"summary_large_image","twitter_misc":{"Gesch\u00e4tzte Lesezeit":"2\u00a0Minuten"},"schema":{"@context":"https:\/\/schema.org","@graph":[{"@type":"WebPage","@id":"https:\/\/sysmatec.ch\/de\/produit\/oxy-1-sma-und-oxy-1-sma-trace-zur-sauerstoffmessung\/","url":"https:\/\/sysmatec.ch\/de\/produit\/oxy-1-sma-und-oxy-1-sma-trace-zur-sauerstoffmessung\/","name":"OXY-1 SMA und OXY-1 SMA-Trace zur Sauerstoffmessung - Sysmatec","isPartOf":{"@id":"https:\/\/sysmatec.ch\/de\/#website"},"primaryImageOfPage":{"@id":"https:\/\/sysmatec.ch\/de\/produit\/oxy-1-sma-und-oxy-1-sma-trace-zur-sauerstoffmessung\/#primaryimage"},"image":{"@id":"https:\/\/sysmatec.ch\/de\/produit\/oxy-1-sma-und-oxy-1-sma-trace-zur-sauerstoffmessung\/#primaryimage"},"thumbnailUrl":"https:\/\/sysmatec.ch\/wp-content\/uploads\/2019\/06\/Oxygene_PresensOXY1SMA.jpg","datePublished":"2019-06-25T08:31:19+00:00","dateModified":"2021-12-29T09:30:01+00:00","description":"Ger\u00e4t zur Messung der Sauerstoffkonzentration in Gasen und Fl\u00fcssigkeiten. Es verwendet Mikrosensoren und nicht-invasive Sensoren.","breadcrumb":{"@id":"https:\/\/sysmatec.ch\/de\/produit\/oxy-1-sma-und-oxy-1-sma-trace-zur-sauerstoffmessung\/#breadcrumb"},"inLanguage":"de","potentialAction":[{"@type":"ReadAction","target":["https:\/\/sysmatec.ch\/de\/produit\/oxy-1-sma-und-oxy-1-sma-trace-zur-sauerstoffmessung\/"]}]},{"@type":"ImageObject","inLanguage":"de","@id":"https:\/\/sysmatec.ch\/de\/produit\/oxy-1-sma-und-oxy-1-sma-trace-zur-sauerstoffmessung\/#primaryimage","url":"https:\/\/sysmatec.ch\/wp-content\/uploads\/2019\/06\/Oxygene_PresensOXY1SMA.jpg","contentUrl":"https:\/\/sysmatec.ch\/wp-content\/uploads\/2019\/06\/Oxygene_PresensOXY1SMA.jpg","width":186,"height":186},{"@type":"BreadcrumbList","@id":"https:\/\/sysmatec.ch\/de\/produit\/oxy-1-sma-und-oxy-1-sma-trace-zur-sauerstoffmessung\/#breadcrumb","itemListElement":[{"@type":"ListItem","position":1,"name":"Accueil","item":"https:\/\/sysmatec.ch\/de\/"},{"@type":"ListItem","position":2,"name":"Die Aktivit\u00e4t von Sysmatec","item":"https:\/\/sysmatec.ch\/de\/"},{"@type":"ListItem","position":3,"name":"OXY-1 SMA und OXY-1 SMA-Trace zur Sauerstoffmessung"}]},{"@type":"WebSite","@id":"https:\/\/sysmatec.ch\/de\/#website","url":"https:\/\/sysmatec.ch\/de\/","name":"Sysmatec","description":"Equipement de laboratoire et logiciels","publisher":{"@id":"https:\/\/sysmatec.ch\/de\/#organization"},"potentialAction":[{"@type":"SearchAction","target":{"@type":"EntryPoint","urlTemplate":"https:\/\/sysmatec.ch\/de\/?s={search_term_string}"},"query-input":{"@type":"PropertyValueSpecification","valueRequired":true,"valueName":"search_term_string"}}],"inLanguage":"de"},{"@type":"Organization","@id":"https:\/\/sysmatec.ch\/de\/#organization","name":"Sysmatec","url":"https:\/\/sysmatec.ch\/de\/","logo":{"@type":"ImageObject","inLanguage":"de","@id":"https:\/\/sysmatec.ch\/de\/#\/schema\/logo\/image\/","url":"https:\/\/sysmatec.ch\/wp-content\/uploads\/2018\/11\/LogoSysmatec.jpg","contentUrl":"https:\/\/sysmatec.ch\/wp-content\/uploads\/2018\/11\/LogoSysmatec.jpg","width":301,"height":297,"caption":"Sysmatec"},"image":{"@id":"https:\/\/sysmatec.ch\/de\/#\/schema\/logo\/image\/"}}]}},"_links":{"self":[{"href":"https:\/\/sysmatec.ch\/de\/wp-json\/wp\/v2\/product\/7434","targetHints":{"allow":["GET"]}}],"collection":[{"href":"https:\/\/sysmatec.ch\/de\/wp-json\/wp\/v2\/product"}],"about":[{"href":"https:\/\/sysmatec.ch\/de\/wp-json\/wp\/v2\/types\/product"}],"wp:featuredmedia":[{"embeddable":true,"href":"https:\/\/sysmatec.ch\/de\/wp-json\/wp\/v2\/media\/7432"}],"wp:attachment":[{"href":"https:\/\/sysmatec.ch\/de\/wp-json\/wp\/v2\/media?parent=7434"}],"wp:term":[{"taxonomy":"product_brand","embeddable":true,"href":"https:\/\/sysmatec.ch\/de\/wp-json\/wp\/v2\/product_brand?post=7434"},{"taxonomy":"product_cat","embeddable":true,"href":"https:\/\/sysmatec.ch\/de\/wp-json\/wp\/v2\/product_cat?post=7434"},{"taxonomy":"product_tag","embeddable":true,"href":"https:\/\/sysmatec.ch\/de\/wp-json\/wp\/v2\/product_tag?post=7434"}],"curies":[{"name":"wp","href":"https:\/\/api.w.org\/{rel}","templated":true}]}}