{"id":7418,"date":"2019-06-24T21:05:40","date_gmt":"2019-06-24T19:05:40","guid":{"rendered":"https:\/\/sysmatec.ch\/produit\/fibox-4-et-fibox-4-trace-pour-la-mesure-de-loxygene\/"},"modified":"2021-12-29T10:50:50","modified_gmt":"2021-12-29T09:50:50","slug":"fibox4-und-fibox-4-trace-fuer-o2-messung","status":"publish","type":"product","link":"https:\/\/sysmatec.ch\/de\/Produkt\/fibox4-und-fibox-4-trace-fuer-o2-messung\/","title":{"rendered":"Fibox4 und Fibox 4 Trace f\u00fcr O2 Messung"},"content":{"rendered":"<p>Einfache Kalibrierung via Barcode-Scan<\/p>\n<p>Kompensation von Temperatur, Druck und Salzgehalt<\/p>\n<p>Energiemanagement f\u00fcr Langzeitmessungen<\/p>\n<p>Eine optionale Software erlaubt die gleichzeitige Steuerung von mehreren Ger\u00e4ten.<\/p>\n<p>Das Fibox 4 arbeitet mit Sensortyp PSt3 (Nachweisgrenze 15 ppb gel\u00f6stem Sauerstoff , 0 &#8211; 100% Sauerstoff). Mit dem Fibox 4 k\u00f6nnen Spuren -und Ultraspurenzus\u00e4tzlich Sauerstoffkonzentrationen gemessen werden. Es ist mit Sensoren Typ PSt3, PSt6 (Nachweisgrenze 1 ppb gel\u00f6stem Sauerstoff , 0 bis 4.2 % Sauerstoff) und PSt9 (Nachweisgrenze 0.5 ppm , 0-200 ppm gasf\u00f6rmigen Sauerstoff) kompatibel.<\/p>\n<p>Die optischen Sauerstoffmessger\u00e4te sind mit dem bestehenden Portfolio PreSens Sensor kompatibel. Alle PreSens Sauerstoff-Sensoren werden mit einem Barcode geliefert. Mit dem integrierten Barcode-Leser k\u00f6nnen Sensor-Identifikation und Kalibrierung durchgef\u00fchrt werden. Die Messungen kann dann sofort gestartet werden.<\/p>\n","protected":false},"excerpt":{"rendered":"<p>O2 Messung<\/p>\n","protected":false},"featured_media":7328,"template":"","meta":{"_crdt_document":""},"product_brand":[],"product_cat":[168,180,246],"product_tag":[],"class_list":{"0":"post-7418","1":"product","2":"type-product","3":"status-publish","4":"has-post-thumbnail","6":"product_cat-datenlogger","7":"product_cat-messung","8":"product_cat-sauerstoff","10":"first","11":"instock","12":"taxable","13":"shipping-taxable","14":"product-type-simple"},"yoast_head":"<!-- This site is optimized with the Yoast SEO plugin v27.4 - https:\/\/yoast.com\/product\/yoast-seo-wordpress\/ -->\n<title>Fibox4 und Fibox 4 Trace f\u00fcr O2 Messung - Sysmatec<\/title>\n<meta name=\"description\" content=\"Ger\u00e4t zur Messung der Sauerstoffkonzentration in Gasen und Fl\u00fcssigkeiten. Es kann nicht-invasive Sensoren verwenden.\" \/>\n<meta name=\"robots\" content=\"index, follow, max-snippet:-1, max-image-preview:large, max-video-preview:-1\" \/>\n<link rel=\"canonical\" href=\"https:\/\/sysmatec.ch\/de\/produit\/fibox4-und-fibox-4-trace-fuer-o2-messung\/\" \/>\n<meta property=\"og:locale\" content=\"de_DE\" \/>\n<meta property=\"og:type\" content=\"article\" \/>\n<meta property=\"og:title\" content=\"Fibox4 und Fibox 4 Trace f\u00fcr O2 Messung - Sysmatec\" \/>\n<meta property=\"og:description\" content=\"Ger\u00e4t zur Messung der Sauerstoffkonzentration in Gasen und Fl\u00fcssigkeiten. Es kann nicht-invasive Sensoren verwenden.\" \/>\n<meta property=\"og:url\" content=\"https:\/\/sysmatec.ch\/de\/produit\/fibox4-und-fibox-4-trace-fuer-o2-messung\/\" \/>\n<meta property=\"og:site_name\" content=\"Sysmatec\" \/>\n<meta property=\"article:modified_time\" content=\"2021-12-29T09:50:50+00:00\" \/>\n<meta property=\"og:image\" content=\"https:\/\/sysmatec.ch\/wp-content\/uploads\/2019\/06\/Oxygene_PresensFibox4.jpg\" \/>\n\t<meta property=\"og:image:width\" content=\"181\" \/>\n\t<meta property=\"og:image:height\" content=\"178\" \/>\n\t<meta property=\"og:image:type\" content=\"image\/jpeg\" \/>\n<meta name=\"twitter:card\" content=\"summary_large_image\" \/>\n<meta name=\"twitter:label1\" content=\"Gesch\u00e4tzte Lesezeit\" \/>\n\t<meta name=\"twitter:data1\" content=\"1\u00a0Minute\" \/>\n<script type=\"application\/ld+json\" class=\"yoast-schema-graph\">{\"@context\":\"https:\\\/\\\/schema.org\",\"@graph\":[{\"@type\":\"WebPage\",\"@id\":\"https:\\\/\\\/sysmatec.ch\\\/de\\\/produit\\\/fibox4-und-fibox-4-trace-fuer-o2-messung\\\/\",\"url\":\"https:\\\/\\\/sysmatec.ch\\\/de\\\/produit\\\/fibox4-und-fibox-4-trace-fuer-o2-messung\\\/\",\"name\":\"Fibox4 und Fibox 4 Trace f\u00fcr O2 Messung - Sysmatec\",\"isPartOf\":{\"@id\":\"https:\\\/\\\/sysmatec.ch\\\/de\\\/#website\"},\"primaryImageOfPage\":{\"@id\":\"https:\\\/\\\/sysmatec.ch\\\/de\\\/produit\\\/fibox4-und-fibox-4-trace-fuer-o2-messung\\\/#primaryimage\"},\"image\":{\"@id\":\"https:\\\/\\\/sysmatec.ch\\\/de\\\/produit\\\/fibox4-und-fibox-4-trace-fuer-o2-messung\\\/#primaryimage\"},\"thumbnailUrl\":\"https:\\\/\\\/sysmatec.ch\\\/wp-content\\\/uploads\\\/2019\\\/06\\\/Oxygene_PresensFibox4.jpg\",\"datePublished\":\"2019-06-24T19:05:40+00:00\",\"dateModified\":\"2021-12-29T09:50:50+00:00\",\"description\":\"Ger\u00e4t zur Messung der Sauerstoffkonzentration in Gasen und Fl\u00fcssigkeiten. Es kann nicht-invasive Sensoren verwenden.\",\"breadcrumb\":{\"@id\":\"https:\\\/\\\/sysmatec.ch\\\/de\\\/produit\\\/fibox4-und-fibox-4-trace-fuer-o2-messung\\\/#breadcrumb\"},\"inLanguage\":\"de\",\"potentialAction\":[{\"@type\":\"ReadAction\",\"target\":[\"https:\\\/\\\/sysmatec.ch\\\/de\\\/produit\\\/fibox4-und-fibox-4-trace-fuer-o2-messung\\\/\"]}]},{\"@type\":\"ImageObject\",\"inLanguage\":\"de\",\"@id\":\"https:\\\/\\\/sysmatec.ch\\\/de\\\/produit\\\/fibox4-und-fibox-4-trace-fuer-o2-messung\\\/#primaryimage\",\"url\":\"https:\\\/\\\/sysmatec.ch\\\/wp-content\\\/uploads\\\/2019\\\/06\\\/Oxygene_PresensFibox4.jpg\",\"contentUrl\":\"https:\\\/\\\/sysmatec.ch\\\/wp-content\\\/uploads\\\/2019\\\/06\\\/Oxygene_PresensFibox4.jpg\",\"width\":181,\"height\":178},{\"@type\":\"BreadcrumbList\",\"@id\":\"https:\\\/\\\/sysmatec.ch\\\/de\\\/produit\\\/fibox4-und-fibox-4-trace-fuer-o2-messung\\\/#breadcrumb\",\"itemListElement\":[{\"@type\":\"ListItem\",\"position\":1,\"name\":\"Accueil\",\"item\":\"https:\\\/\\\/sysmatec.ch\\\/de\\\/\"},{\"@type\":\"ListItem\",\"position\":2,\"name\":\"Die Aktivit\u00e4t von Sysmatec\",\"item\":\"https:\\\/\\\/sysmatec.ch\\\/de\\\/\"},{\"@type\":\"ListItem\",\"position\":3,\"name\":\"Fibox4 und Fibox 4 Trace f\u00fcr O2 Messung\"}]},{\"@type\":\"WebSite\",\"@id\":\"https:\\\/\\\/sysmatec.ch\\\/de\\\/#website\",\"url\":\"https:\\\/\\\/sysmatec.ch\\\/de\\\/\",\"name\":\"Sysmatec\",\"description\":\"Equipement de laboratoire et logiciels\",\"publisher\":{\"@id\":\"https:\\\/\\\/sysmatec.ch\\\/de\\\/#organization\"},\"potentialAction\":[{\"@type\":\"SearchAction\",\"target\":{\"@type\":\"EntryPoint\",\"urlTemplate\":\"https:\\\/\\\/sysmatec.ch\\\/de\\\/?s={search_term_string}\"},\"query-input\":{\"@type\":\"PropertyValueSpecification\",\"valueRequired\":true,\"valueName\":\"search_term_string\"}}],\"inLanguage\":\"de\"},{\"@type\":\"Organization\",\"@id\":\"https:\\\/\\\/sysmatec.ch\\\/de\\\/#organization\",\"name\":\"Sysmatec\",\"url\":\"https:\\\/\\\/sysmatec.ch\\\/de\\\/\",\"logo\":{\"@type\":\"ImageObject\",\"inLanguage\":\"de\",\"@id\":\"https:\\\/\\\/sysmatec.ch\\\/de\\\/#\\\/schema\\\/logo\\\/image\\\/\",\"url\":\"https:\\\/\\\/sysmatec.ch\\\/wp-content\\\/uploads\\\/2018\\\/11\\\/LogoSysmatec.jpg\",\"contentUrl\":\"https:\\\/\\\/sysmatec.ch\\\/wp-content\\\/uploads\\\/2018\\\/11\\\/LogoSysmatec.jpg\",\"width\":301,\"height\":297,\"caption\":\"Sysmatec\"},\"image\":{\"@id\":\"https:\\\/\\\/sysmatec.ch\\\/de\\\/#\\\/schema\\\/logo\\\/image\\\/\"}}]}<\/script>\n<!-- \/ Yoast SEO plugin. -->","yoast_head_json":{"title":"Fibox4 und Fibox 4 Trace f\u00fcr O2 Messung - Sysmatec","description":"Ger\u00e4t zur Messung der Sauerstoffkonzentration in Gasen und Fl\u00fcssigkeiten. Es kann nicht-invasive Sensoren verwenden.","robots":{"index":"index","follow":"follow","max-snippet":"max-snippet:-1","max-image-preview":"max-image-preview:large","max-video-preview":"max-video-preview:-1"},"canonical":"https:\/\/sysmatec.ch\/de\/produit\/fibox4-und-fibox-4-trace-fuer-o2-messung\/","og_locale":"de_DE","og_type":"article","og_title":"Fibox4 und Fibox 4 Trace f\u00fcr O2 Messung - Sysmatec","og_description":"Ger\u00e4t zur Messung der Sauerstoffkonzentration in Gasen und Fl\u00fcssigkeiten. Es kann nicht-invasive Sensoren verwenden.","og_url":"https:\/\/sysmatec.ch\/de\/produit\/fibox4-und-fibox-4-trace-fuer-o2-messung\/","og_site_name":"Sysmatec","article_modified_time":"2021-12-29T09:50:50+00:00","og_image":[{"width":181,"height":178,"url":"https:\/\/sysmatec.ch\/wp-content\/uploads\/2019\/06\/Oxygene_PresensFibox4.jpg","type":"image\/jpeg"}],"twitter_card":"summary_large_image","twitter_misc":{"Gesch\u00e4tzte Lesezeit":"1\u00a0Minute"},"schema":{"@context":"https:\/\/schema.org","@graph":[{"@type":"WebPage","@id":"https:\/\/sysmatec.ch\/de\/produit\/fibox4-und-fibox-4-trace-fuer-o2-messung\/","url":"https:\/\/sysmatec.ch\/de\/produit\/fibox4-und-fibox-4-trace-fuer-o2-messung\/","name":"Fibox4 und Fibox 4 Trace f\u00fcr O2 Messung - Sysmatec","isPartOf":{"@id":"https:\/\/sysmatec.ch\/de\/#website"},"primaryImageOfPage":{"@id":"https:\/\/sysmatec.ch\/de\/produit\/fibox4-und-fibox-4-trace-fuer-o2-messung\/#primaryimage"},"image":{"@id":"https:\/\/sysmatec.ch\/de\/produit\/fibox4-und-fibox-4-trace-fuer-o2-messung\/#primaryimage"},"thumbnailUrl":"https:\/\/sysmatec.ch\/wp-content\/uploads\/2019\/06\/Oxygene_PresensFibox4.jpg","datePublished":"2019-06-24T19:05:40+00:00","dateModified":"2021-12-29T09:50:50+00:00","description":"Ger\u00e4t zur Messung der Sauerstoffkonzentration in Gasen und Fl\u00fcssigkeiten. Es kann nicht-invasive Sensoren verwenden.","breadcrumb":{"@id":"https:\/\/sysmatec.ch\/de\/produit\/fibox4-und-fibox-4-trace-fuer-o2-messung\/#breadcrumb"},"inLanguage":"de","potentialAction":[{"@type":"ReadAction","target":["https:\/\/sysmatec.ch\/de\/produit\/fibox4-und-fibox-4-trace-fuer-o2-messung\/"]}]},{"@type":"ImageObject","inLanguage":"de","@id":"https:\/\/sysmatec.ch\/de\/produit\/fibox4-und-fibox-4-trace-fuer-o2-messung\/#primaryimage","url":"https:\/\/sysmatec.ch\/wp-content\/uploads\/2019\/06\/Oxygene_PresensFibox4.jpg","contentUrl":"https:\/\/sysmatec.ch\/wp-content\/uploads\/2019\/06\/Oxygene_PresensFibox4.jpg","width":181,"height":178},{"@type":"BreadcrumbList","@id":"https:\/\/sysmatec.ch\/de\/produit\/fibox4-und-fibox-4-trace-fuer-o2-messung\/#breadcrumb","itemListElement":[{"@type":"ListItem","position":1,"name":"Accueil","item":"https:\/\/sysmatec.ch\/de\/"},{"@type":"ListItem","position":2,"name":"Die Aktivit\u00e4t von Sysmatec","item":"https:\/\/sysmatec.ch\/de\/"},{"@type":"ListItem","position":3,"name":"Fibox4 und Fibox 4 Trace f\u00fcr O2 Messung"}]},{"@type":"WebSite","@id":"https:\/\/sysmatec.ch\/de\/#website","url":"https:\/\/sysmatec.ch\/de\/","name":"Sysmatec","description":"Equipement de laboratoire et logiciels","publisher":{"@id":"https:\/\/sysmatec.ch\/de\/#organization"},"potentialAction":[{"@type":"SearchAction","target":{"@type":"EntryPoint","urlTemplate":"https:\/\/sysmatec.ch\/de\/?s={search_term_string}"},"query-input":{"@type":"PropertyValueSpecification","valueRequired":true,"valueName":"search_term_string"}}],"inLanguage":"de"},{"@type":"Organization","@id":"https:\/\/sysmatec.ch\/de\/#organization","name":"Sysmatec","url":"https:\/\/sysmatec.ch\/de\/","logo":{"@type":"ImageObject","inLanguage":"de","@id":"https:\/\/sysmatec.ch\/de\/#\/schema\/logo\/image\/","url":"https:\/\/sysmatec.ch\/wp-content\/uploads\/2018\/11\/LogoSysmatec.jpg","contentUrl":"https:\/\/sysmatec.ch\/wp-content\/uploads\/2018\/11\/LogoSysmatec.jpg","width":301,"height":297,"caption":"Sysmatec"},"image":{"@id":"https:\/\/sysmatec.ch\/de\/#\/schema\/logo\/image\/"}}]}},"_links":{"self":[{"href":"https:\/\/sysmatec.ch\/de\/wp-json\/wp\/v2\/product\/7418","targetHints":{"allow":["GET"]}}],"collection":[{"href":"https:\/\/sysmatec.ch\/de\/wp-json\/wp\/v2\/product"}],"about":[{"href":"https:\/\/sysmatec.ch\/de\/wp-json\/wp\/v2\/types\/product"}],"wp:featuredmedia":[{"embeddable":true,"href":"https:\/\/sysmatec.ch\/de\/wp-json\/wp\/v2\/media\/7328"}],"wp:attachment":[{"href":"https:\/\/sysmatec.ch\/de\/wp-json\/wp\/v2\/media?parent=7418"}],"wp:term":[{"taxonomy":"product_brand","embeddable":true,"href":"https:\/\/sysmatec.ch\/de\/wp-json\/wp\/v2\/product_brand?post=7418"},{"taxonomy":"product_cat","embeddable":true,"href":"https:\/\/sysmatec.ch\/de\/wp-json\/wp\/v2\/product_cat?post=7418"},{"taxonomy":"product_tag","embeddable":true,"href":"https:\/\/sysmatec.ch\/de\/wp-json\/wp\/v2\/product_tag?post=7418"}],"curies":[{"name":"wp","href":"https:\/\/api.w.org\/{rel}","templated":true}]}}