{"id":7393,"date":"2019-06-24T19:05:48","date_gmt":"2019-06-24T17:05:48","guid":{"rendered":"https:\/\/sysmatec.ch\/produit\/capteurs-non-invasifs-de-co2\/"},"modified":"2021-12-29T21:39:55","modified_gmt":"2021-12-29T20:39:55","slug":"presens-sensor-spot-nicht-invasiv-co2-sensor","status":"publish","type":"product","link":"https:\/\/sysmatec.ch\/de\/Produkt\/presens-sensor-spot-nicht-invasiv-co2-sensor\/","title":{"rendered":"PreSens Sensor-Spot, nicht invasiv CO2-Sensor"},"content":{"rendered":"<p>sie sind auf die Innenseite eines transparenten Gef\u00e4ss gebunden. Unterschiedliche Farben sind in einer Matrix enthalten. Ein Detektor misst die \u00c4nderung der Fluoreszenz des Farbstoffes in Abh\u00e4ngigkeit von der CO2-Konzentration.<\/p>\n<p>f\u00fcr die Sch\u00fcttelkolben, Rohre, Petrischalen und Taschen. CO2-Messung ohne Ber\u00fchrung.<\/p>\n<h2>CO2-Sensor Vorteile<\/h2>\n<ul>\n<li>nicht invasiv<\/li>\n<li>keine Probenahme erforderlich<\/li>\n<li>vorkalibriert<\/li>\n<li>k\u00f6nnen durch Beta-Bestrahlung sterilisiert geliefert werden<\/li>\n<\/ul>\n<h2>CO2-Sensor Spezifikationen<\/h2>\n<ul>\n<li>CO2: 0 bis 25% bei atmosph\u00e4rischem Druck, 10-250 hPa pCO2<\/li>\n<li>Antwortzeit: 3 min f\u00fcr den Wandel von 2% bis 5%<\/li>\n<li>Temperaturbereich: 15 bis 45 \u00b0 C<\/li>\n<\/ul>\n","protected":false},"excerpt":{"rendered":"<p>Sensor-Spot, nicht invasiv CO2-Sensor<\/p>\n","protected":false},"featured_media":7391,"template":"","meta":{"_crdt_document":""},"product_brand":[],"product_cat":[248,180],"product_tag":[],"class_list":{"0":"post-7393","1":"product","2":"type-product","3":"status-publish","4":"has-post-thumbnail","6":"product_cat-co2-de","7":"product_cat-messung","9":"first","10":"instock","11":"taxable","12":"shipping-taxable","13":"product-type-simple"},"yoast_head":"<!-- This site is optimized with the Yoast SEO plugin v27.4 - https:\/\/yoast.com\/product\/yoast-seo-wordpress\/ -->\n<title>PreSens Sensor-Spot, nicht invasiv CO2-Sensor - Sysmatec<\/title>\n<meta name=\"description\" content=\"Nicht-invasive CO2-Sensoren zum Aufkleben auf einen Beh\u00e4lter. Die Messung mit einem Lichtwellenleiter kann durch die Gef\u00e4\u00dfwand erfolgen.\" \/>\n<meta name=\"robots\" content=\"index, follow, max-snippet:-1, max-image-preview:large, max-video-preview:-1\" \/>\n<link rel=\"canonical\" href=\"https:\/\/sysmatec.ch\/de\/produit\/presens-sensor-spot-nicht-invasiv-co2-sensor\/\" \/>\n<meta property=\"og:locale\" content=\"de_DE\" \/>\n<meta property=\"og:type\" content=\"article\" \/>\n<meta property=\"og:title\" content=\"PreSens Sensor-Spot, nicht invasiv CO2-Sensor - Sysmatec\" \/>\n<meta property=\"og:description\" content=\"Nicht-invasive CO2-Sensoren zum Aufkleben auf einen Beh\u00e4lter. Die Messung mit einem Lichtwellenleiter kann durch die Gef\u00e4\u00dfwand erfolgen.\" \/>\n<meta property=\"og:url\" content=\"https:\/\/sysmatec.ch\/de\/produit\/presens-sensor-spot-nicht-invasiv-co2-sensor\/\" \/>\n<meta property=\"og:site_name\" content=\"Sysmatec\" \/>\n<meta property=\"article:modified_time\" content=\"2021-12-29T20:39:55+00:00\" \/>\n<meta property=\"og:image\" content=\"https:\/\/sysmatec.ch\/wp-content\/uploads\/2019\/06\/CO2_PresensSpot.jpg\" \/>\n\t<meta property=\"og:image:width\" content=\"197\" \/>\n\t<meta property=\"og:image:height\" content=\"98\" \/>\n\t<meta property=\"og:image:type\" content=\"image\/jpeg\" \/>\n<meta name=\"twitter:card\" content=\"summary_large_image\" \/>\n<meta name=\"twitter:label1\" content=\"Gesch\u00e4tzte Lesezeit\" \/>\n\t<meta name=\"twitter:data1\" content=\"1\u00a0Minute\" \/>\n<script type=\"application\/ld+json\" class=\"yoast-schema-graph\">{\"@context\":\"https:\\\/\\\/schema.org\",\"@graph\":[{\"@type\":\"WebPage\",\"@id\":\"https:\\\/\\\/sysmatec.ch\\\/de\\\/produit\\\/presens-sensor-spot-nicht-invasiv-co2-sensor\\\/\",\"url\":\"https:\\\/\\\/sysmatec.ch\\\/de\\\/produit\\\/presens-sensor-spot-nicht-invasiv-co2-sensor\\\/\",\"name\":\"PreSens Sensor-Spot, nicht invasiv CO2-Sensor - Sysmatec\",\"isPartOf\":{\"@id\":\"https:\\\/\\\/sysmatec.ch\\\/de\\\/#website\"},\"primaryImageOfPage\":{\"@id\":\"https:\\\/\\\/sysmatec.ch\\\/de\\\/produit\\\/presens-sensor-spot-nicht-invasiv-co2-sensor\\\/#primaryimage\"},\"image\":{\"@id\":\"https:\\\/\\\/sysmatec.ch\\\/de\\\/produit\\\/presens-sensor-spot-nicht-invasiv-co2-sensor\\\/#primaryimage\"},\"thumbnailUrl\":\"https:\\\/\\\/sysmatec.ch\\\/wp-content\\\/uploads\\\/2019\\\/06\\\/CO2_PresensSpot.jpg\",\"datePublished\":\"2019-06-24T17:05:48+00:00\",\"dateModified\":\"2021-12-29T20:39:55+00:00\",\"description\":\"Nicht-invasive CO2-Sensoren zum Aufkleben auf einen Beh\u00e4lter. Die Messung mit einem Lichtwellenleiter kann durch die Gef\u00e4\u00dfwand erfolgen.\",\"breadcrumb\":{\"@id\":\"https:\\\/\\\/sysmatec.ch\\\/de\\\/produit\\\/presens-sensor-spot-nicht-invasiv-co2-sensor\\\/#breadcrumb\"},\"inLanguage\":\"de\",\"potentialAction\":[{\"@type\":\"ReadAction\",\"target\":[\"https:\\\/\\\/sysmatec.ch\\\/de\\\/produit\\\/presens-sensor-spot-nicht-invasiv-co2-sensor\\\/\"]}]},{\"@type\":\"ImageObject\",\"inLanguage\":\"de\",\"@id\":\"https:\\\/\\\/sysmatec.ch\\\/de\\\/produit\\\/presens-sensor-spot-nicht-invasiv-co2-sensor\\\/#primaryimage\",\"url\":\"https:\\\/\\\/sysmatec.ch\\\/wp-content\\\/uploads\\\/2019\\\/06\\\/CO2_PresensSpot.jpg\",\"contentUrl\":\"https:\\\/\\\/sysmatec.ch\\\/wp-content\\\/uploads\\\/2019\\\/06\\\/CO2_PresensSpot.jpg\",\"width\":197,\"height\":98},{\"@type\":\"BreadcrumbList\",\"@id\":\"https:\\\/\\\/sysmatec.ch\\\/de\\\/produit\\\/presens-sensor-spot-nicht-invasiv-co2-sensor\\\/#breadcrumb\",\"itemListElement\":[{\"@type\":\"ListItem\",\"position\":1,\"name\":\"Accueil\",\"item\":\"https:\\\/\\\/sysmatec.ch\\\/de\\\/\"},{\"@type\":\"ListItem\",\"position\":2,\"name\":\"Die Aktivit\u00e4t von Sysmatec\",\"item\":\"https:\\\/\\\/sysmatec.ch\\\/de\\\/\"},{\"@type\":\"ListItem\",\"position\":3,\"name\":\"PreSens Sensor-Spot, nicht invasiv CO2-Sensor\"}]},{\"@type\":\"WebSite\",\"@id\":\"https:\\\/\\\/sysmatec.ch\\\/de\\\/#website\",\"url\":\"https:\\\/\\\/sysmatec.ch\\\/de\\\/\",\"name\":\"Sysmatec\",\"description\":\"Equipement de laboratoire et logiciels\",\"publisher\":{\"@id\":\"https:\\\/\\\/sysmatec.ch\\\/de\\\/#organization\"},\"potentialAction\":[{\"@type\":\"SearchAction\",\"target\":{\"@type\":\"EntryPoint\",\"urlTemplate\":\"https:\\\/\\\/sysmatec.ch\\\/de\\\/?s={search_term_string}\"},\"query-input\":{\"@type\":\"PropertyValueSpecification\",\"valueRequired\":true,\"valueName\":\"search_term_string\"}}],\"inLanguage\":\"de\"},{\"@type\":\"Organization\",\"@id\":\"https:\\\/\\\/sysmatec.ch\\\/de\\\/#organization\",\"name\":\"Sysmatec\",\"url\":\"https:\\\/\\\/sysmatec.ch\\\/de\\\/\",\"logo\":{\"@type\":\"ImageObject\",\"inLanguage\":\"de\",\"@id\":\"https:\\\/\\\/sysmatec.ch\\\/de\\\/#\\\/schema\\\/logo\\\/image\\\/\",\"url\":\"https:\\\/\\\/sysmatec.ch\\\/wp-content\\\/uploads\\\/2018\\\/11\\\/LogoSysmatec.jpg\",\"contentUrl\":\"https:\\\/\\\/sysmatec.ch\\\/wp-content\\\/uploads\\\/2018\\\/11\\\/LogoSysmatec.jpg\",\"width\":301,\"height\":297,\"caption\":\"Sysmatec\"},\"image\":{\"@id\":\"https:\\\/\\\/sysmatec.ch\\\/de\\\/#\\\/schema\\\/logo\\\/image\\\/\"}}]}<\/script>\n<!-- \/ Yoast SEO plugin. -->","yoast_head_json":{"title":"PreSens Sensor-Spot, nicht invasiv CO2-Sensor - Sysmatec","description":"Nicht-invasive CO2-Sensoren zum Aufkleben auf einen Beh\u00e4lter. Die Messung mit einem Lichtwellenleiter kann durch die Gef\u00e4\u00dfwand erfolgen.","robots":{"index":"index","follow":"follow","max-snippet":"max-snippet:-1","max-image-preview":"max-image-preview:large","max-video-preview":"max-video-preview:-1"},"canonical":"https:\/\/sysmatec.ch\/de\/produit\/presens-sensor-spot-nicht-invasiv-co2-sensor\/","og_locale":"de_DE","og_type":"article","og_title":"PreSens Sensor-Spot, nicht invasiv CO2-Sensor - Sysmatec","og_description":"Nicht-invasive CO2-Sensoren zum Aufkleben auf einen Beh\u00e4lter. Die Messung mit einem Lichtwellenleiter kann durch die Gef\u00e4\u00dfwand erfolgen.","og_url":"https:\/\/sysmatec.ch\/de\/produit\/presens-sensor-spot-nicht-invasiv-co2-sensor\/","og_site_name":"Sysmatec","article_modified_time":"2021-12-29T20:39:55+00:00","og_image":[{"width":197,"height":98,"url":"https:\/\/sysmatec.ch\/wp-content\/uploads\/2019\/06\/CO2_PresensSpot.jpg","type":"image\/jpeg"}],"twitter_card":"summary_large_image","twitter_misc":{"Gesch\u00e4tzte Lesezeit":"1\u00a0Minute"},"schema":{"@context":"https:\/\/schema.org","@graph":[{"@type":"WebPage","@id":"https:\/\/sysmatec.ch\/de\/produit\/presens-sensor-spot-nicht-invasiv-co2-sensor\/","url":"https:\/\/sysmatec.ch\/de\/produit\/presens-sensor-spot-nicht-invasiv-co2-sensor\/","name":"PreSens Sensor-Spot, nicht invasiv CO2-Sensor - Sysmatec","isPartOf":{"@id":"https:\/\/sysmatec.ch\/de\/#website"},"primaryImageOfPage":{"@id":"https:\/\/sysmatec.ch\/de\/produit\/presens-sensor-spot-nicht-invasiv-co2-sensor\/#primaryimage"},"image":{"@id":"https:\/\/sysmatec.ch\/de\/produit\/presens-sensor-spot-nicht-invasiv-co2-sensor\/#primaryimage"},"thumbnailUrl":"https:\/\/sysmatec.ch\/wp-content\/uploads\/2019\/06\/CO2_PresensSpot.jpg","datePublished":"2019-06-24T17:05:48+00:00","dateModified":"2021-12-29T20:39:55+00:00","description":"Nicht-invasive CO2-Sensoren zum Aufkleben auf einen Beh\u00e4lter. Die Messung mit einem Lichtwellenleiter kann durch die Gef\u00e4\u00dfwand erfolgen.","breadcrumb":{"@id":"https:\/\/sysmatec.ch\/de\/produit\/presens-sensor-spot-nicht-invasiv-co2-sensor\/#breadcrumb"},"inLanguage":"de","potentialAction":[{"@type":"ReadAction","target":["https:\/\/sysmatec.ch\/de\/produit\/presens-sensor-spot-nicht-invasiv-co2-sensor\/"]}]},{"@type":"ImageObject","inLanguage":"de","@id":"https:\/\/sysmatec.ch\/de\/produit\/presens-sensor-spot-nicht-invasiv-co2-sensor\/#primaryimage","url":"https:\/\/sysmatec.ch\/wp-content\/uploads\/2019\/06\/CO2_PresensSpot.jpg","contentUrl":"https:\/\/sysmatec.ch\/wp-content\/uploads\/2019\/06\/CO2_PresensSpot.jpg","width":197,"height":98},{"@type":"BreadcrumbList","@id":"https:\/\/sysmatec.ch\/de\/produit\/presens-sensor-spot-nicht-invasiv-co2-sensor\/#breadcrumb","itemListElement":[{"@type":"ListItem","position":1,"name":"Accueil","item":"https:\/\/sysmatec.ch\/de\/"},{"@type":"ListItem","position":2,"name":"Die Aktivit\u00e4t von Sysmatec","item":"https:\/\/sysmatec.ch\/de\/"},{"@type":"ListItem","position":3,"name":"PreSens Sensor-Spot, nicht invasiv CO2-Sensor"}]},{"@type":"WebSite","@id":"https:\/\/sysmatec.ch\/de\/#website","url":"https:\/\/sysmatec.ch\/de\/","name":"Sysmatec","description":"Equipement de laboratoire et logiciels","publisher":{"@id":"https:\/\/sysmatec.ch\/de\/#organization"},"potentialAction":[{"@type":"SearchAction","target":{"@type":"EntryPoint","urlTemplate":"https:\/\/sysmatec.ch\/de\/?s={search_term_string}"},"query-input":{"@type":"PropertyValueSpecification","valueRequired":true,"valueName":"search_term_string"}}],"inLanguage":"de"},{"@type":"Organization","@id":"https:\/\/sysmatec.ch\/de\/#organization","name":"Sysmatec","url":"https:\/\/sysmatec.ch\/de\/","logo":{"@type":"ImageObject","inLanguage":"de","@id":"https:\/\/sysmatec.ch\/de\/#\/schema\/logo\/image\/","url":"https:\/\/sysmatec.ch\/wp-content\/uploads\/2018\/11\/LogoSysmatec.jpg","contentUrl":"https:\/\/sysmatec.ch\/wp-content\/uploads\/2018\/11\/LogoSysmatec.jpg","width":301,"height":297,"caption":"Sysmatec"},"image":{"@id":"https:\/\/sysmatec.ch\/de\/#\/schema\/logo\/image\/"}}]}},"_links":{"self":[{"href":"https:\/\/sysmatec.ch\/de\/wp-json\/wp\/v2\/product\/7393","targetHints":{"allow":["GET"]}}],"collection":[{"href":"https:\/\/sysmatec.ch\/de\/wp-json\/wp\/v2\/product"}],"about":[{"href":"https:\/\/sysmatec.ch\/de\/wp-json\/wp\/v2\/types\/product"}],"wp:featuredmedia":[{"embeddable":true,"href":"https:\/\/sysmatec.ch\/de\/wp-json\/wp\/v2\/media\/7391"}],"wp:attachment":[{"href":"https:\/\/sysmatec.ch\/de\/wp-json\/wp\/v2\/media?parent=7393"}],"wp:term":[{"taxonomy":"product_brand","embeddable":true,"href":"https:\/\/sysmatec.ch\/de\/wp-json\/wp\/v2\/product_brand?post=7393"},{"taxonomy":"product_cat","embeddable":true,"href":"https:\/\/sysmatec.ch\/de\/wp-json\/wp\/v2\/product_cat?post=7393"},{"taxonomy":"product_tag","embeddable":true,"href":"https:\/\/sysmatec.ch\/de\/wp-json\/wp\/v2\/product_tag?post=7393"}],"curies":[{"name":"wp","href":"https:\/\/api.w.org\/{rel}","templated":true}]}}