{"id":7373,"date":"2019-06-24T18:24:24","date_gmt":"2019-06-24T16:24:24","guid":{"rendered":"https:\/\/sysmatec.ch\/produit\/systeme-de-mesure-de-loxygene-sdr-oxodish\/"},"modified":"2021-12-29T22:01:02","modified_gmt":"2021-12-29T21:01:02","slug":"sauerstoffmessung-mit-oxodish-sdr","status":"publish","type":"product","link":"https:\/\/sysmatec.ch\/de\/Produkt\/sauerstoffmessung-mit-oxodish-sdr\/","title":{"rendered":"Sauerstoffmessung mit OxoDish \/SDR"},"content":{"rendered":"<p>erkennt O2 in Multidishes ohne Kontakt. Die Mikroplatte enthalten einen Sensor in jedem Loch auf dem Boden. Sie werden durch den transparenten Boden gelesen. Sie sind erh\u00e4ltlich in den 24-well und 6-well Format. Das System kann in Inkubatore und auf Sch\u00fctler eingebaut werden und ist so ideal f\u00fcr Zellkultur.<\/p>\n<p>Der SDR-Reader kann auch mit Deep Well OxoDishes und Glasfl\u00e4schchen (5 ml) verwendet werden.<\/p>\n<p>Die Deep Well OxoDishes eignen sich f\u00fcr gesch\u00fcttelt Kulturen (Bakterium, Hefe, Suspensionszellen, etc.). Daf\u00fcr gibt es einen spezielle Adapter.<\/p>\n<p><img loading=\"lazy\" decoding=\"async\" src=\"https:\/\/sysmatec.ch\/Images\/PresensVial1.jpg\" width=\"187\" height=\"141\" border=\"0\" \/><\/p>\n","protected":false},"excerpt":{"rendered":"<p>OxoDish \/SDR<\/p>\n","protected":false},"featured_media":7368,"template":"","meta":{"_crdt_document":""},"product_brand":[],"product_cat":[180,246],"product_tag":[],"class_list":{"0":"post-7373","1":"product","2":"type-product","3":"status-publish","4":"has-post-thumbnail","6":"product_cat-messung","7":"product_cat-sauerstoff","9":"first","10":"instock","11":"taxable","12":"shipping-taxable","13":"product-type-simple"},"yoast_head":"<!-- This site is optimized with the Yoast SEO plugin v27.3 - https:\/\/yoast.com\/product\/yoast-seo-wordpress\/ -->\n<title>Sauerstoffmessung mit OxoDish \/SDR - Sysmatec<\/title>\n<meta name=\"description\" content=\"System zur nicht-invasiven Messung von Sauerstoff in Mikrotiterplatten. Das Lesen erfolgt \u00fcber den Hintergrund.\" \/>\n<meta name=\"robots\" content=\"index, follow, max-snippet:-1, max-image-preview:large, max-video-preview:-1\" \/>\n<link rel=\"canonical\" href=\"https:\/\/sysmatec.ch\/de\/produit\/sauerstoffmessung-mit-oxodish-sdr\/\" \/>\n<meta property=\"og:locale\" content=\"de_DE\" \/>\n<meta property=\"og:type\" content=\"article\" \/>\n<meta property=\"og:title\" content=\"Sauerstoffmessung mit OxoDish \/SDR - Sysmatec\" \/>\n<meta property=\"og:description\" content=\"System zur nicht-invasiven Messung von Sauerstoff in Mikrotiterplatten. Das Lesen erfolgt \u00fcber den Hintergrund.\" \/>\n<meta property=\"og:url\" content=\"https:\/\/sysmatec.ch\/de\/produit\/sauerstoffmessung-mit-oxodish-sdr\/\" \/>\n<meta property=\"og:site_name\" content=\"Sysmatec\" \/>\n<meta property=\"article:modified_time\" content=\"2021-12-29T21:01:02+00:00\" \/>\n<meta property=\"og:image\" content=\"https:\/\/sysmatec.ch\/wp-content\/uploads\/2019\/06\/Oxygene_PresensHydroDish.jpg\" \/>\n\t<meta property=\"og:image:width\" content=\"189\" \/>\n\t<meta property=\"og:image:height\" content=\"100\" \/>\n\t<meta property=\"og:image:type\" content=\"image\/jpeg\" \/>\n<meta name=\"twitter:card\" content=\"summary_large_image\" \/>\n<script type=\"application\/ld+json\" class=\"yoast-schema-graph\">{\"@context\":\"https:\\\/\\\/schema.org\",\"@graph\":[{\"@type\":\"WebPage\",\"@id\":\"https:\\\/\\\/sysmatec.ch\\\/de\\\/produit\\\/sauerstoffmessung-mit-oxodish-sdr\\\/\",\"url\":\"https:\\\/\\\/sysmatec.ch\\\/de\\\/produit\\\/sauerstoffmessung-mit-oxodish-sdr\\\/\",\"name\":\"Sauerstoffmessung mit OxoDish \\\/SDR - Sysmatec\",\"isPartOf\":{\"@id\":\"https:\\\/\\\/sysmatec.ch\\\/de\\\/#website\"},\"primaryImageOfPage\":{\"@id\":\"https:\\\/\\\/sysmatec.ch\\\/de\\\/produit\\\/sauerstoffmessung-mit-oxodish-sdr\\\/#primaryimage\"},\"image\":{\"@id\":\"https:\\\/\\\/sysmatec.ch\\\/de\\\/produit\\\/sauerstoffmessung-mit-oxodish-sdr\\\/#primaryimage\"},\"thumbnailUrl\":\"https:\\\/\\\/sysmatec.ch\\\/wp-content\\\/uploads\\\/2019\\\/06\\\/Oxygene_PresensHydroDish.jpg\",\"datePublished\":\"2019-06-24T16:24:24+00:00\",\"dateModified\":\"2021-12-29T21:01:02+00:00\",\"description\":\"System zur nicht-invasiven Messung von Sauerstoff in Mikrotiterplatten. Das Lesen erfolgt \u00fcber den Hintergrund.\",\"breadcrumb\":{\"@id\":\"https:\\\/\\\/sysmatec.ch\\\/de\\\/produit\\\/sauerstoffmessung-mit-oxodish-sdr\\\/#breadcrumb\"},\"inLanguage\":\"de\",\"potentialAction\":[{\"@type\":\"ReadAction\",\"target\":[\"https:\\\/\\\/sysmatec.ch\\\/de\\\/produit\\\/sauerstoffmessung-mit-oxodish-sdr\\\/\"]}]},{\"@type\":\"ImageObject\",\"inLanguage\":\"de\",\"@id\":\"https:\\\/\\\/sysmatec.ch\\\/de\\\/produit\\\/sauerstoffmessung-mit-oxodish-sdr\\\/#primaryimage\",\"url\":\"https:\\\/\\\/sysmatec.ch\\\/wp-content\\\/uploads\\\/2019\\\/06\\\/Oxygene_PresensHydroDish.jpg\",\"contentUrl\":\"https:\\\/\\\/sysmatec.ch\\\/wp-content\\\/uploads\\\/2019\\\/06\\\/Oxygene_PresensHydroDish.jpg\",\"width\":189,\"height\":100},{\"@type\":\"BreadcrumbList\",\"@id\":\"https:\\\/\\\/sysmatec.ch\\\/de\\\/produit\\\/sauerstoffmessung-mit-oxodish-sdr\\\/#breadcrumb\",\"itemListElement\":[{\"@type\":\"ListItem\",\"position\":1,\"name\":\"Accueil\",\"item\":\"https:\\\/\\\/sysmatec.ch\\\/de\\\/\"},{\"@type\":\"ListItem\",\"position\":2,\"name\":\"Die Aktivit\u00e4t von Sysmatec\",\"item\":\"https:\\\/\\\/sysmatec.ch\\\/de\\\/\"},{\"@type\":\"ListItem\",\"position\":3,\"name\":\"Sauerstoffmessung mit OxoDish \\\/SDR\"}]},{\"@type\":\"WebSite\",\"@id\":\"https:\\\/\\\/sysmatec.ch\\\/de\\\/#website\",\"url\":\"https:\\\/\\\/sysmatec.ch\\\/de\\\/\",\"name\":\"Sysmatec\",\"description\":\"Equipement de laboratoire et logiciels\",\"publisher\":{\"@id\":\"https:\\\/\\\/sysmatec.ch\\\/de\\\/#organization\"},\"potentialAction\":[{\"@type\":\"SearchAction\",\"target\":{\"@type\":\"EntryPoint\",\"urlTemplate\":\"https:\\\/\\\/sysmatec.ch\\\/de\\\/?s={search_term_string}\"},\"query-input\":{\"@type\":\"PropertyValueSpecification\",\"valueRequired\":true,\"valueName\":\"search_term_string\"}}],\"inLanguage\":\"de\"},{\"@type\":\"Organization\",\"@id\":\"https:\\\/\\\/sysmatec.ch\\\/de\\\/#organization\",\"name\":\"Sysmatec\",\"url\":\"https:\\\/\\\/sysmatec.ch\\\/de\\\/\",\"logo\":{\"@type\":\"ImageObject\",\"inLanguage\":\"de\",\"@id\":\"https:\\\/\\\/sysmatec.ch\\\/de\\\/#\\\/schema\\\/logo\\\/image\\\/\",\"url\":\"https:\\\/\\\/sysmatec.ch\\\/wp-content\\\/uploads\\\/2018\\\/11\\\/LogoSysmatec.jpg\",\"contentUrl\":\"https:\\\/\\\/sysmatec.ch\\\/wp-content\\\/uploads\\\/2018\\\/11\\\/LogoSysmatec.jpg\",\"width\":301,\"height\":297,\"caption\":\"Sysmatec\"},\"image\":{\"@id\":\"https:\\\/\\\/sysmatec.ch\\\/de\\\/#\\\/schema\\\/logo\\\/image\\\/\"}}]}<\/script>\n<!-- \/ Yoast SEO plugin. -->","yoast_head_json":{"title":"Sauerstoffmessung mit OxoDish \/SDR - Sysmatec","description":"System zur nicht-invasiven Messung von Sauerstoff in Mikrotiterplatten. Das Lesen erfolgt \u00fcber den Hintergrund.","robots":{"index":"index","follow":"follow","max-snippet":"max-snippet:-1","max-image-preview":"max-image-preview:large","max-video-preview":"max-video-preview:-1"},"canonical":"https:\/\/sysmatec.ch\/de\/produit\/sauerstoffmessung-mit-oxodish-sdr\/","og_locale":"de_DE","og_type":"article","og_title":"Sauerstoffmessung mit OxoDish \/SDR - Sysmatec","og_description":"System zur nicht-invasiven Messung von Sauerstoff in Mikrotiterplatten. Das Lesen erfolgt \u00fcber den Hintergrund.","og_url":"https:\/\/sysmatec.ch\/de\/produit\/sauerstoffmessung-mit-oxodish-sdr\/","og_site_name":"Sysmatec","article_modified_time":"2021-12-29T21:01:02+00:00","og_image":[{"width":189,"height":100,"url":"https:\/\/sysmatec.ch\/wp-content\/uploads\/2019\/06\/Oxygene_PresensHydroDish.jpg","type":"image\/jpeg"}],"twitter_card":"summary_large_image","schema":{"@context":"https:\/\/schema.org","@graph":[{"@type":"WebPage","@id":"https:\/\/sysmatec.ch\/de\/produit\/sauerstoffmessung-mit-oxodish-sdr\/","url":"https:\/\/sysmatec.ch\/de\/produit\/sauerstoffmessung-mit-oxodish-sdr\/","name":"Sauerstoffmessung mit OxoDish \/SDR - Sysmatec","isPartOf":{"@id":"https:\/\/sysmatec.ch\/de\/#website"},"primaryImageOfPage":{"@id":"https:\/\/sysmatec.ch\/de\/produit\/sauerstoffmessung-mit-oxodish-sdr\/#primaryimage"},"image":{"@id":"https:\/\/sysmatec.ch\/de\/produit\/sauerstoffmessung-mit-oxodish-sdr\/#primaryimage"},"thumbnailUrl":"https:\/\/sysmatec.ch\/wp-content\/uploads\/2019\/06\/Oxygene_PresensHydroDish.jpg","datePublished":"2019-06-24T16:24:24+00:00","dateModified":"2021-12-29T21:01:02+00:00","description":"System zur nicht-invasiven Messung von Sauerstoff in Mikrotiterplatten. Das Lesen erfolgt \u00fcber den Hintergrund.","breadcrumb":{"@id":"https:\/\/sysmatec.ch\/de\/produit\/sauerstoffmessung-mit-oxodish-sdr\/#breadcrumb"},"inLanguage":"de","potentialAction":[{"@type":"ReadAction","target":["https:\/\/sysmatec.ch\/de\/produit\/sauerstoffmessung-mit-oxodish-sdr\/"]}]},{"@type":"ImageObject","inLanguage":"de","@id":"https:\/\/sysmatec.ch\/de\/produit\/sauerstoffmessung-mit-oxodish-sdr\/#primaryimage","url":"https:\/\/sysmatec.ch\/wp-content\/uploads\/2019\/06\/Oxygene_PresensHydroDish.jpg","contentUrl":"https:\/\/sysmatec.ch\/wp-content\/uploads\/2019\/06\/Oxygene_PresensHydroDish.jpg","width":189,"height":100},{"@type":"BreadcrumbList","@id":"https:\/\/sysmatec.ch\/de\/produit\/sauerstoffmessung-mit-oxodish-sdr\/#breadcrumb","itemListElement":[{"@type":"ListItem","position":1,"name":"Accueil","item":"https:\/\/sysmatec.ch\/de\/"},{"@type":"ListItem","position":2,"name":"Die Aktivit\u00e4t von Sysmatec","item":"https:\/\/sysmatec.ch\/de\/"},{"@type":"ListItem","position":3,"name":"Sauerstoffmessung mit OxoDish \/SDR"}]},{"@type":"WebSite","@id":"https:\/\/sysmatec.ch\/de\/#website","url":"https:\/\/sysmatec.ch\/de\/","name":"Sysmatec","description":"Equipement de laboratoire et logiciels","publisher":{"@id":"https:\/\/sysmatec.ch\/de\/#organization"},"potentialAction":[{"@type":"SearchAction","target":{"@type":"EntryPoint","urlTemplate":"https:\/\/sysmatec.ch\/de\/?s={search_term_string}"},"query-input":{"@type":"PropertyValueSpecification","valueRequired":true,"valueName":"search_term_string"}}],"inLanguage":"de"},{"@type":"Organization","@id":"https:\/\/sysmatec.ch\/de\/#organization","name":"Sysmatec","url":"https:\/\/sysmatec.ch\/de\/","logo":{"@type":"ImageObject","inLanguage":"de","@id":"https:\/\/sysmatec.ch\/de\/#\/schema\/logo\/image\/","url":"https:\/\/sysmatec.ch\/wp-content\/uploads\/2018\/11\/LogoSysmatec.jpg","contentUrl":"https:\/\/sysmatec.ch\/wp-content\/uploads\/2018\/11\/LogoSysmatec.jpg","width":301,"height":297,"caption":"Sysmatec"},"image":{"@id":"https:\/\/sysmatec.ch\/de\/#\/schema\/logo\/image\/"}}]}},"_links":{"self":[{"href":"https:\/\/sysmatec.ch\/de\/wp-json\/wp\/v2\/product\/7373","targetHints":{"allow":["GET"]}}],"collection":[{"href":"https:\/\/sysmatec.ch\/de\/wp-json\/wp\/v2\/product"}],"about":[{"href":"https:\/\/sysmatec.ch\/de\/wp-json\/wp\/v2\/types\/product"}],"wp:featuredmedia":[{"embeddable":true,"href":"https:\/\/sysmatec.ch\/de\/wp-json\/wp\/v2\/media\/7368"}],"wp:attachment":[{"href":"https:\/\/sysmatec.ch\/de\/wp-json\/wp\/v2\/media?parent=7373"}],"wp:term":[{"taxonomy":"product_brand","embeddable":true,"href":"https:\/\/sysmatec.ch\/de\/wp-json\/wp\/v2\/product_brand?post=7373"},{"taxonomy":"product_cat","embeddable":true,"href":"https:\/\/sysmatec.ch\/de\/wp-json\/wp\/v2\/product_cat?post=7373"},{"taxonomy":"product_tag","embeddable":true,"href":"https:\/\/sysmatec.ch\/de\/wp-json\/wp\/v2\/product_tag?post=7373"}],"curies":[{"name":"wp","href":"https:\/\/api.w.org\/{rel}","templated":true}]}}