{"id":7364,"date":"2019-06-24T17:39:44","date_gmt":"2019-06-24T15:39:44","guid":{"rendered":"https:\/\/sysmatec.ch\/produit\/sonde-oxygene-oxypro-avec-sortie-4-20-ma\/"},"modified":"2021-12-30T09:29:43","modified_gmt":"2021-12-30T08:29:43","slug":"sauerstoff-oxypro-sonde-mit-4-20-ma-ausgang","status":"publish","type":"product","link":"https:\/\/sysmatec.ch\/de\/Produkt\/sauerstoff-oxypro-sonde-mit-4-20-ma-ausgang\/","title":{"rendered":"Sauerstoff OXYPro\u00ae Sonde mit 4-20 mA Ausgang"},"content":{"rendered":"<p>Diese Sonden kombinieren einen optischen Sensor (Typ PSt7, PSt8, PSt6, PSt9) und ein elektrooptisches Modul in derselben Sonde. Die Sensoren haben einen maximalen Messbereich von 0 &#8211; 20.9% O2, 0-100% O2, 0-10% O2 oder 0-200 ppm% O2. Die Sensoren sind in einer abnehmbaren Kappe (OEC) integriert, die einfach ausgetauscht werden kann. OXYPro\u00ae eignet sich ideal f\u00fcr Anwendungen in der Lebensmittel- und Getr\u00e4nkeindustrie, z. B. f\u00fcr die Herstellung von Softdrinks oder Wein. Sie sind auch gut f\u00fcr einige aggressive Umgebungen geeignet. Manche von ihnen haben eine besondere geometrische Form, um die Bildung von Blasen auf der Me\u00dfoberfl\u00e4che zu vermeiden. Die OXYPro\u00ae sind direkt mit der Steuereinheit verbunden und verf\u00fcgen \u00fcber ein Standardgewinde PG 13.5 aus Edelstahl f\u00fcr die einfache Integration in die Messstelle. Sie verf\u00fcgen au\u00dferdem \u00fcber eine RS485-Schnittstelle (OXYPro\u00ae _R = PreSens Propriet\u00e4r) oder Modbus RTU (OXYPro\u00ae _RM) und haben einen Analogausgang von 4 bis 20 mA. Ein serielles Kommunikationsprotokoll wird f\u00fcr den Austausch von Daten zwischen dem OXYPro\u00ae und einem PC oder einer anderen Host-Einheit angeboten. F\u00fcr die Inbetriebnahme und Einstellung des 4-20 mA-Ausgangs kann die PreSens EOM-STS-Software verwendet werden.<\/p>\n<table border=\"1\" width=\"673\" cellspacing=\"2\" cellpadding=\"0\">\n<tbody>\n<tr>\n<td><\/td>\n<td>Gas oder gel\u00f6ste O2<\/td>\n<td>Gel\u00f6ste O2<\/td>\n<\/tr>\n<tr>\n<td>Messbereich<\/td>\n<td>MR und MRM: 0 &#8211; 20.9 % Vol. O2, 0 &#8211; 200 hPaVR und VRM: 0 &#8211; 100 % Vol. O2, 0 &#8211; 500 hPa<\/p>\n<p>TR und TRM: 0 &#8211; 10 % O2 Vol., 0 &#8211; 100 hPa<\/p>\n<p>UTR und TRM: 0 &#8211; 200 ppm Vol. O2<\/td>\n<td>MR und MRM: 0 &#8211; 9 mg\/LVR und VRM: 0 &#8211; 45 mg\/L<\/p>\n<p>TR und TRM: 0 &#8211; 4.5 mg\/L<\/p>\n<p>UTR und TRM: 0 &#8211; 200 ppm Vol. O2<\/td>\n<\/tr>\n<tr>\n<td>Detektionsgrenze<\/td>\n<td>MR und MRM: 0.007 % O2, 0.07 hPaVR und VRM: 0.03 % O2, 0.3 hPa<\/p>\n<p>TR und TRM: 0.001 % O2, 0.01 hPa<\/p>\n<p>UTR und UTRM: 0.5 ppm Vol O2<\/td>\n<td>MR und MRM : 3 ppbMR und MRM : 0.015 mg\/L, 20 ppb<\/p>\n<p>TR und TRM:0.5 ppb<\/p>\n<p>UTR und UTRM: 0.5 ppm Vol O2<\/td>\n<\/tr>\n<tr>\n<td>Aufl\u00f6sung<\/td>\n<td>MR und MRM: 0.007 % O2 bei 2.3 % O2VR und VRM: 0.1 % O2 bei 20.9 % O2<\/p>\n<p>TR und TRM: 0.001 % O2 bei 0.2 % O2<\/p>\n<p>UTR und TRM: 1.5 ppm Vol. O2 bei 200 ppm Vol<\/td>\n<td>MR und MRM: 3 ppb bei 1000 ppbMR und MRM: 0.04 mg\/L bei 9 mg\/L<\/p>\n<p>TR und TRM: 0.4 ppb bei 20 ppb<\/p>\n<p>UTR und TRM: 1.5 ppm Vol. O2 bei 200 ppm Vol<\/td>\n<\/tr>\n<tr>\n<td>Antwortzeit (t90)<\/td>\n<td>&lt; 10 sec.<\/td>\n<td>&lt; 30-40 sec.<\/td>\n<\/tr>\n<tr>\n<td>Kompatibilit\u00e4t<\/td>\n<td colspan=\"2\">W\u00e4ssrige L\u00f6sungen, Ethanol, Methanol, ClO2-haltige Reinigungsmittel bei Raumtemperatur<\/td>\n<\/tr>\n<tr>\n<td>Keine Querempfindlichkeit gegen\u00fcber<\/td>\n<td colspan=\"2\">pH 1 &#8211; 14, CO2, H2S, SO2, Ionen<\/td>\n<\/tr>\n<tr>\n<td>Querempfindlichkeit gegen\u00fcber<\/td>\n<td colspan=\"2\">Organische L\u00f6sungsmittel wie Aceton, Toluol, Chloroform oder Methylenchlorid, Chlorgas<\/td>\n<\/tr>\n<tr>\n<td>Sterilisation<\/td>\n<td colspan=\"2\">Dampfsterilisation (max. + 140 \u00b0 C, 1,5 atm)<\/td>\n<\/tr>\n<tr>\n<td>Betriebstemperaturbereich<\/td>\n<td colspan=\"2\">Optimal: 0 \u00b0C bis + 50 \u00b0C, Max.: &#8211; 40 \u00b0C bis+ 90 \u00b0C<\/td>\n<\/tr>\n<tr>\n<td>Temperatursensor<\/td>\n<td colspan=\"2\">NTC<\/td>\n<\/tr>\n<tr>\n<td>Temperatugenauigkeit<\/td>\n<td colspan=\"2\">&lt;1 \u00b0C<\/td>\n<\/tr>\n<tr>\n<td>Stromspeisung<\/td>\n<td colspan=\"2\">7 &#8211; 30 V<\/td>\n<\/tr>\n<tr>\n<td>Verbrauch<\/td>\n<td colspan=\"2\">1 W<\/td>\n<\/tr>\n<tr>\n<td>Masse<\/td>\n<td colspan=\"2\">Max. Eintauchtiefe: 120 mm \/ 225 mm \/ 325 mm \/ 425 mm + 7 mm mit OEC30, PG 13,5 Gewinde und VP8 Stecker: 55 mm, Durchmesser: 12 mm<\/td>\n<\/tr>\n<tr>\n<td>Analoger Ausgang<\/td>\n<td>4 &#8211; 20 mA<\/td>\n<\/tr>\n<\/tbody>\n<\/table>\n","protected":false},"excerpt":{"rendered":"<p>Sauerstoff Sonde mit 4-20 mA Ausgang<\/p>\n","protected":false},"featured_media":7354,"template":"","meta":{"_crdt_document":""},"product_brand":[],"product_cat":[180,246],"product_tag":[],"class_list":{"0":"post-7364","1":"product","2":"type-product","3":"status-publish","4":"has-post-thumbnail","6":"product_cat-messung","7":"product_cat-sauerstoff","9":"first","10":"instock","11":"taxable","12":"shipping-taxable","13":"product-type-simple"},"yoast_head":"<!-- This site is optimized with the Yoast SEO plugin v27.3 - https:\/\/yoast.com\/product\/yoast-seo-wordpress\/ -->\n<title>Sauerstoff OXYPro\u00ae Sonde mit 4-20 mA Ausgang - Sysmatec<\/title>\n<meta name=\"description\" content=\"Sauerstoffmesssonde bestehend aus einem optischen Sensor und einem elektrooptischen Modul. Es hat einen 4-20 mA Ausgang.\" \/>\n<meta name=\"robots\" content=\"index, follow, max-snippet:-1, max-image-preview:large, max-video-preview:-1\" \/>\n<link rel=\"canonical\" href=\"https:\/\/sysmatec.ch\/de\/produit\/sauerstoff-oxypro-sonde-mit-4-20-ma-ausgang\/\" \/>\n<meta property=\"og:locale\" content=\"de_DE\" \/>\n<meta property=\"og:type\" content=\"article\" \/>\n<meta property=\"og:title\" content=\"Sauerstoff OXYPro\u00ae Sonde mit 4-20 mA Ausgang - Sysmatec\" \/>\n<meta property=\"og:description\" content=\"Sauerstoffmesssonde bestehend aus einem optischen Sensor und einem elektrooptischen Modul. Es hat einen 4-20 mA Ausgang.\" \/>\n<meta property=\"og:url\" content=\"https:\/\/sysmatec.ch\/de\/produit\/sauerstoff-oxypro-sonde-mit-4-20-ma-ausgang\/\" \/>\n<meta property=\"og:site_name\" content=\"Sysmatec\" \/>\n<meta property=\"article:modified_time\" content=\"2021-12-30T08:29:43+00:00\" \/>\n<meta property=\"og:image\" content=\"https:\/\/sysmatec.ch\/wp-content\/uploads\/2019\/06\/Oxygene_PresensOXYPRO.jpg\" \/>\n\t<meta property=\"og:image:width\" content=\"192\" \/>\n\t<meta property=\"og:image:height\" content=\"191\" \/>\n\t<meta property=\"og:image:type\" content=\"image\/jpeg\" \/>\n<meta name=\"twitter:card\" content=\"summary_large_image\" \/>\n<meta name=\"twitter:label1\" content=\"Gesch\u00e4tzte Lesezeit\" \/>\n\t<meta name=\"twitter:data1\" content=\"2\u00a0Minuten\" \/>\n<script type=\"application\/ld+json\" class=\"yoast-schema-graph\">{\"@context\":\"https:\\\/\\\/schema.org\",\"@graph\":[{\"@type\":\"WebPage\",\"@id\":\"https:\\\/\\\/sysmatec.ch\\\/de\\\/produit\\\/sauerstoff-oxypro-sonde-mit-4-20-ma-ausgang\\\/\",\"url\":\"https:\\\/\\\/sysmatec.ch\\\/de\\\/produit\\\/sauerstoff-oxypro-sonde-mit-4-20-ma-ausgang\\\/\",\"name\":\"Sauerstoff OXYPro\u00ae Sonde mit 4-20 mA Ausgang - Sysmatec\",\"isPartOf\":{\"@id\":\"https:\\\/\\\/sysmatec.ch\\\/de\\\/#website\"},\"primaryImageOfPage\":{\"@id\":\"https:\\\/\\\/sysmatec.ch\\\/de\\\/produit\\\/sauerstoff-oxypro-sonde-mit-4-20-ma-ausgang\\\/#primaryimage\"},\"image\":{\"@id\":\"https:\\\/\\\/sysmatec.ch\\\/de\\\/produit\\\/sauerstoff-oxypro-sonde-mit-4-20-ma-ausgang\\\/#primaryimage\"},\"thumbnailUrl\":\"https:\\\/\\\/sysmatec.ch\\\/wp-content\\\/uploads\\\/2019\\\/06\\\/Oxygene_PresensOXYPRO.jpg\",\"datePublished\":\"2019-06-24T15:39:44+00:00\",\"dateModified\":\"2021-12-30T08:29:43+00:00\",\"description\":\"Sauerstoffmesssonde bestehend aus einem optischen Sensor und einem elektrooptischen Modul. Es hat einen 4-20 mA Ausgang.\",\"breadcrumb\":{\"@id\":\"https:\\\/\\\/sysmatec.ch\\\/de\\\/produit\\\/sauerstoff-oxypro-sonde-mit-4-20-ma-ausgang\\\/#breadcrumb\"},\"inLanguage\":\"de\",\"potentialAction\":[{\"@type\":\"ReadAction\",\"target\":[\"https:\\\/\\\/sysmatec.ch\\\/de\\\/produit\\\/sauerstoff-oxypro-sonde-mit-4-20-ma-ausgang\\\/\"]}]},{\"@type\":\"ImageObject\",\"inLanguage\":\"de\",\"@id\":\"https:\\\/\\\/sysmatec.ch\\\/de\\\/produit\\\/sauerstoff-oxypro-sonde-mit-4-20-ma-ausgang\\\/#primaryimage\",\"url\":\"https:\\\/\\\/sysmatec.ch\\\/wp-content\\\/uploads\\\/2019\\\/06\\\/Oxygene_PresensOXYPRO.jpg\",\"contentUrl\":\"https:\\\/\\\/sysmatec.ch\\\/wp-content\\\/uploads\\\/2019\\\/06\\\/Oxygene_PresensOXYPRO.jpg\",\"width\":192,\"height\":191},{\"@type\":\"BreadcrumbList\",\"@id\":\"https:\\\/\\\/sysmatec.ch\\\/de\\\/produit\\\/sauerstoff-oxypro-sonde-mit-4-20-ma-ausgang\\\/#breadcrumb\",\"itemListElement\":[{\"@type\":\"ListItem\",\"position\":1,\"name\":\"Accueil\",\"item\":\"https:\\\/\\\/sysmatec.ch\\\/de\\\/\"},{\"@type\":\"ListItem\",\"position\":2,\"name\":\"Die Aktivit\u00e4t von Sysmatec\",\"item\":\"https:\\\/\\\/sysmatec.ch\\\/de\\\/\"},{\"@type\":\"ListItem\",\"position\":3,\"name\":\"Sauerstoff OXYPro\u00ae Sonde mit 4-20 mA Ausgang\"}]},{\"@type\":\"WebSite\",\"@id\":\"https:\\\/\\\/sysmatec.ch\\\/de\\\/#website\",\"url\":\"https:\\\/\\\/sysmatec.ch\\\/de\\\/\",\"name\":\"Sysmatec\",\"description\":\"Equipement de laboratoire et logiciels\",\"publisher\":{\"@id\":\"https:\\\/\\\/sysmatec.ch\\\/de\\\/#organization\"},\"potentialAction\":[{\"@type\":\"SearchAction\",\"target\":{\"@type\":\"EntryPoint\",\"urlTemplate\":\"https:\\\/\\\/sysmatec.ch\\\/de\\\/?s={search_term_string}\"},\"query-input\":{\"@type\":\"PropertyValueSpecification\",\"valueRequired\":true,\"valueName\":\"search_term_string\"}}],\"inLanguage\":\"de\"},{\"@type\":\"Organization\",\"@id\":\"https:\\\/\\\/sysmatec.ch\\\/de\\\/#organization\",\"name\":\"Sysmatec\",\"url\":\"https:\\\/\\\/sysmatec.ch\\\/de\\\/\",\"logo\":{\"@type\":\"ImageObject\",\"inLanguage\":\"de\",\"@id\":\"https:\\\/\\\/sysmatec.ch\\\/de\\\/#\\\/schema\\\/logo\\\/image\\\/\",\"url\":\"https:\\\/\\\/sysmatec.ch\\\/wp-content\\\/uploads\\\/2018\\\/11\\\/LogoSysmatec.jpg\",\"contentUrl\":\"https:\\\/\\\/sysmatec.ch\\\/wp-content\\\/uploads\\\/2018\\\/11\\\/LogoSysmatec.jpg\",\"width\":301,\"height\":297,\"caption\":\"Sysmatec\"},\"image\":{\"@id\":\"https:\\\/\\\/sysmatec.ch\\\/de\\\/#\\\/schema\\\/logo\\\/image\\\/\"}}]}<\/script>\n<!-- \/ Yoast SEO plugin. -->","yoast_head_json":{"title":"Sauerstoff OXYPro\u00ae Sonde mit 4-20 mA Ausgang - Sysmatec","description":"Sauerstoffmesssonde bestehend aus einem optischen Sensor und einem elektrooptischen Modul. Es hat einen 4-20 mA Ausgang.","robots":{"index":"index","follow":"follow","max-snippet":"max-snippet:-1","max-image-preview":"max-image-preview:large","max-video-preview":"max-video-preview:-1"},"canonical":"https:\/\/sysmatec.ch\/de\/produit\/sauerstoff-oxypro-sonde-mit-4-20-ma-ausgang\/","og_locale":"de_DE","og_type":"article","og_title":"Sauerstoff OXYPro\u00ae Sonde mit 4-20 mA Ausgang - Sysmatec","og_description":"Sauerstoffmesssonde bestehend aus einem optischen Sensor und einem elektrooptischen Modul. Es hat einen 4-20 mA Ausgang.","og_url":"https:\/\/sysmatec.ch\/de\/produit\/sauerstoff-oxypro-sonde-mit-4-20-ma-ausgang\/","og_site_name":"Sysmatec","article_modified_time":"2021-12-30T08:29:43+00:00","og_image":[{"width":192,"height":191,"url":"https:\/\/sysmatec.ch\/wp-content\/uploads\/2019\/06\/Oxygene_PresensOXYPRO.jpg","type":"image\/jpeg"}],"twitter_card":"summary_large_image","twitter_misc":{"Gesch\u00e4tzte Lesezeit":"2\u00a0Minuten"},"schema":{"@context":"https:\/\/schema.org","@graph":[{"@type":"WebPage","@id":"https:\/\/sysmatec.ch\/de\/produit\/sauerstoff-oxypro-sonde-mit-4-20-ma-ausgang\/","url":"https:\/\/sysmatec.ch\/de\/produit\/sauerstoff-oxypro-sonde-mit-4-20-ma-ausgang\/","name":"Sauerstoff OXYPro\u00ae Sonde mit 4-20 mA Ausgang - Sysmatec","isPartOf":{"@id":"https:\/\/sysmatec.ch\/de\/#website"},"primaryImageOfPage":{"@id":"https:\/\/sysmatec.ch\/de\/produit\/sauerstoff-oxypro-sonde-mit-4-20-ma-ausgang\/#primaryimage"},"image":{"@id":"https:\/\/sysmatec.ch\/de\/produit\/sauerstoff-oxypro-sonde-mit-4-20-ma-ausgang\/#primaryimage"},"thumbnailUrl":"https:\/\/sysmatec.ch\/wp-content\/uploads\/2019\/06\/Oxygene_PresensOXYPRO.jpg","datePublished":"2019-06-24T15:39:44+00:00","dateModified":"2021-12-30T08:29:43+00:00","description":"Sauerstoffmesssonde bestehend aus einem optischen Sensor und einem elektrooptischen Modul. Es hat einen 4-20 mA Ausgang.","breadcrumb":{"@id":"https:\/\/sysmatec.ch\/de\/produit\/sauerstoff-oxypro-sonde-mit-4-20-ma-ausgang\/#breadcrumb"},"inLanguage":"de","potentialAction":[{"@type":"ReadAction","target":["https:\/\/sysmatec.ch\/de\/produit\/sauerstoff-oxypro-sonde-mit-4-20-ma-ausgang\/"]}]},{"@type":"ImageObject","inLanguage":"de","@id":"https:\/\/sysmatec.ch\/de\/produit\/sauerstoff-oxypro-sonde-mit-4-20-ma-ausgang\/#primaryimage","url":"https:\/\/sysmatec.ch\/wp-content\/uploads\/2019\/06\/Oxygene_PresensOXYPRO.jpg","contentUrl":"https:\/\/sysmatec.ch\/wp-content\/uploads\/2019\/06\/Oxygene_PresensOXYPRO.jpg","width":192,"height":191},{"@type":"BreadcrumbList","@id":"https:\/\/sysmatec.ch\/de\/produit\/sauerstoff-oxypro-sonde-mit-4-20-ma-ausgang\/#breadcrumb","itemListElement":[{"@type":"ListItem","position":1,"name":"Accueil","item":"https:\/\/sysmatec.ch\/de\/"},{"@type":"ListItem","position":2,"name":"Die Aktivit\u00e4t von Sysmatec","item":"https:\/\/sysmatec.ch\/de\/"},{"@type":"ListItem","position":3,"name":"Sauerstoff OXYPro\u00ae Sonde mit 4-20 mA Ausgang"}]},{"@type":"WebSite","@id":"https:\/\/sysmatec.ch\/de\/#website","url":"https:\/\/sysmatec.ch\/de\/","name":"Sysmatec","description":"Equipement de laboratoire et logiciels","publisher":{"@id":"https:\/\/sysmatec.ch\/de\/#organization"},"potentialAction":[{"@type":"SearchAction","target":{"@type":"EntryPoint","urlTemplate":"https:\/\/sysmatec.ch\/de\/?s={search_term_string}"},"query-input":{"@type":"PropertyValueSpecification","valueRequired":true,"valueName":"search_term_string"}}],"inLanguage":"de"},{"@type":"Organization","@id":"https:\/\/sysmatec.ch\/de\/#organization","name":"Sysmatec","url":"https:\/\/sysmatec.ch\/de\/","logo":{"@type":"ImageObject","inLanguage":"de","@id":"https:\/\/sysmatec.ch\/de\/#\/schema\/logo\/image\/","url":"https:\/\/sysmatec.ch\/wp-content\/uploads\/2018\/11\/LogoSysmatec.jpg","contentUrl":"https:\/\/sysmatec.ch\/wp-content\/uploads\/2018\/11\/LogoSysmatec.jpg","width":301,"height":297,"caption":"Sysmatec"},"image":{"@id":"https:\/\/sysmatec.ch\/de\/#\/schema\/logo\/image\/"}}]}},"_links":{"self":[{"href":"https:\/\/sysmatec.ch\/de\/wp-json\/wp\/v2\/product\/7364","targetHints":{"allow":["GET"]}}],"collection":[{"href":"https:\/\/sysmatec.ch\/de\/wp-json\/wp\/v2\/product"}],"about":[{"href":"https:\/\/sysmatec.ch\/de\/wp-json\/wp\/v2\/types\/product"}],"wp:featuredmedia":[{"embeddable":true,"href":"https:\/\/sysmatec.ch\/de\/wp-json\/wp\/v2\/media\/7354"}],"wp:attachment":[{"href":"https:\/\/sysmatec.ch\/de\/wp-json\/wp\/v2\/media?parent=7364"}],"wp:term":[{"taxonomy":"product_brand","embeddable":true,"href":"https:\/\/sysmatec.ch\/de\/wp-json\/wp\/v2\/product_brand?post=7364"},{"taxonomy":"product_cat","embeddable":true,"href":"https:\/\/sysmatec.ch\/de\/wp-json\/wp\/v2\/product_cat?post=7364"},{"taxonomy":"product_tag","embeddable":true,"href":"https:\/\/sysmatec.ch\/de\/wp-json\/wp\/v2\/product_tag?post=7364"}],"curies":[{"name":"wp","href":"https:\/\/api.w.org\/{rel}","templated":true}]}}