{"id":7360,"date":"2019-06-24T17:42:06","date_gmt":"2019-06-24T15:42:06","guid":{"rendered":"https:\/\/sysmatec.ch\/produit\/sonde-oxygene-oxybase-avec-sortie-4-20-ma-ref-wr-rs485-ao\/"},"modified":"2021-12-30T09:24:48","modified_gmt":"2021-12-30T08:24:48","slug":"oxybase-sauerstoffsonde-mit-4-20-ma-ausgang-ref-wr-rs485-ao","status":"publish","type":"product","link":"https:\/\/sysmatec.ch\/de\/Produkt\/oxybase-sauerstoffsonde-mit-4-20-ma-ausgang-ref-wr-rs485-ao\/","title":{"rendered":"OXYBASE\u00ae Sauerstoffsonde mit 4-20 mA Ausgang (Ref WR-RS485-AO)"},"content":{"rendered":"<p>Dieser Sauerstoffsensor kombiniert einen optischen Sensor PSt3 und ein elektrooptisches Modul in demselben K\u00f6rper. Der Sensor hat einen maximalen Messbereich von 0 bis 100% O2 und eine Nachweisgrenze von 0.03% O2 \u200b\u200b\/ 20 ppb. Da es wasserdicht ist, ist diese Sonde ideal f\u00fcr Messungen in Aquakultur- oder Umweltforschungsprojekten. OXYBase\u00ae ist direkt mit der Steuereinheit verbunden, verwendet eine RS485 als digitale Schnittstelle (propriet\u00e4r von PreSens) und verf\u00fcgt \u00fcber einen 4-20 mA Analogausgang. Ein serielles Kommunikationsprotokoll wird f\u00fcr den Austausch von Daten zwischen der OXYBase\u00ae und einem PC oder einer anderen Host-Einheit vorgeschlagen. F\u00fcr die Inbetriebnahme und Einstellung des 4-20 mA-Ausgangs kann die PreSens EOM-STS-Software verwendet werden. Die Sonde ist mit verschiedenen Kabell\u00e4ngen erh\u00e4ltlich und ihr Sensor ist in einer abnehmbaren Sensorkappe (OEC) integriert, die einfach ausgetauscht werden kann. Diese Austauschstecker sind in verschiedenen Versionen f\u00fcr bestimmte Anforderungen erh\u00e4ltlich (schnelle Reaktionszeit, sichere Anwendungen f\u00fcr Lebensmittelanwendungen, aggressive Umgebungen, kompatibel mit USP Class VI). Der Sensor ist nicht autoklavierbar.<\/p>\n<table border=\"1\" width=\"673\" cellspacing=\"2\" cellpadding=\"0\">\n<tbody>\n<tr>\n<td><\/td>\n<td>Gas oder gel\u00f6ste O2<\/td>\n<td>Gel\u00f6ste O2<\/td>\n<\/tr>\n<tr>\n<td>Messbereich<\/td>\n<td>0 &#8211; 100 % Vol. O2, 0 &#8211; 500 hPa<\/td>\n<td>0 &#8211; 45 mg\/L<\/td>\n<\/tr>\n<tr>\n<td>Detektionsgrenze<\/td>\n<td>0.03 % O2, 0.3 hPa<\/td>\n<td>0.020 mg\/L<\/td>\n<\/tr>\n<tr>\n<td>Aufl\u00f6sung<\/td>\n<td>0.1 % O2 bei 20.9 % O2<\/td>\n<td>0.04 mg\/L bei 9 mg\/L<\/td>\n<\/tr>\n<tr>\n<td>Antwortzeit (t90)<\/td>\n<td>&lt; 10 sec.<\/td>\n<td>&lt; 30 sec.<\/td>\n<\/tr>\n<tr>\n<td>Kompatibilit\u00e4t<\/td>\n<td colspan=\"2\">W\u00e4ssrige L\u00f6sungen, Ethanol, Methanol, ClO2-haltige Reinigungsmittel bei Raumtemperatur<\/td>\n<\/tr>\n<tr>\n<td>Keine Querempfindlichkeit gegen\u00fcber<\/td>\n<td colspan=\"2\">pH 1 &#8211; 14, CO2, H2S, SO2, Ionen<\/td>\n<\/tr>\n<tr>\n<td>Querempfindlichkeit mit<\/td>\n<td colspan=\"2\">Organische L\u00f6sungsmittel wie Aceton, Toluol, Chloroform oder Methylenchlorid, Chlorgas<\/td>\n<\/tr>\n<tr>\n<td>Betriebstemperaturbereich<\/td>\n<td colspan=\"2\">Optimal: 0 \u00b0C bis + 40 \u00b0C, Max.: &#8211; 10 \u00b0C bis + 70 \u00b0C<\/td>\n<\/tr>\n<tr>\n<td>Temperature sensor<\/td>\n<td colspan=\"2\">NTC<\/td>\n<\/tr>\n<tr>\n<td>Temperaturgenauigkeit<\/td>\n<td colspan=\"2\">&lt;1 \u00b0C<\/td>\n<\/tr>\n<tr>\n<td>Stromspeisung<\/td>\n<td colspan=\"2\">7 &#8211; 30 V<\/td>\n<\/tr>\n<tr>\n<td>Stromverbrauch<\/td>\n<td colspan=\"2\">1 W<\/td>\n<\/tr>\n<tr>\n<td>Masse<\/td>\n<td colspan=\"2\">Sondenl\u00e4nge: 135 mm, Durchmesser: 12 mm; verschiedene Kabell\u00e4ngen<\/td>\n<\/tr>\n<tr>\n<td>Analoger Ausgang<\/td>\n<td>4 &#8211; 20 mA<\/td>\n<\/tr>\n<\/tbody>\n<\/table>\n","protected":false},"excerpt":{"rendered":"<p>Sauerstoffsonde mit 4-20 mA Ausgang<\/p>\n","protected":false},"featured_media":7357,"template":"","meta":{"_crdt_document":""},"product_brand":[],"product_cat":[180,246],"product_tag":[],"class_list":{"0":"post-7360","1":"product","2":"type-product","3":"status-publish","4":"has-post-thumbnail","6":"product_cat-messung","7":"product_cat-sauerstoff","9":"first","10":"instock","11":"taxable","12":"shipping-taxable","13":"product-type-simple"},"yoast_head":"<!-- This site is optimized with the Yoast SEO plugin v27.3 - https:\/\/yoast.com\/product\/yoast-seo-wordpress\/ -->\n<title>OXYBASE\u00ae Sauerstoffsonde mit 4-20 mA Ausgang (Ref WR-RS485-AO) - Sysmatec<\/title>\n<meta name=\"description\" content=\"Sauerstoffmesssonde bestehend aus einem optischen Sensor und einem elektrooptischen Modul. Es hat einen 4-20 mA- oder RS485-Ausgang.\" \/>\n<meta name=\"robots\" content=\"index, follow, max-snippet:-1, max-image-preview:large, max-video-preview:-1\" \/>\n<link rel=\"canonical\" href=\"https:\/\/sysmatec.ch\/de\/produit\/oxybase-sauerstoffsonde-mit-4-20-ma-ausgang-ref-wr-rs485-ao\/\" \/>\n<meta property=\"og:locale\" content=\"de_DE\" \/>\n<meta property=\"og:type\" content=\"article\" \/>\n<meta property=\"og:title\" content=\"OXYBASE\u00ae Sauerstoffsonde mit 4-20 mA Ausgang (Ref WR-RS485-AO) - Sysmatec\" \/>\n<meta property=\"og:description\" content=\"Sauerstoffmesssonde bestehend aus einem optischen Sensor und einem elektrooptischen Modul. Es hat einen 4-20 mA- oder RS485-Ausgang.\" \/>\n<meta property=\"og:url\" content=\"https:\/\/sysmatec.ch\/de\/produit\/oxybase-sauerstoffsonde-mit-4-20-ma-ausgang-ref-wr-rs485-ao\/\" \/>\n<meta property=\"og:site_name\" content=\"Sysmatec\" \/>\n<meta property=\"article:modified_time\" content=\"2021-12-30T08:24:48+00:00\" \/>\n<meta property=\"og:image\" content=\"https:\/\/sysmatec.ch\/wp-content\/uploads\/2019\/06\/Oyxgene_PresensOXYBASE.jpg\" \/>\n\t<meta property=\"og:image:width\" content=\"191\" \/>\n\t<meta property=\"og:image:height\" content=\"191\" \/>\n\t<meta property=\"og:image:type\" content=\"image\/jpeg\" \/>\n<meta name=\"twitter:card\" content=\"summary_large_image\" \/>\n<meta name=\"twitter:label1\" content=\"Gesch\u00e4tzte Lesezeit\" \/>\n\t<meta name=\"twitter:data1\" content=\"1\u00a0Minute\" \/>\n<script type=\"application\/ld+json\" class=\"yoast-schema-graph\">{\"@context\":\"https:\\\/\\\/schema.org\",\"@graph\":[{\"@type\":\"WebPage\",\"@id\":\"https:\\\/\\\/sysmatec.ch\\\/de\\\/produit\\\/oxybase-sauerstoffsonde-mit-4-20-ma-ausgang-ref-wr-rs485-ao\\\/\",\"url\":\"https:\\\/\\\/sysmatec.ch\\\/de\\\/produit\\\/oxybase-sauerstoffsonde-mit-4-20-ma-ausgang-ref-wr-rs485-ao\\\/\",\"name\":\"OXYBASE\u00ae Sauerstoffsonde mit 4-20 mA Ausgang (Ref WR-RS485-AO) - Sysmatec\",\"isPartOf\":{\"@id\":\"https:\\\/\\\/sysmatec.ch\\\/de\\\/#website\"},\"primaryImageOfPage\":{\"@id\":\"https:\\\/\\\/sysmatec.ch\\\/de\\\/produit\\\/oxybase-sauerstoffsonde-mit-4-20-ma-ausgang-ref-wr-rs485-ao\\\/#primaryimage\"},\"image\":{\"@id\":\"https:\\\/\\\/sysmatec.ch\\\/de\\\/produit\\\/oxybase-sauerstoffsonde-mit-4-20-ma-ausgang-ref-wr-rs485-ao\\\/#primaryimage\"},\"thumbnailUrl\":\"https:\\\/\\\/sysmatec.ch\\\/wp-content\\\/uploads\\\/2019\\\/06\\\/Oyxgene_PresensOXYBASE.jpg\",\"datePublished\":\"2019-06-24T15:42:06+00:00\",\"dateModified\":\"2021-12-30T08:24:48+00:00\",\"description\":\"Sauerstoffmesssonde bestehend aus einem optischen Sensor und einem elektrooptischen Modul. Es hat einen 4-20 mA- oder RS485-Ausgang.\",\"breadcrumb\":{\"@id\":\"https:\\\/\\\/sysmatec.ch\\\/de\\\/produit\\\/oxybase-sauerstoffsonde-mit-4-20-ma-ausgang-ref-wr-rs485-ao\\\/#breadcrumb\"},\"inLanguage\":\"de\",\"potentialAction\":[{\"@type\":\"ReadAction\",\"target\":[\"https:\\\/\\\/sysmatec.ch\\\/de\\\/produit\\\/oxybase-sauerstoffsonde-mit-4-20-ma-ausgang-ref-wr-rs485-ao\\\/\"]}]},{\"@type\":\"ImageObject\",\"inLanguage\":\"de\",\"@id\":\"https:\\\/\\\/sysmatec.ch\\\/de\\\/produit\\\/oxybase-sauerstoffsonde-mit-4-20-ma-ausgang-ref-wr-rs485-ao\\\/#primaryimage\",\"url\":\"https:\\\/\\\/sysmatec.ch\\\/wp-content\\\/uploads\\\/2019\\\/06\\\/Oyxgene_PresensOXYBASE.jpg\",\"contentUrl\":\"https:\\\/\\\/sysmatec.ch\\\/wp-content\\\/uploads\\\/2019\\\/06\\\/Oyxgene_PresensOXYBASE.jpg\",\"width\":191,\"height\":191},{\"@type\":\"BreadcrumbList\",\"@id\":\"https:\\\/\\\/sysmatec.ch\\\/de\\\/produit\\\/oxybase-sauerstoffsonde-mit-4-20-ma-ausgang-ref-wr-rs485-ao\\\/#breadcrumb\",\"itemListElement\":[{\"@type\":\"ListItem\",\"position\":1,\"name\":\"Accueil\",\"item\":\"https:\\\/\\\/sysmatec.ch\\\/de\\\/\"},{\"@type\":\"ListItem\",\"position\":2,\"name\":\"Die Aktivit\u00e4t von Sysmatec\",\"item\":\"https:\\\/\\\/sysmatec.ch\\\/de\\\/\"},{\"@type\":\"ListItem\",\"position\":3,\"name\":\"OXYBASE\u00ae Sauerstoffsonde mit 4-20 mA Ausgang (Ref WR-RS485-AO)\"}]},{\"@type\":\"WebSite\",\"@id\":\"https:\\\/\\\/sysmatec.ch\\\/de\\\/#website\",\"url\":\"https:\\\/\\\/sysmatec.ch\\\/de\\\/\",\"name\":\"Sysmatec\",\"description\":\"Equipement de laboratoire et logiciels\",\"publisher\":{\"@id\":\"https:\\\/\\\/sysmatec.ch\\\/de\\\/#organization\"},\"potentialAction\":[{\"@type\":\"SearchAction\",\"target\":{\"@type\":\"EntryPoint\",\"urlTemplate\":\"https:\\\/\\\/sysmatec.ch\\\/de\\\/?s={search_term_string}\"},\"query-input\":{\"@type\":\"PropertyValueSpecification\",\"valueRequired\":true,\"valueName\":\"search_term_string\"}}],\"inLanguage\":\"de\"},{\"@type\":\"Organization\",\"@id\":\"https:\\\/\\\/sysmatec.ch\\\/de\\\/#organization\",\"name\":\"Sysmatec\",\"url\":\"https:\\\/\\\/sysmatec.ch\\\/de\\\/\",\"logo\":{\"@type\":\"ImageObject\",\"inLanguage\":\"de\",\"@id\":\"https:\\\/\\\/sysmatec.ch\\\/de\\\/#\\\/schema\\\/logo\\\/image\\\/\",\"url\":\"https:\\\/\\\/sysmatec.ch\\\/wp-content\\\/uploads\\\/2018\\\/11\\\/LogoSysmatec.jpg\",\"contentUrl\":\"https:\\\/\\\/sysmatec.ch\\\/wp-content\\\/uploads\\\/2018\\\/11\\\/LogoSysmatec.jpg\",\"width\":301,\"height\":297,\"caption\":\"Sysmatec\"},\"image\":{\"@id\":\"https:\\\/\\\/sysmatec.ch\\\/de\\\/#\\\/schema\\\/logo\\\/image\\\/\"}}]}<\/script>\n<!-- \/ Yoast SEO plugin. -->","yoast_head_json":{"title":"OXYBASE\u00ae Sauerstoffsonde mit 4-20 mA Ausgang (Ref WR-RS485-AO) - Sysmatec","description":"Sauerstoffmesssonde bestehend aus einem optischen Sensor und einem elektrooptischen Modul. Es hat einen 4-20 mA- oder RS485-Ausgang.","robots":{"index":"index","follow":"follow","max-snippet":"max-snippet:-1","max-image-preview":"max-image-preview:large","max-video-preview":"max-video-preview:-1"},"canonical":"https:\/\/sysmatec.ch\/de\/produit\/oxybase-sauerstoffsonde-mit-4-20-ma-ausgang-ref-wr-rs485-ao\/","og_locale":"de_DE","og_type":"article","og_title":"OXYBASE\u00ae Sauerstoffsonde mit 4-20 mA Ausgang (Ref WR-RS485-AO) - Sysmatec","og_description":"Sauerstoffmesssonde bestehend aus einem optischen Sensor und einem elektrooptischen Modul. Es hat einen 4-20 mA- oder RS485-Ausgang.","og_url":"https:\/\/sysmatec.ch\/de\/produit\/oxybase-sauerstoffsonde-mit-4-20-ma-ausgang-ref-wr-rs485-ao\/","og_site_name":"Sysmatec","article_modified_time":"2021-12-30T08:24:48+00:00","og_image":[{"width":191,"height":191,"url":"https:\/\/sysmatec.ch\/wp-content\/uploads\/2019\/06\/Oyxgene_PresensOXYBASE.jpg","type":"image\/jpeg"}],"twitter_card":"summary_large_image","twitter_misc":{"Gesch\u00e4tzte Lesezeit":"1\u00a0Minute"},"schema":{"@context":"https:\/\/schema.org","@graph":[{"@type":"WebPage","@id":"https:\/\/sysmatec.ch\/de\/produit\/oxybase-sauerstoffsonde-mit-4-20-ma-ausgang-ref-wr-rs485-ao\/","url":"https:\/\/sysmatec.ch\/de\/produit\/oxybase-sauerstoffsonde-mit-4-20-ma-ausgang-ref-wr-rs485-ao\/","name":"OXYBASE\u00ae Sauerstoffsonde mit 4-20 mA Ausgang (Ref WR-RS485-AO) - Sysmatec","isPartOf":{"@id":"https:\/\/sysmatec.ch\/de\/#website"},"primaryImageOfPage":{"@id":"https:\/\/sysmatec.ch\/de\/produit\/oxybase-sauerstoffsonde-mit-4-20-ma-ausgang-ref-wr-rs485-ao\/#primaryimage"},"image":{"@id":"https:\/\/sysmatec.ch\/de\/produit\/oxybase-sauerstoffsonde-mit-4-20-ma-ausgang-ref-wr-rs485-ao\/#primaryimage"},"thumbnailUrl":"https:\/\/sysmatec.ch\/wp-content\/uploads\/2019\/06\/Oyxgene_PresensOXYBASE.jpg","datePublished":"2019-06-24T15:42:06+00:00","dateModified":"2021-12-30T08:24:48+00:00","description":"Sauerstoffmesssonde bestehend aus einem optischen Sensor und einem elektrooptischen Modul. Es hat einen 4-20 mA- oder RS485-Ausgang.","breadcrumb":{"@id":"https:\/\/sysmatec.ch\/de\/produit\/oxybase-sauerstoffsonde-mit-4-20-ma-ausgang-ref-wr-rs485-ao\/#breadcrumb"},"inLanguage":"de","potentialAction":[{"@type":"ReadAction","target":["https:\/\/sysmatec.ch\/de\/produit\/oxybase-sauerstoffsonde-mit-4-20-ma-ausgang-ref-wr-rs485-ao\/"]}]},{"@type":"ImageObject","inLanguage":"de","@id":"https:\/\/sysmatec.ch\/de\/produit\/oxybase-sauerstoffsonde-mit-4-20-ma-ausgang-ref-wr-rs485-ao\/#primaryimage","url":"https:\/\/sysmatec.ch\/wp-content\/uploads\/2019\/06\/Oyxgene_PresensOXYBASE.jpg","contentUrl":"https:\/\/sysmatec.ch\/wp-content\/uploads\/2019\/06\/Oyxgene_PresensOXYBASE.jpg","width":191,"height":191},{"@type":"BreadcrumbList","@id":"https:\/\/sysmatec.ch\/de\/produit\/oxybase-sauerstoffsonde-mit-4-20-ma-ausgang-ref-wr-rs485-ao\/#breadcrumb","itemListElement":[{"@type":"ListItem","position":1,"name":"Accueil","item":"https:\/\/sysmatec.ch\/de\/"},{"@type":"ListItem","position":2,"name":"Die Aktivit\u00e4t von Sysmatec","item":"https:\/\/sysmatec.ch\/de\/"},{"@type":"ListItem","position":3,"name":"OXYBASE\u00ae Sauerstoffsonde mit 4-20 mA Ausgang (Ref WR-RS485-AO)"}]},{"@type":"WebSite","@id":"https:\/\/sysmatec.ch\/de\/#website","url":"https:\/\/sysmatec.ch\/de\/","name":"Sysmatec","description":"Equipement de laboratoire et logiciels","publisher":{"@id":"https:\/\/sysmatec.ch\/de\/#organization"},"potentialAction":[{"@type":"SearchAction","target":{"@type":"EntryPoint","urlTemplate":"https:\/\/sysmatec.ch\/de\/?s={search_term_string}"},"query-input":{"@type":"PropertyValueSpecification","valueRequired":true,"valueName":"search_term_string"}}],"inLanguage":"de"},{"@type":"Organization","@id":"https:\/\/sysmatec.ch\/de\/#organization","name":"Sysmatec","url":"https:\/\/sysmatec.ch\/de\/","logo":{"@type":"ImageObject","inLanguage":"de","@id":"https:\/\/sysmatec.ch\/de\/#\/schema\/logo\/image\/","url":"https:\/\/sysmatec.ch\/wp-content\/uploads\/2018\/11\/LogoSysmatec.jpg","contentUrl":"https:\/\/sysmatec.ch\/wp-content\/uploads\/2018\/11\/LogoSysmatec.jpg","width":301,"height":297,"caption":"Sysmatec"},"image":{"@id":"https:\/\/sysmatec.ch\/de\/#\/schema\/logo\/image\/"}}]}},"_links":{"self":[{"href":"https:\/\/sysmatec.ch\/de\/wp-json\/wp\/v2\/product\/7360","targetHints":{"allow":["GET"]}}],"collection":[{"href":"https:\/\/sysmatec.ch\/de\/wp-json\/wp\/v2\/product"}],"about":[{"href":"https:\/\/sysmatec.ch\/de\/wp-json\/wp\/v2\/types\/product"}],"wp:featuredmedia":[{"embeddable":true,"href":"https:\/\/sysmatec.ch\/de\/wp-json\/wp\/v2\/media\/7357"}],"wp:attachment":[{"href":"https:\/\/sysmatec.ch\/de\/wp-json\/wp\/v2\/media?parent=7360"}],"wp:term":[{"taxonomy":"product_brand","embeddable":true,"href":"https:\/\/sysmatec.ch\/de\/wp-json\/wp\/v2\/product_brand?post=7360"},{"taxonomy":"product_cat","embeddable":true,"href":"https:\/\/sysmatec.ch\/de\/wp-json\/wp\/v2\/product_cat?post=7360"},{"taxonomy":"product_tag","embeddable":true,"href":"https:\/\/sysmatec.ch\/de\/wp-json\/wp\/v2\/product_tag?post=7360"}],"curies":[{"name":"wp","href":"https:\/\/api.w.org\/{rel}","templated":true}]}}